{"id":2533,"date":"2021-01-27T22:12:09","date_gmt":"2021-01-27T22:12:09","guid":{"rendered":"http:\/\/heartfailurematters.local:8888\/planera-framtiden\/"},"modified":"2026-02-10T13:20:13","modified_gmt":"2026-02-10T13:20:13","slug":"planera-framtiden","status":"publish","type":"page","link":"https:\/\/www.heartfailurematters.org\/sv\/for-anhorigvardare\/planera-framtiden\/","title":{"rendered":"Planering f\u00f6r framtiden"},"content":{"rendered":"<p>Du kanske drar dig f\u00f6r att tala med din partner eller dina anh\u00f6riga om vad man kan f\u00f6rv\u00e4nta sig i framtiden g\u00e4llande din h\u00e4lsa. De h\u00e4r \u00e4mnena kan vara oerh\u00f6rt sv\u00e5ra att ta upp, s\u00e4rskilt n\u00e4r du f\u00f6rs\u00f6ker vara positiv.<\/p>\n<p>Det \u00e4r dock mycket viktigt att du och din partner eller anh\u00f6rig f\u00f6rst\u00e5r att planering f\u00f6r framtiden inte \u00e4r samma sak som att ge upp. Att prata om och planera f\u00f6r framtiden hj\u00e4lper dig att ha viss kontroll \u00f6ver livsbeslut och din v\u00e5rd. \u00c4ven om det \u00e4r sv\u00e5rt att ta f\u00f6rsta steget s\u00e5 kan hanterandet av de h\u00e4r fr\u00e5gorna ge dig och din familj st\u00f6rre sinnesfrid, s\u00e5 att du kan fokusera din energi p\u00e5 att leva ett fullv\u00e4rdigt liv.<\/p>\n<p>Prata med din partner eller anh\u00f6rig om att skriva ett v\u00e5rddirektiv. Detta inneb\u00e4r att f\u00f6rbereda dokument som f\u00f6rklarar din partner eller anh\u00f6rigs \u00f6nskem\u00e5l vad g\u00e4ller medicinsk v\u00e5rd i framtiden, om han eller hon blir of\u00f6rm\u00f6gen att kommunicera. Klicka h\u00e4r f\u00f6r mer information om att planera f\u00f6r den sista tiden i din partners eller anh\u00f6rigs liv. Du kanske tycker att det h\u00e4r \u00e4ven \u00e4r ett bra tillf\u00e4lle att se till att ekonomiska fr\u00e5gor, t.ex. arv och livf\u00f6rs\u00e4kringar, \u00e4r i ordning.<\/p>\n<p>H\u00e4lso- och sjukv\u00e5rdspersonal spelar en viktig roll n\u00e4r det g\u00e4ller att planera f\u00f6r framtida v\u00e5rd. De kan hj\u00e4lpa till med att ge en \u00f6verblick \u00f6ver det framtida sjukdomsf\u00f6rloppet vid hj\u00e4rtsvikt och de situationer som personer med hj\u00e4rtsvikt kan st\u00e5 inf\u00f6r. Genom att ha dessa samtal kan du och din partner eller anh\u00f6rig f\u00e5 hj\u00e4lp att fatta v\u00e4lgrundade beslut om framtida v\u00e5rd, s\u00e4rskilt n\u00e4r det g\u00e4ller akutv\u00e5rd och v\u00e5rd i livets slutskede. H\u00e4lso- och sjukv\u00e5rdspersonal kan hj\u00e4lpa till att navigera komplexa beslut och processer som st\u00f6djer informerat beslutsfattande och kontroll \u00f6ver beslut och v\u00e5rd. Det h\u00e4r \u00e4r sv\u00e5ra fr\u00e5gor och att tala med h\u00e4lso- och sjukv\u00e5rdspersonal skulle ge dig v\u00e4rdefull r\u00e5dgivning.<\/p>\n<p>Du kan ocks\u00e5 be h\u00e4lso- och sjukv\u00e5rdpersonal om information eller resurser f\u00f6r att hj\u00e4lpa dig planera f\u00f6r framtiden.<\/p>\n<h3>Tillg\u00e4ngliga resurser:<\/h3>\n<p><a href=\"https:\/\/static1.squarespace.com\/static\/62416ca389785537abb9dea3\/t\/636cf08af9440d55f891f759\/1668083855521\/072175+-+Palliative+Care+Guide+.pdf\" target=\"_blank\" rel=\"noopener\">St\u00f6djande palliativ v\u00e5rd vid hj\u00e4rtsvikt &#8211; vad kan vara viktigt f\u00f6r dig.<\/a><\/p>\n<p><a href=\"https:\/\/static1.squarespace.com\/static\/62416ca389785537abb9dea3\/t\/6397111f009b9e4376c847c3\/1670844705657\/What+Matters+Meaningful+Conversation+Plan+%28SINGLE+PAGES%29.pdf\" target=\"_blank\" rel=\"noopener\">Vad \u00e4r viktigt f\u00f6r dig? Meningsfull samtalsplan.<\/a><\/p>\n<p>&nbsp;<\/p>\n","protected":false},"excerpt":{"rendered":"<p>Du kanske drar dig f\u00f6r att tala med din partner eller dina anh\u00f6riga om vad man kan f\u00f6rv\u00e4nta sig i framtiden g\u00e4llande din h\u00e4lsa. De h\u00e4r \u00e4mnena kan vara oerh\u00f6rt sv\u00e5ra att ta upp, s\u00e4rskilt n\u00e4r du f\u00f6rs\u00f6ker vara positiv. Det \u00e4r dock mycket viktigt att du och din partner eller anh\u00f6rig f\u00f6rst\u00e5r att planering [&hellip;]<\/p>\n","protected":false},"author":1,"featured_media":11069,"parent":2847,"menu_order":8,"comment_status":"open","ping_status":"closed","template":"","meta":{"_acf_changed":false,"footnotes":""},"categories":[88],"tags":[],"class_list":["post-2533","page","type-page","status-publish","has-post-thumbnail","hentry","category-for-caregivers-sv"],"acf":[],"yoast_head":"<!-- This site is optimized with the Yoast SEO plugin v24.8.1 - https:\/\/yoast.com\/wordpress\/plugins\/seo\/ -->\n<title>Planera inf\u00f6r framtiden med hj\u00e4rtsvikt<\/title>\n<meta name=\"description\" content=\"Fr\u00e5gor om framtiden f\u00f6r din h\u00e4lsa kan vara extremt sv\u00e5ra att ta upp, men det \u00e4r viktigt att diskutera dem f\u00f6r att effektivt planera f\u00f6r framtiden.\" \/>\n<meta name=\"robots\" content=\"index, follow, max-snippet:-1, max-image-preview:large, max-video-preview:-1\" \/>\n<link rel=\"canonical\" href=\"https:\/\/www.heartfailurematters.org\/sv\/for-anhorigvardare\/planera-framtiden\/\" \/>\n<meta property=\"og:locale\" content=\"sv_SE\" \/>\n<meta property=\"og:type\" content=\"article\" \/>\n<meta property=\"og:title\" content=\"Planera inf\u00f6r framtiden med hj\u00e4rtsvikt\" \/>\n<meta property=\"og:description\" content=\"Fr\u00e5gor om framtiden f\u00f6r din h\u00e4lsa kan vara extremt sv\u00e5ra att ta upp, men det \u00e4r viktigt att diskutera dem f\u00f6r att effektivt planera f\u00f6r framtiden.\" \/>\n<meta property=\"og:url\" content=\"https:\/\/www.heartfailurematters.org\/sv\/for-anhorigvardare\/planera-framtiden\/\" \/>\n<meta property=\"og:site_name\" content=\"Heart Failure Matters\" \/>\n<meta property=\"article:publisher\" content=\"https:\/\/www.facebook.com\/heartfailurematters\" \/>\n<meta property=\"article:modified_time\" content=\"2026-02-10T13:20:13+00:00\" \/>\n<meta property=\"og:image\" content=\"https:\/\/www.heartfailurematters.org\/wp-content\/uploads\/2022\/03\/shutterstock_1685261713-1-min.jpg\" \/>\n\t<meta property=\"og:image:width\" content=\"900\" \/>\n\t<meta property=\"og:image:height\" content=\"600\" \/>\n\t<meta property=\"og:image:type\" content=\"image\/jpeg\" \/>\n<meta name=\"twitter:card\" content=\"summary_large_image\" \/>\n<meta name=\"twitter:label1\" content=\"Ber\u00e4knad l\u00e4stid\" \/>\n\t<meta name=\"twitter:data1\" content=\"2 minuter\" \/>\n<script type=\"application\/ld+json\" class=\"yoast-schema-graph\">{\"@context\":\"https:\/\/schema.org\",\"@graph\":[{\"@type\":\"WebPage\",\"@id\":\"https:\/\/www.heartfailurematters.org\/sv\/for-anhorigvardare\/planera-framtiden\/\",\"url\":\"https:\/\/www.heartfailurematters.org\/sv\/for-anhorigvardare\/planera-framtiden\/\",\"name\":\"Planera inf\u00f6r framtiden med hj\u00e4rtsvikt\",\"isPartOf\":{\"@id\":\"https:\/\/www.heartfailurematters.org\/sv\/#website\"},\"primaryImageOfPage\":{\"@id\":\"https:\/\/www.heartfailurematters.org\/sv\/for-anhorigvardare\/planera-framtiden\/#primaryimage\"},\"image\":{\"@id\":\"https:\/\/www.heartfailurematters.org\/sv\/for-anhorigvardare\/planera-framtiden\/#primaryimage\"},\"thumbnailUrl\":\"https:\/\/www.heartfailurematters.org\/wp-content\/uploads\/2022\/03\/shutterstock_1685261713-1-min.jpg\",\"datePublished\":\"2021-01-27T22:12:09+00:00\",\"dateModified\":\"2026-02-10T13:20:13+00:00\",\"description\":\"Fr\u00e5gor om framtiden f\u00f6r din h\u00e4lsa kan vara extremt sv\u00e5ra att ta upp, men det \u00e4r viktigt att diskutera dem f\u00f6r att effektivt planera f\u00f6r framtiden.\",\"breadcrumb\":{\"@id\":\"https:\/\/www.heartfailurematters.org\/sv\/for-anhorigvardare\/planera-framtiden\/#breadcrumb\"},\"inLanguage\":\"sv-SE\",\"potentialAction\":[{\"@type\":\"ReadAction\",\"target\":[\"https:\/\/www.heartfailurematters.org\/sv\/for-anhorigvardare\/planera-framtiden\/\"]}]},{\"@type\":\"ImageObject\",\"inLanguage\":\"sv-SE\",\"@id\":\"https:\/\/www.heartfailurematters.org\/sv\/for-anhorigvardare\/planera-framtiden\/#primaryimage\",\"url\":\"https:\/\/www.heartfailurematters.org\/wp-content\/uploads\/2022\/03\/shutterstock_1685261713-1-min.jpg\",\"contentUrl\":\"https:\/\/www.heartfailurematters.org\/wp-content\/uploads\/2022\/03\/shutterstock_1685261713-1-min.jpg\",\"width\":900,\"height\":600},{\"@type\":\"BreadcrumbList\",\"@id\":\"https:\/\/www.heartfailurematters.org\/sv\/for-anhorigvardare\/planera-framtiden\/#breadcrumb\",\"itemListElement\":[{\"@type\":\"ListItem\",\"position\":1,\"name\":\"Hem\",\"item\":\"https:\/\/www.heartfailurematters.org\/sv\/\"},{\"@type\":\"ListItem\",\"position\":2,\"name\":\"F\u00f6r familj och anh\u00f6rigv\u00e5rdare\",\"item\":\"https:\/\/www.heartfailurematters.org\/sv\/for-anhorigvardare\/\"},{\"@type\":\"ListItem\",\"position\":3,\"name\":\"Planering f\u00f6r framtiden\"}]},{\"@type\":\"WebSite\",\"@id\":\"https:\/\/www.heartfailurematters.org\/sv\/#website\",\"url\":\"https:\/\/www.heartfailurematters.org\/sv\/\",\"name\":\"Heart Failure Matters\",\"description\":\"Practical information for patients, families and caregivers.\",\"publisher\":{\"@id\":\"https:\/\/www.heartfailurematters.org\/sv\/#organization\"},\"potentialAction\":[{\"@type\":\"SearchAction\",\"target\":{\"@type\":\"EntryPoint\",\"urlTemplate\":\"https:\/\/www.heartfailurematters.org\/sv\/?s={search_term_string}\"},\"query-input\":{\"@type\":\"PropertyValueSpecification\",\"valueRequired\":true,\"valueName\":\"search_term_string\"}}],\"inLanguage\":\"sv-SE\"},{\"@type\":\"Organization\",\"@id\":\"https:\/\/www.heartfailurematters.org\/sv\/#organization\",\"name\":\"Heart Failure Matters\",\"url\":\"https:\/\/www.heartfailurematters.org\/sv\/\",\"logo\":{\"@type\":\"ImageObject\",\"inLanguage\":\"sv-SE\",\"@id\":\"https:\/\/www.heartfailurematters.org\/sv\/#\/schema\/logo\/image\/\",\"url\":\"https:\/\/cdn-endpoint-hfm.azureedge.net\/heartfailurematters\/2024\/07\/hfm-logo1.jpg\",\"contentUrl\":\"https:\/\/cdn-endpoint-hfm.azureedge.net\/heartfailurematters\/2024\/07\/hfm-logo1.jpg\",\"width\":1280,\"height\":720,\"caption\":\"Heart Failure Matters\"},\"image\":{\"@id\":\"https:\/\/www.heartfailurematters.org\/sv\/#\/schema\/logo\/image\/\"},\"sameAs\":[\"https:\/\/www.facebook.com\/heartfailurematters\"]}]}<\/script>\n<!-- \/ Yoast SEO plugin. -->","yoast_head_json":{"title":"Planera inf\u00f6r framtiden med hj\u00e4rtsvikt","description":"Fr\u00e5gor om framtiden f\u00f6r din h\u00e4lsa kan vara extremt sv\u00e5ra att ta upp, men det \u00e4r viktigt att diskutera dem f\u00f6r att effektivt planera f\u00f6r framtiden.","robots":{"index":"index","follow":"follow","max-snippet":"max-snippet:-1","max-image-preview":"max-image-preview:large","max-video-preview":"max-video-preview:-1"},"canonical":"https:\/\/www.heartfailurematters.org\/sv\/for-anhorigvardare\/planera-framtiden\/","og_locale":"sv_SE","og_type":"article","og_title":"Planera inf\u00f6r framtiden med hj\u00e4rtsvikt","og_description":"Fr\u00e5gor om framtiden f\u00f6r din h\u00e4lsa kan vara extremt sv\u00e5ra att ta upp, men det \u00e4r viktigt att diskutera dem f\u00f6r att effektivt planera f\u00f6r framtiden.","og_url":"https:\/\/www.heartfailurematters.org\/sv\/for-anhorigvardare\/planera-framtiden\/","og_site_name":"Heart Failure Matters","article_publisher":"https:\/\/www.facebook.com\/heartfailurematters","article_modified_time":"2026-02-10T13:20:13+00:00","og_image":[{"width":900,"height":600,"url":"https:\/\/www.heartfailurematters.org\/wp-content\/uploads\/2022\/03\/shutterstock_1685261713-1-min.jpg","type":"image\/jpeg"}],"twitter_card":"summary_large_image","twitter_misc":{"Ber\u00e4knad l\u00e4stid":"2 minuter"},"schema":{"@context":"https:\/\/schema.org","@graph":[{"@type":"WebPage","@id":"https:\/\/www.heartfailurematters.org\/sv\/for-anhorigvardare\/planera-framtiden\/","url":"https:\/\/www.heartfailurematters.org\/sv\/for-anhorigvardare\/planera-framtiden\/","name":"Planera inf\u00f6r framtiden med hj\u00e4rtsvikt","isPartOf":{"@id":"https:\/\/www.heartfailurematters.org\/sv\/#website"},"primaryImageOfPage":{"@id":"https:\/\/www.heartfailurematters.org\/sv\/for-anhorigvardare\/planera-framtiden\/#primaryimage"},"image":{"@id":"https:\/\/www.heartfailurematters.org\/sv\/for-anhorigvardare\/planera-framtiden\/#primaryimage"},"thumbnailUrl":"https:\/\/www.heartfailurematters.org\/wp-content\/uploads\/2022\/03\/shutterstock_1685261713-1-min.jpg","datePublished":"2021-01-27T22:12:09+00:00","dateModified":"2026-02-10T13:20:13+00:00","description":"Fr\u00e5gor om framtiden f\u00f6r din h\u00e4lsa kan vara extremt sv\u00e5ra att ta upp, men det \u00e4r viktigt att diskutera dem f\u00f6r att effektivt planera f\u00f6r framtiden.","breadcrumb":{"@id":"https:\/\/www.heartfailurematters.org\/sv\/for-anhorigvardare\/planera-framtiden\/#breadcrumb"},"inLanguage":"sv-SE","potentialAction":[{"@type":"ReadAction","target":["https:\/\/www.heartfailurematters.org\/sv\/for-anhorigvardare\/planera-framtiden\/"]}]},{"@type":"ImageObject","inLanguage":"sv-SE","@id":"https:\/\/www.heartfailurematters.org\/sv\/for-anhorigvardare\/planera-framtiden\/#primaryimage","url":"https:\/\/www.heartfailurematters.org\/wp-content\/uploads\/2022\/03\/shutterstock_1685261713-1-min.jpg","contentUrl":"https:\/\/www.heartfailurematters.org\/wp-content\/uploads\/2022\/03\/shutterstock_1685261713-1-min.jpg","width":900,"height":600},{"@type":"BreadcrumbList","@id":"https:\/\/www.heartfailurematters.org\/sv\/for-anhorigvardare\/planera-framtiden\/#breadcrumb","itemListElement":[{"@type":"ListItem","position":1,"name":"Hem","item":"https:\/\/www.heartfailurematters.org\/sv\/"},{"@type":"ListItem","position":2,"name":"F\u00f6r familj och anh\u00f6rigv\u00e5rdare","item":"https:\/\/www.heartfailurematters.org\/sv\/for-anhorigvardare\/"},{"@type":"ListItem","position":3,"name":"Planering f\u00f6r framtiden"}]},{"@type":"WebSite","@id":"https:\/\/www.heartfailurematters.org\/sv\/#website","url":"https:\/\/www.heartfailurematters.org\/sv\/","name":"Heart Failure Matters","description":"Practical information for patients, families and caregivers.","publisher":{"@id":"https:\/\/www.heartfailurematters.org\/sv\/#organization"},"potentialAction":[{"@type":"SearchAction","target":{"@type":"EntryPoint","urlTemplate":"https:\/\/www.heartfailurematters.org\/sv\/?s={search_term_string}"},"query-input":{"@type":"PropertyValueSpecification","valueRequired":true,"valueName":"search_term_string"}}],"inLanguage":"sv-SE"},{"@type":"Organization","@id":"https:\/\/www.heartfailurematters.org\/sv\/#organization","name":"Heart Failure Matters","url":"https:\/\/www.heartfailurematters.org\/sv\/","logo":{"@type":"ImageObject","inLanguage":"sv-SE","@id":"https:\/\/www.heartfailurematters.org\/sv\/#\/schema\/logo\/image\/","url":"https:\/\/cdn-endpoint-hfm.azureedge.net\/heartfailurematters\/2024\/07\/hfm-logo1.jpg","contentUrl":"https:\/\/cdn-endpoint-hfm.azureedge.net\/heartfailurematters\/2024\/07\/hfm-logo1.jpg","width":1280,"height":720,"caption":"Heart Failure Matters"},"image":{"@id":"https:\/\/www.heartfailurematters.org\/sv\/#\/schema\/logo\/image\/"},"sameAs":["https:\/\/www.facebook.com\/heartfailurematters"]}]}},"_links":{"self":[{"href":"https:\/\/www.heartfailurematters.org\/sv\/wp-json\/wp\/v2\/pages\/2533","targetHints":{"allow":["GET"]}}],"collection":[{"href":"https:\/\/www.heartfailurematters.org\/sv\/wp-json\/wp\/v2\/pages"}],"about":[{"href":"https:\/\/www.heartfailurematters.org\/sv\/wp-json\/wp\/v2\/types\/page"}],"author":[{"embeddable":true,"href":"https:\/\/www.heartfailurematters.org\/sv\/wp-json\/wp\/v2\/users\/1"}],"replies":[{"embeddable":true,"href":"https:\/\/www.heartfailurematters.org\/sv\/wp-json\/wp\/v2\/comments?post=2533"}],"version-history":[{"count":2,"href":"https:\/\/www.heartfailurematters.org\/sv\/wp-json\/wp\/v2\/pages\/2533\/revisions"}],"predecessor-version":[{"id":13970,"href":"https:\/\/www.heartfailurematters.org\/sv\/wp-json\/wp\/v2\/pages\/2533\/revisions\/13970"}],"up":[{"embeddable":true,"href":"https:\/\/www.heartfailurematters.org\/sv\/wp-json\/wp\/v2\/pages\/2847"}],"wp:featuredmedia":[{"embeddable":true,"href":"https:\/\/www.heartfailurematters.org\/sv\/wp-json\/wp\/v2\/media\/11069"}],"wp:attachment":[{"href":"https:\/\/www.heartfailurematters.org\/sv\/wp-json\/wp\/v2\/media?parent=2533"}],"wp:term":[{"taxonomy":"category","embeddable":true,"href":"https:\/\/www.heartfailurematters.org\/sv\/wp-json\/wp\/v2\/categories?post=2533"},{"taxonomy":"post_tag","embeddable":true,"href":"https:\/\/www.heartfailurematters.org\/sv\/wp-json\/wp\/v2\/tags?post=2533"}],"curies":[{"name":"wp","href":"https:\/\/api.w.org\/{rel}","templated":true}]}}