{"id":2528,"date":"2021-01-27T22:12:09","date_gmt":"2021-01-27T22:12:09","guid":{"rendered":"http:\/\/heartfailurematters.local:8888\/depression-och-angest\/"},"modified":"2021-07-19T11:27:11","modified_gmt":"2021-07-19T10:27:11","slug":"depression-och-angest","status":"publish","type":"page","link":"https:\/\/www.heartfailurematters.org\/sv\/att-forsta-hjartsvikt\/depression-och-angest\/","title":{"rendered":"Depression och \u00e5ngest"},"content":{"rendered":"<p>Det \u00e4r mycket vanligt att m\u00e4nniskor med hj\u00e4rtsvikt k\u00e4nner sig deprimerade eller k\u00e4nner \u00e4ngslan eller \u00e5ngest.<\/p>\n<p>Hj\u00e4rtsvikt \u00e4r ett allvarligt tillst\u00e5nd och symtomen kan f\u00e5 dig att k\u00e4nna dig sliten och tr\u00f6tt. Dessutom kan andf\u00e5ddhet k\u00e4nnas obehagligt och f\u00e5 dig att k\u00e4nna \u00e4ngslan och \u00e5ngest. Symtomen kan hindra dig fr\u00e5n att delta i normala aktiviteter, vilket begr\u00e4nsar ditt sociala n\u00e4tverk. Du kan ocks\u00e5 bli beroende av hj\u00e4lp fr\u00e5n familj och v\u00e4nner, s\u00e5 att du kanske k\u00e4nner att du \u00e4r en b\u00f6rda f\u00f6r dem.<\/p>\n<p>Det \u00e4r viktigt att ha en positiv inst\u00e4llning eftersom vi vet att en positiv syn p\u00e5 att hantera ditt tillst\u00e5nd leder till en b\u00e4ttre livskvalitet. Om du har n\u00e5gra fr\u00e5gor, b\u00f6r du st\u00e4lla den till din sjuksk\u00f6terska eller l\u00e4kare. Forts\u00e4tt att ta de mediciner som ordinerats av din l\u00e4kare, de kommer att bidra till att lindra dina symtom s\u00e5 att du m\u00e5r b\u00e4ttre. Det finns mycket som du och din l\u00e4kare kan g\u00f6ra f\u00f6r att f\u00f6rb\u00e4ttra din livskvalitet. <a title=\"L\u00e4s mer om hur du handskas med dina k\u00e4nslor\" href=\"https:\/\/www.heartfailurematters.org\/sv\/att-leva-med-hjartsvikt\/dina-kanslor\/\">Klicka h\u00e4r <\/a>f\u00f6r att l\u00e4sa mer om hur du handskas med dina k\u00e4nslor och hanterar din hj\u00e4rtsvikt.<\/p>\n<p><a title=\"\u00c5terg\u00e5 till &quot;Symtom&quot;\" href=\"https:\/\/www.heartfailurematters.org\/sv\/att-forsta-hjartsvikt\/symtom-pa-hjartsvikt\/\">\u00c5terg\u00e5 till &#8221;Symtom&#8221;<\/a><\/p>\n","protected":false},"excerpt":{"rendered":"<p>Det \u00e4r mycket vanligt att m\u00e4nniskor med hj\u00e4rtsvikt k\u00e4nner sig deprimerade eller k\u00e4nner \u00e4ngslan eller \u00e5ngest. Hj\u00e4rtsvikt \u00e4r ett allvarligt tillst\u00e5nd och symtomen kan f\u00e5 dig att k\u00e4nna dig sliten och tr\u00f6tt. Dessutom kan andf\u00e5ddhet k\u00e4nnas obehagligt och f\u00e5 dig att k\u00e4nna \u00e4ngslan och \u00e5ngest. Symtomen kan hindra dig fr\u00e5n att delta i normala aktiviteter, [&hellip;]<\/p>\n","protected":false},"author":1,"featured_media":0,"parent":2421,"menu_order":0,"comment_status":"open","ping_status":"open","template":"","meta":{"_acf_changed":false,"footnotes":""},"categories":[],"tags":[],"class_list":["post-2528","page","type-page","status-publish","hentry"],"acf":[],"yoast_head":"<!-- This site is optimized with the Yoast SEO plugin v24.8.1 - https:\/\/yoast.com\/wordpress\/plugins\/seo\/ -->\n<title>Hantera depression, \u00e5ngest och hj\u00e4rtsvikt<\/title>\n<meta name=\"description\" content=\"Det \u00e4r inte ovanligt att m\u00e4nniskor med hj\u00e4rtsvikt k\u00e4nner sig deprimerade eller k\u00e4nner \u00e4ngslan eller \u00e5ngest. H\u00e4r hittar du n\u00e5gra tips som hj\u00e4lper dig att handskas med dina k\u00e4nslor\" \/>\n<meta name=\"robots\" content=\"index, follow, max-snippet:-1, max-image-preview:large, max-video-preview:-1\" \/>\n<link rel=\"canonical\" href=\"https:\/\/www.heartfailurematters.org\/sv\/att-forsta-hjartsvikt\/depression-och-angest\/\" \/>\n<meta property=\"og:locale\" content=\"sv_SE\" \/>\n<meta property=\"og:type\" content=\"article\" \/>\n<meta property=\"og:title\" content=\"Hantera depression, \u00e5ngest och hj\u00e4rtsvikt\" \/>\n<meta property=\"og:description\" content=\"Det \u00e4r inte ovanligt att m\u00e4nniskor med hj\u00e4rtsvikt k\u00e4nner sig deprimerade eller k\u00e4nner \u00e4ngslan eller \u00e5ngest. H\u00e4r hittar du n\u00e5gra tips som hj\u00e4lper dig att handskas med dina k\u00e4nslor\" \/>\n<meta property=\"og:url\" content=\"https:\/\/www.heartfailurematters.org\/sv\/att-forsta-hjartsvikt\/depression-och-angest\/\" \/>\n<meta property=\"og:site_name\" content=\"Heart Failure Matters\" \/>\n<meta property=\"article:publisher\" content=\"https:\/\/www.facebook.com\/heartfailurematters\" \/>\n<meta property=\"article:modified_time\" content=\"2021-07-19T10:27:11+00:00\" \/>\n<meta name=\"twitter:card\" content=\"summary_large_image\" \/>\n<meta name=\"twitter:label1\" content=\"Ber\u00e4knad l\u00e4stid\" \/>\n\t<meta name=\"twitter:data1\" content=\"1 minut\" \/>\n<script type=\"application\/ld+json\" class=\"yoast-schema-graph\">{\"@context\":\"https:\/\/schema.org\",\"@graph\":[{\"@type\":\"WebPage\",\"@id\":\"https:\/\/www.heartfailurematters.org\/sv\/att-forsta-hjartsvikt\/depression-och-angest\/\",\"url\":\"https:\/\/www.heartfailurematters.org\/sv\/att-forsta-hjartsvikt\/depression-och-angest\/\",\"name\":\"Hantera depression, \u00e5ngest och hj\u00e4rtsvikt\",\"isPartOf\":{\"@id\":\"https:\/\/www.heartfailurematters.org\/sv\/#website\"},\"datePublished\":\"2021-01-27T22:12:09+00:00\",\"dateModified\":\"2021-07-19T10:27:11+00:00\",\"description\":\"Det \u00e4r inte ovanligt att m\u00e4nniskor med hj\u00e4rtsvikt k\u00e4nner sig deprimerade eller k\u00e4nner \u00e4ngslan eller \u00e5ngest. H\u00e4r hittar du n\u00e5gra tips som hj\u00e4lper dig att handskas med dina k\u00e4nslor\",\"breadcrumb\":{\"@id\":\"https:\/\/www.heartfailurematters.org\/sv\/att-forsta-hjartsvikt\/depression-och-angest\/#breadcrumb\"},\"inLanguage\":\"sv-SE\",\"potentialAction\":[{\"@type\":\"ReadAction\",\"target\":[\"https:\/\/www.heartfailurematters.org\/sv\/att-forsta-hjartsvikt\/depression-och-angest\/\"]}]},{\"@type\":\"BreadcrumbList\",\"@id\":\"https:\/\/www.heartfailurematters.org\/sv\/att-forsta-hjartsvikt\/depression-och-angest\/#breadcrumb\",\"itemListElement\":[{\"@type\":\"ListItem\",\"position\":1,\"name\":\"Hem\",\"item\":\"https:\/\/www.heartfailurematters.org\/sv\/\"},{\"@type\":\"ListItem\",\"position\":2,\"name\":\"Att f\u00f6rst\u00e5 hj\u00e4rtsvikt\",\"item\":\"https:\/\/www.heartfailurematters.org\/sv\/att-forsta-hjartsvikt\/\"},{\"@type\":\"ListItem\",\"position\":3,\"name\":\"Depression och \u00e5ngest\"}]},{\"@type\":\"WebSite\",\"@id\":\"https:\/\/www.heartfailurematters.org\/sv\/#website\",\"url\":\"https:\/\/www.heartfailurematters.org\/sv\/\",\"name\":\"Heart Failure Matters\",\"description\":\"Practical information for patients, families and caregivers.\",\"publisher\":{\"@id\":\"https:\/\/www.heartfailurematters.org\/sv\/#organization\"},\"potentialAction\":[{\"@type\":\"SearchAction\",\"target\":{\"@type\":\"EntryPoint\",\"urlTemplate\":\"https:\/\/www.heartfailurematters.org\/sv\/?s={search_term_string}\"},\"query-input\":{\"@type\":\"PropertyValueSpecification\",\"valueRequired\":true,\"valueName\":\"search_term_string\"}}],\"inLanguage\":\"sv-SE\"},{\"@type\":\"Organization\",\"@id\":\"https:\/\/www.heartfailurematters.org\/sv\/#organization\",\"name\":\"Heart Failure Matters\",\"url\":\"https:\/\/www.heartfailurematters.org\/sv\/\",\"logo\":{\"@type\":\"ImageObject\",\"inLanguage\":\"sv-SE\",\"@id\":\"https:\/\/www.heartfailurematters.org\/sv\/#\/schema\/logo\/image\/\",\"url\":\"https:\/\/cdn-endpoint-hfm.azureedge.net\/heartfailurematters\/2024\/07\/hfm-logo1.jpg\",\"contentUrl\":\"https:\/\/cdn-endpoint-hfm.azureedge.net\/heartfailurematters\/2024\/07\/hfm-logo1.jpg\",\"width\":1280,\"height\":720,\"caption\":\"Heart Failure Matters\"},\"image\":{\"@id\":\"https:\/\/www.heartfailurematters.org\/sv\/#\/schema\/logo\/image\/\"},\"sameAs\":[\"https:\/\/www.facebook.com\/heartfailurematters\"]}]}<\/script>\n<!-- \/ Yoast SEO plugin. -->","yoast_head_json":{"title":"Hantera depression, \u00e5ngest och hj\u00e4rtsvikt","description":"Det \u00e4r inte ovanligt att m\u00e4nniskor med hj\u00e4rtsvikt k\u00e4nner sig deprimerade eller k\u00e4nner \u00e4ngslan eller \u00e5ngest. H\u00e4r hittar du n\u00e5gra tips som hj\u00e4lper dig att handskas med dina k\u00e4nslor","robots":{"index":"index","follow":"follow","max-snippet":"max-snippet:-1","max-image-preview":"max-image-preview:large","max-video-preview":"max-video-preview:-1"},"canonical":"https:\/\/www.heartfailurematters.org\/sv\/att-forsta-hjartsvikt\/depression-och-angest\/","og_locale":"sv_SE","og_type":"article","og_title":"Hantera depression, \u00e5ngest och hj\u00e4rtsvikt","og_description":"Det \u00e4r inte ovanligt att m\u00e4nniskor med hj\u00e4rtsvikt k\u00e4nner sig deprimerade eller k\u00e4nner \u00e4ngslan eller \u00e5ngest. H\u00e4r hittar du n\u00e5gra tips som hj\u00e4lper dig att handskas med dina k\u00e4nslor","og_url":"https:\/\/www.heartfailurematters.org\/sv\/att-forsta-hjartsvikt\/depression-och-angest\/","og_site_name":"Heart Failure Matters","article_publisher":"https:\/\/www.facebook.com\/heartfailurematters","article_modified_time":"2021-07-19T10:27:11+00:00","twitter_card":"summary_large_image","twitter_misc":{"Ber\u00e4knad l\u00e4stid":"1 minut"},"schema":{"@context":"https:\/\/schema.org","@graph":[{"@type":"WebPage","@id":"https:\/\/www.heartfailurematters.org\/sv\/att-forsta-hjartsvikt\/depression-och-angest\/","url":"https:\/\/www.heartfailurematters.org\/sv\/att-forsta-hjartsvikt\/depression-och-angest\/","name":"Hantera depression, \u00e5ngest och hj\u00e4rtsvikt","isPartOf":{"@id":"https:\/\/www.heartfailurematters.org\/sv\/#website"},"datePublished":"2021-01-27T22:12:09+00:00","dateModified":"2021-07-19T10:27:11+00:00","description":"Det \u00e4r inte ovanligt att m\u00e4nniskor med hj\u00e4rtsvikt k\u00e4nner sig deprimerade eller k\u00e4nner \u00e4ngslan eller \u00e5ngest. H\u00e4r hittar du n\u00e5gra tips som hj\u00e4lper dig att handskas med dina k\u00e4nslor","breadcrumb":{"@id":"https:\/\/www.heartfailurematters.org\/sv\/att-forsta-hjartsvikt\/depression-och-angest\/#breadcrumb"},"inLanguage":"sv-SE","potentialAction":[{"@type":"ReadAction","target":["https:\/\/www.heartfailurematters.org\/sv\/att-forsta-hjartsvikt\/depression-och-angest\/"]}]},{"@type":"BreadcrumbList","@id":"https:\/\/www.heartfailurematters.org\/sv\/att-forsta-hjartsvikt\/depression-och-angest\/#breadcrumb","itemListElement":[{"@type":"ListItem","position":1,"name":"Hem","item":"https:\/\/www.heartfailurematters.org\/sv\/"},{"@type":"ListItem","position":2,"name":"Att f\u00f6rst\u00e5 hj\u00e4rtsvikt","item":"https:\/\/www.heartfailurematters.org\/sv\/att-forsta-hjartsvikt\/"},{"@type":"ListItem","position":3,"name":"Depression och \u00e5ngest"}]},{"@type":"WebSite","@id":"https:\/\/www.heartfailurematters.org\/sv\/#website","url":"https:\/\/www.heartfailurematters.org\/sv\/","name":"Heart Failure Matters","description":"Practical information for patients, families and caregivers.","publisher":{"@id":"https:\/\/www.heartfailurematters.org\/sv\/#organization"},"potentialAction":[{"@type":"SearchAction","target":{"@type":"EntryPoint","urlTemplate":"https:\/\/www.heartfailurematters.org\/sv\/?s={search_term_string}"},"query-input":{"@type":"PropertyValueSpecification","valueRequired":true,"valueName":"search_term_string"}}],"inLanguage":"sv-SE"},{"@type":"Organization","@id":"https:\/\/www.heartfailurematters.org\/sv\/#organization","name":"Heart Failure Matters","url":"https:\/\/www.heartfailurematters.org\/sv\/","logo":{"@type":"ImageObject","inLanguage":"sv-SE","@id":"https:\/\/www.heartfailurematters.org\/sv\/#\/schema\/logo\/image\/","url":"https:\/\/cdn-endpoint-hfm.azureedge.net\/heartfailurematters\/2024\/07\/hfm-logo1.jpg","contentUrl":"https:\/\/cdn-endpoint-hfm.azureedge.net\/heartfailurematters\/2024\/07\/hfm-logo1.jpg","width":1280,"height":720,"caption":"Heart Failure Matters"},"image":{"@id":"https:\/\/www.heartfailurematters.org\/sv\/#\/schema\/logo\/image\/"},"sameAs":["https:\/\/www.facebook.com\/heartfailurematters"]}]}},"_links":{"self":[{"href":"https:\/\/www.heartfailurematters.org\/sv\/wp-json\/wp\/v2\/pages\/2528","targetHints":{"allow":["GET"]}}],"collection":[{"href":"https:\/\/www.heartfailurematters.org\/sv\/wp-json\/wp\/v2\/pages"}],"about":[{"href":"https:\/\/www.heartfailurematters.org\/sv\/wp-json\/wp\/v2\/types\/page"}],"author":[{"embeddable":true,"href":"https:\/\/www.heartfailurematters.org\/sv\/wp-json\/wp\/v2\/users\/1"}],"replies":[{"embeddable":true,"href":"https:\/\/www.heartfailurematters.org\/sv\/wp-json\/wp\/v2\/comments?post=2528"}],"version-history":[{"count":1,"href":"https:\/\/www.heartfailurematters.org\/sv\/wp-json\/wp\/v2\/pages\/2528\/revisions"}],"predecessor-version":[{"id":9546,"href":"https:\/\/www.heartfailurematters.org\/sv\/wp-json\/wp\/v2\/pages\/2528\/revisions\/9546"}],"up":[{"embeddable":true,"href":"https:\/\/www.heartfailurematters.org\/sv\/wp-json\/wp\/v2\/pages\/2421"}],"wp:attachment":[{"href":"https:\/\/www.heartfailurematters.org\/sv\/wp-json\/wp\/v2\/media?parent=2528"}],"wp:term":[{"taxonomy":"category","embeddable":true,"href":"https:\/\/www.heartfailurematters.org\/sv\/wp-json\/wp\/v2\/categories?post=2528"},{"taxonomy":"post_tag","embeddable":true,"href":"https:\/\/www.heartfailurematters.org\/sv\/wp-json\/wp\/v2\/tags?post=2528"}],"curies":[{"name":"wp","href":"https:\/\/api.w.org\/{rel}","templated":true}]}}