{"id":2527,"date":"2021-01-27T22:12:09","date_gmt":"2021-01-27T22:12:09","guid":{"rendered":"http:\/\/heartfailurematters.local:8888\/tips-som-gor-det-lattare-att-komma-ihag-att-ta-dina-mediciner\/"},"modified":"2021-01-27T22:12:09","modified_gmt":"2021-01-27T22:12:09","slug":"tips-som-gor-det-lattare-att-komma-ihag-att-ta-dina-mediciner","status":"publish","type":"page","link":"https:\/\/www.heartfailurematters.org\/sv\/vad-du-sjalv-kan-gora\/tips-som-gor-det-lattare-att-komma-ihag-att-ta-dina-mediciner\/","title":{"rendered":"Tips som g\u00f6r det l\u00e4ttare att komma ih\u00e5g att ta dina mediciner"},"content":{"rendered":"<p>&nbsp;<\/p>\n<h2>Varf&ouml;r du beh&ouml;ver ta dem<\/h2>\n<p>Det &auml;r viktigt att ta medicinerna f&ouml;r att f&aring; b&auml;sta m&ouml;jliga resultat av din behandling.<\/p>\n<h2>Tips och hj&auml;lpmedel f&ouml;r att komma ih&aring;g att ta dem<\/h2>\n<p>Du kanske uppt&auml;cker att du har blivit ordinerad flera l&auml;kemedel f&ouml;r hj&auml;rtsvikt och att du m&aring;ste ta dem vid olika tidpunkter p&aring; dagen. F&ouml;ljande tips och hj&auml;lpmedel kan hj&auml;lpa dig att komma ih&aring;g att ta dina mediciner vid r&auml;tt tidpunkt.<\/p>\n<ul>\n<li>S&auml;tt upp en tabell p&aring; v&auml;ggen med namnen p&aring; dina mediciner, dos, och den tid p&aring; dagen d&aring; du beh&ouml;ver ta dem.<\/li>\n<li>K&ouml;p en dosett som &auml;r m&auml;rkt med veckodagarna och tiderna p&aring; dygnet. Dessa finns att k&ouml;pa p&aring; apoteket. Fyll p&aring; dosetten b&ouml;rjan av veckan, det hj&auml;lper dig att h&aring;lla koll. Be en familjemedlem eller sjuksk&ouml;terska att kontrollera dosetten s&aring; att du vet att du har gjort r&auml;tt.<\/li>\n<li>St&auml;ll in ett larm, t.ex. p&aring; mobilen, f&ouml;r att p&aring;minna dig om att ett l&auml;kemedel m&aring;ste tas vid en viss tidpunkt.<\/li>\n<li>G&ouml;r familj och v&auml;nner medvetna om ditt medicineringsschema s&aring; att de kan p&aring;minna dig.<\/li>\n<li>Inf&ouml;r en vana eller rutin av att ta din medicin, f&ouml;r att hj&auml;lpa dig att komma ih&aring;g, t.ex. precis innan du borstar t&auml;nderna, eller innan du &auml;ter frukost eller middag.<\/li>\n<li>Kom ih&aring;g att ta med dig dina mediciner n&auml;r du l&auml;mnar hemmet, d&aring; kan du f&ouml;rs&auml;kra dig om att du tar dem i tid.<\/li>\n<li>Packa tillr&auml;ckligt med l&auml;kemedel n&auml;r du &aring;ker p&aring; semester &ndash; ha dem alltid i handbagaget.<\/li>\n<li>Best&auml;ll fler recept i god tid s&aring; att de aldrig tar slut.<\/li>\n<li>Om du har problem med att organisera dina tabletter kan du tala med apotekspersonalen eller din l&auml;kare. Vissa apotek tillhandah&aring;ller apodosf&ouml;rpackningar d&auml;r tabletterna redan &auml;r sorterade i dagsdoser.<\/li>\n<li>Om du &auml;r bunden till hemmet och har problem att ta tabletterna kan din l&auml;kare ordna s&aring; att en sjuksk&ouml;terska bes&ouml;ker dig och sorterar tabletterna i en doseringsask. Sjuksk&ouml;terskorna kanske kan ordna ett bes&ouml;k varje dag f&ouml;r att hj&auml;lpa dig att ta tabletterna &ndash; men denna service &auml;r vanligtvis endast tillg&auml;nglig om du inte kan ta tabletterna p&aring; n&aring;got annat s&auml;tt.<\/li>\n<\/ul>\n<h2>Andra recept och receptfria l&auml;kemedel<\/h2>\n<p>Vissa receptbelagda l&auml;kemedel kan v&auml;xelverka med dina tabletter och orsaka biverkningar om du tar dem tillsammans. Du m&aring;ste komma ih&aring;g att vissa l&auml;kemedel som du kan k&ouml;pa utan recept ocks&aring; kan v&auml;xelverka med dina hj&auml;rtsviktsmediciner. Se till att du kontrollerar med din l&auml;kare\/apotekspersonal innan du b&ouml;rjar ta n&aring;gra andra receptbelagda eller receptfria l&auml;kemedel.<\/p>\n<p><a title=\"&Aring;terg&aring; till &quot;Hur man hanterar sina l&auml;kemedel&quot;\" href=\"https:\/\/www.heartfailurematters.org\/sv\/vad-du-sjalv-kan-gora\/hur-man-hanterar-lakemedel\/\">&Aring;terg&aring; till &#8221;Hur man hanterar sina l&auml;kemedel&#8221;<\/a><\/p>\n","protected":false},"excerpt":{"rendered":"<p>&nbsp; Varf&ouml;r du beh&ouml;ver ta dem Det &auml;r viktigt att ta medicinerna f&ouml;r att f&aring; b&auml;sta m&ouml;jliga resultat av din behandling. Tips och hj&auml;lpmedel f&ouml;r att komma ih&aring;g att ta dem Du kanske uppt&auml;cker att du har blivit ordinerad flera l&auml;kemedel f&ouml;r hj&auml;rtsvikt och att du m&aring;ste ta dem vid olika tidpunkter p&aring; dagen. F&ouml;ljande [&hellip;]<\/p>\n","protected":false},"author":1,"featured_media":0,"parent":2721,"menu_order":0,"comment_status":"open","ping_status":"open","template":"","meta":{"_acf_changed":false,"footnotes":""},"categories":[],"tags":[],"class_list":["post-2527","page","type-page","status-publish","hentry"],"acf":[],"yoast_head":"<!-- This site is optimized with the Yoast SEO plugin v24.8.1 - https:\/\/yoast.com\/wordpress\/plugins\/seo\/ -->\n<title>Tips som g\u00f6r det l\u00e4ttare att komma ih\u00e5g att ta dina mediciner<\/title>\n<meta name=\"description\" content=\"Det \u00e4r viktigt att ta medicinerna f\u00f6r att f\u00e5 b\u00e4sta m\u00f6jliga resultat av din behandling. Ta reda p\u00e5 hur du kan p\u00e5minna dig sj\u00e4lv om att ta dina mediciner\" \/>\n<meta name=\"robots\" content=\"index, follow, max-snippet:-1, max-image-preview:large, max-video-preview:-1\" \/>\n<link rel=\"canonical\" href=\"https:\/\/www.heartfailurematters.org\/sv\/vad-du-sjalv-kan-gora\/tips-som-gor-det-lattare-att-komma-ihag-att-ta-dina-mediciner\/\" \/>\n<meta property=\"og:locale\" content=\"sv_SE\" \/>\n<meta property=\"og:type\" content=\"article\" \/>\n<meta property=\"og:title\" content=\"Tips som g\u00f6r det l\u00e4ttare att komma ih\u00e5g att ta dina mediciner\" \/>\n<meta property=\"og:description\" content=\"Det \u00e4r viktigt att ta medicinerna f\u00f6r att f\u00e5 b\u00e4sta m\u00f6jliga resultat av din behandling. Ta reda p\u00e5 hur du kan p\u00e5minna dig sj\u00e4lv om att ta dina mediciner\" \/>\n<meta property=\"og:url\" content=\"https:\/\/www.heartfailurematters.org\/sv\/vad-du-sjalv-kan-gora\/tips-som-gor-det-lattare-att-komma-ihag-att-ta-dina-mediciner\/\" \/>\n<meta property=\"og:site_name\" content=\"Heart Failure Matters\" \/>\n<meta property=\"article:publisher\" content=\"https:\/\/www.facebook.com\/heartfailurematters\" \/>\n<meta name=\"twitter:card\" content=\"summary_large_image\" \/>\n<meta name=\"twitter:label1\" content=\"Ber\u00e4knad l\u00e4stid\" \/>\n\t<meta name=\"twitter:data1\" content=\"3 minuter\" \/>\n<script type=\"application\/ld+json\" class=\"yoast-schema-graph\">{\"@context\":\"https:\/\/schema.org\",\"@graph\":[{\"@type\":\"WebPage\",\"@id\":\"https:\/\/www.heartfailurematters.org\/sv\/vad-du-sjalv-kan-gora\/tips-som-gor-det-lattare-att-komma-ihag-att-ta-dina-mediciner\/\",\"url\":\"https:\/\/www.heartfailurematters.org\/sv\/vad-du-sjalv-kan-gora\/tips-som-gor-det-lattare-att-komma-ihag-att-ta-dina-mediciner\/\",\"name\":\"Tips som g\u00f6r det l\u00e4ttare att komma ih\u00e5g att ta dina mediciner\",\"isPartOf\":{\"@id\":\"https:\/\/www.heartfailurematters.org\/sv\/#website\"},\"datePublished\":\"2021-01-27T22:12:09+00:00\",\"description\":\"Det \u00e4r viktigt att ta medicinerna f\u00f6r att f\u00e5 b\u00e4sta m\u00f6jliga resultat av din behandling. Ta reda p\u00e5 hur du kan p\u00e5minna dig sj\u00e4lv om att ta dina mediciner\",\"breadcrumb\":{\"@id\":\"https:\/\/www.heartfailurematters.org\/sv\/vad-du-sjalv-kan-gora\/tips-som-gor-det-lattare-att-komma-ihag-att-ta-dina-mediciner\/#breadcrumb\"},\"inLanguage\":\"sv-SE\",\"potentialAction\":[{\"@type\":\"ReadAction\",\"target\":[\"https:\/\/www.heartfailurematters.org\/sv\/vad-du-sjalv-kan-gora\/tips-som-gor-det-lattare-att-komma-ihag-att-ta-dina-mediciner\/\"]}]},{\"@type\":\"BreadcrumbList\",\"@id\":\"https:\/\/www.heartfailurematters.org\/sv\/vad-du-sjalv-kan-gora\/tips-som-gor-det-lattare-att-komma-ihag-att-ta-dina-mediciner\/#breadcrumb\",\"itemListElement\":[{\"@type\":\"ListItem\",\"position\":1,\"name\":\"Hem\",\"item\":\"https:\/\/www.heartfailurematters.org\/sv\/\"},{\"@type\":\"ListItem\",\"position\":2,\"name\":\"Vad du kan g\u00f6ra f\u00f6r att hantera din hj\u00e4rtsvikt\",\"item\":\"https:\/\/www.heartfailurematters.org\/sv\/vad-du-sjalv-kan-gora\/\"},{\"@type\":\"ListItem\",\"position\":3,\"name\":\"Tips som g\u00f6r det l\u00e4ttare att komma ih\u00e5g att ta dina mediciner\"}]},{\"@type\":\"WebSite\",\"@id\":\"https:\/\/www.heartfailurematters.org\/sv\/#website\",\"url\":\"https:\/\/www.heartfailurematters.org\/sv\/\",\"name\":\"Heart Failure Matters\",\"description\":\"Practical information for patients, families and caregivers.\",\"publisher\":{\"@id\":\"https:\/\/www.heartfailurematters.org\/sv\/#organization\"},\"potentialAction\":[{\"@type\":\"SearchAction\",\"target\":{\"@type\":\"EntryPoint\",\"urlTemplate\":\"https:\/\/www.heartfailurematters.org\/sv\/?s={search_term_string}\"},\"query-input\":{\"@type\":\"PropertyValueSpecification\",\"valueRequired\":true,\"valueName\":\"search_term_string\"}}],\"inLanguage\":\"sv-SE\"},{\"@type\":\"Organization\",\"@id\":\"https:\/\/www.heartfailurematters.org\/sv\/#organization\",\"name\":\"Heart Failure Matters\",\"url\":\"https:\/\/www.heartfailurematters.org\/sv\/\",\"logo\":{\"@type\":\"ImageObject\",\"inLanguage\":\"sv-SE\",\"@id\":\"https:\/\/www.heartfailurematters.org\/sv\/#\/schema\/logo\/image\/\",\"url\":\"https:\/\/cdn-endpoint-hfm.azureedge.net\/heartfailurematters\/2024\/07\/hfm-logo1.jpg\",\"contentUrl\":\"https:\/\/cdn-endpoint-hfm.azureedge.net\/heartfailurematters\/2024\/07\/hfm-logo1.jpg\",\"width\":1280,\"height\":720,\"caption\":\"Heart Failure Matters\"},\"image\":{\"@id\":\"https:\/\/www.heartfailurematters.org\/sv\/#\/schema\/logo\/image\/\"},\"sameAs\":[\"https:\/\/www.facebook.com\/heartfailurematters\"]}]}<\/script>\n<!-- \/ Yoast SEO plugin. -->","yoast_head_json":{"title":"Tips som g\u00f6r det l\u00e4ttare att komma ih\u00e5g att ta dina mediciner","description":"Det \u00e4r viktigt att ta medicinerna f\u00f6r att f\u00e5 b\u00e4sta m\u00f6jliga resultat av din behandling. Ta reda p\u00e5 hur du kan p\u00e5minna dig sj\u00e4lv om att ta dina mediciner","robots":{"index":"index","follow":"follow","max-snippet":"max-snippet:-1","max-image-preview":"max-image-preview:large","max-video-preview":"max-video-preview:-1"},"canonical":"https:\/\/www.heartfailurematters.org\/sv\/vad-du-sjalv-kan-gora\/tips-som-gor-det-lattare-att-komma-ihag-att-ta-dina-mediciner\/","og_locale":"sv_SE","og_type":"article","og_title":"Tips som g\u00f6r det l\u00e4ttare att komma ih\u00e5g att ta dina mediciner","og_description":"Det \u00e4r viktigt att ta medicinerna f\u00f6r att f\u00e5 b\u00e4sta m\u00f6jliga resultat av din behandling. Ta reda p\u00e5 hur du kan p\u00e5minna dig sj\u00e4lv om att ta dina mediciner","og_url":"https:\/\/www.heartfailurematters.org\/sv\/vad-du-sjalv-kan-gora\/tips-som-gor-det-lattare-att-komma-ihag-att-ta-dina-mediciner\/","og_site_name":"Heart Failure Matters","article_publisher":"https:\/\/www.facebook.com\/heartfailurematters","twitter_card":"summary_large_image","twitter_misc":{"Ber\u00e4knad l\u00e4stid":"3 minuter"},"schema":{"@context":"https:\/\/schema.org","@graph":[{"@type":"WebPage","@id":"https:\/\/www.heartfailurematters.org\/sv\/vad-du-sjalv-kan-gora\/tips-som-gor-det-lattare-att-komma-ihag-att-ta-dina-mediciner\/","url":"https:\/\/www.heartfailurematters.org\/sv\/vad-du-sjalv-kan-gora\/tips-som-gor-det-lattare-att-komma-ihag-att-ta-dina-mediciner\/","name":"Tips som g\u00f6r det l\u00e4ttare att komma ih\u00e5g att ta dina mediciner","isPartOf":{"@id":"https:\/\/www.heartfailurematters.org\/sv\/#website"},"datePublished":"2021-01-27T22:12:09+00:00","description":"Det \u00e4r viktigt att ta medicinerna f\u00f6r att f\u00e5 b\u00e4sta m\u00f6jliga resultat av din behandling. Ta reda p\u00e5 hur du kan p\u00e5minna dig sj\u00e4lv om att ta dina mediciner","breadcrumb":{"@id":"https:\/\/www.heartfailurematters.org\/sv\/vad-du-sjalv-kan-gora\/tips-som-gor-det-lattare-att-komma-ihag-att-ta-dina-mediciner\/#breadcrumb"},"inLanguage":"sv-SE","potentialAction":[{"@type":"ReadAction","target":["https:\/\/www.heartfailurematters.org\/sv\/vad-du-sjalv-kan-gora\/tips-som-gor-det-lattare-att-komma-ihag-att-ta-dina-mediciner\/"]}]},{"@type":"BreadcrumbList","@id":"https:\/\/www.heartfailurematters.org\/sv\/vad-du-sjalv-kan-gora\/tips-som-gor-det-lattare-att-komma-ihag-att-ta-dina-mediciner\/#breadcrumb","itemListElement":[{"@type":"ListItem","position":1,"name":"Hem","item":"https:\/\/www.heartfailurematters.org\/sv\/"},{"@type":"ListItem","position":2,"name":"Vad du kan g\u00f6ra f\u00f6r att hantera din hj\u00e4rtsvikt","item":"https:\/\/www.heartfailurematters.org\/sv\/vad-du-sjalv-kan-gora\/"},{"@type":"ListItem","position":3,"name":"Tips som g\u00f6r det l\u00e4ttare att komma ih\u00e5g att ta dina mediciner"}]},{"@type":"WebSite","@id":"https:\/\/www.heartfailurematters.org\/sv\/#website","url":"https:\/\/www.heartfailurematters.org\/sv\/","name":"Heart Failure Matters","description":"Practical information for patients, families and caregivers.","publisher":{"@id":"https:\/\/www.heartfailurematters.org\/sv\/#organization"},"potentialAction":[{"@type":"SearchAction","target":{"@type":"EntryPoint","urlTemplate":"https:\/\/www.heartfailurematters.org\/sv\/?s={search_term_string}"},"query-input":{"@type":"PropertyValueSpecification","valueRequired":true,"valueName":"search_term_string"}}],"inLanguage":"sv-SE"},{"@type":"Organization","@id":"https:\/\/www.heartfailurematters.org\/sv\/#organization","name":"Heart Failure Matters","url":"https:\/\/www.heartfailurematters.org\/sv\/","logo":{"@type":"ImageObject","inLanguage":"sv-SE","@id":"https:\/\/www.heartfailurematters.org\/sv\/#\/schema\/logo\/image\/","url":"https:\/\/cdn-endpoint-hfm.azureedge.net\/heartfailurematters\/2024\/07\/hfm-logo1.jpg","contentUrl":"https:\/\/cdn-endpoint-hfm.azureedge.net\/heartfailurematters\/2024\/07\/hfm-logo1.jpg","width":1280,"height":720,"caption":"Heart Failure Matters"},"image":{"@id":"https:\/\/www.heartfailurematters.org\/sv\/#\/schema\/logo\/image\/"},"sameAs":["https:\/\/www.facebook.com\/heartfailurematters"]}]}},"_links":{"self":[{"href":"https:\/\/www.heartfailurematters.org\/sv\/wp-json\/wp\/v2\/pages\/2527","targetHints":{"allow":["GET"]}}],"collection":[{"href":"https:\/\/www.heartfailurematters.org\/sv\/wp-json\/wp\/v2\/pages"}],"about":[{"href":"https:\/\/www.heartfailurematters.org\/sv\/wp-json\/wp\/v2\/types\/page"}],"author":[{"embeddable":true,"href":"https:\/\/www.heartfailurematters.org\/sv\/wp-json\/wp\/v2\/users\/1"}],"replies":[{"embeddable":true,"href":"https:\/\/www.heartfailurematters.org\/sv\/wp-json\/wp\/v2\/comments?post=2527"}],"version-history":[{"count":0,"href":"https:\/\/www.heartfailurematters.org\/sv\/wp-json\/wp\/v2\/pages\/2527\/revisions"}],"up":[{"embeddable":true,"href":"https:\/\/www.heartfailurematters.org\/sv\/wp-json\/wp\/v2\/pages\/2721"}],"wp:attachment":[{"href":"https:\/\/www.heartfailurematters.org\/sv\/wp-json\/wp\/v2\/media?parent=2527"}],"wp:term":[{"taxonomy":"category","embeddable":true,"href":"https:\/\/www.heartfailurematters.org\/sv\/wp-json\/wp\/v2\/categories?post=2527"},{"taxonomy":"post_tag","embeddable":true,"href":"https:\/\/www.heartfailurematters.org\/sv\/wp-json\/wp\/v2\/tags?post=2527"}],"curies":[{"name":"wp","href":"https:\/\/api.w.org\/{rel}","templated":true}]}}