{"id":2526,"date":"2021-01-27T22:12:09","date_gmt":"2021-01-27T22:12:09","guid":{"rendered":"http:\/\/heartfailurematters.local:8888\/medicinsk-historik-och-fysisk-undersokning\/"},"modified":"2021-02-16T12:09:45","modified_gmt":"2021-02-16T12:09:45","slug":"medicinsk-historik-och-fysisk-undersokning","status":"publish","type":"page","link":"https:\/\/www.heartfailurematters.org\/sv\/att-forsta-hjartsvikt\/medicinsk-historik-och-fysisk-undersokning\/","title":{"rendered":"Medicinsk historik och fysisk unders\u00f6kning"},"content":{"rendered":"<p><img decoding=\"async\" class=\"alignleft size-full wp-image-6703\" src=\"https:\/\/www.heartfailurematters.org\/wp-content\/uploads\/2021\/02\/General-physician-1.jpg\" alt=\"\" width=\"211\" height=\"206\" \/><\/p>\n<p>Det f\u00f6rsta som l\u00e4kare g\u00f6r om de misst\u00e4nker hj\u00e4rtsvikt \u00e4r att utf\u00f6ra en <a class=\"addtooltip\" title=\"&lt;div id='ToolTipTextWrap'&gt;Anamnes&lt;\/div&gt;&lt;p&gt; Uppgifter om en person&lt;\/p&gt;\"><strong>anamnes<\/strong><\/a> och en grundlig fysisk unders\u00f6kning. Det \u00e4r viktigt att identifiera dina nuvarande symtom, men ocks\u00e5 att f\u00f6rs\u00f6ka identifiera den m\u00f6jliga orsaken till din hj\u00e4rtsvikt. Under en <a class=\"addtooltip\" title=\"&lt;div id='ToolTipTextWrap'&gt;Anamnes&lt;\/div&gt;&lt;p&gt; Uppgifter om en person&lt;\/p&gt;\"><strong>anamnes<\/strong><\/a> och <a class=\"addtooltip\" title=\"&lt;div id='ToolTipTextWrap'&gt;Fysisk unders\u00f6kning&lt;\/div&gt;&lt;p&gt; En grundlig unders\u00f6kning av en patient d\u00e4r man letar efter tecken p\u00e5 sjukdom eller avvikelser fr\u00e5n det normala.&lt;\/p&gt;\"><strong>fysisk unders\u00f6kning<\/strong><\/a> kommer l\u00e4karen att st\u00e4lla fr\u00e5gor om symtom, sjukdomar du haft nyligen eller tidigare, fysisk aktivitet, andning, s\u00f6mn, matvanor och andra aktiviteter. N\u00e4r l\u00e4karen har avslutat anamnesen g\u00f6rs en fysisk unders\u00f6kning. De delar av <a class=\"addtooltip\" title=\"&lt;div id='ToolTipTextWrap'&gt;Fysisk unders\u00f6kning&lt;\/div&gt;&lt;p&gt; En grundlig unders\u00f6kning av en patient d\u00e4r man letar efter tecken p\u00e5 sjukdom eller avvikelser fr\u00e5n det normala.&lt;\/p&gt;\"><strong>den fysiska unders\u00f6kningen<\/strong><\/a> som \u00e4r mest anv\u00e4ndbara vid diagnostisering av hj\u00e4rtsvikt \u00e4r:<\/p>\n<ul>\n<li>M\u00e4tning av blodtryck och puls. H\u00f6gt blodtryck uts\u00e4tter hj\u00e4rtat f\u00f6r en extra p\u00e5frestning och en snabb och\/eller oregelbunden hj\u00e4rtfrekvens kan tyda p\u00e5 att hj\u00e4rtat f\u00f6rs\u00f6ker att pumpa snabbare f\u00f6r att kompensera.<\/li>\n<li>Bed\u00f6ma hudf\u00e4rg och v\u00e4rme.<\/li>\n<li>Kontrollera venerna i halsen. Om blod samlas i hj\u00e4rtat, kan venerna i halsen sv\u00e4lla eller bukta ut.<\/li>\n<li>Lyssna p\u00e5 andningen och hj\u00e4rtat med ett stetoskop. Ett knastrande ljud i lungorna eller v\u00e4sande andning kan tyda p\u00e5 <a class=\"addtooltip\" title=\"&lt;div id='ToolTipTextWrap'&gt;V\u00e4tskeansamling&lt;\/div&gt;&lt;p&gt; N\u00e4r det finns f\u00f6r mycket v\u00e4tska i blodet som cirkulerar runt i kroppen och blodstockning, stiger trycket i blodk\u00e4rlen. V\u00e4tska l\u00e4cker sedan ut i de omgivande v\u00e4vnaderna, d\u00e4r den samlas och leder till \u00f6dem.&lt;\/p&gt;\"><strong>v\u00e4tskeansamling<\/strong><\/a> i lungorna. Onormala hj\u00e4rtljud (bl\u00e5sljud) kan avsl\u00f6ja skador eller missbildningar p\u00e5 hj\u00e4rtklaff.<\/li>\n<li>Kontrollera om magen \u00e4r svullen p\u00e5 grund av v\u00e4tskeansamling.<\/li>\n<li>Kontrollera om anklarna och benen \u00e4r svullna p\u00e5 grund av v\u00e4tskeansamling.<\/li>\n<li>Best\u00e4mma din kroppsvikt.<\/li>\n<\/ul>\n<p><a title=\"\" href=\"https:\/\/www.heartfailurematters.org\/sv\/att-forsta-hjartsvikt\/vanliga-hjartsviktsundersokningar\/\">\u00c5terg\u00e5 till &#8221;Vanliga hj\u00e4rtsviktstester&#8221;<\/a><\/p>\n","protected":false},"excerpt":{"rendered":"<p>Det f\u00f6rsta som l\u00e4kare g\u00f6r om de misst\u00e4nker hj\u00e4rtsvikt \u00e4r att utf\u00f6ra en anamnes och en grundlig fysisk unders\u00f6kning. Det \u00e4r viktigt att identifiera dina nuvarande symtom, men ocks\u00e5 att f\u00f6rs\u00f6ka identifiera den m\u00f6jliga orsaken till din hj\u00e4rtsvikt. Under en anamnes och fysisk unders\u00f6kning kommer l\u00e4karen att st\u00e4lla fr\u00e5gor om symtom, sjukdomar du haft nyligen [&hellip;]<\/p>\n","protected":false},"author":1,"featured_media":10621,"parent":2421,"menu_order":0,"comment_status":"open","ping_status":"open","template":"","meta":{"_acf_changed":false,"footnotes":""},"categories":[],"tags":[],"class_list":["post-2526","page","type-page","status-publish","has-post-thumbnail","hentry"],"acf":[],"yoast_head":"<!-- This site is optimized with the Yoast SEO plugin v24.8.1 - https:\/\/yoast.com\/wordpress\/plugins\/seo\/ -->\n<title>Medicinsk historik och fysisk unders\u00f6kning<\/title>\n<meta name=\"description\" content=\"Det f\u00f6rsta som l\u00e4kare g\u00f6r om de misst\u00e4nker hj\u00e4rtsvikt \u00e4r att utf\u00f6ra en anamnes och en grundlig fysisk unders\u00f6kning. L\u00e4s mer\" \/>\n<meta name=\"robots\" content=\"index, follow, max-snippet:-1, max-image-preview:large, max-video-preview:-1\" \/>\n<link rel=\"canonical\" href=\"https:\/\/www.heartfailurematters.org\/sv\/att-forsta-hjartsvikt\/medicinsk-historik-och-fysisk-undersokning\/\" \/>\n<meta property=\"og:locale\" content=\"sv_SE\" \/>\n<meta property=\"og:type\" content=\"article\" \/>\n<meta property=\"og:title\" content=\"Medicinsk historik och fysisk unders\u00f6kning\" \/>\n<meta property=\"og:description\" content=\"Det f\u00f6rsta som l\u00e4kare g\u00f6r om de misst\u00e4nker hj\u00e4rtsvikt \u00e4r att utf\u00f6ra en anamnes och en grundlig fysisk unders\u00f6kning. L\u00e4s mer\" \/>\n<meta property=\"og:url\" content=\"https:\/\/www.heartfailurematters.org\/sv\/att-forsta-hjartsvikt\/medicinsk-historik-och-fysisk-undersokning\/\" \/>\n<meta property=\"og:site_name\" content=\"Heart Failure Matters\" \/>\n<meta property=\"article:publisher\" content=\"https:\/\/www.facebook.com\/heartfailurematters\" \/>\n<meta property=\"article:modified_time\" content=\"2021-02-16T12:09:45+00:00\" \/>\n<meta property=\"og:image\" content=\"https:\/\/www.heartfailurematters.org\/wp-content\/uploads\/2022\/02\/shutterstock_470730977-1-min.jpg\" \/>\n\t<meta property=\"og:image:width\" content=\"900\" \/>\n\t<meta property=\"og:image:height\" content=\"590\" \/>\n\t<meta property=\"og:image:type\" content=\"image\/jpeg\" \/>\n<meta name=\"twitter:card\" content=\"summary_large_image\" \/>\n<meta name=\"twitter:label1\" content=\"Ber\u00e4knad l\u00e4stid\" \/>\n\t<meta name=\"twitter:data1\" content=\"2 minuter\" \/>\n<script type=\"application\/ld+json\" class=\"yoast-schema-graph\">{\"@context\":\"https:\/\/schema.org\",\"@graph\":[{\"@type\":\"WebPage\",\"@id\":\"https:\/\/www.heartfailurematters.org\/sv\/att-forsta-hjartsvikt\/medicinsk-historik-och-fysisk-undersokning\/\",\"url\":\"https:\/\/www.heartfailurematters.org\/sv\/att-forsta-hjartsvikt\/medicinsk-historik-och-fysisk-undersokning\/\",\"name\":\"Medicinsk historik och fysisk unders\u00f6kning\",\"isPartOf\":{\"@id\":\"https:\/\/www.heartfailurematters.org\/sv\/#website\"},\"primaryImageOfPage\":{\"@id\":\"https:\/\/www.heartfailurematters.org\/sv\/att-forsta-hjartsvikt\/medicinsk-historik-och-fysisk-undersokning\/#primaryimage\"},\"image\":{\"@id\":\"https:\/\/www.heartfailurematters.org\/sv\/att-forsta-hjartsvikt\/medicinsk-historik-och-fysisk-undersokning\/#primaryimage\"},\"thumbnailUrl\":\"https:\/\/www.heartfailurematters.org\/wp-content\/uploads\/2022\/02\/shutterstock_470730977-1-min.jpg\",\"datePublished\":\"2021-01-27T22:12:09+00:00\",\"dateModified\":\"2021-02-16T12:09:45+00:00\",\"description\":\"Det f\u00f6rsta som l\u00e4kare g\u00f6r om de misst\u00e4nker hj\u00e4rtsvikt \u00e4r att utf\u00f6ra en anamnes och en grundlig fysisk unders\u00f6kning. L\u00e4s mer\",\"breadcrumb\":{\"@id\":\"https:\/\/www.heartfailurematters.org\/sv\/att-forsta-hjartsvikt\/medicinsk-historik-och-fysisk-undersokning\/#breadcrumb\"},\"inLanguage\":\"sv-SE\",\"potentialAction\":[{\"@type\":\"ReadAction\",\"target\":[\"https:\/\/www.heartfailurematters.org\/sv\/att-forsta-hjartsvikt\/medicinsk-historik-och-fysisk-undersokning\/\"]}]},{\"@type\":\"ImageObject\",\"inLanguage\":\"sv-SE\",\"@id\":\"https:\/\/www.heartfailurematters.org\/sv\/att-forsta-hjartsvikt\/medicinsk-historik-och-fysisk-undersokning\/#primaryimage\",\"url\":\"https:\/\/www.heartfailurematters.org\/wp-content\/uploads\/2022\/02\/shutterstock_470730977-1-min.jpg\",\"contentUrl\":\"https:\/\/www.heartfailurematters.org\/wp-content\/uploads\/2022\/02\/shutterstock_470730977-1-min.jpg\",\"width\":900,\"height\":590},{\"@type\":\"BreadcrumbList\",\"@id\":\"https:\/\/www.heartfailurematters.org\/sv\/att-forsta-hjartsvikt\/medicinsk-historik-och-fysisk-undersokning\/#breadcrumb\",\"itemListElement\":[{\"@type\":\"ListItem\",\"position\":1,\"name\":\"Hem\",\"item\":\"https:\/\/www.heartfailurematters.org\/sv\/\"},{\"@type\":\"ListItem\",\"position\":2,\"name\":\"Att f\u00f6rst\u00e5 hj\u00e4rtsvikt\",\"item\":\"https:\/\/www.heartfailurematters.org\/sv\/att-forsta-hjartsvikt\/\"},{\"@type\":\"ListItem\",\"position\":3,\"name\":\"Medicinsk historik och fysisk unders\u00f6kning\"}]},{\"@type\":\"WebSite\",\"@id\":\"https:\/\/www.heartfailurematters.org\/sv\/#website\",\"url\":\"https:\/\/www.heartfailurematters.org\/sv\/\",\"name\":\"Heart Failure Matters\",\"description\":\"Practical information for patients, families and caregivers.\",\"publisher\":{\"@id\":\"https:\/\/www.heartfailurematters.org\/sv\/#organization\"},\"potentialAction\":[{\"@type\":\"SearchAction\",\"target\":{\"@type\":\"EntryPoint\",\"urlTemplate\":\"https:\/\/www.heartfailurematters.org\/sv\/?s={search_term_string}\"},\"query-input\":{\"@type\":\"PropertyValueSpecification\",\"valueRequired\":true,\"valueName\":\"search_term_string\"}}],\"inLanguage\":\"sv-SE\"},{\"@type\":\"Organization\",\"@id\":\"https:\/\/www.heartfailurematters.org\/sv\/#organization\",\"name\":\"Heart Failure Matters\",\"url\":\"https:\/\/www.heartfailurematters.org\/sv\/\",\"logo\":{\"@type\":\"ImageObject\",\"inLanguage\":\"sv-SE\",\"@id\":\"https:\/\/www.heartfailurematters.org\/sv\/#\/schema\/logo\/image\/\",\"url\":\"https:\/\/cdn-endpoint-hfm.azureedge.net\/heartfailurematters\/2024\/07\/hfm-logo1.jpg\",\"contentUrl\":\"https:\/\/cdn-endpoint-hfm.azureedge.net\/heartfailurematters\/2024\/07\/hfm-logo1.jpg\",\"width\":1280,\"height\":720,\"caption\":\"Heart Failure Matters\"},\"image\":{\"@id\":\"https:\/\/www.heartfailurematters.org\/sv\/#\/schema\/logo\/image\/\"},\"sameAs\":[\"https:\/\/www.facebook.com\/heartfailurematters\"]}]}<\/script>\n<!-- \/ Yoast SEO plugin. -->","yoast_head_json":{"title":"Medicinsk historik och fysisk unders\u00f6kning","description":"Det f\u00f6rsta som l\u00e4kare g\u00f6r om de misst\u00e4nker hj\u00e4rtsvikt \u00e4r att utf\u00f6ra en anamnes och en grundlig fysisk unders\u00f6kning. L\u00e4s mer","robots":{"index":"index","follow":"follow","max-snippet":"max-snippet:-1","max-image-preview":"max-image-preview:large","max-video-preview":"max-video-preview:-1"},"canonical":"https:\/\/www.heartfailurematters.org\/sv\/att-forsta-hjartsvikt\/medicinsk-historik-och-fysisk-undersokning\/","og_locale":"sv_SE","og_type":"article","og_title":"Medicinsk historik och fysisk unders\u00f6kning","og_description":"Det f\u00f6rsta som l\u00e4kare g\u00f6r om de misst\u00e4nker hj\u00e4rtsvikt \u00e4r att utf\u00f6ra en anamnes och en grundlig fysisk unders\u00f6kning. L\u00e4s mer","og_url":"https:\/\/www.heartfailurematters.org\/sv\/att-forsta-hjartsvikt\/medicinsk-historik-och-fysisk-undersokning\/","og_site_name":"Heart Failure Matters","article_publisher":"https:\/\/www.facebook.com\/heartfailurematters","article_modified_time":"2021-02-16T12:09:45+00:00","og_image":[{"width":900,"height":590,"url":"https:\/\/www.heartfailurematters.org\/wp-content\/uploads\/2022\/02\/shutterstock_470730977-1-min.jpg","type":"image\/jpeg"}],"twitter_card":"summary_large_image","twitter_misc":{"Ber\u00e4knad l\u00e4stid":"2 minuter"},"schema":{"@context":"https:\/\/schema.org","@graph":[{"@type":"WebPage","@id":"https:\/\/www.heartfailurematters.org\/sv\/att-forsta-hjartsvikt\/medicinsk-historik-och-fysisk-undersokning\/","url":"https:\/\/www.heartfailurematters.org\/sv\/att-forsta-hjartsvikt\/medicinsk-historik-och-fysisk-undersokning\/","name":"Medicinsk historik och fysisk unders\u00f6kning","isPartOf":{"@id":"https:\/\/www.heartfailurematters.org\/sv\/#website"},"primaryImageOfPage":{"@id":"https:\/\/www.heartfailurematters.org\/sv\/att-forsta-hjartsvikt\/medicinsk-historik-och-fysisk-undersokning\/#primaryimage"},"image":{"@id":"https:\/\/www.heartfailurematters.org\/sv\/att-forsta-hjartsvikt\/medicinsk-historik-och-fysisk-undersokning\/#primaryimage"},"thumbnailUrl":"https:\/\/www.heartfailurematters.org\/wp-content\/uploads\/2022\/02\/shutterstock_470730977-1-min.jpg","datePublished":"2021-01-27T22:12:09+00:00","dateModified":"2021-02-16T12:09:45+00:00","description":"Det f\u00f6rsta som l\u00e4kare g\u00f6r om de misst\u00e4nker hj\u00e4rtsvikt \u00e4r att utf\u00f6ra en anamnes och en grundlig fysisk unders\u00f6kning. L\u00e4s mer","breadcrumb":{"@id":"https:\/\/www.heartfailurematters.org\/sv\/att-forsta-hjartsvikt\/medicinsk-historik-och-fysisk-undersokning\/#breadcrumb"},"inLanguage":"sv-SE","potentialAction":[{"@type":"ReadAction","target":["https:\/\/www.heartfailurematters.org\/sv\/att-forsta-hjartsvikt\/medicinsk-historik-och-fysisk-undersokning\/"]}]},{"@type":"ImageObject","inLanguage":"sv-SE","@id":"https:\/\/www.heartfailurematters.org\/sv\/att-forsta-hjartsvikt\/medicinsk-historik-och-fysisk-undersokning\/#primaryimage","url":"https:\/\/www.heartfailurematters.org\/wp-content\/uploads\/2022\/02\/shutterstock_470730977-1-min.jpg","contentUrl":"https:\/\/www.heartfailurematters.org\/wp-content\/uploads\/2022\/02\/shutterstock_470730977-1-min.jpg","width":900,"height":590},{"@type":"BreadcrumbList","@id":"https:\/\/www.heartfailurematters.org\/sv\/att-forsta-hjartsvikt\/medicinsk-historik-och-fysisk-undersokning\/#breadcrumb","itemListElement":[{"@type":"ListItem","position":1,"name":"Hem","item":"https:\/\/www.heartfailurematters.org\/sv\/"},{"@type":"ListItem","position":2,"name":"Att f\u00f6rst\u00e5 hj\u00e4rtsvikt","item":"https:\/\/www.heartfailurematters.org\/sv\/att-forsta-hjartsvikt\/"},{"@type":"ListItem","position":3,"name":"Medicinsk historik och fysisk unders\u00f6kning"}]},{"@type":"WebSite","@id":"https:\/\/www.heartfailurematters.org\/sv\/#website","url":"https:\/\/www.heartfailurematters.org\/sv\/","name":"Heart Failure Matters","description":"Practical information for patients, families and caregivers.","publisher":{"@id":"https:\/\/www.heartfailurematters.org\/sv\/#organization"},"potentialAction":[{"@type":"SearchAction","target":{"@type":"EntryPoint","urlTemplate":"https:\/\/www.heartfailurematters.org\/sv\/?s={search_term_string}"},"query-input":{"@type":"PropertyValueSpecification","valueRequired":true,"valueName":"search_term_string"}}],"inLanguage":"sv-SE"},{"@type":"Organization","@id":"https:\/\/www.heartfailurematters.org\/sv\/#organization","name":"Heart Failure Matters","url":"https:\/\/www.heartfailurematters.org\/sv\/","logo":{"@type":"ImageObject","inLanguage":"sv-SE","@id":"https:\/\/www.heartfailurematters.org\/sv\/#\/schema\/logo\/image\/","url":"https:\/\/cdn-endpoint-hfm.azureedge.net\/heartfailurematters\/2024\/07\/hfm-logo1.jpg","contentUrl":"https:\/\/cdn-endpoint-hfm.azureedge.net\/heartfailurematters\/2024\/07\/hfm-logo1.jpg","width":1280,"height":720,"caption":"Heart Failure Matters"},"image":{"@id":"https:\/\/www.heartfailurematters.org\/sv\/#\/schema\/logo\/image\/"},"sameAs":["https:\/\/www.facebook.com\/heartfailurematters"]}]}},"_links":{"self":[{"href":"https:\/\/www.heartfailurematters.org\/sv\/wp-json\/wp\/v2\/pages\/2526","targetHints":{"allow":["GET"]}}],"collection":[{"href":"https:\/\/www.heartfailurematters.org\/sv\/wp-json\/wp\/v2\/pages"}],"about":[{"href":"https:\/\/www.heartfailurematters.org\/sv\/wp-json\/wp\/v2\/types\/page"}],"author":[{"embeddable":true,"href":"https:\/\/www.heartfailurematters.org\/sv\/wp-json\/wp\/v2\/users\/1"}],"replies":[{"embeddable":true,"href":"https:\/\/www.heartfailurematters.org\/sv\/wp-json\/wp\/v2\/comments?post=2526"}],"version-history":[{"count":1,"href":"https:\/\/www.heartfailurematters.org\/sv\/wp-json\/wp\/v2\/pages\/2526\/revisions"}],"predecessor-version":[{"id":6713,"href":"https:\/\/www.heartfailurematters.org\/sv\/wp-json\/wp\/v2\/pages\/2526\/revisions\/6713"}],"up":[{"embeddable":true,"href":"https:\/\/www.heartfailurematters.org\/sv\/wp-json\/wp\/v2\/pages\/2421"}],"wp:featuredmedia":[{"embeddable":true,"href":"https:\/\/www.heartfailurematters.org\/sv\/wp-json\/wp\/v2\/media\/10621"}],"wp:attachment":[{"href":"https:\/\/www.heartfailurematters.org\/sv\/wp-json\/wp\/v2\/media?parent=2526"}],"wp:term":[{"taxonomy":"category","embeddable":true,"href":"https:\/\/www.heartfailurematters.org\/sv\/wp-json\/wp\/v2\/categories?post=2526"},{"taxonomy":"post_tag","embeddable":true,"href":"https:\/\/www.heartfailurematters.org\/sv\/wp-json\/wp\/v2\/tags?post=2526"}],"curies":[{"name":"wp","href":"https:\/\/api.w.org\/{rel}","templated":true}]}}