{"id":2524,"date":"2021-01-27T22:12:03","date_gmt":"2021-01-27T22:12:03","guid":{"rendered":"http:\/\/heartfailurematters.local:8888\/fragor-till-din-lakare-eller-sjukskoterska\/"},"modified":"2021-01-27T22:12:03","modified_gmt":"2021-01-27T22:12:03","slug":"fragor-till-din-lakare-eller-sjukskoterska","status":"publish","type":"page","link":"https:\/\/www.heartfailurematters.org\/sv\/att-leva-med-hjartsvikt\/fragor-till-din-lakare-eller-sjukskoterska\/","title":{"rendered":"Fr\u00e5gor till din l\u00e4kare eller sjuksk\u00f6terska"},"content":{"rendered":"<p>N\u00e4r du b\u00f6rjar f\u00f6rbereda en &nbsp;<a class=\"addtooltip\" title=\"Ett dokument som beskriver de behandlingar och ingrepp som du vill eller inte vill ha i livets slutskede. \"><strong title=\"\">v\u00e5rdplan i f\u00f6rv\u00e4g<\/strong><\/a> \u00e4r det viktigt att ha korrekt, aktuell information om ditt tillst\u00e5nd. Den person som b\u00e4st kan ge dig det \u00e4r din l\u00e4kare eller sk\u00f6terska eller n\u00e5gon annan medicinsk personal som \u00e4r involverad i din v\u00e5rd. F\u00f6r att f\u00e5 veta vad som ing\u00e5r i din v\u00e5rd kan du st\u00e4lla nedanst\u00e5ende eller liknande fr\u00e5gor till din l\u00e4kare eller sjuksk\u00f6terska:<\/p>\n<ul>\n<li>\u00c4r min hj\u00e4rtsvikt fortfarande under kontroll med de l\u00e4kemedel jag tar? &nbsp;&nbsp;&nbsp;<\/li>\n<li>H\u00e5ller min hj\u00e4rtsvikt p\u00e5 att f\u00f6rs\u00e4mras?&nbsp;&nbsp;&nbsp;&nbsp;<\/li>\n<li>Vilka andra alternativ finns tillg\u00e4ngliga f\u00f6r mig om mina l\u00e4kemedel slutar att ha en tillfredsst\u00e4llande effekt p\u00e5 min hj\u00e4rtsvikt?<\/li>\n<li>Hur kan du hj\u00e4lpa mig om min hj\u00e4rtsvikt f\u00f6rs\u00e4mras? Eller vem ska jag v\u00e4nda mig till?<\/li>\n<\/ul>\n<p><a href=\"https:\/\/www.heartfailurematters.org\/sv\/att-leva-med-hjartsvikt\/planera-infor-livets-slutskede\/\" title=\"\u00c5terg\u00e5 till &quot;Planera f\u00f6r livets slutskede&quot;\">\u00c5terg\u00e5 till &#8221;Planera f\u00f6r livets slutskede&#8221;<\/a><\/p>\n","protected":false},"excerpt":{"rendered":"<p>N\u00e4r du b\u00f6rjar f\u00f6rbereda en &nbsp;v\u00e5rdplan i f\u00f6rv\u00e4g \u00e4r det viktigt att ha korrekt, aktuell information om ditt tillst\u00e5nd. Den person som b\u00e4st kan ge dig det \u00e4r din l\u00e4kare eller sk\u00f6terska eller n\u00e5gon annan medicinsk personal som \u00e4r involverad i din v\u00e5rd. F\u00f6r att f\u00e5 veta vad som ing\u00e5r i din v\u00e5rd kan du [&hellip;]<\/p>\n","protected":false},"author":1,"featured_media":10543,"parent":2818,"menu_order":0,"comment_status":"open","ping_status":"open","template":"","meta":{"_acf_changed":false,"footnotes":""},"categories":[],"tags":[],"class_list":["post-2524","page","type-page","status-publish","has-post-thumbnail","hentry"],"acf":[],"yoast_head":"<!-- This site is optimized with the Yoast SEO plugin v24.8.1 - https:\/\/yoast.com\/wordpress\/plugins\/seo\/ -->\n<title>Fr\u00e5gor till din l\u00e4kare eller sjuksk\u00f6terska<\/title>\n<meta name=\"description\" content=\"N\u00e4r du b\u00f6rjar f\u00f6rbereda en v\u00e5rdplan i f\u00f6rv\u00e4g \u00e4r det viktigt att ha korrekt, aktuell information om ditt tillst\u00e5nd. Uppt\u00e4ck mer h\u00e4r\" \/>\n<meta name=\"robots\" content=\"index, follow, max-snippet:-1, max-image-preview:large, max-video-preview:-1\" \/>\n<link rel=\"canonical\" href=\"https:\/\/www.heartfailurematters.org\/sv\/att-leva-med-hjartsvikt\/fragor-till-din-lakare-eller-sjukskoterska\/\" \/>\n<meta property=\"og:locale\" content=\"sv_SE\" \/>\n<meta property=\"og:type\" content=\"article\" \/>\n<meta property=\"og:title\" content=\"Fr\u00e5gor till din l\u00e4kare eller sjuksk\u00f6terska\" \/>\n<meta property=\"og:description\" content=\"N\u00e4r du b\u00f6rjar f\u00f6rbereda en v\u00e5rdplan i f\u00f6rv\u00e4g \u00e4r det viktigt att ha korrekt, aktuell information om ditt tillst\u00e5nd. Uppt\u00e4ck mer h\u00e4r\" \/>\n<meta property=\"og:url\" content=\"https:\/\/www.heartfailurematters.org\/sv\/att-leva-med-hjartsvikt\/fragor-till-din-lakare-eller-sjukskoterska\/\" \/>\n<meta property=\"og:site_name\" content=\"Heart Failure Matters\" \/>\n<meta property=\"article:publisher\" content=\"https:\/\/www.facebook.com\/heartfailurematters\" \/>\n<meta property=\"og:image\" content=\"https:\/\/www.heartfailurematters.org\/wp-content\/uploads\/2022\/02\/shutterstock_258402434-1-min.jpg\" \/>\n\t<meta property=\"og:image:width\" content=\"900\" \/>\n\t<meta property=\"og:image:height\" content=\"475\" \/>\n\t<meta property=\"og:image:type\" content=\"image\/jpeg\" \/>\n<meta name=\"twitter:card\" content=\"summary_large_image\" \/>\n<meta name=\"twitter:label1\" content=\"Ber\u00e4knad l\u00e4stid\" \/>\n\t<meta name=\"twitter:data1\" content=\"1 minut\" \/>\n<script type=\"application\/ld+json\" class=\"yoast-schema-graph\">{\"@context\":\"https:\/\/schema.org\",\"@graph\":[{\"@type\":\"WebPage\",\"@id\":\"https:\/\/www.heartfailurematters.org\/sv\/att-leva-med-hjartsvikt\/fragor-till-din-lakare-eller-sjukskoterska\/\",\"url\":\"https:\/\/www.heartfailurematters.org\/sv\/att-leva-med-hjartsvikt\/fragor-till-din-lakare-eller-sjukskoterska\/\",\"name\":\"Fr\u00e5gor till din l\u00e4kare eller sjuksk\u00f6terska\",\"isPartOf\":{\"@id\":\"https:\/\/www.heartfailurematters.org\/sv\/#website\"},\"primaryImageOfPage\":{\"@id\":\"https:\/\/www.heartfailurematters.org\/sv\/att-leva-med-hjartsvikt\/fragor-till-din-lakare-eller-sjukskoterska\/#primaryimage\"},\"image\":{\"@id\":\"https:\/\/www.heartfailurematters.org\/sv\/att-leva-med-hjartsvikt\/fragor-till-din-lakare-eller-sjukskoterska\/#primaryimage\"},\"thumbnailUrl\":\"https:\/\/www.heartfailurematters.org\/wp-content\/uploads\/2022\/02\/shutterstock_258402434-1-min.jpg\",\"datePublished\":\"2021-01-27T22:12:03+00:00\",\"description\":\"N\u00e4r du b\u00f6rjar f\u00f6rbereda en v\u00e5rdplan i f\u00f6rv\u00e4g \u00e4r det viktigt att ha korrekt, aktuell information om ditt tillst\u00e5nd. Uppt\u00e4ck mer h\u00e4r\",\"breadcrumb\":{\"@id\":\"https:\/\/www.heartfailurematters.org\/sv\/att-leva-med-hjartsvikt\/fragor-till-din-lakare-eller-sjukskoterska\/#breadcrumb\"},\"inLanguage\":\"sv-SE\",\"potentialAction\":[{\"@type\":\"ReadAction\",\"target\":[\"https:\/\/www.heartfailurematters.org\/sv\/att-leva-med-hjartsvikt\/fragor-till-din-lakare-eller-sjukskoterska\/\"]}]},{\"@type\":\"ImageObject\",\"inLanguage\":\"sv-SE\",\"@id\":\"https:\/\/www.heartfailurematters.org\/sv\/att-leva-med-hjartsvikt\/fragor-till-din-lakare-eller-sjukskoterska\/#primaryimage\",\"url\":\"https:\/\/www.heartfailurematters.org\/wp-content\/uploads\/2022\/02\/shutterstock_258402434-1-min.jpg\",\"contentUrl\":\"https:\/\/www.heartfailurematters.org\/wp-content\/uploads\/2022\/02\/shutterstock_258402434-1-min.jpg\",\"width\":900,\"height\":475},{\"@type\":\"BreadcrumbList\",\"@id\":\"https:\/\/www.heartfailurematters.org\/sv\/att-leva-med-hjartsvikt\/fragor-till-din-lakare-eller-sjukskoterska\/#breadcrumb\",\"itemListElement\":[{\"@type\":\"ListItem\",\"position\":1,\"name\":\"Hem\",\"item\":\"https:\/\/www.heartfailurematters.org\/sv\/\"},{\"@type\":\"ListItem\",\"position\":2,\"name\":\"Att leva med hj\u00e4rtsvikt\",\"item\":\"https:\/\/www.heartfailurematters.org\/sv\/att-leva-med-hjartsvikt\/\"},{\"@type\":\"ListItem\",\"position\":3,\"name\":\"Fr\u00e5gor till din l\u00e4kare eller sjuksk\u00f6terska\"}]},{\"@type\":\"WebSite\",\"@id\":\"https:\/\/www.heartfailurematters.org\/sv\/#website\",\"url\":\"https:\/\/www.heartfailurematters.org\/sv\/\",\"name\":\"Heart Failure Matters\",\"description\":\"Practical information for patients, families and caregivers.\",\"publisher\":{\"@id\":\"https:\/\/www.heartfailurematters.org\/sv\/#organization\"},\"potentialAction\":[{\"@type\":\"SearchAction\",\"target\":{\"@type\":\"EntryPoint\",\"urlTemplate\":\"https:\/\/www.heartfailurematters.org\/sv\/?s={search_term_string}\"},\"query-input\":{\"@type\":\"PropertyValueSpecification\",\"valueRequired\":true,\"valueName\":\"search_term_string\"}}],\"inLanguage\":\"sv-SE\"},{\"@type\":\"Organization\",\"@id\":\"https:\/\/www.heartfailurematters.org\/sv\/#organization\",\"name\":\"Heart Failure Matters\",\"url\":\"https:\/\/www.heartfailurematters.org\/sv\/\",\"logo\":{\"@type\":\"ImageObject\",\"inLanguage\":\"sv-SE\",\"@id\":\"https:\/\/www.heartfailurematters.org\/sv\/#\/schema\/logo\/image\/\",\"url\":\"https:\/\/cdn-endpoint-hfm.azureedge.net\/heartfailurematters\/2024\/07\/hfm-logo1.jpg\",\"contentUrl\":\"https:\/\/cdn-endpoint-hfm.azureedge.net\/heartfailurematters\/2024\/07\/hfm-logo1.jpg\",\"width\":1280,\"height\":720,\"caption\":\"Heart Failure Matters\"},\"image\":{\"@id\":\"https:\/\/www.heartfailurematters.org\/sv\/#\/schema\/logo\/image\/\"},\"sameAs\":[\"https:\/\/www.facebook.com\/heartfailurematters\"]}]}<\/script>\n<!-- \/ Yoast SEO plugin. -->","yoast_head_json":{"title":"Fr\u00e5gor till din l\u00e4kare eller sjuksk\u00f6terska","description":"N\u00e4r du b\u00f6rjar f\u00f6rbereda en v\u00e5rdplan i f\u00f6rv\u00e4g \u00e4r det viktigt att ha korrekt, aktuell information om ditt tillst\u00e5nd. Uppt\u00e4ck mer h\u00e4r","robots":{"index":"index","follow":"follow","max-snippet":"max-snippet:-1","max-image-preview":"max-image-preview:large","max-video-preview":"max-video-preview:-1"},"canonical":"https:\/\/www.heartfailurematters.org\/sv\/att-leva-med-hjartsvikt\/fragor-till-din-lakare-eller-sjukskoterska\/","og_locale":"sv_SE","og_type":"article","og_title":"Fr\u00e5gor till din l\u00e4kare eller sjuksk\u00f6terska","og_description":"N\u00e4r du b\u00f6rjar f\u00f6rbereda en v\u00e5rdplan i f\u00f6rv\u00e4g \u00e4r det viktigt att ha korrekt, aktuell information om ditt tillst\u00e5nd. Uppt\u00e4ck mer h\u00e4r","og_url":"https:\/\/www.heartfailurematters.org\/sv\/att-leva-med-hjartsvikt\/fragor-till-din-lakare-eller-sjukskoterska\/","og_site_name":"Heart Failure Matters","article_publisher":"https:\/\/www.facebook.com\/heartfailurematters","og_image":[{"width":900,"height":475,"url":"https:\/\/www.heartfailurematters.org\/wp-content\/uploads\/2022\/02\/shutterstock_258402434-1-min.jpg","type":"image\/jpeg"}],"twitter_card":"summary_large_image","twitter_misc":{"Ber\u00e4knad l\u00e4stid":"1 minut"},"schema":{"@context":"https:\/\/schema.org","@graph":[{"@type":"WebPage","@id":"https:\/\/www.heartfailurematters.org\/sv\/att-leva-med-hjartsvikt\/fragor-till-din-lakare-eller-sjukskoterska\/","url":"https:\/\/www.heartfailurematters.org\/sv\/att-leva-med-hjartsvikt\/fragor-till-din-lakare-eller-sjukskoterska\/","name":"Fr\u00e5gor till din l\u00e4kare eller sjuksk\u00f6terska","isPartOf":{"@id":"https:\/\/www.heartfailurematters.org\/sv\/#website"},"primaryImageOfPage":{"@id":"https:\/\/www.heartfailurematters.org\/sv\/att-leva-med-hjartsvikt\/fragor-till-din-lakare-eller-sjukskoterska\/#primaryimage"},"image":{"@id":"https:\/\/www.heartfailurematters.org\/sv\/att-leva-med-hjartsvikt\/fragor-till-din-lakare-eller-sjukskoterska\/#primaryimage"},"thumbnailUrl":"https:\/\/www.heartfailurematters.org\/wp-content\/uploads\/2022\/02\/shutterstock_258402434-1-min.jpg","datePublished":"2021-01-27T22:12:03+00:00","description":"N\u00e4r du b\u00f6rjar f\u00f6rbereda en v\u00e5rdplan i f\u00f6rv\u00e4g \u00e4r det viktigt att ha korrekt, aktuell information om ditt tillst\u00e5nd. Uppt\u00e4ck mer h\u00e4r","breadcrumb":{"@id":"https:\/\/www.heartfailurematters.org\/sv\/att-leva-med-hjartsvikt\/fragor-till-din-lakare-eller-sjukskoterska\/#breadcrumb"},"inLanguage":"sv-SE","potentialAction":[{"@type":"ReadAction","target":["https:\/\/www.heartfailurematters.org\/sv\/att-leva-med-hjartsvikt\/fragor-till-din-lakare-eller-sjukskoterska\/"]}]},{"@type":"ImageObject","inLanguage":"sv-SE","@id":"https:\/\/www.heartfailurematters.org\/sv\/att-leva-med-hjartsvikt\/fragor-till-din-lakare-eller-sjukskoterska\/#primaryimage","url":"https:\/\/www.heartfailurematters.org\/wp-content\/uploads\/2022\/02\/shutterstock_258402434-1-min.jpg","contentUrl":"https:\/\/www.heartfailurematters.org\/wp-content\/uploads\/2022\/02\/shutterstock_258402434-1-min.jpg","width":900,"height":475},{"@type":"BreadcrumbList","@id":"https:\/\/www.heartfailurematters.org\/sv\/att-leva-med-hjartsvikt\/fragor-till-din-lakare-eller-sjukskoterska\/#breadcrumb","itemListElement":[{"@type":"ListItem","position":1,"name":"Hem","item":"https:\/\/www.heartfailurematters.org\/sv\/"},{"@type":"ListItem","position":2,"name":"Att leva med hj\u00e4rtsvikt","item":"https:\/\/www.heartfailurematters.org\/sv\/att-leva-med-hjartsvikt\/"},{"@type":"ListItem","position":3,"name":"Fr\u00e5gor till din l\u00e4kare eller sjuksk\u00f6terska"}]},{"@type":"WebSite","@id":"https:\/\/www.heartfailurematters.org\/sv\/#website","url":"https:\/\/www.heartfailurematters.org\/sv\/","name":"Heart Failure Matters","description":"Practical information for patients, families and caregivers.","publisher":{"@id":"https:\/\/www.heartfailurematters.org\/sv\/#organization"},"potentialAction":[{"@type":"SearchAction","target":{"@type":"EntryPoint","urlTemplate":"https:\/\/www.heartfailurematters.org\/sv\/?s={search_term_string}"},"query-input":{"@type":"PropertyValueSpecification","valueRequired":true,"valueName":"search_term_string"}}],"inLanguage":"sv-SE"},{"@type":"Organization","@id":"https:\/\/www.heartfailurematters.org\/sv\/#organization","name":"Heart Failure Matters","url":"https:\/\/www.heartfailurematters.org\/sv\/","logo":{"@type":"ImageObject","inLanguage":"sv-SE","@id":"https:\/\/www.heartfailurematters.org\/sv\/#\/schema\/logo\/image\/","url":"https:\/\/cdn-endpoint-hfm.azureedge.net\/heartfailurematters\/2024\/07\/hfm-logo1.jpg","contentUrl":"https:\/\/cdn-endpoint-hfm.azureedge.net\/heartfailurematters\/2024\/07\/hfm-logo1.jpg","width":1280,"height":720,"caption":"Heart Failure Matters"},"image":{"@id":"https:\/\/www.heartfailurematters.org\/sv\/#\/schema\/logo\/image\/"},"sameAs":["https:\/\/www.facebook.com\/heartfailurematters"]}]}},"_links":{"self":[{"href":"https:\/\/www.heartfailurematters.org\/sv\/wp-json\/wp\/v2\/pages\/2524","targetHints":{"allow":["GET"]}}],"collection":[{"href":"https:\/\/www.heartfailurematters.org\/sv\/wp-json\/wp\/v2\/pages"}],"about":[{"href":"https:\/\/www.heartfailurematters.org\/sv\/wp-json\/wp\/v2\/types\/page"}],"author":[{"embeddable":true,"href":"https:\/\/www.heartfailurematters.org\/sv\/wp-json\/wp\/v2\/users\/1"}],"replies":[{"embeddable":true,"href":"https:\/\/www.heartfailurematters.org\/sv\/wp-json\/wp\/v2\/comments?post=2524"}],"version-history":[{"count":0,"href":"https:\/\/www.heartfailurematters.org\/sv\/wp-json\/wp\/v2\/pages\/2524\/revisions"}],"up":[{"embeddable":true,"href":"https:\/\/www.heartfailurematters.org\/sv\/wp-json\/wp\/v2\/pages\/2818"}],"wp:featuredmedia":[{"embeddable":true,"href":"https:\/\/www.heartfailurematters.org\/sv\/wp-json\/wp\/v2\/media\/10543"}],"wp:attachment":[{"href":"https:\/\/www.heartfailurematters.org\/sv\/wp-json\/wp\/v2\/media?parent=2524"}],"wp:term":[{"taxonomy":"category","embeddable":true,"href":"https:\/\/www.heartfailurematters.org\/sv\/wp-json\/wp\/v2\/categories?post=2524"},{"taxonomy":"post_tag","embeddable":true,"href":"https:\/\/www.heartfailurematters.org\/sv\/wp-json\/wp\/v2\/tags?post=2524"}],"curies":[{"name":"wp","href":"https:\/\/api.w.org\/{rel}","templated":true}]}}