{"id":2523,"date":"2021-01-27T22:12:03","date_gmt":"2021-01-27T22:12:03","guid":{"rendered":"http:\/\/heartfailurematters.local:8888\/klaffkirurgi\/"},"modified":"2021-04-14T10:49:30","modified_gmt":"2021-04-14T09:49:30","slug":"klaffkirurgi","status":"publish","type":"page","link":"https:\/\/www.heartfailurematters.org\/sv\/vad-din-lakare-eller-sjukskoterska-kan-gora\/klaffkirurgi\/","title":{"rendered":"Klaffkirurgi"},"content":{"rendered":"<h2>Varf\u00f6r g\u00f6r man en s\u00e5dan?<\/h2>\n<p>Din hj\u00e4rtsvikt kan ha orsakats av en missbildad eller en sjuk hj\u00e4rtklaff. <a class=\"addtooltip\" title=\"&lt;div id='ToolTipTextWrap'&gt;Hj\u00e4rtklaffar&lt;\/div&gt;&lt;p&gt; Hj\u00e4rtklaffarna styr det enkelriktade blodfl\u00f6det genom hj\u00e4rtat, vilket f\u00f6rhindrar blod fr\u00e5n att str\u00f6mma bak\u00e5t.&lt;\/p&gt;\"><strong>Hj\u00e4rtklaffar<\/strong><\/a> styr det enkelriktade blodfl\u00f6det genom hj\u00e4rtat. De kan antingen l\u00e4cka eller bli f\u00f6rtr\u00e4ngda, eller b\u00e5dadera. Om de inte fungerar som de ska uts\u00e4tts hj\u00e4rtat f\u00f6r en extra belastning som kan leda till hj\u00e4rtsvikt. Problemet kan avhj\u00e4lpas eller botas genom kirurgi, men det g\u00f6rs oftast bara om man tror sig att de f\u00f6rv\u00e4ntade f\u00f6rdelarna med kirurgi uppv\u00e4ger riskerna.<\/p>\n<h2>Vad inneb\u00e4r det?<\/h2>\n<p>Under operationen kommer du att kopplas till en hj\u00e4rt-lungmaskin som levererar blod till hj\u00e4rnan och kroppen n\u00e4r den sjuka klaffen avl\u00e4gsnas och byts ut.<\/p>\n<h2>Du kan diskutera med din l\u00e4kare vilken typ av klaff som \u00e4r mest l\u00e4mplig f\u00f6r dig.<\/h2>\n<ul>\n<li>En mekanisk (konstgjord) klaff (av kol, metall eller plast)<\/li>\n<li>En klaff av metall eller plast<\/li>\n<li>En klaff tillverkad av m\u00e4nsklig v\u00e4vnad eller djurv\u00e4vnad (vanligen fr\u00e5n gris)<\/li>\n<\/ul>\n<p>I vissa fall kan klaffen repareras utan konstgjorda material eller behov av \u00f6ppen hj\u00e4rtkirurgi. Unders\u00f6kningar som mitralplastik av hj\u00e4rtklaffen eller kateterburen aortaklaffimplantation (Transcatheter Aortas Valven Implantation \u2013 TAVI) utf\u00f6rs fr\u00e5n ljumsken under lokalbed\u00f6vning.<\/p>\n<p>Efter operationen kan du beh\u00f6va ta (<a class=\"addtooltip\" title=\"&lt;div id='ToolTipTextWrap'&gt;Antikoagulantia (blodf\u00f6rtunnande medel)&lt;\/div&gt;&lt;p&gt; L\u00e4kemedel som f\u00f6rhindrar uppkomsten av blodproppar, s\u00e4rskilt i hj\u00e4rtats kransk\u00e4rl.&lt;\/p&gt;\"><strong>blodf\u00f6rtunnande medel<\/strong><\/a>) f\u00f6r att f\u00f6rhindra att det bildas blodproppar runt den nya hj\u00e4rtklaffen. Det beh\u00f6vs normalt inte med v\u00e4vnadsklaffar. Om n\u00e5gon annan typ av kirurgi kr\u00e4vs vid ett senare tillf\u00e4lle, kommer du vanligtvis att f\u00e5 antibiotika f\u00f6r att f\u00f6rhindra klaffinfektion.<\/p>\n<p>Om n\u00e5gon annan typ av kirurgi kr\u00e4vs vid ett senare tillf\u00e4lle, kommer du vanligtvis att f\u00e5 antibiotika f\u00f6r att f\u00f6rhindra klaffinfektion.<\/p>\n<h2>Fr\u00e5gor att st\u00e4lla till din l\u00e4kare:<\/h2>\n<ul>\n<li>Vad finns det f\u00f6r risker med operationen?<\/li>\n<li>Hur l\u00e4nge beh\u00f6ver jag stanna p\u00e5 sjukhuset?<\/li>\n<li>Hur l\u00e5ng tid tar det att \u00e5terh\u00e4mta sig?<\/li>\n<li>Vilken niv\u00e5 av fysisk aktivitet ska jag l\u00e4gga mig p\u00e5 efter operationen?<\/li>\n<li>Vilka l\u00e4kemedel m\u00e5ste jag ta efter operationen?<\/li>\n<\/ul>\n<p><a href=\"https:\/\/www.heartfailurematters.org\/what-your-doctor-can-do\/surgery\/\">\u00c5terg\u00e5 till &#8221;Kirurgi&#8221;<\/a><\/p>\n","protected":false},"excerpt":{"rendered":"<p>Varf\u00f6r g\u00f6r man en s\u00e5dan? Din hj\u00e4rtsvikt kan ha orsakats av en missbildad eller en sjuk hj\u00e4rtklaff. Hj\u00e4rtklaffar styr det enkelriktade blodfl\u00f6det genom hj\u00e4rtat. De kan antingen l\u00e4cka eller bli f\u00f6rtr\u00e4ngda, eller b\u00e5dadera. Om de inte fungerar som de ska uts\u00e4tts hj\u00e4rtat f\u00f6r en extra belastning som kan leda till hj\u00e4rtsvikt. Problemet kan avhj\u00e4lpas eller [&hellip;]<\/p>\n","protected":false},"author":1,"featured_media":10939,"parent":2685,"menu_order":0,"comment_status":"open","ping_status":"open","template":"","meta":{"_acf_changed":false,"footnotes":""},"categories":[],"tags":[],"class_list":["post-2523","page","type-page","status-publish","has-post-thumbnail","hentry"],"acf":[],"yoast_head":"<!-- This site is optimized with the Yoast SEO plugin v24.8.1 - https:\/\/yoast.com\/wordpress\/plugins\/seo\/ -->\n<title>Klaffkirurgi<\/title>\n<meta name=\"description\" content=\"Under operationen kommer du att kopplas till en hj\u00e4rt-lungmaskin som levererar blod till hj\u00e4rnan och kroppen n\u00e4r den sjuka klaffen avl\u00e4gsnas och byts ut.\" \/>\n<meta name=\"robots\" content=\"index, follow, max-snippet:-1, max-image-preview:large, max-video-preview:-1\" \/>\n<link rel=\"canonical\" href=\"https:\/\/www.heartfailurematters.org\/sv\/vad-din-lakare-eller-sjukskoterska-kan-gora\/klaffkirurgi\/\" \/>\n<meta property=\"og:locale\" content=\"sv_SE\" \/>\n<meta property=\"og:type\" content=\"article\" \/>\n<meta property=\"og:title\" content=\"Klaffkirurgi\" \/>\n<meta property=\"og:description\" content=\"Under operationen kommer du att kopplas till en hj\u00e4rt-lungmaskin som levererar blod till hj\u00e4rnan och kroppen n\u00e4r den sjuka klaffen avl\u00e4gsnas och byts ut.\" \/>\n<meta property=\"og:url\" content=\"https:\/\/www.heartfailurematters.org\/sv\/vad-din-lakare-eller-sjukskoterska-kan-gora\/klaffkirurgi\/\" \/>\n<meta property=\"og:site_name\" content=\"Heart Failure Matters\" \/>\n<meta property=\"article:publisher\" content=\"https:\/\/www.facebook.com\/heartfailurematters\" \/>\n<meta property=\"article:modified_time\" content=\"2021-04-14T09:49:30+00:00\" \/>\n<meta property=\"og:image\" content=\"https:\/\/www.heartfailurematters.org\/wp-content\/uploads\/2022\/03\/shutterstock_2073525971-1-min.jpg\" \/>\n\t<meta property=\"og:image:width\" content=\"900\" \/>\n\t<meta property=\"og:image:height\" content=\"559\" \/>\n\t<meta property=\"og:image:type\" content=\"image\/jpeg\" \/>\n<meta name=\"twitter:card\" content=\"summary_large_image\" \/>\n<meta name=\"twitter:label1\" content=\"Ber\u00e4knad l\u00e4stid\" \/>\n\t<meta name=\"twitter:data1\" content=\"2 minuter\" \/>\n<script type=\"application\/ld+json\" class=\"yoast-schema-graph\">{\"@context\":\"https:\/\/schema.org\",\"@graph\":[{\"@type\":\"WebPage\",\"@id\":\"https:\/\/www.heartfailurematters.org\/sv\/vad-din-lakare-eller-sjukskoterska-kan-gora\/klaffkirurgi\/\",\"url\":\"https:\/\/www.heartfailurematters.org\/sv\/vad-din-lakare-eller-sjukskoterska-kan-gora\/klaffkirurgi\/\",\"name\":\"Klaffkirurgi\",\"isPartOf\":{\"@id\":\"https:\/\/www.heartfailurematters.org\/sv\/#website\"},\"primaryImageOfPage\":{\"@id\":\"https:\/\/www.heartfailurematters.org\/sv\/vad-din-lakare-eller-sjukskoterska-kan-gora\/klaffkirurgi\/#primaryimage\"},\"image\":{\"@id\":\"https:\/\/www.heartfailurematters.org\/sv\/vad-din-lakare-eller-sjukskoterska-kan-gora\/klaffkirurgi\/#primaryimage\"},\"thumbnailUrl\":\"https:\/\/www.heartfailurematters.org\/wp-content\/uploads\/2022\/03\/shutterstock_2073525971-1-min.jpg\",\"datePublished\":\"2021-01-27T22:12:03+00:00\",\"dateModified\":\"2021-04-14T09:49:30+00:00\",\"description\":\"Under operationen kommer du att kopplas till en hj\u00e4rt-lungmaskin som levererar blod till hj\u00e4rnan och kroppen n\u00e4r den sjuka klaffen avl\u00e4gsnas och byts ut.\",\"breadcrumb\":{\"@id\":\"https:\/\/www.heartfailurematters.org\/sv\/vad-din-lakare-eller-sjukskoterska-kan-gora\/klaffkirurgi\/#breadcrumb\"},\"inLanguage\":\"sv-SE\",\"potentialAction\":[{\"@type\":\"ReadAction\",\"target\":[\"https:\/\/www.heartfailurematters.org\/sv\/vad-din-lakare-eller-sjukskoterska-kan-gora\/klaffkirurgi\/\"]}]},{\"@type\":\"ImageObject\",\"inLanguage\":\"sv-SE\",\"@id\":\"https:\/\/www.heartfailurematters.org\/sv\/vad-din-lakare-eller-sjukskoterska-kan-gora\/klaffkirurgi\/#primaryimage\",\"url\":\"https:\/\/www.heartfailurematters.org\/wp-content\/uploads\/2022\/03\/shutterstock_2073525971-1-min.jpg\",\"contentUrl\":\"https:\/\/www.heartfailurematters.org\/wp-content\/uploads\/2022\/03\/shutterstock_2073525971-1-min.jpg\",\"width\":900,\"height\":559},{\"@type\":\"BreadcrumbList\",\"@id\":\"https:\/\/www.heartfailurematters.org\/sv\/vad-din-lakare-eller-sjukskoterska-kan-gora\/klaffkirurgi\/#breadcrumb\",\"itemListElement\":[{\"@type\":\"ListItem\",\"position\":1,\"name\":\"Hem\",\"item\":\"https:\/\/www.heartfailurematters.org\/sv\/\"},{\"@type\":\"ListItem\",\"position\":2,\"name\":\"Vad din l\u00e4kare kan g\u00f6ra\",\"item\":\"https:\/\/www.heartfailurematters.org\/sv\/vad-din-lakare-eller-sjukskoterska-kan-gora\/\"},{\"@type\":\"ListItem\",\"position\":3,\"name\":\"Klaffkirurgi\"}]},{\"@type\":\"WebSite\",\"@id\":\"https:\/\/www.heartfailurematters.org\/sv\/#website\",\"url\":\"https:\/\/www.heartfailurematters.org\/sv\/\",\"name\":\"Heart Failure Matters\",\"description\":\"Practical information for patients, families and caregivers.\",\"publisher\":{\"@id\":\"https:\/\/www.heartfailurematters.org\/sv\/#organization\"},\"potentialAction\":[{\"@type\":\"SearchAction\",\"target\":{\"@type\":\"EntryPoint\",\"urlTemplate\":\"https:\/\/www.heartfailurematters.org\/sv\/?s={search_term_string}\"},\"query-input\":{\"@type\":\"PropertyValueSpecification\",\"valueRequired\":true,\"valueName\":\"search_term_string\"}}],\"inLanguage\":\"sv-SE\"},{\"@type\":\"Organization\",\"@id\":\"https:\/\/www.heartfailurematters.org\/sv\/#organization\",\"name\":\"Heart Failure Matters\",\"url\":\"https:\/\/www.heartfailurematters.org\/sv\/\",\"logo\":{\"@type\":\"ImageObject\",\"inLanguage\":\"sv-SE\",\"@id\":\"https:\/\/www.heartfailurematters.org\/sv\/#\/schema\/logo\/image\/\",\"url\":\"https:\/\/cdn-endpoint-hfm.azureedge.net\/heartfailurematters\/2024\/07\/hfm-logo1.jpg\",\"contentUrl\":\"https:\/\/cdn-endpoint-hfm.azureedge.net\/heartfailurematters\/2024\/07\/hfm-logo1.jpg\",\"width\":1280,\"height\":720,\"caption\":\"Heart Failure Matters\"},\"image\":{\"@id\":\"https:\/\/www.heartfailurematters.org\/sv\/#\/schema\/logo\/image\/\"},\"sameAs\":[\"https:\/\/www.facebook.com\/heartfailurematters\"]}]}<\/script>\n<!-- \/ Yoast SEO plugin. -->","yoast_head_json":{"title":"Klaffkirurgi","description":"Under operationen kommer du att kopplas till en hj\u00e4rt-lungmaskin som levererar blod till hj\u00e4rnan och kroppen n\u00e4r den sjuka klaffen avl\u00e4gsnas och byts ut.","robots":{"index":"index","follow":"follow","max-snippet":"max-snippet:-1","max-image-preview":"max-image-preview:large","max-video-preview":"max-video-preview:-1"},"canonical":"https:\/\/www.heartfailurematters.org\/sv\/vad-din-lakare-eller-sjukskoterska-kan-gora\/klaffkirurgi\/","og_locale":"sv_SE","og_type":"article","og_title":"Klaffkirurgi","og_description":"Under operationen kommer du att kopplas till en hj\u00e4rt-lungmaskin som levererar blod till hj\u00e4rnan och kroppen n\u00e4r den sjuka klaffen avl\u00e4gsnas och byts ut.","og_url":"https:\/\/www.heartfailurematters.org\/sv\/vad-din-lakare-eller-sjukskoterska-kan-gora\/klaffkirurgi\/","og_site_name":"Heart Failure Matters","article_publisher":"https:\/\/www.facebook.com\/heartfailurematters","article_modified_time":"2021-04-14T09:49:30+00:00","og_image":[{"width":900,"height":559,"url":"https:\/\/www.heartfailurematters.org\/wp-content\/uploads\/2022\/03\/shutterstock_2073525971-1-min.jpg","type":"image\/jpeg"}],"twitter_card":"summary_large_image","twitter_misc":{"Ber\u00e4knad l\u00e4stid":"2 minuter"},"schema":{"@context":"https:\/\/schema.org","@graph":[{"@type":"WebPage","@id":"https:\/\/www.heartfailurematters.org\/sv\/vad-din-lakare-eller-sjukskoterska-kan-gora\/klaffkirurgi\/","url":"https:\/\/www.heartfailurematters.org\/sv\/vad-din-lakare-eller-sjukskoterska-kan-gora\/klaffkirurgi\/","name":"Klaffkirurgi","isPartOf":{"@id":"https:\/\/www.heartfailurematters.org\/sv\/#website"},"primaryImageOfPage":{"@id":"https:\/\/www.heartfailurematters.org\/sv\/vad-din-lakare-eller-sjukskoterska-kan-gora\/klaffkirurgi\/#primaryimage"},"image":{"@id":"https:\/\/www.heartfailurematters.org\/sv\/vad-din-lakare-eller-sjukskoterska-kan-gora\/klaffkirurgi\/#primaryimage"},"thumbnailUrl":"https:\/\/www.heartfailurematters.org\/wp-content\/uploads\/2022\/03\/shutterstock_2073525971-1-min.jpg","datePublished":"2021-01-27T22:12:03+00:00","dateModified":"2021-04-14T09:49:30+00:00","description":"Under operationen kommer du att kopplas till en hj\u00e4rt-lungmaskin som levererar blod till hj\u00e4rnan och kroppen n\u00e4r den sjuka klaffen avl\u00e4gsnas och byts ut.","breadcrumb":{"@id":"https:\/\/www.heartfailurematters.org\/sv\/vad-din-lakare-eller-sjukskoterska-kan-gora\/klaffkirurgi\/#breadcrumb"},"inLanguage":"sv-SE","potentialAction":[{"@type":"ReadAction","target":["https:\/\/www.heartfailurematters.org\/sv\/vad-din-lakare-eller-sjukskoterska-kan-gora\/klaffkirurgi\/"]}]},{"@type":"ImageObject","inLanguage":"sv-SE","@id":"https:\/\/www.heartfailurematters.org\/sv\/vad-din-lakare-eller-sjukskoterska-kan-gora\/klaffkirurgi\/#primaryimage","url":"https:\/\/www.heartfailurematters.org\/wp-content\/uploads\/2022\/03\/shutterstock_2073525971-1-min.jpg","contentUrl":"https:\/\/www.heartfailurematters.org\/wp-content\/uploads\/2022\/03\/shutterstock_2073525971-1-min.jpg","width":900,"height":559},{"@type":"BreadcrumbList","@id":"https:\/\/www.heartfailurematters.org\/sv\/vad-din-lakare-eller-sjukskoterska-kan-gora\/klaffkirurgi\/#breadcrumb","itemListElement":[{"@type":"ListItem","position":1,"name":"Hem","item":"https:\/\/www.heartfailurematters.org\/sv\/"},{"@type":"ListItem","position":2,"name":"Vad din l\u00e4kare kan g\u00f6ra","item":"https:\/\/www.heartfailurematters.org\/sv\/vad-din-lakare-eller-sjukskoterska-kan-gora\/"},{"@type":"ListItem","position":3,"name":"Klaffkirurgi"}]},{"@type":"WebSite","@id":"https:\/\/www.heartfailurematters.org\/sv\/#website","url":"https:\/\/www.heartfailurematters.org\/sv\/","name":"Heart Failure Matters","description":"Practical information for patients, families and caregivers.","publisher":{"@id":"https:\/\/www.heartfailurematters.org\/sv\/#organization"},"potentialAction":[{"@type":"SearchAction","target":{"@type":"EntryPoint","urlTemplate":"https:\/\/www.heartfailurematters.org\/sv\/?s={search_term_string}"},"query-input":{"@type":"PropertyValueSpecification","valueRequired":true,"valueName":"search_term_string"}}],"inLanguage":"sv-SE"},{"@type":"Organization","@id":"https:\/\/www.heartfailurematters.org\/sv\/#organization","name":"Heart Failure Matters","url":"https:\/\/www.heartfailurematters.org\/sv\/","logo":{"@type":"ImageObject","inLanguage":"sv-SE","@id":"https:\/\/www.heartfailurematters.org\/sv\/#\/schema\/logo\/image\/","url":"https:\/\/cdn-endpoint-hfm.azureedge.net\/heartfailurematters\/2024\/07\/hfm-logo1.jpg","contentUrl":"https:\/\/cdn-endpoint-hfm.azureedge.net\/heartfailurematters\/2024\/07\/hfm-logo1.jpg","width":1280,"height":720,"caption":"Heart Failure Matters"},"image":{"@id":"https:\/\/www.heartfailurematters.org\/sv\/#\/schema\/logo\/image\/"},"sameAs":["https:\/\/www.facebook.com\/heartfailurematters"]}]}},"_links":{"self":[{"href":"https:\/\/www.heartfailurematters.org\/sv\/wp-json\/wp\/v2\/pages\/2523","targetHints":{"allow":["GET"]}}],"collection":[{"href":"https:\/\/www.heartfailurematters.org\/sv\/wp-json\/wp\/v2\/pages"}],"about":[{"href":"https:\/\/www.heartfailurematters.org\/sv\/wp-json\/wp\/v2\/types\/page"}],"author":[{"embeddable":true,"href":"https:\/\/www.heartfailurematters.org\/sv\/wp-json\/wp\/v2\/users\/1"}],"replies":[{"embeddable":true,"href":"https:\/\/www.heartfailurematters.org\/sv\/wp-json\/wp\/v2\/comments?post=2523"}],"version-history":[{"count":1,"href":"https:\/\/www.heartfailurematters.org\/sv\/wp-json\/wp\/v2\/pages\/2523\/revisions"}],"predecessor-version":[{"id":8635,"href":"https:\/\/www.heartfailurematters.org\/sv\/wp-json\/wp\/v2\/pages\/2523\/revisions\/8635"}],"up":[{"embeddable":true,"href":"https:\/\/www.heartfailurematters.org\/sv\/wp-json\/wp\/v2\/pages\/2685"}],"wp:featuredmedia":[{"embeddable":true,"href":"https:\/\/www.heartfailurematters.org\/sv\/wp-json\/wp\/v2\/media\/10939"}],"wp:attachment":[{"href":"https:\/\/www.heartfailurematters.org\/sv\/wp-json\/wp\/v2\/media?parent=2523"}],"wp:term":[{"taxonomy":"category","embeddable":true,"href":"https:\/\/www.heartfailurematters.org\/sv\/wp-json\/wp\/v2\/categories?post=2523"},{"taxonomy":"post_tag","embeddable":true,"href":"https:\/\/www.heartfailurematters.org\/sv\/wp-json\/wp\/v2\/tags?post=2523"}],"curies":[{"name":"wp","href":"https:\/\/api.w.org\/{rel}","templated":true}]}}