{"id":2522,"date":"2021-01-27T22:12:03","date_gmt":"2021-01-27T22:12:03","guid":{"rendered":"http:\/\/heartfailurematters.local:8888\/digitalis\/"},"modified":"2026-02-10T13:20:09","modified_gmt":"2026-02-10T13:20:09","slug":"digitalis","status":"publish","type":"page","link":"https:\/\/www.heartfailurematters.org\/sv\/vad-din-lakare-eller-sjukskoterska-kan-gora\/digitalis\/","title":{"rendered":"Digitalis"},"content":{"rendered":"<h2>Vad de g\u00f6r<\/h2>\n<p>De digitalispreparat som anv\u00e4nds mest \u00e4r <a class=\"addtooltip\" title=\"&lt;div id='ToolTipTextWrap'&gt;digoxin&lt;\/div&gt;&lt;p&gt; Ett l\u00e4kemedel som anv\u00e4nds f\u00f6r att kontrollera onormal hj\u00e4rtrytm och f\u00f6rb\u00e4ttra funktionen.&lt;\/p&gt;\"><strong>digoxin<\/strong><\/a> och digitoxin. B\u00e5da kan mildt st\u00e4rka ditt hj\u00e4rta och minska din hj\u00e4rtfrekvens n\u00e5got. Digitalis kan ocks\u00e5 minska <a class=\"addtooltip\" title=\"&lt;div id='ToolTipTextWrap'&gt;\u00f6dem&lt;\/div&gt;&lt;p&gt; svullnad i en v\u00e4vnad p\u00e5 grund av v\u00e4tskeansamling och v\u00e4tskestas.&lt;\/p&gt;\"><strong>\u00f6dem<\/strong><\/a> (svullnad orsakad av blodstockning). Det \u00e4r s\u00e4rskilt anv\u00e4ndbart f\u00f6r m\u00e4nniskor med oregelbunden hj\u00e4rtrytm, s\u00e4rskilt <a class=\"addtooltip\" title=\"&lt;div id='ToolTipTextWrap'&gt;atrial fibrillation&lt;\/div&gt;&lt;p&gt; Oregelbundna och ofta snabba slag i hj\u00e4rtats \u00f6vre v\u00e4nstra hj\u00e4rtrum (f\u00f6rmak) som leder till oregelbundna ventrikul\u00e4ra slag.&lt;\/p&gt;\"><strong> f\u00f6rmaksflimmer<\/strong><\/a> med snabb puls.<\/p>\n<h2>Vilka \u00e4r de f\u00f6rv\u00e4ntade f\u00f6rdelarna?<\/h2>\n<p>Digitalis hj\u00e4lper till att kontrollera din puls och f\u00f6rb\u00e4ttrar p\u00e5 s\u00e5 s\u00e4tt symtomen.<\/p>\n<h2>Biverkningar<\/h2>\n<p>Det \u00e4r viktigt att du f\u00e5r r\u00e4tt dos digoxin. Din l\u00e4kare eller sk\u00f6terska kommer att ta regelbundna blodprover f\u00f6r att kontrollera detta. Om du f\u00e5r f\u00f6r mycket digoxin kan du tappa aptiten eller bli illam\u00e5ende, f\u00e5 huvudv\u00e4rk eller dimsyn\/rubbat f\u00e4rgseende.<\/p>\n<p>Ibland kan h\u00f6ga niv\u00e5er av digoxin orsaka onormal hj\u00e4rtrytm som kan g\u00f6ra att du upplever <a class=\"addtooltip\" title=\"&lt;div id='ToolTipTextWrap'&gt;hj\u00e4rtklappning&lt;\/div&gt;&lt;p&gt;F\u00f6rnimmelser av uteblivna, extra eller oregelbundna hj\u00e4rtslag.&lt;\/p&gt;\"><strong>hj\u00e4rtklappning<\/strong><\/a> eller <a class=\"addtooltip\" title=\"&lt;div id='ToolTipTextWrap'&gt;svimning&lt;\/div&gt;&lt;p&gt;En term som anv\u00e4nds f\u00f6r en pl\u00f6tslig, tillf\u00e4llig f\u00f6rlust av medvetandet orsakad av ett minskat blodfl\u00f6de (och d\u00e4rf\u00f6r mindre syretillf\u00f6rsel) till hj\u00e4rnan. Det orsakas ofta av l\u00e5gt blodtryck eller en l\u00e5ngsam hj\u00e4rtfrekvens.&lt;\/p&gt;\"><strong>svimmar<\/strong><\/a>. Om du f\u00e5r n\u00e5got av dessa symtom ska du kontakta din l\u00e4kare.<\/p>\n<h2>Topptips<\/h2>\n<p>Om du har en l\u00e4gre niv\u00e5 \u00e4n genomsnittet av <a class=\"addtooltip\" title=\"&lt;div id='ToolTipTextWrap'&gt;kalium&lt;\/div&gt;&lt;p&gt;Ett v\u00e4sentligt mineral\u00e4mne som kroppen beh\u00f6ver f\u00f6r normal cellfunktion. Diuretika kan leda till minskad kaliumhalt.&lt;\/p&gt;\"><strong>kalium<\/strong><\/a> (det kan t.ex. ske om du har <a class=\"addtooltip\" title=\"&lt;div id='ToolTipTextWrap'&gt;insulin&lt;\/div&gt;&lt;p&gt; Ett hormon som produceras i bukspottk\u00f6rteln och g\u00f6r det m\u00f6jligt f\u00f6r kroppen att omvandla glukos till energi.&lt;\/p&gt;\"><strong>insulinberoende diabetes<\/strong><\/a> eller tar diuretika) \u00e4r det mer troligt att du har h\u00f6ga niv\u00e5er av digoxin. Du b\u00f6r d\u00e4rf\u00f6r se till att du kan k\u00e4nna igen tidiga tecken p\u00e5 alltf\u00f6r mycket digoxin, som illam\u00e5ende, aptitl\u00f6shet eller en extremt l\u00e5ngsam hj\u00e4rtrytm. Du b\u00f6r meddela din l\u00e4kare om du utvecklar n\u00e5got av dessa symtom.<\/p>\n<p>Innan du genomg\u00e5r n\u00e5gon form av operation, inklusive tandoperation eller akutv\u00e5rd, b\u00f6r du meddela din l\u00e4kare, tandl\u00e4kare eller kirurg om att du tar digoxin.<\/p>\n<h2>\u00c4ven k\u00e4nd som:<\/h2>\n<ul>\n<li> <strong> Digoxin<\/strong> (Lanoxin\u00ae, Lanicor\u00ae)<\/li>\n<li><strong>Acetyldigoxin<\/strong> (Novodigal\u00ae)<\/li>\n<li><strong>Metildigoxin<\/strong> (Lanitop\u00ae)<\/li>\n<li><strong>Digitoxin<\/strong> (Digitoxin AWD\u00ae)<\/li>\n<\/ul>\n<p><a href=\"https:\/\/www.heartfailurematters.org\/what-your-doctor-can-do\/heart-failure-medicines\/\">\u00c5terg\u00e5 till Hj\u00e4rtsviktsl\u00e4kemedel<\/a><\/p>\n","protected":false},"excerpt":{"rendered":"<p>Vad de g\u00f6r De digitalispreparat som anv\u00e4nds mest \u00e4r digoxin och digitoxin. B\u00e5da kan mildt st\u00e4rka ditt hj\u00e4rta och minska din hj\u00e4rtfrekvens n\u00e5got. Digitalis kan ocks\u00e5 minska \u00f6dem (svullnad orsakad av blodstockning). Det \u00e4r s\u00e4rskilt anv\u00e4ndbart f\u00f6r m\u00e4nniskor med oregelbunden hj\u00e4rtrytm, s\u00e4rskilt f\u00f6rmaksflimmer med snabb puls. Vilka \u00e4r de f\u00f6rv\u00e4ntade f\u00f6rdelarna? Digitalis hj\u00e4lper till att [&hellip;]<\/p>\n","protected":false},"author":1,"featured_media":10874,"parent":2685,"menu_order":0,"comment_status":"open","ping_status":"open","template":"","meta":{"_acf_changed":false,"footnotes":""},"categories":[],"tags":[],"class_list":["post-2522","page","type-page","status-publish","has-post-thumbnail","hentry"],"acf":[],"yoast_head":"<!-- This site is optimized with the Yoast SEO plugin v24.8.1 - https:\/\/yoast.com\/wordpress\/plugins\/seo\/ -->\n<title>Digitalis f\u00f6r patienter med hj\u00e4rtsvikt<\/title>\n<meta name=\"description\" content=\"Det digitalispreparat som anv\u00e4nds \u00e4r digoxin. B\u00e5da kan mildt st\u00e4rka ditt hj\u00e4rta och minska din hj\u00e4rtfrekvens n\u00e5got.\" \/>\n<meta name=\"robots\" content=\"index, follow, max-snippet:-1, max-image-preview:large, max-video-preview:-1\" \/>\n<link rel=\"canonical\" href=\"https:\/\/www.heartfailurematters.org\/sv\/vad-din-lakare-eller-sjukskoterska-kan-gora\/digitalis\/\" \/>\n<meta property=\"og:locale\" content=\"sv_SE\" \/>\n<meta property=\"og:type\" content=\"article\" \/>\n<meta property=\"og:title\" content=\"Digitalis f\u00f6r patienter med hj\u00e4rtsvikt\" \/>\n<meta property=\"og:description\" content=\"Det digitalispreparat som anv\u00e4nds \u00e4r digoxin. B\u00e5da kan mildt st\u00e4rka ditt hj\u00e4rta och minska din hj\u00e4rtfrekvens n\u00e5got.\" \/>\n<meta property=\"og:url\" content=\"https:\/\/www.heartfailurematters.org\/sv\/vad-din-lakare-eller-sjukskoterska-kan-gora\/digitalis\/\" \/>\n<meta property=\"og:site_name\" content=\"Heart Failure Matters\" \/>\n<meta property=\"article:publisher\" content=\"https:\/\/www.facebook.com\/heartfailurematters\" \/>\n<meta property=\"article:modified_time\" content=\"2026-02-10T13:20:09+00:00\" \/>\n<meta property=\"og:image\" content=\"https:\/\/www.heartfailurematters.org\/wp-content\/uploads\/2022\/03\/shutterstock_441673426-1-min.jpg\" \/>\n\t<meta property=\"og:image:width\" content=\"900\" \/>\n\t<meta property=\"og:image:height\" content=\"596\" \/>\n\t<meta property=\"og:image:type\" content=\"image\/jpeg\" \/>\n<meta name=\"twitter:card\" content=\"summary_large_image\" \/>\n<meta name=\"twitter:label1\" content=\"Ber\u00e4knad l\u00e4stid\" \/>\n\t<meta name=\"twitter:data1\" content=\"2 minuter\" \/>\n<script type=\"application\/ld+json\" class=\"yoast-schema-graph\">{\"@context\":\"https:\/\/schema.org\",\"@graph\":[{\"@type\":\"WebPage\",\"@id\":\"https:\/\/www.heartfailurematters.org\/sv\/vad-din-lakare-eller-sjukskoterska-kan-gora\/digitalis\/\",\"url\":\"https:\/\/www.heartfailurematters.org\/sv\/vad-din-lakare-eller-sjukskoterska-kan-gora\/digitalis\/\",\"name\":\"Digitalis f\u00f6r patienter med hj\u00e4rtsvikt\",\"isPartOf\":{\"@id\":\"https:\/\/www.heartfailurematters.org\/sv\/#website\"},\"primaryImageOfPage\":{\"@id\":\"https:\/\/www.heartfailurematters.org\/sv\/vad-din-lakare-eller-sjukskoterska-kan-gora\/digitalis\/#primaryimage\"},\"image\":{\"@id\":\"https:\/\/www.heartfailurematters.org\/sv\/vad-din-lakare-eller-sjukskoterska-kan-gora\/digitalis\/#primaryimage\"},\"thumbnailUrl\":\"https:\/\/www.heartfailurematters.org\/wp-content\/uploads\/2022\/03\/shutterstock_441673426-1-min.jpg\",\"datePublished\":\"2021-01-27T22:12:03+00:00\",\"dateModified\":\"2026-02-10T13:20:09+00:00\",\"description\":\"Det digitalispreparat som anv\u00e4nds \u00e4r digoxin. B\u00e5da kan mildt st\u00e4rka ditt hj\u00e4rta och minska din hj\u00e4rtfrekvens n\u00e5got.\",\"breadcrumb\":{\"@id\":\"https:\/\/www.heartfailurematters.org\/sv\/vad-din-lakare-eller-sjukskoterska-kan-gora\/digitalis\/#breadcrumb\"},\"inLanguage\":\"sv-SE\",\"potentialAction\":[{\"@type\":\"ReadAction\",\"target\":[\"https:\/\/www.heartfailurematters.org\/sv\/vad-din-lakare-eller-sjukskoterska-kan-gora\/digitalis\/\"]}]},{\"@type\":\"ImageObject\",\"inLanguage\":\"sv-SE\",\"@id\":\"https:\/\/www.heartfailurematters.org\/sv\/vad-din-lakare-eller-sjukskoterska-kan-gora\/digitalis\/#primaryimage\",\"url\":\"https:\/\/www.heartfailurematters.org\/wp-content\/uploads\/2022\/03\/shutterstock_441673426-1-min.jpg\",\"contentUrl\":\"https:\/\/www.heartfailurematters.org\/wp-content\/uploads\/2022\/03\/shutterstock_441673426-1-min.jpg\",\"width\":900,\"height\":596},{\"@type\":\"BreadcrumbList\",\"@id\":\"https:\/\/www.heartfailurematters.org\/sv\/vad-din-lakare-eller-sjukskoterska-kan-gora\/digitalis\/#breadcrumb\",\"itemListElement\":[{\"@type\":\"ListItem\",\"position\":1,\"name\":\"Hem\",\"item\":\"https:\/\/www.heartfailurematters.org\/sv\/\"},{\"@type\":\"ListItem\",\"position\":2,\"name\":\"Vad din l\u00e4kare kan g\u00f6ra\",\"item\":\"https:\/\/www.heartfailurematters.org\/sv\/vad-din-lakare-eller-sjukskoterska-kan-gora\/\"},{\"@type\":\"ListItem\",\"position\":3,\"name\":\"Digitalis\"}]},{\"@type\":\"WebSite\",\"@id\":\"https:\/\/www.heartfailurematters.org\/sv\/#website\",\"url\":\"https:\/\/www.heartfailurematters.org\/sv\/\",\"name\":\"Heart Failure Matters\",\"description\":\"Practical information for patients, families and caregivers.\",\"publisher\":{\"@id\":\"https:\/\/www.heartfailurematters.org\/sv\/#organization\"},\"potentialAction\":[{\"@type\":\"SearchAction\",\"target\":{\"@type\":\"EntryPoint\",\"urlTemplate\":\"https:\/\/www.heartfailurematters.org\/sv\/?s={search_term_string}\"},\"query-input\":{\"@type\":\"PropertyValueSpecification\",\"valueRequired\":true,\"valueName\":\"search_term_string\"}}],\"inLanguage\":\"sv-SE\"},{\"@type\":\"Organization\",\"@id\":\"https:\/\/www.heartfailurematters.org\/sv\/#organization\",\"name\":\"Heart Failure Matters\",\"url\":\"https:\/\/www.heartfailurematters.org\/sv\/\",\"logo\":{\"@type\":\"ImageObject\",\"inLanguage\":\"sv-SE\",\"@id\":\"https:\/\/www.heartfailurematters.org\/sv\/#\/schema\/logo\/image\/\",\"url\":\"https:\/\/cdn-endpoint-hfm.azureedge.net\/heartfailurematters\/2024\/07\/hfm-logo1.jpg\",\"contentUrl\":\"https:\/\/cdn-endpoint-hfm.azureedge.net\/heartfailurematters\/2024\/07\/hfm-logo1.jpg\",\"width\":1280,\"height\":720,\"caption\":\"Heart Failure Matters\"},\"image\":{\"@id\":\"https:\/\/www.heartfailurematters.org\/sv\/#\/schema\/logo\/image\/\"},\"sameAs\":[\"https:\/\/www.facebook.com\/heartfailurematters\"]}]}<\/script>\n<!-- \/ Yoast SEO plugin. -->","yoast_head_json":{"title":"Digitalis f\u00f6r patienter med hj\u00e4rtsvikt","description":"Det digitalispreparat som anv\u00e4nds \u00e4r digoxin. B\u00e5da kan mildt st\u00e4rka ditt hj\u00e4rta och minska din hj\u00e4rtfrekvens n\u00e5got.","robots":{"index":"index","follow":"follow","max-snippet":"max-snippet:-1","max-image-preview":"max-image-preview:large","max-video-preview":"max-video-preview:-1"},"canonical":"https:\/\/www.heartfailurematters.org\/sv\/vad-din-lakare-eller-sjukskoterska-kan-gora\/digitalis\/","og_locale":"sv_SE","og_type":"article","og_title":"Digitalis f\u00f6r patienter med hj\u00e4rtsvikt","og_description":"Det digitalispreparat som anv\u00e4nds \u00e4r digoxin. B\u00e5da kan mildt st\u00e4rka ditt hj\u00e4rta och minska din hj\u00e4rtfrekvens n\u00e5got.","og_url":"https:\/\/www.heartfailurematters.org\/sv\/vad-din-lakare-eller-sjukskoterska-kan-gora\/digitalis\/","og_site_name":"Heart Failure Matters","article_publisher":"https:\/\/www.facebook.com\/heartfailurematters","article_modified_time":"2026-02-10T13:20:09+00:00","og_image":[{"width":900,"height":596,"url":"https:\/\/www.heartfailurematters.org\/wp-content\/uploads\/2022\/03\/shutterstock_441673426-1-min.jpg","type":"image\/jpeg"}],"twitter_card":"summary_large_image","twitter_misc":{"Ber\u00e4knad l\u00e4stid":"2 minuter"},"schema":{"@context":"https:\/\/schema.org","@graph":[{"@type":"WebPage","@id":"https:\/\/www.heartfailurematters.org\/sv\/vad-din-lakare-eller-sjukskoterska-kan-gora\/digitalis\/","url":"https:\/\/www.heartfailurematters.org\/sv\/vad-din-lakare-eller-sjukskoterska-kan-gora\/digitalis\/","name":"Digitalis f\u00f6r patienter med hj\u00e4rtsvikt","isPartOf":{"@id":"https:\/\/www.heartfailurematters.org\/sv\/#website"},"primaryImageOfPage":{"@id":"https:\/\/www.heartfailurematters.org\/sv\/vad-din-lakare-eller-sjukskoterska-kan-gora\/digitalis\/#primaryimage"},"image":{"@id":"https:\/\/www.heartfailurematters.org\/sv\/vad-din-lakare-eller-sjukskoterska-kan-gora\/digitalis\/#primaryimage"},"thumbnailUrl":"https:\/\/www.heartfailurematters.org\/wp-content\/uploads\/2022\/03\/shutterstock_441673426-1-min.jpg","datePublished":"2021-01-27T22:12:03+00:00","dateModified":"2026-02-10T13:20:09+00:00","description":"Det digitalispreparat som anv\u00e4nds \u00e4r digoxin. B\u00e5da kan mildt st\u00e4rka ditt hj\u00e4rta och minska din hj\u00e4rtfrekvens n\u00e5got.","breadcrumb":{"@id":"https:\/\/www.heartfailurematters.org\/sv\/vad-din-lakare-eller-sjukskoterska-kan-gora\/digitalis\/#breadcrumb"},"inLanguage":"sv-SE","potentialAction":[{"@type":"ReadAction","target":["https:\/\/www.heartfailurematters.org\/sv\/vad-din-lakare-eller-sjukskoterska-kan-gora\/digitalis\/"]}]},{"@type":"ImageObject","inLanguage":"sv-SE","@id":"https:\/\/www.heartfailurematters.org\/sv\/vad-din-lakare-eller-sjukskoterska-kan-gora\/digitalis\/#primaryimage","url":"https:\/\/www.heartfailurematters.org\/wp-content\/uploads\/2022\/03\/shutterstock_441673426-1-min.jpg","contentUrl":"https:\/\/www.heartfailurematters.org\/wp-content\/uploads\/2022\/03\/shutterstock_441673426-1-min.jpg","width":900,"height":596},{"@type":"BreadcrumbList","@id":"https:\/\/www.heartfailurematters.org\/sv\/vad-din-lakare-eller-sjukskoterska-kan-gora\/digitalis\/#breadcrumb","itemListElement":[{"@type":"ListItem","position":1,"name":"Hem","item":"https:\/\/www.heartfailurematters.org\/sv\/"},{"@type":"ListItem","position":2,"name":"Vad din l\u00e4kare kan g\u00f6ra","item":"https:\/\/www.heartfailurematters.org\/sv\/vad-din-lakare-eller-sjukskoterska-kan-gora\/"},{"@type":"ListItem","position":3,"name":"Digitalis"}]},{"@type":"WebSite","@id":"https:\/\/www.heartfailurematters.org\/sv\/#website","url":"https:\/\/www.heartfailurematters.org\/sv\/","name":"Heart Failure Matters","description":"Practical information for patients, families and caregivers.","publisher":{"@id":"https:\/\/www.heartfailurematters.org\/sv\/#organization"},"potentialAction":[{"@type":"SearchAction","target":{"@type":"EntryPoint","urlTemplate":"https:\/\/www.heartfailurematters.org\/sv\/?s={search_term_string}"},"query-input":{"@type":"PropertyValueSpecification","valueRequired":true,"valueName":"search_term_string"}}],"inLanguage":"sv-SE"},{"@type":"Organization","@id":"https:\/\/www.heartfailurematters.org\/sv\/#organization","name":"Heart Failure Matters","url":"https:\/\/www.heartfailurematters.org\/sv\/","logo":{"@type":"ImageObject","inLanguage":"sv-SE","@id":"https:\/\/www.heartfailurematters.org\/sv\/#\/schema\/logo\/image\/","url":"https:\/\/cdn-endpoint-hfm.azureedge.net\/heartfailurematters\/2024\/07\/hfm-logo1.jpg","contentUrl":"https:\/\/cdn-endpoint-hfm.azureedge.net\/heartfailurematters\/2024\/07\/hfm-logo1.jpg","width":1280,"height":720,"caption":"Heart Failure Matters"},"image":{"@id":"https:\/\/www.heartfailurematters.org\/sv\/#\/schema\/logo\/image\/"},"sameAs":["https:\/\/www.facebook.com\/heartfailurematters"]}]}},"_links":{"self":[{"href":"https:\/\/www.heartfailurematters.org\/sv\/wp-json\/wp\/v2\/pages\/2522","targetHints":{"allow":["GET"]}}],"collection":[{"href":"https:\/\/www.heartfailurematters.org\/sv\/wp-json\/wp\/v2\/pages"}],"about":[{"href":"https:\/\/www.heartfailurematters.org\/sv\/wp-json\/wp\/v2\/types\/page"}],"author":[{"embeddable":true,"href":"https:\/\/www.heartfailurematters.org\/sv\/wp-json\/wp\/v2\/users\/1"}],"replies":[{"embeddable":true,"href":"https:\/\/www.heartfailurematters.org\/sv\/wp-json\/wp\/v2\/comments?post=2522"}],"version-history":[{"count":2,"href":"https:\/\/www.heartfailurematters.org\/sv\/wp-json\/wp\/v2\/pages\/2522\/revisions"}],"predecessor-version":[{"id":13965,"href":"https:\/\/www.heartfailurematters.org\/sv\/wp-json\/wp\/v2\/pages\/2522\/revisions\/13965"}],"up":[{"embeddable":true,"href":"https:\/\/www.heartfailurematters.org\/sv\/wp-json\/wp\/v2\/pages\/2685"}],"wp:featuredmedia":[{"embeddable":true,"href":"https:\/\/www.heartfailurematters.org\/sv\/wp-json\/wp\/v2\/media\/10874"}],"wp:attachment":[{"href":"https:\/\/www.heartfailurematters.org\/sv\/wp-json\/wp\/v2\/media?parent=2522"}],"wp:term":[{"taxonomy":"category","embeddable":true,"href":"https:\/\/www.heartfailurematters.org\/sv\/wp-json\/wp\/v2\/categories?post=2522"},{"taxonomy":"post_tag","embeddable":true,"href":"https:\/\/www.heartfailurematters.org\/sv\/wp-json\/wp\/v2\/tags?post=2522"}],"curies":[{"name":"wp","href":"https:\/\/api.w.org\/{rel}","templated":true}]}}