{"id":2519,"date":"2021-01-27T22:12:03","date_gmt":"2021-01-27T22:12:03","guid":{"rendered":"http:\/\/heartfailurematters.local:8888\/svullna-fotleder-ben-eller-buk\/"},"modified":"2021-02-16T11:42:39","modified_gmt":"2021-02-16T11:42:39","slug":"svullna-fotleder-ben-eller-buk","status":"publish","type":"page","link":"https:\/\/www.heartfailurematters.org\/sv\/att-forsta-hjartsvikt\/svullna-fotleder-ben-eller-buk\/","title":{"rendered":"Svullna fotleder, ben eller buk"},"content":{"rendered":"<p><img decoding=\"async\" class=\"alignleft size-full wp-image-6619\" src=\"https:\/\/www.heartfailurematters.org\/wp-content\/uploads\/2021\/02\/swollend-ankle.jpg\" alt=\"\" width=\"211\" height=\"206\" \/><\/p>\n<p>V\u00e4tskeansamling kan orsaka svullnad (\u00f6dem), s\u00e4rskilt i anklarna. Ibland kan det sprida sig till ben, l\u00e5r och mage.<\/p>\n<p>Din l\u00e4kare eller sjuksk\u00f6terska kan rekommendera att begr\u00e4nsa det du dricker varje dag, f\u00f6r att begr\u00e4nsa blodstockningen i kroppen. Hon eller han kan ocks\u00e5 rekommendera att du tar extra <a class=\"addtooltip\" title=\"&lt;div id='ToolTipTextWrap'&gt;Diuretika&lt;\/div&gt;&lt;p&gt; En grupp l\u00e4kemedel som p\u00e5verkar njurarna att producera mer urin, vilket minskar kvarh\u00e5llandet av v\u00e4tska och blodstockning.&lt;\/p&gt;\"><strong>diuretika<\/strong><\/a> n\u00e4r s\u00e5 beh\u00f6vs. Klicka h\u00e4r f\u00f6r mer tips om hur du kontrollerar ditt v\u00e4tskeintag. R\u00e5dg\u00f6r alltid med din l\u00e4kare eller sjuksk\u00f6terska innan du g\u00f6r n\u00e5gra f\u00f6r\u00e4ndringar betr\u00e4ffande ditt v\u00e4tskeintag.<\/p>\n<p><a title=\"F\u00f6r mer tips om hur du kontrollerar ditt v\u00e4tskeintag\" href=\"https:\/\/www.heartfailurematters.org\/sv\/vad-du-sjalv-kan-gora\/anpassa-kosten-vatska\/\">Klicka h\u00e4r<\/a> f\u00f6r mer tips om hur du kontrollerar ditt v\u00e4tskeintag.<\/p>\n<p>R\u00e5dg\u00f6r alltid med din l\u00e4kare eller sjuksk\u00f6terska innan du g\u00f6r n\u00e5gra f\u00f6r\u00e4ndringar betr\u00e4ffande ditt v\u00e4tskeintag.<\/p>\n<table border=\"1\" width=\"100%\" cellspacing=\"0\" cellpadding=\"0\">\n<tbody>\n<tr>\n<td style=\"width: 25%;\">\n<h2>Animation<\/h2>\n<\/td>\n<td style=\"text-align: left; vertical-align: middle; width: 75%;\"><\/td>\n<\/tr>\n<tr>\n<td style=\"width: 25%;\"><a class=\"lightview\" href=\"https:\/\/www.youtube.com\/embed\/oabn2cWylIA?hl=sv_SE&amp;autoplay=1;&amp;version=3&amp;rel=0&amp;showinfo=0\" data-lightview-options=\"width: 620, height: 450\" data-lightview-title=\"How heart failure causes fluid accumulation\" data-lightview-caption=\"The animation below shows how heart failure can lead to fluid accumulation in the body, affecting appetite and weight gain and leading to swolling legs and ankles.\"><img decoding=\"async\" src=\"https:\/\/www.heartfailurematters.org\/wp-content\/uploads\/2021\/02\/04-animation.jpg\" alt=\"\" width=\"180\" height=\"130\" class=\"alignleft size-full wp-image-5047\" \/><\/a><\/td>\n<td style=\"text-align: left; vertical-align: middle; width: 75%;\">Animation som f\u00f6rklarar hur hj\u00e4rtsvikt orsakar blodstockning<\/td>\n<\/tr>\n<\/tbody>\n<\/table>\n<p><a title=\"\u00c5terg\u00e5 till &quot;Symtom&quot;\" href=\"https:\/\/www.heartfailurematters.org\/sv\/att-forsta-hjartsvikt\/symtom-pa-hjartsvikt\/\">\u00c5terg\u00e5 till &#8221;Symtom&#8221;<\/a><\/p>\n","protected":false},"excerpt":{"rendered":"<p>V\u00e4tskeansamling kan orsaka svullnad (\u00f6dem), s\u00e4rskilt i anklarna. Ibland kan det sprida sig till ben, l\u00e5r och mage. Din l\u00e4kare eller sjuksk\u00f6terska kan rekommendera att begr\u00e4nsa det du dricker varje dag, f\u00f6r att begr\u00e4nsa blodstockningen i kroppen. Hon eller han kan ocks\u00e5 rekommendera att du tar extra diuretika n\u00e4r s\u00e5 beh\u00f6vs. Klicka h\u00e4r f\u00f6r mer [&hellip;]<\/p>\n","protected":false},"author":1,"featured_media":0,"parent":2421,"menu_order":0,"comment_status":"open","ping_status":"open","template":"","meta":{"_acf_changed":false,"footnotes":""},"categories":[],"tags":[],"class_list":["post-2519","page","type-page","status-publish","hentry"],"acf":[],"yoast_head":"<!-- This site is optimized with the Yoast SEO plugin v24.8.1 - https:\/\/yoast.com\/wordpress\/plugins\/seo\/ -->\n<title>Svullna anklar och hj\u00e4rtsvikt<\/title>\n<meta name=\"description\" content=\"Vid hj\u00e4rtsvikt kan v\u00e4tskeansamling orsaka svullna anklar. Ibland kan det sprida sig till ben, l\u00e5r och mage. Ta reda p\u00e5 mer\" \/>\n<meta name=\"robots\" content=\"index, follow, max-snippet:-1, max-image-preview:large, max-video-preview:-1\" \/>\n<link rel=\"canonical\" href=\"https:\/\/www.heartfailurematters.org\/sv\/att-forsta-hjartsvikt\/svullna-fotleder-ben-eller-buk\/\" \/>\n<meta property=\"og:locale\" content=\"sv_SE\" \/>\n<meta property=\"og:type\" content=\"article\" \/>\n<meta property=\"og:title\" content=\"Svullna anklar och hj\u00e4rtsvikt\" \/>\n<meta property=\"og:description\" content=\"Vid hj\u00e4rtsvikt kan v\u00e4tskeansamling orsaka svullna anklar. Ibland kan det sprida sig till ben, l\u00e5r och mage. Ta reda p\u00e5 mer\" \/>\n<meta property=\"og:url\" content=\"https:\/\/www.heartfailurematters.org\/sv\/att-forsta-hjartsvikt\/svullna-fotleder-ben-eller-buk\/\" \/>\n<meta property=\"og:site_name\" content=\"Heart Failure Matters\" \/>\n<meta property=\"article:publisher\" content=\"https:\/\/www.facebook.com\/heartfailurematters\" \/>\n<meta property=\"article:modified_time\" content=\"2021-02-16T11:42:39+00:00\" \/>\n<meta property=\"og:image\" content=\"https:\/\/www.heartfailurematters.org\/wp-content\/uploads\/2021\/02\/swollend-ankle.jpg\" \/>\n<meta name=\"twitter:card\" content=\"summary_large_image\" \/>\n<meta name=\"twitter:label1\" content=\"Ber\u00e4knad l\u00e4stid\" \/>\n\t<meta name=\"twitter:data1\" content=\"1 minut\" \/>\n<script type=\"application\/ld+json\" class=\"yoast-schema-graph\">{\"@context\":\"https:\/\/schema.org\",\"@graph\":[{\"@type\":\"WebPage\",\"@id\":\"https:\/\/www.heartfailurematters.org\/sv\/att-forsta-hjartsvikt\/svullna-fotleder-ben-eller-buk\/\",\"url\":\"https:\/\/www.heartfailurematters.org\/sv\/att-forsta-hjartsvikt\/svullna-fotleder-ben-eller-buk\/\",\"name\":\"Svullna anklar och hj\u00e4rtsvikt\",\"isPartOf\":{\"@id\":\"https:\/\/www.heartfailurematters.org\/sv\/#website\"},\"primaryImageOfPage\":{\"@id\":\"https:\/\/www.heartfailurematters.org\/sv\/att-forsta-hjartsvikt\/svullna-fotleder-ben-eller-buk\/#primaryimage\"},\"image\":{\"@id\":\"https:\/\/www.heartfailurematters.org\/sv\/att-forsta-hjartsvikt\/svullna-fotleder-ben-eller-buk\/#primaryimage\"},\"thumbnailUrl\":\"https:\/\/www.heartfailurematters.org\/wp-content\/uploads\/2021\/02\/swollend-ankle.jpg\",\"datePublished\":\"2021-01-27T22:12:03+00:00\",\"dateModified\":\"2021-02-16T11:42:39+00:00\",\"description\":\"Vid hj\u00e4rtsvikt kan v\u00e4tskeansamling orsaka svullna anklar. Ibland kan det sprida sig till ben, l\u00e5r och mage. Ta reda p\u00e5 mer\",\"breadcrumb\":{\"@id\":\"https:\/\/www.heartfailurematters.org\/sv\/att-forsta-hjartsvikt\/svullna-fotleder-ben-eller-buk\/#breadcrumb\"},\"inLanguage\":\"sv-SE\",\"potentialAction\":[{\"@type\":\"ReadAction\",\"target\":[\"https:\/\/www.heartfailurematters.org\/sv\/att-forsta-hjartsvikt\/svullna-fotleder-ben-eller-buk\/\"]}]},{\"@type\":\"ImageObject\",\"inLanguage\":\"sv-SE\",\"@id\":\"https:\/\/www.heartfailurematters.org\/sv\/att-forsta-hjartsvikt\/svullna-fotleder-ben-eller-buk\/#primaryimage\",\"url\":\"https:\/\/www.heartfailurematters.org\/wp-content\/uploads\/2021\/02\/swollend-ankle.jpg\",\"contentUrl\":\"https:\/\/www.heartfailurematters.org\/wp-content\/uploads\/2021\/02\/swollend-ankle.jpg\"},{\"@type\":\"BreadcrumbList\",\"@id\":\"https:\/\/www.heartfailurematters.org\/sv\/att-forsta-hjartsvikt\/svullna-fotleder-ben-eller-buk\/#breadcrumb\",\"itemListElement\":[{\"@type\":\"ListItem\",\"position\":1,\"name\":\"Hem\",\"item\":\"https:\/\/www.heartfailurematters.org\/sv\/\"},{\"@type\":\"ListItem\",\"position\":2,\"name\":\"Att f\u00f6rst\u00e5 hj\u00e4rtsvikt\",\"item\":\"https:\/\/www.heartfailurematters.org\/sv\/att-forsta-hjartsvikt\/\"},{\"@type\":\"ListItem\",\"position\":3,\"name\":\"Svullna fotleder, ben eller buk\"}]},{\"@type\":\"WebSite\",\"@id\":\"https:\/\/www.heartfailurematters.org\/sv\/#website\",\"url\":\"https:\/\/www.heartfailurematters.org\/sv\/\",\"name\":\"Heart Failure Matters\",\"description\":\"Practical information for patients, families and caregivers.\",\"publisher\":{\"@id\":\"https:\/\/www.heartfailurematters.org\/sv\/#organization\"},\"potentialAction\":[{\"@type\":\"SearchAction\",\"target\":{\"@type\":\"EntryPoint\",\"urlTemplate\":\"https:\/\/www.heartfailurematters.org\/sv\/?s={search_term_string}\"},\"query-input\":{\"@type\":\"PropertyValueSpecification\",\"valueRequired\":true,\"valueName\":\"search_term_string\"}}],\"inLanguage\":\"sv-SE\"},{\"@type\":\"Organization\",\"@id\":\"https:\/\/www.heartfailurematters.org\/sv\/#organization\",\"name\":\"Heart Failure Matters\",\"url\":\"https:\/\/www.heartfailurematters.org\/sv\/\",\"logo\":{\"@type\":\"ImageObject\",\"inLanguage\":\"sv-SE\",\"@id\":\"https:\/\/www.heartfailurematters.org\/sv\/#\/schema\/logo\/image\/\",\"url\":\"https:\/\/cdn-endpoint-hfm.azureedge.net\/heartfailurematters\/2024\/07\/hfm-logo1.jpg\",\"contentUrl\":\"https:\/\/cdn-endpoint-hfm.azureedge.net\/heartfailurematters\/2024\/07\/hfm-logo1.jpg\",\"width\":1280,\"height\":720,\"caption\":\"Heart Failure Matters\"},\"image\":{\"@id\":\"https:\/\/www.heartfailurematters.org\/sv\/#\/schema\/logo\/image\/\"},\"sameAs\":[\"https:\/\/www.facebook.com\/heartfailurematters\"]}]}<\/script>\n<!-- \/ Yoast SEO plugin. -->","yoast_head_json":{"title":"Svullna anklar och hj\u00e4rtsvikt","description":"Vid hj\u00e4rtsvikt kan v\u00e4tskeansamling orsaka svullna anklar. Ibland kan det sprida sig till ben, l\u00e5r och mage. Ta reda p\u00e5 mer","robots":{"index":"index","follow":"follow","max-snippet":"max-snippet:-1","max-image-preview":"max-image-preview:large","max-video-preview":"max-video-preview:-1"},"canonical":"https:\/\/www.heartfailurematters.org\/sv\/att-forsta-hjartsvikt\/svullna-fotleder-ben-eller-buk\/","og_locale":"sv_SE","og_type":"article","og_title":"Svullna anklar och hj\u00e4rtsvikt","og_description":"Vid hj\u00e4rtsvikt kan v\u00e4tskeansamling orsaka svullna anklar. Ibland kan det sprida sig till ben, l\u00e5r och mage. Ta reda p\u00e5 mer","og_url":"https:\/\/www.heartfailurematters.org\/sv\/att-forsta-hjartsvikt\/svullna-fotleder-ben-eller-buk\/","og_site_name":"Heart Failure Matters","article_publisher":"https:\/\/www.facebook.com\/heartfailurematters","article_modified_time":"2021-02-16T11:42:39+00:00","og_image":[{"url":"https:\/\/www.heartfailurematters.org\/wp-content\/uploads\/2021\/02\/swollend-ankle.jpg","type":"","width":"","height":""}],"twitter_card":"summary_large_image","twitter_misc":{"Ber\u00e4knad l\u00e4stid":"1 minut"},"schema":{"@context":"https:\/\/schema.org","@graph":[{"@type":"WebPage","@id":"https:\/\/www.heartfailurematters.org\/sv\/att-forsta-hjartsvikt\/svullna-fotleder-ben-eller-buk\/","url":"https:\/\/www.heartfailurematters.org\/sv\/att-forsta-hjartsvikt\/svullna-fotleder-ben-eller-buk\/","name":"Svullna anklar och hj\u00e4rtsvikt","isPartOf":{"@id":"https:\/\/www.heartfailurematters.org\/sv\/#website"},"primaryImageOfPage":{"@id":"https:\/\/www.heartfailurematters.org\/sv\/att-forsta-hjartsvikt\/svullna-fotleder-ben-eller-buk\/#primaryimage"},"image":{"@id":"https:\/\/www.heartfailurematters.org\/sv\/att-forsta-hjartsvikt\/svullna-fotleder-ben-eller-buk\/#primaryimage"},"thumbnailUrl":"https:\/\/www.heartfailurematters.org\/wp-content\/uploads\/2021\/02\/swollend-ankle.jpg","datePublished":"2021-01-27T22:12:03+00:00","dateModified":"2021-02-16T11:42:39+00:00","description":"Vid hj\u00e4rtsvikt kan v\u00e4tskeansamling orsaka svullna anklar. Ibland kan det sprida sig till ben, l\u00e5r och mage. Ta reda p\u00e5 mer","breadcrumb":{"@id":"https:\/\/www.heartfailurematters.org\/sv\/att-forsta-hjartsvikt\/svullna-fotleder-ben-eller-buk\/#breadcrumb"},"inLanguage":"sv-SE","potentialAction":[{"@type":"ReadAction","target":["https:\/\/www.heartfailurematters.org\/sv\/att-forsta-hjartsvikt\/svullna-fotleder-ben-eller-buk\/"]}]},{"@type":"ImageObject","inLanguage":"sv-SE","@id":"https:\/\/www.heartfailurematters.org\/sv\/att-forsta-hjartsvikt\/svullna-fotleder-ben-eller-buk\/#primaryimage","url":"https:\/\/www.heartfailurematters.org\/wp-content\/uploads\/2021\/02\/swollend-ankle.jpg","contentUrl":"https:\/\/www.heartfailurematters.org\/wp-content\/uploads\/2021\/02\/swollend-ankle.jpg"},{"@type":"BreadcrumbList","@id":"https:\/\/www.heartfailurematters.org\/sv\/att-forsta-hjartsvikt\/svullna-fotleder-ben-eller-buk\/#breadcrumb","itemListElement":[{"@type":"ListItem","position":1,"name":"Hem","item":"https:\/\/www.heartfailurematters.org\/sv\/"},{"@type":"ListItem","position":2,"name":"Att f\u00f6rst\u00e5 hj\u00e4rtsvikt","item":"https:\/\/www.heartfailurematters.org\/sv\/att-forsta-hjartsvikt\/"},{"@type":"ListItem","position":3,"name":"Svullna fotleder, ben eller buk"}]},{"@type":"WebSite","@id":"https:\/\/www.heartfailurematters.org\/sv\/#website","url":"https:\/\/www.heartfailurematters.org\/sv\/","name":"Heart Failure Matters","description":"Practical information for patients, families and caregivers.","publisher":{"@id":"https:\/\/www.heartfailurematters.org\/sv\/#organization"},"potentialAction":[{"@type":"SearchAction","target":{"@type":"EntryPoint","urlTemplate":"https:\/\/www.heartfailurematters.org\/sv\/?s={search_term_string}"},"query-input":{"@type":"PropertyValueSpecification","valueRequired":true,"valueName":"search_term_string"}}],"inLanguage":"sv-SE"},{"@type":"Organization","@id":"https:\/\/www.heartfailurematters.org\/sv\/#organization","name":"Heart Failure Matters","url":"https:\/\/www.heartfailurematters.org\/sv\/","logo":{"@type":"ImageObject","inLanguage":"sv-SE","@id":"https:\/\/www.heartfailurematters.org\/sv\/#\/schema\/logo\/image\/","url":"https:\/\/cdn-endpoint-hfm.azureedge.net\/heartfailurematters\/2024\/07\/hfm-logo1.jpg","contentUrl":"https:\/\/cdn-endpoint-hfm.azureedge.net\/heartfailurematters\/2024\/07\/hfm-logo1.jpg","width":1280,"height":720,"caption":"Heart Failure Matters"},"image":{"@id":"https:\/\/www.heartfailurematters.org\/sv\/#\/schema\/logo\/image\/"},"sameAs":["https:\/\/www.facebook.com\/heartfailurematters"]}]}},"_links":{"self":[{"href":"https:\/\/www.heartfailurematters.org\/sv\/wp-json\/wp\/v2\/pages\/2519","targetHints":{"allow":["GET"]}}],"collection":[{"href":"https:\/\/www.heartfailurematters.org\/sv\/wp-json\/wp\/v2\/pages"}],"about":[{"href":"https:\/\/www.heartfailurematters.org\/sv\/wp-json\/wp\/v2\/types\/page"}],"author":[{"embeddable":true,"href":"https:\/\/www.heartfailurematters.org\/sv\/wp-json\/wp\/v2\/users\/1"}],"replies":[{"embeddable":true,"href":"https:\/\/www.heartfailurematters.org\/sv\/wp-json\/wp\/v2\/comments?post=2519"}],"version-history":[{"count":1,"href":"https:\/\/www.heartfailurematters.org\/sv\/wp-json\/wp\/v2\/pages\/2519\/revisions"}],"predecessor-version":[{"id":6632,"href":"https:\/\/www.heartfailurematters.org\/sv\/wp-json\/wp\/v2\/pages\/2519\/revisions\/6632"}],"up":[{"embeddable":true,"href":"https:\/\/www.heartfailurematters.org\/sv\/wp-json\/wp\/v2\/pages\/2421"}],"wp:attachment":[{"href":"https:\/\/www.heartfailurematters.org\/sv\/wp-json\/wp\/v2\/media?parent=2519"}],"wp:term":[{"taxonomy":"category","embeddable":true,"href":"https:\/\/www.heartfailurematters.org\/sv\/wp-json\/wp\/v2\/categories?post=2519"},{"taxonomy":"post_tag","embeddable":true,"href":"https:\/\/www.heartfailurematters.org\/sv\/wp-json\/wp\/v2\/tags?post=2519"}],"curies":[{"name":"wp","href":"https:\/\/api.w.org\/{rel}","templated":true}]}}