{"id":2517,"date":"2021-01-27T22:12:03","date_gmt":"2021-01-27T22:12:03","guid":{"rendered":"http:\/\/heartfailurematters.local:8888\/att-delta-i-kliniska-provningar\/"},"modified":"2021-01-27T22:12:03","modified_gmt":"2021-01-27T22:12:03","slug":"att-delta-i-kliniska-provningar","status":"publish","type":"page","link":"https:\/\/www.heartfailurematters.org\/sv\/vad-din-lakare-eller-sjukskoterska-kan-gora\/att-delta-i-kliniska-provningar\/","title":{"rendered":"Att delta i kliniska pr\u00f6vningar"},"content":{"rendered":"<h2>Vad &auml;r kliniska pr&ouml;vningar?<\/h2>\n<p>Kliniska pr&ouml;vningar &auml;r forskning som syftar till att ge sjukv&aring;rdspersonal de bevis som kr&auml;vs f&ouml;r att s&auml;kerst&auml;lla att nya behandlingar vid hj&auml;rtsvikt kontinuerligt utvecklas och att de &auml;r s&auml;kra och effektiva att anv&auml;nda innan de g&ouml;rs tillg&auml;ngliga f&ouml;r behandling av patienter.<\/p>\n<p>F&ouml;r att till&aring;ta att nya l&auml;kemedel eller nya apparater ges till det stora flertalet patienter, m&aring;ste det f&ouml;rst testas f&ouml;r att s&auml;kerst&auml;lla de &auml;r s&auml;kra och fungerar. Kliniska pr&ouml;vningar anv&auml;nds f&ouml;r att testa effekten av en viss behandling p&aring; ett strikt vetenskapligt kontrollerat s&auml;tt.<\/p>\n<p>Kliniska pr&ouml;vningar utv&auml;rderas noggrant av utsedda etiska kommitt&eacute;er och statliga tillsynsmyndigheter f&ouml;r l&auml;kemedel f&ouml;r att se till att pr&ouml;vningen ger ett giltigt svar p&aring; fr&aring;gan det &auml;r t&auml;nkt att besvara (oftast om behandlingen fungerar utan alltf&ouml;r m&aring;nga biverkningar). Etiska kommitt&eacute;er kommer ocks&aring; att kontrollera att pr&ouml;vningen genomf&ouml;rs i enlighet med god klinisk praxis (Good Clinical Practice) (det vill s&auml;ga ett antal internationellt accepterade regler f&ouml;r att skydda personer som deltar i en pr&ouml;vning). En oberoende &ouml;vervakningskommitt&eacute; f&ouml;r datas&auml;kerhet brukar bildas f&ouml;r att kontinuerligt ta emot rapporter om h&auml;ndelser under hela pr&ouml;vningen. Kommitt&eacute;ns fr&auml;msta uppgift &auml;r att skydda de deltagande patienterna under pr&ouml;vningen. Tillsynsmyndigheter f&ouml;r l&auml;kemedel som EMA (European Medicine Agency) eller FDA (Food and Drug Administration) &ouml;vervakar s&auml;kerheten och l&aring;ngsiktiga effekter av l&auml;kemedel och apparater b&aring;de f&ouml;re och efter godk&auml;nnande.<\/p>\n<h2>Varf&ouml;r vill du delta i en klinisk pr&ouml;vning?<\/h2>\n<p>S&auml;krare och mer effektiva l&auml;kemedel utvecklas kontinuerligt. Det beh&ouml;vs kliniska pr&ouml;vningarna p&aring; verkliga patienter f&ouml;r att demonstrera dess f&ouml;rdelar, innan myndigheterna kan bed&ouml;ma om ett l&auml;kemedel &auml;r s&auml;kert och effektivt och licens kan erh&aring;llas f&ouml;r anv&auml;ndning p&aring; m&auml;nniskor. Om du v&auml;ljer att delta i en klinisk pr&ouml;vning kommer du att bidra till att forskningen av nya l&auml;kemedel utvecklats f&ouml;r att bli s&auml;krare och mer effektiva &auml;n existerande behandlingar.<\/p>\n<p>L&auml;kare som deltar i <a class=\"addtooltip\" title=\"Medicinska forskningsstudier p&aring; m&auml;nskliga patienter genomf&ouml;rs f&ouml;r att besvara specifika fr&aring;gor och f&ouml;rs&ouml;ka hitta b&auml;ttre s&auml;tt att f&ouml;rebygga, uppt&auml;cka eller behandla sjukdomar, s&aring;som hj&auml;rtsvikt, eller f&ouml;r att uppt&auml;cka eventuella l&auml;kemedelsbiverkningar.\"><strong>kliniska pr&ouml;vningar<\/strong><\/a> &auml;r ofta speciellt intresserade av det tillst&aring;nd som studeras. De kommer att f&ouml;rklara hur behandlingen g&aring;r till, innan du best&auml;mmer dig. Det b&ouml;r ocks&aring; vara l&auml;tt f&ouml;r dig att kontakta forskare och forskningssk&ouml;terskor om dina symtom f&ouml;rv&auml;rras. Du kan ofta f&aring; tillg&aring;ng till en behandling flera &aring;r innan den skulle vara tillg&auml;nglig f&ouml;r rutinbehandlingar.<\/p>\n<h2>Vad inneb&auml;r det?<\/h2>\n<p>Om du bed&ouml;ms vara en l&auml;mplig kandidat f&ouml;r att delta i en klinisk pr&ouml;vning kommer din l&auml;kare att f&ouml;rklara syftet med den kliniska pr&ouml;vningen och vad den kommer att inneb&auml;ra f&ouml;r dig. En grundlig <a title=\"En grundlig unders&ouml;kning av en patient d&auml;r man letar efter tecken p&aring; sjukdom eller avvikelser fr&aring;n det normala. \" class=\"addtooltip\"><strong>fysisk unders&ouml;kning<\/strong><\/a> och <a title=\"Uppgifter om en persons symtom, nyligen intr&auml;ffade eller tidigare sjukdomar och behandlingar, tidigare kirurgi eller ingrepp, anv&auml;ndning av mediciner och familjens sjukdomshistorik.\" class=\"addtooltip\"><strong>anamnes<\/strong><\/a> kommer att kr&auml;vas f&ouml;r att s&auml;kerst&auml;lla att du &auml;r l&auml;mplig f&ouml;r den kliniska pr&ouml;vningen i fr&aring;ga. Om du &auml;r l&auml;mplig, kommer du att utses f&ouml;r en behandling som testas och du kommer att f&aring; en behandlingsplan som du ska f&ouml;lja. Du kan ocks&aring; bli ombedd att fylla i en dagbok f&ouml;r att anteckna eventuella f&ouml;r&auml;ndringar i din h&auml;lsa, och du kan bli ombedd att &aring;terv&auml;nda till kliniken f&ouml;r regelbundna utv&auml;rderingar. Dessa extra uppf&ouml;ljningsbes&ouml;k syftar ofta till att f&ouml;rb&auml;ttra din v&aring;rd p&aring; l&aring;ng sikt.<\/p>\n<p>Din prim&auml;rv&aring;rdsl&auml;kare kommer att involveras och informeras n&auml;r du b&ouml;rjar delta i studien och kommer att f&aring; en skriftlig sammanfattning i slutet av pr&ouml;vningen.<\/p>\n<p>N&auml;r tv&aring; l&auml;kemedel j&auml;mf&ouml;rs kan den kliniska pr&ouml;vningen vara <a title=\"En blindad klinisk studie &auml;r en studie av ett l&auml;kemedel d&auml;r mottagaren inte vet om hon\/han f&aring;r det aktiva studiel&auml;kemedlet eller en placebo (sockerpiller). \" class=\"addtooltip\"> <strong>blindad<\/strong><\/a>. Det inneb&auml;r att varken du eller din l&auml;kare (eller ingen av er &ndash; vilket kallas <a title=\"En dubbelblind klinisk studie &auml;r en studie av ett l&auml;kemedel d&auml;r varken mottagaren eller unders&ouml;karen vet om mottagaren f&aring;r det aktiva studiel&auml;kemedlet eller en placebo.\" class=\"addtooltip\"><strong>dubbelblind<\/strong><\/a>) kommer att veta vilken specifik medicin du f&aring;r. Det g&ouml;rs f&ouml;r att undvika alla f&ouml;rutfattade meningar som kan bli f&ouml;ljden av att du vet\/inte vet att du f&aring;r l&auml;kemedlet som unders&ouml;ks i pr&ouml;vningen. Data Safety Monitoring-kommitt&eacute;n &auml;r oblindad under hela f&ouml;rs&ouml;ket f&ouml;r att garantera patients&auml;kerheten.<\/p>\n<p>Du kan ocks&aring; f&aring; ett inaktivt medel, som kallas <a title=\"En inaktiv tablett (sockerpiller) eller medicin som anv&auml;nds i kliniska pr&ouml;vningar.\" class=\"addtooltip\"><strong>placebo<\/strong><\/a>, eller sockerpiller. Det anv&auml;nds f&ouml;r att se den nya behandlingen ger n&aring;gra andra effekter &auml;n standardbehandling.<\/p>\n<h2>Fr&aring;ga din l&auml;kare<\/h2>\n<ul>\n<li>Hur l&auml;nge kommer pr&ouml;vningen att p&aring;g&aring;?<\/li>\n<li>Kan jag &auml;ndra mig n&auml;r pr&ouml;vningen v&auml;l har startat?<\/li>\n<li>Hur ofta beh&ouml;ver jag g&ouml;ra kliniska utv&auml;rderingar?<\/li>\n<li>Kan jag f&aring; veta om jag tar det unders&ouml;kta l&auml;kemedlet?<\/li>\n<li>Vad finns det f&ouml;r biverkningar och potentiella risker med att ta ett forskningsl&auml;kemedel?<\/li>\n<li>Kan jag forts&auml;tta med behandlingen efter att pr&ouml;vningen har avslutats?<\/li>\n<\/ul>\n","protected":false},"excerpt":{"rendered":"<p>Vad &auml;r kliniska pr&ouml;vningar? Kliniska pr&ouml;vningar &auml;r forskning som syftar till att ge sjukv&aring;rdspersonal de bevis som kr&auml;vs f&ouml;r att s&auml;kerst&auml;lla att nya behandlingar vid hj&auml;rtsvikt kontinuerligt utvecklas och att de &auml;r s&auml;kra och effektiva att anv&auml;nda innan de g&ouml;rs tillg&auml;ngliga f&ouml;r behandling av patienter. F&ouml;r att till&aring;ta att nya l&auml;kemedel eller nya apparater ges [&hellip;]<\/p>\n","protected":false},"author":1,"featured_media":10543,"parent":2685,"menu_order":10,"comment_status":"open","ping_status":"closed","template":"","meta":{"_acf_changed":false,"footnotes":""},"categories":[150],"tags":[],"class_list":["post-2517","page","type-page","status-publish","has-post-thumbnail","hentry","category-what-can-your-doctor-do-sv"],"acf":[],"yoast_head":"<!-- This site is optimized with the Yoast SEO plugin v24.8.1 - https:\/\/yoast.com\/wordpress\/plugins\/seo\/ -->\n<title>Att delta i kliniska pr\u00f6vningar<\/title>\n<meta name=\"description\" content=\"Kliniska pr\u00f6vningar ger sjukv\u00e5rdspersonal de bevis som kr\u00e4vs f\u00f6r att s\u00e4kerst\u00e4lla att nya behandlingar vid hj\u00e4rtsvikt kontinuerligt utvecklas och att de \u00e4r s\u00e4kra och effektiva att anv\u00e4nda innan de g\u00f6rs tillg\u00e4ngliga f\u00f6r behandling av patienter.\" \/>\n<meta name=\"robots\" content=\"index, follow, max-snippet:-1, max-image-preview:large, max-video-preview:-1\" \/>\n<link rel=\"canonical\" href=\"https:\/\/www.heartfailurematters.org\/sv\/vad-din-lakare-eller-sjukskoterska-kan-gora\/att-delta-i-kliniska-provningar\/\" \/>\n<meta property=\"og:locale\" content=\"sv_SE\" \/>\n<meta property=\"og:type\" content=\"article\" \/>\n<meta property=\"og:title\" content=\"Att delta i kliniska pr\u00f6vningar\" \/>\n<meta property=\"og:description\" content=\"Kliniska pr\u00f6vningar ger sjukv\u00e5rdspersonal de bevis som kr\u00e4vs f\u00f6r att s\u00e4kerst\u00e4lla att nya behandlingar vid hj\u00e4rtsvikt kontinuerligt utvecklas och att de \u00e4r s\u00e4kra och effektiva att anv\u00e4nda innan de g\u00f6rs tillg\u00e4ngliga f\u00f6r behandling av patienter.\" \/>\n<meta property=\"og:url\" content=\"https:\/\/www.heartfailurematters.org\/sv\/vad-din-lakare-eller-sjukskoterska-kan-gora\/att-delta-i-kliniska-provningar\/\" \/>\n<meta property=\"og:site_name\" content=\"Heart Failure Matters\" \/>\n<meta property=\"article:publisher\" content=\"https:\/\/www.facebook.com\/heartfailurematters\" \/>\n<meta property=\"og:image\" content=\"https:\/\/www.heartfailurematters.org\/wp-content\/uploads\/2022\/02\/shutterstock_258402434-1-min.jpg\" \/>\n\t<meta property=\"og:image:width\" content=\"900\" \/>\n\t<meta property=\"og:image:height\" content=\"475\" \/>\n\t<meta property=\"og:image:type\" content=\"image\/jpeg\" \/>\n<meta name=\"twitter:card\" content=\"summary_large_image\" \/>\n<meta name=\"twitter:label1\" content=\"Ber\u00e4knad l\u00e4stid\" \/>\n\t<meta name=\"twitter:data1\" content=\"5 minuter\" \/>\n<script type=\"application\/ld+json\" class=\"yoast-schema-graph\">{\"@context\":\"https:\/\/schema.org\",\"@graph\":[{\"@type\":\"WebPage\",\"@id\":\"https:\/\/www.heartfailurematters.org\/sv\/vad-din-lakare-eller-sjukskoterska-kan-gora\/att-delta-i-kliniska-provningar\/\",\"url\":\"https:\/\/www.heartfailurematters.org\/sv\/vad-din-lakare-eller-sjukskoterska-kan-gora\/att-delta-i-kliniska-provningar\/\",\"name\":\"Att delta i kliniska pr\u00f6vningar\",\"isPartOf\":{\"@id\":\"https:\/\/www.heartfailurematters.org\/sv\/#website\"},\"primaryImageOfPage\":{\"@id\":\"https:\/\/www.heartfailurematters.org\/sv\/vad-din-lakare-eller-sjukskoterska-kan-gora\/att-delta-i-kliniska-provningar\/#primaryimage\"},\"image\":{\"@id\":\"https:\/\/www.heartfailurematters.org\/sv\/vad-din-lakare-eller-sjukskoterska-kan-gora\/att-delta-i-kliniska-provningar\/#primaryimage\"},\"thumbnailUrl\":\"https:\/\/www.heartfailurematters.org\/wp-content\/uploads\/2022\/02\/shutterstock_258402434-1-min.jpg\",\"datePublished\":\"2021-01-27T22:12:03+00:00\",\"description\":\"Kliniska pr\u00f6vningar ger sjukv\u00e5rdspersonal de bevis som kr\u00e4vs f\u00f6r att s\u00e4kerst\u00e4lla att nya behandlingar vid hj\u00e4rtsvikt kontinuerligt utvecklas och att de \u00e4r s\u00e4kra och effektiva att anv\u00e4nda innan de g\u00f6rs tillg\u00e4ngliga f\u00f6r behandling av patienter.\",\"breadcrumb\":{\"@id\":\"https:\/\/www.heartfailurematters.org\/sv\/vad-din-lakare-eller-sjukskoterska-kan-gora\/att-delta-i-kliniska-provningar\/#breadcrumb\"},\"inLanguage\":\"sv-SE\",\"potentialAction\":[{\"@type\":\"ReadAction\",\"target\":[\"https:\/\/www.heartfailurematters.org\/sv\/vad-din-lakare-eller-sjukskoterska-kan-gora\/att-delta-i-kliniska-provningar\/\"]}]},{\"@type\":\"ImageObject\",\"inLanguage\":\"sv-SE\",\"@id\":\"https:\/\/www.heartfailurematters.org\/sv\/vad-din-lakare-eller-sjukskoterska-kan-gora\/att-delta-i-kliniska-provningar\/#primaryimage\",\"url\":\"https:\/\/www.heartfailurematters.org\/wp-content\/uploads\/2022\/02\/shutterstock_258402434-1-min.jpg\",\"contentUrl\":\"https:\/\/www.heartfailurematters.org\/wp-content\/uploads\/2022\/02\/shutterstock_258402434-1-min.jpg\",\"width\":900,\"height\":475},{\"@type\":\"BreadcrumbList\",\"@id\":\"https:\/\/www.heartfailurematters.org\/sv\/vad-din-lakare-eller-sjukskoterska-kan-gora\/att-delta-i-kliniska-provningar\/#breadcrumb\",\"itemListElement\":[{\"@type\":\"ListItem\",\"position\":1,\"name\":\"Hem\",\"item\":\"https:\/\/www.heartfailurematters.org\/sv\/\"},{\"@type\":\"ListItem\",\"position\":2,\"name\":\"Vad din l\u00e4kare kan g\u00f6ra\",\"item\":\"https:\/\/www.heartfailurematters.org\/sv\/vad-din-lakare-eller-sjukskoterska-kan-gora\/\"},{\"@type\":\"ListItem\",\"position\":3,\"name\":\"Att delta i kliniska pr\u00f6vningar\"}]},{\"@type\":\"WebSite\",\"@id\":\"https:\/\/www.heartfailurematters.org\/sv\/#website\",\"url\":\"https:\/\/www.heartfailurematters.org\/sv\/\",\"name\":\"Heart Failure Matters\",\"description\":\"Practical information for patients, families and caregivers.\",\"publisher\":{\"@id\":\"https:\/\/www.heartfailurematters.org\/sv\/#organization\"},\"potentialAction\":[{\"@type\":\"SearchAction\",\"target\":{\"@type\":\"EntryPoint\",\"urlTemplate\":\"https:\/\/www.heartfailurematters.org\/sv\/?s={search_term_string}\"},\"query-input\":{\"@type\":\"PropertyValueSpecification\",\"valueRequired\":true,\"valueName\":\"search_term_string\"}}],\"inLanguage\":\"sv-SE\"},{\"@type\":\"Organization\",\"@id\":\"https:\/\/www.heartfailurematters.org\/sv\/#organization\",\"name\":\"Heart Failure Matters\",\"url\":\"https:\/\/www.heartfailurematters.org\/sv\/\",\"logo\":{\"@type\":\"ImageObject\",\"inLanguage\":\"sv-SE\",\"@id\":\"https:\/\/www.heartfailurematters.org\/sv\/#\/schema\/logo\/image\/\",\"url\":\"https:\/\/cdn-endpoint-hfm.azureedge.net\/heartfailurematters\/2024\/07\/hfm-logo1.jpg\",\"contentUrl\":\"https:\/\/cdn-endpoint-hfm.azureedge.net\/heartfailurematters\/2024\/07\/hfm-logo1.jpg\",\"width\":1280,\"height\":720,\"caption\":\"Heart Failure Matters\"},\"image\":{\"@id\":\"https:\/\/www.heartfailurematters.org\/sv\/#\/schema\/logo\/image\/\"},\"sameAs\":[\"https:\/\/www.facebook.com\/heartfailurematters\"]}]}<\/script>\n<!-- \/ Yoast SEO plugin. -->","yoast_head_json":{"title":"Att delta i kliniska pr\u00f6vningar","description":"Kliniska pr\u00f6vningar ger sjukv\u00e5rdspersonal de bevis som kr\u00e4vs f\u00f6r att s\u00e4kerst\u00e4lla att nya behandlingar vid hj\u00e4rtsvikt kontinuerligt utvecklas och att de \u00e4r s\u00e4kra och effektiva att anv\u00e4nda innan de g\u00f6rs tillg\u00e4ngliga f\u00f6r behandling av patienter.","robots":{"index":"index","follow":"follow","max-snippet":"max-snippet:-1","max-image-preview":"max-image-preview:large","max-video-preview":"max-video-preview:-1"},"canonical":"https:\/\/www.heartfailurematters.org\/sv\/vad-din-lakare-eller-sjukskoterska-kan-gora\/att-delta-i-kliniska-provningar\/","og_locale":"sv_SE","og_type":"article","og_title":"Att delta i kliniska pr\u00f6vningar","og_description":"Kliniska pr\u00f6vningar ger sjukv\u00e5rdspersonal de bevis som kr\u00e4vs f\u00f6r att s\u00e4kerst\u00e4lla att nya behandlingar vid hj\u00e4rtsvikt kontinuerligt utvecklas och att de \u00e4r s\u00e4kra och effektiva att anv\u00e4nda innan de g\u00f6rs tillg\u00e4ngliga f\u00f6r behandling av patienter.","og_url":"https:\/\/www.heartfailurematters.org\/sv\/vad-din-lakare-eller-sjukskoterska-kan-gora\/att-delta-i-kliniska-provningar\/","og_site_name":"Heart Failure Matters","article_publisher":"https:\/\/www.facebook.com\/heartfailurematters","og_image":[{"width":900,"height":475,"url":"https:\/\/www.heartfailurematters.org\/wp-content\/uploads\/2022\/02\/shutterstock_258402434-1-min.jpg","type":"image\/jpeg"}],"twitter_card":"summary_large_image","twitter_misc":{"Ber\u00e4knad l\u00e4stid":"5 minuter"},"schema":{"@context":"https:\/\/schema.org","@graph":[{"@type":"WebPage","@id":"https:\/\/www.heartfailurematters.org\/sv\/vad-din-lakare-eller-sjukskoterska-kan-gora\/att-delta-i-kliniska-provningar\/","url":"https:\/\/www.heartfailurematters.org\/sv\/vad-din-lakare-eller-sjukskoterska-kan-gora\/att-delta-i-kliniska-provningar\/","name":"Att delta i kliniska pr\u00f6vningar","isPartOf":{"@id":"https:\/\/www.heartfailurematters.org\/sv\/#website"},"primaryImageOfPage":{"@id":"https:\/\/www.heartfailurematters.org\/sv\/vad-din-lakare-eller-sjukskoterska-kan-gora\/att-delta-i-kliniska-provningar\/#primaryimage"},"image":{"@id":"https:\/\/www.heartfailurematters.org\/sv\/vad-din-lakare-eller-sjukskoterska-kan-gora\/att-delta-i-kliniska-provningar\/#primaryimage"},"thumbnailUrl":"https:\/\/www.heartfailurematters.org\/wp-content\/uploads\/2022\/02\/shutterstock_258402434-1-min.jpg","datePublished":"2021-01-27T22:12:03+00:00","description":"Kliniska pr\u00f6vningar ger sjukv\u00e5rdspersonal de bevis som kr\u00e4vs f\u00f6r att s\u00e4kerst\u00e4lla att nya behandlingar vid hj\u00e4rtsvikt kontinuerligt utvecklas och att de \u00e4r s\u00e4kra och effektiva att anv\u00e4nda innan de g\u00f6rs tillg\u00e4ngliga f\u00f6r behandling av patienter.","breadcrumb":{"@id":"https:\/\/www.heartfailurematters.org\/sv\/vad-din-lakare-eller-sjukskoterska-kan-gora\/att-delta-i-kliniska-provningar\/#breadcrumb"},"inLanguage":"sv-SE","potentialAction":[{"@type":"ReadAction","target":["https:\/\/www.heartfailurematters.org\/sv\/vad-din-lakare-eller-sjukskoterska-kan-gora\/att-delta-i-kliniska-provningar\/"]}]},{"@type":"ImageObject","inLanguage":"sv-SE","@id":"https:\/\/www.heartfailurematters.org\/sv\/vad-din-lakare-eller-sjukskoterska-kan-gora\/att-delta-i-kliniska-provningar\/#primaryimage","url":"https:\/\/www.heartfailurematters.org\/wp-content\/uploads\/2022\/02\/shutterstock_258402434-1-min.jpg","contentUrl":"https:\/\/www.heartfailurematters.org\/wp-content\/uploads\/2022\/02\/shutterstock_258402434-1-min.jpg","width":900,"height":475},{"@type":"BreadcrumbList","@id":"https:\/\/www.heartfailurematters.org\/sv\/vad-din-lakare-eller-sjukskoterska-kan-gora\/att-delta-i-kliniska-provningar\/#breadcrumb","itemListElement":[{"@type":"ListItem","position":1,"name":"Hem","item":"https:\/\/www.heartfailurematters.org\/sv\/"},{"@type":"ListItem","position":2,"name":"Vad din l\u00e4kare kan g\u00f6ra","item":"https:\/\/www.heartfailurematters.org\/sv\/vad-din-lakare-eller-sjukskoterska-kan-gora\/"},{"@type":"ListItem","position":3,"name":"Att delta i kliniska pr\u00f6vningar"}]},{"@type":"WebSite","@id":"https:\/\/www.heartfailurematters.org\/sv\/#website","url":"https:\/\/www.heartfailurematters.org\/sv\/","name":"Heart Failure Matters","description":"Practical information for patients, families and caregivers.","publisher":{"@id":"https:\/\/www.heartfailurematters.org\/sv\/#organization"},"potentialAction":[{"@type":"SearchAction","target":{"@type":"EntryPoint","urlTemplate":"https:\/\/www.heartfailurematters.org\/sv\/?s={search_term_string}"},"query-input":{"@type":"PropertyValueSpecification","valueRequired":true,"valueName":"search_term_string"}}],"inLanguage":"sv-SE"},{"@type":"Organization","@id":"https:\/\/www.heartfailurematters.org\/sv\/#organization","name":"Heart Failure Matters","url":"https:\/\/www.heartfailurematters.org\/sv\/","logo":{"@type":"ImageObject","inLanguage":"sv-SE","@id":"https:\/\/www.heartfailurematters.org\/sv\/#\/schema\/logo\/image\/","url":"https:\/\/cdn-endpoint-hfm.azureedge.net\/heartfailurematters\/2024\/07\/hfm-logo1.jpg","contentUrl":"https:\/\/cdn-endpoint-hfm.azureedge.net\/heartfailurematters\/2024\/07\/hfm-logo1.jpg","width":1280,"height":720,"caption":"Heart Failure Matters"},"image":{"@id":"https:\/\/www.heartfailurematters.org\/sv\/#\/schema\/logo\/image\/"},"sameAs":["https:\/\/www.facebook.com\/heartfailurematters"]}]}},"_links":{"self":[{"href":"https:\/\/www.heartfailurematters.org\/sv\/wp-json\/wp\/v2\/pages\/2517","targetHints":{"allow":["GET"]}}],"collection":[{"href":"https:\/\/www.heartfailurematters.org\/sv\/wp-json\/wp\/v2\/pages"}],"about":[{"href":"https:\/\/www.heartfailurematters.org\/sv\/wp-json\/wp\/v2\/types\/page"}],"author":[{"embeddable":true,"href":"https:\/\/www.heartfailurematters.org\/sv\/wp-json\/wp\/v2\/users\/1"}],"replies":[{"embeddable":true,"href":"https:\/\/www.heartfailurematters.org\/sv\/wp-json\/wp\/v2\/comments?post=2517"}],"version-history":[{"count":0,"href":"https:\/\/www.heartfailurematters.org\/sv\/wp-json\/wp\/v2\/pages\/2517\/revisions"}],"up":[{"embeddable":true,"href":"https:\/\/www.heartfailurematters.org\/sv\/wp-json\/wp\/v2\/pages\/2685"}],"wp:featuredmedia":[{"embeddable":true,"href":"https:\/\/www.heartfailurematters.org\/sv\/wp-json\/wp\/v2\/media\/10543"}],"wp:attachment":[{"href":"https:\/\/www.heartfailurematters.org\/sv\/wp-json\/wp\/v2\/media?parent=2517"}],"wp:term":[{"taxonomy":"category","embeddable":true,"href":"https:\/\/www.heartfailurematters.org\/sv\/wp-json\/wp\/v2\/categories?post=2517"},{"taxonomy":"post_tag","embeddable":true,"href":"https:\/\/www.heartfailurematters.org\/sv\/wp-json\/wp\/v2\/tags?post=2517"}],"curies":[{"name":"wp","href":"https:\/\/api.w.org\/{rel}","templated":true}]}}