{"id":2516,"date":"2021-01-27T22:12:03","date_gmt":"2021-01-27T22:12:03","guid":{"rendered":"http:\/\/heartfailurematters.local:8888\/vad-kan-din-lakare-gora\/"},"modified":"2026-02-10T13:20:07","modified_gmt":"2026-02-10T13:20:07","slug":"vad-kan-din-lakare-gora","status":"publish","type":"page","link":"https:\/\/www.heartfailurematters.org\/sv\/vad-din-lakare-eller-sjukskoterska-kan-gora\/vad-kan-din-lakare-gora\/","title":{"rendered":"Inledning"},"content":{"rendered":"<p>F\u00f6r att m\u00e5 bra och hantera hj\u00e4rtsvikt p\u00e5 b\u00e4sta s\u00e4tt \u00e4r det av avg\u00f6rande betydelse att du f\u00e5r hj\u00e4lp av ett tv\u00e4rvetenskapligt sjukv\u00e5rdsteam! K\u00e4rnan i detta best\u00e5r av din allm\u00e4nl\u00e4kare, en hj\u00e4rtl\u00e4kare och en hj\u00e4rtsviktssjuksk\u00f6terska. Teamet tj\u00e4nar som ett ankare och en tillg\u00e4nglig kontaktpunkt n\u00e4r du ska hantera den stora m\u00e4ngd medicinsk information som \u00e4r viktig f\u00f6r dig. De kommer att hj\u00e4lpa dig att b\u00e4ttre f\u00f6rst\u00e5 ditt tillst\u00e5nd och dina risker, samt ge dig r\u00e5d om dina behandlingsalternativ och m\u00f6jligheter till f\u00f6rb\u00e4ttrad egenv\u00e5rd.<\/p>\n<p>Fr\u00e5ga din l\u00e4kare och sjuksk\u00f6terska! De \u00e4r utbildade f\u00f6r att svara p\u00e5 fr\u00e5gor som r\u00f6r l\u00e4kemedel mot hj\u00e4rtsvikt, inklusive l\u00e4kemedelseffekter och biverkningar, teknik och behandlingar s\u00e5som hj\u00e4rtresynkroniseringsbehandling (<a href=\"https:\/\/www.heartfailurematters.org\/what-your-doctor-can-do\/cardiac-resynchronisation-therapy-crt\/\">biventrikul\u00e4r pacemakerterapi, hj\u00e4rtsviktspacemaker<\/a>) och\/eller en implanterad defibrillator (<a href=\"https:\/\/www.heartfailurematters.org\/what-your-doctor-can-do\/implantable-cardioverter-defibrillator-icds\/\">ICD<\/a>) samt m\u00f6jliga kirurgiska alternativ. Dessutom kan de ge v\u00e4gledning om var du kan f\u00e5 ytterligare hj\u00e4lp, till exempel genom s\u00e4rskilda hj\u00e4rtsviktsprogram eller hj\u00e4rtsviktsmottagningar eller genom att delta i ett <a href=\"https:\/\/www.heartfailurematters.org\/what-your-doctor-can-do\/telemonitoring-remote-patient-monitoring-telemetry\/\">program p\u00e5 distans<\/a>.<\/p>\n<p>I f\u00f6ljande avsnitt beskrivs de olika behandlingarna och tj\u00e4nsterna som finns och som kan hj\u00e4lpa dig att hantera och f\u00f6rb\u00e4ttra din f\u00f6rm\u00e5ga att leva ett fullgott liv med hj\u00e4rtsvikt.<\/p>\n<p>&nbsp;<\/p>\n","protected":false},"excerpt":{"rendered":"<p>F\u00f6r att m\u00e5 bra och hantera hj\u00e4rtsvikt p\u00e5 b\u00e4sta s\u00e4tt \u00e4r det av avg\u00f6rande betydelse att du f\u00e5r hj\u00e4lp av ett tv\u00e4rvetenskapligt sjukv\u00e5rdsteam! K\u00e4rnan i detta best\u00e5r av din allm\u00e4nl\u00e4kare, en hj\u00e4rtl\u00e4kare och en hj\u00e4rtsviktssjuksk\u00f6terska. Teamet tj\u00e4nar som ett ankare och en tillg\u00e4nglig kontaktpunkt n\u00e4r du ska hantera den stora m\u00e4ngd medicinsk information som \u00e4r [&hellip;]<\/p>\n","protected":false},"author":1,"featured_media":10543,"parent":2685,"menu_order":1,"comment_status":"open","ping_status":"closed","template":"","meta":{"_acf_changed":false,"footnotes":""},"categories":[150],"tags":[],"class_list":["post-2516","page","type-page","status-publish","has-post-thumbnail","hentry","category-what-can-your-doctor-do-sv"],"acf":[],"yoast_head":"<!-- This site is optimized with the Yoast SEO plugin v24.8.1 - https:\/\/yoast.com\/wordpress\/plugins\/seo\/ -->\n<title>Hur kan din l\u00e4kare hj\u00e4lpa dig med din hj\u00e4rtsvikt?<\/title>\n<meta name=\"description\" content=\"Har du f\u00e5tt diagnosen hj\u00e4rtsvikt? Genom att f\u00f6lja l\u00e4karens r\u00e5d och g\u00f6ra enkla livsstilsf\u00f6r\u00e4ndringar kan du m\u00e5 b\u00e4ttre och klara av mer. L\u00e4s mer\" \/>\n<meta name=\"robots\" content=\"index, follow, max-snippet:-1, max-image-preview:large, max-video-preview:-1\" \/>\n<link rel=\"canonical\" href=\"https:\/\/www.heartfailurematters.org\/sv\/vad-din-lakare-eller-sjukskoterska-kan-gora\/vad-kan-din-lakare-gora\/\" \/>\n<meta property=\"og:locale\" content=\"sv_SE\" \/>\n<meta property=\"og:type\" content=\"article\" \/>\n<meta property=\"og:title\" content=\"Hur kan din l\u00e4kare hj\u00e4lpa dig med din hj\u00e4rtsvikt?\" \/>\n<meta property=\"og:description\" content=\"Har du f\u00e5tt diagnosen hj\u00e4rtsvikt? Genom att f\u00f6lja l\u00e4karens r\u00e5d och g\u00f6ra enkla livsstilsf\u00f6r\u00e4ndringar kan du m\u00e5 b\u00e4ttre och klara av mer. L\u00e4s mer\" \/>\n<meta property=\"og:url\" content=\"https:\/\/www.heartfailurematters.org\/sv\/vad-din-lakare-eller-sjukskoterska-kan-gora\/vad-kan-din-lakare-gora\/\" \/>\n<meta property=\"og:site_name\" content=\"Heart Failure Matters\" \/>\n<meta property=\"article:publisher\" content=\"https:\/\/www.facebook.com\/heartfailurematters\" \/>\n<meta property=\"article:modified_time\" content=\"2026-02-10T13:20:07+00:00\" \/>\n<meta property=\"og:image\" content=\"https:\/\/www.heartfailurematters.org\/wp-content\/uploads\/2022\/02\/shutterstock_258402434-1-min.jpg\" \/>\n\t<meta property=\"og:image:width\" content=\"900\" \/>\n\t<meta property=\"og:image:height\" content=\"475\" \/>\n\t<meta property=\"og:image:type\" content=\"image\/jpeg\" \/>\n<meta name=\"twitter:card\" content=\"summary_large_image\" \/>\n<meta name=\"twitter:label1\" content=\"Ber\u00e4knad l\u00e4stid\" \/>\n\t<meta name=\"twitter:data1\" content=\"1 minut\" \/>\n<script type=\"application\/ld+json\" class=\"yoast-schema-graph\">{\"@context\":\"https:\/\/schema.org\",\"@graph\":[{\"@type\":\"WebPage\",\"@id\":\"https:\/\/www.heartfailurematters.org\/sv\/vad-din-lakare-eller-sjukskoterska-kan-gora\/vad-kan-din-lakare-gora\/\",\"url\":\"https:\/\/www.heartfailurematters.org\/sv\/vad-din-lakare-eller-sjukskoterska-kan-gora\/vad-kan-din-lakare-gora\/\",\"name\":\"Hur kan din l\u00e4kare hj\u00e4lpa dig med din hj\u00e4rtsvikt?\",\"isPartOf\":{\"@id\":\"https:\/\/www.heartfailurematters.org\/sv\/#website\"},\"primaryImageOfPage\":{\"@id\":\"https:\/\/www.heartfailurematters.org\/sv\/vad-din-lakare-eller-sjukskoterska-kan-gora\/vad-kan-din-lakare-gora\/#primaryimage\"},\"image\":{\"@id\":\"https:\/\/www.heartfailurematters.org\/sv\/vad-din-lakare-eller-sjukskoterska-kan-gora\/vad-kan-din-lakare-gora\/#primaryimage\"},\"thumbnailUrl\":\"https:\/\/www.heartfailurematters.org\/wp-content\/uploads\/2022\/02\/shutterstock_258402434-1-min.jpg\",\"datePublished\":\"2021-01-27T22:12:03+00:00\",\"dateModified\":\"2026-02-10T13:20:07+00:00\",\"description\":\"Har du f\u00e5tt diagnosen hj\u00e4rtsvikt? Genom att f\u00f6lja l\u00e4karens r\u00e5d och g\u00f6ra enkla livsstilsf\u00f6r\u00e4ndringar kan du m\u00e5 b\u00e4ttre och klara av mer. L\u00e4s mer\",\"breadcrumb\":{\"@id\":\"https:\/\/www.heartfailurematters.org\/sv\/vad-din-lakare-eller-sjukskoterska-kan-gora\/vad-kan-din-lakare-gora\/#breadcrumb\"},\"inLanguage\":\"sv-SE\",\"potentialAction\":[{\"@type\":\"ReadAction\",\"target\":[\"https:\/\/www.heartfailurematters.org\/sv\/vad-din-lakare-eller-sjukskoterska-kan-gora\/vad-kan-din-lakare-gora\/\"]}]},{\"@type\":\"ImageObject\",\"inLanguage\":\"sv-SE\",\"@id\":\"https:\/\/www.heartfailurematters.org\/sv\/vad-din-lakare-eller-sjukskoterska-kan-gora\/vad-kan-din-lakare-gora\/#primaryimage\",\"url\":\"https:\/\/www.heartfailurematters.org\/wp-content\/uploads\/2022\/02\/shutterstock_258402434-1-min.jpg\",\"contentUrl\":\"https:\/\/www.heartfailurematters.org\/wp-content\/uploads\/2022\/02\/shutterstock_258402434-1-min.jpg\",\"width\":900,\"height\":475},{\"@type\":\"BreadcrumbList\",\"@id\":\"https:\/\/www.heartfailurematters.org\/sv\/vad-din-lakare-eller-sjukskoterska-kan-gora\/vad-kan-din-lakare-gora\/#breadcrumb\",\"itemListElement\":[{\"@type\":\"ListItem\",\"position\":1,\"name\":\"Hem\",\"item\":\"https:\/\/www.heartfailurematters.org\/sv\/\"},{\"@type\":\"ListItem\",\"position\":2,\"name\":\"Vad din l\u00e4kare kan g\u00f6ra\",\"item\":\"https:\/\/www.heartfailurematters.org\/sv\/vad-din-lakare-eller-sjukskoterska-kan-gora\/\"},{\"@type\":\"ListItem\",\"position\":3,\"name\":\"Inledning\"}]},{\"@type\":\"WebSite\",\"@id\":\"https:\/\/www.heartfailurematters.org\/sv\/#website\",\"url\":\"https:\/\/www.heartfailurematters.org\/sv\/\",\"name\":\"Heart Failure Matters\",\"description\":\"Practical information for patients, families and caregivers.\",\"publisher\":{\"@id\":\"https:\/\/www.heartfailurematters.org\/sv\/#organization\"},\"potentialAction\":[{\"@type\":\"SearchAction\",\"target\":{\"@type\":\"EntryPoint\",\"urlTemplate\":\"https:\/\/www.heartfailurematters.org\/sv\/?s={search_term_string}\"},\"query-input\":{\"@type\":\"PropertyValueSpecification\",\"valueRequired\":true,\"valueName\":\"search_term_string\"}}],\"inLanguage\":\"sv-SE\"},{\"@type\":\"Organization\",\"@id\":\"https:\/\/www.heartfailurematters.org\/sv\/#organization\",\"name\":\"Heart Failure Matters\",\"url\":\"https:\/\/www.heartfailurematters.org\/sv\/\",\"logo\":{\"@type\":\"ImageObject\",\"inLanguage\":\"sv-SE\",\"@id\":\"https:\/\/www.heartfailurematters.org\/sv\/#\/schema\/logo\/image\/\",\"url\":\"https:\/\/cdn-endpoint-hfm.azureedge.net\/heartfailurematters\/2024\/07\/hfm-logo1.jpg\",\"contentUrl\":\"https:\/\/cdn-endpoint-hfm.azureedge.net\/heartfailurematters\/2024\/07\/hfm-logo1.jpg\",\"width\":1280,\"height\":720,\"caption\":\"Heart Failure Matters\"},\"image\":{\"@id\":\"https:\/\/www.heartfailurematters.org\/sv\/#\/schema\/logo\/image\/\"},\"sameAs\":[\"https:\/\/www.facebook.com\/heartfailurematters\"]}]}<\/script>\n<!-- \/ Yoast SEO plugin. -->","yoast_head_json":{"title":"Hur kan din l\u00e4kare hj\u00e4lpa dig med din hj\u00e4rtsvikt?","description":"Har du f\u00e5tt diagnosen hj\u00e4rtsvikt? Genom att f\u00f6lja l\u00e4karens r\u00e5d och g\u00f6ra enkla livsstilsf\u00f6r\u00e4ndringar kan du m\u00e5 b\u00e4ttre och klara av mer. L\u00e4s mer","robots":{"index":"index","follow":"follow","max-snippet":"max-snippet:-1","max-image-preview":"max-image-preview:large","max-video-preview":"max-video-preview:-1"},"canonical":"https:\/\/www.heartfailurematters.org\/sv\/vad-din-lakare-eller-sjukskoterska-kan-gora\/vad-kan-din-lakare-gora\/","og_locale":"sv_SE","og_type":"article","og_title":"Hur kan din l\u00e4kare hj\u00e4lpa dig med din hj\u00e4rtsvikt?","og_description":"Har du f\u00e5tt diagnosen hj\u00e4rtsvikt? Genom att f\u00f6lja l\u00e4karens r\u00e5d och g\u00f6ra enkla livsstilsf\u00f6r\u00e4ndringar kan du m\u00e5 b\u00e4ttre och klara av mer. L\u00e4s mer","og_url":"https:\/\/www.heartfailurematters.org\/sv\/vad-din-lakare-eller-sjukskoterska-kan-gora\/vad-kan-din-lakare-gora\/","og_site_name":"Heart Failure Matters","article_publisher":"https:\/\/www.facebook.com\/heartfailurematters","article_modified_time":"2026-02-10T13:20:07+00:00","og_image":[{"width":900,"height":475,"url":"https:\/\/www.heartfailurematters.org\/wp-content\/uploads\/2022\/02\/shutterstock_258402434-1-min.jpg","type":"image\/jpeg"}],"twitter_card":"summary_large_image","twitter_misc":{"Ber\u00e4knad l\u00e4stid":"1 minut"},"schema":{"@context":"https:\/\/schema.org","@graph":[{"@type":"WebPage","@id":"https:\/\/www.heartfailurematters.org\/sv\/vad-din-lakare-eller-sjukskoterska-kan-gora\/vad-kan-din-lakare-gora\/","url":"https:\/\/www.heartfailurematters.org\/sv\/vad-din-lakare-eller-sjukskoterska-kan-gora\/vad-kan-din-lakare-gora\/","name":"Hur kan din l\u00e4kare hj\u00e4lpa dig med din hj\u00e4rtsvikt?","isPartOf":{"@id":"https:\/\/www.heartfailurematters.org\/sv\/#website"},"primaryImageOfPage":{"@id":"https:\/\/www.heartfailurematters.org\/sv\/vad-din-lakare-eller-sjukskoterska-kan-gora\/vad-kan-din-lakare-gora\/#primaryimage"},"image":{"@id":"https:\/\/www.heartfailurematters.org\/sv\/vad-din-lakare-eller-sjukskoterska-kan-gora\/vad-kan-din-lakare-gora\/#primaryimage"},"thumbnailUrl":"https:\/\/www.heartfailurematters.org\/wp-content\/uploads\/2022\/02\/shutterstock_258402434-1-min.jpg","datePublished":"2021-01-27T22:12:03+00:00","dateModified":"2026-02-10T13:20:07+00:00","description":"Har du f\u00e5tt diagnosen hj\u00e4rtsvikt? Genom att f\u00f6lja l\u00e4karens r\u00e5d och g\u00f6ra enkla livsstilsf\u00f6r\u00e4ndringar kan du m\u00e5 b\u00e4ttre och klara av mer. L\u00e4s mer","breadcrumb":{"@id":"https:\/\/www.heartfailurematters.org\/sv\/vad-din-lakare-eller-sjukskoterska-kan-gora\/vad-kan-din-lakare-gora\/#breadcrumb"},"inLanguage":"sv-SE","potentialAction":[{"@type":"ReadAction","target":["https:\/\/www.heartfailurematters.org\/sv\/vad-din-lakare-eller-sjukskoterska-kan-gora\/vad-kan-din-lakare-gora\/"]}]},{"@type":"ImageObject","inLanguage":"sv-SE","@id":"https:\/\/www.heartfailurematters.org\/sv\/vad-din-lakare-eller-sjukskoterska-kan-gora\/vad-kan-din-lakare-gora\/#primaryimage","url":"https:\/\/www.heartfailurematters.org\/wp-content\/uploads\/2022\/02\/shutterstock_258402434-1-min.jpg","contentUrl":"https:\/\/www.heartfailurematters.org\/wp-content\/uploads\/2022\/02\/shutterstock_258402434-1-min.jpg","width":900,"height":475},{"@type":"BreadcrumbList","@id":"https:\/\/www.heartfailurematters.org\/sv\/vad-din-lakare-eller-sjukskoterska-kan-gora\/vad-kan-din-lakare-gora\/#breadcrumb","itemListElement":[{"@type":"ListItem","position":1,"name":"Hem","item":"https:\/\/www.heartfailurematters.org\/sv\/"},{"@type":"ListItem","position":2,"name":"Vad din l\u00e4kare kan g\u00f6ra","item":"https:\/\/www.heartfailurematters.org\/sv\/vad-din-lakare-eller-sjukskoterska-kan-gora\/"},{"@type":"ListItem","position":3,"name":"Inledning"}]},{"@type":"WebSite","@id":"https:\/\/www.heartfailurematters.org\/sv\/#website","url":"https:\/\/www.heartfailurematters.org\/sv\/","name":"Heart Failure Matters","description":"Practical information for patients, families and caregivers.","publisher":{"@id":"https:\/\/www.heartfailurematters.org\/sv\/#organization"},"potentialAction":[{"@type":"SearchAction","target":{"@type":"EntryPoint","urlTemplate":"https:\/\/www.heartfailurematters.org\/sv\/?s={search_term_string}"},"query-input":{"@type":"PropertyValueSpecification","valueRequired":true,"valueName":"search_term_string"}}],"inLanguage":"sv-SE"},{"@type":"Organization","@id":"https:\/\/www.heartfailurematters.org\/sv\/#organization","name":"Heart Failure Matters","url":"https:\/\/www.heartfailurematters.org\/sv\/","logo":{"@type":"ImageObject","inLanguage":"sv-SE","@id":"https:\/\/www.heartfailurematters.org\/sv\/#\/schema\/logo\/image\/","url":"https:\/\/cdn-endpoint-hfm.azureedge.net\/heartfailurematters\/2024\/07\/hfm-logo1.jpg","contentUrl":"https:\/\/cdn-endpoint-hfm.azureedge.net\/heartfailurematters\/2024\/07\/hfm-logo1.jpg","width":1280,"height":720,"caption":"Heart Failure Matters"},"image":{"@id":"https:\/\/www.heartfailurematters.org\/sv\/#\/schema\/logo\/image\/"},"sameAs":["https:\/\/www.facebook.com\/heartfailurematters"]}]}},"_links":{"self":[{"href":"https:\/\/www.heartfailurematters.org\/sv\/wp-json\/wp\/v2\/pages\/2516","targetHints":{"allow":["GET"]}}],"collection":[{"href":"https:\/\/www.heartfailurematters.org\/sv\/wp-json\/wp\/v2\/pages"}],"about":[{"href":"https:\/\/www.heartfailurematters.org\/sv\/wp-json\/wp\/v2\/types\/page"}],"author":[{"embeddable":true,"href":"https:\/\/www.heartfailurematters.org\/sv\/wp-json\/wp\/v2\/users\/1"}],"replies":[{"embeddable":true,"href":"https:\/\/www.heartfailurematters.org\/sv\/wp-json\/wp\/v2\/comments?post=2516"}],"version-history":[{"count":3,"href":"https:\/\/www.heartfailurematters.org\/sv\/wp-json\/wp\/v2\/pages\/2516\/revisions"}],"predecessor-version":[{"id":13875,"href":"https:\/\/www.heartfailurematters.org\/sv\/wp-json\/wp\/v2\/pages\/2516\/revisions\/13875"}],"up":[{"embeddable":true,"href":"https:\/\/www.heartfailurematters.org\/sv\/wp-json\/wp\/v2\/pages\/2685"}],"wp:featuredmedia":[{"embeddable":true,"href":"https:\/\/www.heartfailurematters.org\/sv\/wp-json\/wp\/v2\/media\/10543"}],"wp:attachment":[{"href":"https:\/\/www.heartfailurematters.org\/sv\/wp-json\/wp\/v2\/media?parent=2516"}],"wp:term":[{"taxonomy":"category","embeddable":true,"href":"https:\/\/www.heartfailurematters.org\/sv\/wp-json\/wp\/v2\/categories?post=2516"},{"taxonomy":"post_tag","embeddable":true,"href":"https:\/\/www.heartfailurematters.org\/sv\/wp-json\/wp\/v2\/tags?post=2516"}],"curies":[{"name":"wp","href":"https:\/\/api.w.org\/{rel}","templated":true}]}}