{"id":2515,"date":"2021-01-27T22:12:03","date_gmt":"2021-01-27T22:12:03","guid":{"rendered":"http:\/\/heartfailurematters.local:8888\/cancerbehandling-och-hjartsvikt\/"},"modified":"2026-02-10T13:20:05","modified_gmt":"2026-02-10T13:20:05","slug":"cancerbehandling-och-hjartsvikt","status":"publish","type":"page","link":"https:\/\/www.heartfailurematters.org\/sv\/orsaker-till-hjartsvikt-och-andra-vanliga-medicinska-tillstand\/cancerbehandling-och-hjartsvikt\/","title":{"rendered":"Cancerbehandling och hj\u00e4rtsvikt"},"content":{"rendered":"<p>Vissa typer av behandlingar som anv\u00e4nds hos patienter med cancer kan orsaka hj\u00e4rtsvikt. D\u00e4ribland ing\u00e5r vissa typer av cellgiftsbehandlingar, str\u00e5lbehandling mot br\u00f6stkorgen och vissa nya riktade cancerbehandlingar, \u00e4ven kallade biologiska behandlingar.<\/p>\n<p>S\u00e5dana cancerbehandlingar kan orsaka hj\u00e4rtproblem, antingen tillf\u00e4lliga (kortvariga) eller permanenta (l\u00e5ngvariga). Problem kan uppst\u00e5 under eller strax efter cancerbehandlingen, men de kan \u00e4ven utvecklas m\u00e5nga \u00e5r senare. Risken f\u00f6r hj\u00e4rtproblem beror p\u00e5 typen av cancerbehandling och hur l\u00e4nge den p\u00e5g\u00e5r.<\/p>\n<p>Risken f\u00f6r att utveckla hj\u00e4rtsvikt kan vara h\u00f6gre om:<\/p>\n<ul>\n<li>du redan har problem med hj\u00e4rtat innan du p\u00e5b\u00f6rjar cancerbehandling<\/li>\n<li>det finns andra riskfaktorer f\u00f6r hj\u00e4rtproblem som r\u00f6kning, diabetes, h\u00f6gt blodtryck, h\u00f6g \u00e5lder<\/li>\n<li>du beh\u00f6ver flera cancerbehandlingar som p\u00e5verkar hj\u00e4rtat<\/li>\n<li>du tidigare har f\u00e5tt cancerbehandling, vilket p\u00e5verkade ditt hj\u00e4rta, och nu beh\u00f6ver ytterligare behandling<\/li>\n<li>du var barn n\u00e4r du fick cancerbehandling.<\/li>\n<\/ul>\n<p>Om du har hj\u00e4rtsvikt och nu beh\u00f6ver cancerbehandling b\u00f6r du tala med din cancerl\u00e4kare och hj\u00e4rtl\u00e4kare f\u00f6r v\u00e4gledning. L\u00e4kare och sjuksk\u00f6terskor \u00e4r medvetna om att cancerbehandling ibland kan leda till tecken och symtom p\u00e5 hj\u00e4rtsvikt, \u00e4ven hos patienter utan tidigare hj\u00e4rtproblem, och kan eventuellt \u00e4ndra typen av cancerbehandling f\u00f6r patienter med tidigare hj\u00e4rtsvikt.<\/p>\n<p>Med effektiva unders\u00f6kningar, s\u00e5som ekokardiografi och blodprov, kan din hj\u00e4rtfunktion utv\u00e4rderas och tecken p\u00e5 hj\u00e4rtsvikt kan uppt\u00e4ckas i ett tidigt stadium. Biverkningar av n\u00f6dv\u00e4ndiga cancerbehandlingar \u00e4r vanligtvis kortvariga och brukar upptr\u00e4da under eller strax efter behandlingen. Ta upp alla symtom, inklusive andf\u00e5ddhet eller v\u00e4tskeansamling, med din l\u00e4kare eller sjuksk\u00f6terska s\u00e5 snart som m\u00f6jligt. Se <a href=\"https:\/\/www.heartfailurematters.org\/warning-signs\/chest-pain\/\">\u201dVarningstecken\u201d<\/a><\/p>\n<p>F\u00f6r mer information, l\u00e4s informationsh\u00e4ftet \u201d<a href=\"https:\/\/www.macmillan.org.uk\/cancer-information-and-support\/impacts-of-cancer\/heart-health\" target=\"_blank\" rel=\"noopener noreferrer\">Heart Health and Cancer Treatment<\/a>\u201d fr\u00e5n Macmillan.<\/p>\n<p><a href=\"https:\/\/www.heartfailurematters.org\/heart-failure-causes-and-other-common-medical-conditions\/other-common-medical-conditions-and-heart-failure\/\">\u00c5terg\u00e5 till Andra vanliga medicinska tillst\u00e5nd och hj\u00e4rtsvikt<\/a><\/p>\n","protected":false},"excerpt":{"rendered":"<p>Vissa typer av behandlingar som anv\u00e4nds hos patienter med cancer kan orsaka hj\u00e4rtsvikt. D\u00e4ribland ing\u00e5r vissa typer av cellgiftsbehandlingar, str\u00e5lbehandling mot br\u00f6stkorgen och vissa nya riktade cancerbehandlingar, \u00e4ven kallade biologiska behandlingar. S\u00e5dana cancerbehandlingar kan orsaka hj\u00e4rtproblem, antingen tillf\u00e4lliga (kortvariga) eller permanenta (l\u00e5ngvariga). Problem kan uppst\u00e5 under eller strax efter cancerbehandlingen, men de kan \u00e4ven utvecklas [&hellip;]<\/p>\n","protected":false},"author":1,"featured_media":10783,"parent":8051,"menu_order":16,"comment_status":"open","ping_status":"closed","template":"","meta":{"_acf_changed":false,"footnotes":""},"categories":[150],"tags":[],"class_list":["post-2515","page","type-page","status-publish","has-post-thumbnail","hentry","category-what-can-your-doctor-do-sv"],"acf":[],"yoast_head":"<!-- This site is optimized with the Yoast SEO plugin v24.8.1 - https:\/\/yoast.com\/wordpress\/plugins\/seo\/ -->\n<title>Cancerbehandling och hj\u00e4rtsvikt<\/title>\n<meta name=\"description\" content=\"Vissa typer av behandlingar som anv\u00e4nds hos patienter med cancer kan orsaka hj\u00e4rtsvikt. H\u00e4r ing\u00e5r vissa typer av cellgiftsbehandling, str\u00e5lbehandling mot br\u00f6stkorgen.\" \/>\n<meta name=\"robots\" content=\"index, follow, max-snippet:-1, max-image-preview:large, max-video-preview:-1\" \/>\n<link rel=\"canonical\" href=\"https:\/\/www.heartfailurematters.org\/sv\/orsaker-till-hjartsvikt-och-andra-vanliga-medicinska-tillstand\/cancerbehandling-och-hjartsvikt\/\" \/>\n<meta property=\"og:locale\" content=\"sv_SE\" \/>\n<meta property=\"og:type\" content=\"article\" \/>\n<meta property=\"og:title\" content=\"Cancerbehandling och hj\u00e4rtsvikt\" \/>\n<meta property=\"og:description\" content=\"Vissa typer av behandlingar som anv\u00e4nds hos patienter med cancer kan orsaka hj\u00e4rtsvikt. H\u00e4r ing\u00e5r vissa typer av cellgiftsbehandling, str\u00e5lbehandling mot br\u00f6stkorgen.\" \/>\n<meta property=\"og:url\" content=\"https:\/\/www.heartfailurematters.org\/sv\/orsaker-till-hjartsvikt-och-andra-vanliga-medicinska-tillstand\/cancerbehandling-och-hjartsvikt\/\" \/>\n<meta property=\"og:site_name\" content=\"Heart Failure Matters\" \/>\n<meta property=\"article:publisher\" content=\"https:\/\/www.facebook.com\/heartfailurematters\" \/>\n<meta property=\"article:modified_time\" content=\"2026-02-10T13:20:05+00:00\" \/>\n<meta property=\"og:image\" content=\"https:\/\/www.heartfailurematters.org\/wp-content\/uploads\/2022\/03\/shutterstock_529109200-1-min.jpg\" \/>\n\t<meta property=\"og:image:width\" content=\"900\" \/>\n\t<meta property=\"og:image:height\" content=\"599\" \/>\n\t<meta property=\"og:image:type\" content=\"image\/jpeg\" \/>\n<meta name=\"twitter:card\" content=\"summary_large_image\" \/>\n<meta name=\"twitter:label1\" content=\"Ber\u00e4knad l\u00e4stid\" \/>\n\t<meta name=\"twitter:data1\" content=\"2 minuter\" \/>\n<script type=\"application\/ld+json\" class=\"yoast-schema-graph\">{\"@context\":\"https:\/\/schema.org\",\"@graph\":[{\"@type\":\"WebPage\",\"@id\":\"https:\/\/www.heartfailurematters.org\/sv\/orsaker-till-hjartsvikt-och-andra-vanliga-medicinska-tillstand\/cancerbehandling-och-hjartsvikt\/\",\"url\":\"https:\/\/www.heartfailurematters.org\/sv\/orsaker-till-hjartsvikt-och-andra-vanliga-medicinska-tillstand\/cancerbehandling-och-hjartsvikt\/\",\"name\":\"Cancerbehandling och hj\u00e4rtsvikt\",\"isPartOf\":{\"@id\":\"https:\/\/www.heartfailurematters.org\/sv\/#website\"},\"primaryImageOfPage\":{\"@id\":\"https:\/\/www.heartfailurematters.org\/sv\/orsaker-till-hjartsvikt-och-andra-vanliga-medicinska-tillstand\/cancerbehandling-och-hjartsvikt\/#primaryimage\"},\"image\":{\"@id\":\"https:\/\/www.heartfailurematters.org\/sv\/orsaker-till-hjartsvikt-och-andra-vanliga-medicinska-tillstand\/cancerbehandling-och-hjartsvikt\/#primaryimage\"},\"thumbnailUrl\":\"https:\/\/www.heartfailurematters.org\/wp-content\/uploads\/2022\/03\/shutterstock_529109200-1-min.jpg\",\"datePublished\":\"2021-01-27T22:12:03+00:00\",\"dateModified\":\"2026-02-10T13:20:05+00:00\",\"description\":\"Vissa typer av behandlingar som anv\u00e4nds hos patienter med cancer kan orsaka hj\u00e4rtsvikt. H\u00e4r ing\u00e5r vissa typer av cellgiftsbehandling, str\u00e5lbehandling mot br\u00f6stkorgen.\",\"breadcrumb\":{\"@id\":\"https:\/\/www.heartfailurematters.org\/sv\/orsaker-till-hjartsvikt-och-andra-vanliga-medicinska-tillstand\/cancerbehandling-och-hjartsvikt\/#breadcrumb\"},\"inLanguage\":\"sv-SE\",\"potentialAction\":[{\"@type\":\"ReadAction\",\"target\":[\"https:\/\/www.heartfailurematters.org\/sv\/orsaker-till-hjartsvikt-och-andra-vanliga-medicinska-tillstand\/cancerbehandling-och-hjartsvikt\/\"]}]},{\"@type\":\"ImageObject\",\"inLanguage\":\"sv-SE\",\"@id\":\"https:\/\/www.heartfailurematters.org\/sv\/orsaker-till-hjartsvikt-och-andra-vanliga-medicinska-tillstand\/cancerbehandling-och-hjartsvikt\/#primaryimage\",\"url\":\"https:\/\/www.heartfailurematters.org\/wp-content\/uploads\/2022\/03\/shutterstock_529109200-1-min.jpg\",\"contentUrl\":\"https:\/\/www.heartfailurematters.org\/wp-content\/uploads\/2022\/03\/shutterstock_529109200-1-min.jpg\",\"width\":900,\"height\":599},{\"@type\":\"BreadcrumbList\",\"@id\":\"https:\/\/www.heartfailurematters.org\/sv\/orsaker-till-hjartsvikt-och-andra-vanliga-medicinska-tillstand\/cancerbehandling-och-hjartsvikt\/#breadcrumb\",\"itemListElement\":[{\"@type\":\"ListItem\",\"position\":1,\"name\":\"Hem\",\"item\":\"https:\/\/www.heartfailurematters.org\/sv\/\"},{\"@type\":\"ListItem\",\"position\":2,\"name\":\"Orsaker till hj\u00e4rtsvikt och andra vanliga medicinska tillst\u00e5nd\",\"item\":\"https:\/\/www.heartfailurematters.org\/sv\/orsaker-till-hjartsvikt-och-andra-vanliga-medicinska-tillstand\/\"},{\"@type\":\"ListItem\",\"position\":3,\"name\":\"Cancerbehandling och hj\u00e4rtsvikt\"}]},{\"@type\":\"WebSite\",\"@id\":\"https:\/\/www.heartfailurematters.org\/sv\/#website\",\"url\":\"https:\/\/www.heartfailurematters.org\/sv\/\",\"name\":\"Heart Failure Matters\",\"description\":\"Practical information for patients, families and caregivers.\",\"publisher\":{\"@id\":\"https:\/\/www.heartfailurematters.org\/sv\/#organization\"},\"potentialAction\":[{\"@type\":\"SearchAction\",\"target\":{\"@type\":\"EntryPoint\",\"urlTemplate\":\"https:\/\/www.heartfailurematters.org\/sv\/?s={search_term_string}\"},\"query-input\":{\"@type\":\"PropertyValueSpecification\",\"valueRequired\":true,\"valueName\":\"search_term_string\"}}],\"inLanguage\":\"sv-SE\"},{\"@type\":\"Organization\",\"@id\":\"https:\/\/www.heartfailurematters.org\/sv\/#organization\",\"name\":\"Heart Failure Matters\",\"url\":\"https:\/\/www.heartfailurematters.org\/sv\/\",\"logo\":{\"@type\":\"ImageObject\",\"inLanguage\":\"sv-SE\",\"@id\":\"https:\/\/www.heartfailurematters.org\/sv\/#\/schema\/logo\/image\/\",\"url\":\"https:\/\/cdn-endpoint-hfm.azureedge.net\/heartfailurematters\/2024\/07\/hfm-logo1.jpg\",\"contentUrl\":\"https:\/\/cdn-endpoint-hfm.azureedge.net\/heartfailurematters\/2024\/07\/hfm-logo1.jpg\",\"width\":1280,\"height\":720,\"caption\":\"Heart Failure Matters\"},\"image\":{\"@id\":\"https:\/\/www.heartfailurematters.org\/sv\/#\/schema\/logo\/image\/\"},\"sameAs\":[\"https:\/\/www.facebook.com\/heartfailurematters\"]}]}<\/script>\n<!-- \/ Yoast SEO plugin. -->","yoast_head_json":{"title":"Cancerbehandling och hj\u00e4rtsvikt","description":"Vissa typer av behandlingar som anv\u00e4nds hos patienter med cancer kan orsaka hj\u00e4rtsvikt. H\u00e4r ing\u00e5r vissa typer av cellgiftsbehandling, str\u00e5lbehandling mot br\u00f6stkorgen.","robots":{"index":"index","follow":"follow","max-snippet":"max-snippet:-1","max-image-preview":"max-image-preview:large","max-video-preview":"max-video-preview:-1"},"canonical":"https:\/\/www.heartfailurematters.org\/sv\/orsaker-till-hjartsvikt-och-andra-vanliga-medicinska-tillstand\/cancerbehandling-och-hjartsvikt\/","og_locale":"sv_SE","og_type":"article","og_title":"Cancerbehandling och hj\u00e4rtsvikt","og_description":"Vissa typer av behandlingar som anv\u00e4nds hos patienter med cancer kan orsaka hj\u00e4rtsvikt. H\u00e4r ing\u00e5r vissa typer av cellgiftsbehandling, str\u00e5lbehandling mot br\u00f6stkorgen.","og_url":"https:\/\/www.heartfailurematters.org\/sv\/orsaker-till-hjartsvikt-och-andra-vanliga-medicinska-tillstand\/cancerbehandling-och-hjartsvikt\/","og_site_name":"Heart Failure Matters","article_publisher":"https:\/\/www.facebook.com\/heartfailurematters","article_modified_time":"2026-02-10T13:20:05+00:00","og_image":[{"width":900,"height":599,"url":"https:\/\/www.heartfailurematters.org\/wp-content\/uploads\/2022\/03\/shutterstock_529109200-1-min.jpg","type":"image\/jpeg"}],"twitter_card":"summary_large_image","twitter_misc":{"Ber\u00e4knad l\u00e4stid":"2 minuter"},"schema":{"@context":"https:\/\/schema.org","@graph":[{"@type":"WebPage","@id":"https:\/\/www.heartfailurematters.org\/sv\/orsaker-till-hjartsvikt-och-andra-vanliga-medicinska-tillstand\/cancerbehandling-och-hjartsvikt\/","url":"https:\/\/www.heartfailurematters.org\/sv\/orsaker-till-hjartsvikt-och-andra-vanliga-medicinska-tillstand\/cancerbehandling-och-hjartsvikt\/","name":"Cancerbehandling och hj\u00e4rtsvikt","isPartOf":{"@id":"https:\/\/www.heartfailurematters.org\/sv\/#website"},"primaryImageOfPage":{"@id":"https:\/\/www.heartfailurematters.org\/sv\/orsaker-till-hjartsvikt-och-andra-vanliga-medicinska-tillstand\/cancerbehandling-och-hjartsvikt\/#primaryimage"},"image":{"@id":"https:\/\/www.heartfailurematters.org\/sv\/orsaker-till-hjartsvikt-och-andra-vanliga-medicinska-tillstand\/cancerbehandling-och-hjartsvikt\/#primaryimage"},"thumbnailUrl":"https:\/\/www.heartfailurematters.org\/wp-content\/uploads\/2022\/03\/shutterstock_529109200-1-min.jpg","datePublished":"2021-01-27T22:12:03+00:00","dateModified":"2026-02-10T13:20:05+00:00","description":"Vissa typer av behandlingar som anv\u00e4nds hos patienter med cancer kan orsaka hj\u00e4rtsvikt. H\u00e4r ing\u00e5r vissa typer av cellgiftsbehandling, str\u00e5lbehandling mot br\u00f6stkorgen.","breadcrumb":{"@id":"https:\/\/www.heartfailurematters.org\/sv\/orsaker-till-hjartsvikt-och-andra-vanliga-medicinska-tillstand\/cancerbehandling-och-hjartsvikt\/#breadcrumb"},"inLanguage":"sv-SE","potentialAction":[{"@type":"ReadAction","target":["https:\/\/www.heartfailurematters.org\/sv\/orsaker-till-hjartsvikt-och-andra-vanliga-medicinska-tillstand\/cancerbehandling-och-hjartsvikt\/"]}]},{"@type":"ImageObject","inLanguage":"sv-SE","@id":"https:\/\/www.heartfailurematters.org\/sv\/orsaker-till-hjartsvikt-och-andra-vanliga-medicinska-tillstand\/cancerbehandling-och-hjartsvikt\/#primaryimage","url":"https:\/\/www.heartfailurematters.org\/wp-content\/uploads\/2022\/03\/shutterstock_529109200-1-min.jpg","contentUrl":"https:\/\/www.heartfailurematters.org\/wp-content\/uploads\/2022\/03\/shutterstock_529109200-1-min.jpg","width":900,"height":599},{"@type":"BreadcrumbList","@id":"https:\/\/www.heartfailurematters.org\/sv\/orsaker-till-hjartsvikt-och-andra-vanliga-medicinska-tillstand\/cancerbehandling-och-hjartsvikt\/#breadcrumb","itemListElement":[{"@type":"ListItem","position":1,"name":"Hem","item":"https:\/\/www.heartfailurematters.org\/sv\/"},{"@type":"ListItem","position":2,"name":"Orsaker till hj\u00e4rtsvikt och andra vanliga medicinska tillst\u00e5nd","item":"https:\/\/www.heartfailurematters.org\/sv\/orsaker-till-hjartsvikt-och-andra-vanliga-medicinska-tillstand\/"},{"@type":"ListItem","position":3,"name":"Cancerbehandling och hj\u00e4rtsvikt"}]},{"@type":"WebSite","@id":"https:\/\/www.heartfailurematters.org\/sv\/#website","url":"https:\/\/www.heartfailurematters.org\/sv\/","name":"Heart Failure Matters","description":"Practical information for patients, families and caregivers.","publisher":{"@id":"https:\/\/www.heartfailurematters.org\/sv\/#organization"},"potentialAction":[{"@type":"SearchAction","target":{"@type":"EntryPoint","urlTemplate":"https:\/\/www.heartfailurematters.org\/sv\/?s={search_term_string}"},"query-input":{"@type":"PropertyValueSpecification","valueRequired":true,"valueName":"search_term_string"}}],"inLanguage":"sv-SE"},{"@type":"Organization","@id":"https:\/\/www.heartfailurematters.org\/sv\/#organization","name":"Heart Failure Matters","url":"https:\/\/www.heartfailurematters.org\/sv\/","logo":{"@type":"ImageObject","inLanguage":"sv-SE","@id":"https:\/\/www.heartfailurematters.org\/sv\/#\/schema\/logo\/image\/","url":"https:\/\/cdn-endpoint-hfm.azureedge.net\/heartfailurematters\/2024\/07\/hfm-logo1.jpg","contentUrl":"https:\/\/cdn-endpoint-hfm.azureedge.net\/heartfailurematters\/2024\/07\/hfm-logo1.jpg","width":1280,"height":720,"caption":"Heart Failure Matters"},"image":{"@id":"https:\/\/www.heartfailurematters.org\/sv\/#\/schema\/logo\/image\/"},"sameAs":["https:\/\/www.facebook.com\/heartfailurematters"]}]}},"_links":{"self":[{"href":"https:\/\/www.heartfailurematters.org\/sv\/wp-json\/wp\/v2\/pages\/2515","targetHints":{"allow":["GET"]}}],"collection":[{"href":"https:\/\/www.heartfailurematters.org\/sv\/wp-json\/wp\/v2\/pages"}],"about":[{"href":"https:\/\/www.heartfailurematters.org\/sv\/wp-json\/wp\/v2\/types\/page"}],"author":[{"embeddable":true,"href":"https:\/\/www.heartfailurematters.org\/sv\/wp-json\/wp\/v2\/users\/1"}],"replies":[{"embeddable":true,"href":"https:\/\/www.heartfailurematters.org\/sv\/wp-json\/wp\/v2\/comments?post=2515"}],"version-history":[{"count":2,"href":"https:\/\/www.heartfailurematters.org\/sv\/wp-json\/wp\/v2\/pages\/2515\/revisions"}],"predecessor-version":[{"id":13959,"href":"https:\/\/www.heartfailurematters.org\/sv\/wp-json\/wp\/v2\/pages\/2515\/revisions\/13959"}],"up":[{"embeddable":true,"href":"https:\/\/www.heartfailurematters.org\/sv\/wp-json\/wp\/v2\/pages\/8051"}],"wp:featuredmedia":[{"embeddable":true,"href":"https:\/\/www.heartfailurematters.org\/sv\/wp-json\/wp\/v2\/media\/10783"}],"wp:attachment":[{"href":"https:\/\/www.heartfailurematters.org\/sv\/wp-json\/wp\/v2\/media?parent=2515"}],"wp:term":[{"taxonomy":"category","embeddable":true,"href":"https:\/\/www.heartfailurematters.org\/sv\/wp-json\/wp\/v2\/categories?post=2515"},{"taxonomy":"post_tag","embeddable":true,"href":"https:\/\/www.heartfailurematters.org\/sv\/wp-json\/wp\/v2\/tags?post=2515"}],"curies":[{"name":"wp","href":"https:\/\/api.w.org\/{rel}","templated":true}]}}