{"id":2508,"date":"2021-01-27T22:12:03","date_gmt":"2021-01-27T22:12:03","guid":{"rendered":"http:\/\/heartfailurematters.local:8888\/angiotensin-ii-receptorblockerare-arb\/"},"modified":"2022-01-19T14:20:28","modified_gmt":"2022-01-19T14:20:28","slug":"angiotensin-ii-receptorblockerare-arb","status":"publish","type":"page","link":"https:\/\/www.heartfailurematters.org\/sv\/vad-din-lakare-eller-sjukskoterska-kan-gora\/angiotensin-ii-receptorblockerare-arb\/","title":{"rendered":"Angiotensin II-Receptorblockerare (ARB)"},"content":{"rendered":"<h2>S\u00e5 verkar de<\/h2>\n<p><a class=\"addtooltip\" title=\"&lt;div id='ToolTipTextWrap'&gt;Angiotensinreceptorblockerare (ARB)&lt;\/div&gt;&lt;p&gt;En grupp l\u00e4kemedel som blockerar effekterna av angiotensin II och s\u00e4nker blodtrycket.&lt;\/p&gt;\"><strong>Angiotensinreceptorblockerare (ARB)<\/strong><\/a> blockerar verkningarna av <a class=\"addtooltip\" title=\"&lt;div id='ToolTipTextWrap'&gt;Angiotensin II&lt;\/div&gt;&lt;p&gt;Ett hormon som produceras naturligt av njurarna. Det drar ihop blodk\u00e4rlen, minskar urinproduktionen och \u00f6kar blodtrycket.&lt;\/p&gt;\"><strong>angiotensin II<\/strong><\/a>, ett <a class=\"addtooltip\" title=\"&lt;div id='ToolTipTextWrap'&gt;Hormoner&lt;\/div&gt;&lt;p&gt;\u00c4mnen som sl\u00e4pps ut i blodet fr\u00e5n olika k\u00f6rtlar i kroppen och som reglerar viktiga funktioner.&lt;\/p&gt;\"><strong>hormon<\/strong><\/a> som produceras naturligt i njurarna. Genom att blockera effekten av angiotensin II f\u00e5r ACE-h\u00e4mmare blodk\u00e4rlen att slappna av, vilket s\u00e4nker blodtrycket. Det inneb\u00e4r att hj\u00e4rtat inte beh\u00f6ver arbeta s\u00e5 h\u00e5rt f\u00f6r att pressa runt blodet i kroppen.<\/p>\n<p>ARB har en n\u00e4stan identisk verkan som ACE-h\u00e4mmare. Behandling med ACE-h\u00e4mmare s\u00e4tts ofta in f\u00f6rst och ARB ges till patienter som inte t\u00e5l <a class=\"addtooltip\" title=\"&lt;div id='ToolTipTextWrap'&gt;ACE-h\u00e4mmare&lt;\/div&gt;&lt;p&gt;En grupp l\u00e4kemedel som h\u00e4mmar produktionen av angiotensin II och s\u00e4nker blodtrycket. &lt;\/p&gt;\"><strong>ACE-h\u00e4mmare<\/strong><\/a>.<\/p>\n<h2>Vilka f\u00f6rdelar kan man f\u00f6rv\u00e4nta sig?<\/h2>\n<p>ARB har visat sig minska antalet hj\u00e4rtsviktsrelaterade sjukhusvistelser, f\u00f6rl\u00e4nga livet och f\u00f6rb\u00e4ttra arbetsf\u00f6rm\u00e5ga och livskvalitet.<\/p>\n<h2>Biverkningar<\/h2>\n<p>Det \u00e4r oerh\u00f6rt ovanligt med biverkningar. Till skillnad fr\u00e5n ACE-h\u00e4mmare orsakar ARB inte torrhosta. Men f\u00f6r \u00f6vrigt \u00e4r biverkningarna desamma f\u00f6r ARB och ACE-h\u00e4mmare. H\u00e4r ing\u00e5r <a href=\"https:\/\/www.heartfailurematters.org\/sv\/att-forsta-hjartsvikt\/yrsel\/\">yrsel<\/a>, vilket \u00e4r vanligt vid alla l\u00e4kemedel som s\u00e4nker blodtrycket. Men ditt hj\u00e4rta kan fungera b\u00e4ttre vid detta l\u00e4gre tryck. Ditt blodtryck kommer att kontrolleras regelbundet.<\/p>\n<p>Liksom ACE-h\u00e4mmare kan ARB p\u00e5verka njurfunktionen och kan ocks\u00e5 h\u00f6ja <a class=\"addtooltip\" title=\"&lt;div id='ToolTipTextWrap'&gt;Kalium&lt;\/div&gt;&lt;p&gt;En viktig mineral som kr\u00e4vs av kroppen f\u00f6r normal cellfunktion. Urindrivande l\u00e4kemedel kan leda till f\u00f6rlust av kalium.&lt;\/p&gt;\"><strong>kaliumniv\u00e5erna<\/strong><\/a>. Din l\u00e4kare kommer att kontrollera dessa niv\u00e5er regelbundet.<\/p>\n<h2>Tips<\/h2>\n<p>Din l\u00e4kare kan r\u00e5da dig att ta den f\u00f6rsta dosen av dina ARB innan du g\u00e5r till s\u00e4ngs, f\u00f6r att f\u00f6rs\u00f6ka f\u00f6rhindra yrsel. Yrsel \u00e4r vanligt vid alla l\u00e4kemedel som s\u00e4nker blodtrycket, men ditt hj\u00e4rta kan fungera b\u00e4ttre vid detta l\u00e4gre tryck.<\/p>\n<p>Om du k\u00e4nner dig yr p\u00e5 morgonen, prova att trampa med f\u00f6tterna ett tiotal g\u00e5nger innan du st\u00e4ller dig upp. Du kan ocks\u00e5 dingla med benen \u00f6ver s\u00e4ngkanten innan du s\u00e4tter dig upp och sedan sitta p\u00e5 s\u00e4ngkanten i en minut innan du st\u00e4ller dig upp. Undvik att st\u00e4lla dig upp f\u00f6r snabbt, antingen fr\u00e5n ett sittande l\u00e4ge eller n\u00e4r du b\u00f6jer dig ner, eftersom det kan g\u00f6ra dig yr. Ta den tid du beh\u00f6ver och l\u00e5t kroppen anpassa sig.<\/p>\n<h2>Kallas \u00e4ven:<\/h2>\n<ul>\n<li><strong>Candesartan<\/strong><br \/>\n(Atacand\u00ae)<\/li>\n<li><strong>Eprosartan<\/strong><br \/>\n(Teveten\u00ae)<\/li>\n<li><strong>Irbesartan<br \/>\n<\/strong>(Aprovel\u00ae)<\/li>\n<li><strong>Losartan<br \/>\n<\/strong>(Cozaar\u00ae)<\/li>\n<li><\/li>\n<li><\/li>\n<li><strong>Valsartan<\/strong><br \/>\n(Diovan\u00ae)<\/li>\n<li><strong>Kombinationspreparat<br \/>\n<\/strong>(Co Aprovel\u00ae, Ifirmacomvi\u00ae, Cozaar-Comp\u00ae, Diovan-comp\u00ae)<\/li>\n<\/ul>\n<table border=\"1\" width=\"100%\" cellspacing=\"0\" cellpadding=\"0\">\n<tbody>\n<tr>\n<td style=\"width: 25%;\">\n<h2>Animation<\/h2>\n<\/td>\n<td style=\"width: 75%; vertical-align: middle; text-align: left;\"><\/td>\n<\/tr>\n<tr>\n<td style=\"width: 25%;\"><a class=\"lightview\" href=\"https:\/\/www.youtube.com\/embed\/T-NzrOPeW7o?hl=en_UK&amp;autoplay=1;&amp;version=3&amp;rel=0&amp;showinfo=0\" data-lightview-caption=\"The animation above shows how ACE (Angiotensin converting enzyme) inhibitors can help you by causing your blood vessels to relax and thus lower your blood pressure. This means your heart doesn't have to work so hard to squeeze your blood around your body.\" data-lightview-title=\"How ACE inhibitors work in heart failure\" data-lightview-options=\"width: 535, height: 400\" data-lightview-type=\"iframe\" data-lightview-group=\"journey\"><img decoding=\"async\" class=\"alignnone size-full wp-image-5080\" src=\"https:\/\/cdn-endpoint-hfm.azureedge.net\/heartfailurematters\/2021\/02\/07-animation.jpg\" alt=\"\" width=\"180\" height=\"130\" \/><\/a><\/td>\n<td style=\"width: 75%; vertical-align: middle; text-align: left;\">Hur ARB verkar vid hj\u00e4rtsvikt.<\/td>\n<\/tr>\n<\/tbody>\n<\/table>\n<p><a href=\"https:\/\/www.heartfailurematters.org\/sv\/vad-din-lakare-eller-sjukskoterska-kan-gora\/lakemedel-vid-hjartsvikt\/\">\u00c5terg\u00e5 till &#8221;L\u00e4kemedel vid hj\u00e4rtsvikt&#8221;<\/a><\/p>\n<p>&nbsp;<\/p>\n","protected":false},"excerpt":{"rendered":"<p>S\u00e5 verkar de Angiotensinreceptorblockerare (ARB) blockerar verkningarna av angiotensin II, ett hormon som produceras naturligt i njurarna. Genom att blockera effekten av angiotensin II f\u00e5r ACE-h\u00e4mmare blodk\u00e4rlen att slappna av, vilket s\u00e4nker blodtrycket. Det inneb\u00e4r att hj\u00e4rtat inte beh\u00f6ver arbeta s\u00e5 h\u00e5rt f\u00f6r att pressa runt blodet i kroppen. ARB har en n\u00e4stan identisk verkan [&hellip;]<\/p>\n","protected":false},"author":1,"featured_media":10874,"parent":2685,"menu_order":0,"comment_status":"open","ping_status":"open","template":"","meta":{"_acf_changed":false,"footnotes":""},"categories":[],"tags":[],"class_list":["post-2508","page","type-page","status-publish","has-post-thumbnail","hentry"],"acf":[],"yoast_head":"<!-- This site is optimized with the Yoast SEO plugin v24.8.1 - https:\/\/yoast.com\/wordpress\/plugins\/seo\/ -->\n<title>ARB (Angiotensin II receptorblockerare)<\/title>\n<meta name=\"description\" content=\"Angiotensinreceptorblockerare (ARB) blockerar verkningarna av angiotensin II, ett hormon som produceras naturligt av njurarna.\" \/>\n<meta name=\"robots\" content=\"index, follow, max-snippet:-1, max-image-preview:large, max-video-preview:-1\" \/>\n<link rel=\"canonical\" href=\"https:\/\/www.heartfailurematters.org\/sv\/vad-din-lakare-eller-sjukskoterska-kan-gora\/angiotensin-ii-receptorblockerare-arb\/\" \/>\n<meta property=\"og:locale\" content=\"sv_SE\" \/>\n<meta property=\"og:type\" content=\"article\" \/>\n<meta property=\"og:title\" content=\"ARB (Angiotensin II receptorblockerare)\" \/>\n<meta property=\"og:description\" content=\"Angiotensinreceptorblockerare (ARB) blockerar verkningarna av angiotensin II, ett hormon som produceras naturligt av njurarna.\" \/>\n<meta property=\"og:url\" content=\"https:\/\/www.heartfailurematters.org\/sv\/vad-din-lakare-eller-sjukskoterska-kan-gora\/angiotensin-ii-receptorblockerare-arb\/\" \/>\n<meta property=\"og:site_name\" content=\"Heart Failure Matters\" \/>\n<meta property=\"article:publisher\" content=\"https:\/\/www.facebook.com\/heartfailurematters\" \/>\n<meta property=\"article:modified_time\" content=\"2022-01-19T14:20:28+00:00\" \/>\n<meta property=\"og:image\" content=\"https:\/\/www.heartfailurematters.org\/wp-content\/uploads\/2022\/03\/shutterstock_441673426-1-min.jpg\" \/>\n\t<meta property=\"og:image:width\" content=\"900\" \/>\n\t<meta property=\"og:image:height\" content=\"596\" \/>\n\t<meta property=\"og:image:type\" content=\"image\/jpeg\" \/>\n<meta name=\"twitter:card\" content=\"summary_large_image\" \/>\n<meta name=\"twitter:label1\" content=\"Ber\u00e4knad l\u00e4stid\" \/>\n\t<meta name=\"twitter:data1\" content=\"2 minuter\" \/>\n<script type=\"application\/ld+json\" class=\"yoast-schema-graph\">{\"@context\":\"https:\/\/schema.org\",\"@graph\":[{\"@type\":\"WebPage\",\"@id\":\"https:\/\/www.heartfailurematters.org\/sv\/vad-din-lakare-eller-sjukskoterska-kan-gora\/angiotensin-ii-receptorblockerare-arb\/\",\"url\":\"https:\/\/www.heartfailurematters.org\/sv\/vad-din-lakare-eller-sjukskoterska-kan-gora\/angiotensin-ii-receptorblockerare-arb\/\",\"name\":\"ARB (Angiotensin II receptorblockerare)\",\"isPartOf\":{\"@id\":\"https:\/\/www.heartfailurematters.org\/sv\/#website\"},\"primaryImageOfPage\":{\"@id\":\"https:\/\/www.heartfailurematters.org\/sv\/vad-din-lakare-eller-sjukskoterska-kan-gora\/angiotensin-ii-receptorblockerare-arb\/#primaryimage\"},\"image\":{\"@id\":\"https:\/\/www.heartfailurematters.org\/sv\/vad-din-lakare-eller-sjukskoterska-kan-gora\/angiotensin-ii-receptorblockerare-arb\/#primaryimage\"},\"thumbnailUrl\":\"https:\/\/www.heartfailurematters.org\/wp-content\/uploads\/2022\/03\/shutterstock_441673426-1-min.jpg\",\"datePublished\":\"2021-01-27T22:12:03+00:00\",\"dateModified\":\"2022-01-19T14:20:28+00:00\",\"description\":\"Angiotensinreceptorblockerare (ARB) blockerar verkningarna av angiotensin II, ett hormon som produceras naturligt av njurarna.\",\"breadcrumb\":{\"@id\":\"https:\/\/www.heartfailurematters.org\/sv\/vad-din-lakare-eller-sjukskoterska-kan-gora\/angiotensin-ii-receptorblockerare-arb\/#breadcrumb\"},\"inLanguage\":\"sv-SE\",\"potentialAction\":[{\"@type\":\"ReadAction\",\"target\":[\"https:\/\/www.heartfailurematters.org\/sv\/vad-din-lakare-eller-sjukskoterska-kan-gora\/angiotensin-ii-receptorblockerare-arb\/\"]}]},{\"@type\":\"ImageObject\",\"inLanguage\":\"sv-SE\",\"@id\":\"https:\/\/www.heartfailurematters.org\/sv\/vad-din-lakare-eller-sjukskoterska-kan-gora\/angiotensin-ii-receptorblockerare-arb\/#primaryimage\",\"url\":\"https:\/\/www.heartfailurematters.org\/wp-content\/uploads\/2022\/03\/shutterstock_441673426-1-min.jpg\",\"contentUrl\":\"https:\/\/www.heartfailurematters.org\/wp-content\/uploads\/2022\/03\/shutterstock_441673426-1-min.jpg\",\"width\":900,\"height\":596},{\"@type\":\"BreadcrumbList\",\"@id\":\"https:\/\/www.heartfailurematters.org\/sv\/vad-din-lakare-eller-sjukskoterska-kan-gora\/angiotensin-ii-receptorblockerare-arb\/#breadcrumb\",\"itemListElement\":[{\"@type\":\"ListItem\",\"position\":1,\"name\":\"Hem\",\"item\":\"https:\/\/www.heartfailurematters.org\/sv\/\"},{\"@type\":\"ListItem\",\"position\":2,\"name\":\"Vad din l\u00e4kare kan g\u00f6ra\",\"item\":\"https:\/\/www.heartfailurematters.org\/sv\/vad-din-lakare-eller-sjukskoterska-kan-gora\/\"},{\"@type\":\"ListItem\",\"position\":3,\"name\":\"Angiotensin II-Receptorblockerare (ARB)\"}]},{\"@type\":\"WebSite\",\"@id\":\"https:\/\/www.heartfailurematters.org\/sv\/#website\",\"url\":\"https:\/\/www.heartfailurematters.org\/sv\/\",\"name\":\"Heart Failure Matters\",\"description\":\"Practical information for patients, families and caregivers.\",\"publisher\":{\"@id\":\"https:\/\/www.heartfailurematters.org\/sv\/#organization\"},\"potentialAction\":[{\"@type\":\"SearchAction\",\"target\":{\"@type\":\"EntryPoint\",\"urlTemplate\":\"https:\/\/www.heartfailurematters.org\/sv\/?s={search_term_string}\"},\"query-input\":{\"@type\":\"PropertyValueSpecification\",\"valueRequired\":true,\"valueName\":\"search_term_string\"}}],\"inLanguage\":\"sv-SE\"},{\"@type\":\"Organization\",\"@id\":\"https:\/\/www.heartfailurematters.org\/sv\/#organization\",\"name\":\"Heart Failure Matters\",\"url\":\"https:\/\/www.heartfailurematters.org\/sv\/\",\"logo\":{\"@type\":\"ImageObject\",\"inLanguage\":\"sv-SE\",\"@id\":\"https:\/\/www.heartfailurematters.org\/sv\/#\/schema\/logo\/image\/\",\"url\":\"https:\/\/cdn-endpoint-hfm.azureedge.net\/heartfailurematters\/2024\/07\/hfm-logo1.jpg\",\"contentUrl\":\"https:\/\/cdn-endpoint-hfm.azureedge.net\/heartfailurematters\/2024\/07\/hfm-logo1.jpg\",\"width\":1280,\"height\":720,\"caption\":\"Heart Failure Matters\"},\"image\":{\"@id\":\"https:\/\/www.heartfailurematters.org\/sv\/#\/schema\/logo\/image\/\"},\"sameAs\":[\"https:\/\/www.facebook.com\/heartfailurematters\"]}]}<\/script>\n<!-- \/ Yoast SEO plugin. -->","yoast_head_json":{"title":"ARB (Angiotensin II receptorblockerare)","description":"Angiotensinreceptorblockerare (ARB) blockerar verkningarna av angiotensin II, ett hormon som produceras naturligt av njurarna.","robots":{"index":"index","follow":"follow","max-snippet":"max-snippet:-1","max-image-preview":"max-image-preview:large","max-video-preview":"max-video-preview:-1"},"canonical":"https:\/\/www.heartfailurematters.org\/sv\/vad-din-lakare-eller-sjukskoterska-kan-gora\/angiotensin-ii-receptorblockerare-arb\/","og_locale":"sv_SE","og_type":"article","og_title":"ARB (Angiotensin II receptorblockerare)","og_description":"Angiotensinreceptorblockerare (ARB) blockerar verkningarna av angiotensin II, ett hormon som produceras naturligt av njurarna.","og_url":"https:\/\/www.heartfailurematters.org\/sv\/vad-din-lakare-eller-sjukskoterska-kan-gora\/angiotensin-ii-receptorblockerare-arb\/","og_site_name":"Heart Failure Matters","article_publisher":"https:\/\/www.facebook.com\/heartfailurematters","article_modified_time":"2022-01-19T14:20:28+00:00","og_image":[{"width":900,"height":596,"url":"https:\/\/www.heartfailurematters.org\/wp-content\/uploads\/2022\/03\/shutterstock_441673426-1-min.jpg","type":"image\/jpeg"}],"twitter_card":"summary_large_image","twitter_misc":{"Ber\u00e4knad l\u00e4stid":"2 minuter"},"schema":{"@context":"https:\/\/schema.org","@graph":[{"@type":"WebPage","@id":"https:\/\/www.heartfailurematters.org\/sv\/vad-din-lakare-eller-sjukskoterska-kan-gora\/angiotensin-ii-receptorblockerare-arb\/","url":"https:\/\/www.heartfailurematters.org\/sv\/vad-din-lakare-eller-sjukskoterska-kan-gora\/angiotensin-ii-receptorblockerare-arb\/","name":"ARB (Angiotensin II receptorblockerare)","isPartOf":{"@id":"https:\/\/www.heartfailurematters.org\/sv\/#website"},"primaryImageOfPage":{"@id":"https:\/\/www.heartfailurematters.org\/sv\/vad-din-lakare-eller-sjukskoterska-kan-gora\/angiotensin-ii-receptorblockerare-arb\/#primaryimage"},"image":{"@id":"https:\/\/www.heartfailurematters.org\/sv\/vad-din-lakare-eller-sjukskoterska-kan-gora\/angiotensin-ii-receptorblockerare-arb\/#primaryimage"},"thumbnailUrl":"https:\/\/www.heartfailurematters.org\/wp-content\/uploads\/2022\/03\/shutterstock_441673426-1-min.jpg","datePublished":"2021-01-27T22:12:03+00:00","dateModified":"2022-01-19T14:20:28+00:00","description":"Angiotensinreceptorblockerare (ARB) blockerar verkningarna av angiotensin II, ett hormon som produceras naturligt av njurarna.","breadcrumb":{"@id":"https:\/\/www.heartfailurematters.org\/sv\/vad-din-lakare-eller-sjukskoterska-kan-gora\/angiotensin-ii-receptorblockerare-arb\/#breadcrumb"},"inLanguage":"sv-SE","potentialAction":[{"@type":"ReadAction","target":["https:\/\/www.heartfailurematters.org\/sv\/vad-din-lakare-eller-sjukskoterska-kan-gora\/angiotensin-ii-receptorblockerare-arb\/"]}]},{"@type":"ImageObject","inLanguage":"sv-SE","@id":"https:\/\/www.heartfailurematters.org\/sv\/vad-din-lakare-eller-sjukskoterska-kan-gora\/angiotensin-ii-receptorblockerare-arb\/#primaryimage","url":"https:\/\/www.heartfailurematters.org\/wp-content\/uploads\/2022\/03\/shutterstock_441673426-1-min.jpg","contentUrl":"https:\/\/www.heartfailurematters.org\/wp-content\/uploads\/2022\/03\/shutterstock_441673426-1-min.jpg","width":900,"height":596},{"@type":"BreadcrumbList","@id":"https:\/\/www.heartfailurematters.org\/sv\/vad-din-lakare-eller-sjukskoterska-kan-gora\/angiotensin-ii-receptorblockerare-arb\/#breadcrumb","itemListElement":[{"@type":"ListItem","position":1,"name":"Hem","item":"https:\/\/www.heartfailurematters.org\/sv\/"},{"@type":"ListItem","position":2,"name":"Vad din l\u00e4kare kan g\u00f6ra","item":"https:\/\/www.heartfailurematters.org\/sv\/vad-din-lakare-eller-sjukskoterska-kan-gora\/"},{"@type":"ListItem","position":3,"name":"Angiotensin II-Receptorblockerare (ARB)"}]},{"@type":"WebSite","@id":"https:\/\/www.heartfailurematters.org\/sv\/#website","url":"https:\/\/www.heartfailurematters.org\/sv\/","name":"Heart Failure Matters","description":"Practical information for patients, families and caregivers.","publisher":{"@id":"https:\/\/www.heartfailurematters.org\/sv\/#organization"},"potentialAction":[{"@type":"SearchAction","target":{"@type":"EntryPoint","urlTemplate":"https:\/\/www.heartfailurematters.org\/sv\/?s={search_term_string}"},"query-input":{"@type":"PropertyValueSpecification","valueRequired":true,"valueName":"search_term_string"}}],"inLanguage":"sv-SE"},{"@type":"Organization","@id":"https:\/\/www.heartfailurematters.org\/sv\/#organization","name":"Heart Failure Matters","url":"https:\/\/www.heartfailurematters.org\/sv\/","logo":{"@type":"ImageObject","inLanguage":"sv-SE","@id":"https:\/\/www.heartfailurematters.org\/sv\/#\/schema\/logo\/image\/","url":"https:\/\/cdn-endpoint-hfm.azureedge.net\/heartfailurematters\/2024\/07\/hfm-logo1.jpg","contentUrl":"https:\/\/cdn-endpoint-hfm.azureedge.net\/heartfailurematters\/2024\/07\/hfm-logo1.jpg","width":1280,"height":720,"caption":"Heart Failure Matters"},"image":{"@id":"https:\/\/www.heartfailurematters.org\/sv\/#\/schema\/logo\/image\/"},"sameAs":["https:\/\/www.facebook.com\/heartfailurematters"]}]}},"_links":{"self":[{"href":"https:\/\/www.heartfailurematters.org\/sv\/wp-json\/wp\/v2\/pages\/2508","targetHints":{"allow":["GET"]}}],"collection":[{"href":"https:\/\/www.heartfailurematters.org\/sv\/wp-json\/wp\/v2\/pages"}],"about":[{"href":"https:\/\/www.heartfailurematters.org\/sv\/wp-json\/wp\/v2\/types\/page"}],"author":[{"embeddable":true,"href":"https:\/\/www.heartfailurematters.org\/sv\/wp-json\/wp\/v2\/users\/1"}],"replies":[{"embeddable":true,"href":"https:\/\/www.heartfailurematters.org\/sv\/wp-json\/wp\/v2\/comments?post=2508"}],"version-history":[{"count":3,"href":"https:\/\/www.heartfailurematters.org\/sv\/wp-json\/wp\/v2\/pages\/2508\/revisions"}],"predecessor-version":[{"id":10258,"href":"https:\/\/www.heartfailurematters.org\/sv\/wp-json\/wp\/v2\/pages\/2508\/revisions\/10258"}],"up":[{"embeddable":true,"href":"https:\/\/www.heartfailurematters.org\/sv\/wp-json\/wp\/v2\/pages\/2685"}],"wp:featuredmedia":[{"embeddable":true,"href":"https:\/\/www.heartfailurematters.org\/sv\/wp-json\/wp\/v2\/media\/10874"}],"wp:attachment":[{"href":"https:\/\/www.heartfailurematters.org\/sv\/wp-json\/wp\/v2\/media?parent=2508"}],"wp:term":[{"taxonomy":"category","embeddable":true,"href":"https:\/\/www.heartfailurematters.org\/sv\/wp-json\/wp\/v2\/categories?post=2508"},{"taxonomy":"post_tag","embeddable":true,"href":"https:\/\/www.heartfailurematters.org\/sv\/wp-json\/wp\/v2\/tags?post=2508"}],"curies":[{"name":"wp","href":"https:\/\/api.w.org\/{rel}","templated":true}]}}