{"id":2506,"date":"2021-01-27T22:12:03","date_gmt":"2021-01-27T22:12:03","guid":{"rendered":"http:\/\/heartfailurematters.local:8888\/diabetes\/"},"modified":"2021-06-25T17:24:31","modified_gmt":"2021-06-25T16:24:31","slug":"diabetes","status":"publish","type":"page","link":"https:\/\/www.heartfailurematters.org\/sv\/orsaker-till-hjartsvikt-och-andra-vanliga-medicinska-tillstand\/diabetes\/","title":{"rendered":"Diabetes"},"content":{"rendered":"<p>M\u00e5nga patienter med hj\u00e4rtsvikt diagnosticeras \u00e4ven med typ II-diabetes. Det \u00e4r inte f\u00f6rv\u00e5nande eftersom <strong>diabetes<\/strong> \u00e4r mycket vanligare hos patienter med hj\u00e4rtsvikt \u00e4n hos den \u00f6vriga befolkningen. Som med alla andra medicinska tillst\u00e5nd, ju b\u00e4ttre du f\u00f6rst\u00e5r det, desto b\u00e4ttre kommer du att kunna hantera det.<\/p>\n<p>Du diagnosticeras som <strong>diabetiker<\/strong> n\u00e4r du har f\u00f6r mycket socker <a class=\"addtooltip\" title=\"Ett socker som \u00e4r en viktig energik\u00e4lla f\u00f6r kroppen.\"><strong>(glukos)<\/strong><\/a> i blodet p\u00e5 grund av att produktionen av <a class=\"addtooltip\" title=\"Ett hormon som produceras av bukspottk\u00f6rteln och som g\u00f6r det m\u00f6jligt f\u00f6r kroppen att anv\u00e4nda glukos f\u00f6r att skapa energi.\"><strong>insulin <\/strong><\/a> i bukspottk\u00f6rteln \u00e4r otillr\u00e4cklig f\u00f6r att reglera m\u00e4ngden glukos i blodet. Glukos kommer in i blodet n\u00e4r kroppen tar upp socker och bryter ner kolhydraterna i mat och dryck. Insulin \u00e4r n\u00f6dv\u00e4ndigt f\u00f6r att hj\u00e4lpa glukosen att ta sig in i cellerna och anv\u00e4ndas f\u00f6r energi. Typ I-diabetes drabbar oftare yngre patienter och insulinbehandling \u00e4r alltid n\u00f6dv\u00e4ndig. Patienter med typ II-diabetes producerar fortfarande insulin men produktionen \u00e4r otillr\u00e4cklig. M\u00e5nga patienter med hj\u00e4rtsvikt diagnosticeras \u00e4ven med typ II diabetes.<\/p>\n<p>Blodglukos (socker i blodet) \u00e4r en del av de rutinm\u00e4ssiga blodprover som patienter med hj\u00e4rtsvikt kan ta f\u00f6r att uppt\u00e4cka diabetes. Om du l\u00f6per risk f\u00f6r diabetes och informeras om diagnosen, kommer ditt HbA1c att m\u00e4tas (HbA1c \u00e4r dina genomsnittliga blodsockerniv\u00e5er under de senaste tv\u00e5 till tre m\u00e5naderna).<\/p>\n<p>Det finns m\u00e5nga viktiga livsstilsf\u00f6r\u00e4ndringar som kan hj\u00e4lpa dig att hantera din diabetes framg\u00e5ngsrikt. Vissa saker, som du kanske redan g\u00f6r som hj\u00e4rtsviktspatient, som att ta en daglig promenad, m\u00e4ta blodtrycket regelbundet och bibeh\u00e5lla \u00f6nskad vikt, \u00e4r s\u00e4rskilt viktiga. Regelbunden motion hj\u00e4lper dig att s\u00e4nka dina blodglukosniv\u00e5er. Du kommer att bli ombedd att g\u00f6ra vissa andra saker ocks\u00e5, som att m\u00e4ta dina blodsockerniv\u00e5er, anpassa din kost och noga \u00f6vervaka m\u00e4ngden socker eller kolhydrater du \u00e4ter. Kolhydrater \u00e4r ett slags &#8221;socker\u201d som finns i vissa livsmedel, som br\u00f6d, pasta, ris och potatis.<\/p>\n<p>Din l\u00e4kare eller sjuksk\u00f6terska kommer att ge dig all praktisk information du beh\u00f6ver om hur du kan m\u00e4ta glukosniv\u00e5er och hur ofta detta b\u00f6r g\u00f6ras. R\u00e5d om kost och n\u00e4ring b\u00f6r ges av din l\u00e4kare, sjuksk\u00f6terska eller dietist. Ibland kan du ha fr\u00e5gor eller tvivel om vad du kan \u00e4ta. Kom ih\u00e5g att skriva ner dina fr\u00e5gor och ta med dem till ditt n\u00e4sta l\u00e4karbes\u00f6k.<\/p>\n<p>Det finns n\u00e5gra relativt vanliga medicinska komplikationer som kan uppst\u00e5 vid kronisk diabetes. H\u00e4lso- och sjukv\u00e5rdspersonalen kontrollerar rutinm\u00e4ssigt f\u00f6r tecken p\u00e5 k\u00e4rlproblem som nedsatt njurfunktion, f\u00f6r\u00e4ndringar i \u00f6gonen och s\u00e5r p\u00e5 f\u00f6tterna. Det \u00e4r viktigt att eventuella komplikationer diagnostiseras och behandlas tidigt f\u00f6r att f\u00f6rhindra en f\u00f6rv\u00e4rring av f\u00f6rloppet.<\/p>\n<p>Allt detta kan k\u00e4nnas \u00f6verv\u00e4ldigande till en b\u00f6rjan, men s\u00e5 sm\u00e5ningom kommer du att k\u00e4nna dig s\u00e4krare och det blir l\u00e4ttare med tiden. Behandling mot diabetes inneb\u00e4r vanligtvis en kombination av kost och medicinering. Det finns mycket effektiva l\u00e4kemedel f\u00f6r patienter med diabetes. Vissa patienter kommer ocks\u00e5 att beh\u00f6va insulininjektioner. Du ska inte vara orolig f\u00f6r att medicinen du tar f\u00f6r det ena tillst\u00e5ndet kan vara d\u00e5lig f\u00f6r det andra. De flesta l\u00e4kemedel som anv\u00e4nds f\u00f6r hj\u00e4rtsvikt kan anv\u00e4ndas av patienter med diabetes p\u00e5 ett s\u00e4kert s\u00e4tt och ger samma f\u00f6rdelar. Det finns ocks\u00e5 l\u00e4kemedel f\u00f6r diabetes som kan anv\u00e4ndas s\u00e4kert av patienter med hj\u00e4rtsvikt. <a href=\"https:\/\/www.heartfailurematters.org\/what-your-doctor-can-do\/heart-failure-medicines\/\">F\u00f6r n\u00e4rvarande finns det faktiskt flera nyare l\u00e4kemedel som behandlar b\u00e5da tillst\u00e5nden.<\/a><\/p>\n<p>I vissa l\u00e4nder behandlas hj\u00e4rtsvikt och diabetes inte av samma medicinska team. Om s\u00e5 \u00e4r fallet, gl\u00f6m inte att informera b\u00e5da v\u00e5rdlagen om din andra diagnos och all medicin du tar. Det \u00e4r alltid nyttigt att ha en uppdaterad skriftlig lista p\u00e5 alla l\u00e4kemedel du anv\u00e4nder f\u00f6r n\u00e4rvarande.<\/p>\n<p><a title=\"G\u00e5 tillbaka till \"Andra vanliga medicinska tillst\u00e5nd och hj\u00e4rtsvikt\"\" href=\"https:\/\/www.heartfailurematters.org\/heart-failure-causes-and-other-common-medical-conditions\/other-common-medical-conditions-and-heart-failure\/\">G\u00e5 tillbaka till &#8221;Andra vanliga medicinska tillst\u00e5nd och hj\u00e4rtsvikt&#8221;<\/a><\/p>\n","protected":false},"excerpt":{"rendered":"<p>M\u00e5nga patienter med hj\u00e4rtsvikt diagnosticeras \u00e4ven med typ II-diabetes. Det \u00e4r inte f\u00f6rv\u00e5nande eftersom diabetes \u00e4r mycket vanligare hos patienter med hj\u00e4rtsvikt \u00e4n hos den \u00f6vriga befolkningen. Som med alla andra medicinska tillst\u00e5nd, ju b\u00e4ttre du f\u00f6rst\u00e5r det, desto b\u00e4ttre kommer du att kunna hantera det. Du diagnosticeras som diabetiker n\u00e4r du har f\u00f6r mycket [&hellip;]<\/p>\n","protected":false},"author":1,"featured_media":10762,"parent":8051,"menu_order":10,"comment_status":"open","ping_status":"open","template":"","meta":{"_acf_changed":false,"footnotes":""},"categories":[],"tags":[],"class_list":["post-2506","page","type-page","status-publish","has-post-thumbnail","hentry"],"acf":[],"yoast_head":"<!-- This site is optimized with the Yoast SEO plugin v24.8.1 - https:\/\/yoast.com\/wordpress\/plugins\/seo\/ -->\n<title>Diabetes<\/title>\n<meta name=\"description\" content=\"Diabetes uts\u00e4tter hj\u00e4rtat f\u00f6r extra belastning, vilket \u00f6kar risken f\u00f6r hj\u00e4rtsvikt. M\u00e4nniskor med diabetes \u00e4r ofta \u00f6verviktiga och har h\u00f6gt blodtryck och h\u00f6gt kolesterol.\" \/>\n<meta name=\"robots\" content=\"index, follow, max-snippet:-1, max-image-preview:large, max-video-preview:-1\" \/>\n<link rel=\"canonical\" href=\"https:\/\/www.heartfailurematters.org\/sv\/orsaker-till-hjartsvikt-och-andra-vanliga-medicinska-tillstand\/diabetes\/\" \/>\n<meta property=\"og:locale\" content=\"sv_SE\" \/>\n<meta property=\"og:type\" content=\"article\" \/>\n<meta property=\"og:title\" content=\"Diabetes\" \/>\n<meta property=\"og:description\" content=\"Diabetes uts\u00e4tter hj\u00e4rtat f\u00f6r extra belastning, vilket \u00f6kar risken f\u00f6r hj\u00e4rtsvikt. M\u00e4nniskor med diabetes \u00e4r ofta \u00f6verviktiga och har h\u00f6gt blodtryck och h\u00f6gt kolesterol.\" \/>\n<meta property=\"og:url\" content=\"https:\/\/www.heartfailurematters.org\/sv\/orsaker-till-hjartsvikt-och-andra-vanliga-medicinska-tillstand\/diabetes\/\" \/>\n<meta property=\"og:site_name\" content=\"Heart Failure Matters\" \/>\n<meta property=\"article:publisher\" content=\"https:\/\/www.facebook.com\/heartfailurematters\" \/>\n<meta property=\"article:modified_time\" content=\"2021-06-25T16:24:31+00:00\" \/>\n<meta property=\"og:image\" content=\"https:\/\/www.heartfailurematters.org\/wp-content\/uploads\/2022\/03\/shutterstock_1439349791-1-min.jpg\" \/>\n\t<meta property=\"og:image:width\" content=\"900\" \/>\n\t<meta property=\"og:image:height\" content=\"601\" \/>\n\t<meta property=\"og:image:type\" content=\"image\/jpeg\" \/>\n<meta name=\"twitter:card\" content=\"summary_large_image\" \/>\n<meta name=\"twitter:label1\" content=\"Ber\u00e4knad l\u00e4stid\" \/>\n\t<meta name=\"twitter:data1\" content=\"4 minuter\" \/>\n<script type=\"application\/ld+json\" class=\"yoast-schema-graph\">{\"@context\":\"https:\/\/schema.org\",\"@graph\":[{\"@type\":\"WebPage\",\"@id\":\"https:\/\/www.heartfailurematters.org\/sv\/orsaker-till-hjartsvikt-och-andra-vanliga-medicinska-tillstand\/diabetes\/\",\"url\":\"https:\/\/www.heartfailurematters.org\/sv\/orsaker-till-hjartsvikt-och-andra-vanliga-medicinska-tillstand\/diabetes\/\",\"name\":\"Diabetes\",\"isPartOf\":{\"@id\":\"https:\/\/www.heartfailurematters.org\/sv\/#website\"},\"primaryImageOfPage\":{\"@id\":\"https:\/\/www.heartfailurematters.org\/sv\/orsaker-till-hjartsvikt-och-andra-vanliga-medicinska-tillstand\/diabetes\/#primaryimage\"},\"image\":{\"@id\":\"https:\/\/www.heartfailurematters.org\/sv\/orsaker-till-hjartsvikt-och-andra-vanliga-medicinska-tillstand\/diabetes\/#primaryimage\"},\"thumbnailUrl\":\"https:\/\/www.heartfailurematters.org\/wp-content\/uploads\/2022\/03\/shutterstock_1439349791-1-min.jpg\",\"datePublished\":\"2021-01-27T22:12:03+00:00\",\"dateModified\":\"2021-06-25T16:24:31+00:00\",\"description\":\"Diabetes uts\u00e4tter hj\u00e4rtat f\u00f6r extra belastning, vilket \u00f6kar risken f\u00f6r hj\u00e4rtsvikt. M\u00e4nniskor med diabetes \u00e4r ofta \u00f6verviktiga och har h\u00f6gt blodtryck och h\u00f6gt kolesterol.\",\"breadcrumb\":{\"@id\":\"https:\/\/www.heartfailurematters.org\/sv\/orsaker-till-hjartsvikt-och-andra-vanliga-medicinska-tillstand\/diabetes\/#breadcrumb\"},\"inLanguage\":\"sv-SE\",\"potentialAction\":[{\"@type\":\"ReadAction\",\"target\":[\"https:\/\/www.heartfailurematters.org\/sv\/orsaker-till-hjartsvikt-och-andra-vanliga-medicinska-tillstand\/diabetes\/\"]}]},{\"@type\":\"ImageObject\",\"inLanguage\":\"sv-SE\",\"@id\":\"https:\/\/www.heartfailurematters.org\/sv\/orsaker-till-hjartsvikt-och-andra-vanliga-medicinska-tillstand\/diabetes\/#primaryimage\",\"url\":\"https:\/\/www.heartfailurematters.org\/wp-content\/uploads\/2022\/03\/shutterstock_1439349791-1-min.jpg\",\"contentUrl\":\"https:\/\/www.heartfailurematters.org\/wp-content\/uploads\/2022\/03\/shutterstock_1439349791-1-min.jpg\",\"width\":900,\"height\":601},{\"@type\":\"BreadcrumbList\",\"@id\":\"https:\/\/www.heartfailurematters.org\/sv\/orsaker-till-hjartsvikt-och-andra-vanliga-medicinska-tillstand\/diabetes\/#breadcrumb\",\"itemListElement\":[{\"@type\":\"ListItem\",\"position\":1,\"name\":\"Hem\",\"item\":\"https:\/\/www.heartfailurematters.org\/sv\/\"},{\"@type\":\"ListItem\",\"position\":2,\"name\":\"Orsaker till hj\u00e4rtsvikt och andra vanliga medicinska tillst\u00e5nd\",\"item\":\"https:\/\/www.heartfailurematters.org\/sv\/orsaker-till-hjartsvikt-och-andra-vanliga-medicinska-tillstand\/\"},{\"@type\":\"ListItem\",\"position\":3,\"name\":\"Diabetes\"}]},{\"@type\":\"WebSite\",\"@id\":\"https:\/\/www.heartfailurematters.org\/sv\/#website\",\"url\":\"https:\/\/www.heartfailurematters.org\/sv\/\",\"name\":\"Heart Failure Matters\",\"description\":\"Practical information for patients, families and caregivers.\",\"publisher\":{\"@id\":\"https:\/\/www.heartfailurematters.org\/sv\/#organization\"},\"potentialAction\":[{\"@type\":\"SearchAction\",\"target\":{\"@type\":\"EntryPoint\",\"urlTemplate\":\"https:\/\/www.heartfailurematters.org\/sv\/?s={search_term_string}\"},\"query-input\":{\"@type\":\"PropertyValueSpecification\",\"valueRequired\":true,\"valueName\":\"search_term_string\"}}],\"inLanguage\":\"sv-SE\"},{\"@type\":\"Organization\",\"@id\":\"https:\/\/www.heartfailurematters.org\/sv\/#organization\",\"name\":\"Heart Failure Matters\",\"url\":\"https:\/\/www.heartfailurematters.org\/sv\/\",\"logo\":{\"@type\":\"ImageObject\",\"inLanguage\":\"sv-SE\",\"@id\":\"https:\/\/www.heartfailurematters.org\/sv\/#\/schema\/logo\/image\/\",\"url\":\"https:\/\/cdn-endpoint-hfm.azureedge.net\/heartfailurematters\/2024\/07\/hfm-logo1.jpg\",\"contentUrl\":\"https:\/\/cdn-endpoint-hfm.azureedge.net\/heartfailurematters\/2024\/07\/hfm-logo1.jpg\",\"width\":1280,\"height\":720,\"caption\":\"Heart Failure Matters\"},\"image\":{\"@id\":\"https:\/\/www.heartfailurematters.org\/sv\/#\/schema\/logo\/image\/\"},\"sameAs\":[\"https:\/\/www.facebook.com\/heartfailurematters\"]}]}<\/script>\n<!-- \/ Yoast SEO plugin. -->","yoast_head_json":{"title":"Diabetes","description":"Diabetes uts\u00e4tter hj\u00e4rtat f\u00f6r extra belastning, vilket \u00f6kar risken f\u00f6r hj\u00e4rtsvikt. M\u00e4nniskor med diabetes \u00e4r ofta \u00f6verviktiga och har h\u00f6gt blodtryck och h\u00f6gt kolesterol.","robots":{"index":"index","follow":"follow","max-snippet":"max-snippet:-1","max-image-preview":"max-image-preview:large","max-video-preview":"max-video-preview:-1"},"canonical":"https:\/\/www.heartfailurematters.org\/sv\/orsaker-till-hjartsvikt-och-andra-vanliga-medicinska-tillstand\/diabetes\/","og_locale":"sv_SE","og_type":"article","og_title":"Diabetes","og_description":"Diabetes uts\u00e4tter hj\u00e4rtat f\u00f6r extra belastning, vilket \u00f6kar risken f\u00f6r hj\u00e4rtsvikt. M\u00e4nniskor med diabetes \u00e4r ofta \u00f6verviktiga och har h\u00f6gt blodtryck och h\u00f6gt kolesterol.","og_url":"https:\/\/www.heartfailurematters.org\/sv\/orsaker-till-hjartsvikt-och-andra-vanliga-medicinska-tillstand\/diabetes\/","og_site_name":"Heart Failure Matters","article_publisher":"https:\/\/www.facebook.com\/heartfailurematters","article_modified_time":"2021-06-25T16:24:31+00:00","og_image":[{"width":900,"height":601,"url":"https:\/\/www.heartfailurematters.org\/wp-content\/uploads\/2022\/03\/shutterstock_1439349791-1-min.jpg","type":"image\/jpeg"}],"twitter_card":"summary_large_image","twitter_misc":{"Ber\u00e4knad l\u00e4stid":"4 minuter"},"schema":{"@context":"https:\/\/schema.org","@graph":[{"@type":"WebPage","@id":"https:\/\/www.heartfailurematters.org\/sv\/orsaker-till-hjartsvikt-och-andra-vanliga-medicinska-tillstand\/diabetes\/","url":"https:\/\/www.heartfailurematters.org\/sv\/orsaker-till-hjartsvikt-och-andra-vanliga-medicinska-tillstand\/diabetes\/","name":"Diabetes","isPartOf":{"@id":"https:\/\/www.heartfailurematters.org\/sv\/#website"},"primaryImageOfPage":{"@id":"https:\/\/www.heartfailurematters.org\/sv\/orsaker-till-hjartsvikt-och-andra-vanliga-medicinska-tillstand\/diabetes\/#primaryimage"},"image":{"@id":"https:\/\/www.heartfailurematters.org\/sv\/orsaker-till-hjartsvikt-och-andra-vanliga-medicinska-tillstand\/diabetes\/#primaryimage"},"thumbnailUrl":"https:\/\/www.heartfailurematters.org\/wp-content\/uploads\/2022\/03\/shutterstock_1439349791-1-min.jpg","datePublished":"2021-01-27T22:12:03+00:00","dateModified":"2021-06-25T16:24:31+00:00","description":"Diabetes uts\u00e4tter hj\u00e4rtat f\u00f6r extra belastning, vilket \u00f6kar risken f\u00f6r hj\u00e4rtsvikt. M\u00e4nniskor med diabetes \u00e4r ofta \u00f6verviktiga och har h\u00f6gt blodtryck och h\u00f6gt kolesterol.","breadcrumb":{"@id":"https:\/\/www.heartfailurematters.org\/sv\/orsaker-till-hjartsvikt-och-andra-vanliga-medicinska-tillstand\/diabetes\/#breadcrumb"},"inLanguage":"sv-SE","potentialAction":[{"@type":"ReadAction","target":["https:\/\/www.heartfailurematters.org\/sv\/orsaker-till-hjartsvikt-och-andra-vanliga-medicinska-tillstand\/diabetes\/"]}]},{"@type":"ImageObject","inLanguage":"sv-SE","@id":"https:\/\/www.heartfailurematters.org\/sv\/orsaker-till-hjartsvikt-och-andra-vanliga-medicinska-tillstand\/diabetes\/#primaryimage","url":"https:\/\/www.heartfailurematters.org\/wp-content\/uploads\/2022\/03\/shutterstock_1439349791-1-min.jpg","contentUrl":"https:\/\/www.heartfailurematters.org\/wp-content\/uploads\/2022\/03\/shutterstock_1439349791-1-min.jpg","width":900,"height":601},{"@type":"BreadcrumbList","@id":"https:\/\/www.heartfailurematters.org\/sv\/orsaker-till-hjartsvikt-och-andra-vanliga-medicinska-tillstand\/diabetes\/#breadcrumb","itemListElement":[{"@type":"ListItem","position":1,"name":"Hem","item":"https:\/\/www.heartfailurematters.org\/sv\/"},{"@type":"ListItem","position":2,"name":"Orsaker till hj\u00e4rtsvikt och andra vanliga medicinska tillst\u00e5nd","item":"https:\/\/www.heartfailurematters.org\/sv\/orsaker-till-hjartsvikt-och-andra-vanliga-medicinska-tillstand\/"},{"@type":"ListItem","position":3,"name":"Diabetes"}]},{"@type":"WebSite","@id":"https:\/\/www.heartfailurematters.org\/sv\/#website","url":"https:\/\/www.heartfailurematters.org\/sv\/","name":"Heart Failure Matters","description":"Practical information for patients, families and caregivers.","publisher":{"@id":"https:\/\/www.heartfailurematters.org\/sv\/#organization"},"potentialAction":[{"@type":"SearchAction","target":{"@type":"EntryPoint","urlTemplate":"https:\/\/www.heartfailurematters.org\/sv\/?s={search_term_string}"},"query-input":{"@type":"PropertyValueSpecification","valueRequired":true,"valueName":"search_term_string"}}],"inLanguage":"sv-SE"},{"@type":"Organization","@id":"https:\/\/www.heartfailurematters.org\/sv\/#organization","name":"Heart Failure Matters","url":"https:\/\/www.heartfailurematters.org\/sv\/","logo":{"@type":"ImageObject","inLanguage":"sv-SE","@id":"https:\/\/www.heartfailurematters.org\/sv\/#\/schema\/logo\/image\/","url":"https:\/\/cdn-endpoint-hfm.azureedge.net\/heartfailurematters\/2024\/07\/hfm-logo1.jpg","contentUrl":"https:\/\/cdn-endpoint-hfm.azureedge.net\/heartfailurematters\/2024\/07\/hfm-logo1.jpg","width":1280,"height":720,"caption":"Heart Failure Matters"},"image":{"@id":"https:\/\/www.heartfailurematters.org\/sv\/#\/schema\/logo\/image\/"},"sameAs":["https:\/\/www.facebook.com\/heartfailurematters"]}]}},"_links":{"self":[{"href":"https:\/\/www.heartfailurematters.org\/sv\/wp-json\/wp\/v2\/pages\/2506","targetHints":{"allow":["GET"]}}],"collection":[{"href":"https:\/\/www.heartfailurematters.org\/sv\/wp-json\/wp\/v2\/pages"}],"about":[{"href":"https:\/\/www.heartfailurematters.org\/sv\/wp-json\/wp\/v2\/types\/page"}],"author":[{"embeddable":true,"href":"https:\/\/www.heartfailurematters.org\/sv\/wp-json\/wp\/v2\/users\/1"}],"replies":[{"embeddable":true,"href":"https:\/\/www.heartfailurematters.org\/sv\/wp-json\/wp\/v2\/comments?post=2506"}],"version-history":[{"count":2,"href":"https:\/\/www.heartfailurematters.org\/sv\/wp-json\/wp\/v2\/pages\/2506\/revisions"}],"predecessor-version":[{"id":9189,"href":"https:\/\/www.heartfailurematters.org\/sv\/wp-json\/wp\/v2\/pages\/2506\/revisions\/9189"}],"up":[{"embeddable":true,"href":"https:\/\/www.heartfailurematters.org\/sv\/wp-json\/wp\/v2\/pages\/8051"}],"wp:featuredmedia":[{"embeddable":true,"href":"https:\/\/www.heartfailurematters.org\/sv\/wp-json\/wp\/v2\/media\/10762"}],"wp:attachment":[{"href":"https:\/\/www.heartfailurematters.org\/sv\/wp-json\/wp\/v2\/media?parent=2506"}],"wp:term":[{"taxonomy":"category","embeddable":true,"href":"https:\/\/www.heartfailurematters.org\/sv\/wp-json\/wp\/v2\/categories?post=2506"},{"taxonomy":"post_tag","embeddable":true,"href":"https:\/\/www.heartfailurematters.org\/sv\/wp-json\/wp\/v2\/tags?post=2506"}],"curies":[{"name":"wp","href":"https:\/\/api.w.org\/{rel}","templated":true}]}}