{"id":2505,"date":"2021-01-27T22:12:03","date_gmt":"2021-01-27T22:12:03","guid":{"rendered":"http:\/\/heartfailurematters.local:8888\/kirurgi\/"},"modified":"2021-04-14T15:00:10","modified_gmt":"2021-04-14T14:00:10","slug":"kirurgi","status":"publish","type":"page","link":"https:\/\/www.heartfailurematters.org\/sv\/fraga-din-lakare\/kirurgi\/","title":{"rendered":"Kirurgi"},"content":{"rendered":"<p>Du kan l\u00e4sa om olika typer av kirurgi i avsnittet <a href=\"https:\/\/www.heartfailurematters.org\/what-your-doctor-can-do\/introduction\/\">&#8221;Vad kan din l\u00e4kare g\u00f6ra?&#8221;<\/a>\u00a0p\u00e5 denna webbplats, men din l\u00e4kare kommer att kunna ge dig mer specifik information om exakt den operation du kommer att f\u00e5, och du kan ocks\u00e5 st\u00e4lla alla fr\u00e5gor direkt till din l\u00e4kare.<strong><br \/>\n<\/strong><\/p>\n<p><strong>Vad finns det f\u00f6r risker med operationen? <\/strong><br \/>\nInnan du opereras kommer l\u00e4karen att diskutera ingreppet och risker f\u00f6renade med operationen. F\u00f6r de flesta patienter uppv\u00e4ger f\u00f6rdelarna med operation riskerna.<\/p>\n<p><strong>M\u00e5ste jag stanna p\u00e5 sjukhuset och hur l\u00e4nge? <\/strong><br \/>\nN\u00e4r operationen f\u00f6rbereds kommer din l\u00e4kare att tala om f\u00f6r dig om du beh\u00f6ver \u00f6vernatta p\u00e5 sjukhuset. Du kan sedan planera d\u00e4refter.<\/p>\n<p><strong>Hur l\u00e5ng tid tar operationen?<\/strong><br \/>\nDin l\u00e4kare kan ge dig en uppfattning om hur l\u00e5ng tid operationen tar och alla uppgifter om ingreppet.<\/p>\n<p><strong>Kommer jag att k\u00e4nna n\u00e5gon sm\u00e4rta?<\/strong><br \/>\nDu kommer att f\u00e5 ett bed\u00f6vningsmedel s\u00e5 att du inte k\u00e4nner n\u00e5got, men din l\u00e4kare avg\u00f6r om det \u00e4r mer l\u00e4mpligt med narkos eller med lokalbed\u00f6vning. Vid narkos kommer du att somna och du kommer inte att vara medveten om att operationen\/ingreppet \u00e4ger rum. Om du f\u00e5r lokalbed\u00f6vning kommer du att vara vaken under ingreppet, men du k\u00e4nner inte av operationen eftersom omr\u00e5det som opereras \u00e4r bed\u00f6vat.<\/p>\n<p><strong>M\u00e5ste jag ta n\u00e5gra extra mediciner efter ingreppet? <\/strong><br \/>\nDu kan beh\u00f6va ta mediciner efter operationen, som skiljer sig fr\u00e5n de l\u00e4kemedel som du har tagit tidigare. Du kan ta med dig fr\u00e5gor om l\u00e4kemedelslistan s\u00e5 att du efter testet\/ingreppet kan kontrollera hur mycket du ska ta, hur ofta, och om det finns n\u00e5gra tillh\u00f6rande biverkningar.<\/p>\n<p><strong>Hur l\u00e4nge dr\u00f6jer det innan jag b\u00f6rjar m\u00e5 b\u00e4ttre?<\/strong><br \/>\n\u00c5terh\u00e4mtning fr\u00e5n en operation brukar best\u00e5 av tv\u00e5 faser. Inledningsvis kommer du att k\u00e4nna dig mycket b\u00e4ttre v\u00e4ldigt snabbt. Efter ett tag kommer det emellertid att ta tid f\u00f6r dig att \u00e5terh\u00e4mta dig helt och h\u00e5llet och uppleva f\u00f6rdelarna med operationen. Din l\u00e4kare b\u00f6r kunna ge dig en uppfattning om hur l\u00e5ng tid det tar att \u00e5terh\u00e4mta sig fr\u00e5n operationen.<\/p>\n<p><strong>M\u00e5ste jag \u00e4ndra min livsstil?<\/strong><br \/>\nEfter operationen \u00e4r det inte s\u00e4kert att du kan \u00e5terg\u00e5 till din vanliga kost och fysiska aktiviteter direkt. Din l\u00e4kare, sjuksk\u00f6terska eller dietist kan ge dig r\u00e5d om vad du kan g\u00f6ra och vad du b\u00f6r f\u00f6rs\u00f6ka undvika att g\u00f6ra och alla f\u00f6r\u00e4ndringar du b\u00f6r g\u00f6ra i dina dagliga rutiner.<\/p>\n","protected":false},"excerpt":{"rendered":"<p>Du kan l\u00e4sa om olika typer av kirurgi i avsnittet &#8221;Vad kan din l\u00e4kare g\u00f6ra?&#8221;\u00a0p\u00e5 denna webbplats, men din l\u00e4kare kommer att kunna ge dig mer specifik information om exakt den operation du kommer att f\u00e5, och du kan ocks\u00e5 st\u00e4lla alla fr\u00e5gor direkt till din l\u00e4kare. Vad finns det f\u00f6r risker med operationen? Innan [&hellip;]<\/p>\n","protected":false},"author":1,"featured_media":10939,"parent":2767,"menu_order":4,"comment_status":"open","ping_status":"closed","template":"","meta":{"_acf_changed":false,"footnotes":""},"categories":[70],"tags":[],"class_list":["post-2505","page","type-page","status-publish","has-post-thumbnail","hentry","category-ask-your-doctor-sv"],"acf":[],"yoast_head":"<!-- This site is optimized with the Yoast SEO plugin v24.8.1 - https:\/\/yoast.com\/wordpress\/plugins\/seo\/ -->\n<title>Hj\u00e4rtsviktskirurgi<\/title>\n<meta name=\"description\" content=\"Kirurgiska ingrepp kan vara skr\u00e4mmande, men du beh\u00f6ver inte vara r\u00e4dd f\u00f6r att st\u00e4lla fr\u00e5gor. Nedan finns en lista med fr\u00e5gor om kirurgiska ingrepp som du kan st\u00e4lla till din l\u00e4kare.\" \/>\n<meta name=\"robots\" content=\"index, follow, max-snippet:-1, max-image-preview:large, max-video-preview:-1\" \/>\n<link rel=\"canonical\" href=\"https:\/\/www.heartfailurematters.org\/sv\/fraga-din-lakare\/kirurgi\/\" \/>\n<meta property=\"og:locale\" content=\"sv_SE\" \/>\n<meta property=\"og:type\" content=\"article\" \/>\n<meta property=\"og:title\" content=\"Hj\u00e4rtsviktskirurgi\" \/>\n<meta property=\"og:description\" content=\"Kirurgiska ingrepp kan vara skr\u00e4mmande, men du beh\u00f6ver inte vara r\u00e4dd f\u00f6r att st\u00e4lla fr\u00e5gor. Nedan finns en lista med fr\u00e5gor om kirurgiska ingrepp som du kan st\u00e4lla till din l\u00e4kare.\" \/>\n<meta property=\"og:url\" content=\"https:\/\/www.heartfailurematters.org\/sv\/fraga-din-lakare\/kirurgi\/\" \/>\n<meta property=\"og:site_name\" content=\"Heart Failure Matters\" \/>\n<meta property=\"article:publisher\" content=\"https:\/\/www.facebook.com\/heartfailurematters\" \/>\n<meta property=\"article:modified_time\" content=\"2021-04-14T14:00:10+00:00\" \/>\n<meta property=\"og:image\" content=\"https:\/\/www.heartfailurematters.org\/wp-content\/uploads\/2022\/03\/shutterstock_2073525971-1-min.jpg?_t=1773216358\" \/>\n\t<meta property=\"og:image:width\" content=\"900\" \/>\n\t<meta property=\"og:image:height\" content=\"559\" \/>\n\t<meta property=\"og:image:type\" content=\"image\/jpeg\" \/>\n<meta name=\"twitter:card\" content=\"summary_large_image\" \/>\n<meta name=\"twitter:label1\" content=\"Ber\u00e4knad l\u00e4stid\" \/>\n\t<meta name=\"twitter:data1\" content=\"2 minuter\" \/>\n<script type=\"application\/ld+json\" class=\"yoast-schema-graph\">{\"@context\":\"https:\/\/schema.org\",\"@graph\":[{\"@type\":\"WebPage\",\"@id\":\"https:\/\/www.heartfailurematters.org\/sv\/fraga-din-lakare\/kirurgi\/\",\"url\":\"https:\/\/www.heartfailurematters.org\/sv\/fraga-din-lakare\/kirurgi\/\",\"name\":\"Hj\u00e4rtsviktskirurgi\",\"isPartOf\":{\"@id\":\"https:\/\/www.heartfailurematters.org\/sv\/#website\"},\"primaryImageOfPage\":{\"@id\":\"https:\/\/www.heartfailurematters.org\/sv\/fraga-din-lakare\/kirurgi\/#primaryimage\"},\"image\":{\"@id\":\"https:\/\/www.heartfailurematters.org\/sv\/fraga-din-lakare\/kirurgi\/#primaryimage\"},\"thumbnailUrl\":\"https:\/\/www.heartfailurematters.org\/wp-content\/uploads\/2022\/03\/shutterstock_2073525971-1-min.jpg\",\"datePublished\":\"2021-01-27T22:12:03+00:00\",\"dateModified\":\"2021-04-14T14:00:10+00:00\",\"description\":\"Kirurgiska ingrepp kan vara skr\u00e4mmande, men du beh\u00f6ver inte vara r\u00e4dd f\u00f6r att st\u00e4lla fr\u00e5gor. Nedan finns en lista med fr\u00e5gor om kirurgiska ingrepp som du kan st\u00e4lla till din l\u00e4kare.\",\"breadcrumb\":{\"@id\":\"https:\/\/www.heartfailurematters.org\/sv\/fraga-din-lakare\/kirurgi\/#breadcrumb\"},\"inLanguage\":\"sv-SE\",\"potentialAction\":[{\"@type\":\"ReadAction\",\"target\":[\"https:\/\/www.heartfailurematters.org\/sv\/fraga-din-lakare\/kirurgi\/\"]}]},{\"@type\":\"ImageObject\",\"inLanguage\":\"sv-SE\",\"@id\":\"https:\/\/www.heartfailurematters.org\/sv\/fraga-din-lakare\/kirurgi\/#primaryimage\",\"url\":\"https:\/\/www.heartfailurematters.org\/wp-content\/uploads\/2022\/03\/shutterstock_2073525971-1-min.jpg\",\"contentUrl\":\"https:\/\/www.heartfailurematters.org\/wp-content\/uploads\/2022\/03\/shutterstock_2073525971-1-min.jpg\",\"width\":900,\"height\":559},{\"@type\":\"BreadcrumbList\",\"@id\":\"https:\/\/www.heartfailurematters.org\/sv\/fraga-din-lakare\/kirurgi\/#breadcrumb\",\"itemListElement\":[{\"@type\":\"ListItem\",\"position\":1,\"name\":\"Hem\",\"item\":\"https:\/\/www.heartfailurematters.org\/sv\/\"},{\"@type\":\"ListItem\",\"position\":2,\"name\":\"Fr\u00e5ga din l\u00e4kare\",\"item\":\"https:\/\/www.heartfailurematters.org\/sv\/fraga-din-lakare\/\"},{\"@type\":\"ListItem\",\"position\":3,\"name\":\"Kirurgi\"}]},{\"@type\":\"WebSite\",\"@id\":\"https:\/\/www.heartfailurematters.org\/sv\/#website\",\"url\":\"https:\/\/www.heartfailurematters.org\/sv\/\",\"name\":\"Heart Failure Matters\",\"description\":\"Practical information for patients, families and caregivers.\",\"publisher\":{\"@id\":\"https:\/\/www.heartfailurematters.org\/sv\/#organization\"},\"potentialAction\":[{\"@type\":\"SearchAction\",\"target\":{\"@type\":\"EntryPoint\",\"urlTemplate\":\"https:\/\/www.heartfailurematters.org\/sv\/?s={search_term_string}\"},\"query-input\":{\"@type\":\"PropertyValueSpecification\",\"valueRequired\":true,\"valueName\":\"search_term_string\"}}],\"inLanguage\":\"sv-SE\"},{\"@type\":\"Organization\",\"@id\":\"https:\/\/www.heartfailurematters.org\/sv\/#organization\",\"name\":\"Heart Failure Matters\",\"url\":\"https:\/\/www.heartfailurematters.org\/sv\/\",\"logo\":{\"@type\":\"ImageObject\",\"inLanguage\":\"sv-SE\",\"@id\":\"https:\/\/www.heartfailurematters.org\/sv\/#\/schema\/logo\/image\/\",\"url\":\"https:\/\/cdn-endpoint-hfm.azureedge.net\/heartfailurematters\/2024\/07\/hfm-logo1.jpg\",\"contentUrl\":\"https:\/\/cdn-endpoint-hfm.azureedge.net\/heartfailurematters\/2024\/07\/hfm-logo1.jpg\",\"width\":1280,\"height\":720,\"caption\":\"Heart Failure Matters\"},\"image\":{\"@id\":\"https:\/\/www.heartfailurematters.org\/sv\/#\/schema\/logo\/image\/\"},\"sameAs\":[\"https:\/\/www.facebook.com\/heartfailurematters\"]}]}<\/script>\n<!-- \/ Yoast SEO plugin. -->","yoast_head_json":{"title":"Hj\u00e4rtsviktskirurgi","description":"Kirurgiska ingrepp kan vara skr\u00e4mmande, men du beh\u00f6ver inte vara r\u00e4dd f\u00f6r att st\u00e4lla fr\u00e5gor. Nedan finns en lista med fr\u00e5gor om kirurgiska ingrepp som du kan st\u00e4lla till din l\u00e4kare.","robots":{"index":"index","follow":"follow","max-snippet":"max-snippet:-1","max-image-preview":"max-image-preview:large","max-video-preview":"max-video-preview:-1"},"canonical":"https:\/\/www.heartfailurematters.org\/sv\/fraga-din-lakare\/kirurgi\/","og_locale":"sv_SE","og_type":"article","og_title":"Hj\u00e4rtsviktskirurgi","og_description":"Kirurgiska ingrepp kan vara skr\u00e4mmande, men du beh\u00f6ver inte vara r\u00e4dd f\u00f6r att st\u00e4lla fr\u00e5gor. Nedan finns en lista med fr\u00e5gor om kirurgiska ingrepp som du kan st\u00e4lla till din l\u00e4kare.","og_url":"https:\/\/www.heartfailurematters.org\/sv\/fraga-din-lakare\/kirurgi\/","og_site_name":"Heart Failure Matters","article_publisher":"https:\/\/www.facebook.com\/heartfailurematters","article_modified_time":"2021-04-14T14:00:10+00:00","og_image":[{"width":900,"height":559,"url":"https:\/\/www.heartfailurematters.org\/wp-content\/uploads\/2022\/03\/shutterstock_2073525971-1-min.jpg?_t=1773216358","type":"image\/jpeg"}],"twitter_card":"summary_large_image","twitter_misc":{"Ber\u00e4knad l\u00e4stid":"2 minuter"},"schema":{"@context":"https:\/\/schema.org","@graph":[{"@type":"WebPage","@id":"https:\/\/www.heartfailurematters.org\/sv\/fraga-din-lakare\/kirurgi\/","url":"https:\/\/www.heartfailurematters.org\/sv\/fraga-din-lakare\/kirurgi\/","name":"Hj\u00e4rtsviktskirurgi","isPartOf":{"@id":"https:\/\/www.heartfailurematters.org\/sv\/#website"},"primaryImageOfPage":{"@id":"https:\/\/www.heartfailurematters.org\/sv\/fraga-din-lakare\/kirurgi\/#primaryimage"},"image":{"@id":"https:\/\/www.heartfailurematters.org\/sv\/fraga-din-lakare\/kirurgi\/#primaryimage"},"thumbnailUrl":"https:\/\/www.heartfailurematters.org\/wp-content\/uploads\/2022\/03\/shutterstock_2073525971-1-min.jpg","datePublished":"2021-01-27T22:12:03+00:00","dateModified":"2021-04-14T14:00:10+00:00","description":"Kirurgiska ingrepp kan vara skr\u00e4mmande, men du beh\u00f6ver inte vara r\u00e4dd f\u00f6r att st\u00e4lla fr\u00e5gor. Nedan finns en lista med fr\u00e5gor om kirurgiska ingrepp som du kan st\u00e4lla till din l\u00e4kare.","breadcrumb":{"@id":"https:\/\/www.heartfailurematters.org\/sv\/fraga-din-lakare\/kirurgi\/#breadcrumb"},"inLanguage":"sv-SE","potentialAction":[{"@type":"ReadAction","target":["https:\/\/www.heartfailurematters.org\/sv\/fraga-din-lakare\/kirurgi\/"]}]},{"@type":"ImageObject","inLanguage":"sv-SE","@id":"https:\/\/www.heartfailurematters.org\/sv\/fraga-din-lakare\/kirurgi\/#primaryimage","url":"https:\/\/www.heartfailurematters.org\/wp-content\/uploads\/2022\/03\/shutterstock_2073525971-1-min.jpg","contentUrl":"https:\/\/www.heartfailurematters.org\/wp-content\/uploads\/2022\/03\/shutterstock_2073525971-1-min.jpg","width":900,"height":559},{"@type":"BreadcrumbList","@id":"https:\/\/www.heartfailurematters.org\/sv\/fraga-din-lakare\/kirurgi\/#breadcrumb","itemListElement":[{"@type":"ListItem","position":1,"name":"Hem","item":"https:\/\/www.heartfailurematters.org\/sv\/"},{"@type":"ListItem","position":2,"name":"Fr\u00e5ga din l\u00e4kare","item":"https:\/\/www.heartfailurematters.org\/sv\/fraga-din-lakare\/"},{"@type":"ListItem","position":3,"name":"Kirurgi"}]},{"@type":"WebSite","@id":"https:\/\/www.heartfailurematters.org\/sv\/#website","url":"https:\/\/www.heartfailurematters.org\/sv\/","name":"Heart Failure Matters","description":"Practical information for patients, families and caregivers.","publisher":{"@id":"https:\/\/www.heartfailurematters.org\/sv\/#organization"},"potentialAction":[{"@type":"SearchAction","target":{"@type":"EntryPoint","urlTemplate":"https:\/\/www.heartfailurematters.org\/sv\/?s={search_term_string}"},"query-input":{"@type":"PropertyValueSpecification","valueRequired":true,"valueName":"search_term_string"}}],"inLanguage":"sv-SE"},{"@type":"Organization","@id":"https:\/\/www.heartfailurematters.org\/sv\/#organization","name":"Heart Failure Matters","url":"https:\/\/www.heartfailurematters.org\/sv\/","logo":{"@type":"ImageObject","inLanguage":"sv-SE","@id":"https:\/\/www.heartfailurematters.org\/sv\/#\/schema\/logo\/image\/","url":"https:\/\/cdn-endpoint-hfm.azureedge.net\/heartfailurematters\/2024\/07\/hfm-logo1.jpg","contentUrl":"https:\/\/cdn-endpoint-hfm.azureedge.net\/heartfailurematters\/2024\/07\/hfm-logo1.jpg","width":1280,"height":720,"caption":"Heart Failure Matters"},"image":{"@id":"https:\/\/www.heartfailurematters.org\/sv\/#\/schema\/logo\/image\/"},"sameAs":["https:\/\/www.facebook.com\/heartfailurematters"]}]}},"_links":{"self":[{"href":"https:\/\/www.heartfailurematters.org\/sv\/wp-json\/wp\/v2\/pages\/2505","targetHints":{"allow":["GET"]}}],"collection":[{"href":"https:\/\/www.heartfailurematters.org\/sv\/wp-json\/wp\/v2\/pages"}],"about":[{"href":"https:\/\/www.heartfailurematters.org\/sv\/wp-json\/wp\/v2\/types\/page"}],"author":[{"embeddable":true,"href":"https:\/\/www.heartfailurematters.org\/sv\/wp-json\/wp\/v2\/users\/1"}],"replies":[{"embeddable":true,"href":"https:\/\/www.heartfailurematters.org\/sv\/wp-json\/wp\/v2\/comments?post=2505"}],"version-history":[{"count":1,"href":"https:\/\/www.heartfailurematters.org\/sv\/wp-json\/wp\/v2\/pages\/2505\/revisions"}],"predecessor-version":[{"id":8749,"href":"https:\/\/www.heartfailurematters.org\/sv\/wp-json\/wp\/v2\/pages\/2505\/revisions\/8749"}],"up":[{"embeddable":true,"href":"https:\/\/www.heartfailurematters.org\/sv\/wp-json\/wp\/v2\/pages\/2767"}],"wp:featuredmedia":[{"embeddable":true,"href":"https:\/\/www.heartfailurematters.org\/sv\/wp-json\/wp\/v2\/media\/10939"}],"wp:attachment":[{"href":"https:\/\/www.heartfailurematters.org\/sv\/wp-json\/wp\/v2\/media?parent=2505"}],"wp:term":[{"taxonomy":"category","embeddable":true,"href":"https:\/\/www.heartfailurematters.org\/sv\/wp-json\/wp\/v2\/categories?post=2505"},{"taxonomy":"post_tag","embeddable":true,"href":"https:\/\/www.heartfailurematters.org\/sv\/wp-json\/wp\/v2\/tags?post=2505"}],"curies":[{"name":"wp","href":"https:\/\/api.w.org\/{rel}","templated":true}]}}