{"id":2494,"date":"2021-01-27T22:11:56","date_gmt":"2021-01-27T22:11:56","guid":{"rendered":"http:\/\/heartfailurematters.local:8888\/nej-till-aterupplivningsbeslut\/"},"modified":"2021-01-27T22:11:56","modified_gmt":"2021-01-27T22:11:56","slug":"nej-till-aterupplivningsbeslut","status":"publish","type":"page","link":"https:\/\/www.heartfailurematters.org\/sv\/att-leva-med-hjartsvikt\/nej-till-aterupplivningsbeslut\/","title":{"rendered":"Nej till \u00e5terupplivningsbeslut"},"content":{"rendered":"<p>Ett&nbsp;<a class=\"addtooltip\" title=\"Ett dokument f\u00f6r sjukv\u00e5rdspersonal som f\u00f6rklarar att du inte vill bli \u00e5terupplivad om ditt hj\u00e4rta och din andning avstannar. \"><strong title=\"\">Nej till \u00e5terupplivningsbeslut<\/strong><\/a>, \u00e4r ett dokument som meddelar l\u00e4kare, sjuksk\u00f6terskor och annan akutv\u00e5rdspersonal vad som inte ska g\u00f6ras n\u00e4r en person slutar andas, eller n\u00e4r hj\u00e4rtrytmen \u00e4r livshotande. Det kan omfatta anvisningar om vilka metoder som b\u00f6r undvikas f\u00f6r att \u00e5teruppliva n\u00e5gon, till exempel de som anges nedan:<\/p>\n<ul>\n<li><a class=\"addtooltip\" title=\"En livr\u00e4ddande \u00e5tg\u00e4rd med manuella br\u00f6stkompressioner f\u00f6r att f\u00e5 hj\u00e4rtat att pumpa, samt mun-mot-mun-andning f\u00f6r att uppr\u00e4tth\u00e5lla andningen. \"><strong title=\"\">Hj\u00e4rt-lungr\u00e4ddning (HLR)<\/strong><\/a><br \/> Manuellt tryck p\u00e5 br\u00f6stet och mun-mot-mun-andning f\u00f6r att cirkulera blod och syre till lungorna.<\/li>\n<li><a class=\"addtooltip\" title=\"En process som anv\u00e4nds f\u00f6r att korrigera en onormal hj\u00e4rtrytm genom en elektrisk st\u00f6t \u00f6ver br\u00f6stet. \"><strong title=\"\">Hj\u00e4rtdefibrillering<\/strong><\/a><br \/>Att ge hj\u00e4rtat en elektrisk st\u00f6t f\u00f6r att f\u00f6r\u00e4ndra en onormal hj\u00e4rtrytm till normal.<\/li>\n<li><a class=\"addtooltip\" title=\"Mekanisk andning \u00e4r n\u00e4r en maskin anv\u00e4nds f\u00f6r att styra en persons andning och tillhandah\u00e5lla syre.\"><strong title=\"\">Respirator (andningsslang och maskin)<\/strong><\/a><br \/>Anv\u00e4nds f\u00f6r att underl\u00e4tta andningen hos en medvetsl\u00f6s person.<\/li>\n<li><strong>Medicinering<\/strong><br \/> Ge l\u00e4kemedel f\u00f6r att \u00e5terst\u00e4lla en effektiv hj\u00e4rtfrekvens och f\u00f6rb\u00e4ttra cirkulationen av blod till viktiga organ. Att en apparat anv\u00e4nds hindrar inte n\u00e5gra \u00e5tg\u00e4rder eller komplicerar behandling som anses l\u00e4mplig i enlighet med inneh\u00e5llet i ett Nej till \u00e5terupplivningsbeslut.<\/li>\n<\/ul>\n<p>Beslutet om att utf\u00e4rda ett Nej till \u00e5terupplivningsbeslut, g\u00f6rs av dig eller din familj i samr\u00e5d med din l\u00e4kare.<\/p>\n<p><a href=\"https:\/\/www.heartfailurematters.org\/sv\/att-leva-med-hjartsvikt\/planera-infor-livets-slutskede\/\" title=\"\u00c5terg\u00e5 till &quot;Planera f\u00f6r livets slutskede&quot;\">\u00c5terg\u00e5 till &#8221;Planera f\u00f6r livets slutskede&#8221;<\/a><\/p>\n","protected":false},"excerpt":{"rendered":"<p>Ett&nbsp;Nej till \u00e5terupplivningsbeslut, \u00e4r ett dokument som meddelar l\u00e4kare, sjuksk\u00f6terskor och annan akutv\u00e5rdspersonal vad som inte ska g\u00f6ras n\u00e4r en person slutar andas, eller n\u00e4r hj\u00e4rtrytmen \u00e4r livshotande. Det kan omfatta anvisningar om vilka metoder som b\u00f6r undvikas f\u00f6r att \u00e5teruppliva n\u00e5gon, till exempel de som anges nedan: Hj\u00e4rt-lungr\u00e4ddning (HLR) Manuellt tryck p\u00e5 br\u00f6stet och [&hellip;]<\/p>\n","protected":false},"author":1,"featured_media":11162,"parent":2818,"menu_order":0,"comment_status":"open","ping_status":"open","template":"","meta":{"_acf_changed":false,"footnotes":""},"categories":[],"tags":[],"class_list":["post-2494","page","type-page","status-publish","has-post-thumbnail","hentry"],"acf":[],"yoast_head":"<!-- This site is optimized with the Yoast SEO plugin v24.8.1 - https:\/\/yoast.com\/wordpress\/plugins\/seo\/ -->\n<title>Vad \u00e4r ett nej till \u00e5terupplivningsbeslut<\/title>\n<meta name=\"description\" content=\"Ett Nej till \u00e5terupplivningsbeslut \u00e4r ett dokument som meddelar l\u00e4kare, sjuksk\u00f6terskor och annan akutv\u00e5rdspersonal vad man inte ska g\u00f6ra n\u00e4r en person slutar andas, eller n\u00e4r hj\u00e4rtrytmen \u00e4r livshotande.\" \/>\n<meta name=\"robots\" content=\"index, follow, max-snippet:-1, max-image-preview:large, max-video-preview:-1\" \/>\n<link rel=\"canonical\" href=\"https:\/\/www.heartfailurematters.org\/sv\/att-leva-med-hjartsvikt\/nej-till-aterupplivningsbeslut\/\" \/>\n<meta property=\"og:locale\" content=\"sv_SE\" \/>\n<meta property=\"og:type\" content=\"article\" \/>\n<meta property=\"og:title\" content=\"Vad \u00e4r ett nej till \u00e5terupplivningsbeslut\" \/>\n<meta property=\"og:description\" content=\"Ett Nej till \u00e5terupplivningsbeslut \u00e4r ett dokument som meddelar l\u00e4kare, sjuksk\u00f6terskor och annan akutv\u00e5rdspersonal vad man inte ska g\u00f6ra n\u00e4r en person slutar andas, eller n\u00e4r hj\u00e4rtrytmen \u00e4r livshotande.\" \/>\n<meta property=\"og:url\" content=\"https:\/\/www.heartfailurematters.org\/sv\/att-leva-med-hjartsvikt\/nej-till-aterupplivningsbeslut\/\" \/>\n<meta property=\"og:site_name\" content=\"Heart Failure Matters\" \/>\n<meta property=\"article:publisher\" content=\"https:\/\/www.facebook.com\/heartfailurematters\" \/>\n<meta property=\"og:image\" content=\"https:\/\/www.heartfailurematters.org\/wp-content\/uploads\/2022\/03\/shutterstock_1544093657-1-min.jpg\" \/>\n\t<meta property=\"og:image:width\" content=\"900\" \/>\n\t<meta property=\"og:image:height\" content=\"600\" \/>\n\t<meta property=\"og:image:type\" content=\"image\/jpeg\" \/>\n<meta name=\"twitter:card\" content=\"summary_large_image\" \/>\n<meta name=\"twitter:label1\" content=\"Ber\u00e4knad l\u00e4stid\" \/>\n\t<meta name=\"twitter:data1\" content=\"1 minut\" \/>\n<script type=\"application\/ld+json\" class=\"yoast-schema-graph\">{\"@context\":\"https:\/\/schema.org\",\"@graph\":[{\"@type\":\"WebPage\",\"@id\":\"https:\/\/www.heartfailurematters.org\/sv\/att-leva-med-hjartsvikt\/nej-till-aterupplivningsbeslut\/\",\"url\":\"https:\/\/www.heartfailurematters.org\/sv\/att-leva-med-hjartsvikt\/nej-till-aterupplivningsbeslut\/\",\"name\":\"Vad \u00e4r ett nej till \u00e5terupplivningsbeslut\",\"isPartOf\":{\"@id\":\"https:\/\/www.heartfailurematters.org\/sv\/#website\"},\"primaryImageOfPage\":{\"@id\":\"https:\/\/www.heartfailurematters.org\/sv\/att-leva-med-hjartsvikt\/nej-till-aterupplivningsbeslut\/#primaryimage\"},\"image\":{\"@id\":\"https:\/\/www.heartfailurematters.org\/sv\/att-leva-med-hjartsvikt\/nej-till-aterupplivningsbeslut\/#primaryimage\"},\"thumbnailUrl\":\"https:\/\/www.heartfailurematters.org\/wp-content\/uploads\/2022\/03\/shutterstock_1544093657-1-min.jpg\",\"datePublished\":\"2021-01-27T22:11:56+00:00\",\"description\":\"Ett Nej till \u00e5terupplivningsbeslut \u00e4r ett dokument som meddelar l\u00e4kare, sjuksk\u00f6terskor och annan akutv\u00e5rdspersonal vad man inte ska g\u00f6ra n\u00e4r en person slutar andas, eller n\u00e4r hj\u00e4rtrytmen \u00e4r livshotande.\",\"breadcrumb\":{\"@id\":\"https:\/\/www.heartfailurematters.org\/sv\/att-leva-med-hjartsvikt\/nej-till-aterupplivningsbeslut\/#breadcrumb\"},\"inLanguage\":\"sv-SE\",\"potentialAction\":[{\"@type\":\"ReadAction\",\"target\":[\"https:\/\/www.heartfailurematters.org\/sv\/att-leva-med-hjartsvikt\/nej-till-aterupplivningsbeslut\/\"]}]},{\"@type\":\"ImageObject\",\"inLanguage\":\"sv-SE\",\"@id\":\"https:\/\/www.heartfailurematters.org\/sv\/att-leva-med-hjartsvikt\/nej-till-aterupplivningsbeslut\/#primaryimage\",\"url\":\"https:\/\/www.heartfailurematters.org\/wp-content\/uploads\/2022\/03\/shutterstock_1544093657-1-min.jpg\",\"contentUrl\":\"https:\/\/www.heartfailurematters.org\/wp-content\/uploads\/2022\/03\/shutterstock_1544093657-1-min.jpg\",\"width\":900,\"height\":600},{\"@type\":\"BreadcrumbList\",\"@id\":\"https:\/\/www.heartfailurematters.org\/sv\/att-leva-med-hjartsvikt\/nej-till-aterupplivningsbeslut\/#breadcrumb\",\"itemListElement\":[{\"@type\":\"ListItem\",\"position\":1,\"name\":\"Hem\",\"item\":\"https:\/\/www.heartfailurematters.org\/sv\/\"},{\"@type\":\"ListItem\",\"position\":2,\"name\":\"Att leva med hj\u00e4rtsvikt\",\"item\":\"https:\/\/www.heartfailurematters.org\/sv\/att-leva-med-hjartsvikt\/\"},{\"@type\":\"ListItem\",\"position\":3,\"name\":\"Nej till \u00e5terupplivningsbeslut\"}]},{\"@type\":\"WebSite\",\"@id\":\"https:\/\/www.heartfailurematters.org\/sv\/#website\",\"url\":\"https:\/\/www.heartfailurematters.org\/sv\/\",\"name\":\"Heart Failure Matters\",\"description\":\"Practical information for patients, families and caregivers.\",\"publisher\":{\"@id\":\"https:\/\/www.heartfailurematters.org\/sv\/#organization\"},\"potentialAction\":[{\"@type\":\"SearchAction\",\"target\":{\"@type\":\"EntryPoint\",\"urlTemplate\":\"https:\/\/www.heartfailurematters.org\/sv\/?s={search_term_string}\"},\"query-input\":{\"@type\":\"PropertyValueSpecification\",\"valueRequired\":true,\"valueName\":\"search_term_string\"}}],\"inLanguage\":\"sv-SE\"},{\"@type\":\"Organization\",\"@id\":\"https:\/\/www.heartfailurematters.org\/sv\/#organization\",\"name\":\"Heart Failure Matters\",\"url\":\"https:\/\/www.heartfailurematters.org\/sv\/\",\"logo\":{\"@type\":\"ImageObject\",\"inLanguage\":\"sv-SE\",\"@id\":\"https:\/\/www.heartfailurematters.org\/sv\/#\/schema\/logo\/image\/\",\"url\":\"https:\/\/cdn-endpoint-hfm.azureedge.net\/heartfailurematters\/2024\/07\/hfm-logo1.jpg\",\"contentUrl\":\"https:\/\/cdn-endpoint-hfm.azureedge.net\/heartfailurematters\/2024\/07\/hfm-logo1.jpg\",\"width\":1280,\"height\":720,\"caption\":\"Heart Failure Matters\"},\"image\":{\"@id\":\"https:\/\/www.heartfailurematters.org\/sv\/#\/schema\/logo\/image\/\"},\"sameAs\":[\"https:\/\/www.facebook.com\/heartfailurematters\"]}]}<\/script>\n<!-- \/ Yoast SEO plugin. -->","yoast_head_json":{"title":"Vad \u00e4r ett nej till \u00e5terupplivningsbeslut","description":"Ett Nej till \u00e5terupplivningsbeslut \u00e4r ett dokument som meddelar l\u00e4kare, sjuksk\u00f6terskor och annan akutv\u00e5rdspersonal vad man inte ska g\u00f6ra n\u00e4r en person slutar andas, eller n\u00e4r hj\u00e4rtrytmen \u00e4r livshotande.","robots":{"index":"index","follow":"follow","max-snippet":"max-snippet:-1","max-image-preview":"max-image-preview:large","max-video-preview":"max-video-preview:-1"},"canonical":"https:\/\/www.heartfailurematters.org\/sv\/att-leva-med-hjartsvikt\/nej-till-aterupplivningsbeslut\/","og_locale":"sv_SE","og_type":"article","og_title":"Vad \u00e4r ett nej till \u00e5terupplivningsbeslut","og_description":"Ett Nej till \u00e5terupplivningsbeslut \u00e4r ett dokument som meddelar l\u00e4kare, sjuksk\u00f6terskor och annan akutv\u00e5rdspersonal vad man inte ska g\u00f6ra n\u00e4r en person slutar andas, eller n\u00e4r hj\u00e4rtrytmen \u00e4r livshotande.","og_url":"https:\/\/www.heartfailurematters.org\/sv\/att-leva-med-hjartsvikt\/nej-till-aterupplivningsbeslut\/","og_site_name":"Heart Failure Matters","article_publisher":"https:\/\/www.facebook.com\/heartfailurematters","og_image":[{"width":900,"height":600,"url":"https:\/\/www.heartfailurematters.org\/wp-content\/uploads\/2022\/03\/shutterstock_1544093657-1-min.jpg","type":"image\/jpeg"}],"twitter_card":"summary_large_image","twitter_misc":{"Ber\u00e4knad l\u00e4stid":"1 minut"},"schema":{"@context":"https:\/\/schema.org","@graph":[{"@type":"WebPage","@id":"https:\/\/www.heartfailurematters.org\/sv\/att-leva-med-hjartsvikt\/nej-till-aterupplivningsbeslut\/","url":"https:\/\/www.heartfailurematters.org\/sv\/att-leva-med-hjartsvikt\/nej-till-aterupplivningsbeslut\/","name":"Vad \u00e4r ett nej till \u00e5terupplivningsbeslut","isPartOf":{"@id":"https:\/\/www.heartfailurematters.org\/sv\/#website"},"primaryImageOfPage":{"@id":"https:\/\/www.heartfailurematters.org\/sv\/att-leva-med-hjartsvikt\/nej-till-aterupplivningsbeslut\/#primaryimage"},"image":{"@id":"https:\/\/www.heartfailurematters.org\/sv\/att-leva-med-hjartsvikt\/nej-till-aterupplivningsbeslut\/#primaryimage"},"thumbnailUrl":"https:\/\/www.heartfailurematters.org\/wp-content\/uploads\/2022\/03\/shutterstock_1544093657-1-min.jpg","datePublished":"2021-01-27T22:11:56+00:00","description":"Ett Nej till \u00e5terupplivningsbeslut \u00e4r ett dokument som meddelar l\u00e4kare, sjuksk\u00f6terskor och annan akutv\u00e5rdspersonal vad man inte ska g\u00f6ra n\u00e4r en person slutar andas, eller n\u00e4r hj\u00e4rtrytmen \u00e4r livshotande.","breadcrumb":{"@id":"https:\/\/www.heartfailurematters.org\/sv\/att-leva-med-hjartsvikt\/nej-till-aterupplivningsbeslut\/#breadcrumb"},"inLanguage":"sv-SE","potentialAction":[{"@type":"ReadAction","target":["https:\/\/www.heartfailurematters.org\/sv\/att-leva-med-hjartsvikt\/nej-till-aterupplivningsbeslut\/"]}]},{"@type":"ImageObject","inLanguage":"sv-SE","@id":"https:\/\/www.heartfailurematters.org\/sv\/att-leva-med-hjartsvikt\/nej-till-aterupplivningsbeslut\/#primaryimage","url":"https:\/\/www.heartfailurematters.org\/wp-content\/uploads\/2022\/03\/shutterstock_1544093657-1-min.jpg","contentUrl":"https:\/\/www.heartfailurematters.org\/wp-content\/uploads\/2022\/03\/shutterstock_1544093657-1-min.jpg","width":900,"height":600},{"@type":"BreadcrumbList","@id":"https:\/\/www.heartfailurematters.org\/sv\/att-leva-med-hjartsvikt\/nej-till-aterupplivningsbeslut\/#breadcrumb","itemListElement":[{"@type":"ListItem","position":1,"name":"Hem","item":"https:\/\/www.heartfailurematters.org\/sv\/"},{"@type":"ListItem","position":2,"name":"Att leva med hj\u00e4rtsvikt","item":"https:\/\/www.heartfailurematters.org\/sv\/att-leva-med-hjartsvikt\/"},{"@type":"ListItem","position":3,"name":"Nej till \u00e5terupplivningsbeslut"}]},{"@type":"WebSite","@id":"https:\/\/www.heartfailurematters.org\/sv\/#website","url":"https:\/\/www.heartfailurematters.org\/sv\/","name":"Heart Failure Matters","description":"Practical information for patients, families and caregivers.","publisher":{"@id":"https:\/\/www.heartfailurematters.org\/sv\/#organization"},"potentialAction":[{"@type":"SearchAction","target":{"@type":"EntryPoint","urlTemplate":"https:\/\/www.heartfailurematters.org\/sv\/?s={search_term_string}"},"query-input":{"@type":"PropertyValueSpecification","valueRequired":true,"valueName":"search_term_string"}}],"inLanguage":"sv-SE"},{"@type":"Organization","@id":"https:\/\/www.heartfailurematters.org\/sv\/#organization","name":"Heart Failure Matters","url":"https:\/\/www.heartfailurematters.org\/sv\/","logo":{"@type":"ImageObject","inLanguage":"sv-SE","@id":"https:\/\/www.heartfailurematters.org\/sv\/#\/schema\/logo\/image\/","url":"https:\/\/cdn-endpoint-hfm.azureedge.net\/heartfailurematters\/2024\/07\/hfm-logo1.jpg","contentUrl":"https:\/\/cdn-endpoint-hfm.azureedge.net\/heartfailurematters\/2024\/07\/hfm-logo1.jpg","width":1280,"height":720,"caption":"Heart Failure Matters"},"image":{"@id":"https:\/\/www.heartfailurematters.org\/sv\/#\/schema\/logo\/image\/"},"sameAs":["https:\/\/www.facebook.com\/heartfailurematters"]}]}},"_links":{"self":[{"href":"https:\/\/www.heartfailurematters.org\/sv\/wp-json\/wp\/v2\/pages\/2494","targetHints":{"allow":["GET"]}}],"collection":[{"href":"https:\/\/www.heartfailurematters.org\/sv\/wp-json\/wp\/v2\/pages"}],"about":[{"href":"https:\/\/www.heartfailurematters.org\/sv\/wp-json\/wp\/v2\/types\/page"}],"author":[{"embeddable":true,"href":"https:\/\/www.heartfailurematters.org\/sv\/wp-json\/wp\/v2\/users\/1"}],"replies":[{"embeddable":true,"href":"https:\/\/www.heartfailurematters.org\/sv\/wp-json\/wp\/v2\/comments?post=2494"}],"version-history":[{"count":0,"href":"https:\/\/www.heartfailurematters.org\/sv\/wp-json\/wp\/v2\/pages\/2494\/revisions"}],"up":[{"embeddable":true,"href":"https:\/\/www.heartfailurematters.org\/sv\/wp-json\/wp\/v2\/pages\/2818"}],"wp:featuredmedia":[{"embeddable":true,"href":"https:\/\/www.heartfailurematters.org\/sv\/wp-json\/wp\/v2\/media\/11162"}],"wp:attachment":[{"href":"https:\/\/www.heartfailurematters.org\/sv\/wp-json\/wp\/v2\/media?parent=2494"}],"wp:term":[{"taxonomy":"category","embeddable":true,"href":"https:\/\/www.heartfailurematters.org\/sv\/wp-json\/wp\/v2\/categories?post=2494"},{"taxonomy":"post_tag","embeddable":true,"href":"https:\/\/www.heartfailurematters.org\/sv\/wp-json\/wp\/v2\/tags?post=2494"}],"curies":[{"name":"wp","href":"https:\/\/api.w.org\/{rel}","templated":true}]}}