{"id":2492,"date":"2021-01-27T22:11:56","date_gmt":"2021-01-27T22:11:56","guid":{"rendered":"http:\/\/heartfailurematters.local:8888\/svimning-och-yrsel\/"},"modified":"2021-07-12T16:10:37","modified_gmt":"2021-07-12T15:10:37","slug":"svimning-och-yrsel","status":"publish","type":"page","link":"https:\/\/www.heartfailurematters.org\/sv\/varningstecken\/svimning-och-yrsel\/","title":{"rendered":"Svimning och yrsel"},"content":{"rendered":"<p>Svimningsk\u00e4nsla eller yrsel\u00a0kan\u00a0bero p\u00e5 ett minskat blodfl\u00f6de till hj\u00e4rnan. Om man f\u00f6rlorar medvetandet, inneb\u00e4r det vanligen att blodtillf\u00f6rseln till hj\u00e4rnan \u00e4r allvarligt reducerad.<\/p>\n<p>Blodfl\u00f6det till hj\u00e4rnan kan minska n\u00e4r hj\u00e4rtfrekvensen eller rytmen \u00e4r onormal (f\u00f6r l\u00e5ngsam eller f\u00f6r snabb), eller n\u00e4r hj\u00e4rtat inte kan pumpa blod p\u00e5 r\u00e4tt s\u00e4tt eftersom blodfl\u00f6det blockeras, till exempel genom f\u00f6rtr\u00e4ngning av en klaff. Det kan ocks\u00e5 bero p\u00e5 en <strong>hj\u00e4rtinfarkt<\/strong>.<\/p>\n<p>Svimning eller medvetsl\u00f6shet \u00e4r en potentiellt allvarlig situation och l\u00e4karv\u00e5rd b\u00f6r s\u00e4ttas in omedelbart.<\/p>\n<p>Yrsel, speciellt n\u00e4r man st\u00e4ller sig upp f\u00f6r snabbt, \u00e4r ett mycket vanligt symtom hos personer med hj\u00e4rtsvikt. Det kan bero p\u00e5 en onormal hj\u00e4rtfunktion eller rytm eller p\u00e5 en f\u00f6rtr\u00e4ngning av en klaff. Det kan ocks\u00e5 bero p\u00e5 ett snabbt men tillf\u00e4lligt blodtrycksfall, som kallas ortostatisk hypotension och som orsakas av att st\u00e4lla sig upp f\u00f6r snabbt.<\/p>\n<p>Yrsel \u00e4r en vanlig biverkning av de mediciner som anv\u00e4nds vid behandling av hj\u00e4rtsvikt. Diuretika, ACE-h\u00e4mmare, ARB och <a class=\"addtooltip\" title=\"&lt;div id='ToolTipTextWrap'&gt;Betablockerare&lt;\/div&gt;&lt;p&gt; En grupp l\u00e4kemedel som anv\u00e4nds f\u00f6r att bromsa din puls eller s\u00e4nka blodtrycket.&lt;\/p&gt;\"><strong>betablockerare<\/strong><\/a> \u00e4r l\u00e4kemedel som s\u00e4nker blodtrycket. Det f\u00f6rb\u00e4ttrar hj\u00e4rtfunktion och andning. Men eftersom ditt blodtryck \u00e4r l\u00e4gre \u00e4n vanligt, kanske du ofta k\u00e4nner yrsel, s\u00e4rskilt n\u00e4r du st\u00e4ller dig upp fr\u00e5n sittande eller liggande st\u00e4llning. <a href=\"https:\/\/www.heartfailurematters.org\/sv\/vad-din-lakare-eller-sjukskoterska-kan-gora\/ace-hammare\/\">Klicka h\u00e4r f\u00f6r tips om hur du minimerar denna yrsel<\/a><\/p>\n<p>&nbsp;<\/p>\n","protected":false},"excerpt":{"rendered":"<p>Svimningsk\u00e4nsla eller yrsel\u00a0kan\u00a0bero p\u00e5 ett minskat blodfl\u00f6de till hj\u00e4rnan. Om man f\u00f6rlorar medvetandet, inneb\u00e4r det vanligen att blodtillf\u00f6rseln till hj\u00e4rnan \u00e4r allvarligt reducerad. Blodfl\u00f6det till hj\u00e4rnan kan minska n\u00e4r hj\u00e4rtfrekvensen eller rytmen \u00e4r onormal (f\u00f6r l\u00e5ngsam eller f\u00f6r snabb), eller n\u00e4r hj\u00e4rtat inte kan pumpa blod p\u00e5 r\u00e4tt s\u00e4tt eftersom blodfl\u00f6det blockeras, till exempel genom [&hellip;]<\/p>\n","protected":false},"author":1,"featured_media":11238,"parent":2870,"menu_order":8,"comment_status":"open","ping_status":"closed","template":"","meta":{"_acf_changed":false,"footnotes":""},"categories":[133],"tags":[],"class_list":["post-2492","page","type-page","status-publish","has-post-thumbnail","hentry","category-warning-signs-sv"],"acf":[],"yoast_head":"<!-- This site is optimized with the Yoast SEO plugin v24.8.1 - https:\/\/yoast.com\/wordpress\/plugins\/seo\/ -->\n<title>Svimning och yrsel<\/title>\n<meta name=\"description\" content=\"En hj\u00e4rtsjukdom som hj\u00e4rtsvikt, svimningsk\u00e4nsla, eller yrsel kan bero p\u00e5 ett minskat blodfl\u00f6de till hj\u00e4rnan. Ta reda p\u00e5 mer.\" \/>\n<meta name=\"robots\" content=\"index, follow, max-snippet:-1, max-image-preview:large, max-video-preview:-1\" \/>\n<link rel=\"canonical\" href=\"https:\/\/www.heartfailurematters.org\/sv\/varningstecken\/svimning-och-yrsel\/\" \/>\n<meta property=\"og:locale\" content=\"sv_SE\" \/>\n<meta property=\"og:type\" content=\"article\" \/>\n<meta property=\"og:title\" content=\"Svimning och yrsel\" \/>\n<meta property=\"og:description\" content=\"En hj\u00e4rtsjukdom som hj\u00e4rtsvikt, svimningsk\u00e4nsla, eller yrsel kan bero p\u00e5 ett minskat blodfl\u00f6de till hj\u00e4rnan. Ta reda p\u00e5 mer.\" \/>\n<meta property=\"og:url\" content=\"https:\/\/www.heartfailurematters.org\/sv\/varningstecken\/svimning-och-yrsel\/\" \/>\n<meta property=\"og:site_name\" content=\"Heart Failure Matters\" \/>\n<meta property=\"article:publisher\" content=\"https:\/\/www.facebook.com\/heartfailurematters\" \/>\n<meta property=\"article:modified_time\" content=\"2021-07-12T15:10:37+00:00\" \/>\n<meta property=\"og:image\" content=\"https:\/\/www.heartfailurematters.org\/wp-content\/uploads\/2022\/03\/shutterstock_1565537548-1-min.jpg?_t=1773222928\" \/>\n\t<meta property=\"og:image:width\" content=\"900\" \/>\n\t<meta property=\"og:image:height\" content=\"600\" \/>\n\t<meta property=\"og:image:type\" content=\"image\/jpeg\" \/>\n<meta name=\"twitter:card\" content=\"summary_large_image\" \/>\n<meta name=\"twitter:label1\" content=\"Ber\u00e4knad l\u00e4stid\" \/>\n\t<meta name=\"twitter:data1\" content=\"1 minut\" \/>\n<script type=\"application\/ld+json\" class=\"yoast-schema-graph\">{\"@context\":\"https:\/\/schema.org\",\"@graph\":[{\"@type\":\"WebPage\",\"@id\":\"https:\/\/www.heartfailurematters.org\/sv\/varningstecken\/svimning-och-yrsel\/\",\"url\":\"https:\/\/www.heartfailurematters.org\/sv\/varningstecken\/svimning-och-yrsel\/\",\"name\":\"Svimning och yrsel\",\"isPartOf\":{\"@id\":\"https:\/\/www.heartfailurematters.org\/sv\/#website\"},\"primaryImageOfPage\":{\"@id\":\"https:\/\/www.heartfailurematters.org\/sv\/varningstecken\/svimning-och-yrsel\/#primaryimage\"},\"image\":{\"@id\":\"https:\/\/www.heartfailurematters.org\/sv\/varningstecken\/svimning-och-yrsel\/#primaryimage\"},\"thumbnailUrl\":\"https:\/\/www.heartfailurematters.org\/wp-content\/uploads\/2022\/03\/shutterstock_1565537548-1-min.jpg\",\"datePublished\":\"2021-01-27T22:11:56+00:00\",\"dateModified\":\"2021-07-12T15:10:37+00:00\",\"description\":\"En hj\u00e4rtsjukdom som hj\u00e4rtsvikt, svimningsk\u00e4nsla, eller yrsel kan bero p\u00e5 ett minskat blodfl\u00f6de till hj\u00e4rnan. Ta reda p\u00e5 mer.\",\"breadcrumb\":{\"@id\":\"https:\/\/www.heartfailurematters.org\/sv\/varningstecken\/svimning-och-yrsel\/#breadcrumb\"},\"inLanguage\":\"sv-SE\",\"potentialAction\":[{\"@type\":\"ReadAction\",\"target\":[\"https:\/\/www.heartfailurematters.org\/sv\/varningstecken\/svimning-och-yrsel\/\"]}]},{\"@type\":\"ImageObject\",\"inLanguage\":\"sv-SE\",\"@id\":\"https:\/\/www.heartfailurematters.org\/sv\/varningstecken\/svimning-och-yrsel\/#primaryimage\",\"url\":\"https:\/\/www.heartfailurematters.org\/wp-content\/uploads\/2022\/03\/shutterstock_1565537548-1-min.jpg\",\"contentUrl\":\"https:\/\/www.heartfailurematters.org\/wp-content\/uploads\/2022\/03\/shutterstock_1565537548-1-min.jpg\",\"width\":900,\"height\":600},{\"@type\":\"BreadcrumbList\",\"@id\":\"https:\/\/www.heartfailurematters.org\/sv\/varningstecken\/svimning-och-yrsel\/#breadcrumb\",\"itemListElement\":[{\"@type\":\"ListItem\",\"position\":1,\"name\":\"Hem\",\"item\":\"https:\/\/www.heartfailurematters.org\/sv\/\"},{\"@type\":\"ListItem\",\"position\":2,\"name\":\"Varningstecken\",\"item\":\"https:\/\/www.heartfailurematters.org\/sv\/varningstecken\/\"},{\"@type\":\"ListItem\",\"position\":3,\"name\":\"Svimning och yrsel\"}]},{\"@type\":\"WebSite\",\"@id\":\"https:\/\/www.heartfailurematters.org\/sv\/#website\",\"url\":\"https:\/\/www.heartfailurematters.org\/sv\/\",\"name\":\"Heart Failure Matters\",\"description\":\"Practical information for patients, families and caregivers.\",\"publisher\":{\"@id\":\"https:\/\/www.heartfailurematters.org\/sv\/#organization\"},\"potentialAction\":[{\"@type\":\"SearchAction\",\"target\":{\"@type\":\"EntryPoint\",\"urlTemplate\":\"https:\/\/www.heartfailurematters.org\/sv\/?s={search_term_string}\"},\"query-input\":{\"@type\":\"PropertyValueSpecification\",\"valueRequired\":true,\"valueName\":\"search_term_string\"}}],\"inLanguage\":\"sv-SE\"},{\"@type\":\"Organization\",\"@id\":\"https:\/\/www.heartfailurematters.org\/sv\/#organization\",\"name\":\"Heart Failure Matters\",\"url\":\"https:\/\/www.heartfailurematters.org\/sv\/\",\"logo\":{\"@type\":\"ImageObject\",\"inLanguage\":\"sv-SE\",\"@id\":\"https:\/\/www.heartfailurematters.org\/sv\/#\/schema\/logo\/image\/\",\"url\":\"https:\/\/cdn-endpoint-hfm.azureedge.net\/heartfailurematters\/2024\/07\/hfm-logo1.jpg\",\"contentUrl\":\"https:\/\/cdn-endpoint-hfm.azureedge.net\/heartfailurematters\/2024\/07\/hfm-logo1.jpg\",\"width\":1280,\"height\":720,\"caption\":\"Heart Failure Matters\"},\"image\":{\"@id\":\"https:\/\/www.heartfailurematters.org\/sv\/#\/schema\/logo\/image\/\"},\"sameAs\":[\"https:\/\/www.facebook.com\/heartfailurematters\"]}]}<\/script>\n<!-- \/ Yoast SEO plugin. -->","yoast_head_json":{"title":"Svimning och yrsel","description":"En hj\u00e4rtsjukdom som hj\u00e4rtsvikt, svimningsk\u00e4nsla, eller yrsel kan bero p\u00e5 ett minskat blodfl\u00f6de till hj\u00e4rnan. Ta reda p\u00e5 mer.","robots":{"index":"index","follow":"follow","max-snippet":"max-snippet:-1","max-image-preview":"max-image-preview:large","max-video-preview":"max-video-preview:-1"},"canonical":"https:\/\/www.heartfailurematters.org\/sv\/varningstecken\/svimning-och-yrsel\/","og_locale":"sv_SE","og_type":"article","og_title":"Svimning och yrsel","og_description":"En hj\u00e4rtsjukdom som hj\u00e4rtsvikt, svimningsk\u00e4nsla, eller yrsel kan bero p\u00e5 ett minskat blodfl\u00f6de till hj\u00e4rnan. Ta reda p\u00e5 mer.","og_url":"https:\/\/www.heartfailurematters.org\/sv\/varningstecken\/svimning-och-yrsel\/","og_site_name":"Heart Failure Matters","article_publisher":"https:\/\/www.facebook.com\/heartfailurematters","article_modified_time":"2021-07-12T15:10:37+00:00","og_image":[{"width":900,"height":600,"url":"https:\/\/www.heartfailurematters.org\/wp-content\/uploads\/2022\/03\/shutterstock_1565537548-1-min.jpg?_t=1773222928","type":"image\/jpeg"}],"twitter_card":"summary_large_image","twitter_misc":{"Ber\u00e4knad l\u00e4stid":"1 minut"},"schema":{"@context":"https:\/\/schema.org","@graph":[{"@type":"WebPage","@id":"https:\/\/www.heartfailurematters.org\/sv\/varningstecken\/svimning-och-yrsel\/","url":"https:\/\/www.heartfailurematters.org\/sv\/varningstecken\/svimning-och-yrsel\/","name":"Svimning och yrsel","isPartOf":{"@id":"https:\/\/www.heartfailurematters.org\/sv\/#website"},"primaryImageOfPage":{"@id":"https:\/\/www.heartfailurematters.org\/sv\/varningstecken\/svimning-och-yrsel\/#primaryimage"},"image":{"@id":"https:\/\/www.heartfailurematters.org\/sv\/varningstecken\/svimning-och-yrsel\/#primaryimage"},"thumbnailUrl":"https:\/\/www.heartfailurematters.org\/wp-content\/uploads\/2022\/03\/shutterstock_1565537548-1-min.jpg","datePublished":"2021-01-27T22:11:56+00:00","dateModified":"2021-07-12T15:10:37+00:00","description":"En hj\u00e4rtsjukdom som hj\u00e4rtsvikt, svimningsk\u00e4nsla, eller yrsel kan bero p\u00e5 ett minskat blodfl\u00f6de till hj\u00e4rnan. Ta reda p\u00e5 mer.","breadcrumb":{"@id":"https:\/\/www.heartfailurematters.org\/sv\/varningstecken\/svimning-och-yrsel\/#breadcrumb"},"inLanguage":"sv-SE","potentialAction":[{"@type":"ReadAction","target":["https:\/\/www.heartfailurematters.org\/sv\/varningstecken\/svimning-och-yrsel\/"]}]},{"@type":"ImageObject","inLanguage":"sv-SE","@id":"https:\/\/www.heartfailurematters.org\/sv\/varningstecken\/svimning-och-yrsel\/#primaryimage","url":"https:\/\/www.heartfailurematters.org\/wp-content\/uploads\/2022\/03\/shutterstock_1565537548-1-min.jpg","contentUrl":"https:\/\/www.heartfailurematters.org\/wp-content\/uploads\/2022\/03\/shutterstock_1565537548-1-min.jpg","width":900,"height":600},{"@type":"BreadcrumbList","@id":"https:\/\/www.heartfailurematters.org\/sv\/varningstecken\/svimning-och-yrsel\/#breadcrumb","itemListElement":[{"@type":"ListItem","position":1,"name":"Hem","item":"https:\/\/www.heartfailurematters.org\/sv\/"},{"@type":"ListItem","position":2,"name":"Varningstecken","item":"https:\/\/www.heartfailurematters.org\/sv\/varningstecken\/"},{"@type":"ListItem","position":3,"name":"Svimning och yrsel"}]},{"@type":"WebSite","@id":"https:\/\/www.heartfailurematters.org\/sv\/#website","url":"https:\/\/www.heartfailurematters.org\/sv\/","name":"Heart Failure Matters","description":"Practical information for patients, families and caregivers.","publisher":{"@id":"https:\/\/www.heartfailurematters.org\/sv\/#organization"},"potentialAction":[{"@type":"SearchAction","target":{"@type":"EntryPoint","urlTemplate":"https:\/\/www.heartfailurematters.org\/sv\/?s={search_term_string}"},"query-input":{"@type":"PropertyValueSpecification","valueRequired":true,"valueName":"search_term_string"}}],"inLanguage":"sv-SE"},{"@type":"Organization","@id":"https:\/\/www.heartfailurematters.org\/sv\/#organization","name":"Heart Failure Matters","url":"https:\/\/www.heartfailurematters.org\/sv\/","logo":{"@type":"ImageObject","inLanguage":"sv-SE","@id":"https:\/\/www.heartfailurematters.org\/sv\/#\/schema\/logo\/image\/","url":"https:\/\/cdn-endpoint-hfm.azureedge.net\/heartfailurematters\/2024\/07\/hfm-logo1.jpg","contentUrl":"https:\/\/cdn-endpoint-hfm.azureedge.net\/heartfailurematters\/2024\/07\/hfm-logo1.jpg","width":1280,"height":720,"caption":"Heart Failure Matters"},"image":{"@id":"https:\/\/www.heartfailurematters.org\/sv\/#\/schema\/logo\/image\/"},"sameAs":["https:\/\/www.facebook.com\/heartfailurematters"]}]}},"_links":{"self":[{"href":"https:\/\/www.heartfailurematters.org\/sv\/wp-json\/wp\/v2\/pages\/2492","targetHints":{"allow":["GET"]}}],"collection":[{"href":"https:\/\/www.heartfailurematters.org\/sv\/wp-json\/wp\/v2\/pages"}],"about":[{"href":"https:\/\/www.heartfailurematters.org\/sv\/wp-json\/wp\/v2\/types\/page"}],"author":[{"embeddable":true,"href":"https:\/\/www.heartfailurematters.org\/sv\/wp-json\/wp\/v2\/users\/1"}],"replies":[{"embeddable":true,"href":"https:\/\/www.heartfailurematters.org\/sv\/wp-json\/wp\/v2\/comments?post=2492"}],"version-history":[{"count":2,"href":"https:\/\/www.heartfailurematters.org\/sv\/wp-json\/wp\/v2\/pages\/2492\/revisions"}],"predecessor-version":[{"id":9360,"href":"https:\/\/www.heartfailurematters.org\/sv\/wp-json\/wp\/v2\/pages\/2492\/revisions\/9360"}],"up":[{"embeddable":true,"href":"https:\/\/www.heartfailurematters.org\/sv\/wp-json\/wp\/v2\/pages\/2870"}],"wp:featuredmedia":[{"embeddable":true,"href":"https:\/\/www.heartfailurematters.org\/sv\/wp-json\/wp\/v2\/media\/11238"}],"wp:attachment":[{"href":"https:\/\/www.heartfailurematters.org\/sv\/wp-json\/wp\/v2\/media?parent=2492"}],"wp:term":[{"taxonomy":"category","embeddable":true,"href":"https:\/\/www.heartfailurematters.org\/sv\/wp-json\/wp\/v2\/categories?post=2492"},{"taxonomy":"post_tag","embeddable":true,"href":"https:\/\/www.heartfailurematters.org\/sv\/wp-json\/wp\/v2\/tags?post=2492"}],"curies":[{"name":"wp","href":"https:\/\/api.w.org\/{rel}","templated":true}]}}