{"id":2490,"date":"2021-01-27T22:11:56","date_gmt":"2021-01-27T22:11:56","guid":{"rendered":"http:\/\/heartfailurematters.local:8888\/att-hantera-diarre\/"},"modified":"2026-02-10T13:20:07","modified_gmt":"2026-02-10T13:20:07","slug":"att-hantera-diarre","status":"publish","type":"page","link":"https:\/\/www.heartfailurematters.org\/sv\/att-leva-med-hjartsvikt\/att-hantera-diarre\/","title":{"rendered":"Att hantera diarr\u00e9"},"content":{"rendered":"<p>Vissa personer med hj\u00e4rtsvikt kontrollerar m\u00e4ngden v\u00e4tska de dricker f\u00f6r att minimera <a class=\"addtooltip\" title=\"N\u00e4r det \u00e4r f\u00f6r mycket v\u00e4tska i blodet som cirkulerar runt kroppen och tr\u00e4ngseln stiger trycket i blodk\u00e4rlen. V\u00e4tska l\u00e4cker sedan ut i de omgivande v\u00e4vnaderna, d\u00e4r den ackumuleras vilket leder till \u00f6dem.\" href=\"https:\/\/www.heartfailurematters.org\/living-with-heart-failure\/coping-with-diarrhoea\/\"><strong title=\"\">kvarh\u00e5llandet av v\u00e4tska<\/strong><\/a> som ofta uppst\u00e5r vid hj\u00e4rtsvikt. Om du f\u00e5r diarr\u00e9 under en resa kan du f\u00f6rlora mer v\u00e4tska \u00e4n normalt och det finns d\u00e5 risk att du blir uttorkad. I det h\u00e4nder kan du beh\u00f6va dricka mer v\u00e4tska \u00e4n vanligt eftersom uttorkning kan f\u00f6rv\u00e4rra hj\u00e4rtsviktssymtomen. Receptfria l\u00e4kemedel mot diarr\u00e9 \u00e4r vanligtvis ofarliga och verksamma. Var dock noga med att ber\u00e4tta f\u00f6r apotekspersonalen att du har hj\u00e4rtsvikt och vilka l\u00e4kemedel du tar varje dag. Kr\u00e4kningar kan ocks\u00e5 p\u00e5verka hur dina hj\u00e4rtsviktstabletter tas upp av kroppen och f\u00f6rv\u00e4rra symtomen. Om du f\u00f6rlorar f\u00f6r mycket v\u00e4tska kan du beh\u00f6va sluta ta vissa l\u00e4kemedel, t.ex. diuretika (urindrivande). Det \u00e4r n\u00e5got du i s\u00e5 fall beh\u00f6ver tala med din l\u00e4kare om.<\/p>\n<p><a title=\"\" href=\"https:\/\/www.heartfailurematters.org\/living-with-heart-failure\/travel\/\">\u00c5terg\u00e5 till &#8221;Att resa&#8221; <\/a><\/p>\n<p>&nbsp;<\/p>\n","protected":false},"excerpt":{"rendered":"<p>Vissa personer med hj\u00e4rtsvikt kontrollerar m\u00e4ngden v\u00e4tska de dricker f\u00f6r att minimera kvarh\u00e5llandet av v\u00e4tska som ofta uppst\u00e5r vid hj\u00e4rtsvikt. Om du f\u00e5r diarr\u00e9 under en resa kan du f\u00f6rlora mer v\u00e4tska \u00e4n normalt och det finns d\u00e5 risk att du blir uttorkad. I det h\u00e4nder kan du beh\u00f6va dricka mer v\u00e4tska \u00e4n vanligt eftersom [&hellip;]<\/p>\n","protected":false},"author":1,"featured_media":11116,"parent":2818,"menu_order":0,"comment_status":"open","ping_status":"open","template":"","meta":{"_acf_changed":false,"footnotes":""},"categories":[],"tags":[],"class_list":["post-2490","page","type-page","status-publish","has-post-thumbnail","hentry"],"acf":[],"yoast_head":"<!-- This site is optimized with the Yoast SEO plugin v24.8.1 - https:\/\/yoast.com\/wordpress\/plugins\/seo\/ -->\n<title>Att hantera diarr\u00e9 vid hj\u00e4rtsvikt<\/title>\n<meta name=\"description\" content=\"Vissa personer med hj\u00e4rtsvikt kontrollerar m\u00e4ngden v\u00e4tska de dricker f\u00f6r att minimera det kvarh\u00e5llande av v\u00e4tska som ofta uppst\u00e5r vid hj\u00e4rtsvikt.\" \/>\n<meta name=\"robots\" content=\"index, follow, max-snippet:-1, max-image-preview:large, max-video-preview:-1\" \/>\n<link rel=\"canonical\" href=\"https:\/\/www.heartfailurematters.org\/sv\/att-leva-med-hjartsvikt\/att-hantera-diarre\/\" \/>\n<meta property=\"og:locale\" content=\"sv_SE\" \/>\n<meta property=\"og:type\" content=\"article\" \/>\n<meta property=\"og:title\" content=\"Att hantera diarr\u00e9 vid hj\u00e4rtsvikt\" \/>\n<meta property=\"og:description\" content=\"Vissa personer med hj\u00e4rtsvikt kontrollerar m\u00e4ngden v\u00e4tska de dricker f\u00f6r att minimera det kvarh\u00e5llande av v\u00e4tska som ofta uppst\u00e5r vid hj\u00e4rtsvikt.\" \/>\n<meta property=\"og:url\" content=\"https:\/\/www.heartfailurematters.org\/sv\/att-leva-med-hjartsvikt\/att-hantera-diarre\/\" \/>\n<meta property=\"og:site_name\" content=\"Heart Failure Matters\" \/>\n<meta property=\"article:publisher\" content=\"https:\/\/www.facebook.com\/heartfailurematters\" \/>\n<meta property=\"article:modified_time\" content=\"2026-02-10T13:20:07+00:00\" \/>\n<meta property=\"og:image\" content=\"https:\/\/www.heartfailurematters.org\/wp-content\/uploads\/2022\/03\/shutterstock_1850834386-1-min.jpg\" \/>\n\t<meta property=\"og:image:width\" content=\"900\" \/>\n\t<meta property=\"og:image:height\" content=\"600\" \/>\n\t<meta property=\"og:image:type\" content=\"image\/jpeg\" \/>\n<meta name=\"twitter:card\" content=\"summary_large_image\" \/>\n<meta name=\"twitter:label1\" content=\"Ber\u00e4knad l\u00e4stid\" \/>\n\t<meta name=\"twitter:data1\" content=\"1 minut\" \/>\n<script type=\"application\/ld+json\" class=\"yoast-schema-graph\">{\"@context\":\"https:\/\/schema.org\",\"@graph\":[{\"@type\":\"WebPage\",\"@id\":\"https:\/\/www.heartfailurematters.org\/sv\/att-leva-med-hjartsvikt\/att-hantera-diarre\/\",\"url\":\"https:\/\/www.heartfailurematters.org\/sv\/att-leva-med-hjartsvikt\/att-hantera-diarre\/\",\"name\":\"Att hantera diarr\u00e9 vid hj\u00e4rtsvikt\",\"isPartOf\":{\"@id\":\"https:\/\/www.heartfailurematters.org\/sv\/#website\"},\"primaryImageOfPage\":{\"@id\":\"https:\/\/www.heartfailurematters.org\/sv\/att-leva-med-hjartsvikt\/att-hantera-diarre\/#primaryimage\"},\"image\":{\"@id\":\"https:\/\/www.heartfailurematters.org\/sv\/att-leva-med-hjartsvikt\/att-hantera-diarre\/#primaryimage\"},\"thumbnailUrl\":\"https:\/\/www.heartfailurematters.org\/wp-content\/uploads\/2022\/03\/shutterstock_1850834386-1-min.jpg\",\"datePublished\":\"2021-01-27T22:11:56+00:00\",\"dateModified\":\"2026-02-10T13:20:07+00:00\",\"description\":\"Vissa personer med hj\u00e4rtsvikt kontrollerar m\u00e4ngden v\u00e4tska de dricker f\u00f6r att minimera det kvarh\u00e5llande av v\u00e4tska som ofta uppst\u00e5r vid hj\u00e4rtsvikt.\",\"breadcrumb\":{\"@id\":\"https:\/\/www.heartfailurematters.org\/sv\/att-leva-med-hjartsvikt\/att-hantera-diarre\/#breadcrumb\"},\"inLanguage\":\"sv-SE\",\"potentialAction\":[{\"@type\":\"ReadAction\",\"target\":[\"https:\/\/www.heartfailurematters.org\/sv\/att-leva-med-hjartsvikt\/att-hantera-diarre\/\"]}]},{\"@type\":\"ImageObject\",\"inLanguage\":\"sv-SE\",\"@id\":\"https:\/\/www.heartfailurematters.org\/sv\/att-leva-med-hjartsvikt\/att-hantera-diarre\/#primaryimage\",\"url\":\"https:\/\/www.heartfailurematters.org\/wp-content\/uploads\/2022\/03\/shutterstock_1850834386-1-min.jpg\",\"contentUrl\":\"https:\/\/www.heartfailurematters.org\/wp-content\/uploads\/2022\/03\/shutterstock_1850834386-1-min.jpg\",\"width\":900,\"height\":600},{\"@type\":\"BreadcrumbList\",\"@id\":\"https:\/\/www.heartfailurematters.org\/sv\/att-leva-med-hjartsvikt\/att-hantera-diarre\/#breadcrumb\",\"itemListElement\":[{\"@type\":\"ListItem\",\"position\":1,\"name\":\"Hem\",\"item\":\"https:\/\/www.heartfailurematters.org\/sv\/\"},{\"@type\":\"ListItem\",\"position\":2,\"name\":\"Att leva med hj\u00e4rtsvikt\",\"item\":\"https:\/\/www.heartfailurematters.org\/sv\/att-leva-med-hjartsvikt\/\"},{\"@type\":\"ListItem\",\"position\":3,\"name\":\"Att hantera diarr\u00e9\"}]},{\"@type\":\"WebSite\",\"@id\":\"https:\/\/www.heartfailurematters.org\/sv\/#website\",\"url\":\"https:\/\/www.heartfailurematters.org\/sv\/\",\"name\":\"Heart Failure Matters\",\"description\":\"Practical information for patients, families and caregivers.\",\"publisher\":{\"@id\":\"https:\/\/www.heartfailurematters.org\/sv\/#organization\"},\"potentialAction\":[{\"@type\":\"SearchAction\",\"target\":{\"@type\":\"EntryPoint\",\"urlTemplate\":\"https:\/\/www.heartfailurematters.org\/sv\/?s={search_term_string}\"},\"query-input\":{\"@type\":\"PropertyValueSpecification\",\"valueRequired\":true,\"valueName\":\"search_term_string\"}}],\"inLanguage\":\"sv-SE\"},{\"@type\":\"Organization\",\"@id\":\"https:\/\/www.heartfailurematters.org\/sv\/#organization\",\"name\":\"Heart Failure Matters\",\"url\":\"https:\/\/www.heartfailurematters.org\/sv\/\",\"logo\":{\"@type\":\"ImageObject\",\"inLanguage\":\"sv-SE\",\"@id\":\"https:\/\/www.heartfailurematters.org\/sv\/#\/schema\/logo\/image\/\",\"url\":\"https:\/\/cdn-endpoint-hfm.azureedge.net\/heartfailurematters\/2024\/07\/hfm-logo1.jpg\",\"contentUrl\":\"https:\/\/cdn-endpoint-hfm.azureedge.net\/heartfailurematters\/2024\/07\/hfm-logo1.jpg\",\"width\":1280,\"height\":720,\"caption\":\"Heart Failure Matters\"},\"image\":{\"@id\":\"https:\/\/www.heartfailurematters.org\/sv\/#\/schema\/logo\/image\/\"},\"sameAs\":[\"https:\/\/www.facebook.com\/heartfailurematters\"]}]}<\/script>\n<!-- \/ Yoast SEO plugin. -->","yoast_head_json":{"title":"Att hantera diarr\u00e9 vid hj\u00e4rtsvikt","description":"Vissa personer med hj\u00e4rtsvikt kontrollerar m\u00e4ngden v\u00e4tska de dricker f\u00f6r att minimera det kvarh\u00e5llande av v\u00e4tska som ofta uppst\u00e5r vid hj\u00e4rtsvikt.","robots":{"index":"index","follow":"follow","max-snippet":"max-snippet:-1","max-image-preview":"max-image-preview:large","max-video-preview":"max-video-preview:-1"},"canonical":"https:\/\/www.heartfailurematters.org\/sv\/att-leva-med-hjartsvikt\/att-hantera-diarre\/","og_locale":"sv_SE","og_type":"article","og_title":"Att hantera diarr\u00e9 vid hj\u00e4rtsvikt","og_description":"Vissa personer med hj\u00e4rtsvikt kontrollerar m\u00e4ngden v\u00e4tska de dricker f\u00f6r att minimera det kvarh\u00e5llande av v\u00e4tska som ofta uppst\u00e5r vid hj\u00e4rtsvikt.","og_url":"https:\/\/www.heartfailurematters.org\/sv\/att-leva-med-hjartsvikt\/att-hantera-diarre\/","og_site_name":"Heart Failure Matters","article_publisher":"https:\/\/www.facebook.com\/heartfailurematters","article_modified_time":"2026-02-10T13:20:07+00:00","og_image":[{"width":900,"height":600,"url":"https:\/\/www.heartfailurematters.org\/wp-content\/uploads\/2022\/03\/shutterstock_1850834386-1-min.jpg","type":"image\/jpeg"}],"twitter_card":"summary_large_image","twitter_misc":{"Ber\u00e4knad l\u00e4stid":"1 minut"},"schema":{"@context":"https:\/\/schema.org","@graph":[{"@type":"WebPage","@id":"https:\/\/www.heartfailurematters.org\/sv\/att-leva-med-hjartsvikt\/att-hantera-diarre\/","url":"https:\/\/www.heartfailurematters.org\/sv\/att-leva-med-hjartsvikt\/att-hantera-diarre\/","name":"Att hantera diarr\u00e9 vid hj\u00e4rtsvikt","isPartOf":{"@id":"https:\/\/www.heartfailurematters.org\/sv\/#website"},"primaryImageOfPage":{"@id":"https:\/\/www.heartfailurematters.org\/sv\/att-leva-med-hjartsvikt\/att-hantera-diarre\/#primaryimage"},"image":{"@id":"https:\/\/www.heartfailurematters.org\/sv\/att-leva-med-hjartsvikt\/att-hantera-diarre\/#primaryimage"},"thumbnailUrl":"https:\/\/www.heartfailurematters.org\/wp-content\/uploads\/2022\/03\/shutterstock_1850834386-1-min.jpg","datePublished":"2021-01-27T22:11:56+00:00","dateModified":"2026-02-10T13:20:07+00:00","description":"Vissa personer med hj\u00e4rtsvikt kontrollerar m\u00e4ngden v\u00e4tska de dricker f\u00f6r att minimera det kvarh\u00e5llande av v\u00e4tska som ofta uppst\u00e5r vid hj\u00e4rtsvikt.","breadcrumb":{"@id":"https:\/\/www.heartfailurematters.org\/sv\/att-leva-med-hjartsvikt\/att-hantera-diarre\/#breadcrumb"},"inLanguage":"sv-SE","potentialAction":[{"@type":"ReadAction","target":["https:\/\/www.heartfailurematters.org\/sv\/att-leva-med-hjartsvikt\/att-hantera-diarre\/"]}]},{"@type":"ImageObject","inLanguage":"sv-SE","@id":"https:\/\/www.heartfailurematters.org\/sv\/att-leva-med-hjartsvikt\/att-hantera-diarre\/#primaryimage","url":"https:\/\/www.heartfailurematters.org\/wp-content\/uploads\/2022\/03\/shutterstock_1850834386-1-min.jpg","contentUrl":"https:\/\/www.heartfailurematters.org\/wp-content\/uploads\/2022\/03\/shutterstock_1850834386-1-min.jpg","width":900,"height":600},{"@type":"BreadcrumbList","@id":"https:\/\/www.heartfailurematters.org\/sv\/att-leva-med-hjartsvikt\/att-hantera-diarre\/#breadcrumb","itemListElement":[{"@type":"ListItem","position":1,"name":"Hem","item":"https:\/\/www.heartfailurematters.org\/sv\/"},{"@type":"ListItem","position":2,"name":"Att leva med hj\u00e4rtsvikt","item":"https:\/\/www.heartfailurematters.org\/sv\/att-leva-med-hjartsvikt\/"},{"@type":"ListItem","position":3,"name":"Att hantera diarr\u00e9"}]},{"@type":"WebSite","@id":"https:\/\/www.heartfailurematters.org\/sv\/#website","url":"https:\/\/www.heartfailurematters.org\/sv\/","name":"Heart Failure Matters","description":"Practical information for patients, families and caregivers.","publisher":{"@id":"https:\/\/www.heartfailurematters.org\/sv\/#organization"},"potentialAction":[{"@type":"SearchAction","target":{"@type":"EntryPoint","urlTemplate":"https:\/\/www.heartfailurematters.org\/sv\/?s={search_term_string}"},"query-input":{"@type":"PropertyValueSpecification","valueRequired":true,"valueName":"search_term_string"}}],"inLanguage":"sv-SE"},{"@type":"Organization","@id":"https:\/\/www.heartfailurematters.org\/sv\/#organization","name":"Heart Failure Matters","url":"https:\/\/www.heartfailurematters.org\/sv\/","logo":{"@type":"ImageObject","inLanguage":"sv-SE","@id":"https:\/\/www.heartfailurematters.org\/sv\/#\/schema\/logo\/image\/","url":"https:\/\/cdn-endpoint-hfm.azureedge.net\/heartfailurematters\/2024\/07\/hfm-logo1.jpg","contentUrl":"https:\/\/cdn-endpoint-hfm.azureedge.net\/heartfailurematters\/2024\/07\/hfm-logo1.jpg","width":1280,"height":720,"caption":"Heart Failure Matters"},"image":{"@id":"https:\/\/www.heartfailurematters.org\/sv\/#\/schema\/logo\/image\/"},"sameAs":["https:\/\/www.facebook.com\/heartfailurematters"]}]}},"_links":{"self":[{"href":"https:\/\/www.heartfailurematters.org\/sv\/wp-json\/wp\/v2\/pages\/2490","targetHints":{"allow":["GET"]}}],"collection":[{"href":"https:\/\/www.heartfailurematters.org\/sv\/wp-json\/wp\/v2\/pages"}],"about":[{"href":"https:\/\/www.heartfailurematters.org\/sv\/wp-json\/wp\/v2\/types\/page"}],"author":[{"embeddable":true,"href":"https:\/\/www.heartfailurematters.org\/sv\/wp-json\/wp\/v2\/users\/1"}],"replies":[{"embeddable":true,"href":"https:\/\/www.heartfailurematters.org\/sv\/wp-json\/wp\/v2\/comments?post=2490"}],"version-history":[{"count":2,"href":"https:\/\/www.heartfailurematters.org\/sv\/wp-json\/wp\/v2\/pages\/2490\/revisions"}],"predecessor-version":[{"id":13962,"href":"https:\/\/www.heartfailurematters.org\/sv\/wp-json\/wp\/v2\/pages\/2490\/revisions\/13962"}],"up":[{"embeddable":true,"href":"https:\/\/www.heartfailurematters.org\/sv\/wp-json\/wp\/v2\/pages\/2818"}],"wp:featuredmedia":[{"embeddable":true,"href":"https:\/\/www.heartfailurematters.org\/sv\/wp-json\/wp\/v2\/media\/11116"}],"wp:attachment":[{"href":"https:\/\/www.heartfailurematters.org\/sv\/wp-json\/wp\/v2\/media?parent=2490"}],"wp:term":[{"taxonomy":"category","embeddable":true,"href":"https:\/\/www.heartfailurematters.org\/sv\/wp-json\/wp\/v2\/categories?post=2490"},{"taxonomy":"post_tag","embeddable":true,"href":"https:\/\/www.heartfailurematters.org\/sv\/wp-json\/wp\/v2\/tags?post=2490"}],"curies":[{"name":"wp","href":"https:\/\/api.w.org\/{rel}","templated":true}]}}