{"id":2485,"date":"2021-01-27T22:11:56","date_gmt":"2021-01-27T22:11:56","guid":{"rendered":"http:\/\/heartfailurematters.local:8888\/viktokning\/"},"modified":"2021-02-16T15:25:01","modified_gmt":"2021-02-16T15:25:01","slug":"viktokning","status":"publish","type":"page","link":"https:\/\/www.heartfailurematters.org\/sv\/att-forsta-hjartsvikt\/viktokning\/","title":{"rendered":"Vikt\u00f6kning"},"content":{"rendered":"<p><img decoding=\"async\" class=\"alignleft size-full wp-image-6811\" src=\"https:\/\/www.heartfailurematters.org\/wp-content\/uploads\/2021\/02\/weight-gain.jpg\" alt=\"\" width=\"211\" height=\"206\" \/>Det \u00e4r mycket vanligt att m\u00e4nniskor med hj\u00e4rtsvikt upplever snabba f\u00f6r\u00e4ndringar av sin vikt. Om din hj\u00e4rtsvikt orsakar v\u00e4tskeansamling kommer du att g\u00e5 upp i vikt. Men om kroppen blir av med v\u00e4tskan igen (t.ex. efter korrekt f\u00f6r\u00e4ndring av behandlingen) kommer du att g\u00e5 ner i vikt. Det \u00e4r viktigt att du v\u00e4ger dig regelbundet och ber\u00e4ttar f\u00f6r din l\u00e4kare eller sjuksk\u00f6terska om du uppt\u00e4cker en vikt\u00f6kning p\u00e5 mer \u00e4n 2 kg p\u00e5 tre dagar. F\u00f6r att underl\u00e4tta har vi tagit fram en tabell som du kan ladda ner, skriva ut och anv\u00e4nda f\u00f6r att kontrollera din vikt och eventuella f\u00f6r\u00e4ndringar.<\/p>\n<p>N\u00e4r du l\u00e4gger m\u00e4rke till vikt\u00f6kning i din tabell, ska du s\u00f6ka efter m\u00f6nster i vikt\u00f6kningen och t\u00e4nka igenom din nuvarande livsstil. Vikt\u00f6kning p\u00e5 grund av blodstockning skiljer sig fr\u00e5n vikt\u00f6kning p\u00e5 grund av en alltf\u00f6r kaloririk kost. Om du \u00e4r os\u00e4ker p\u00e5 varf\u00f6r du har g\u00e5tt upp i vikt, b\u00f6r du kontakta din l\u00e4kare eller sjuksk\u00f6terska.<\/p>\n<table>\n<tbody>\n<tr>\n<td style=\"width: 25%;\">\n<h2>Animation<\/h2>\n<\/td>\n<td style=\"width: 75%; text-align: left; vertical-align: middle;\"><\/td>\n<\/tr>\n<tr>\n<td style=\"width: 25%;\"><a class=\"lightview\" href=\"https:\/\/www.youtube.com\/embed\/oabn2cWylIA?hl=sv_SE&amp;autoplay=1;&amp;version=3&amp;rel=0&amp;showinfo=0\" data-lightview-options=\"width: 620, height: 450\" data-lightview-title=\"How heart failure causes fluid accumulation\" data-lightview-caption=\"The animation below shows how heart failure can lead to fluid accumulation in the body, affecting appetite and weight gain and leading to swolling legs and ankles.\"><img decoding=\"async\" src=\"https:\/\/www.heartfailurematters.org\/wp-content\/uploads\/2021\/02\/04-animation.jpg\" alt=\"\" width=\"180\" height=\"130\" class=\"alignleft size-full wp-image-5047\" \/><\/a><\/td>\n<td style=\"width: 75%; text-align: left; vertical-align: middle;\">Animation som f\u00f6rklarar hur hj\u00e4rtsvikt orsakar blodstockning<\/td>\n<\/tr>\n<\/tbody>\n<\/table>\n<p><a title=\"\u00c5terg\u00e5 till &quot;Symtom&quot;\" href=\"https:\/\/www.heartfailurematters.org\/sv\/att-forsta-hjartsvikt\/symtom-pa-hjartsvikt\/\">\u00c5terg\u00e5 till &#8221;Symtom&#8221;<\/a><a href=\"https:\/\/www.heartfailurematters.org\/sv\/att-forsta-hjartsvikt\/symtom-pa-hjartsvikt\/\">\u00a0<\/a><\/p>\n","protected":false},"excerpt":{"rendered":"<p>Det \u00e4r mycket vanligt att m\u00e4nniskor med hj\u00e4rtsvikt upplever snabba f\u00f6r\u00e4ndringar av sin vikt. Om din hj\u00e4rtsvikt orsakar v\u00e4tskeansamling kommer du att g\u00e5 upp i vikt. Men om kroppen blir av med v\u00e4tskan igen (t.ex. efter korrekt f\u00f6r\u00e4ndring av behandlingen) kommer du att g\u00e5 ner i vikt. Det \u00e4r viktigt att du v\u00e4ger dig regelbundet [&hellip;]<\/p>\n","protected":false},"author":1,"featured_media":0,"parent":2421,"menu_order":0,"comment_status":"open","ping_status":"open","template":"","meta":{"_acf_changed":false,"footnotes":""},"categories":[],"tags":[],"class_list":["post-2485","page","type-page","status-publish","hentry"],"acf":[],"yoast_head":"<!-- This site is optimized with the Yoast SEO plugin v24.8.1 - https:\/\/yoast.com\/wordpress\/plugins\/seo\/ -->\n<title>Vikt\u00f6kning och hj\u00e4rtsvikt<\/title>\n<meta name=\"description\" content=\"Det \u00e4r vanligt att m\u00e4nniskor med hj\u00e4rtsvikt upplever snabba f\u00f6r\u00e4ndringar av sin vikt. Det \u00e4r viktigt att du ber\u00e4ttar f\u00f6r din l\u00e4kare eller sjuksk\u00f6terska om du observerar en vikt\u00f6kning p\u00e5 mer \u00e4n 2 kg p\u00e5 tre dagar.\" \/>\n<meta name=\"robots\" content=\"index, follow, max-snippet:-1, max-image-preview:large, max-video-preview:-1\" \/>\n<link rel=\"canonical\" href=\"https:\/\/www.heartfailurematters.org\/sv\/att-forsta-hjartsvikt\/viktokning\/\" \/>\n<meta property=\"og:locale\" content=\"sv_SE\" \/>\n<meta property=\"og:type\" content=\"article\" \/>\n<meta property=\"og:title\" content=\"Vikt\u00f6kning och hj\u00e4rtsvikt\" \/>\n<meta property=\"og:description\" content=\"Det \u00e4r vanligt att m\u00e4nniskor med hj\u00e4rtsvikt upplever snabba f\u00f6r\u00e4ndringar av sin vikt. Det \u00e4r viktigt att du ber\u00e4ttar f\u00f6r din l\u00e4kare eller sjuksk\u00f6terska om du observerar en vikt\u00f6kning p\u00e5 mer \u00e4n 2 kg p\u00e5 tre dagar.\" \/>\n<meta property=\"og:url\" content=\"https:\/\/www.heartfailurematters.org\/sv\/att-forsta-hjartsvikt\/viktokning\/\" \/>\n<meta property=\"og:site_name\" content=\"Heart Failure Matters\" \/>\n<meta property=\"article:publisher\" content=\"https:\/\/www.facebook.com\/heartfailurematters\" \/>\n<meta property=\"article:modified_time\" content=\"2021-02-16T15:25:01+00:00\" \/>\n<meta property=\"og:image\" content=\"https:\/\/www.heartfailurematters.org\/wp-content\/uploads\/2021\/02\/weight-gain.jpg\" \/>\n<meta name=\"twitter:card\" content=\"summary_large_image\" \/>\n<meta name=\"twitter:label1\" content=\"Ber\u00e4knad l\u00e4stid\" \/>\n\t<meta name=\"twitter:data1\" content=\"2 minuter\" \/>\n<script type=\"application\/ld+json\" class=\"yoast-schema-graph\">{\"@context\":\"https:\/\/schema.org\",\"@graph\":[{\"@type\":\"WebPage\",\"@id\":\"https:\/\/www.heartfailurematters.org\/sv\/att-forsta-hjartsvikt\/viktokning\/\",\"url\":\"https:\/\/www.heartfailurematters.org\/sv\/att-forsta-hjartsvikt\/viktokning\/\",\"name\":\"Vikt\u00f6kning och hj\u00e4rtsvikt\",\"isPartOf\":{\"@id\":\"https:\/\/www.heartfailurematters.org\/sv\/#website\"},\"primaryImageOfPage\":{\"@id\":\"https:\/\/www.heartfailurematters.org\/sv\/att-forsta-hjartsvikt\/viktokning\/#primaryimage\"},\"image\":{\"@id\":\"https:\/\/www.heartfailurematters.org\/sv\/att-forsta-hjartsvikt\/viktokning\/#primaryimage\"},\"thumbnailUrl\":\"https:\/\/www.heartfailurematters.org\/wp-content\/uploads\/2021\/02\/weight-gain.jpg\",\"datePublished\":\"2021-01-27T22:11:56+00:00\",\"dateModified\":\"2021-02-16T15:25:01+00:00\",\"description\":\"Det \u00e4r vanligt att m\u00e4nniskor med hj\u00e4rtsvikt upplever snabba f\u00f6r\u00e4ndringar av sin vikt. Det \u00e4r viktigt att du ber\u00e4ttar f\u00f6r din l\u00e4kare eller sjuksk\u00f6terska om du observerar en vikt\u00f6kning p\u00e5 mer \u00e4n 2 kg p\u00e5 tre dagar.\",\"breadcrumb\":{\"@id\":\"https:\/\/www.heartfailurematters.org\/sv\/att-forsta-hjartsvikt\/viktokning\/#breadcrumb\"},\"inLanguage\":\"sv-SE\",\"potentialAction\":[{\"@type\":\"ReadAction\",\"target\":[\"https:\/\/www.heartfailurematters.org\/sv\/att-forsta-hjartsvikt\/viktokning\/\"]}]},{\"@type\":\"ImageObject\",\"inLanguage\":\"sv-SE\",\"@id\":\"https:\/\/www.heartfailurematters.org\/sv\/att-forsta-hjartsvikt\/viktokning\/#primaryimage\",\"url\":\"https:\/\/www.heartfailurematters.org\/wp-content\/uploads\/2021\/02\/weight-gain.jpg\",\"contentUrl\":\"https:\/\/www.heartfailurematters.org\/wp-content\/uploads\/2021\/02\/weight-gain.jpg\"},{\"@type\":\"BreadcrumbList\",\"@id\":\"https:\/\/www.heartfailurematters.org\/sv\/att-forsta-hjartsvikt\/viktokning\/#breadcrumb\",\"itemListElement\":[{\"@type\":\"ListItem\",\"position\":1,\"name\":\"Hem\",\"item\":\"https:\/\/www.heartfailurematters.org\/sv\/\"},{\"@type\":\"ListItem\",\"position\":2,\"name\":\"Att f\u00f6rst\u00e5 hj\u00e4rtsvikt\",\"item\":\"https:\/\/www.heartfailurematters.org\/sv\/att-forsta-hjartsvikt\/\"},{\"@type\":\"ListItem\",\"position\":3,\"name\":\"Vikt\u00f6kning\"}]},{\"@type\":\"WebSite\",\"@id\":\"https:\/\/www.heartfailurematters.org\/sv\/#website\",\"url\":\"https:\/\/www.heartfailurematters.org\/sv\/\",\"name\":\"Heart Failure Matters\",\"description\":\"Practical information for patients, families and caregivers.\",\"publisher\":{\"@id\":\"https:\/\/www.heartfailurematters.org\/sv\/#organization\"},\"potentialAction\":[{\"@type\":\"SearchAction\",\"target\":{\"@type\":\"EntryPoint\",\"urlTemplate\":\"https:\/\/www.heartfailurematters.org\/sv\/?s={search_term_string}\"},\"query-input\":{\"@type\":\"PropertyValueSpecification\",\"valueRequired\":true,\"valueName\":\"search_term_string\"}}],\"inLanguage\":\"sv-SE\"},{\"@type\":\"Organization\",\"@id\":\"https:\/\/www.heartfailurematters.org\/sv\/#organization\",\"name\":\"Heart Failure Matters\",\"url\":\"https:\/\/www.heartfailurematters.org\/sv\/\",\"logo\":{\"@type\":\"ImageObject\",\"inLanguage\":\"sv-SE\",\"@id\":\"https:\/\/www.heartfailurematters.org\/sv\/#\/schema\/logo\/image\/\",\"url\":\"https:\/\/cdn-endpoint-hfm.azureedge.net\/heartfailurematters\/2024\/07\/hfm-logo1.jpg\",\"contentUrl\":\"https:\/\/cdn-endpoint-hfm.azureedge.net\/heartfailurematters\/2024\/07\/hfm-logo1.jpg\",\"width\":1280,\"height\":720,\"caption\":\"Heart Failure Matters\"},\"image\":{\"@id\":\"https:\/\/www.heartfailurematters.org\/sv\/#\/schema\/logo\/image\/\"},\"sameAs\":[\"https:\/\/www.facebook.com\/heartfailurematters\"]}]}<\/script>\n<!-- \/ Yoast SEO plugin. -->","yoast_head_json":{"title":"Vikt\u00f6kning och hj\u00e4rtsvikt","description":"Det \u00e4r vanligt att m\u00e4nniskor med hj\u00e4rtsvikt upplever snabba f\u00f6r\u00e4ndringar av sin vikt. Det \u00e4r viktigt att du ber\u00e4ttar f\u00f6r din l\u00e4kare eller sjuksk\u00f6terska om du observerar en vikt\u00f6kning p\u00e5 mer \u00e4n 2 kg p\u00e5 tre dagar.","robots":{"index":"index","follow":"follow","max-snippet":"max-snippet:-1","max-image-preview":"max-image-preview:large","max-video-preview":"max-video-preview:-1"},"canonical":"https:\/\/www.heartfailurematters.org\/sv\/att-forsta-hjartsvikt\/viktokning\/","og_locale":"sv_SE","og_type":"article","og_title":"Vikt\u00f6kning och hj\u00e4rtsvikt","og_description":"Det \u00e4r vanligt att m\u00e4nniskor med hj\u00e4rtsvikt upplever snabba f\u00f6r\u00e4ndringar av sin vikt. Det \u00e4r viktigt att du ber\u00e4ttar f\u00f6r din l\u00e4kare eller sjuksk\u00f6terska om du observerar en vikt\u00f6kning p\u00e5 mer \u00e4n 2 kg p\u00e5 tre dagar.","og_url":"https:\/\/www.heartfailurematters.org\/sv\/att-forsta-hjartsvikt\/viktokning\/","og_site_name":"Heart Failure Matters","article_publisher":"https:\/\/www.facebook.com\/heartfailurematters","article_modified_time":"2021-02-16T15:25:01+00:00","og_image":[{"url":"https:\/\/www.heartfailurematters.org\/wp-content\/uploads\/2021\/02\/weight-gain.jpg","type":"","width":"","height":""}],"twitter_card":"summary_large_image","twitter_misc":{"Ber\u00e4knad l\u00e4stid":"2 minuter"},"schema":{"@context":"https:\/\/schema.org","@graph":[{"@type":"WebPage","@id":"https:\/\/www.heartfailurematters.org\/sv\/att-forsta-hjartsvikt\/viktokning\/","url":"https:\/\/www.heartfailurematters.org\/sv\/att-forsta-hjartsvikt\/viktokning\/","name":"Vikt\u00f6kning och hj\u00e4rtsvikt","isPartOf":{"@id":"https:\/\/www.heartfailurematters.org\/sv\/#website"},"primaryImageOfPage":{"@id":"https:\/\/www.heartfailurematters.org\/sv\/att-forsta-hjartsvikt\/viktokning\/#primaryimage"},"image":{"@id":"https:\/\/www.heartfailurematters.org\/sv\/att-forsta-hjartsvikt\/viktokning\/#primaryimage"},"thumbnailUrl":"https:\/\/www.heartfailurematters.org\/wp-content\/uploads\/2021\/02\/weight-gain.jpg","datePublished":"2021-01-27T22:11:56+00:00","dateModified":"2021-02-16T15:25:01+00:00","description":"Det \u00e4r vanligt att m\u00e4nniskor med hj\u00e4rtsvikt upplever snabba f\u00f6r\u00e4ndringar av sin vikt. Det \u00e4r viktigt att du ber\u00e4ttar f\u00f6r din l\u00e4kare eller sjuksk\u00f6terska om du observerar en vikt\u00f6kning p\u00e5 mer \u00e4n 2 kg p\u00e5 tre dagar.","breadcrumb":{"@id":"https:\/\/www.heartfailurematters.org\/sv\/att-forsta-hjartsvikt\/viktokning\/#breadcrumb"},"inLanguage":"sv-SE","potentialAction":[{"@type":"ReadAction","target":["https:\/\/www.heartfailurematters.org\/sv\/att-forsta-hjartsvikt\/viktokning\/"]}]},{"@type":"ImageObject","inLanguage":"sv-SE","@id":"https:\/\/www.heartfailurematters.org\/sv\/att-forsta-hjartsvikt\/viktokning\/#primaryimage","url":"https:\/\/www.heartfailurematters.org\/wp-content\/uploads\/2021\/02\/weight-gain.jpg","contentUrl":"https:\/\/www.heartfailurematters.org\/wp-content\/uploads\/2021\/02\/weight-gain.jpg"},{"@type":"BreadcrumbList","@id":"https:\/\/www.heartfailurematters.org\/sv\/att-forsta-hjartsvikt\/viktokning\/#breadcrumb","itemListElement":[{"@type":"ListItem","position":1,"name":"Hem","item":"https:\/\/www.heartfailurematters.org\/sv\/"},{"@type":"ListItem","position":2,"name":"Att f\u00f6rst\u00e5 hj\u00e4rtsvikt","item":"https:\/\/www.heartfailurematters.org\/sv\/att-forsta-hjartsvikt\/"},{"@type":"ListItem","position":3,"name":"Vikt\u00f6kning"}]},{"@type":"WebSite","@id":"https:\/\/www.heartfailurematters.org\/sv\/#website","url":"https:\/\/www.heartfailurematters.org\/sv\/","name":"Heart Failure Matters","description":"Practical information for patients, families and caregivers.","publisher":{"@id":"https:\/\/www.heartfailurematters.org\/sv\/#organization"},"potentialAction":[{"@type":"SearchAction","target":{"@type":"EntryPoint","urlTemplate":"https:\/\/www.heartfailurematters.org\/sv\/?s={search_term_string}"},"query-input":{"@type":"PropertyValueSpecification","valueRequired":true,"valueName":"search_term_string"}}],"inLanguage":"sv-SE"},{"@type":"Organization","@id":"https:\/\/www.heartfailurematters.org\/sv\/#organization","name":"Heart Failure Matters","url":"https:\/\/www.heartfailurematters.org\/sv\/","logo":{"@type":"ImageObject","inLanguage":"sv-SE","@id":"https:\/\/www.heartfailurematters.org\/sv\/#\/schema\/logo\/image\/","url":"https:\/\/cdn-endpoint-hfm.azureedge.net\/heartfailurematters\/2024\/07\/hfm-logo1.jpg","contentUrl":"https:\/\/cdn-endpoint-hfm.azureedge.net\/heartfailurematters\/2024\/07\/hfm-logo1.jpg","width":1280,"height":720,"caption":"Heart Failure Matters"},"image":{"@id":"https:\/\/www.heartfailurematters.org\/sv\/#\/schema\/logo\/image\/"},"sameAs":["https:\/\/www.facebook.com\/heartfailurematters"]}]}},"_links":{"self":[{"href":"https:\/\/www.heartfailurematters.org\/sv\/wp-json\/wp\/v2\/pages\/2485","targetHints":{"allow":["GET"]}}],"collection":[{"href":"https:\/\/www.heartfailurematters.org\/sv\/wp-json\/wp\/v2\/pages"}],"about":[{"href":"https:\/\/www.heartfailurematters.org\/sv\/wp-json\/wp\/v2\/types\/page"}],"author":[{"embeddable":true,"href":"https:\/\/www.heartfailurematters.org\/sv\/wp-json\/wp\/v2\/users\/1"}],"replies":[{"embeddable":true,"href":"https:\/\/www.heartfailurematters.org\/sv\/wp-json\/wp\/v2\/comments?post=2485"}],"version-history":[{"count":2,"href":"https:\/\/www.heartfailurematters.org\/sv\/wp-json\/wp\/v2\/pages\/2485\/revisions"}],"predecessor-version":[{"id":6830,"href":"https:\/\/www.heartfailurematters.org\/sv\/wp-json\/wp\/v2\/pages\/2485\/revisions\/6830"}],"up":[{"embeddable":true,"href":"https:\/\/www.heartfailurematters.org\/sv\/wp-json\/wp\/v2\/pages\/2421"}],"wp:attachment":[{"href":"https:\/\/www.heartfailurematters.org\/sv\/wp-json\/wp\/v2\/media?parent=2485"}],"wp:term":[{"taxonomy":"category","embeddable":true,"href":"https:\/\/www.heartfailurematters.org\/sv\/wp-json\/wp\/v2\/categories?post=2485"},{"taxonomy":"post_tag","embeddable":true,"href":"https:\/\/www.heartfailurematters.org\/sv\/wp-json\/wp\/v2\/tags?post=2485"}],"curies":[{"name":"wp","href":"https:\/\/api.w.org\/{rel}","templated":true}]}}