{"id":2484,"date":"2021-01-27T22:11:50","date_gmt":"2021-01-27T22:11:50","guid":{"rendered":"http:\/\/heartfailurematters.local:8888\/covid-19-virus-och-hjartsvikt-information-och-praktiska-tips\/"},"modified":"2026-02-10T13:20:04","modified_gmt":"2026-02-10T13:20:04","slug":"covid-19-virus-och-hjartsvikt-information-och-praktiska-tips","status":"publish","type":"page","link":"https:\/\/www.heartfailurematters.org\/sv\/covid-19-virus-och-hjartsvikt-information-och-praktiska-tips\/","title":{"rendered":"Covid-19 och hj\u00e4rtsvikt: information och praktiska tips"},"content":{"rendered":"<blockquote><p>Vi rekommenderar starkt alla patienter med hj\u00e4rtsvikt att vaccinera sig.<br \/>\n<a href=\"https:\/\/www.escardio.org\/Education\/COVID-19-and-Cardiology\/covid-19-and-vaccinations\" target=\"_blank\" rel=\"noopener\">Klicka h\u00e4r<\/a> f\u00f6r mer information.<\/p><\/blockquote>\n<h2>Vad patienter med hj\u00e4rtsvikt beh\u00f6ver veta om covid-19<\/h2>\n<p>Covid-19 \u00e4r ett nytt coronavirus. Det inneh\u00e5ller genetiskt material som kan infektera m\u00e4nskliga celler och sedan f\u00f6r\u00f6ka sig och producera mer virus. Covid 19-pandemin \u00e4r en folkh\u00e4lsokris under snabb utveckling. Den b\u00f6rjade i slutet av december 2019, i Wuhan, som ligger i Hubeiprovinsen i Kina, och har snabbt spridit sig till l\u00e4nder och omr\u00e5den \u00f6ver hela v\u00e4rlden.<\/p>\n<p>Spridningen fr\u00e5n m\u00e4nniska till m\u00e4nniska sker genom hosta och nysningar. Droppar fr\u00e5n andra personers luftv\u00e4gar, som inneh\u00e5ller viruset, kan smitta dig genom kontakt med munnen, n\u00e4san eller \u00f6gonen. Viruset kan ocks\u00e5 kontaminera ytor och \u00f6verleva d\u00e4r i flera dagar eller l\u00e4ngre. Minst 80 % av infekterade patienter upplever lindriga symtom och \u00e5terh\u00e4mtar sig utan behov av intensivv\u00e5rd.<\/p>\n<p>Tecken p\u00e5 covid-19 kan vara influensaliknande symtom som feber, ny och ih\u00e5llande hosta, tr\u00f6tthet, huvudv\u00e4rk och halsont. Viruset kan leda till lunginflammation hos vissa patienter, med tilltagande andningssv\u00e5righeter och kan i allvarligare fall vara d\u00f6dligt. Det totala antalet d\u00f6dsfall i covid-19 som inledningsvis rapporterats \u00e4r dock fortfarande l\u00e5gt, cirka 2%.<\/p>\n<h2>Vad inneb\u00e4r covid\u201319 f\u00f6r patienter med hj\u00e4rtsvikt?<\/h2>\n<p>Risken f\u00f6r allvarliga komplikationer d\u00e4r sjukhusv\u00e5rd kr\u00e4vs \u00f6kar betydligt ju \u00e4ldre man \u00e4r. Personer \u00f6ver 70 \u00e5r l\u00f6per s\u00e4rskilt h\u00f6g risk, eftersom m\u00e5nga ocks\u00e5 lider av hj\u00e4rtsvikt och andra underliggande medicinska tillst\u00e5nd.<\/p>\n<p>Patienter med kroniska luftv\u00e4gssjukdomar, kroniska hj\u00e4rt-k\u00e4rlsjukdomar som hj\u00e4rtsvikt, diabetes, hypertoni, cancer, autoimmuna sjukdomar eller de som f\u00e5r immunsuppressiva l\u00e4kemedel efter transplantation \u00e4r mer s\u00e5rbara f\u00f6r de sv\u00e5raste f\u00f6ljderna av viruset. Hj\u00e4rtsviktspatienter kan ha minst ett eller flera av dessa andra tillst\u00e5nd och \u00e4r d\u00e4rf\u00f6r utsatta f\u00f6r en h\u00f6gre risk f\u00f6r sjukhusvistelse och allvarliga komplikationer.<\/p>\n<h3><a href=\"\/wp-content\/uploads\/2021\/02\/HFM-COVID-19.pdf\" target=\"_blank\" rel=\"noopener\">Klicka h\u00e4r <\/a> f\u00f6r att ladda ner r\u00e5den i PDF-format<\/h3>\n<h4>F\u00f6r mer information om covid-19 och hj\u00e4rtpatienter bes\u00f6k European Society of Cardiologys webbplats <a href=\"https:\/\/www.escardio.org\/Education\/COVID-19-and-Cardiology\">COVID-19-and-Cardiology<\/a>.<\/h4>\n","protected":false},"excerpt":{"rendered":"<p>Vi rekommenderar starkt alla patienter med hj\u00e4rtsvikt att vaccinera sig. Klicka h\u00e4r f\u00f6r mer information. Vad patienter med hj\u00e4rtsvikt beh\u00f6ver veta om covid-19 Covid-19 \u00e4r ett nytt coronavirus. Det inneh\u00e5ller genetiskt material som kan infektera m\u00e4nskliga celler och sedan f\u00f6r\u00f6ka sig och producera mer virus. Covid 19-pandemin \u00e4r en folkh\u00e4lsokris under snabb utveckling. Den b\u00f6rjade [&hellip;]<\/p>\n","protected":false},"author":1,"featured_media":0,"parent":0,"menu_order":0,"comment_status":"open","ping_status":"open","template":"","meta":{"_acf_changed":false,"footnotes":""},"categories":[],"tags":[],"class_list":["post-2484","page","type-page","status-publish","hentry"],"acf":[],"yoast_head":"<!-- This site is optimized with the Yoast SEO plugin v24.8.1 - https:\/\/yoast.com\/wordpress\/plugins\/seo\/ -->\n<title>Covid-19 och hj\u00e4rtsvikt: information och tips<\/title>\n<meta name=\"description\" content=\"L\u00e4r dig vad hj\u00e4rtsviktspatienter beh\u00f6ver veta om covid-19 och f\u00e5 rekommendationer om hur du h\u00e5ller dig frisk under pandemin.\" \/>\n<meta name=\"robots\" content=\"index, follow, max-snippet:-1, max-image-preview:large, max-video-preview:-1\" \/>\n<link rel=\"canonical\" href=\"https:\/\/www.heartfailurematters.org\/sv\/covid-19-virus-och-hjartsvikt-information-och-praktiska-tips\/\" \/>\n<meta property=\"og:locale\" content=\"sv_SE\" \/>\n<meta property=\"og:type\" content=\"article\" \/>\n<meta property=\"og:title\" content=\"Covid-19 och hj\u00e4rtsvikt: information och tips\" \/>\n<meta property=\"og:description\" content=\"L\u00e4r dig vad hj\u00e4rtsviktspatienter beh\u00f6ver veta om covid-19 och f\u00e5 rekommendationer om hur du h\u00e5ller dig frisk under pandemin.\" \/>\n<meta property=\"og:url\" content=\"https:\/\/www.heartfailurematters.org\/sv\/covid-19-virus-och-hjartsvikt-information-och-praktiska-tips\/\" \/>\n<meta property=\"og:site_name\" content=\"Heart Failure Matters\" \/>\n<meta property=\"article:publisher\" content=\"https:\/\/www.facebook.com\/heartfailurematters\" \/>\n<meta property=\"article:modified_time\" content=\"2026-02-10T13:20:04+00:00\" \/>\n<meta name=\"twitter:card\" content=\"summary_large_image\" \/>\n<meta name=\"twitter:label1\" content=\"Ber\u00e4knad l\u00e4stid\" \/>\n\t<meta name=\"twitter:data1\" content=\"5 minuter\" \/>\n<script type=\"application\/ld+json\" class=\"yoast-schema-graph\">{\"@context\":\"https:\/\/schema.org\",\"@graph\":[{\"@type\":\"WebPage\",\"@id\":\"https:\/\/www.heartfailurematters.org\/sv\/covid-19-virus-och-hjartsvikt-information-och-praktiska-tips\/\",\"url\":\"https:\/\/www.heartfailurematters.org\/sv\/covid-19-virus-och-hjartsvikt-information-och-praktiska-tips\/\",\"name\":\"Covid-19 och hj\u00e4rtsvikt: information och tips\",\"isPartOf\":{\"@id\":\"https:\/\/www.heartfailurematters.org\/sv\/#website\"},\"datePublished\":\"2021-01-27T22:11:50+00:00\",\"dateModified\":\"2026-02-10T13:20:04+00:00\",\"description\":\"L\u00e4r dig vad hj\u00e4rtsviktspatienter beh\u00f6ver veta om covid-19 och f\u00e5 rekommendationer om hur du h\u00e5ller dig frisk under pandemin.\",\"breadcrumb\":{\"@id\":\"https:\/\/www.heartfailurematters.org\/sv\/covid-19-virus-och-hjartsvikt-information-och-praktiska-tips\/#breadcrumb\"},\"inLanguage\":\"sv-SE\",\"potentialAction\":[{\"@type\":\"ReadAction\",\"target\":[\"https:\/\/www.heartfailurematters.org\/sv\/covid-19-virus-och-hjartsvikt-information-och-praktiska-tips\/\"]}]},{\"@type\":\"BreadcrumbList\",\"@id\":\"https:\/\/www.heartfailurematters.org\/sv\/covid-19-virus-och-hjartsvikt-information-och-praktiska-tips\/#breadcrumb\",\"itemListElement\":[{\"@type\":\"ListItem\",\"position\":1,\"name\":\"Hem\",\"item\":\"https:\/\/www.heartfailurematters.org\/sv\/\"},{\"@type\":\"ListItem\",\"position\":2,\"name\":\"Covid-19 och hj\u00e4rtsvikt: information och praktiska tips\"}]},{\"@type\":\"WebSite\",\"@id\":\"https:\/\/www.heartfailurematters.org\/sv\/#website\",\"url\":\"https:\/\/www.heartfailurematters.org\/sv\/\",\"name\":\"Heart Failure Matters\",\"description\":\"Practical information for patients, families and caregivers.\",\"publisher\":{\"@id\":\"https:\/\/www.heartfailurematters.org\/sv\/#organization\"},\"potentialAction\":[{\"@type\":\"SearchAction\",\"target\":{\"@type\":\"EntryPoint\",\"urlTemplate\":\"https:\/\/www.heartfailurematters.org\/sv\/?s={search_term_string}\"},\"query-input\":{\"@type\":\"PropertyValueSpecification\",\"valueRequired\":true,\"valueName\":\"search_term_string\"}}],\"inLanguage\":\"sv-SE\"},{\"@type\":\"Organization\",\"@id\":\"https:\/\/www.heartfailurematters.org\/sv\/#organization\",\"name\":\"Heart Failure Matters\",\"url\":\"https:\/\/www.heartfailurematters.org\/sv\/\",\"logo\":{\"@type\":\"ImageObject\",\"inLanguage\":\"sv-SE\",\"@id\":\"https:\/\/www.heartfailurematters.org\/sv\/#\/schema\/logo\/image\/\",\"url\":\"https:\/\/cdn-endpoint-hfm.azureedge.net\/heartfailurematters\/2024\/07\/hfm-logo1.jpg\",\"contentUrl\":\"https:\/\/cdn-endpoint-hfm.azureedge.net\/heartfailurematters\/2024\/07\/hfm-logo1.jpg\",\"width\":1280,\"height\":720,\"caption\":\"Heart Failure Matters\"},\"image\":{\"@id\":\"https:\/\/www.heartfailurematters.org\/sv\/#\/schema\/logo\/image\/\"},\"sameAs\":[\"https:\/\/www.facebook.com\/heartfailurematters\"]}]}<\/script>\n<!-- \/ Yoast SEO plugin. -->","yoast_head_json":{"title":"Covid-19 och hj\u00e4rtsvikt: information och tips","description":"L\u00e4r dig vad hj\u00e4rtsviktspatienter beh\u00f6ver veta om covid-19 och f\u00e5 rekommendationer om hur du h\u00e5ller dig frisk under pandemin.","robots":{"index":"index","follow":"follow","max-snippet":"max-snippet:-1","max-image-preview":"max-image-preview:large","max-video-preview":"max-video-preview:-1"},"canonical":"https:\/\/www.heartfailurematters.org\/sv\/covid-19-virus-och-hjartsvikt-information-och-praktiska-tips\/","og_locale":"sv_SE","og_type":"article","og_title":"Covid-19 och hj\u00e4rtsvikt: information och tips","og_description":"L\u00e4r dig vad hj\u00e4rtsviktspatienter beh\u00f6ver veta om covid-19 och f\u00e5 rekommendationer om hur du h\u00e5ller dig frisk under pandemin.","og_url":"https:\/\/www.heartfailurematters.org\/sv\/covid-19-virus-och-hjartsvikt-information-och-praktiska-tips\/","og_site_name":"Heart Failure Matters","article_publisher":"https:\/\/www.facebook.com\/heartfailurematters","article_modified_time":"2026-02-10T13:20:04+00:00","twitter_card":"summary_large_image","twitter_misc":{"Ber\u00e4knad l\u00e4stid":"5 minuter"},"schema":{"@context":"https:\/\/schema.org","@graph":[{"@type":"WebPage","@id":"https:\/\/www.heartfailurematters.org\/sv\/covid-19-virus-och-hjartsvikt-information-och-praktiska-tips\/","url":"https:\/\/www.heartfailurematters.org\/sv\/covid-19-virus-och-hjartsvikt-information-och-praktiska-tips\/","name":"Covid-19 och hj\u00e4rtsvikt: information och tips","isPartOf":{"@id":"https:\/\/www.heartfailurematters.org\/sv\/#website"},"datePublished":"2021-01-27T22:11:50+00:00","dateModified":"2026-02-10T13:20:04+00:00","description":"L\u00e4r dig vad hj\u00e4rtsviktspatienter beh\u00f6ver veta om covid-19 och f\u00e5 rekommendationer om hur du h\u00e5ller dig frisk under pandemin.","breadcrumb":{"@id":"https:\/\/www.heartfailurematters.org\/sv\/covid-19-virus-och-hjartsvikt-information-och-praktiska-tips\/#breadcrumb"},"inLanguage":"sv-SE","potentialAction":[{"@type":"ReadAction","target":["https:\/\/www.heartfailurematters.org\/sv\/covid-19-virus-och-hjartsvikt-information-och-praktiska-tips\/"]}]},{"@type":"BreadcrumbList","@id":"https:\/\/www.heartfailurematters.org\/sv\/covid-19-virus-och-hjartsvikt-information-och-praktiska-tips\/#breadcrumb","itemListElement":[{"@type":"ListItem","position":1,"name":"Hem","item":"https:\/\/www.heartfailurematters.org\/sv\/"},{"@type":"ListItem","position":2,"name":"Covid-19 och hj\u00e4rtsvikt: information och praktiska tips"}]},{"@type":"WebSite","@id":"https:\/\/www.heartfailurematters.org\/sv\/#website","url":"https:\/\/www.heartfailurematters.org\/sv\/","name":"Heart Failure Matters","description":"Practical information for patients, families and caregivers.","publisher":{"@id":"https:\/\/www.heartfailurematters.org\/sv\/#organization"},"potentialAction":[{"@type":"SearchAction","target":{"@type":"EntryPoint","urlTemplate":"https:\/\/www.heartfailurematters.org\/sv\/?s={search_term_string}"},"query-input":{"@type":"PropertyValueSpecification","valueRequired":true,"valueName":"search_term_string"}}],"inLanguage":"sv-SE"},{"@type":"Organization","@id":"https:\/\/www.heartfailurematters.org\/sv\/#organization","name":"Heart Failure Matters","url":"https:\/\/www.heartfailurematters.org\/sv\/","logo":{"@type":"ImageObject","inLanguage":"sv-SE","@id":"https:\/\/www.heartfailurematters.org\/sv\/#\/schema\/logo\/image\/","url":"https:\/\/cdn-endpoint-hfm.azureedge.net\/heartfailurematters\/2024\/07\/hfm-logo1.jpg","contentUrl":"https:\/\/cdn-endpoint-hfm.azureedge.net\/heartfailurematters\/2024\/07\/hfm-logo1.jpg","width":1280,"height":720,"caption":"Heart Failure Matters"},"image":{"@id":"https:\/\/www.heartfailurematters.org\/sv\/#\/schema\/logo\/image\/"},"sameAs":["https:\/\/www.facebook.com\/heartfailurematters"]}]}},"_links":{"self":[{"href":"https:\/\/www.heartfailurematters.org\/sv\/wp-json\/wp\/v2\/pages\/2484","targetHints":{"allow":["GET"]}}],"collection":[{"href":"https:\/\/www.heartfailurematters.org\/sv\/wp-json\/wp\/v2\/pages"}],"about":[{"href":"https:\/\/www.heartfailurematters.org\/sv\/wp-json\/wp\/v2\/types\/page"}],"author":[{"embeddable":true,"href":"https:\/\/www.heartfailurematters.org\/sv\/wp-json\/wp\/v2\/users\/1"}],"replies":[{"embeddable":true,"href":"https:\/\/www.heartfailurematters.org\/sv\/wp-json\/wp\/v2\/comments?post=2484"}],"version-history":[{"count":7,"href":"https:\/\/www.heartfailurematters.org\/sv\/wp-json\/wp\/v2\/pages\/2484\/revisions"}],"predecessor-version":[{"id":13870,"href":"https:\/\/www.heartfailurematters.org\/sv\/wp-json\/wp\/v2\/pages\/2484\/revisions\/13870"}],"wp:attachment":[{"href":"https:\/\/www.heartfailurematters.org\/sv\/wp-json\/wp\/v2\/media?parent=2484"}],"wp:term":[{"taxonomy":"category","embeddable":true,"href":"https:\/\/www.heartfailurematters.org\/sv\/wp-json\/wp\/v2\/categories?post=2484"},{"taxonomy":"post_tag","embeddable":true,"href":"https:\/\/www.heartfailurematters.org\/sv\/wp-json\/wp\/v2\/tags?post=2484"}],"curies":[{"name":"wp","href":"https:\/\/api.w.org\/{rel}","templated":true}]}}