{"id":2483,"date":"2021-01-27T22:11:50","date_gmt":"2021-01-27T22:11:50","guid":{"rendered":"http:\/\/heartfailurematters.local:8888\/hjartresynkroniseringsbehandling-biventrikular-pacemakerterapi-aven-forkortad-crt-efter-engelskans-cardiac-resynchronisation-therapy\/"},"modified":"2021-02-16T11:50:49","modified_gmt":"2021-02-16T11:50:49","slug":"hjartresynkroniseringsbehandling-biventrikular-pacemakerterapi-aven-forkortad-crt-efter-engelskans-cardiac-resynchronisation-therapy","status":"publish","type":"page","link":"https:\/\/www.heartfailurematters.org\/sv\/vad-din-lakare-eller-sjukskoterska-kan-gora\/hjartresynkroniseringsbehandling-biventrikular-pacemakerterapi-aven-forkortad-crt-efter-engelskans-cardiac-resynchronisation-therapy\/","title":{"rendered":"Hj\u00e4rtresynkroniseringsbehandling (biventrikul\u00e4r pacemakerterapi) \u00e4ven f\u00f6rkortad CRT efter engelskans Cardiac Resynchronisation Therapy"},"content":{"rendered":"<h2>Vad g\u00f6r den?<\/h2>\n<p><a class=\"addtooltip\" title=\"&lt;div id='ToolTipTextWrap'&gt;Hj\u00e4rtresynkroniseringsbehandling (hj\u00e4rtsviktspacemaker s.k. CRT)&lt;\/div&gt;&lt;p&gt;En typ av pacemaker som hj\u00e4lper hj\u00e4rtat att uppr\u00e4tth\u00e5lla en h\u00e4lsosam rytm och f\u00f6rb\u00e4ttrar koordinationen av sammandragningen av hj\u00e4rtats v\u00e4nstra kammare.&lt;\/p&gt;\"><strong><img decoding=\"async\" class=\"alignleft size-full wp-image-6643\" src=\"https:\/\/www.heartfailurematters.org\/wp-content\/uploads\/2021\/02\/CRT-device.jpg\" alt=\"\" width=\"211\" height=\"206\" \/>Hj\u00e4rtresynkroniseringsbehandling<\/strong><\/a>, som \u00e4ven kallas biventrikul\u00e4r stimulering, kan vara anv\u00e4ndbar om de elektriska impulser som styr hj\u00e4rtmuskelns sammandragning och avslappning inte g\u00e5r genom ditt hj\u00e4rta p\u00e5 ett snabbt och j\u00e4mnt s\u00e4tt. Den v\u00e4nstra <a class=\"addtooltip\" title=\"&lt;div id='ToolTipTextWrap'&gt;Hj\u00e4rtkamrarna&lt;\/div&gt;&lt;p&gt;De st\u00f6rre, l\u00e4gre h\u00e5lrummen i hj\u00e4rtat som tar emot blod fr\u00e5n f\u00f6rmaken och har ansvaret f\u00f6r att pumpa blod ut ur hj\u00e4rtat till kroppen och lungorna.&lt;\/p&gt;\"><strong>kammaren<\/strong><\/a> kan dras ihop p\u00e5 en br\u00e5kdel av en sekund efter den h\u00f6gra ventrikeln i st\u00e4llet f\u00f6r samtidigt. Delar av den v\u00e4nstra kammaren visar ofta en f\u00f6rdr\u00f6jd sammandragning och apparaten kan framkalla kortare och mer likformiga sammandragningar. Denna brist p\u00e5 koordinering p\u00e5verkar m\u00f6jligheten f\u00f6r ditt hj\u00e4rta att pumpa effektivt. L\u00e4karen kommer att leta efter tecken p\u00e5 d\u00e5lig koordinering av hj\u00e4rtmuskeln, vilket kan ses p\u00e5 ett <a class=\"addtooltip\" title=\"&lt;div id='ToolTipTextWrap'&gt;EKG&lt;\/div&gt;&lt;p&gt;En unders\u00f6kning som registrerar den elektriska aktiviteten i hj\u00e4rtat. Information om puls, rytm och elektrisk ledningsf\u00f6rm\u00e5ga registreras. Tecken p\u00e5 skada, ischemi (otillr\u00e4cklig blodf\u00f6rs\u00f6rjning) och hypertrofi (sjuklig f\u00f6rstoring av celler) kan identifieras med EKG.&lt;\/p&gt;\"><strong>EKG<\/strong><\/a> eller en <a class=\"addtooltip\" title=\"&lt;div id='ToolTipTextWrap'&gt;Ultraljud&lt;\/div&gt;&lt;p&gt;En skanning som ger bilder av insidan av kroppen med hj\u00e4lp av ljudv\u00e5gor. En gel appliceras p\u00e5 huden och en mikrofon f\u00f6rs fram och tillbaka \u00f6ver det omr\u00e5de som ska skannas. En dator omvandlar de reflekterade ljudv\u00e5gorna till en bild p\u00e5 en sk\u00e4rm.&lt;\/p&gt;\"><strong>ekokardiografisk<\/strong><\/a> unders\u00f6kning (ultraljud).<\/p>\n<p>CRT fungerar inte bara som en pacemaker, utan omkoordinerar hj\u00e4rtslagen i de tv\u00e5 kamrarna genom att s\u00e4tta ig\u00e5ng b\u00e5da samtidigt och s\u00e4rskilt f\u00f6rb\u00e4ttra sammandragning av den v\u00e4nstra kammaren. Det h\u00e4r f\u00f6rb\u00e4ttrar ditt hj\u00e4rtas totala effektivitet. En hj\u00e4rtsviktspacemaker (CRT) skiljer sig d\u00e4rf\u00f6r fr\u00e5n en vanlig <a title=\"Pacemaker\" href=\"https:\/\/www.heartfailurematters.org\/sv\/vad-din-lakare-eller-sjukskoterska-kan-gora\/pacemaker\/\">pacemaker<\/a>, som endast s\u00e4tter ig\u00e5ng h\u00f6ger kammare och styr hj\u00e4rtfrekvensen. CRT-pacemaker f\u00f6rb\u00e4ttrar inte bara symtom vid hj\u00e4rtsvikt, utan har ocks\u00e5 visat sig f\u00f6rl\u00e4nga \u00f6verlevnaden p\u00e5 l\u00e5ng sikt. L\u00e4kare v\u00e4ljer ofta att kombinera en CRT (hj\u00e4rtsviktspacemaker) med en ICD (defibrillator) i samma enhet. I detta fall kallas apparaten f\u00f6r CRT-D. D st\u00e5r f\u00f6r defibrillator.<\/p>\n<h2>Var och hur s\u00e4tts den p\u00e5 plats?<\/h2>\n<p>Precis som en vanlig pacemaker \u00e4r en hj\u00e4rtsviktspacemaker (CRT) ungef\u00e4r lika stor som ett fickur. En CRT opereras vanligtvis in under lokalbed\u00f6vning, precis under nyckelbenet med flexibla elektrodledningar (belagda tr\u00e5dar) som utg\u00e5r fr\u00e5n den och som \u00e4r placerad i hj\u00e4rtat. Ingreppet tar vanligtvis en till tv\u00e5 timmar.<\/p>\n<p>Elektroderna f\u00f6rs in i en ven p\u00e5 axeln eller halsens nedre del. Kardiologen styr in ledningen i r\u00e4tt kammare i hj\u00e4rtat, kontrollerar positionen p\u00e5 en r\u00f6ntgensk\u00e4rm och s\u00e4krar den p\u00e5 platsen, med ett stygn vid din axel. Ledningen ansluts sedan till pulsgeneratorn och pacemakern passas in i en liten &#8221;ficka&#8221;, eller utrymme, som skapas mellan huden och br\u00f6stmuskeln. D\u00e4refter testas m\u00e4ngden elektrisk energi som beh\u00f6vs f\u00f6r att stimulera hj\u00e4rtat att dra ihop sig och pacemakern justeras.<\/p>\n<h2>Efter ingreppet<\/h2>\n<p>N\u00e4r apparaten har monterats kan du k\u00e4nna en viss sm\u00e4rta eller obehag och det kan finnas bl\u00e5m\u00e4rken d\u00e4r apparaten sitter, men dessa symtom brukar f\u00f6rsvinna inom n\u00e5gra dagar. De flesta personer kan g\u00e5 upp och g\u00e5 omkring redan senare samma dag och \u00e5terg\u00e5 till normal aktivitet inom tv\u00e5 till fyra veckor.<\/p>\n<p>Funktionen och batteritiden p\u00e5 din pacemaker ska kontrolleras regelbundet p\u00e5 en hj\u00e4rtklinik\/pacemakermottagning. Beroende p\u00e5 den typ av pacemaker som inopererats, kan en <a class=\"addtooltip\" title=\"&lt;div id='ToolTipTextWrap'&gt;Distans\u00f6vervakning&lt;\/div&gt;&lt;p&gt;Termen anv\u00e4nds f\u00f6r att beskriva information som skickas elektroniskt (till exempel via telefon) till din l\u00e4kare eller sjuksk\u00f6terska. Information kan ocks\u00e5 \u00f6verf\u00f6ras automatiskt till kliniken fr\u00e5n en pacemaker, ICD eller CRT medan du \u00e4r hemma. Det finns flera olika metoder f\u00f6r att tillhandah\u00e5lla denna typ av distans\u00f6vervakning. Distans\u00f6vervakning blir alltmer tillg\u00e4nglig och \u00e4r en del av en rutinm\u00e4ssig pacemakerkontroll.&lt;\/p&gt;\"><strong>uppf\u00f6ljning med distans\u00f6vervakning<\/strong><\/a> f\u00f6resl\u00e5s\u00a0, f\u00f6r att kontrollera pacemakerns funktion. Med denna distans\u00f6vervakning har man en mer kontinuerlig \u00f6vervakning och man kan d\u00e5 snabbt identifiera st\u00f6rning av hj\u00e4rtrytmen och tekniska problem, samt f\u00f6rb\u00e4ttra din v\u00e5rd och minska behovet av att komma p\u00e5 \u00e5terbes\u00f6k p\u00e5 pacemakermottagningen.<\/p>\n<p>Om batteriet m\u00e5ste bytas ut, beh\u00f6ver endast apparaten bytas (inte ledningarna). Batteriet varar vanligtvis mellan fem och sju \u00e5r innan det beh\u00f6ver bytas ut.<\/p>\n<p>Det \u00e4r viktigt att du l\u00e5ter en l\u00e4kare eller tandl\u00e4kare veta att du har n\u00e5gon typ av pacemaker innan de genomf\u00f6r n\u00e5gra ingrepp. \u00c4ven om det inte \u00e4r troligt att de flesta medicinska ingrepp och tandingrepp skulle st\u00f6ra enhetens funktion, kan vissa apparater kr\u00e4va s\u00e4kerhets\u00e5tg\u00e4rder som minimerar eventuella st\u00f6rningar.<\/p>\n<p>CRT-apparater kan ibland uppt\u00e4ckas av s\u00e4kerhetskontroller p\u00e5 flygplatser, men enhetens funktion p\u00e5verkas s\u00e4llan. S\u00e5 om du har en CRT b\u00f6r du alltid informera s\u00e4kerhetspersonalen.<\/p>\n<p>Tv\u00e5 typer av CRT-apparater anv\u00e4nds.<\/p>\n<ul>\n<li>CRT-P (CRT med pacemakerfunktion)<\/li>\n<li>CRT-D (CRT med pacemaker och ICD-funktion)<\/li>\n<\/ul>\n<p><a title=\"\u00c5terg\u00e5 till &quot;Enheter&quot;\" href=\"https:\/\/www.heartfailurematters.org\/sv\/vad-din-lakare-eller-sjukskoterska-kan-gora\/inplanterbara-apparater\/\">\u00c5terg\u00e5 till &#8221;Apparater&#8221;<\/a><\/p>\n","protected":false},"excerpt":{"rendered":"<p>Vad g\u00f6r den? Hj\u00e4rtresynkroniseringsbehandling, som \u00e4ven kallas biventrikul\u00e4r stimulering, kan vara anv\u00e4ndbar om de elektriska impulser som styr hj\u00e4rtmuskelns sammandragning och avslappning inte g\u00e5r genom ditt hj\u00e4rta p\u00e5 ett snabbt och j\u00e4mnt s\u00e4tt. Den v\u00e4nstra kammaren kan dras ihop p\u00e5 en br\u00e5kdel av en sekund efter den h\u00f6gra ventrikeln i st\u00e4llet f\u00f6r samtidigt. Delar av [&hellip;]<\/p>\n","protected":false},"author":1,"featured_media":10907,"parent":2685,"menu_order":0,"comment_status":"open","ping_status":"open","template":"","meta":{"_acf_changed":false,"footnotes":""},"categories":[],"tags":[],"class_list":["post-2483","page","type-page","status-publish","has-post-thumbnail","hentry"],"acf":[],"yoast_head":"<!-- This site is optimized with the Yoast SEO plugin v24.8.1 - https:\/\/yoast.com\/wordpress\/plugins\/seo\/ -->\n<title>Hj\u00e4rtresynkroniseringsbehandling (Cardiac Resynchronisation Therapy, s.k. CRT)<\/title>\n<meta name=\"description\" content=\"Hj\u00e4rtresynkroniseringsbehandling, som \u00e4ven kallas CRT eller hj\u00e4rtsviktspacemaker, kan vara anv\u00e4ndbar om de elektriska impulser som styr hj\u00e4rtmuskelns sammandragning och avslappning inte g\u00e5r genom ditt hj\u00e4rta p\u00e5 ett snabbt och j\u00e4mnt s\u00e4tt.\" \/>\n<meta name=\"robots\" content=\"index, follow, max-snippet:-1, max-image-preview:large, max-video-preview:-1\" \/>\n<link rel=\"canonical\" href=\"https:\/\/www.heartfailurematters.org\/sv\/vad-din-lakare-eller-sjukskoterska-kan-gora\/hjartresynkroniseringsbehandling-biventrikular-pacemakerterapi-aven-forkortad-crt-efter-engelskans-cardiac-resynchronisation-therapy\/\" \/>\n<meta property=\"og:locale\" content=\"sv_SE\" \/>\n<meta property=\"og:type\" content=\"article\" \/>\n<meta property=\"og:title\" content=\"Hj\u00e4rtresynkroniseringsbehandling (Cardiac Resynchronisation Therapy, s.k. CRT)\" \/>\n<meta property=\"og:description\" content=\"Hj\u00e4rtresynkroniseringsbehandling, som \u00e4ven kallas CRT eller hj\u00e4rtsviktspacemaker, kan vara anv\u00e4ndbar om de elektriska impulser som styr hj\u00e4rtmuskelns sammandragning och avslappning inte g\u00e5r genom ditt hj\u00e4rta p\u00e5 ett snabbt och j\u00e4mnt s\u00e4tt.\" \/>\n<meta property=\"og:url\" content=\"https:\/\/www.heartfailurematters.org\/sv\/vad-din-lakare-eller-sjukskoterska-kan-gora\/hjartresynkroniseringsbehandling-biventrikular-pacemakerterapi-aven-forkortad-crt-efter-engelskans-cardiac-resynchronisation-therapy\/\" \/>\n<meta property=\"og:site_name\" content=\"Heart Failure Matters\" \/>\n<meta property=\"article:publisher\" content=\"https:\/\/www.facebook.com\/heartfailurematters\" \/>\n<meta property=\"article:modified_time\" content=\"2021-02-16T11:50:49+00:00\" \/>\n<meta property=\"og:image\" content=\"https:\/\/www.heartfailurematters.org\/wp-content\/uploads\/2022\/03\/CRT.jpg\" \/>\n\t<meta property=\"og:image:width\" content=\"1415\" \/>\n\t<meta property=\"og:image:height\" content=\"910\" \/>\n\t<meta property=\"og:image:type\" content=\"image\/jpeg\" \/>\n<meta name=\"twitter:card\" content=\"summary_large_image\" \/>\n<meta name=\"twitter:label1\" content=\"Ber\u00e4knad l\u00e4stid\" \/>\n\t<meta name=\"twitter:data1\" content=\"3 minuter\" \/>\n<script type=\"application\/ld+json\" class=\"yoast-schema-graph\">{\"@context\":\"https:\/\/schema.org\",\"@graph\":[{\"@type\":\"WebPage\",\"@id\":\"https:\/\/www.heartfailurematters.org\/sv\/vad-din-lakare-eller-sjukskoterska-kan-gora\/hjartresynkroniseringsbehandling-biventrikular-pacemakerterapi-aven-forkortad-crt-efter-engelskans-cardiac-resynchronisation-therapy\/\",\"url\":\"https:\/\/www.heartfailurematters.org\/sv\/vad-din-lakare-eller-sjukskoterska-kan-gora\/hjartresynkroniseringsbehandling-biventrikular-pacemakerterapi-aven-forkortad-crt-efter-engelskans-cardiac-resynchronisation-therapy\/\",\"name\":\"Hj\u00e4rtresynkroniseringsbehandling (Cardiac Resynchronisation Therapy, s.k. CRT)\",\"isPartOf\":{\"@id\":\"https:\/\/www.heartfailurematters.org\/sv\/#website\"},\"primaryImageOfPage\":{\"@id\":\"https:\/\/www.heartfailurematters.org\/sv\/vad-din-lakare-eller-sjukskoterska-kan-gora\/hjartresynkroniseringsbehandling-biventrikular-pacemakerterapi-aven-forkortad-crt-efter-engelskans-cardiac-resynchronisation-therapy\/#primaryimage\"},\"image\":{\"@id\":\"https:\/\/www.heartfailurematters.org\/sv\/vad-din-lakare-eller-sjukskoterska-kan-gora\/hjartresynkroniseringsbehandling-biventrikular-pacemakerterapi-aven-forkortad-crt-efter-engelskans-cardiac-resynchronisation-therapy\/#primaryimage\"},\"thumbnailUrl\":\"https:\/\/www.heartfailurematters.org\/wp-content\/uploads\/2022\/03\/CRT.jpg\",\"datePublished\":\"2021-01-27T22:11:50+00:00\",\"dateModified\":\"2021-02-16T11:50:49+00:00\",\"description\":\"Hj\u00e4rtresynkroniseringsbehandling, som \u00e4ven kallas CRT eller hj\u00e4rtsviktspacemaker, kan vara anv\u00e4ndbar om de elektriska impulser som styr hj\u00e4rtmuskelns sammandragning och avslappning inte g\u00e5r genom ditt hj\u00e4rta p\u00e5 ett snabbt och j\u00e4mnt s\u00e4tt.\",\"breadcrumb\":{\"@id\":\"https:\/\/www.heartfailurematters.org\/sv\/vad-din-lakare-eller-sjukskoterska-kan-gora\/hjartresynkroniseringsbehandling-biventrikular-pacemakerterapi-aven-forkortad-crt-efter-engelskans-cardiac-resynchronisation-therapy\/#breadcrumb\"},\"inLanguage\":\"sv-SE\",\"potentialAction\":[{\"@type\":\"ReadAction\",\"target\":[\"https:\/\/www.heartfailurematters.org\/sv\/vad-din-lakare-eller-sjukskoterska-kan-gora\/hjartresynkroniseringsbehandling-biventrikular-pacemakerterapi-aven-forkortad-crt-efter-engelskans-cardiac-resynchronisation-therapy\/\"]}]},{\"@type\":\"ImageObject\",\"inLanguage\":\"sv-SE\",\"@id\":\"https:\/\/www.heartfailurematters.org\/sv\/vad-din-lakare-eller-sjukskoterska-kan-gora\/hjartresynkroniseringsbehandling-biventrikular-pacemakerterapi-aven-forkortad-crt-efter-engelskans-cardiac-resynchronisation-therapy\/#primaryimage\",\"url\":\"https:\/\/www.heartfailurematters.org\/wp-content\/uploads\/2022\/03\/CRT.jpg\",\"contentUrl\":\"https:\/\/www.heartfailurematters.org\/wp-content\/uploads\/2022\/03\/CRT.jpg\",\"width\":1415,\"height\":910},{\"@type\":\"BreadcrumbList\",\"@id\":\"https:\/\/www.heartfailurematters.org\/sv\/vad-din-lakare-eller-sjukskoterska-kan-gora\/hjartresynkroniseringsbehandling-biventrikular-pacemakerterapi-aven-forkortad-crt-efter-engelskans-cardiac-resynchronisation-therapy\/#breadcrumb\",\"itemListElement\":[{\"@type\":\"ListItem\",\"position\":1,\"name\":\"Hem\",\"item\":\"https:\/\/www.heartfailurematters.org\/sv\/\"},{\"@type\":\"ListItem\",\"position\":2,\"name\":\"Vad din l\u00e4kare kan g\u00f6ra\",\"item\":\"https:\/\/www.heartfailurematters.org\/sv\/vad-din-lakare-eller-sjukskoterska-kan-gora\/\"},{\"@type\":\"ListItem\",\"position\":3,\"name\":\"Hj\u00e4rtresynkroniseringsbehandling (biventrikul\u00e4r pacemakerterapi) \u00e4ven f\u00f6rkortad CRT efter engelskans Cardiac Resynchronisation Therapy\"}]},{\"@type\":\"WebSite\",\"@id\":\"https:\/\/www.heartfailurematters.org\/sv\/#website\",\"url\":\"https:\/\/www.heartfailurematters.org\/sv\/\",\"name\":\"Heart Failure Matters\",\"description\":\"Practical information for patients, families and caregivers.\",\"publisher\":{\"@id\":\"https:\/\/www.heartfailurematters.org\/sv\/#organization\"},\"potentialAction\":[{\"@type\":\"SearchAction\",\"target\":{\"@type\":\"EntryPoint\",\"urlTemplate\":\"https:\/\/www.heartfailurematters.org\/sv\/?s={search_term_string}\"},\"query-input\":{\"@type\":\"PropertyValueSpecification\",\"valueRequired\":true,\"valueName\":\"search_term_string\"}}],\"inLanguage\":\"sv-SE\"},{\"@type\":\"Organization\",\"@id\":\"https:\/\/www.heartfailurematters.org\/sv\/#organization\",\"name\":\"Heart Failure Matters\",\"url\":\"https:\/\/www.heartfailurematters.org\/sv\/\",\"logo\":{\"@type\":\"ImageObject\",\"inLanguage\":\"sv-SE\",\"@id\":\"https:\/\/www.heartfailurematters.org\/sv\/#\/schema\/logo\/image\/\",\"url\":\"https:\/\/cdn-endpoint-hfm.azureedge.net\/heartfailurematters\/2024\/07\/hfm-logo1.jpg\",\"contentUrl\":\"https:\/\/cdn-endpoint-hfm.azureedge.net\/heartfailurematters\/2024\/07\/hfm-logo1.jpg\",\"width\":1280,\"height\":720,\"caption\":\"Heart Failure Matters\"},\"image\":{\"@id\":\"https:\/\/www.heartfailurematters.org\/sv\/#\/schema\/logo\/image\/\"},\"sameAs\":[\"https:\/\/www.facebook.com\/heartfailurematters\"]}]}<\/script>\n<!-- \/ Yoast SEO plugin. -->","yoast_head_json":{"title":"Hj\u00e4rtresynkroniseringsbehandling (Cardiac Resynchronisation Therapy, s.k. CRT)","description":"Hj\u00e4rtresynkroniseringsbehandling, som \u00e4ven kallas CRT eller hj\u00e4rtsviktspacemaker, kan vara anv\u00e4ndbar om de elektriska impulser som styr hj\u00e4rtmuskelns sammandragning och avslappning inte g\u00e5r genom ditt hj\u00e4rta p\u00e5 ett snabbt och j\u00e4mnt s\u00e4tt.","robots":{"index":"index","follow":"follow","max-snippet":"max-snippet:-1","max-image-preview":"max-image-preview:large","max-video-preview":"max-video-preview:-1"},"canonical":"https:\/\/www.heartfailurematters.org\/sv\/vad-din-lakare-eller-sjukskoterska-kan-gora\/hjartresynkroniseringsbehandling-biventrikular-pacemakerterapi-aven-forkortad-crt-efter-engelskans-cardiac-resynchronisation-therapy\/","og_locale":"sv_SE","og_type":"article","og_title":"Hj\u00e4rtresynkroniseringsbehandling (Cardiac Resynchronisation Therapy, s.k. CRT)","og_description":"Hj\u00e4rtresynkroniseringsbehandling, som \u00e4ven kallas CRT eller hj\u00e4rtsviktspacemaker, kan vara anv\u00e4ndbar om de elektriska impulser som styr hj\u00e4rtmuskelns sammandragning och avslappning inte g\u00e5r genom ditt hj\u00e4rta p\u00e5 ett snabbt och j\u00e4mnt s\u00e4tt.","og_url":"https:\/\/www.heartfailurematters.org\/sv\/vad-din-lakare-eller-sjukskoterska-kan-gora\/hjartresynkroniseringsbehandling-biventrikular-pacemakerterapi-aven-forkortad-crt-efter-engelskans-cardiac-resynchronisation-therapy\/","og_site_name":"Heart Failure Matters","article_publisher":"https:\/\/www.facebook.com\/heartfailurematters","article_modified_time":"2021-02-16T11:50:49+00:00","og_image":[{"width":1415,"height":910,"url":"https:\/\/www.heartfailurematters.org\/wp-content\/uploads\/2022\/03\/CRT.jpg","type":"image\/jpeg"}],"twitter_card":"summary_large_image","twitter_misc":{"Ber\u00e4knad l\u00e4stid":"3 minuter"},"schema":{"@context":"https:\/\/schema.org","@graph":[{"@type":"WebPage","@id":"https:\/\/www.heartfailurematters.org\/sv\/vad-din-lakare-eller-sjukskoterska-kan-gora\/hjartresynkroniseringsbehandling-biventrikular-pacemakerterapi-aven-forkortad-crt-efter-engelskans-cardiac-resynchronisation-therapy\/","url":"https:\/\/www.heartfailurematters.org\/sv\/vad-din-lakare-eller-sjukskoterska-kan-gora\/hjartresynkroniseringsbehandling-biventrikular-pacemakerterapi-aven-forkortad-crt-efter-engelskans-cardiac-resynchronisation-therapy\/","name":"Hj\u00e4rtresynkroniseringsbehandling (Cardiac Resynchronisation Therapy, s.k. CRT)","isPartOf":{"@id":"https:\/\/www.heartfailurematters.org\/sv\/#website"},"primaryImageOfPage":{"@id":"https:\/\/www.heartfailurematters.org\/sv\/vad-din-lakare-eller-sjukskoterska-kan-gora\/hjartresynkroniseringsbehandling-biventrikular-pacemakerterapi-aven-forkortad-crt-efter-engelskans-cardiac-resynchronisation-therapy\/#primaryimage"},"image":{"@id":"https:\/\/www.heartfailurematters.org\/sv\/vad-din-lakare-eller-sjukskoterska-kan-gora\/hjartresynkroniseringsbehandling-biventrikular-pacemakerterapi-aven-forkortad-crt-efter-engelskans-cardiac-resynchronisation-therapy\/#primaryimage"},"thumbnailUrl":"https:\/\/www.heartfailurematters.org\/wp-content\/uploads\/2022\/03\/CRT.jpg","datePublished":"2021-01-27T22:11:50+00:00","dateModified":"2021-02-16T11:50:49+00:00","description":"Hj\u00e4rtresynkroniseringsbehandling, som \u00e4ven kallas CRT eller hj\u00e4rtsviktspacemaker, kan vara anv\u00e4ndbar om de elektriska impulser som styr hj\u00e4rtmuskelns sammandragning och avslappning inte g\u00e5r genom ditt hj\u00e4rta p\u00e5 ett snabbt och j\u00e4mnt s\u00e4tt.","breadcrumb":{"@id":"https:\/\/www.heartfailurematters.org\/sv\/vad-din-lakare-eller-sjukskoterska-kan-gora\/hjartresynkroniseringsbehandling-biventrikular-pacemakerterapi-aven-forkortad-crt-efter-engelskans-cardiac-resynchronisation-therapy\/#breadcrumb"},"inLanguage":"sv-SE","potentialAction":[{"@type":"ReadAction","target":["https:\/\/www.heartfailurematters.org\/sv\/vad-din-lakare-eller-sjukskoterska-kan-gora\/hjartresynkroniseringsbehandling-biventrikular-pacemakerterapi-aven-forkortad-crt-efter-engelskans-cardiac-resynchronisation-therapy\/"]}]},{"@type":"ImageObject","inLanguage":"sv-SE","@id":"https:\/\/www.heartfailurematters.org\/sv\/vad-din-lakare-eller-sjukskoterska-kan-gora\/hjartresynkroniseringsbehandling-biventrikular-pacemakerterapi-aven-forkortad-crt-efter-engelskans-cardiac-resynchronisation-therapy\/#primaryimage","url":"https:\/\/www.heartfailurematters.org\/wp-content\/uploads\/2022\/03\/CRT.jpg","contentUrl":"https:\/\/www.heartfailurematters.org\/wp-content\/uploads\/2022\/03\/CRT.jpg","width":1415,"height":910},{"@type":"BreadcrumbList","@id":"https:\/\/www.heartfailurematters.org\/sv\/vad-din-lakare-eller-sjukskoterska-kan-gora\/hjartresynkroniseringsbehandling-biventrikular-pacemakerterapi-aven-forkortad-crt-efter-engelskans-cardiac-resynchronisation-therapy\/#breadcrumb","itemListElement":[{"@type":"ListItem","position":1,"name":"Hem","item":"https:\/\/www.heartfailurematters.org\/sv\/"},{"@type":"ListItem","position":2,"name":"Vad din l\u00e4kare kan g\u00f6ra","item":"https:\/\/www.heartfailurematters.org\/sv\/vad-din-lakare-eller-sjukskoterska-kan-gora\/"},{"@type":"ListItem","position":3,"name":"Hj\u00e4rtresynkroniseringsbehandling (biventrikul\u00e4r pacemakerterapi) \u00e4ven f\u00f6rkortad CRT efter engelskans Cardiac Resynchronisation Therapy"}]},{"@type":"WebSite","@id":"https:\/\/www.heartfailurematters.org\/sv\/#website","url":"https:\/\/www.heartfailurematters.org\/sv\/","name":"Heart Failure Matters","description":"Practical information for patients, families and caregivers.","publisher":{"@id":"https:\/\/www.heartfailurematters.org\/sv\/#organization"},"potentialAction":[{"@type":"SearchAction","target":{"@type":"EntryPoint","urlTemplate":"https:\/\/www.heartfailurematters.org\/sv\/?s={search_term_string}"},"query-input":{"@type":"PropertyValueSpecification","valueRequired":true,"valueName":"search_term_string"}}],"inLanguage":"sv-SE"},{"@type":"Organization","@id":"https:\/\/www.heartfailurematters.org\/sv\/#organization","name":"Heart Failure Matters","url":"https:\/\/www.heartfailurematters.org\/sv\/","logo":{"@type":"ImageObject","inLanguage":"sv-SE","@id":"https:\/\/www.heartfailurematters.org\/sv\/#\/schema\/logo\/image\/","url":"https:\/\/cdn-endpoint-hfm.azureedge.net\/heartfailurematters\/2024\/07\/hfm-logo1.jpg","contentUrl":"https:\/\/cdn-endpoint-hfm.azureedge.net\/heartfailurematters\/2024\/07\/hfm-logo1.jpg","width":1280,"height":720,"caption":"Heart Failure Matters"},"image":{"@id":"https:\/\/www.heartfailurematters.org\/sv\/#\/schema\/logo\/image\/"},"sameAs":["https:\/\/www.facebook.com\/heartfailurematters"]}]}},"_links":{"self":[{"href":"https:\/\/www.heartfailurematters.org\/sv\/wp-json\/wp\/v2\/pages\/2483","targetHints":{"allow":["GET"]}}],"collection":[{"href":"https:\/\/www.heartfailurematters.org\/sv\/wp-json\/wp\/v2\/pages"}],"about":[{"href":"https:\/\/www.heartfailurematters.org\/sv\/wp-json\/wp\/v2\/types\/page"}],"author":[{"embeddable":true,"href":"https:\/\/www.heartfailurematters.org\/sv\/wp-json\/wp\/v2\/users\/1"}],"replies":[{"embeddable":true,"href":"https:\/\/www.heartfailurematters.org\/sv\/wp-json\/wp\/v2\/comments?post=2483"}],"version-history":[{"count":1,"href":"https:\/\/www.heartfailurematters.org\/sv\/wp-json\/wp\/v2\/pages\/2483\/revisions"}],"predecessor-version":[{"id":6653,"href":"https:\/\/www.heartfailurematters.org\/sv\/wp-json\/wp\/v2\/pages\/2483\/revisions\/6653"}],"up":[{"embeddable":true,"href":"https:\/\/www.heartfailurematters.org\/sv\/wp-json\/wp\/v2\/pages\/2685"}],"wp:featuredmedia":[{"embeddable":true,"href":"https:\/\/www.heartfailurematters.org\/sv\/wp-json\/wp\/v2\/media\/10907"}],"wp:attachment":[{"href":"https:\/\/www.heartfailurematters.org\/sv\/wp-json\/wp\/v2\/media?parent=2483"}],"wp:term":[{"taxonomy":"category","embeddable":true,"href":"https:\/\/www.heartfailurematters.org\/sv\/wp-json\/wp\/v2\/categories?post=2483"},{"taxonomy":"post_tag","embeddable":true,"href":"https:\/\/www.heartfailurematters.org\/sv\/wp-json\/wp\/v2\/tags?post=2483"}],"curies":[{"name":"wp","href":"https:\/\/api.w.org\/{rel}","templated":true}]}}