{"id":2482,"date":"2021-01-27T22:11:50","date_gmt":"2021-01-27T22:11:50","guid":{"rendered":"http:\/\/heartfailurematters.local:8888\/aterkoppling\/"},"modified":"2021-04-13T17:12:41","modified_gmt":"2021-04-13T16:12:41","slug":"aterkoppling","status":"publish","type":"page","link":"https:\/\/www.heartfailurematters.org\/sv\/aterkoppling\/","title":{"rendered":"\u00c5terkoppling"},"content":{"rendered":"<p>Vi v\u00e4lkomnar din \u00e5terkoppling om dina erfarenheter av <em>heartfailurematters.org<\/em> och<br \/>\nvi kommer att anv\u00e4nda dina synpunkter f\u00f6r att f\u00f6rb\u00e4ttra webbplatsen. Vi kan inte svara direkt p\u00e5<br \/>\nanv\u00e4ndarkommentarer och vi erbjuder inte n\u00e5gon medicinsk r\u00e5dgivning till anv\u00e4ndare.<br \/>\nSe <a href=\"\/sv\/syfte-och-anvandarvillkor\/\"> anv\u00e4ndarvillkoren<\/a> f\u00f6r mer information.<\/p>\n<p>Ditt namn och din e-postadress registreras enbart i syfte att kontakta<br \/>\ndig ang\u00e5ende din \u00e5terkoppling. Dessa uppgifter kommer inte att vidarebefordras till tredje part.<br \/>\nF\u00f6r mer information, se v\u00e5r <a href=\"\/sv\/sekretesspolicy\/\">sekretesspolicy<\/a>.<\/p>\n<p>Du kan kontakta oss genom att anv\u00e4nda formul\u00e4ret nedan eller genom att skicka ett mejl till: <a href=\"mailto:hfmatters@escardio.org\" target=\"_blank\" rel=\"noopener\">hfmatters@escardio.org<\/a><\/p>\n","protected":false},"excerpt":{"rendered":"<p>Vi v\u00e4lkomnar din \u00e5terkoppling om dina erfarenheter av heartfailurematters.org och vi kommer att anv\u00e4nda dina synpunkter f\u00f6r att f\u00f6rb\u00e4ttra webbplatsen. Vi kan inte svara direkt p\u00e5 anv\u00e4ndarkommentarer och vi erbjuder inte n\u00e5gon medicinsk r\u00e5dgivning till anv\u00e4ndare. Se anv\u00e4ndarvillkoren f\u00f6r mer information. Ditt namn och din e-postadress registreras enbart i syfte att kontakta dig ang\u00e5ende din [&hellip;]<\/p>\n","protected":false},"author":1,"featured_media":0,"parent":0,"menu_order":0,"comment_status":"open","ping_status":"open","template":"","meta":{"_acf_changed":false,"footnotes":""},"categories":[],"tags":[],"class_list":["post-2482","page","type-page","status-publish","hentry"],"acf":[],"yoast_head":"<!-- This site is optimized with the Yoast SEO plugin v24.8.1 - https:\/\/yoast.com\/wordpress\/plugins\/seo\/ -->\n<title>\u00c5terkoppling<\/title>\n<meta name=\"description\" content=\"Du \u00e4r v\u00e4lkommen med \u00e5terkoppling om dina erfarenheter av heartfailurematters.org och vi kommer att anv\u00e4nda dina synpunkter f\u00f6r att f\u00f6rb\u00e4ttra webbplatsen.\" \/>\n<meta name=\"robots\" content=\"index, follow, max-snippet:-1, max-image-preview:large, max-video-preview:-1\" \/>\n<link rel=\"canonical\" href=\"https:\/\/www.heartfailurematters.org\/sv\/aterkoppling\/\" \/>\n<meta property=\"og:locale\" content=\"sv_SE\" \/>\n<meta property=\"og:type\" content=\"article\" \/>\n<meta property=\"og:title\" content=\"\u00c5terkoppling\" \/>\n<meta property=\"og:description\" content=\"Du \u00e4r v\u00e4lkommen med \u00e5terkoppling om dina erfarenheter av heartfailurematters.org och vi kommer att anv\u00e4nda dina synpunkter f\u00f6r att f\u00f6rb\u00e4ttra webbplatsen.\" \/>\n<meta property=\"og:url\" content=\"https:\/\/www.heartfailurematters.org\/sv\/aterkoppling\/\" \/>\n<meta property=\"og:site_name\" content=\"Heart Failure Matters\" \/>\n<meta property=\"article:publisher\" content=\"https:\/\/www.facebook.com\/heartfailurematters\" \/>\n<meta property=\"article:modified_time\" content=\"2021-04-13T16:12:41+00:00\" \/>\n<meta name=\"twitter:card\" content=\"summary_large_image\" \/>\n<meta name=\"twitter:label1\" content=\"Ber\u00e4knad l\u00e4stid\" \/>\n\t<meta name=\"twitter:data1\" content=\"1 minut\" \/>\n<script type=\"application\/ld+json\" class=\"yoast-schema-graph\">{\"@context\":\"https:\/\/schema.org\",\"@graph\":[{\"@type\":\"WebPage\",\"@id\":\"https:\/\/www.heartfailurematters.org\/sv\/aterkoppling\/\",\"url\":\"https:\/\/www.heartfailurematters.org\/sv\/aterkoppling\/\",\"name\":\"\u00c5terkoppling\",\"isPartOf\":{\"@id\":\"https:\/\/www.heartfailurematters.org\/sv\/#website\"},\"datePublished\":\"2021-01-27T22:11:50+00:00\",\"dateModified\":\"2021-04-13T16:12:41+00:00\",\"description\":\"Du \u00e4r v\u00e4lkommen med \u00e5terkoppling om dina erfarenheter av heartfailurematters.org och vi kommer att anv\u00e4nda dina synpunkter f\u00f6r att f\u00f6rb\u00e4ttra webbplatsen.\",\"breadcrumb\":{\"@id\":\"https:\/\/www.heartfailurematters.org\/sv\/aterkoppling\/#breadcrumb\"},\"inLanguage\":\"sv-SE\",\"potentialAction\":[{\"@type\":\"ReadAction\",\"target\":[\"https:\/\/www.heartfailurematters.org\/sv\/aterkoppling\/\"]}]},{\"@type\":\"BreadcrumbList\",\"@id\":\"https:\/\/www.heartfailurematters.org\/sv\/aterkoppling\/#breadcrumb\",\"itemListElement\":[{\"@type\":\"ListItem\",\"position\":1,\"name\":\"Hem\",\"item\":\"https:\/\/www.heartfailurematters.org\/sv\/\"},{\"@type\":\"ListItem\",\"position\":2,\"name\":\"\u00c5terkoppling\"}]},{\"@type\":\"WebSite\",\"@id\":\"https:\/\/www.heartfailurematters.org\/sv\/#website\",\"url\":\"https:\/\/www.heartfailurematters.org\/sv\/\",\"name\":\"Heart Failure Matters\",\"description\":\"Practical information for patients, families and caregivers.\",\"publisher\":{\"@id\":\"https:\/\/www.heartfailurematters.org\/sv\/#organization\"},\"potentialAction\":[{\"@type\":\"SearchAction\",\"target\":{\"@type\":\"EntryPoint\",\"urlTemplate\":\"https:\/\/www.heartfailurematters.org\/sv\/?s={search_term_string}\"},\"query-input\":{\"@type\":\"PropertyValueSpecification\",\"valueRequired\":true,\"valueName\":\"search_term_string\"}}],\"inLanguage\":\"sv-SE\"},{\"@type\":\"Organization\",\"@id\":\"https:\/\/www.heartfailurematters.org\/sv\/#organization\",\"name\":\"Heart Failure Matters\",\"url\":\"https:\/\/www.heartfailurematters.org\/sv\/\",\"logo\":{\"@type\":\"ImageObject\",\"inLanguage\":\"sv-SE\",\"@id\":\"https:\/\/www.heartfailurematters.org\/sv\/#\/schema\/logo\/image\/\",\"url\":\"https:\/\/cdn-endpoint-hfm.azureedge.net\/heartfailurematters\/2024\/07\/hfm-logo1.jpg\",\"contentUrl\":\"https:\/\/cdn-endpoint-hfm.azureedge.net\/heartfailurematters\/2024\/07\/hfm-logo1.jpg\",\"width\":1280,\"height\":720,\"caption\":\"Heart Failure Matters\"},\"image\":{\"@id\":\"https:\/\/www.heartfailurematters.org\/sv\/#\/schema\/logo\/image\/\"},\"sameAs\":[\"https:\/\/www.facebook.com\/heartfailurematters\"]}]}<\/script>\n<!-- \/ Yoast SEO plugin. -->","yoast_head_json":{"title":"\u00c5terkoppling","description":"Du \u00e4r v\u00e4lkommen med \u00e5terkoppling om dina erfarenheter av heartfailurematters.org och vi kommer att anv\u00e4nda dina synpunkter f\u00f6r att f\u00f6rb\u00e4ttra webbplatsen.","robots":{"index":"index","follow":"follow","max-snippet":"max-snippet:-1","max-image-preview":"max-image-preview:large","max-video-preview":"max-video-preview:-1"},"canonical":"https:\/\/www.heartfailurematters.org\/sv\/aterkoppling\/","og_locale":"sv_SE","og_type":"article","og_title":"\u00c5terkoppling","og_description":"Du \u00e4r v\u00e4lkommen med \u00e5terkoppling om dina erfarenheter av heartfailurematters.org och vi kommer att anv\u00e4nda dina synpunkter f\u00f6r att f\u00f6rb\u00e4ttra webbplatsen.","og_url":"https:\/\/www.heartfailurematters.org\/sv\/aterkoppling\/","og_site_name":"Heart Failure Matters","article_publisher":"https:\/\/www.facebook.com\/heartfailurematters","article_modified_time":"2021-04-13T16:12:41+00:00","twitter_card":"summary_large_image","twitter_misc":{"Ber\u00e4knad l\u00e4stid":"1 minut"},"schema":{"@context":"https:\/\/schema.org","@graph":[{"@type":"WebPage","@id":"https:\/\/www.heartfailurematters.org\/sv\/aterkoppling\/","url":"https:\/\/www.heartfailurematters.org\/sv\/aterkoppling\/","name":"\u00c5terkoppling","isPartOf":{"@id":"https:\/\/www.heartfailurematters.org\/sv\/#website"},"datePublished":"2021-01-27T22:11:50+00:00","dateModified":"2021-04-13T16:12:41+00:00","description":"Du \u00e4r v\u00e4lkommen med \u00e5terkoppling om dina erfarenheter av heartfailurematters.org och vi kommer att anv\u00e4nda dina synpunkter f\u00f6r att f\u00f6rb\u00e4ttra webbplatsen.","breadcrumb":{"@id":"https:\/\/www.heartfailurematters.org\/sv\/aterkoppling\/#breadcrumb"},"inLanguage":"sv-SE","potentialAction":[{"@type":"ReadAction","target":["https:\/\/www.heartfailurematters.org\/sv\/aterkoppling\/"]}]},{"@type":"BreadcrumbList","@id":"https:\/\/www.heartfailurematters.org\/sv\/aterkoppling\/#breadcrumb","itemListElement":[{"@type":"ListItem","position":1,"name":"Hem","item":"https:\/\/www.heartfailurematters.org\/sv\/"},{"@type":"ListItem","position":2,"name":"\u00c5terkoppling"}]},{"@type":"WebSite","@id":"https:\/\/www.heartfailurematters.org\/sv\/#website","url":"https:\/\/www.heartfailurematters.org\/sv\/","name":"Heart Failure Matters","description":"Practical information for patients, families and caregivers.","publisher":{"@id":"https:\/\/www.heartfailurematters.org\/sv\/#organization"},"potentialAction":[{"@type":"SearchAction","target":{"@type":"EntryPoint","urlTemplate":"https:\/\/www.heartfailurematters.org\/sv\/?s={search_term_string}"},"query-input":{"@type":"PropertyValueSpecification","valueRequired":true,"valueName":"search_term_string"}}],"inLanguage":"sv-SE"},{"@type":"Organization","@id":"https:\/\/www.heartfailurematters.org\/sv\/#organization","name":"Heart Failure Matters","url":"https:\/\/www.heartfailurematters.org\/sv\/","logo":{"@type":"ImageObject","inLanguage":"sv-SE","@id":"https:\/\/www.heartfailurematters.org\/sv\/#\/schema\/logo\/image\/","url":"https:\/\/cdn-endpoint-hfm.azureedge.net\/heartfailurematters\/2024\/07\/hfm-logo1.jpg","contentUrl":"https:\/\/cdn-endpoint-hfm.azureedge.net\/heartfailurematters\/2024\/07\/hfm-logo1.jpg","width":1280,"height":720,"caption":"Heart Failure Matters"},"image":{"@id":"https:\/\/www.heartfailurematters.org\/sv\/#\/schema\/logo\/image\/"},"sameAs":["https:\/\/www.facebook.com\/heartfailurematters"]}]}},"_links":{"self":[{"href":"https:\/\/www.heartfailurematters.org\/sv\/wp-json\/wp\/v2\/pages\/2482","targetHints":{"allow":["GET"]}}],"collection":[{"href":"https:\/\/www.heartfailurematters.org\/sv\/wp-json\/wp\/v2\/pages"}],"about":[{"href":"https:\/\/www.heartfailurematters.org\/sv\/wp-json\/wp\/v2\/types\/page"}],"author":[{"embeddable":true,"href":"https:\/\/www.heartfailurematters.org\/sv\/wp-json\/wp\/v2\/users\/1"}],"replies":[{"embeddable":true,"href":"https:\/\/www.heartfailurematters.org\/sv\/wp-json\/wp\/v2\/comments?post=2482"}],"version-history":[{"count":2,"href":"https:\/\/www.heartfailurematters.org\/sv\/wp-json\/wp\/v2\/pages\/2482\/revisions"}],"predecessor-version":[{"id":8623,"href":"https:\/\/www.heartfailurematters.org\/sv\/wp-json\/wp\/v2\/pages\/2482\/revisions\/8623"}],"wp:attachment":[{"href":"https:\/\/www.heartfailurematters.org\/sv\/wp-json\/wp\/v2\/media?parent=2482"}],"wp:term":[{"taxonomy":"category","embeddable":true,"href":"https:\/\/www.heartfailurematters.org\/sv\/wp-json\/wp\/v2\/categories?post=2482"},{"taxonomy":"post_tag","embeddable":true,"href":"https:\/\/www.heartfailurematters.org\/sv\/wp-json\/wp\/v2\/tags?post=2482"}],"curies":[{"name":"wp","href":"https:\/\/api.w.org\/{rel}","templated":true}]}}