{"id":2477,"date":"2021-01-27T22:11:50","date_gmt":"2021-01-27T22:11:50","guid":{"rendered":"http:\/\/heartfailurematters.local:8888\/att-fa-stod\/"},"modified":"2026-02-10T13:33:26","modified_gmt":"2026-02-10T13:33:26","slug":"att-fa-stod","status":"publish","type":"page","link":"https:\/\/www.heartfailurematters.org\/sv\/fraga-din-lakare\/att-fa-stod\/","title":{"rendered":"Att f\u00e5 st\u00f6d"},"content":{"rendered":"<p>Det finns m\u00e5nga olika st\u00f6dk\u00e4llor tillg\u00e4ngliga f\u00f6r personer med hj\u00e4rtsvikt och deras v\u00e5rdgivare. Sjukv\u00e5rdspersonalen k\u00e4nner ofta till olika grupper och program som finns i din kommun och du kan diskutera alternativen med din l\u00e4kare eller sjuksk\u00f6terska. Ytterligare information finns i avsnitten <a href=\"https:\/\/www.heartfailurematters.org\/living-with-heart-failure\/support\/\">Att leva med hj\u00e4rtsvikt<\/a> och <a href=\"https:\/\/www.heartfailurematters.org\/what-your-doctor-can-do\/people-that-may-be-involved-in-your-care\/\">Anh\u00f6riga och personer som kan vara delaktiga i din v\u00e5rd och omsorg<\/a>.<\/p>\n<p><strong>Finns det n\u00e5gra lokala st\u00f6dgrupper som jag kan kontakta och bes\u00f6ka? <\/strong><br \/>\nDin l\u00e4kare kan hj\u00e4lpa dig f\u00e5 kontakt med lokala st\u00f6dgrupper som har regelbundna m\u00f6ten som h\u00e5lls av specialistsjuksk\u00f6terskor och\/eller andra patienter. Under dessa m\u00f6ten kommer du att f\u00e5 l\u00e4ra dig mer om den dagliga sk\u00f6tseln av hj\u00e4rtsvikt och f\u00e5r m\u00f6jlighet att dela dina erfarenheter med andra patienter.<\/p>\n<p><strong>Har jag tillg\u00e5ng till ett program f\u00f6r hj\u00e4rtsvikt p\u00e5 mitt sjukhus?<\/strong><br \/>\nM\u00e5nga sjukhus har ett multidisciplin\u00e4rt program f\u00f6r personer med hj\u00e4rtsvikt som organiseras av sjuksk\u00f6terskor och hj\u00e4rtl\u00e4kare i samarbete med andra relaterade yrkeskategorier, t.ex. allm\u00e4nl\u00e4kare, fysioterapeuter, apotekspersonal, dietister, l\u00e4kare med specialistkunskap i \u00e4ldrev\u00e5rd och socialarbetare. De h\u00e4r programmen riktar sig ofta till m\u00e4nniskor med relativt allvarliga hj\u00e4rtsviktssymtom. Din l\u00e4kare eller sjuksk\u00f6terska kommer att kunna ber\u00e4tta om det finns ett s\u00e5dant program och om det \u00e4r l\u00e4mpligt f\u00f6r dig.<\/p>\n","protected":false},"excerpt":{"rendered":"<p>Det finns m\u00e5nga olika st\u00f6dk\u00e4llor tillg\u00e4ngliga f\u00f6r personer med hj\u00e4rtsvikt och deras v\u00e5rdgivare. Sjukv\u00e5rdspersonalen k\u00e4nner ofta till olika grupper och program som finns i din kommun och du kan diskutera alternativen med din l\u00e4kare eller sjuksk\u00f6terska. Ytterligare information finns i avsnitten Att leva med hj\u00e4rtsvikt och Anh\u00f6riga och personer som kan vara delaktiga i din [&hellip;]<\/p>\n","protected":false},"author":1,"featured_media":11079,"parent":2767,"menu_order":10,"comment_status":"open","ping_status":"closed","template":"","meta":{"_acf_changed":false,"footnotes":""},"categories":[70],"tags":[],"class_list":["post-2477","page","type-page","status-publish","has-post-thumbnail","hentry","category-ask-your-doctor-sv"],"acf":[],"yoast_head":"<!-- This site is optimized with the Yoast SEO plugin v24.8.1 - https:\/\/yoast.com\/wordpress\/plugins\/seo\/ -->\n<title>Att s\u00f6ka och f\u00e5 st\u00f6d vid hj\u00e4rtsvikt<\/title>\n<meta name=\"description\" content=\"Det finns m\u00e5nga olika st\u00f6dk\u00e4llor tillg\u00e4ngliga f\u00f6r personer med hj\u00e4rtsvikt och deras v\u00e5rdgivare. Ta reda p\u00e5 mer nu\" \/>\n<meta name=\"robots\" content=\"index, follow, max-snippet:-1, max-image-preview:large, max-video-preview:-1\" \/>\n<link rel=\"canonical\" href=\"https:\/\/www.heartfailurematters.org\/sv\/fraga-din-lakare\/att-fa-stod\/\" \/>\n<meta property=\"og:locale\" content=\"sv_SE\" \/>\n<meta property=\"og:type\" content=\"article\" \/>\n<meta property=\"og:title\" content=\"Att s\u00f6ka och f\u00e5 st\u00f6d vid hj\u00e4rtsvikt\" \/>\n<meta property=\"og:description\" content=\"Det finns m\u00e5nga olika st\u00f6dk\u00e4llor tillg\u00e4ngliga f\u00f6r personer med hj\u00e4rtsvikt och deras v\u00e5rdgivare. Ta reda p\u00e5 mer nu\" \/>\n<meta property=\"og:url\" content=\"https:\/\/www.heartfailurematters.org\/sv\/fraga-din-lakare\/att-fa-stod\/\" \/>\n<meta property=\"og:site_name\" content=\"Heart Failure Matters\" \/>\n<meta property=\"article:publisher\" content=\"https:\/\/www.facebook.com\/heartfailurematters\" \/>\n<meta property=\"article:modified_time\" content=\"2026-02-10T13:33:26+00:00\" \/>\n<meta property=\"og:image\" content=\"https:\/\/www.heartfailurematters.org\/wp-content\/uploads\/2022\/03\/shutterstock_1379588399-1-min.jpg\" \/>\n\t<meta property=\"og:image:width\" content=\"900\" \/>\n\t<meta property=\"og:image:height\" content=\"600\" \/>\n\t<meta property=\"og:image:type\" content=\"image\/jpeg\" \/>\n<meta name=\"twitter:card\" content=\"summary_large_image\" \/>\n<meta name=\"twitter:label1\" content=\"Ber\u00e4knad l\u00e4stid\" \/>\n\t<meta name=\"twitter:data1\" content=\"1 minut\" \/>\n<script type=\"application\/ld+json\" class=\"yoast-schema-graph\">{\"@context\":\"https:\/\/schema.org\",\"@graph\":[{\"@type\":\"WebPage\",\"@id\":\"https:\/\/www.heartfailurematters.org\/sv\/fraga-din-lakare\/att-fa-stod\/\",\"url\":\"https:\/\/www.heartfailurematters.org\/sv\/fraga-din-lakare\/att-fa-stod\/\",\"name\":\"Att s\u00f6ka och f\u00e5 st\u00f6d vid hj\u00e4rtsvikt\",\"isPartOf\":{\"@id\":\"https:\/\/www.heartfailurematters.org\/sv\/#website\"},\"primaryImageOfPage\":{\"@id\":\"https:\/\/www.heartfailurematters.org\/sv\/fraga-din-lakare\/att-fa-stod\/#primaryimage\"},\"image\":{\"@id\":\"https:\/\/www.heartfailurematters.org\/sv\/fraga-din-lakare\/att-fa-stod\/#primaryimage\"},\"thumbnailUrl\":\"https:\/\/www.heartfailurematters.org\/wp-content\/uploads\/2022\/03\/shutterstock_1379588399-1-min.jpg\",\"datePublished\":\"2021-01-27T22:11:50+00:00\",\"dateModified\":\"2026-02-10T13:33:26+00:00\",\"description\":\"Det finns m\u00e5nga olika st\u00f6dk\u00e4llor tillg\u00e4ngliga f\u00f6r personer med hj\u00e4rtsvikt och deras v\u00e5rdgivare. Ta reda p\u00e5 mer nu\",\"breadcrumb\":{\"@id\":\"https:\/\/www.heartfailurematters.org\/sv\/fraga-din-lakare\/att-fa-stod\/#breadcrumb\"},\"inLanguage\":\"sv-SE\",\"potentialAction\":[{\"@type\":\"ReadAction\",\"target\":[\"https:\/\/www.heartfailurematters.org\/sv\/fraga-din-lakare\/att-fa-stod\/\"]}]},{\"@type\":\"ImageObject\",\"inLanguage\":\"sv-SE\",\"@id\":\"https:\/\/www.heartfailurematters.org\/sv\/fraga-din-lakare\/att-fa-stod\/#primaryimage\",\"url\":\"https:\/\/www.heartfailurematters.org\/wp-content\/uploads\/2022\/03\/shutterstock_1379588399-1-min.jpg\",\"contentUrl\":\"https:\/\/www.heartfailurematters.org\/wp-content\/uploads\/2022\/03\/shutterstock_1379588399-1-min.jpg\",\"width\":900,\"height\":600},{\"@type\":\"BreadcrumbList\",\"@id\":\"https:\/\/www.heartfailurematters.org\/sv\/fraga-din-lakare\/att-fa-stod\/#breadcrumb\",\"itemListElement\":[{\"@type\":\"ListItem\",\"position\":1,\"name\":\"Hem\",\"item\":\"https:\/\/www.heartfailurematters.org\/sv\/\"},{\"@type\":\"ListItem\",\"position\":2,\"name\":\"Fr\u00e5ga din l\u00e4kare\",\"item\":\"https:\/\/www.heartfailurematters.org\/sv\/fraga-din-lakare\/\"},{\"@type\":\"ListItem\",\"position\":3,\"name\":\"Att f\u00e5 st\u00f6d\"}]},{\"@type\":\"WebSite\",\"@id\":\"https:\/\/www.heartfailurematters.org\/sv\/#website\",\"url\":\"https:\/\/www.heartfailurematters.org\/sv\/\",\"name\":\"Heart Failure Matters\",\"description\":\"Practical information for patients, families and caregivers.\",\"publisher\":{\"@id\":\"https:\/\/www.heartfailurematters.org\/sv\/#organization\"},\"potentialAction\":[{\"@type\":\"SearchAction\",\"target\":{\"@type\":\"EntryPoint\",\"urlTemplate\":\"https:\/\/www.heartfailurematters.org\/sv\/?s={search_term_string}\"},\"query-input\":{\"@type\":\"PropertyValueSpecification\",\"valueRequired\":true,\"valueName\":\"search_term_string\"}}],\"inLanguage\":\"sv-SE\"},{\"@type\":\"Organization\",\"@id\":\"https:\/\/www.heartfailurematters.org\/sv\/#organization\",\"name\":\"Heart Failure Matters\",\"url\":\"https:\/\/www.heartfailurematters.org\/sv\/\",\"logo\":{\"@type\":\"ImageObject\",\"inLanguage\":\"sv-SE\",\"@id\":\"https:\/\/www.heartfailurematters.org\/sv\/#\/schema\/logo\/image\/\",\"url\":\"https:\/\/cdn-endpoint-hfm.azureedge.net\/heartfailurematters\/2024\/07\/hfm-logo1.jpg\",\"contentUrl\":\"https:\/\/cdn-endpoint-hfm.azureedge.net\/heartfailurematters\/2024\/07\/hfm-logo1.jpg\",\"width\":1280,\"height\":720,\"caption\":\"Heart Failure Matters\"},\"image\":{\"@id\":\"https:\/\/www.heartfailurematters.org\/sv\/#\/schema\/logo\/image\/\"},\"sameAs\":[\"https:\/\/www.facebook.com\/heartfailurematters\"]}]}<\/script>\n<!-- \/ Yoast SEO plugin. -->","yoast_head_json":{"title":"Att s\u00f6ka och f\u00e5 st\u00f6d vid hj\u00e4rtsvikt","description":"Det finns m\u00e5nga olika st\u00f6dk\u00e4llor tillg\u00e4ngliga f\u00f6r personer med hj\u00e4rtsvikt och deras v\u00e5rdgivare. Ta reda p\u00e5 mer nu","robots":{"index":"index","follow":"follow","max-snippet":"max-snippet:-1","max-image-preview":"max-image-preview:large","max-video-preview":"max-video-preview:-1"},"canonical":"https:\/\/www.heartfailurematters.org\/sv\/fraga-din-lakare\/att-fa-stod\/","og_locale":"sv_SE","og_type":"article","og_title":"Att s\u00f6ka och f\u00e5 st\u00f6d vid hj\u00e4rtsvikt","og_description":"Det finns m\u00e5nga olika st\u00f6dk\u00e4llor tillg\u00e4ngliga f\u00f6r personer med hj\u00e4rtsvikt och deras v\u00e5rdgivare. Ta reda p\u00e5 mer nu","og_url":"https:\/\/www.heartfailurematters.org\/sv\/fraga-din-lakare\/att-fa-stod\/","og_site_name":"Heart Failure Matters","article_publisher":"https:\/\/www.facebook.com\/heartfailurematters","article_modified_time":"2026-02-10T13:33:26+00:00","og_image":[{"width":900,"height":600,"url":"https:\/\/www.heartfailurematters.org\/wp-content\/uploads\/2022\/03\/shutterstock_1379588399-1-min.jpg","type":"image\/jpeg"}],"twitter_card":"summary_large_image","twitter_misc":{"Ber\u00e4knad l\u00e4stid":"1 minut"},"schema":{"@context":"https:\/\/schema.org","@graph":[{"@type":"WebPage","@id":"https:\/\/www.heartfailurematters.org\/sv\/fraga-din-lakare\/att-fa-stod\/","url":"https:\/\/www.heartfailurematters.org\/sv\/fraga-din-lakare\/att-fa-stod\/","name":"Att s\u00f6ka och f\u00e5 st\u00f6d vid hj\u00e4rtsvikt","isPartOf":{"@id":"https:\/\/www.heartfailurematters.org\/sv\/#website"},"primaryImageOfPage":{"@id":"https:\/\/www.heartfailurematters.org\/sv\/fraga-din-lakare\/att-fa-stod\/#primaryimage"},"image":{"@id":"https:\/\/www.heartfailurematters.org\/sv\/fraga-din-lakare\/att-fa-stod\/#primaryimage"},"thumbnailUrl":"https:\/\/www.heartfailurematters.org\/wp-content\/uploads\/2022\/03\/shutterstock_1379588399-1-min.jpg","datePublished":"2021-01-27T22:11:50+00:00","dateModified":"2026-02-10T13:33:26+00:00","description":"Det finns m\u00e5nga olika st\u00f6dk\u00e4llor tillg\u00e4ngliga f\u00f6r personer med hj\u00e4rtsvikt och deras v\u00e5rdgivare. Ta reda p\u00e5 mer nu","breadcrumb":{"@id":"https:\/\/www.heartfailurematters.org\/sv\/fraga-din-lakare\/att-fa-stod\/#breadcrumb"},"inLanguage":"sv-SE","potentialAction":[{"@type":"ReadAction","target":["https:\/\/www.heartfailurematters.org\/sv\/fraga-din-lakare\/att-fa-stod\/"]}]},{"@type":"ImageObject","inLanguage":"sv-SE","@id":"https:\/\/www.heartfailurematters.org\/sv\/fraga-din-lakare\/att-fa-stod\/#primaryimage","url":"https:\/\/www.heartfailurematters.org\/wp-content\/uploads\/2022\/03\/shutterstock_1379588399-1-min.jpg","contentUrl":"https:\/\/www.heartfailurematters.org\/wp-content\/uploads\/2022\/03\/shutterstock_1379588399-1-min.jpg","width":900,"height":600},{"@type":"BreadcrumbList","@id":"https:\/\/www.heartfailurematters.org\/sv\/fraga-din-lakare\/att-fa-stod\/#breadcrumb","itemListElement":[{"@type":"ListItem","position":1,"name":"Hem","item":"https:\/\/www.heartfailurematters.org\/sv\/"},{"@type":"ListItem","position":2,"name":"Fr\u00e5ga din l\u00e4kare","item":"https:\/\/www.heartfailurematters.org\/sv\/fraga-din-lakare\/"},{"@type":"ListItem","position":3,"name":"Att f\u00e5 st\u00f6d"}]},{"@type":"WebSite","@id":"https:\/\/www.heartfailurematters.org\/sv\/#website","url":"https:\/\/www.heartfailurematters.org\/sv\/","name":"Heart Failure Matters","description":"Practical information for patients, families and caregivers.","publisher":{"@id":"https:\/\/www.heartfailurematters.org\/sv\/#organization"},"potentialAction":[{"@type":"SearchAction","target":{"@type":"EntryPoint","urlTemplate":"https:\/\/www.heartfailurematters.org\/sv\/?s={search_term_string}"},"query-input":{"@type":"PropertyValueSpecification","valueRequired":true,"valueName":"search_term_string"}}],"inLanguage":"sv-SE"},{"@type":"Organization","@id":"https:\/\/www.heartfailurematters.org\/sv\/#organization","name":"Heart Failure Matters","url":"https:\/\/www.heartfailurematters.org\/sv\/","logo":{"@type":"ImageObject","inLanguage":"sv-SE","@id":"https:\/\/www.heartfailurematters.org\/sv\/#\/schema\/logo\/image\/","url":"https:\/\/cdn-endpoint-hfm.azureedge.net\/heartfailurematters\/2024\/07\/hfm-logo1.jpg","contentUrl":"https:\/\/cdn-endpoint-hfm.azureedge.net\/heartfailurematters\/2024\/07\/hfm-logo1.jpg","width":1280,"height":720,"caption":"Heart Failure Matters"},"image":{"@id":"https:\/\/www.heartfailurematters.org\/sv\/#\/schema\/logo\/image\/"},"sameAs":["https:\/\/www.facebook.com\/heartfailurematters"]}]}},"_links":{"self":[{"href":"https:\/\/www.heartfailurematters.org\/sv\/wp-json\/wp\/v2\/pages\/2477","targetHints":{"allow":["GET"]}}],"collection":[{"href":"https:\/\/www.heartfailurematters.org\/sv\/wp-json\/wp\/v2\/pages"}],"about":[{"href":"https:\/\/www.heartfailurematters.org\/sv\/wp-json\/wp\/v2\/types\/page"}],"author":[{"embeddable":true,"href":"https:\/\/www.heartfailurematters.org\/sv\/wp-json\/wp\/v2\/users\/1"}],"replies":[{"embeddable":true,"href":"https:\/\/www.heartfailurematters.org\/sv\/wp-json\/wp\/v2\/comments?post=2477"}],"version-history":[{"count":2,"href":"https:\/\/www.heartfailurematters.org\/sv\/wp-json\/wp\/v2\/pages\/2477\/revisions"}],"predecessor-version":[{"id":13985,"href":"https:\/\/www.heartfailurematters.org\/sv\/wp-json\/wp\/v2\/pages\/2477\/revisions\/13985"}],"up":[{"embeddable":true,"href":"https:\/\/www.heartfailurematters.org\/sv\/wp-json\/wp\/v2\/pages\/2767"}],"wp:featuredmedia":[{"embeddable":true,"href":"https:\/\/www.heartfailurematters.org\/sv\/wp-json\/wp\/v2\/media\/11079"}],"wp:attachment":[{"href":"https:\/\/www.heartfailurematters.org\/sv\/wp-json\/wp\/v2\/media?parent=2477"}],"wp:term":[{"taxonomy":"category","embeddable":true,"href":"https:\/\/www.heartfailurematters.org\/sv\/wp-json\/wp\/v2\/categories?post=2477"},{"taxonomy":"post_tag","embeddable":true,"href":"https:\/\/www.heartfailurematters.org\/sv\/wp-json\/wp\/v2\/tags?post=2477"}],"curies":[{"name":"wp","href":"https:\/\/api.w.org\/{rel}","templated":true}]}}