{"id":2475,"date":"2021-01-27T22:11:50","date_gmt":"2021-01-27T22:11:50","guid":{"rendered":"http:\/\/heartfailurematters.local:8888\/flygresor\/"},"modified":"2022-01-19T15:10:34","modified_gmt":"2022-01-19T15:10:34","slug":"flygresor","status":"publish","type":"page","link":"https:\/\/www.heartfailurematters.org\/sv\/att-leva-med-hjartsvikt\/flygresor\/","title":{"rendered":"Flygresor"},"content":{"rendered":"<p>Flygresor \u00e4r vanligtvis inte n\u00e5got problem f\u00f6r m\u00e4nniskor med hj\u00e4rtsvikt, trots att syrehalten \u00e4r n\u00e5got l\u00e4gre \u2013 \u00e4ven i tryckkabiner i flygplan. Men vissa m\u00e4nniskor beh\u00f6ver ibland extra syrgas under flygningen. Om din hj\u00e4rtsvikt \u00e4r v\u00e4l kontrollerad och stabil, b\u00f6r du i allm\u00e4nhet inte ha n\u00e5gra sv\u00e5righeter med svaga minskningar i syreniv\u00e5erna i ett plan, under f\u00f6ruts\u00e4ttning att dina symtom \u00e4r stabila innan du reser. Om du har nya eller f\u00f6rv\u00e4rrade symtom, s\u00e5som \u00f6kad andf\u00e5ddhet eller vikt\u00f6kning nyligen, b\u00f6r du diskutera dina resplaner med din l\u00e4kare. I vissa s\u00e4llsynta fall kan din l\u00e4kare rekommendera extra syrgas f\u00f6r din flygresa, s\u00e5 se till att du kontaktar flygbolaget du flyger med f\u00f6re din resa s\u00e5 du kan kontrollera deras policy f\u00f6r anv\u00e4ndning av extra syrgas och vidta l\u00e4mpliga \u00e5tg\u00e4rder.<\/p>\n<p>Om du har en <a class=\"addtooltip\" title=\"&lt;div id='ToolTipTextWrap'&gt;Pacemaker&lt;\/div&gt;&lt;p&gt; En liten enhet som opereras in under nyckelbenet som \u00f6vervakar hj\u00e4rtfrekvensen och, n\u00e4r det beh\u00f6vs, stimulerar hj\u00e4rtmuskeln att dra ihop sig med hj\u00e4lp av elektriska impulser.&lt;\/p&gt;\"><strong>pacemaker<\/strong><\/a>, <a class=\"addtooltip\" title=\"&lt;div id='ToolTipTextWrap'&gt;Hj\u00e4rtresynkroniseringsbehandling (hj\u00e4rtsviktspacemaker s.k. CRT)&lt;\/div&gt;&lt;p&gt; En typ av pacemaker som hj\u00e4lper hj\u00e4rtat att uppr\u00e4tth\u00e5lla en h\u00e4lsosam rytm och f\u00f6rb\u00e4ttrar koordinationen av sammandragningen av hj\u00e4rtats v\u00e4nstra kammare.&lt;\/p&gt;\"><strong>CRT<\/strong><\/a>,\u00a0<a class=\"addtooltip\" title=\"En liten apparat som \u00e4r monterad under nyckelbenet som \u00f6vervakar hj\u00e4rtrytmen och behandlar onormal hj\u00e4rtrytm med hj\u00e4lp av elektriska impulser.\" href=\"https:\/\/www.heartfailurematters.org\/sv\/att-leva-med-hjartsvikt\/flygresor\/\"><strong title=\"\">ICD<\/strong><\/a> inplanterad, kommer detta troligen att uppt\u00e4ckas i s\u00e4kerhetskontrollen. Du b\u00f6r meddela s\u00e4kerhetspersonalen i f\u00f6rv\u00e4g. S\u00e4kerhetskontroll och flygresor kommer inte att st\u00f6ra funktionen hos apparaten. I pacemaker anv\u00e4nds standardteknik, s\u00e5 du kommer att kunna f\u00e5 din pacemaker kontrollerad i de flesta delar av v\u00e4rlden om det skulle beh\u00f6vas.<\/p>\n<p>Att sitta stilla under l\u00e5nga perioder i hoptr\u00e4ngda st\u00e4llningar i flygplan leder ofta till svullna vrister och ibland muskelkramper. Det kan hj\u00e4lpa med regelbunden stretching, att r\u00f6ra p\u00e5 kroppen, och att g\u00e5 runt i kabinen och n\u00e4r man v\u00e4ntar p\u00e5 flygplatser. F\u00f6rs\u00f6k att undvika alkohol och drick tillr\u00e4ckligt med vatten. I vissa fall kan din l\u00e4kare rekommendera att du anv\u00e4nder st\u00f6dstrumpor under flygningen f\u00f6r att f\u00f6rebygga blodproppar.<\/p>\n<p><a title=\"\" href=\"https:\/\/www.heartfailurematters.org\/sv\/att-leva-med-hjartsvikt\/resor\/\">\u00c5terg\u00e5 till &#8221;Att resa&#8221;<\/a><\/p>\n","protected":false},"excerpt":{"rendered":"<p>Flygresor \u00e4r vanligtvis inte n\u00e5got problem f\u00f6r m\u00e4nniskor med hj\u00e4rtsvikt, trots att syrehalten \u00e4r n\u00e5got l\u00e4gre \u2013 \u00e4ven i tryckkabiner i flygplan. Men vissa m\u00e4nniskor beh\u00f6ver ibland extra syrgas under flygningen. Om din hj\u00e4rtsvikt \u00e4r v\u00e4l kontrollerad och stabil, b\u00f6r du i allm\u00e4nhet inte ha n\u00e5gra sv\u00e5righeter med svaga minskningar i syreniv\u00e5erna i ett plan, [&hellip;]<\/p>\n","protected":false},"author":1,"featured_media":11104,"parent":2818,"menu_order":0,"comment_status":"open","ping_status":"open","template":"","meta":{"_acf_changed":false,"footnotes":""},"categories":[],"tags":[],"class_list":["post-2475","page","type-page","status-publish","has-post-thumbnail","hentry"],"acf":[],"yoast_head":"<!-- This site is optimized with the Yoast SEO plugin v24.8.1 - https:\/\/yoast.com\/wordpress\/plugins\/seo\/ -->\n<title>Att flyga med hj\u00e4rtsvikt<\/title>\n<meta name=\"description\" content=\"Om din hj\u00e4rtsvikt \u00e4r v\u00e4l kontrollerad och stabil b\u00f6r du i allm\u00e4nhet inte ha n\u00e5gra sv\u00e5righeter med svaga minskningar i syreniv\u00e5er i ett flygplan, under f\u00f6ruts\u00e4ttning att dina symtom \u00e4r stabila innan du reser.\" \/>\n<meta name=\"robots\" content=\"index, follow, max-snippet:-1, max-image-preview:large, max-video-preview:-1\" \/>\n<link rel=\"canonical\" href=\"https:\/\/www.heartfailurematters.org\/sv\/att-leva-med-hjartsvikt\/flygresor\/\" \/>\n<meta property=\"og:locale\" content=\"sv_SE\" \/>\n<meta property=\"og:type\" content=\"article\" \/>\n<meta property=\"og:title\" content=\"Att flyga med hj\u00e4rtsvikt\" \/>\n<meta property=\"og:description\" content=\"Om din hj\u00e4rtsvikt \u00e4r v\u00e4l kontrollerad och stabil b\u00f6r du i allm\u00e4nhet inte ha n\u00e5gra sv\u00e5righeter med svaga minskningar i syreniv\u00e5er i ett flygplan, under f\u00f6ruts\u00e4ttning att dina symtom \u00e4r stabila innan du reser.\" \/>\n<meta property=\"og:url\" content=\"https:\/\/www.heartfailurematters.org\/sv\/att-leva-med-hjartsvikt\/flygresor\/\" \/>\n<meta property=\"og:site_name\" content=\"Heart Failure Matters\" \/>\n<meta property=\"article:publisher\" content=\"https:\/\/www.facebook.com\/heartfailurematters\" \/>\n<meta property=\"article:modified_time\" content=\"2022-01-19T15:10:34+00:00\" \/>\n<meta property=\"og:image\" content=\"https:\/\/www.heartfailurematters.org\/wp-content\/uploads\/2022\/03\/shutterstock_1936631263-1-min.jpg\" \/>\n\t<meta property=\"og:image:width\" content=\"900\" \/>\n\t<meta property=\"og:image:height\" content=\"604\" \/>\n\t<meta property=\"og:image:type\" content=\"image\/jpeg\" \/>\n<meta name=\"twitter:card\" content=\"summary_large_image\" \/>\n<meta name=\"twitter:label1\" content=\"Ber\u00e4knad l\u00e4stid\" \/>\n\t<meta name=\"twitter:data1\" content=\"2 minuter\" \/>\n<script type=\"application\/ld+json\" class=\"yoast-schema-graph\">{\"@context\":\"https:\/\/schema.org\",\"@graph\":[{\"@type\":\"WebPage\",\"@id\":\"https:\/\/www.heartfailurematters.org\/sv\/att-leva-med-hjartsvikt\/flygresor\/\",\"url\":\"https:\/\/www.heartfailurematters.org\/sv\/att-leva-med-hjartsvikt\/flygresor\/\",\"name\":\"Att flyga med hj\u00e4rtsvikt\",\"isPartOf\":{\"@id\":\"https:\/\/www.heartfailurematters.org\/sv\/#website\"},\"primaryImageOfPage\":{\"@id\":\"https:\/\/www.heartfailurematters.org\/sv\/att-leva-med-hjartsvikt\/flygresor\/#primaryimage\"},\"image\":{\"@id\":\"https:\/\/www.heartfailurematters.org\/sv\/att-leva-med-hjartsvikt\/flygresor\/#primaryimage\"},\"thumbnailUrl\":\"https:\/\/www.heartfailurematters.org\/wp-content\/uploads\/2022\/03\/shutterstock_1936631263-1-min.jpg\",\"datePublished\":\"2021-01-27T22:11:50+00:00\",\"dateModified\":\"2022-01-19T15:10:34+00:00\",\"description\":\"Om din hj\u00e4rtsvikt \u00e4r v\u00e4l kontrollerad och stabil b\u00f6r du i allm\u00e4nhet inte ha n\u00e5gra sv\u00e5righeter med svaga minskningar i syreniv\u00e5er i ett flygplan, under f\u00f6ruts\u00e4ttning att dina symtom \u00e4r stabila innan du reser.\",\"breadcrumb\":{\"@id\":\"https:\/\/www.heartfailurematters.org\/sv\/att-leva-med-hjartsvikt\/flygresor\/#breadcrumb\"},\"inLanguage\":\"sv-SE\",\"potentialAction\":[{\"@type\":\"ReadAction\",\"target\":[\"https:\/\/www.heartfailurematters.org\/sv\/att-leva-med-hjartsvikt\/flygresor\/\"]}]},{\"@type\":\"ImageObject\",\"inLanguage\":\"sv-SE\",\"@id\":\"https:\/\/www.heartfailurematters.org\/sv\/att-leva-med-hjartsvikt\/flygresor\/#primaryimage\",\"url\":\"https:\/\/www.heartfailurematters.org\/wp-content\/uploads\/2022\/03\/shutterstock_1936631263-1-min.jpg\",\"contentUrl\":\"https:\/\/www.heartfailurematters.org\/wp-content\/uploads\/2022\/03\/shutterstock_1936631263-1-min.jpg\",\"width\":900,\"height\":604},{\"@type\":\"BreadcrumbList\",\"@id\":\"https:\/\/www.heartfailurematters.org\/sv\/att-leva-med-hjartsvikt\/flygresor\/#breadcrumb\",\"itemListElement\":[{\"@type\":\"ListItem\",\"position\":1,\"name\":\"Hem\",\"item\":\"https:\/\/www.heartfailurematters.org\/sv\/\"},{\"@type\":\"ListItem\",\"position\":2,\"name\":\"Att leva med hj\u00e4rtsvikt\",\"item\":\"https:\/\/www.heartfailurematters.org\/sv\/att-leva-med-hjartsvikt\/\"},{\"@type\":\"ListItem\",\"position\":3,\"name\":\"Flygresor\"}]},{\"@type\":\"WebSite\",\"@id\":\"https:\/\/www.heartfailurematters.org\/sv\/#website\",\"url\":\"https:\/\/www.heartfailurematters.org\/sv\/\",\"name\":\"Heart Failure Matters\",\"description\":\"Practical information for patients, families and caregivers.\",\"publisher\":{\"@id\":\"https:\/\/www.heartfailurematters.org\/sv\/#organization\"},\"potentialAction\":[{\"@type\":\"SearchAction\",\"target\":{\"@type\":\"EntryPoint\",\"urlTemplate\":\"https:\/\/www.heartfailurematters.org\/sv\/?s={search_term_string}\"},\"query-input\":{\"@type\":\"PropertyValueSpecification\",\"valueRequired\":true,\"valueName\":\"search_term_string\"}}],\"inLanguage\":\"sv-SE\"},{\"@type\":\"Organization\",\"@id\":\"https:\/\/www.heartfailurematters.org\/sv\/#organization\",\"name\":\"Heart Failure Matters\",\"url\":\"https:\/\/www.heartfailurematters.org\/sv\/\",\"logo\":{\"@type\":\"ImageObject\",\"inLanguage\":\"sv-SE\",\"@id\":\"https:\/\/www.heartfailurematters.org\/sv\/#\/schema\/logo\/image\/\",\"url\":\"https:\/\/cdn-endpoint-hfm.azureedge.net\/heartfailurematters\/2024\/07\/hfm-logo1.jpg\",\"contentUrl\":\"https:\/\/cdn-endpoint-hfm.azureedge.net\/heartfailurematters\/2024\/07\/hfm-logo1.jpg\",\"width\":1280,\"height\":720,\"caption\":\"Heart Failure Matters\"},\"image\":{\"@id\":\"https:\/\/www.heartfailurematters.org\/sv\/#\/schema\/logo\/image\/\"},\"sameAs\":[\"https:\/\/www.facebook.com\/heartfailurematters\"]}]}<\/script>\n<!-- \/ Yoast SEO plugin. -->","yoast_head_json":{"title":"Att flyga med hj\u00e4rtsvikt","description":"Om din hj\u00e4rtsvikt \u00e4r v\u00e4l kontrollerad och stabil b\u00f6r du i allm\u00e4nhet inte ha n\u00e5gra sv\u00e5righeter med svaga minskningar i syreniv\u00e5er i ett flygplan, under f\u00f6ruts\u00e4ttning att dina symtom \u00e4r stabila innan du reser.","robots":{"index":"index","follow":"follow","max-snippet":"max-snippet:-1","max-image-preview":"max-image-preview:large","max-video-preview":"max-video-preview:-1"},"canonical":"https:\/\/www.heartfailurematters.org\/sv\/att-leva-med-hjartsvikt\/flygresor\/","og_locale":"sv_SE","og_type":"article","og_title":"Att flyga med hj\u00e4rtsvikt","og_description":"Om din hj\u00e4rtsvikt \u00e4r v\u00e4l kontrollerad och stabil b\u00f6r du i allm\u00e4nhet inte ha n\u00e5gra sv\u00e5righeter med svaga minskningar i syreniv\u00e5er i ett flygplan, under f\u00f6ruts\u00e4ttning att dina symtom \u00e4r stabila innan du reser.","og_url":"https:\/\/www.heartfailurematters.org\/sv\/att-leva-med-hjartsvikt\/flygresor\/","og_site_name":"Heart Failure Matters","article_publisher":"https:\/\/www.facebook.com\/heartfailurematters","article_modified_time":"2022-01-19T15:10:34+00:00","og_image":[{"width":900,"height":604,"url":"https:\/\/www.heartfailurematters.org\/wp-content\/uploads\/2022\/03\/shutterstock_1936631263-1-min.jpg","type":"image\/jpeg"}],"twitter_card":"summary_large_image","twitter_misc":{"Ber\u00e4knad l\u00e4stid":"2 minuter"},"schema":{"@context":"https:\/\/schema.org","@graph":[{"@type":"WebPage","@id":"https:\/\/www.heartfailurematters.org\/sv\/att-leva-med-hjartsvikt\/flygresor\/","url":"https:\/\/www.heartfailurematters.org\/sv\/att-leva-med-hjartsvikt\/flygresor\/","name":"Att flyga med hj\u00e4rtsvikt","isPartOf":{"@id":"https:\/\/www.heartfailurematters.org\/sv\/#website"},"primaryImageOfPage":{"@id":"https:\/\/www.heartfailurematters.org\/sv\/att-leva-med-hjartsvikt\/flygresor\/#primaryimage"},"image":{"@id":"https:\/\/www.heartfailurematters.org\/sv\/att-leva-med-hjartsvikt\/flygresor\/#primaryimage"},"thumbnailUrl":"https:\/\/www.heartfailurematters.org\/wp-content\/uploads\/2022\/03\/shutterstock_1936631263-1-min.jpg","datePublished":"2021-01-27T22:11:50+00:00","dateModified":"2022-01-19T15:10:34+00:00","description":"Om din hj\u00e4rtsvikt \u00e4r v\u00e4l kontrollerad och stabil b\u00f6r du i allm\u00e4nhet inte ha n\u00e5gra sv\u00e5righeter med svaga minskningar i syreniv\u00e5er i ett flygplan, under f\u00f6ruts\u00e4ttning att dina symtom \u00e4r stabila innan du reser.","breadcrumb":{"@id":"https:\/\/www.heartfailurematters.org\/sv\/att-leva-med-hjartsvikt\/flygresor\/#breadcrumb"},"inLanguage":"sv-SE","potentialAction":[{"@type":"ReadAction","target":["https:\/\/www.heartfailurematters.org\/sv\/att-leva-med-hjartsvikt\/flygresor\/"]}]},{"@type":"ImageObject","inLanguage":"sv-SE","@id":"https:\/\/www.heartfailurematters.org\/sv\/att-leva-med-hjartsvikt\/flygresor\/#primaryimage","url":"https:\/\/www.heartfailurematters.org\/wp-content\/uploads\/2022\/03\/shutterstock_1936631263-1-min.jpg","contentUrl":"https:\/\/www.heartfailurematters.org\/wp-content\/uploads\/2022\/03\/shutterstock_1936631263-1-min.jpg","width":900,"height":604},{"@type":"BreadcrumbList","@id":"https:\/\/www.heartfailurematters.org\/sv\/att-leva-med-hjartsvikt\/flygresor\/#breadcrumb","itemListElement":[{"@type":"ListItem","position":1,"name":"Hem","item":"https:\/\/www.heartfailurematters.org\/sv\/"},{"@type":"ListItem","position":2,"name":"Att leva med hj\u00e4rtsvikt","item":"https:\/\/www.heartfailurematters.org\/sv\/att-leva-med-hjartsvikt\/"},{"@type":"ListItem","position":3,"name":"Flygresor"}]},{"@type":"WebSite","@id":"https:\/\/www.heartfailurematters.org\/sv\/#website","url":"https:\/\/www.heartfailurematters.org\/sv\/","name":"Heart Failure Matters","description":"Practical information for patients, families and caregivers.","publisher":{"@id":"https:\/\/www.heartfailurematters.org\/sv\/#organization"},"potentialAction":[{"@type":"SearchAction","target":{"@type":"EntryPoint","urlTemplate":"https:\/\/www.heartfailurematters.org\/sv\/?s={search_term_string}"},"query-input":{"@type":"PropertyValueSpecification","valueRequired":true,"valueName":"search_term_string"}}],"inLanguage":"sv-SE"},{"@type":"Organization","@id":"https:\/\/www.heartfailurematters.org\/sv\/#organization","name":"Heart Failure Matters","url":"https:\/\/www.heartfailurematters.org\/sv\/","logo":{"@type":"ImageObject","inLanguage":"sv-SE","@id":"https:\/\/www.heartfailurematters.org\/sv\/#\/schema\/logo\/image\/","url":"https:\/\/cdn-endpoint-hfm.azureedge.net\/heartfailurematters\/2024\/07\/hfm-logo1.jpg","contentUrl":"https:\/\/cdn-endpoint-hfm.azureedge.net\/heartfailurematters\/2024\/07\/hfm-logo1.jpg","width":1280,"height":720,"caption":"Heart Failure Matters"},"image":{"@id":"https:\/\/www.heartfailurematters.org\/sv\/#\/schema\/logo\/image\/"},"sameAs":["https:\/\/www.facebook.com\/heartfailurematters"]}]}},"_links":{"self":[{"href":"https:\/\/www.heartfailurematters.org\/sv\/wp-json\/wp\/v2\/pages\/2475","targetHints":{"allow":["GET"]}}],"collection":[{"href":"https:\/\/www.heartfailurematters.org\/sv\/wp-json\/wp\/v2\/pages"}],"about":[{"href":"https:\/\/www.heartfailurematters.org\/sv\/wp-json\/wp\/v2\/types\/page"}],"author":[{"embeddable":true,"href":"https:\/\/www.heartfailurematters.org\/sv\/wp-json\/wp\/v2\/users\/1"}],"replies":[{"embeddable":true,"href":"https:\/\/www.heartfailurematters.org\/sv\/wp-json\/wp\/v2\/comments?post=2475"}],"version-history":[{"count":1,"href":"https:\/\/www.heartfailurematters.org\/sv\/wp-json\/wp\/v2\/pages\/2475\/revisions"}],"predecessor-version":[{"id":10274,"href":"https:\/\/www.heartfailurematters.org\/sv\/wp-json\/wp\/v2\/pages\/2475\/revisions\/10274"}],"up":[{"embeddable":true,"href":"https:\/\/www.heartfailurematters.org\/sv\/wp-json\/wp\/v2\/pages\/2818"}],"wp:featuredmedia":[{"embeddable":true,"href":"https:\/\/www.heartfailurematters.org\/sv\/wp-json\/wp\/v2\/media\/11104"}],"wp:attachment":[{"href":"https:\/\/www.heartfailurematters.org\/sv\/wp-json\/wp\/v2\/media?parent=2475"}],"wp:term":[{"taxonomy":"category","embeddable":true,"href":"https:\/\/www.heartfailurematters.org\/sv\/wp-json\/wp\/v2\/categories?post=2475"},{"taxonomy":"post_tag","embeddable":true,"href":"https:\/\/www.heartfailurematters.org\/sv\/wp-json\/wp\/v2\/tags?post=2475"}],"curies":[{"name":"wp","href":"https:\/\/api.w.org\/{rel}","templated":true}]}}