{"id":2472,"date":"2021-01-27T22:11:50","date_gmt":"2021-01-27T22:11:50","guid":{"rendered":"http:\/\/heartfailurematters.local:8888\/att-vara-ung-med-hjartsvikt\/"},"modified":"2022-01-10T17:19:18","modified_gmt":"2022-01-10T17:19:18","slug":"att-vara-ung-med-hjartsvikt","status":"publish","type":"page","link":"https:\/\/www.heartfailurematters.org\/sv\/att-forsta-hjartsvikt\/att-vara-ung-med-hjartsvikt\/","title":{"rendered":"Att vara ung med hj\u00e4rtsvikt"},"content":{"rendered":"<p>&nbsp;<\/p>\n<h2>Hj\u00e4rtsvikt n\u00e4r man \u00e4r ung<\/h2>\n<p>Hj\u00e4rtsvikt drabbar fr\u00e4mst \u00e4ldre personer, men \u00e4ven yngre personer kan ha hj\u00e4rtsvikt. All information p\u00e5 heartfailurematters.org g\u00e4ller personer i alla \u00e5ldrar. Men n\u00e5gra av de exempel som anv\u00e4nds kanske inte tilltalar dig som en ung person och du kanske befinner dig i en speciell situation som kr\u00e4ver ytterligare information.<\/p>\n<p>Om du har ytterligare fr\u00e5gor eller \u00e4r orolig, rekommenderar vi att du tar kontakt med sjukv\u00e5rden.<\/p>\n<h2>Aktiviteter, arbete, resor och sport<\/h2>\n<p>I avsnittet &#8221;<a href=\"https:\/\/www.heartfailurematters.org\/living-with-heart-failure\/introduction\/\">Att leva med hj\u00e4rtsvikt<\/a>&#8221; kan du l\u00e4sa att det \u00e4r viktigt att vara aktiv, men ocks\u00e5 att anpassa sina aktiviteter till sin egen specifika situation. Det g\u00e4ller patienter med hj\u00e4rtsvikt i alla \u00e5ldrar. Som ung kan du vilja ut\u00f6va olika typer av aktiviteter, t.ex. l\u00e5ngsam joggning eller cykling. Om du funderar p\u00e5 mer intensiva sporter som skid\u00e5kning eller bergskl\u00e4ttring b\u00f6r du kontakta din hj\u00e4rtspecialist f\u00f6rst.<\/p>\n<p>Du kan ocks\u00e5 beh\u00f6va t\u00e4nka p\u00e5 s\u00e4rskilda arrangemang f\u00f6r resor (se avsnittet &#8221;Resor&#8221;), inklusive risken f\u00f6r h\u00f6jdsjuka, eftersom du beh\u00f6ver veta att du kan f\u00e5 medicinsk hj\u00e4lp i n\u00f6dsituationer och med tanke p\u00e5 f\u00f6rsiktighets\u00e5tg\u00e4rder vid infektioner eller utmattning. Om du reser med en grupp v\u00e4nner eller familj till en n\u00f6jespark kan du beh\u00f6va ta reda p\u00e5 vilken typ av \u00e5kattraktioner som \u00e4r l\u00e4mplig vid hj\u00e4rtproblem, om du kan hoppa \u00f6ver l\u00e5nga k\u00f6er och om det finns s\u00e4rskilda platser d\u00e4r du kan vila, om du beh\u00f6ver.<\/p>\n<p>N\u00e4r du \u00e4r ung och lever med hj\u00e4rtsvikt, m\u00f6ter du dessutom s\u00e4rskilda utmaningar p\u00e5 arbetsmarknaden. Att ha ett jobb eller en karri\u00e4r, \u00e4ven om det bara \u00e4r deltid eller n\u00e5gra timmar i veckan, kan vara mycket v\u00e4lg\u00f6rande och ge en k\u00e4nsla av mening och bibeh\u00e5llen sj\u00e4lvk\u00e4nsla. Ett jobb hj\u00e4lper dig att h\u00e5lla dig aktiv, umg\u00e5s med andra och leva ett &#8221;normalt&#8221; liv. Det \u00e4r viktigt att t\u00e4nka p\u00e5 vad som fortfarande \u00e4r m\u00f6jligt f\u00f6r dig och vad dina framtida f\u00f6rv\u00e4ntningar \u00e4r. Du kan r\u00e5dfr\u00e5ga sjukv\u00e5rdspersonal eller arbetsf\u00f6rmedlingen. En karri\u00e4r som inneb\u00e4r tunga lyft eller kr\u00e4vande fysisk anstr\u00e4ngning \u00e4r kanske inte realistiskt.<\/p>\n<h2>Sociala kontakter och relationer<\/h2>\n<p>Att leva med hj\u00e4rtsvikt kan p\u00e5verka din f\u00f6rm\u00e5ga att engagera dig i sociala aktiviteter eller tr\u00e4ffa m\u00e4nniskor, och en del ungdomar k\u00e4nner sig os\u00e4kra n\u00e4r de ska starta en relation. En del m\u00e4nniskor f\u00f6redrar att umg\u00e5s med andra unga m\u00e4nniskor med fysiska begr\u00e4nsningar, medan andra inte vill k\u00e4nna sig &#8221;speciella&#8221; eller dela sina bekymmer och problem med v\u00e4nner. Lyssna p\u00e5 dina egna k\u00e4nslor och fundera \u00f6ver vad som fungerar b\u00e4st f\u00f6r dig.<\/p>\n<p>Om du har en relation och vill prata om ditt tillst\u00e5nd, kan du utforska denna webbplats tillsammans med din v\u00e4n eller familjemedlem och tala om vad det betyder f\u00f6r dig.<\/p>\n<p>Vid fr\u00e5gor om sex och samlevnad eller preventivmedel, b\u00f6r du tala med din l\u00e4kare eller sjuksk\u00f6terska f\u00f6r att komma fram till vad som \u00e4r det b\u00e4sta alternativet f\u00f6r dig.<\/p>\n<p>Om du planerar att skaffa barn b\u00f6r du diskutera detta noga med din l\u00e4kare eller sjuksk\u00f6terska. Hj\u00e4rtsvikt beh\u00f6ver inte inneb\u00e4ra att du inte kan bli gravid eller genomg\u00e5 en graviditet p\u00e5 sikt. Det \u00e4r ofta m\u00f6jligt, men din graviditet m\u00e5ste hanteras och \u00f6vervakas noga.<\/p>\n<h2>Att leva med hj\u00e4rtsvikt n\u00e4r man har sm\u00e5 barn<\/h2>\n<p>Att ha sm\u00e5 barn kan vara ytterligare en utmaning n\u00e4r man lever med hj\u00e4rtsvikt. S\u00f6mnbrist, att b\u00e4ra runt p\u00e5 barn och leka med energiska barn kan \u00f6ka den tr\u00f6tthet som en person med hj\u00e4rtsvikt redan m\u00e5ste hantera. Familj och v\u00e4nner kan beh\u00f6va hj\u00e4lpa till mer med tunga lyft och b\u00e4rande. Du kan ocks\u00e5 beh\u00f6va hitta <a href=\"https:\/\/www.heartfailurematters.org\/sv\/att-leva-med-hjartsvikt\/tekniker-for-att-spara-energi\/\">tips och knep f\u00f6r att beh\u00e5lla energin<\/a> och vara uppfinningsrik i att hitta sporter och aktiviteter f\u00f6r dina barn s\u00e5 att de kan leka fritt utan att du beh\u00f6ver delta aktivt (t.ex. studsmattor, lagsporter, leka p\u00e5 lekplatser).<\/p>\n<h2>Vuxna med ett medf\u00f6tt hj\u00e4rtfel<\/h2>\n<p>Vissa patienter kan utveckla hj\u00e4rtsvikt strax efter f\u00f6dseln. Det beror ofta p\u00e5 en medf\u00f6dd hj\u00e4rtsjukdom, vilket kan inbegripa onormala anslutningar mellan v\u00e4nster och h\u00f6ger sida av hj\u00e4rtat, ibland tillsammans med fel p\u00e5 hj\u00e4rtklaffarna. S\u00e5dana patienter kan beh\u00f6va genomg\u00e5 hj\u00e4rtoperationer tidigt i livet och beh\u00f6ver s\u00e4rskilda behandlingar. Dessa patienter med s\u00e4rskilda behov kallas ofta GUCH (Grown-ups with congenital heart disease &#8211; vuxna med medf\u00f6dda hj\u00e4rtfel). R\u00e5den p\u00e5 denna webbplats g\u00e4ller \u00e4ven denna typ av patienter.<\/p>\n","protected":false},"excerpt":{"rendered":"<p>&nbsp; Hj\u00e4rtsvikt n\u00e4r man \u00e4r ung Hj\u00e4rtsvikt drabbar fr\u00e4mst \u00e4ldre personer, men \u00e4ven yngre personer kan ha hj\u00e4rtsvikt. All information p\u00e5 heartfailurematters.org g\u00e4ller personer i alla \u00e5ldrar. Men n\u00e5gra av de exempel som anv\u00e4nds kanske inte tilltalar dig som en ung person och du kanske befinner dig i en speciell situation som kr\u00e4ver ytterligare information. [&hellip;]<\/p>\n","protected":false},"author":1,"featured_media":10722,"parent":2421,"menu_order":11,"comment_status":"open","ping_status":"closed","template":"","meta":{"_acf_changed":false,"footnotes":""},"categories":[124],"tags":[],"class_list":["post-2472","page","type-page","status-publish","has-post-thumbnail","hentry","category-understanding-heart-failure-sv"],"acf":[],"yoast_head":"<!-- This site is optimized with the Yoast SEO plugin v24.8.1 - https:\/\/yoast.com\/wordpress\/plugins\/seo\/ -->\n<title>Att vara ung med hj\u00e4rtsvikt<\/title>\n<meta name=\"description\" content=\"Hj\u00e4rtsvikt drabbar fr\u00e4mst \u00e4ldre personer, men \u00e4ven ungdomar kan ha hj\u00e4rtsvikt. All information p\u00e5 heartfailurematters.org g\u00e4ller personer i alla \u00e5ldrar.\" \/>\n<meta name=\"robots\" content=\"index, follow, max-snippet:-1, max-image-preview:large, max-video-preview:-1\" \/>\n<link rel=\"canonical\" href=\"https:\/\/www.heartfailurematters.org\/sv\/att-forsta-hjartsvikt\/att-vara-ung-med-hjartsvikt\/\" \/>\n<meta property=\"og:locale\" content=\"sv_SE\" \/>\n<meta property=\"og:type\" content=\"article\" \/>\n<meta property=\"og:title\" content=\"Att vara ung med hj\u00e4rtsvikt\" \/>\n<meta property=\"og:description\" content=\"Hj\u00e4rtsvikt drabbar fr\u00e4mst \u00e4ldre personer, men \u00e4ven ungdomar kan ha hj\u00e4rtsvikt. All information p\u00e5 heartfailurematters.org g\u00e4ller personer i alla \u00e5ldrar.\" \/>\n<meta property=\"og:url\" content=\"https:\/\/www.heartfailurematters.org\/sv\/att-forsta-hjartsvikt\/att-vara-ung-med-hjartsvikt\/\" \/>\n<meta property=\"og:site_name\" content=\"Heart Failure Matters\" \/>\n<meta property=\"article:publisher\" content=\"https:\/\/www.facebook.com\/heartfailurematters\" \/>\n<meta property=\"article:modified_time\" content=\"2022-01-10T17:19:18+00:00\" \/>\n<meta property=\"og:image\" content=\"https:\/\/www.heartfailurematters.org\/wp-content\/uploads\/2022\/02\/shutterstock_1292580628-1-min.jpg?_t=1773221295\" \/>\n\t<meta property=\"og:image:width\" content=\"900\" \/>\n\t<meta property=\"og:image:height\" content=\"600\" \/>\n\t<meta property=\"og:image:type\" content=\"image\/jpeg\" \/>\n<meta name=\"twitter:card\" content=\"summary_large_image\" \/>\n<meta name=\"twitter:label1\" content=\"Ber\u00e4knad l\u00e4stid\" \/>\n\t<meta name=\"twitter:data1\" content=\"4 minuter\" \/>\n<script type=\"application\/ld+json\" class=\"yoast-schema-graph\">{\"@context\":\"https:\/\/schema.org\",\"@graph\":[{\"@type\":\"WebPage\",\"@id\":\"https:\/\/www.heartfailurematters.org\/sv\/att-forsta-hjartsvikt\/att-vara-ung-med-hjartsvikt\/\",\"url\":\"https:\/\/www.heartfailurematters.org\/sv\/att-forsta-hjartsvikt\/att-vara-ung-med-hjartsvikt\/\",\"name\":\"Att vara ung med hj\u00e4rtsvikt\",\"isPartOf\":{\"@id\":\"https:\/\/www.heartfailurematters.org\/sv\/#website\"},\"primaryImageOfPage\":{\"@id\":\"https:\/\/www.heartfailurematters.org\/sv\/att-forsta-hjartsvikt\/att-vara-ung-med-hjartsvikt\/#primaryimage\"},\"image\":{\"@id\":\"https:\/\/www.heartfailurematters.org\/sv\/att-forsta-hjartsvikt\/att-vara-ung-med-hjartsvikt\/#primaryimage\"},\"thumbnailUrl\":\"https:\/\/www.heartfailurematters.org\/wp-content\/uploads\/2022\/02\/shutterstock_1292580628-1-min.jpg\",\"datePublished\":\"2021-01-27T22:11:50+00:00\",\"dateModified\":\"2022-01-10T17:19:18+00:00\",\"description\":\"Hj\u00e4rtsvikt drabbar fr\u00e4mst \u00e4ldre personer, men \u00e4ven ungdomar kan ha hj\u00e4rtsvikt. All information p\u00e5 heartfailurematters.org g\u00e4ller personer i alla \u00e5ldrar.\",\"breadcrumb\":{\"@id\":\"https:\/\/www.heartfailurematters.org\/sv\/att-forsta-hjartsvikt\/att-vara-ung-med-hjartsvikt\/#breadcrumb\"},\"inLanguage\":\"sv-SE\",\"potentialAction\":[{\"@type\":\"ReadAction\",\"target\":[\"https:\/\/www.heartfailurematters.org\/sv\/att-forsta-hjartsvikt\/att-vara-ung-med-hjartsvikt\/\"]}]},{\"@type\":\"ImageObject\",\"inLanguage\":\"sv-SE\",\"@id\":\"https:\/\/www.heartfailurematters.org\/sv\/att-forsta-hjartsvikt\/att-vara-ung-med-hjartsvikt\/#primaryimage\",\"url\":\"https:\/\/www.heartfailurematters.org\/wp-content\/uploads\/2022\/02\/shutterstock_1292580628-1-min.jpg\",\"contentUrl\":\"https:\/\/www.heartfailurematters.org\/wp-content\/uploads\/2022\/02\/shutterstock_1292580628-1-min.jpg\",\"width\":900,\"height\":600},{\"@type\":\"BreadcrumbList\",\"@id\":\"https:\/\/www.heartfailurematters.org\/sv\/att-forsta-hjartsvikt\/att-vara-ung-med-hjartsvikt\/#breadcrumb\",\"itemListElement\":[{\"@type\":\"ListItem\",\"position\":1,\"name\":\"Hem\",\"item\":\"https:\/\/www.heartfailurematters.org\/sv\/\"},{\"@type\":\"ListItem\",\"position\":2,\"name\":\"Att f\u00f6rst\u00e5 hj\u00e4rtsvikt\",\"item\":\"https:\/\/www.heartfailurematters.org\/sv\/att-forsta-hjartsvikt\/\"},{\"@type\":\"ListItem\",\"position\":3,\"name\":\"Att vara ung med hj\u00e4rtsvikt\"}]},{\"@type\":\"WebSite\",\"@id\":\"https:\/\/www.heartfailurematters.org\/sv\/#website\",\"url\":\"https:\/\/www.heartfailurematters.org\/sv\/\",\"name\":\"Heart Failure Matters\",\"description\":\"Practical information for patients, families and caregivers.\",\"publisher\":{\"@id\":\"https:\/\/www.heartfailurematters.org\/sv\/#organization\"},\"potentialAction\":[{\"@type\":\"SearchAction\",\"target\":{\"@type\":\"EntryPoint\",\"urlTemplate\":\"https:\/\/www.heartfailurematters.org\/sv\/?s={search_term_string}\"},\"query-input\":{\"@type\":\"PropertyValueSpecification\",\"valueRequired\":true,\"valueName\":\"search_term_string\"}}],\"inLanguage\":\"sv-SE\"},{\"@type\":\"Organization\",\"@id\":\"https:\/\/www.heartfailurematters.org\/sv\/#organization\",\"name\":\"Heart Failure Matters\",\"url\":\"https:\/\/www.heartfailurematters.org\/sv\/\",\"logo\":{\"@type\":\"ImageObject\",\"inLanguage\":\"sv-SE\",\"@id\":\"https:\/\/www.heartfailurematters.org\/sv\/#\/schema\/logo\/image\/\",\"url\":\"https:\/\/cdn-endpoint-hfm.azureedge.net\/heartfailurematters\/2024\/07\/hfm-logo1.jpg\",\"contentUrl\":\"https:\/\/cdn-endpoint-hfm.azureedge.net\/heartfailurematters\/2024\/07\/hfm-logo1.jpg\",\"width\":1280,\"height\":720,\"caption\":\"Heart Failure Matters\"},\"image\":{\"@id\":\"https:\/\/www.heartfailurematters.org\/sv\/#\/schema\/logo\/image\/\"},\"sameAs\":[\"https:\/\/www.facebook.com\/heartfailurematters\"]}]}<\/script>\n<!-- \/ Yoast SEO plugin. -->","yoast_head_json":{"title":"Att vara ung med hj\u00e4rtsvikt","description":"Hj\u00e4rtsvikt drabbar fr\u00e4mst \u00e4ldre personer, men \u00e4ven ungdomar kan ha hj\u00e4rtsvikt. All information p\u00e5 heartfailurematters.org g\u00e4ller personer i alla \u00e5ldrar.","robots":{"index":"index","follow":"follow","max-snippet":"max-snippet:-1","max-image-preview":"max-image-preview:large","max-video-preview":"max-video-preview:-1"},"canonical":"https:\/\/www.heartfailurematters.org\/sv\/att-forsta-hjartsvikt\/att-vara-ung-med-hjartsvikt\/","og_locale":"sv_SE","og_type":"article","og_title":"Att vara ung med hj\u00e4rtsvikt","og_description":"Hj\u00e4rtsvikt drabbar fr\u00e4mst \u00e4ldre personer, men \u00e4ven ungdomar kan ha hj\u00e4rtsvikt. All information p\u00e5 heartfailurematters.org g\u00e4ller personer i alla \u00e5ldrar.","og_url":"https:\/\/www.heartfailurematters.org\/sv\/att-forsta-hjartsvikt\/att-vara-ung-med-hjartsvikt\/","og_site_name":"Heart Failure Matters","article_publisher":"https:\/\/www.facebook.com\/heartfailurematters","article_modified_time":"2022-01-10T17:19:18+00:00","og_image":[{"width":900,"height":600,"url":"https:\/\/www.heartfailurematters.org\/wp-content\/uploads\/2022\/02\/shutterstock_1292580628-1-min.jpg?_t=1773221295","type":"image\/jpeg"}],"twitter_card":"summary_large_image","twitter_misc":{"Ber\u00e4knad l\u00e4stid":"4 minuter"},"schema":{"@context":"https:\/\/schema.org","@graph":[{"@type":"WebPage","@id":"https:\/\/www.heartfailurematters.org\/sv\/att-forsta-hjartsvikt\/att-vara-ung-med-hjartsvikt\/","url":"https:\/\/www.heartfailurematters.org\/sv\/att-forsta-hjartsvikt\/att-vara-ung-med-hjartsvikt\/","name":"Att vara ung med hj\u00e4rtsvikt","isPartOf":{"@id":"https:\/\/www.heartfailurematters.org\/sv\/#website"},"primaryImageOfPage":{"@id":"https:\/\/www.heartfailurematters.org\/sv\/att-forsta-hjartsvikt\/att-vara-ung-med-hjartsvikt\/#primaryimage"},"image":{"@id":"https:\/\/www.heartfailurematters.org\/sv\/att-forsta-hjartsvikt\/att-vara-ung-med-hjartsvikt\/#primaryimage"},"thumbnailUrl":"https:\/\/www.heartfailurematters.org\/wp-content\/uploads\/2022\/02\/shutterstock_1292580628-1-min.jpg","datePublished":"2021-01-27T22:11:50+00:00","dateModified":"2022-01-10T17:19:18+00:00","description":"Hj\u00e4rtsvikt drabbar fr\u00e4mst \u00e4ldre personer, men \u00e4ven ungdomar kan ha hj\u00e4rtsvikt. All information p\u00e5 heartfailurematters.org g\u00e4ller personer i alla \u00e5ldrar.","breadcrumb":{"@id":"https:\/\/www.heartfailurematters.org\/sv\/att-forsta-hjartsvikt\/att-vara-ung-med-hjartsvikt\/#breadcrumb"},"inLanguage":"sv-SE","potentialAction":[{"@type":"ReadAction","target":["https:\/\/www.heartfailurematters.org\/sv\/att-forsta-hjartsvikt\/att-vara-ung-med-hjartsvikt\/"]}]},{"@type":"ImageObject","inLanguage":"sv-SE","@id":"https:\/\/www.heartfailurematters.org\/sv\/att-forsta-hjartsvikt\/att-vara-ung-med-hjartsvikt\/#primaryimage","url":"https:\/\/www.heartfailurematters.org\/wp-content\/uploads\/2022\/02\/shutterstock_1292580628-1-min.jpg","contentUrl":"https:\/\/www.heartfailurematters.org\/wp-content\/uploads\/2022\/02\/shutterstock_1292580628-1-min.jpg","width":900,"height":600},{"@type":"BreadcrumbList","@id":"https:\/\/www.heartfailurematters.org\/sv\/att-forsta-hjartsvikt\/att-vara-ung-med-hjartsvikt\/#breadcrumb","itemListElement":[{"@type":"ListItem","position":1,"name":"Hem","item":"https:\/\/www.heartfailurematters.org\/sv\/"},{"@type":"ListItem","position":2,"name":"Att f\u00f6rst\u00e5 hj\u00e4rtsvikt","item":"https:\/\/www.heartfailurematters.org\/sv\/att-forsta-hjartsvikt\/"},{"@type":"ListItem","position":3,"name":"Att vara ung med hj\u00e4rtsvikt"}]},{"@type":"WebSite","@id":"https:\/\/www.heartfailurematters.org\/sv\/#website","url":"https:\/\/www.heartfailurematters.org\/sv\/","name":"Heart Failure Matters","description":"Practical information for patients, families and caregivers.","publisher":{"@id":"https:\/\/www.heartfailurematters.org\/sv\/#organization"},"potentialAction":[{"@type":"SearchAction","target":{"@type":"EntryPoint","urlTemplate":"https:\/\/www.heartfailurematters.org\/sv\/?s={search_term_string}"},"query-input":{"@type":"PropertyValueSpecification","valueRequired":true,"valueName":"search_term_string"}}],"inLanguage":"sv-SE"},{"@type":"Organization","@id":"https:\/\/www.heartfailurematters.org\/sv\/#organization","name":"Heart Failure Matters","url":"https:\/\/www.heartfailurematters.org\/sv\/","logo":{"@type":"ImageObject","inLanguage":"sv-SE","@id":"https:\/\/www.heartfailurematters.org\/sv\/#\/schema\/logo\/image\/","url":"https:\/\/cdn-endpoint-hfm.azureedge.net\/heartfailurematters\/2024\/07\/hfm-logo1.jpg","contentUrl":"https:\/\/cdn-endpoint-hfm.azureedge.net\/heartfailurematters\/2024\/07\/hfm-logo1.jpg","width":1280,"height":720,"caption":"Heart Failure Matters"},"image":{"@id":"https:\/\/www.heartfailurematters.org\/sv\/#\/schema\/logo\/image\/"},"sameAs":["https:\/\/www.facebook.com\/heartfailurematters"]}]}},"_links":{"self":[{"href":"https:\/\/www.heartfailurematters.org\/sv\/wp-json\/wp\/v2\/pages\/2472","targetHints":{"allow":["GET"]}}],"collection":[{"href":"https:\/\/www.heartfailurematters.org\/sv\/wp-json\/wp\/v2\/pages"}],"about":[{"href":"https:\/\/www.heartfailurematters.org\/sv\/wp-json\/wp\/v2\/types\/page"}],"author":[{"embeddable":true,"href":"https:\/\/www.heartfailurematters.org\/sv\/wp-json\/wp\/v2\/users\/1"}],"replies":[{"embeddable":true,"href":"https:\/\/www.heartfailurematters.org\/sv\/wp-json\/wp\/v2\/comments?post=2472"}],"version-history":[{"count":3,"href":"https:\/\/www.heartfailurematters.org\/sv\/wp-json\/wp\/v2\/pages\/2472\/revisions"}],"predecessor-version":[{"id":10140,"href":"https:\/\/www.heartfailurematters.org\/sv\/wp-json\/wp\/v2\/pages\/2472\/revisions\/10140"}],"up":[{"embeddable":true,"href":"https:\/\/www.heartfailurematters.org\/sv\/wp-json\/wp\/v2\/pages\/2421"}],"wp:featuredmedia":[{"embeddable":true,"href":"https:\/\/www.heartfailurematters.org\/sv\/wp-json\/wp\/v2\/media\/10722"}],"wp:attachment":[{"href":"https:\/\/www.heartfailurematters.org\/sv\/wp-json\/wp\/v2\/media?parent=2472"}],"wp:term":[{"taxonomy":"category","embeddable":true,"href":"https:\/\/www.heartfailurematters.org\/sv\/wp-json\/wp\/v2\/categories?post=2472"},{"taxonomy":"post_tag","embeddable":true,"href":"https:\/\/www.heartfailurematters.org\/sv\/wp-json\/wp\/v2\/tags?post=2472"}],"curies":[{"name":"wp","href":"https:\/\/api.w.org\/{rel}","templated":true}]}}