{"id":2470,"date":"2021-01-27T22:11:50","date_gmt":"2021-01-27T22:11:50","guid":{"rendered":"http:\/\/heartfailurematters.local:8888\/att-kanna-igen-depression-och-oro\/"},"modified":"2021-01-27T22:11:50","modified_gmt":"2021-01-27T22:11:50","slug":"att-kanna-igen-depression-och-oro","status":"publish","type":"page","link":"https:\/\/www.heartfailurematters.org\/sv\/for-anhorigvardare\/att-kanna-igen-depression-och-oro\/","title":{"rendered":"Att k\u00e4nna igen depression och oro"},"content":{"rendered":"<p>M\u00e4nniskor med ett allvarligt tillst\u00e5nd som hj\u00e4rtsvikt kan k\u00e4nna sig mycket ledsna eller nedst\u00e4mda ibland. Men om dessa k\u00e4nslor kvarst\u00e5r och du m\u00e4rker att dina anh\u00f6riga inte har gl\u00e4dje av dagliga aktiviteter p\u00e5 samma s\u00e4tt som tidigare, eller att din relation blir lidande, kan det vara ett tecken p\u00e5 depression.<\/p>\n<p>Det \u00e4r viktigt att s\u00f6ka medicinsk hj\u00e4lp f\u00f6r depression eller \u00e5ngest, eftersom dessa tillst\u00e5nd g\u00e5r att behandla. Om det ignoreras kan det f\u00f6rv\u00e4rra din partners tillst\u00e5nd, liksom \u00e4ven din allm\u00e4nna h\u00e4lsa.<\/p>\n<p>Om du m\u00e4rker n\u00e5gra av f\u00f6ljande symtom hos din anh\u00f6riga och det p\u00e5g\u00e5r mer eller mindre oavbrutet i \u00f6ver tv\u00e5 veckor kan det betyda att hon eller han \u00e4r deprimerad:<\/p>\n<ul>\n<li>F\u00f6rtvivlan\/nedst\u00e4mdhet<\/li>\n<li>Mer irriterad \u00e4n vanligt<\/li>\n<li>aptitf\u00f6r\u00e4ndringar<\/li>\n<li>f\u00f6rlorat intresse f\u00f6r saker som de tidigare tyckte om<\/li>\n<li>drar sig undan fr\u00e5n andra m\u00e4nniskor<\/li>\n<li>oerh\u00f6rt s\u00f6mning eller vaknar f\u00f6r tidigt<\/li>\n<li>st\u00e4ndigt tr\u00f6tt\/ingen energi<\/li>\n<li>k\u00e4nner sig v\u00e4rdel\u00f6s eller skuldtyngd<\/li>\n<li>k\u00e4nner hoppl\u00f6shet<\/li>\n<li>tankar p\u00e5 d\u00f6d och sj\u00e4lvmord<\/li>\n<\/ul>\n<p>Din n\u00e4rst\u00e5ende med hj\u00e4rtsvikt kan vara s\u00e4rskilt orolig om f\u00f6ljande symtom kvarst\u00e5r i mer \u00e4n tv\u00e5 veckor.<\/p>\n<ul>\n<li>extrem oro<\/li>\n<li>r\u00e4dsla<\/li>\n<li>mer sp\u00e4nd \u00e4n vanligt<\/li>\n<li>rastl\u00f6shet<\/li>\n<li>k\u00e4nner sig nerv\u00f6s eller orolig.<\/li>\n<\/ul>\n<p><a title=\"\" href=\"\/sv\/vardare\/att-forsta-deras-kanslor\/\"\">\u00c5terg\u00e5 till &#8221;Att f\u00f6rst\u00e5 deras k\u00e4nslor&#8221;<\/a><\/p>\n","protected":false},"excerpt":{"rendered":"<p>M\u00e4nniskor med ett allvarligt tillst\u00e5nd som hj\u00e4rtsvikt kan k\u00e4nna sig mycket ledsna eller nedst\u00e4mda ibland. Men om dessa k\u00e4nslor kvarst\u00e5r och du m\u00e4rker att dina anh\u00f6riga inte har gl\u00e4dje av dagliga aktiviteter p\u00e5 samma s\u00e4tt som tidigare, eller att din relation blir lidande, kan det vara ett tecken p\u00e5 depression. Det \u00e4r viktigt att s\u00f6ka [&hellip;]<\/p>\n","protected":false},"author":1,"featured_media":10854,"parent":2847,"menu_order":0,"comment_status":"open","ping_status":"open","template":"","meta":{"_acf_changed":false,"footnotes":""},"categories":[],"tags":[],"class_list":["post-2470","page","type-page","status-publish","has-post-thumbnail","hentry"],"acf":[],"yoast_head":"<!-- This site is optimized with the Yoast SEO plugin v24.8.1 - https:\/\/yoast.com\/wordpress\/plugins\/seo\/ -->\n<title>Att k\u00e4nna igen depression och \u00e5ngest<\/title>\n<meta name=\"description\" content=\"M\u00e4nniskor med ett allvarligt tillst\u00e5nd som hj\u00e4rtsvikt, kan k\u00e4nna sig mycket ledsna eller nere ibland. Men om dessa k\u00e4nslor kvarst\u00e5r och du m\u00e4rker att dina anh\u00f6riga inte har gl\u00e4dje av dagliga aktiviteter p\u00e5 samma s\u00e4tt som tidigare, eller att din relation blir lidande, kan det vara ett tecken p\u00e5 depression.\" \/>\n<meta name=\"robots\" content=\"index, follow, max-snippet:-1, max-image-preview:large, max-video-preview:-1\" \/>\n<link rel=\"canonical\" href=\"https:\/\/www.heartfailurematters.org\/sv\/for-anhorigvardare\/att-kanna-igen-depression-och-oro\/\" \/>\n<meta property=\"og:locale\" content=\"sv_SE\" \/>\n<meta property=\"og:type\" content=\"article\" \/>\n<meta property=\"og:title\" content=\"Att k\u00e4nna igen depression och \u00e5ngest\" \/>\n<meta property=\"og:description\" content=\"M\u00e4nniskor med ett allvarligt tillst\u00e5nd som hj\u00e4rtsvikt, kan k\u00e4nna sig mycket ledsna eller nere ibland. Men om dessa k\u00e4nslor kvarst\u00e5r och du m\u00e4rker att dina anh\u00f6riga inte har gl\u00e4dje av dagliga aktiviteter p\u00e5 samma s\u00e4tt som tidigare, eller att din relation blir lidande, kan det vara ett tecken p\u00e5 depression.\" \/>\n<meta property=\"og:url\" content=\"https:\/\/www.heartfailurematters.org\/sv\/for-anhorigvardare\/att-kanna-igen-depression-och-oro\/\" \/>\n<meta property=\"og:site_name\" content=\"Heart Failure Matters\" \/>\n<meta property=\"article:publisher\" content=\"https:\/\/www.facebook.com\/heartfailurematters\" \/>\n<meta property=\"og:image\" content=\"https:\/\/www.heartfailurematters.org\/wp-content\/uploads\/2022\/03\/shutterstock_1769847845-1-min.jpg\" \/>\n\t<meta property=\"og:image:width\" content=\"900\" \/>\n\t<meta property=\"og:image:height\" content=\"600\" \/>\n\t<meta property=\"og:image:type\" content=\"image\/jpeg\" \/>\n<meta name=\"twitter:card\" content=\"summary_large_image\" \/>\n<meta name=\"twitter:label1\" content=\"Ber\u00e4knad l\u00e4stid\" \/>\n\t<meta name=\"twitter:data1\" content=\"1 minut\" \/>\n<script type=\"application\/ld+json\" class=\"yoast-schema-graph\">{\"@context\":\"https:\/\/schema.org\",\"@graph\":[{\"@type\":\"WebPage\",\"@id\":\"https:\/\/www.heartfailurematters.org\/sv\/for-anhorigvardare\/att-kanna-igen-depression-och-oro\/\",\"url\":\"https:\/\/www.heartfailurematters.org\/sv\/for-anhorigvardare\/att-kanna-igen-depression-och-oro\/\",\"name\":\"Att k\u00e4nna igen depression och \u00e5ngest\",\"isPartOf\":{\"@id\":\"https:\/\/www.heartfailurematters.org\/sv\/#website\"},\"primaryImageOfPage\":{\"@id\":\"https:\/\/www.heartfailurematters.org\/sv\/for-anhorigvardare\/att-kanna-igen-depression-och-oro\/#primaryimage\"},\"image\":{\"@id\":\"https:\/\/www.heartfailurematters.org\/sv\/for-anhorigvardare\/att-kanna-igen-depression-och-oro\/#primaryimage\"},\"thumbnailUrl\":\"https:\/\/www.heartfailurematters.org\/wp-content\/uploads\/2022\/03\/shutterstock_1769847845-1-min.jpg\",\"datePublished\":\"2021-01-27T22:11:50+00:00\",\"description\":\"M\u00e4nniskor med ett allvarligt tillst\u00e5nd som hj\u00e4rtsvikt, kan k\u00e4nna sig mycket ledsna eller nere ibland. Men om dessa k\u00e4nslor kvarst\u00e5r och du m\u00e4rker att dina anh\u00f6riga inte har gl\u00e4dje av dagliga aktiviteter p\u00e5 samma s\u00e4tt som tidigare, eller att din relation blir lidande, kan det vara ett tecken p\u00e5 depression.\",\"breadcrumb\":{\"@id\":\"https:\/\/www.heartfailurematters.org\/sv\/for-anhorigvardare\/att-kanna-igen-depression-och-oro\/#breadcrumb\"},\"inLanguage\":\"sv-SE\",\"potentialAction\":[{\"@type\":\"ReadAction\",\"target\":[\"https:\/\/www.heartfailurematters.org\/sv\/for-anhorigvardare\/att-kanna-igen-depression-och-oro\/\"]}]},{\"@type\":\"ImageObject\",\"inLanguage\":\"sv-SE\",\"@id\":\"https:\/\/www.heartfailurematters.org\/sv\/for-anhorigvardare\/att-kanna-igen-depression-och-oro\/#primaryimage\",\"url\":\"https:\/\/www.heartfailurematters.org\/wp-content\/uploads\/2022\/03\/shutterstock_1769847845-1-min.jpg\",\"contentUrl\":\"https:\/\/www.heartfailurematters.org\/wp-content\/uploads\/2022\/03\/shutterstock_1769847845-1-min.jpg\",\"width\":900,\"height\":600},{\"@type\":\"BreadcrumbList\",\"@id\":\"https:\/\/www.heartfailurematters.org\/sv\/for-anhorigvardare\/att-kanna-igen-depression-och-oro\/#breadcrumb\",\"itemListElement\":[{\"@type\":\"ListItem\",\"position\":1,\"name\":\"Hem\",\"item\":\"https:\/\/www.heartfailurematters.org\/sv\/\"},{\"@type\":\"ListItem\",\"position\":2,\"name\":\"F\u00f6r familj och anh\u00f6rigv\u00e5rdare\",\"item\":\"https:\/\/www.heartfailurematters.org\/sv\/for-anhorigvardare\/\"},{\"@type\":\"ListItem\",\"position\":3,\"name\":\"Att k\u00e4nna igen depression och oro\"}]},{\"@type\":\"WebSite\",\"@id\":\"https:\/\/www.heartfailurematters.org\/sv\/#website\",\"url\":\"https:\/\/www.heartfailurematters.org\/sv\/\",\"name\":\"Heart Failure Matters\",\"description\":\"Practical information for patients, families and caregivers.\",\"publisher\":{\"@id\":\"https:\/\/www.heartfailurematters.org\/sv\/#organization\"},\"potentialAction\":[{\"@type\":\"SearchAction\",\"target\":{\"@type\":\"EntryPoint\",\"urlTemplate\":\"https:\/\/www.heartfailurematters.org\/sv\/?s={search_term_string}\"},\"query-input\":{\"@type\":\"PropertyValueSpecification\",\"valueRequired\":true,\"valueName\":\"search_term_string\"}}],\"inLanguage\":\"sv-SE\"},{\"@type\":\"Organization\",\"@id\":\"https:\/\/www.heartfailurematters.org\/sv\/#organization\",\"name\":\"Heart Failure Matters\",\"url\":\"https:\/\/www.heartfailurematters.org\/sv\/\",\"logo\":{\"@type\":\"ImageObject\",\"inLanguage\":\"sv-SE\",\"@id\":\"https:\/\/www.heartfailurematters.org\/sv\/#\/schema\/logo\/image\/\",\"url\":\"https:\/\/cdn-endpoint-hfm.azureedge.net\/heartfailurematters\/2024\/07\/hfm-logo1.jpg\",\"contentUrl\":\"https:\/\/cdn-endpoint-hfm.azureedge.net\/heartfailurematters\/2024\/07\/hfm-logo1.jpg\",\"width\":1280,\"height\":720,\"caption\":\"Heart Failure Matters\"},\"image\":{\"@id\":\"https:\/\/www.heartfailurematters.org\/sv\/#\/schema\/logo\/image\/\"},\"sameAs\":[\"https:\/\/www.facebook.com\/heartfailurematters\"]}]}<\/script>\n<!-- \/ Yoast SEO plugin. -->","yoast_head_json":{"title":"Att k\u00e4nna igen depression och \u00e5ngest","description":"M\u00e4nniskor med ett allvarligt tillst\u00e5nd som hj\u00e4rtsvikt, kan k\u00e4nna sig mycket ledsna eller nere ibland. Men om dessa k\u00e4nslor kvarst\u00e5r och du m\u00e4rker att dina anh\u00f6riga inte har gl\u00e4dje av dagliga aktiviteter p\u00e5 samma s\u00e4tt som tidigare, eller att din relation blir lidande, kan det vara ett tecken p\u00e5 depression.","robots":{"index":"index","follow":"follow","max-snippet":"max-snippet:-1","max-image-preview":"max-image-preview:large","max-video-preview":"max-video-preview:-1"},"canonical":"https:\/\/www.heartfailurematters.org\/sv\/for-anhorigvardare\/att-kanna-igen-depression-och-oro\/","og_locale":"sv_SE","og_type":"article","og_title":"Att k\u00e4nna igen depression och \u00e5ngest","og_description":"M\u00e4nniskor med ett allvarligt tillst\u00e5nd som hj\u00e4rtsvikt, kan k\u00e4nna sig mycket ledsna eller nere ibland. Men om dessa k\u00e4nslor kvarst\u00e5r och du m\u00e4rker att dina anh\u00f6riga inte har gl\u00e4dje av dagliga aktiviteter p\u00e5 samma s\u00e4tt som tidigare, eller att din relation blir lidande, kan det vara ett tecken p\u00e5 depression.","og_url":"https:\/\/www.heartfailurematters.org\/sv\/for-anhorigvardare\/att-kanna-igen-depression-och-oro\/","og_site_name":"Heart Failure Matters","article_publisher":"https:\/\/www.facebook.com\/heartfailurematters","og_image":[{"width":900,"height":600,"url":"https:\/\/www.heartfailurematters.org\/wp-content\/uploads\/2022\/03\/shutterstock_1769847845-1-min.jpg","type":"image\/jpeg"}],"twitter_card":"summary_large_image","twitter_misc":{"Ber\u00e4knad l\u00e4stid":"1 minut"},"schema":{"@context":"https:\/\/schema.org","@graph":[{"@type":"WebPage","@id":"https:\/\/www.heartfailurematters.org\/sv\/for-anhorigvardare\/att-kanna-igen-depression-och-oro\/","url":"https:\/\/www.heartfailurematters.org\/sv\/for-anhorigvardare\/att-kanna-igen-depression-och-oro\/","name":"Att k\u00e4nna igen depression och \u00e5ngest","isPartOf":{"@id":"https:\/\/www.heartfailurematters.org\/sv\/#website"},"primaryImageOfPage":{"@id":"https:\/\/www.heartfailurematters.org\/sv\/for-anhorigvardare\/att-kanna-igen-depression-och-oro\/#primaryimage"},"image":{"@id":"https:\/\/www.heartfailurematters.org\/sv\/for-anhorigvardare\/att-kanna-igen-depression-och-oro\/#primaryimage"},"thumbnailUrl":"https:\/\/www.heartfailurematters.org\/wp-content\/uploads\/2022\/03\/shutterstock_1769847845-1-min.jpg","datePublished":"2021-01-27T22:11:50+00:00","description":"M\u00e4nniskor med ett allvarligt tillst\u00e5nd som hj\u00e4rtsvikt, kan k\u00e4nna sig mycket ledsna eller nere ibland. Men om dessa k\u00e4nslor kvarst\u00e5r och du m\u00e4rker att dina anh\u00f6riga inte har gl\u00e4dje av dagliga aktiviteter p\u00e5 samma s\u00e4tt som tidigare, eller att din relation blir lidande, kan det vara ett tecken p\u00e5 depression.","breadcrumb":{"@id":"https:\/\/www.heartfailurematters.org\/sv\/for-anhorigvardare\/att-kanna-igen-depression-och-oro\/#breadcrumb"},"inLanguage":"sv-SE","potentialAction":[{"@type":"ReadAction","target":["https:\/\/www.heartfailurematters.org\/sv\/for-anhorigvardare\/att-kanna-igen-depression-och-oro\/"]}]},{"@type":"ImageObject","inLanguage":"sv-SE","@id":"https:\/\/www.heartfailurematters.org\/sv\/for-anhorigvardare\/att-kanna-igen-depression-och-oro\/#primaryimage","url":"https:\/\/www.heartfailurematters.org\/wp-content\/uploads\/2022\/03\/shutterstock_1769847845-1-min.jpg","contentUrl":"https:\/\/www.heartfailurematters.org\/wp-content\/uploads\/2022\/03\/shutterstock_1769847845-1-min.jpg","width":900,"height":600},{"@type":"BreadcrumbList","@id":"https:\/\/www.heartfailurematters.org\/sv\/for-anhorigvardare\/att-kanna-igen-depression-och-oro\/#breadcrumb","itemListElement":[{"@type":"ListItem","position":1,"name":"Hem","item":"https:\/\/www.heartfailurematters.org\/sv\/"},{"@type":"ListItem","position":2,"name":"F\u00f6r familj och anh\u00f6rigv\u00e5rdare","item":"https:\/\/www.heartfailurematters.org\/sv\/for-anhorigvardare\/"},{"@type":"ListItem","position":3,"name":"Att k\u00e4nna igen depression och oro"}]},{"@type":"WebSite","@id":"https:\/\/www.heartfailurematters.org\/sv\/#website","url":"https:\/\/www.heartfailurematters.org\/sv\/","name":"Heart Failure Matters","description":"Practical information for patients, families and caregivers.","publisher":{"@id":"https:\/\/www.heartfailurematters.org\/sv\/#organization"},"potentialAction":[{"@type":"SearchAction","target":{"@type":"EntryPoint","urlTemplate":"https:\/\/www.heartfailurematters.org\/sv\/?s={search_term_string}"},"query-input":{"@type":"PropertyValueSpecification","valueRequired":true,"valueName":"search_term_string"}}],"inLanguage":"sv-SE"},{"@type":"Organization","@id":"https:\/\/www.heartfailurematters.org\/sv\/#organization","name":"Heart Failure Matters","url":"https:\/\/www.heartfailurematters.org\/sv\/","logo":{"@type":"ImageObject","inLanguage":"sv-SE","@id":"https:\/\/www.heartfailurematters.org\/sv\/#\/schema\/logo\/image\/","url":"https:\/\/cdn-endpoint-hfm.azureedge.net\/heartfailurematters\/2024\/07\/hfm-logo1.jpg","contentUrl":"https:\/\/cdn-endpoint-hfm.azureedge.net\/heartfailurematters\/2024\/07\/hfm-logo1.jpg","width":1280,"height":720,"caption":"Heart Failure Matters"},"image":{"@id":"https:\/\/www.heartfailurematters.org\/sv\/#\/schema\/logo\/image\/"},"sameAs":["https:\/\/www.facebook.com\/heartfailurematters"]}]}},"_links":{"self":[{"href":"https:\/\/www.heartfailurematters.org\/sv\/wp-json\/wp\/v2\/pages\/2470","targetHints":{"allow":["GET"]}}],"collection":[{"href":"https:\/\/www.heartfailurematters.org\/sv\/wp-json\/wp\/v2\/pages"}],"about":[{"href":"https:\/\/www.heartfailurematters.org\/sv\/wp-json\/wp\/v2\/types\/page"}],"author":[{"embeddable":true,"href":"https:\/\/www.heartfailurematters.org\/sv\/wp-json\/wp\/v2\/users\/1"}],"replies":[{"embeddable":true,"href":"https:\/\/www.heartfailurematters.org\/sv\/wp-json\/wp\/v2\/comments?post=2470"}],"version-history":[{"count":0,"href":"https:\/\/www.heartfailurematters.org\/sv\/wp-json\/wp\/v2\/pages\/2470\/revisions"}],"up":[{"embeddable":true,"href":"https:\/\/www.heartfailurematters.org\/sv\/wp-json\/wp\/v2\/pages\/2847"}],"wp:featuredmedia":[{"embeddable":true,"href":"https:\/\/www.heartfailurematters.org\/sv\/wp-json\/wp\/v2\/media\/10854"}],"wp:attachment":[{"href":"https:\/\/www.heartfailurematters.org\/sv\/wp-json\/wp\/v2\/media?parent=2470"}],"wp:term":[{"taxonomy":"category","embeddable":true,"href":"https:\/\/www.heartfailurematters.org\/sv\/wp-json\/wp\/v2\/categories?post=2470"},{"taxonomy":"post_tag","embeddable":true,"href":"https:\/\/www.heartfailurematters.org\/sv\/wp-json\/wp\/v2\/tags?post=2470"}],"curies":[{"name":"wp","href":"https:\/\/api.w.org\/{rel}","templated":true}]}}