{"id":2469,"date":"2021-01-27T22:11:50","date_gmt":"2021-01-27T22:11:50","guid":{"rendered":"http:\/\/heartfailurematters.local:8888\/rokning\/"},"modified":"2021-06-25T17:24:35","modified_gmt":"2021-06-25T16:24:35","slug":"rokning-vapning","status":"publish","type":"page","link":"https:\/\/www.heartfailurematters.org\/sv\/vad-du-sjalv-kan-gora\/rokning-vapning\/","title":{"rendered":"R\u00f6kning\/vapning"},"content":{"rendered":"<p>Kolmonoxid i cigarettr\u00f6k p\u00e5verkar blodets syres\u00e4ttande f\u00f6rm\u00e5ga. Ditt hj\u00e4rta m\u00e5ste d\u00e4rf\u00f6r arbeta h\u00e5rdare f\u00f6r att f\u00f6rse kroppen med tillr\u00e4ckligt syre. R\u00f6kning bidrar ocks\u00e5 till avlagringar av fett i blodk\u00e4rlen, vilket kan leda till k\u00e4rlkramp och hj\u00e4rtinfarkt. R\u00f6kning orsakar att blodk\u00e4rlen i kroppen, bland annat i hj\u00e4rtat, drar ihop sig (smalnar av) och att blodtrycket \u00f6kar. Det kommer att f\u00f6rv\u00e4rra symtomen p\u00e5 hj\u00e4rtsvikten. Det \u00e4r aldrig f\u00f6r sent att sluta r\u00f6ka och det kommer att vara till nytta f\u00f6r hj\u00e4rtat.<\/p>\n<p>Det finns flera olika s\u00e4tt att sluta r\u00f6ka. Var inte r\u00e4dd f\u00f6r att be om hj\u00e4lp eftersom det finns m\u00e5nga st\u00f6dgrupper och andra resurser som \u00e4r tillg\u00e4ngliga f\u00f6r att hj\u00e4lpa dig. Du kanske uppt\u00e4cker att inte alla r\u00e5d kommer att fungera f\u00f6r dig, men med lite envishet kommer du s\u00e4kert att hitta ett s\u00e4tt att sluta r\u00f6ka.<\/p>\n<p>H\u00e4r \u00e4r n\u00e5gra vanliga s\u00e4tt att sluta r\u00f6ka:<\/p>\n<ul>\n<li>Anv\u00e4nd de tillg\u00e4ngliga produkter som hj\u00e4lper mot abstinenssymtom (t.ex. nikotinpl\u00e5ster, tuggummi och inhalatorer) och fr\u00e5ga din l\u00e4kare eller sjuksk\u00f6terska om r\u00e5d.<\/li>\n<li>Flera nya l\u00e4kemedel finns nu att k\u00f6pa. Diskutera de olika alternativen med din l\u00e4kare.<\/li>\n<li>Minska gradvis antalet cigaretter under dagen, s\u00e5 att du bara r\u00f6ker cigaretter n\u00e4r kroppen beg\u00e4r det, inte bara av gammal vana.<\/li>\n<li>Borsta t\u00e4nderna efter en m\u00e5ltid i st\u00e4llet f\u00f6r att t\u00e4nda en cigarett \u2013 ibland hj\u00e4lper det att \u00e4ndra smak i munnen.<\/li>\n<li>Undvik platser d\u00e4r r\u00f6kning \u00e4r till\u00e5ten, till exempel uteplatser p\u00e5 pubar och barer, i b\u00f6rjan n\u00e4r du f\u00f6rs\u00f6ker sluta r\u00f6ka. Om r\u00f6kning \u00e4r till\u00e5ten p\u00e5 din arbetsplats, diskutera ditt beslut med dina kollegor.<\/li>\n<li>Hitta n\u00e5got annat som du kan g\u00f6ra med h\u00e4nderna eller munnen, som att leka med ett gem eller tugga tuggummi.<\/li>\n<li>Bli mer aktiv, motion \u00f6kar moralen och hj\u00e4lper dig att slappna av.<\/li>\n<li>T\u00f6m inte askfatet, det kommer att visa dig hur mycket du r\u00f6ker och hur hemskt gammal r\u00f6k luktar.<\/li>\n<li>Engagera din familj, s\u00e4rskilt de som r\u00f6ker \u2013 det kan vara nyckeln till framg\u00e5ng.<\/li>\n<\/ul>\n<p>Vissa patienter tycker att e-cigaretter (\u00e4ven kallat vapning) \u00e4r en bra hj\u00e4lp n\u00e4r de f\u00f6rs\u00f6ker sluta r\u00f6ka. Vapning \u00e4r inte helt riskfritt och det har f\u00f6rekommit en hel del debatt om dess s\u00e4kerhet. J\u00e4mf\u00f6rt med vanliga cigaretter medf\u00f6r dock e-cigaretter en mycket l\u00e4gre risk. Patienter med hj\u00e4rtsvikt som vill prova vapning f\u00f6r att sluta r\u00f6ka b\u00f6r diskutera detta beslut med sin prim\u00e4rv\u00e5rdsl\u00e4kare eller sjuksk\u00f6terska. Att sluta r\u00f6ka med hj\u00e4lp av e-cigaretter \u00e4r s\u00e4rskilt effektivt n\u00e4r det kombineras med expertst\u00f6d fr\u00e5n sjukv\u00e5rdspersonal.<\/p>\n<p>Du kanske inte k\u00e4nner av h\u00e4lsoeffekterna av att sluta r\u00f6ka omedelbart, men med tiden kommer du att k\u00e4nna dig b\u00e4ttre och friskare i allm\u00e4nhet. Det \u00e4r viktigt att din partner \u00e4r st\u00f6djande och f\u00f6rst\u00e5r att st\u00f6d \u00e4r en viktig del av din livsstilsf\u00f6r\u00e4ndring.<\/p>\n<p>Ytterligare information om att sluta r\u00f6ka finns p\u00e5 f\u00f6ljande webbplatser:<\/p>\n<ul>\n<li><a title=\"\" href=\"http:\/\/www.ash.org.uk\/\" target=\"_blank\" rel=\"noopener\">ASH<\/a><\/li>\n<\/ul>\n<p><a title=\"\" href=\"https:\/\/www.heartfailurematters.org\/what-you-can-do\/adapting-your-lifestyle\/\">\u00c5terg\u00e5 till &#8221;Anpassa din livsstil&#8221;<\/a><\/p>\n","protected":false},"excerpt":{"rendered":"<p>Kolmonoxid i cigarettr\u00f6k p\u00e5verkar blodets syres\u00e4ttande f\u00f6rm\u00e5ga. Ditt hj\u00e4rta m\u00e5ste d\u00e4rf\u00f6r arbeta h\u00e5rdare f\u00f6r att f\u00f6rse kroppen med tillr\u00e4ckligt syre. R\u00f6kning bidrar ocks\u00e5 till avlagringar av fett i blodk\u00e4rlen, vilket kan leda till k\u00e4rlkramp och hj\u00e4rtinfarkt. R\u00f6kning orsakar att blodk\u00e4rlen i kroppen, bland annat i hj\u00e4rtat, drar ihop sig (smalnar av) och att blodtrycket \u00f6kar. [&hellip;]<\/p>\n","protected":false},"author":1,"featured_media":11059,"parent":2721,"menu_order":0,"comment_status":"open","ping_status":"open","template":"","meta":{"_acf_changed":false,"footnotes":""},"categories":[],"tags":[],"class_list":["post-2469","page","type-page","status-publish","has-post-thumbnail","hentry"],"acf":[],"yoast_head":"<!-- This site is optimized with the Yoast SEO plugin v24.8.1 - https:\/\/yoast.com\/wordpress\/plugins\/seo\/ -->\n<title>R\u00f6kning och hj\u00e4rtsvikt<\/title>\n<meta name=\"description\" content=\"Kolmonoxid i cigarettr\u00f6k p\u00e5verkar blodets syres\u00e4ttande f\u00f6rm\u00e5ga. Ditt hj\u00e4rta m\u00e5ste d\u00e4rf\u00f6r arbeta h\u00e5rdare f\u00f6r att f\u00f6rse kroppen med tillr\u00e4ckligt syre.\" \/>\n<meta name=\"robots\" content=\"index, follow, max-snippet:-1, max-image-preview:large, max-video-preview:-1\" \/>\n<link rel=\"canonical\" href=\"https:\/\/www.heartfailurematters.org\/sv\/vad-du-sjalv-kan-gora\/rokning-vapning\/\" \/>\n<meta property=\"og:locale\" content=\"sv_SE\" \/>\n<meta property=\"og:type\" content=\"article\" \/>\n<meta property=\"og:title\" content=\"R\u00f6kning och hj\u00e4rtsvikt\" \/>\n<meta property=\"og:description\" content=\"Kolmonoxid i cigarettr\u00f6k p\u00e5verkar blodets syres\u00e4ttande f\u00f6rm\u00e5ga. Ditt hj\u00e4rta m\u00e5ste d\u00e4rf\u00f6r arbeta h\u00e5rdare f\u00f6r att f\u00f6rse kroppen med tillr\u00e4ckligt syre.\" \/>\n<meta property=\"og:url\" content=\"https:\/\/www.heartfailurematters.org\/sv\/vad-du-sjalv-kan-gora\/rokning-vapning\/\" \/>\n<meta property=\"og:site_name\" content=\"Heart Failure Matters\" \/>\n<meta property=\"article:publisher\" content=\"https:\/\/www.facebook.com\/heartfailurematters\" \/>\n<meta property=\"article:modified_time\" content=\"2021-06-25T16:24:35+00:00\" \/>\n<meta property=\"og:image\" content=\"https:\/\/www.heartfailurematters.org\/wp-content\/uploads\/2022\/03\/shutterstock_1476923477-1-min.jpg\" \/>\n\t<meta property=\"og:image:width\" content=\"900\" \/>\n\t<meta property=\"og:image:height\" content=\"601\" \/>\n\t<meta property=\"og:image:type\" content=\"image\/jpeg\" \/>\n<meta name=\"twitter:card\" content=\"summary_large_image\" \/>\n<meta name=\"twitter:label1\" content=\"Ber\u00e4knad l\u00e4stid\" \/>\n\t<meta name=\"twitter:data1\" content=\"2 minuter\" \/>\n<script type=\"application\/ld+json\" class=\"yoast-schema-graph\">{\"@context\":\"https:\/\/schema.org\",\"@graph\":[{\"@type\":\"WebPage\",\"@id\":\"https:\/\/www.heartfailurematters.org\/sv\/vad-du-sjalv-kan-gora\/rokning-vapning\/\",\"url\":\"https:\/\/www.heartfailurematters.org\/sv\/vad-du-sjalv-kan-gora\/rokning-vapning\/\",\"name\":\"R\u00f6kning och hj\u00e4rtsvikt\",\"isPartOf\":{\"@id\":\"https:\/\/www.heartfailurematters.org\/sv\/#website\"},\"primaryImageOfPage\":{\"@id\":\"https:\/\/www.heartfailurematters.org\/sv\/vad-du-sjalv-kan-gora\/rokning-vapning\/#primaryimage\"},\"image\":{\"@id\":\"https:\/\/www.heartfailurematters.org\/sv\/vad-du-sjalv-kan-gora\/rokning-vapning\/#primaryimage\"},\"thumbnailUrl\":\"https:\/\/www.heartfailurematters.org\/wp-content\/uploads\/2022\/03\/shutterstock_1476923477-1-min.jpg\",\"datePublished\":\"2021-01-27T22:11:50+00:00\",\"dateModified\":\"2021-06-25T16:24:35+00:00\",\"description\":\"Kolmonoxid i cigarettr\u00f6k p\u00e5verkar blodets syres\u00e4ttande f\u00f6rm\u00e5ga. Ditt hj\u00e4rta m\u00e5ste d\u00e4rf\u00f6r arbeta h\u00e5rdare f\u00f6r att f\u00f6rse kroppen med tillr\u00e4ckligt syre.\",\"breadcrumb\":{\"@id\":\"https:\/\/www.heartfailurematters.org\/sv\/vad-du-sjalv-kan-gora\/rokning-vapning\/#breadcrumb\"},\"inLanguage\":\"sv-SE\",\"potentialAction\":[{\"@type\":\"ReadAction\",\"target\":[\"https:\/\/www.heartfailurematters.org\/sv\/vad-du-sjalv-kan-gora\/rokning-vapning\/\"]}]},{\"@type\":\"ImageObject\",\"inLanguage\":\"sv-SE\",\"@id\":\"https:\/\/www.heartfailurematters.org\/sv\/vad-du-sjalv-kan-gora\/rokning-vapning\/#primaryimage\",\"url\":\"https:\/\/www.heartfailurematters.org\/wp-content\/uploads\/2022\/03\/shutterstock_1476923477-1-min.jpg\",\"contentUrl\":\"https:\/\/www.heartfailurematters.org\/wp-content\/uploads\/2022\/03\/shutterstock_1476923477-1-min.jpg\",\"width\":900,\"height\":601},{\"@type\":\"BreadcrumbList\",\"@id\":\"https:\/\/www.heartfailurematters.org\/sv\/vad-du-sjalv-kan-gora\/rokning-vapning\/#breadcrumb\",\"itemListElement\":[{\"@type\":\"ListItem\",\"position\":1,\"name\":\"Hem\",\"item\":\"https:\/\/www.heartfailurematters.org\/sv\/\"},{\"@type\":\"ListItem\",\"position\":2,\"name\":\"Vad du kan g\u00f6ra f\u00f6r att hantera din hj\u00e4rtsvikt\",\"item\":\"https:\/\/www.heartfailurematters.org\/sv\/vad-du-sjalv-kan-gora\/\"},{\"@type\":\"ListItem\",\"position\":3,\"name\":\"R\u00f6kning\/vapning\"}]},{\"@type\":\"WebSite\",\"@id\":\"https:\/\/www.heartfailurematters.org\/sv\/#website\",\"url\":\"https:\/\/www.heartfailurematters.org\/sv\/\",\"name\":\"Heart Failure Matters\",\"description\":\"Practical information for patients, families and caregivers.\",\"publisher\":{\"@id\":\"https:\/\/www.heartfailurematters.org\/sv\/#organization\"},\"potentialAction\":[{\"@type\":\"SearchAction\",\"target\":{\"@type\":\"EntryPoint\",\"urlTemplate\":\"https:\/\/www.heartfailurematters.org\/sv\/?s={search_term_string}\"},\"query-input\":{\"@type\":\"PropertyValueSpecification\",\"valueRequired\":true,\"valueName\":\"search_term_string\"}}],\"inLanguage\":\"sv-SE\"},{\"@type\":\"Organization\",\"@id\":\"https:\/\/www.heartfailurematters.org\/sv\/#organization\",\"name\":\"Heart Failure Matters\",\"url\":\"https:\/\/www.heartfailurematters.org\/sv\/\",\"logo\":{\"@type\":\"ImageObject\",\"inLanguage\":\"sv-SE\",\"@id\":\"https:\/\/www.heartfailurematters.org\/sv\/#\/schema\/logo\/image\/\",\"url\":\"https:\/\/cdn-endpoint-hfm.azureedge.net\/heartfailurematters\/2024\/07\/hfm-logo1.jpg\",\"contentUrl\":\"https:\/\/cdn-endpoint-hfm.azureedge.net\/heartfailurematters\/2024\/07\/hfm-logo1.jpg\",\"width\":1280,\"height\":720,\"caption\":\"Heart Failure Matters\"},\"image\":{\"@id\":\"https:\/\/www.heartfailurematters.org\/sv\/#\/schema\/logo\/image\/\"},\"sameAs\":[\"https:\/\/www.facebook.com\/heartfailurematters\"]}]}<\/script>\n<!-- \/ Yoast SEO plugin. -->","yoast_head_json":{"title":"R\u00f6kning och hj\u00e4rtsvikt","description":"Kolmonoxid i cigarettr\u00f6k p\u00e5verkar blodets syres\u00e4ttande f\u00f6rm\u00e5ga. Ditt hj\u00e4rta m\u00e5ste d\u00e4rf\u00f6r arbeta h\u00e5rdare f\u00f6r att f\u00f6rse kroppen med tillr\u00e4ckligt syre.","robots":{"index":"index","follow":"follow","max-snippet":"max-snippet:-1","max-image-preview":"max-image-preview:large","max-video-preview":"max-video-preview:-1"},"canonical":"https:\/\/www.heartfailurematters.org\/sv\/vad-du-sjalv-kan-gora\/rokning-vapning\/","og_locale":"sv_SE","og_type":"article","og_title":"R\u00f6kning och hj\u00e4rtsvikt","og_description":"Kolmonoxid i cigarettr\u00f6k p\u00e5verkar blodets syres\u00e4ttande f\u00f6rm\u00e5ga. Ditt hj\u00e4rta m\u00e5ste d\u00e4rf\u00f6r arbeta h\u00e5rdare f\u00f6r att f\u00f6rse kroppen med tillr\u00e4ckligt syre.","og_url":"https:\/\/www.heartfailurematters.org\/sv\/vad-du-sjalv-kan-gora\/rokning-vapning\/","og_site_name":"Heart Failure Matters","article_publisher":"https:\/\/www.facebook.com\/heartfailurematters","article_modified_time":"2021-06-25T16:24:35+00:00","og_image":[{"width":900,"height":601,"url":"https:\/\/www.heartfailurematters.org\/wp-content\/uploads\/2022\/03\/shutterstock_1476923477-1-min.jpg","type":"image\/jpeg"}],"twitter_card":"summary_large_image","twitter_misc":{"Ber\u00e4knad l\u00e4stid":"2 minuter"},"schema":{"@context":"https:\/\/schema.org","@graph":[{"@type":"WebPage","@id":"https:\/\/www.heartfailurematters.org\/sv\/vad-du-sjalv-kan-gora\/rokning-vapning\/","url":"https:\/\/www.heartfailurematters.org\/sv\/vad-du-sjalv-kan-gora\/rokning-vapning\/","name":"R\u00f6kning och hj\u00e4rtsvikt","isPartOf":{"@id":"https:\/\/www.heartfailurematters.org\/sv\/#website"},"primaryImageOfPage":{"@id":"https:\/\/www.heartfailurematters.org\/sv\/vad-du-sjalv-kan-gora\/rokning-vapning\/#primaryimage"},"image":{"@id":"https:\/\/www.heartfailurematters.org\/sv\/vad-du-sjalv-kan-gora\/rokning-vapning\/#primaryimage"},"thumbnailUrl":"https:\/\/www.heartfailurematters.org\/wp-content\/uploads\/2022\/03\/shutterstock_1476923477-1-min.jpg","datePublished":"2021-01-27T22:11:50+00:00","dateModified":"2021-06-25T16:24:35+00:00","description":"Kolmonoxid i cigarettr\u00f6k p\u00e5verkar blodets syres\u00e4ttande f\u00f6rm\u00e5ga. Ditt hj\u00e4rta m\u00e5ste d\u00e4rf\u00f6r arbeta h\u00e5rdare f\u00f6r att f\u00f6rse kroppen med tillr\u00e4ckligt syre.","breadcrumb":{"@id":"https:\/\/www.heartfailurematters.org\/sv\/vad-du-sjalv-kan-gora\/rokning-vapning\/#breadcrumb"},"inLanguage":"sv-SE","potentialAction":[{"@type":"ReadAction","target":["https:\/\/www.heartfailurematters.org\/sv\/vad-du-sjalv-kan-gora\/rokning-vapning\/"]}]},{"@type":"ImageObject","inLanguage":"sv-SE","@id":"https:\/\/www.heartfailurematters.org\/sv\/vad-du-sjalv-kan-gora\/rokning-vapning\/#primaryimage","url":"https:\/\/www.heartfailurematters.org\/wp-content\/uploads\/2022\/03\/shutterstock_1476923477-1-min.jpg","contentUrl":"https:\/\/www.heartfailurematters.org\/wp-content\/uploads\/2022\/03\/shutterstock_1476923477-1-min.jpg","width":900,"height":601},{"@type":"BreadcrumbList","@id":"https:\/\/www.heartfailurematters.org\/sv\/vad-du-sjalv-kan-gora\/rokning-vapning\/#breadcrumb","itemListElement":[{"@type":"ListItem","position":1,"name":"Hem","item":"https:\/\/www.heartfailurematters.org\/sv\/"},{"@type":"ListItem","position":2,"name":"Vad du kan g\u00f6ra f\u00f6r att hantera din hj\u00e4rtsvikt","item":"https:\/\/www.heartfailurematters.org\/sv\/vad-du-sjalv-kan-gora\/"},{"@type":"ListItem","position":3,"name":"R\u00f6kning\/vapning"}]},{"@type":"WebSite","@id":"https:\/\/www.heartfailurematters.org\/sv\/#website","url":"https:\/\/www.heartfailurematters.org\/sv\/","name":"Heart Failure Matters","description":"Practical information for patients, families and caregivers.","publisher":{"@id":"https:\/\/www.heartfailurematters.org\/sv\/#organization"},"potentialAction":[{"@type":"SearchAction","target":{"@type":"EntryPoint","urlTemplate":"https:\/\/www.heartfailurematters.org\/sv\/?s={search_term_string}"},"query-input":{"@type":"PropertyValueSpecification","valueRequired":true,"valueName":"search_term_string"}}],"inLanguage":"sv-SE"},{"@type":"Organization","@id":"https:\/\/www.heartfailurematters.org\/sv\/#organization","name":"Heart Failure Matters","url":"https:\/\/www.heartfailurematters.org\/sv\/","logo":{"@type":"ImageObject","inLanguage":"sv-SE","@id":"https:\/\/www.heartfailurematters.org\/sv\/#\/schema\/logo\/image\/","url":"https:\/\/cdn-endpoint-hfm.azureedge.net\/heartfailurematters\/2024\/07\/hfm-logo1.jpg","contentUrl":"https:\/\/cdn-endpoint-hfm.azureedge.net\/heartfailurematters\/2024\/07\/hfm-logo1.jpg","width":1280,"height":720,"caption":"Heart Failure Matters"},"image":{"@id":"https:\/\/www.heartfailurematters.org\/sv\/#\/schema\/logo\/image\/"},"sameAs":["https:\/\/www.facebook.com\/heartfailurematters"]}]}},"_links":{"self":[{"href":"https:\/\/www.heartfailurematters.org\/sv\/wp-json\/wp\/v2\/pages\/2469","targetHints":{"allow":["GET"]}}],"collection":[{"href":"https:\/\/www.heartfailurematters.org\/sv\/wp-json\/wp\/v2\/pages"}],"about":[{"href":"https:\/\/www.heartfailurematters.org\/sv\/wp-json\/wp\/v2\/types\/page"}],"author":[{"embeddable":true,"href":"https:\/\/www.heartfailurematters.org\/sv\/wp-json\/wp\/v2\/users\/1"}],"replies":[{"embeddable":true,"href":"https:\/\/www.heartfailurematters.org\/sv\/wp-json\/wp\/v2\/comments?post=2469"}],"version-history":[{"count":3,"href":"https:\/\/www.heartfailurematters.org\/sv\/wp-json\/wp\/v2\/pages\/2469\/revisions"}],"predecessor-version":[{"id":9200,"href":"https:\/\/www.heartfailurematters.org\/sv\/wp-json\/wp\/v2\/pages\/2469\/revisions\/9200"}],"up":[{"embeddable":true,"href":"https:\/\/www.heartfailurematters.org\/sv\/wp-json\/wp\/v2\/pages\/2721"}],"wp:featuredmedia":[{"embeddable":true,"href":"https:\/\/www.heartfailurematters.org\/sv\/wp-json\/wp\/v2\/media\/11059"}],"wp:attachment":[{"href":"https:\/\/www.heartfailurematters.org\/sv\/wp-json\/wp\/v2\/media?parent=2469"}],"wp:term":[{"taxonomy":"category","embeddable":true,"href":"https:\/\/www.heartfailurematters.org\/sv\/wp-json\/wp\/v2\/categories?post=2469"},{"taxonomy":"post_tag","embeddable":true,"href":"https:\/\/www.heartfailurematters.org\/sv\/wp-json\/wp\/v2\/tags?post=2469"}],"curies":[{"name":"wp","href":"https:\/\/api.w.org\/{rel}","templated":true}]}}