{"id":2468,"date":"2021-01-27T22:11:50","date_gmt":"2021-01-27T22:11:50","guid":{"rendered":"http:\/\/heartfailurematters.local:8888\/svullnad-eller-smartor-i-buken\/"},"modified":"2026-02-10T13:33:24","modified_gmt":"2026-02-10T13:33:24","slug":"svullnad-eller-smartor-i-buken","status":"publish","type":"page","link":"https:\/\/www.heartfailurematters.org\/sv\/varningstecken\/svullnad-eller-smartor-i-buken\/","title":{"rendered":"Svullnad eller sm\u00e4rtor i buken"},"content":{"rendered":"<p>Svullnad eller sm\u00e4rtor i \u00f6vre delen av buken (magen) kan uppst\u00e5 p\u00e5 grund av v\u00e4tskeansamling (<a class=\"addtooltip\" title=\"Ett \u00f6verskott av v\u00e4tska i en del av kroppen.\"><strong>v\u00e4tskestas<\/strong><\/a>) i kroppen, vilket ofta \u00e4r ett tecken p\u00e5 f\u00f6rs\u00e4mrad hj\u00e4rtsvikt. Obehaget beror p\u00e5 v\u00e4tskeretention och v\u00e4tskestas i levern och tarmen. Vissa personer som utvecklar svullen buk m\u00e4rker att kl\u00e4derna k\u00e4nns stramare. Du borde diskutera det h\u00e4r tillst\u00e5ndet med din l\u00e4kare eller sjuksk\u00f6terska. Du kan beh\u00f6va justera dina <a class=\"addtooltip\" title=\"En klass av urindrivande l\u00e4kemedel som p\u00e5verkar njurarna att producera mer urin, vilket minskar kvarh\u00e5llande av v\u00e4tska och blodstockning.\"><strong>diuretiska<\/strong><\/a> l\u00e4kemedel, s\u00e4rskilt om du har m\u00e4rkt en vikt\u00f6kning. Du kan beh\u00f6va vara noggrann med m\u00e4ngden <a href=\"https:\/\/www.heartfailurematters.org\/what-you-can-do\/adjusting-your-diet-fluids\/\">v\u00e4tska<\/a> du dricker eller hur mycket salt du f\u00e5r i dig.<\/p>\n<p>Om din l\u00e4kare eller sjuksk\u00f6terska har talat med dig om hur du ska justera dina diuretiska l\u00e4kemedel b\u00f6r du g\u00f6ra det om du m\u00e4rker en svullnad av buken, s\u00e4rskilt om du har m\u00e4rkt en vikt\u00f6kning. Annars b\u00f6r du kontakta din l\u00e4kare eller sjuksk\u00f6terska f\u00f6r att f\u00e5 hj\u00e4lp.<\/p>\n","protected":false},"excerpt":{"rendered":"<p>Svullnad eller sm\u00e4rtor i \u00f6vre delen av buken (magen) kan uppst\u00e5 p\u00e5 grund av v\u00e4tskeansamling (v\u00e4tskestas) i kroppen, vilket ofta \u00e4r ett tecken p\u00e5 f\u00f6rs\u00e4mrad hj\u00e4rtsvikt. Obehaget beror p\u00e5 v\u00e4tskeretention och v\u00e4tskestas i levern och tarmen. Vissa personer som utvecklar svullen buk m\u00e4rker att kl\u00e4derna k\u00e4nns stramare. Du borde diskutera det h\u00e4r tillst\u00e5ndet med din [&hellip;]<\/p>\n","protected":false},"author":1,"featured_media":11116,"parent":2870,"menu_order":9,"comment_status":"open","ping_status":"closed","template":"","meta":{"_acf_changed":false,"footnotes":""},"categories":[133],"tags":[],"class_list":["post-2468","page","type-page","status-publish","has-post-thumbnail","hentry","category-warning-signs-sv"],"acf":[],"yoast_head":"<!-- This site is optimized with the Yoast SEO plugin v24.8.1 - https:\/\/yoast.com\/wordpress\/plugins\/seo\/ -->\n<title>Svullnad eller sm\u00e4rtor i buken<\/title>\n<meta name=\"description\" content=\"Svullnad eller sm\u00e4rta i \u00f6vre delen av buken? Ta reda p\u00e5 vad orsaken kan vara och vad man ska g\u00f6ra \u00e5t det (i vissa fall kan det vara ett tecken p\u00e5 f\u00f6rv\u00e4rrad hj\u00e4rtsvikt)\" \/>\n<meta name=\"robots\" content=\"index, follow, max-snippet:-1, max-image-preview:large, max-video-preview:-1\" \/>\n<link rel=\"canonical\" href=\"https:\/\/www.heartfailurematters.org\/sv\/varningstecken\/svullnad-eller-smartor-i-buken\/\" \/>\n<meta property=\"og:locale\" content=\"sv_SE\" \/>\n<meta property=\"og:type\" content=\"article\" \/>\n<meta property=\"og:title\" content=\"Svullnad eller sm\u00e4rtor i buken\" \/>\n<meta property=\"og:description\" content=\"Svullnad eller sm\u00e4rta i \u00f6vre delen av buken? Ta reda p\u00e5 vad orsaken kan vara och vad man ska g\u00f6ra \u00e5t det (i vissa fall kan det vara ett tecken p\u00e5 f\u00f6rv\u00e4rrad hj\u00e4rtsvikt)\" \/>\n<meta property=\"og:url\" content=\"https:\/\/www.heartfailurematters.org\/sv\/varningstecken\/svullnad-eller-smartor-i-buken\/\" \/>\n<meta property=\"og:site_name\" content=\"Heart Failure Matters\" \/>\n<meta property=\"article:publisher\" content=\"https:\/\/www.facebook.com\/heartfailurematters\" \/>\n<meta property=\"article:modified_time\" content=\"2026-02-10T13:33:24+00:00\" \/>\n<meta property=\"og:image\" content=\"https:\/\/www.heartfailurematters.org\/wp-content\/uploads\/2022\/03\/shutterstock_1850834386-1-min.jpg\" \/>\n\t<meta property=\"og:image:width\" content=\"900\" \/>\n\t<meta property=\"og:image:height\" content=\"600\" \/>\n\t<meta property=\"og:image:type\" content=\"image\/jpeg\" \/>\n<meta name=\"twitter:card\" content=\"summary_large_image\" \/>\n<meta name=\"twitter:label1\" content=\"Ber\u00e4knad l\u00e4stid\" \/>\n\t<meta name=\"twitter:data1\" content=\"1 minut\" \/>\n<script type=\"application\/ld+json\" class=\"yoast-schema-graph\">{\"@context\":\"https:\/\/schema.org\",\"@graph\":[{\"@type\":\"WebPage\",\"@id\":\"https:\/\/www.heartfailurematters.org\/sv\/varningstecken\/svullnad-eller-smartor-i-buken\/\",\"url\":\"https:\/\/www.heartfailurematters.org\/sv\/varningstecken\/svullnad-eller-smartor-i-buken\/\",\"name\":\"Svullnad eller sm\u00e4rtor i buken\",\"isPartOf\":{\"@id\":\"https:\/\/www.heartfailurematters.org\/sv\/#website\"},\"primaryImageOfPage\":{\"@id\":\"https:\/\/www.heartfailurematters.org\/sv\/varningstecken\/svullnad-eller-smartor-i-buken\/#primaryimage\"},\"image\":{\"@id\":\"https:\/\/www.heartfailurematters.org\/sv\/varningstecken\/svullnad-eller-smartor-i-buken\/#primaryimage\"},\"thumbnailUrl\":\"https:\/\/www.heartfailurematters.org\/wp-content\/uploads\/2022\/03\/shutterstock_1850834386-1-min.jpg\",\"datePublished\":\"2021-01-27T22:11:50+00:00\",\"dateModified\":\"2026-02-10T13:33:24+00:00\",\"description\":\"Svullnad eller sm\u00e4rta i \u00f6vre delen av buken? Ta reda p\u00e5 vad orsaken kan vara och vad man ska g\u00f6ra \u00e5t det (i vissa fall kan det vara ett tecken p\u00e5 f\u00f6rv\u00e4rrad hj\u00e4rtsvikt)\",\"breadcrumb\":{\"@id\":\"https:\/\/www.heartfailurematters.org\/sv\/varningstecken\/svullnad-eller-smartor-i-buken\/#breadcrumb\"},\"inLanguage\":\"sv-SE\",\"potentialAction\":[{\"@type\":\"ReadAction\",\"target\":[\"https:\/\/www.heartfailurematters.org\/sv\/varningstecken\/svullnad-eller-smartor-i-buken\/\"]}]},{\"@type\":\"ImageObject\",\"inLanguage\":\"sv-SE\",\"@id\":\"https:\/\/www.heartfailurematters.org\/sv\/varningstecken\/svullnad-eller-smartor-i-buken\/#primaryimage\",\"url\":\"https:\/\/www.heartfailurematters.org\/wp-content\/uploads\/2022\/03\/shutterstock_1850834386-1-min.jpg\",\"contentUrl\":\"https:\/\/www.heartfailurematters.org\/wp-content\/uploads\/2022\/03\/shutterstock_1850834386-1-min.jpg\",\"width\":900,\"height\":600},{\"@type\":\"BreadcrumbList\",\"@id\":\"https:\/\/www.heartfailurematters.org\/sv\/varningstecken\/svullnad-eller-smartor-i-buken\/#breadcrumb\",\"itemListElement\":[{\"@type\":\"ListItem\",\"position\":1,\"name\":\"Hem\",\"item\":\"https:\/\/www.heartfailurematters.org\/sv\/\"},{\"@type\":\"ListItem\",\"position\":2,\"name\":\"Varningstecken\",\"item\":\"https:\/\/www.heartfailurematters.org\/sv\/varningstecken\/\"},{\"@type\":\"ListItem\",\"position\":3,\"name\":\"Svullnad eller sm\u00e4rtor i buken\"}]},{\"@type\":\"WebSite\",\"@id\":\"https:\/\/www.heartfailurematters.org\/sv\/#website\",\"url\":\"https:\/\/www.heartfailurematters.org\/sv\/\",\"name\":\"Heart Failure Matters\",\"description\":\"Practical information for patients, families and caregivers.\",\"publisher\":{\"@id\":\"https:\/\/www.heartfailurematters.org\/sv\/#organization\"},\"potentialAction\":[{\"@type\":\"SearchAction\",\"target\":{\"@type\":\"EntryPoint\",\"urlTemplate\":\"https:\/\/www.heartfailurematters.org\/sv\/?s={search_term_string}\"},\"query-input\":{\"@type\":\"PropertyValueSpecification\",\"valueRequired\":true,\"valueName\":\"search_term_string\"}}],\"inLanguage\":\"sv-SE\"},{\"@type\":\"Organization\",\"@id\":\"https:\/\/www.heartfailurematters.org\/sv\/#organization\",\"name\":\"Heart Failure Matters\",\"url\":\"https:\/\/www.heartfailurematters.org\/sv\/\",\"logo\":{\"@type\":\"ImageObject\",\"inLanguage\":\"sv-SE\",\"@id\":\"https:\/\/www.heartfailurematters.org\/sv\/#\/schema\/logo\/image\/\",\"url\":\"https:\/\/cdn-endpoint-hfm.azureedge.net\/heartfailurematters\/2024\/07\/hfm-logo1.jpg\",\"contentUrl\":\"https:\/\/cdn-endpoint-hfm.azureedge.net\/heartfailurematters\/2024\/07\/hfm-logo1.jpg\",\"width\":1280,\"height\":720,\"caption\":\"Heart Failure Matters\"},\"image\":{\"@id\":\"https:\/\/www.heartfailurematters.org\/sv\/#\/schema\/logo\/image\/\"},\"sameAs\":[\"https:\/\/www.facebook.com\/heartfailurematters\"]}]}<\/script>\n<!-- \/ Yoast SEO plugin. -->","yoast_head_json":{"title":"Svullnad eller sm\u00e4rtor i buken","description":"Svullnad eller sm\u00e4rta i \u00f6vre delen av buken? Ta reda p\u00e5 vad orsaken kan vara och vad man ska g\u00f6ra \u00e5t det (i vissa fall kan det vara ett tecken p\u00e5 f\u00f6rv\u00e4rrad hj\u00e4rtsvikt)","robots":{"index":"index","follow":"follow","max-snippet":"max-snippet:-1","max-image-preview":"max-image-preview:large","max-video-preview":"max-video-preview:-1"},"canonical":"https:\/\/www.heartfailurematters.org\/sv\/varningstecken\/svullnad-eller-smartor-i-buken\/","og_locale":"sv_SE","og_type":"article","og_title":"Svullnad eller sm\u00e4rtor i buken","og_description":"Svullnad eller sm\u00e4rta i \u00f6vre delen av buken? Ta reda p\u00e5 vad orsaken kan vara och vad man ska g\u00f6ra \u00e5t det (i vissa fall kan det vara ett tecken p\u00e5 f\u00f6rv\u00e4rrad hj\u00e4rtsvikt)","og_url":"https:\/\/www.heartfailurematters.org\/sv\/varningstecken\/svullnad-eller-smartor-i-buken\/","og_site_name":"Heart Failure Matters","article_publisher":"https:\/\/www.facebook.com\/heartfailurematters","article_modified_time":"2026-02-10T13:33:24+00:00","og_image":[{"width":900,"height":600,"url":"https:\/\/www.heartfailurematters.org\/wp-content\/uploads\/2022\/03\/shutterstock_1850834386-1-min.jpg","type":"image\/jpeg"}],"twitter_card":"summary_large_image","twitter_misc":{"Ber\u00e4knad l\u00e4stid":"1 minut"},"schema":{"@context":"https:\/\/schema.org","@graph":[{"@type":"WebPage","@id":"https:\/\/www.heartfailurematters.org\/sv\/varningstecken\/svullnad-eller-smartor-i-buken\/","url":"https:\/\/www.heartfailurematters.org\/sv\/varningstecken\/svullnad-eller-smartor-i-buken\/","name":"Svullnad eller sm\u00e4rtor i buken","isPartOf":{"@id":"https:\/\/www.heartfailurematters.org\/sv\/#website"},"primaryImageOfPage":{"@id":"https:\/\/www.heartfailurematters.org\/sv\/varningstecken\/svullnad-eller-smartor-i-buken\/#primaryimage"},"image":{"@id":"https:\/\/www.heartfailurematters.org\/sv\/varningstecken\/svullnad-eller-smartor-i-buken\/#primaryimage"},"thumbnailUrl":"https:\/\/www.heartfailurematters.org\/wp-content\/uploads\/2022\/03\/shutterstock_1850834386-1-min.jpg","datePublished":"2021-01-27T22:11:50+00:00","dateModified":"2026-02-10T13:33:24+00:00","description":"Svullnad eller sm\u00e4rta i \u00f6vre delen av buken? Ta reda p\u00e5 vad orsaken kan vara och vad man ska g\u00f6ra \u00e5t det (i vissa fall kan det vara ett tecken p\u00e5 f\u00f6rv\u00e4rrad hj\u00e4rtsvikt)","breadcrumb":{"@id":"https:\/\/www.heartfailurematters.org\/sv\/varningstecken\/svullnad-eller-smartor-i-buken\/#breadcrumb"},"inLanguage":"sv-SE","potentialAction":[{"@type":"ReadAction","target":["https:\/\/www.heartfailurematters.org\/sv\/varningstecken\/svullnad-eller-smartor-i-buken\/"]}]},{"@type":"ImageObject","inLanguage":"sv-SE","@id":"https:\/\/www.heartfailurematters.org\/sv\/varningstecken\/svullnad-eller-smartor-i-buken\/#primaryimage","url":"https:\/\/www.heartfailurematters.org\/wp-content\/uploads\/2022\/03\/shutterstock_1850834386-1-min.jpg","contentUrl":"https:\/\/www.heartfailurematters.org\/wp-content\/uploads\/2022\/03\/shutterstock_1850834386-1-min.jpg","width":900,"height":600},{"@type":"BreadcrumbList","@id":"https:\/\/www.heartfailurematters.org\/sv\/varningstecken\/svullnad-eller-smartor-i-buken\/#breadcrumb","itemListElement":[{"@type":"ListItem","position":1,"name":"Hem","item":"https:\/\/www.heartfailurematters.org\/sv\/"},{"@type":"ListItem","position":2,"name":"Varningstecken","item":"https:\/\/www.heartfailurematters.org\/sv\/varningstecken\/"},{"@type":"ListItem","position":3,"name":"Svullnad eller sm\u00e4rtor i buken"}]},{"@type":"WebSite","@id":"https:\/\/www.heartfailurematters.org\/sv\/#website","url":"https:\/\/www.heartfailurematters.org\/sv\/","name":"Heart Failure Matters","description":"Practical information for patients, families and caregivers.","publisher":{"@id":"https:\/\/www.heartfailurematters.org\/sv\/#organization"},"potentialAction":[{"@type":"SearchAction","target":{"@type":"EntryPoint","urlTemplate":"https:\/\/www.heartfailurematters.org\/sv\/?s={search_term_string}"},"query-input":{"@type":"PropertyValueSpecification","valueRequired":true,"valueName":"search_term_string"}}],"inLanguage":"sv-SE"},{"@type":"Organization","@id":"https:\/\/www.heartfailurematters.org\/sv\/#organization","name":"Heart Failure Matters","url":"https:\/\/www.heartfailurematters.org\/sv\/","logo":{"@type":"ImageObject","inLanguage":"sv-SE","@id":"https:\/\/www.heartfailurematters.org\/sv\/#\/schema\/logo\/image\/","url":"https:\/\/cdn-endpoint-hfm.azureedge.net\/heartfailurematters\/2024\/07\/hfm-logo1.jpg","contentUrl":"https:\/\/cdn-endpoint-hfm.azureedge.net\/heartfailurematters\/2024\/07\/hfm-logo1.jpg","width":1280,"height":720,"caption":"Heart Failure Matters"},"image":{"@id":"https:\/\/www.heartfailurematters.org\/sv\/#\/schema\/logo\/image\/"},"sameAs":["https:\/\/www.facebook.com\/heartfailurematters"]}]}},"_links":{"self":[{"href":"https:\/\/www.heartfailurematters.org\/sv\/wp-json\/wp\/v2\/pages\/2468","targetHints":{"allow":["GET"]}}],"collection":[{"href":"https:\/\/www.heartfailurematters.org\/sv\/wp-json\/wp\/v2\/pages"}],"about":[{"href":"https:\/\/www.heartfailurematters.org\/sv\/wp-json\/wp\/v2\/types\/page"}],"author":[{"embeddable":true,"href":"https:\/\/www.heartfailurematters.org\/sv\/wp-json\/wp\/v2\/users\/1"}],"replies":[{"embeddable":true,"href":"https:\/\/www.heartfailurematters.org\/sv\/wp-json\/wp\/v2\/comments?post=2468"}],"version-history":[{"count":3,"href":"https:\/\/www.heartfailurematters.org\/sv\/wp-json\/wp\/v2\/pages\/2468\/revisions"}],"predecessor-version":[{"id":13908,"href":"https:\/\/www.heartfailurematters.org\/sv\/wp-json\/wp\/v2\/pages\/2468\/revisions\/13908"}],"up":[{"embeddable":true,"href":"https:\/\/www.heartfailurematters.org\/sv\/wp-json\/wp\/v2\/pages\/2870"}],"wp:featuredmedia":[{"embeddable":true,"href":"https:\/\/www.heartfailurematters.org\/sv\/wp-json\/wp\/v2\/media\/11116"}],"wp:attachment":[{"href":"https:\/\/www.heartfailurematters.org\/sv\/wp-json\/wp\/v2\/media?parent=2468"}],"wp:term":[{"taxonomy":"category","embeddable":true,"href":"https:\/\/www.heartfailurematters.org\/sv\/wp-json\/wp\/v2\/categories?post=2468"},{"taxonomy":"post_tag","embeddable":true,"href":"https:\/\/www.heartfailurematters.org\/sv\/wp-json\/wp\/v2\/tags?post=2468"}],"curies":[{"name":"wp","href":"https:\/\/api.w.org\/{rel}","templated":true}]}}