{"id":2466,"date":"2021-01-27T22:11:50","date_gmt":"2021-01-27T22:11:50","guid":{"rendered":"http:\/\/heartfailurematters.local:8888\/hjarttransplantation\/"},"modified":"2021-01-27T22:11:50","modified_gmt":"2021-01-27T22:11:50","slug":"hjarttransplantation","status":"publish","type":"page","link":"https:\/\/www.heartfailurematters.org\/sv\/vad-din-lakare-eller-sjukskoterska-kan-gora\/hjarttransplantation\/","title":{"rendered":"Hj\u00e4rttransplantation"},"content":{"rendered":"<h2>Varf\u00f6r g\u00f6r man en s\u00e5dan?<\/h2>\n<p>Vid sv\u00e5r hj\u00e4rtsvikt, n\u00e4r alla andra behandlingar har misslyckats med att ge f\u00f6rv\u00e4ntade f\u00f6rb\u00e4ttringar, men din h\u00e4lsa fortfarande \u00e4r ganska god, kan du vara en l\u00e4mplig kandidat f\u00f6r en <a class=\"addtooltip\" title=\"&lt;div id='ToolTipTextWrap'&gt;Hj\u00e4rttransplantation&lt;\/div&gt;&lt;p&gt; Ett kirurgiskt ingrepp d\u00e4r ett fungerande hj\u00e4rta tas fr\u00e5n en nyligen avliden organdonator och inplanteras i en person vars hj\u00e4rta inte fungerar som det ska.&lt;\/p&gt;\"><strong>hj\u00e4rttransplantation<\/strong><\/a>&nbsp;. Tyv\u00e4rr kan du beh\u00f6va v\u00e4nta i m\u00e5nader eller \u00e5r innan ett l\u00e4mpligt hj\u00e4rta blir tillg\u00e4ngligt, p\u00e5 grund av den nuvarande bristen p\u00e5 donatorer.<\/p>\n<p>En hj\u00e4rttransplantation kan f\u00f6rl\u00e4nga ditt liv och f\u00f6rb\u00e4ttra din livskvalitet j\u00e4mf\u00f6rt med konventionell behandling. Det h\u00e4r \u00e4r dock ett stort beslut och patienter utv\u00e4rderas noga innan de kommer ifr\u00e5ga f\u00f6r en transplantation.<\/p>\n<h2>Vad inneb\u00e4r det?<\/h2>\n<p>Hj\u00e4rttransplantation \u00e4r en komplicerad operation som kan ta fr\u00e5n fyra till tio timmar. Under operationen kommer du att kopplas till en hj\u00e4rt-lungmaskin som levererar blod till hj\u00e4rnan och kroppen.<\/p>\n<p>Ditt hj\u00e4rta kommer sedan att avl\u00e4gsnas och blodk\u00e4rlen kommer att anslutas till ditt nya hj\u00e4rta, s\u00e5 att blodet kan fl\u00f6da till din kropp. Efter operationen kommer du att \u00f6vervakas noga och kontrolleras s\u00e5 att din kropp inte st\u00f6ter bort det nya hj\u00e4rtat. Efter transplantationen kommer du att beh\u00f6va ta ett flertal l\u00e4kemedel permanent, f\u00f6r att f\u00f6rhindra att kroppen st\u00f6ter bort det donerade hj\u00e4rtat.<\/p>\n<\/p>\n<ul>\n<li><\/li>\n<li><\/li>\n<li><\/li>\n<li><\/li>\n<li><\/li>\n<li><\/li>\n<\/ul>\n<p><a href=\"https:\/\/www.heartfailurematters.org\/sv\/vad-din-lakare-eller-sjukskoterska-kan-gora\/kirurgi\/\">\u00c5terg\u00e5 till &#8221;Kirurgi&#8221;<\/a><\/p>\n<p>&nbsp;<\/p>\n","protected":false},"excerpt":{"rendered":"<p>Varf\u00f6r g\u00f6r man en s\u00e5dan? Vid sv\u00e5r hj\u00e4rtsvikt, n\u00e4r alla andra behandlingar har misslyckats med att ge f\u00f6rv\u00e4ntade f\u00f6rb\u00e4ttringar, men din h\u00e4lsa fortfarande \u00e4r ganska god, kan du vara en l\u00e4mplig kandidat f\u00f6r en hj\u00e4rttransplantation&nbsp;. Tyv\u00e4rr kan du beh\u00f6va v\u00e4nta i m\u00e5nader eller \u00e5r innan ett l\u00e4mpligt hj\u00e4rta blir tillg\u00e4ngligt, p\u00e5 grund av den nuvarande [&hellip;]<\/p>\n","protected":false},"author":1,"featured_media":10939,"parent":2685,"menu_order":0,"comment_status":"open","ping_status":"open","template":"","meta":{"_acf_changed":false,"footnotes":""},"categories":[],"tags":[],"class_list":["post-2466","page","type-page","status-publish","has-post-thumbnail","hentry"],"acf":[],"yoast_head":"<!-- This site is optimized with the Yoast SEO plugin v24.8.1 - https:\/\/yoast.com\/wordpress\/plugins\/seo\/ -->\n<title>Hj\u00e4rttransplantation<\/title>\n<meta name=\"description\" content=\"Vid sv\u00e5r hj\u00e4rtsvikt, n\u00e4r alla andra behandlingar har misslyckats med att ge f\u00f6rv\u00e4ntade f\u00f6rb\u00e4ttringar, men din h\u00e4lsa fortfarande \u00e4r ganska god, kan du vara en l\u00e4mplig kandidat f\u00f6r en hj\u00e4rttransplantation.\" \/>\n<meta name=\"robots\" content=\"index, follow, max-snippet:-1, max-image-preview:large, max-video-preview:-1\" \/>\n<link rel=\"canonical\" href=\"https:\/\/www.heartfailurematters.org\/sv\/vad-din-lakare-eller-sjukskoterska-kan-gora\/hjarttransplantation\/\" \/>\n<meta property=\"og:locale\" content=\"sv_SE\" \/>\n<meta property=\"og:type\" content=\"article\" \/>\n<meta property=\"og:title\" content=\"Hj\u00e4rttransplantation\" \/>\n<meta property=\"og:description\" content=\"Vid sv\u00e5r hj\u00e4rtsvikt, n\u00e4r alla andra behandlingar har misslyckats med att ge f\u00f6rv\u00e4ntade f\u00f6rb\u00e4ttringar, men din h\u00e4lsa fortfarande \u00e4r ganska god, kan du vara en l\u00e4mplig kandidat f\u00f6r en hj\u00e4rttransplantation.\" \/>\n<meta property=\"og:url\" content=\"https:\/\/www.heartfailurematters.org\/sv\/vad-din-lakare-eller-sjukskoterska-kan-gora\/hjarttransplantation\/\" \/>\n<meta property=\"og:site_name\" content=\"Heart Failure Matters\" \/>\n<meta property=\"article:publisher\" content=\"https:\/\/www.facebook.com\/heartfailurematters\" \/>\n<meta property=\"og:image\" content=\"https:\/\/www.heartfailurematters.org\/wp-content\/uploads\/2022\/03\/shutterstock_2073525971-1-min.jpg\" \/>\n\t<meta property=\"og:image:width\" content=\"900\" \/>\n\t<meta property=\"og:image:height\" content=\"559\" \/>\n\t<meta property=\"og:image:type\" content=\"image\/jpeg\" \/>\n<meta name=\"twitter:card\" content=\"summary_large_image\" \/>\n<meta name=\"twitter:label1\" content=\"Ber\u00e4knad l\u00e4stid\" \/>\n\t<meta name=\"twitter:data1\" content=\"1 minut\" \/>\n<script type=\"application\/ld+json\" class=\"yoast-schema-graph\">{\"@context\":\"https:\/\/schema.org\",\"@graph\":[{\"@type\":\"WebPage\",\"@id\":\"https:\/\/www.heartfailurematters.org\/sv\/vad-din-lakare-eller-sjukskoterska-kan-gora\/hjarttransplantation\/\",\"url\":\"https:\/\/www.heartfailurematters.org\/sv\/vad-din-lakare-eller-sjukskoterska-kan-gora\/hjarttransplantation\/\",\"name\":\"Hj\u00e4rttransplantation\",\"isPartOf\":{\"@id\":\"https:\/\/www.heartfailurematters.org\/sv\/#website\"},\"primaryImageOfPage\":{\"@id\":\"https:\/\/www.heartfailurematters.org\/sv\/vad-din-lakare-eller-sjukskoterska-kan-gora\/hjarttransplantation\/#primaryimage\"},\"image\":{\"@id\":\"https:\/\/www.heartfailurematters.org\/sv\/vad-din-lakare-eller-sjukskoterska-kan-gora\/hjarttransplantation\/#primaryimage\"},\"thumbnailUrl\":\"https:\/\/www.heartfailurematters.org\/wp-content\/uploads\/2022\/03\/shutterstock_2073525971-1-min.jpg\",\"datePublished\":\"2021-01-27T22:11:50+00:00\",\"description\":\"Vid sv\u00e5r hj\u00e4rtsvikt, n\u00e4r alla andra behandlingar har misslyckats med att ge f\u00f6rv\u00e4ntade f\u00f6rb\u00e4ttringar, men din h\u00e4lsa fortfarande \u00e4r ganska god, kan du vara en l\u00e4mplig kandidat f\u00f6r en hj\u00e4rttransplantation.\",\"breadcrumb\":{\"@id\":\"https:\/\/www.heartfailurematters.org\/sv\/vad-din-lakare-eller-sjukskoterska-kan-gora\/hjarttransplantation\/#breadcrumb\"},\"inLanguage\":\"sv-SE\",\"potentialAction\":[{\"@type\":\"ReadAction\",\"target\":[\"https:\/\/www.heartfailurematters.org\/sv\/vad-din-lakare-eller-sjukskoterska-kan-gora\/hjarttransplantation\/\"]}]},{\"@type\":\"ImageObject\",\"inLanguage\":\"sv-SE\",\"@id\":\"https:\/\/www.heartfailurematters.org\/sv\/vad-din-lakare-eller-sjukskoterska-kan-gora\/hjarttransplantation\/#primaryimage\",\"url\":\"https:\/\/www.heartfailurematters.org\/wp-content\/uploads\/2022\/03\/shutterstock_2073525971-1-min.jpg\",\"contentUrl\":\"https:\/\/www.heartfailurematters.org\/wp-content\/uploads\/2022\/03\/shutterstock_2073525971-1-min.jpg\",\"width\":900,\"height\":559},{\"@type\":\"BreadcrumbList\",\"@id\":\"https:\/\/www.heartfailurematters.org\/sv\/vad-din-lakare-eller-sjukskoterska-kan-gora\/hjarttransplantation\/#breadcrumb\",\"itemListElement\":[{\"@type\":\"ListItem\",\"position\":1,\"name\":\"Hem\",\"item\":\"https:\/\/www.heartfailurematters.org\/sv\/\"},{\"@type\":\"ListItem\",\"position\":2,\"name\":\"Vad din l\u00e4kare kan g\u00f6ra\",\"item\":\"https:\/\/www.heartfailurematters.org\/sv\/vad-din-lakare-eller-sjukskoterska-kan-gora\/\"},{\"@type\":\"ListItem\",\"position\":3,\"name\":\"Hj\u00e4rttransplantation\"}]},{\"@type\":\"WebSite\",\"@id\":\"https:\/\/www.heartfailurematters.org\/sv\/#website\",\"url\":\"https:\/\/www.heartfailurematters.org\/sv\/\",\"name\":\"Heart Failure Matters\",\"description\":\"Practical information for patients, families and caregivers.\",\"publisher\":{\"@id\":\"https:\/\/www.heartfailurematters.org\/sv\/#organization\"},\"potentialAction\":[{\"@type\":\"SearchAction\",\"target\":{\"@type\":\"EntryPoint\",\"urlTemplate\":\"https:\/\/www.heartfailurematters.org\/sv\/?s={search_term_string}\"},\"query-input\":{\"@type\":\"PropertyValueSpecification\",\"valueRequired\":true,\"valueName\":\"search_term_string\"}}],\"inLanguage\":\"sv-SE\"},{\"@type\":\"Organization\",\"@id\":\"https:\/\/www.heartfailurematters.org\/sv\/#organization\",\"name\":\"Heart Failure Matters\",\"url\":\"https:\/\/www.heartfailurematters.org\/sv\/\",\"logo\":{\"@type\":\"ImageObject\",\"inLanguage\":\"sv-SE\",\"@id\":\"https:\/\/www.heartfailurematters.org\/sv\/#\/schema\/logo\/image\/\",\"url\":\"https:\/\/cdn-endpoint-hfm.azureedge.net\/heartfailurematters\/2024\/07\/hfm-logo1.jpg\",\"contentUrl\":\"https:\/\/cdn-endpoint-hfm.azureedge.net\/heartfailurematters\/2024\/07\/hfm-logo1.jpg\",\"width\":1280,\"height\":720,\"caption\":\"Heart Failure Matters\"},\"image\":{\"@id\":\"https:\/\/www.heartfailurematters.org\/sv\/#\/schema\/logo\/image\/\"},\"sameAs\":[\"https:\/\/www.facebook.com\/heartfailurematters\"]}]}<\/script>\n<!-- \/ Yoast SEO plugin. -->","yoast_head_json":{"title":"Hj\u00e4rttransplantation","description":"Vid sv\u00e5r hj\u00e4rtsvikt, n\u00e4r alla andra behandlingar har misslyckats med att ge f\u00f6rv\u00e4ntade f\u00f6rb\u00e4ttringar, men din h\u00e4lsa fortfarande \u00e4r ganska god, kan du vara en l\u00e4mplig kandidat f\u00f6r en hj\u00e4rttransplantation.","robots":{"index":"index","follow":"follow","max-snippet":"max-snippet:-1","max-image-preview":"max-image-preview:large","max-video-preview":"max-video-preview:-1"},"canonical":"https:\/\/www.heartfailurematters.org\/sv\/vad-din-lakare-eller-sjukskoterska-kan-gora\/hjarttransplantation\/","og_locale":"sv_SE","og_type":"article","og_title":"Hj\u00e4rttransplantation","og_description":"Vid sv\u00e5r hj\u00e4rtsvikt, n\u00e4r alla andra behandlingar har misslyckats med att ge f\u00f6rv\u00e4ntade f\u00f6rb\u00e4ttringar, men din h\u00e4lsa fortfarande \u00e4r ganska god, kan du vara en l\u00e4mplig kandidat f\u00f6r en hj\u00e4rttransplantation.","og_url":"https:\/\/www.heartfailurematters.org\/sv\/vad-din-lakare-eller-sjukskoterska-kan-gora\/hjarttransplantation\/","og_site_name":"Heart Failure Matters","article_publisher":"https:\/\/www.facebook.com\/heartfailurematters","og_image":[{"width":900,"height":559,"url":"https:\/\/www.heartfailurematters.org\/wp-content\/uploads\/2022\/03\/shutterstock_2073525971-1-min.jpg","type":"image\/jpeg"}],"twitter_card":"summary_large_image","twitter_misc":{"Ber\u00e4knad l\u00e4stid":"1 minut"},"schema":{"@context":"https:\/\/schema.org","@graph":[{"@type":"WebPage","@id":"https:\/\/www.heartfailurematters.org\/sv\/vad-din-lakare-eller-sjukskoterska-kan-gora\/hjarttransplantation\/","url":"https:\/\/www.heartfailurematters.org\/sv\/vad-din-lakare-eller-sjukskoterska-kan-gora\/hjarttransplantation\/","name":"Hj\u00e4rttransplantation","isPartOf":{"@id":"https:\/\/www.heartfailurematters.org\/sv\/#website"},"primaryImageOfPage":{"@id":"https:\/\/www.heartfailurematters.org\/sv\/vad-din-lakare-eller-sjukskoterska-kan-gora\/hjarttransplantation\/#primaryimage"},"image":{"@id":"https:\/\/www.heartfailurematters.org\/sv\/vad-din-lakare-eller-sjukskoterska-kan-gora\/hjarttransplantation\/#primaryimage"},"thumbnailUrl":"https:\/\/www.heartfailurematters.org\/wp-content\/uploads\/2022\/03\/shutterstock_2073525971-1-min.jpg","datePublished":"2021-01-27T22:11:50+00:00","description":"Vid sv\u00e5r hj\u00e4rtsvikt, n\u00e4r alla andra behandlingar har misslyckats med att ge f\u00f6rv\u00e4ntade f\u00f6rb\u00e4ttringar, men din h\u00e4lsa fortfarande \u00e4r ganska god, kan du vara en l\u00e4mplig kandidat f\u00f6r en hj\u00e4rttransplantation.","breadcrumb":{"@id":"https:\/\/www.heartfailurematters.org\/sv\/vad-din-lakare-eller-sjukskoterska-kan-gora\/hjarttransplantation\/#breadcrumb"},"inLanguage":"sv-SE","potentialAction":[{"@type":"ReadAction","target":["https:\/\/www.heartfailurematters.org\/sv\/vad-din-lakare-eller-sjukskoterska-kan-gora\/hjarttransplantation\/"]}]},{"@type":"ImageObject","inLanguage":"sv-SE","@id":"https:\/\/www.heartfailurematters.org\/sv\/vad-din-lakare-eller-sjukskoterska-kan-gora\/hjarttransplantation\/#primaryimage","url":"https:\/\/www.heartfailurematters.org\/wp-content\/uploads\/2022\/03\/shutterstock_2073525971-1-min.jpg","contentUrl":"https:\/\/www.heartfailurematters.org\/wp-content\/uploads\/2022\/03\/shutterstock_2073525971-1-min.jpg","width":900,"height":559},{"@type":"BreadcrumbList","@id":"https:\/\/www.heartfailurematters.org\/sv\/vad-din-lakare-eller-sjukskoterska-kan-gora\/hjarttransplantation\/#breadcrumb","itemListElement":[{"@type":"ListItem","position":1,"name":"Hem","item":"https:\/\/www.heartfailurematters.org\/sv\/"},{"@type":"ListItem","position":2,"name":"Vad din l\u00e4kare kan g\u00f6ra","item":"https:\/\/www.heartfailurematters.org\/sv\/vad-din-lakare-eller-sjukskoterska-kan-gora\/"},{"@type":"ListItem","position":3,"name":"Hj\u00e4rttransplantation"}]},{"@type":"WebSite","@id":"https:\/\/www.heartfailurematters.org\/sv\/#website","url":"https:\/\/www.heartfailurematters.org\/sv\/","name":"Heart Failure Matters","description":"Practical information for patients, families and caregivers.","publisher":{"@id":"https:\/\/www.heartfailurematters.org\/sv\/#organization"},"potentialAction":[{"@type":"SearchAction","target":{"@type":"EntryPoint","urlTemplate":"https:\/\/www.heartfailurematters.org\/sv\/?s={search_term_string}"},"query-input":{"@type":"PropertyValueSpecification","valueRequired":true,"valueName":"search_term_string"}}],"inLanguage":"sv-SE"},{"@type":"Organization","@id":"https:\/\/www.heartfailurematters.org\/sv\/#organization","name":"Heart Failure Matters","url":"https:\/\/www.heartfailurematters.org\/sv\/","logo":{"@type":"ImageObject","inLanguage":"sv-SE","@id":"https:\/\/www.heartfailurematters.org\/sv\/#\/schema\/logo\/image\/","url":"https:\/\/cdn-endpoint-hfm.azureedge.net\/heartfailurematters\/2024\/07\/hfm-logo1.jpg","contentUrl":"https:\/\/cdn-endpoint-hfm.azureedge.net\/heartfailurematters\/2024\/07\/hfm-logo1.jpg","width":1280,"height":720,"caption":"Heart Failure Matters"},"image":{"@id":"https:\/\/www.heartfailurematters.org\/sv\/#\/schema\/logo\/image\/"},"sameAs":["https:\/\/www.facebook.com\/heartfailurematters"]}]}},"_links":{"self":[{"href":"https:\/\/www.heartfailurematters.org\/sv\/wp-json\/wp\/v2\/pages\/2466","targetHints":{"allow":["GET"]}}],"collection":[{"href":"https:\/\/www.heartfailurematters.org\/sv\/wp-json\/wp\/v2\/pages"}],"about":[{"href":"https:\/\/www.heartfailurematters.org\/sv\/wp-json\/wp\/v2\/types\/page"}],"author":[{"embeddable":true,"href":"https:\/\/www.heartfailurematters.org\/sv\/wp-json\/wp\/v2\/users\/1"}],"replies":[{"embeddable":true,"href":"https:\/\/www.heartfailurematters.org\/sv\/wp-json\/wp\/v2\/comments?post=2466"}],"version-history":[{"count":0,"href":"https:\/\/www.heartfailurematters.org\/sv\/wp-json\/wp\/v2\/pages\/2466\/revisions"}],"up":[{"embeddable":true,"href":"https:\/\/www.heartfailurematters.org\/sv\/wp-json\/wp\/v2\/pages\/2685"}],"wp:featuredmedia":[{"embeddable":true,"href":"https:\/\/www.heartfailurematters.org\/sv\/wp-json\/wp\/v2\/media\/10939"}],"wp:attachment":[{"href":"https:\/\/www.heartfailurematters.org\/sv\/wp-json\/wp\/v2\/media?parent=2466"}],"wp:term":[{"taxonomy":"category","embeddable":true,"href":"https:\/\/www.heartfailurematters.org\/sv\/wp-json\/wp\/v2\/categories?post=2466"},{"taxonomy":"post_tag","embeddable":true,"href":"https:\/\/www.heartfailurematters.org\/sv\/wp-json\/wp\/v2\/tags?post=2466"}],"curies":[{"name":"wp","href":"https:\/\/api.w.org\/{rel}","templated":true}]}}