{"id":2464,"date":"2021-01-27T22:11:44","date_gmt":"2021-01-27T22:11:44","guid":{"rendered":"http:\/\/heartfailurematters.local:8888\/statiner\/"},"modified":"2021-01-27T22:11:44","modified_gmt":"2021-01-27T22:11:44","slug":"statiner","status":"publish","type":"page","link":"https:\/\/www.heartfailurematters.org\/sv\/vad-din-lakare-eller-sjukskoterska-kan-gora\/statiner\/","title":{"rendered":"Statiner"},"content":{"rendered":"<h2>S&aring; verkar de<\/h2>\n<p>Dessa l&auml;kemedel verkar genom att f&ouml;rb&auml;ttra en patients <a class=\"addtooltip\" title=\"&lt;div id='ToolTipTextWrap'&gt;Kolesterol&lt;\/div&gt;&lt;p&gt; Ett vaxartat &auml;mne som &auml;r viktigt f&ouml;r m&aring;nga cellers funktioner i kroppen och som finns i m&aring;nga livsmedel. Det finns m&aring;nga olika typer av kolesterol. F&ouml;r mycket av det onda kolesterolet (av l&aring;g densitet) kan leda till hj&auml;rtsjukdomar.&lt;\/p&gt;\"><strong>kolesterolniv&aring;<\/strong><\/a> och kan ocks&aring; f&ouml;rb&auml;ttra kransk&auml;rlens funktion. De anv&auml;nds ofta av personer med hj&auml;rtsvikt. Den vanligaste orsaken till hj&auml;rtsvikt &auml;r kransk&auml;rlssjukdom, som orsakas av en f&ouml;rtr&auml;ngning av <a class=\"addtooltip\" title=\"&lt;div id='ToolTipTextWrap'&gt;Kransk&auml;rl&lt;\/div&gt;&lt;p&gt; Blodk&auml;rl som f&ouml;rser hj&auml;rtmuskeln med blod.&lt;\/p&gt;\"><strong>kransk&auml;rlen<\/strong><\/a> p&aring; grund av en ansamling av <a class=\"addtooltip\" title=\"&lt;div id='ToolTipTextWrap'&gt;Kolesterol&lt;\/div&gt;&lt;p&gt; Ett vaxartat &auml;mne som &auml;r viktigt f&ouml;r m&aring;nga cellers funktioner i kroppen och som finns i m&aring;nga livsmedel. Det finns m&aring;nga olika typer av kolesterol. F&ouml;r mycket av det onda kolesterolet (av l&aring;g densitet) kan leda till hj&auml;rtsjukdomar.&lt;\/p&gt;\"><strong>kolesterol&nbsp;<\/strong><\/a>(<a class=\"addtooltip\" title=\"&lt;div id='ToolTipTextWrap'&gt;Plack&lt;\/div&gt;&lt;p&gt; Ansamling av kolesterol, fettf&ouml;reningar, kalcium och blodpropps&auml;mnen i v&auml;ggen i en art&auml;r.&lt;\/p&gt;\"><strong>plack<\/strong><\/a>). Dessa l&auml;kemedel &auml;r mycket effektiva i fr&aring;ga om att f&ouml;rhindra utvecklingen av plack, vilket s&aring; sm&aring;ningom kan leda till syrebrist i hj&auml;rtat (<a class=\"addtooltip\" title=\"&lt;div id='ToolTipTextWrap'&gt;Ischemi&lt;\/div&gt;&lt;p&gt; En f&ouml;rlust eller minskning av blodfl&ouml;det (och d&auml;rmed syre) till v&auml;vnader.&lt;\/p&gt;\"><strong>ischemi<\/strong><\/a>) eller en hj&auml;rtinfarkt.<\/p>\n<h2>Biverkningar<\/h2>\n<p>Muskelv&auml;rk (<a class=\"addtooltip\" title=\"&lt;div id='ToolTipTextWrap'&gt;Myalgi&lt;\/div&gt;&lt;p&gt; Sm&auml;rta i en muskel eller muskler.&lt;\/p&gt;\"><strong>myalgi<\/strong><\/a>) &auml;r en relativt vanlig allvarlig biverkning av statiner. Du b&ouml;r meddela din l&auml;kare om du f&aring;r of&ouml;rklarliga muskelsm&auml;rtor, eller blir &ouml;m eller svag. Din l&auml;kare kommer d&aring; att kunna ta ett blodprov, f&ouml;r att avg&ouml;ra om dina symtom beror p&aring; <a class=\"addtooltip\" title=\"&lt;div id='ToolTipTextWrap'&gt;Statin&lt;\/div&gt;&lt;p&gt; Ett l&auml;kemedel som anv&auml;nds f&ouml;r att s&auml;nka kolesterolhalten och f&ouml;rhindra utvecklingen av kransk&auml;rlssjukdom.&lt;\/p&gt;\"><strong>statinbehandlingen<\/strong><\/a>. Denna biverkning kan helt g&aring; tillbaka.<\/p>\n<h2>Tips<\/h2>\n<p>Din l&auml;kare vill f&ouml;rmodligen &ouml;vervaka dina kolesterolniv&aring;er medan du tar en statin f&ouml;r att avg&ouml;ra vilken dos som &auml;r den mest l&auml;mpliga. Dessutom kan din l&auml;kare &auml;ndra din dos eller byta ut den statin du f&aring;r om du upplever muskelsm&auml;rtor i samband med statinbehandlingen.<\/p>\n<h2>&Auml;ven k&auml;nt som:<\/h2>\n<ul>\n<li><strong>Atorvastatin<br \/> <\/strong>(Lipitor&reg;, Lipistad&reg;, Atorstad&reg;, Atorvastad&reg;, Atorbir&reg;, Atozet&reg;,)<\/li>\n<li><strong>Pravastatin<br \/> <\/strong> (Pravastatin&reg;)<\/li>\n<li><strong>Rosuvastatin<br \/> <\/strong>(Crestor&reg;)<\/li>\n<li><strong>Simvastatin<\/strong><br \/>(Zocor&reg;, Inegyr&reg;, Simidon&reg;)<\/li>\n<\/ul>\n<p><a href=\"https:\/\/www.heartfailurematters.org\/sv\/vad-din-lakare-eller-sjukskoterska-kan-gora\/lakemedel-vid-hjartsvikt\/\">&Aring;terg&aring; till &#8221;L&auml;kemedel vid hj&auml;rtsvikt&#8221;<\/a><\/p>\n","protected":false},"excerpt":{"rendered":"<p>S&aring; verkar de Dessa l&auml;kemedel verkar genom att f&ouml;rb&auml;ttra en patients kolesterolniv&aring; och kan ocks&aring; f&ouml;rb&auml;ttra kransk&auml;rlens funktion. De anv&auml;nds ofta av personer med hj&auml;rtsvikt. Den vanligaste orsaken till hj&auml;rtsvikt &auml;r kransk&auml;rlssjukdom, som orsakas av en f&ouml;rtr&auml;ngning av kransk&auml;rlen p&aring; grund av en ansamling av kolesterol&nbsp;(plack). Dessa l&auml;kemedel &auml;r mycket effektiva i fr&aring;ga om att [&hellip;]<\/p>\n","protected":false},"author":1,"featured_media":10874,"parent":2685,"menu_order":0,"comment_status":"open","ping_status":"open","template":"","meta":{"_acf_changed":false,"footnotes":""},"categories":[],"tags":[],"class_list":["post-2464","page","type-page","status-publish","has-post-thumbnail","hentry"],"acf":[],"yoast_head":"<!-- This site is optimized with the Yoast SEO plugin v24.8.1 - https:\/\/yoast.com\/wordpress\/plugins\/seo\/ -->\n<title>Statiner och hj\u00e4rtsvikt<\/title>\n<meta name=\"description\" content=\"Dessa l\u00e4kemedel verkar genom att f\u00f6rb\u00e4ttra en patients kolesterolniv\u00e5 och anv\u00e4nds ofta av personer med hj\u00e4rtsvikt.\" \/>\n<meta name=\"robots\" content=\"index, follow, max-snippet:-1, max-image-preview:large, max-video-preview:-1\" \/>\n<link rel=\"canonical\" href=\"https:\/\/www.heartfailurematters.org\/sv\/vad-din-lakare-eller-sjukskoterska-kan-gora\/statiner\/\" \/>\n<meta property=\"og:locale\" content=\"sv_SE\" \/>\n<meta property=\"og:type\" content=\"article\" \/>\n<meta property=\"og:title\" content=\"Statiner och hj\u00e4rtsvikt\" \/>\n<meta property=\"og:description\" content=\"Dessa l\u00e4kemedel verkar genom att f\u00f6rb\u00e4ttra en patients kolesterolniv\u00e5 och anv\u00e4nds ofta av personer med hj\u00e4rtsvikt.\" \/>\n<meta property=\"og:url\" content=\"https:\/\/www.heartfailurematters.org\/sv\/vad-din-lakare-eller-sjukskoterska-kan-gora\/statiner\/\" \/>\n<meta property=\"og:site_name\" content=\"Heart Failure Matters\" \/>\n<meta property=\"article:publisher\" content=\"https:\/\/www.facebook.com\/heartfailurematters\" \/>\n<meta property=\"og:image\" content=\"https:\/\/www.heartfailurematters.org\/wp-content\/uploads\/2022\/03\/shutterstock_441673426-1-min.jpg\" \/>\n\t<meta property=\"og:image:width\" content=\"900\" \/>\n\t<meta property=\"og:image:height\" content=\"596\" \/>\n\t<meta property=\"og:image:type\" content=\"image\/jpeg\" \/>\n<meta name=\"twitter:card\" content=\"summary_large_image\" \/>\n<meta name=\"twitter:label1\" content=\"Ber\u00e4knad l\u00e4stid\" \/>\n\t<meta name=\"twitter:data1\" content=\"2 minuter\" \/>\n<script type=\"application\/ld+json\" class=\"yoast-schema-graph\">{\"@context\":\"https:\/\/schema.org\",\"@graph\":[{\"@type\":\"WebPage\",\"@id\":\"https:\/\/www.heartfailurematters.org\/sv\/vad-din-lakare-eller-sjukskoterska-kan-gora\/statiner\/\",\"url\":\"https:\/\/www.heartfailurematters.org\/sv\/vad-din-lakare-eller-sjukskoterska-kan-gora\/statiner\/\",\"name\":\"Statiner och hj\u00e4rtsvikt\",\"isPartOf\":{\"@id\":\"https:\/\/www.heartfailurematters.org\/sv\/#website\"},\"primaryImageOfPage\":{\"@id\":\"https:\/\/www.heartfailurematters.org\/sv\/vad-din-lakare-eller-sjukskoterska-kan-gora\/statiner\/#primaryimage\"},\"image\":{\"@id\":\"https:\/\/www.heartfailurematters.org\/sv\/vad-din-lakare-eller-sjukskoterska-kan-gora\/statiner\/#primaryimage\"},\"thumbnailUrl\":\"https:\/\/www.heartfailurematters.org\/wp-content\/uploads\/2022\/03\/shutterstock_441673426-1-min.jpg\",\"datePublished\":\"2021-01-27T22:11:44+00:00\",\"description\":\"Dessa l\u00e4kemedel verkar genom att f\u00f6rb\u00e4ttra en patients kolesterolniv\u00e5 och anv\u00e4nds ofta av personer med hj\u00e4rtsvikt.\",\"breadcrumb\":{\"@id\":\"https:\/\/www.heartfailurematters.org\/sv\/vad-din-lakare-eller-sjukskoterska-kan-gora\/statiner\/#breadcrumb\"},\"inLanguage\":\"sv-SE\",\"potentialAction\":[{\"@type\":\"ReadAction\",\"target\":[\"https:\/\/www.heartfailurematters.org\/sv\/vad-din-lakare-eller-sjukskoterska-kan-gora\/statiner\/\"]}]},{\"@type\":\"ImageObject\",\"inLanguage\":\"sv-SE\",\"@id\":\"https:\/\/www.heartfailurematters.org\/sv\/vad-din-lakare-eller-sjukskoterska-kan-gora\/statiner\/#primaryimage\",\"url\":\"https:\/\/www.heartfailurematters.org\/wp-content\/uploads\/2022\/03\/shutterstock_441673426-1-min.jpg\",\"contentUrl\":\"https:\/\/www.heartfailurematters.org\/wp-content\/uploads\/2022\/03\/shutterstock_441673426-1-min.jpg\",\"width\":900,\"height\":596},{\"@type\":\"BreadcrumbList\",\"@id\":\"https:\/\/www.heartfailurematters.org\/sv\/vad-din-lakare-eller-sjukskoterska-kan-gora\/statiner\/#breadcrumb\",\"itemListElement\":[{\"@type\":\"ListItem\",\"position\":1,\"name\":\"Hem\",\"item\":\"https:\/\/www.heartfailurematters.org\/sv\/\"},{\"@type\":\"ListItem\",\"position\":2,\"name\":\"Vad din l\u00e4kare kan g\u00f6ra\",\"item\":\"https:\/\/www.heartfailurematters.org\/sv\/vad-din-lakare-eller-sjukskoterska-kan-gora\/\"},{\"@type\":\"ListItem\",\"position\":3,\"name\":\"Statiner\"}]},{\"@type\":\"WebSite\",\"@id\":\"https:\/\/www.heartfailurematters.org\/sv\/#website\",\"url\":\"https:\/\/www.heartfailurematters.org\/sv\/\",\"name\":\"Heart Failure Matters\",\"description\":\"Practical information for patients, families and caregivers.\",\"publisher\":{\"@id\":\"https:\/\/www.heartfailurematters.org\/sv\/#organization\"},\"potentialAction\":[{\"@type\":\"SearchAction\",\"target\":{\"@type\":\"EntryPoint\",\"urlTemplate\":\"https:\/\/www.heartfailurematters.org\/sv\/?s={search_term_string}\"},\"query-input\":{\"@type\":\"PropertyValueSpecification\",\"valueRequired\":true,\"valueName\":\"search_term_string\"}}],\"inLanguage\":\"sv-SE\"},{\"@type\":\"Organization\",\"@id\":\"https:\/\/www.heartfailurematters.org\/sv\/#organization\",\"name\":\"Heart Failure Matters\",\"url\":\"https:\/\/www.heartfailurematters.org\/sv\/\",\"logo\":{\"@type\":\"ImageObject\",\"inLanguage\":\"sv-SE\",\"@id\":\"https:\/\/www.heartfailurematters.org\/sv\/#\/schema\/logo\/image\/\",\"url\":\"https:\/\/cdn-endpoint-hfm.azureedge.net\/heartfailurematters\/2024\/07\/hfm-logo1.jpg\",\"contentUrl\":\"https:\/\/cdn-endpoint-hfm.azureedge.net\/heartfailurematters\/2024\/07\/hfm-logo1.jpg\",\"width\":1280,\"height\":720,\"caption\":\"Heart Failure Matters\"},\"image\":{\"@id\":\"https:\/\/www.heartfailurematters.org\/sv\/#\/schema\/logo\/image\/\"},\"sameAs\":[\"https:\/\/www.facebook.com\/heartfailurematters\"]}]}<\/script>\n<!-- \/ Yoast SEO plugin. -->","yoast_head_json":{"title":"Statiner och hj\u00e4rtsvikt","description":"Dessa l\u00e4kemedel verkar genom att f\u00f6rb\u00e4ttra en patients kolesterolniv\u00e5 och anv\u00e4nds ofta av personer med hj\u00e4rtsvikt.","robots":{"index":"index","follow":"follow","max-snippet":"max-snippet:-1","max-image-preview":"max-image-preview:large","max-video-preview":"max-video-preview:-1"},"canonical":"https:\/\/www.heartfailurematters.org\/sv\/vad-din-lakare-eller-sjukskoterska-kan-gora\/statiner\/","og_locale":"sv_SE","og_type":"article","og_title":"Statiner och hj\u00e4rtsvikt","og_description":"Dessa l\u00e4kemedel verkar genom att f\u00f6rb\u00e4ttra en patients kolesterolniv\u00e5 och anv\u00e4nds ofta av personer med hj\u00e4rtsvikt.","og_url":"https:\/\/www.heartfailurematters.org\/sv\/vad-din-lakare-eller-sjukskoterska-kan-gora\/statiner\/","og_site_name":"Heart Failure Matters","article_publisher":"https:\/\/www.facebook.com\/heartfailurematters","og_image":[{"width":900,"height":596,"url":"https:\/\/www.heartfailurematters.org\/wp-content\/uploads\/2022\/03\/shutterstock_441673426-1-min.jpg","type":"image\/jpeg"}],"twitter_card":"summary_large_image","twitter_misc":{"Ber\u00e4knad l\u00e4stid":"2 minuter"},"schema":{"@context":"https:\/\/schema.org","@graph":[{"@type":"WebPage","@id":"https:\/\/www.heartfailurematters.org\/sv\/vad-din-lakare-eller-sjukskoterska-kan-gora\/statiner\/","url":"https:\/\/www.heartfailurematters.org\/sv\/vad-din-lakare-eller-sjukskoterska-kan-gora\/statiner\/","name":"Statiner och hj\u00e4rtsvikt","isPartOf":{"@id":"https:\/\/www.heartfailurematters.org\/sv\/#website"},"primaryImageOfPage":{"@id":"https:\/\/www.heartfailurematters.org\/sv\/vad-din-lakare-eller-sjukskoterska-kan-gora\/statiner\/#primaryimage"},"image":{"@id":"https:\/\/www.heartfailurematters.org\/sv\/vad-din-lakare-eller-sjukskoterska-kan-gora\/statiner\/#primaryimage"},"thumbnailUrl":"https:\/\/www.heartfailurematters.org\/wp-content\/uploads\/2022\/03\/shutterstock_441673426-1-min.jpg","datePublished":"2021-01-27T22:11:44+00:00","description":"Dessa l\u00e4kemedel verkar genom att f\u00f6rb\u00e4ttra en patients kolesterolniv\u00e5 och anv\u00e4nds ofta av personer med hj\u00e4rtsvikt.","breadcrumb":{"@id":"https:\/\/www.heartfailurematters.org\/sv\/vad-din-lakare-eller-sjukskoterska-kan-gora\/statiner\/#breadcrumb"},"inLanguage":"sv-SE","potentialAction":[{"@type":"ReadAction","target":["https:\/\/www.heartfailurematters.org\/sv\/vad-din-lakare-eller-sjukskoterska-kan-gora\/statiner\/"]}]},{"@type":"ImageObject","inLanguage":"sv-SE","@id":"https:\/\/www.heartfailurematters.org\/sv\/vad-din-lakare-eller-sjukskoterska-kan-gora\/statiner\/#primaryimage","url":"https:\/\/www.heartfailurematters.org\/wp-content\/uploads\/2022\/03\/shutterstock_441673426-1-min.jpg","contentUrl":"https:\/\/www.heartfailurematters.org\/wp-content\/uploads\/2022\/03\/shutterstock_441673426-1-min.jpg","width":900,"height":596},{"@type":"BreadcrumbList","@id":"https:\/\/www.heartfailurematters.org\/sv\/vad-din-lakare-eller-sjukskoterska-kan-gora\/statiner\/#breadcrumb","itemListElement":[{"@type":"ListItem","position":1,"name":"Hem","item":"https:\/\/www.heartfailurematters.org\/sv\/"},{"@type":"ListItem","position":2,"name":"Vad din l\u00e4kare kan g\u00f6ra","item":"https:\/\/www.heartfailurematters.org\/sv\/vad-din-lakare-eller-sjukskoterska-kan-gora\/"},{"@type":"ListItem","position":3,"name":"Statiner"}]},{"@type":"WebSite","@id":"https:\/\/www.heartfailurematters.org\/sv\/#website","url":"https:\/\/www.heartfailurematters.org\/sv\/","name":"Heart Failure Matters","description":"Practical information for patients, families and caregivers.","publisher":{"@id":"https:\/\/www.heartfailurematters.org\/sv\/#organization"},"potentialAction":[{"@type":"SearchAction","target":{"@type":"EntryPoint","urlTemplate":"https:\/\/www.heartfailurematters.org\/sv\/?s={search_term_string}"},"query-input":{"@type":"PropertyValueSpecification","valueRequired":true,"valueName":"search_term_string"}}],"inLanguage":"sv-SE"},{"@type":"Organization","@id":"https:\/\/www.heartfailurematters.org\/sv\/#organization","name":"Heart Failure Matters","url":"https:\/\/www.heartfailurematters.org\/sv\/","logo":{"@type":"ImageObject","inLanguage":"sv-SE","@id":"https:\/\/www.heartfailurematters.org\/sv\/#\/schema\/logo\/image\/","url":"https:\/\/cdn-endpoint-hfm.azureedge.net\/heartfailurematters\/2024\/07\/hfm-logo1.jpg","contentUrl":"https:\/\/cdn-endpoint-hfm.azureedge.net\/heartfailurematters\/2024\/07\/hfm-logo1.jpg","width":1280,"height":720,"caption":"Heart Failure Matters"},"image":{"@id":"https:\/\/www.heartfailurematters.org\/sv\/#\/schema\/logo\/image\/"},"sameAs":["https:\/\/www.facebook.com\/heartfailurematters"]}]}},"_links":{"self":[{"href":"https:\/\/www.heartfailurematters.org\/sv\/wp-json\/wp\/v2\/pages\/2464","targetHints":{"allow":["GET"]}}],"collection":[{"href":"https:\/\/www.heartfailurematters.org\/sv\/wp-json\/wp\/v2\/pages"}],"about":[{"href":"https:\/\/www.heartfailurematters.org\/sv\/wp-json\/wp\/v2\/types\/page"}],"author":[{"embeddable":true,"href":"https:\/\/www.heartfailurematters.org\/sv\/wp-json\/wp\/v2\/users\/1"}],"replies":[{"embeddable":true,"href":"https:\/\/www.heartfailurematters.org\/sv\/wp-json\/wp\/v2\/comments?post=2464"}],"version-history":[{"count":0,"href":"https:\/\/www.heartfailurematters.org\/sv\/wp-json\/wp\/v2\/pages\/2464\/revisions"}],"up":[{"embeddable":true,"href":"https:\/\/www.heartfailurematters.org\/sv\/wp-json\/wp\/v2\/pages\/2685"}],"wp:featuredmedia":[{"embeddable":true,"href":"https:\/\/www.heartfailurematters.org\/sv\/wp-json\/wp\/v2\/media\/10874"}],"wp:attachment":[{"href":"https:\/\/www.heartfailurematters.org\/sv\/wp-json\/wp\/v2\/media?parent=2464"}],"wp:term":[{"taxonomy":"category","embeddable":true,"href":"https:\/\/www.heartfailurematters.org\/sv\/wp-json\/wp\/v2\/categories?post=2464"},{"taxonomy":"post_tag","embeddable":true,"href":"https:\/\/www.heartfailurematters.org\/sv\/wp-json\/wp\/v2\/tags?post=2464"}],"curies":[{"name":"wp","href":"https:\/\/api.w.org\/{rel}","templated":true}]}}