{"id":2463,"date":"2021-01-27T22:11:44","date_gmt":"2021-01-27T22:11:44","guid":{"rendered":"http:\/\/heartfailurematters.local:8888\/vaccinationer\/"},"modified":"2026-02-10T13:33:22","modified_gmt":"2026-02-10T13:33:22","slug":"vaccinationer","status":"publish","type":"page","link":"https:\/\/www.heartfailurematters.org\/sv\/vad-du-sjalv-kan-gora\/vaccinationer\/","title":{"rendered":"Immuniseringar"},"content":{"rendered":"<p>Att ta hand om dig sj\u00e4lv n\u00e4r du har hj\u00e4rtsvikt handlar fr\u00e4mst om att h\u00e5lla dig s\u00e5 bra och s\u00e5 frisk som m\u00f6jligt. Ett s\u00e4tt att h\u00e5lla sig frisk \u00e4r att minimera risken att f\u00e5 luftv\u00e4gsinfektioner som influensa eller <a class=\"addtooltip\" title=\"&lt;div id='ToolTipTextWrap'&gt;lunginflammation&lt;\/div&gt;&lt;p&gt; En inflammation i lungorna som ofta orsakas av en infektion. [Lunginflammation] f\u00f6rekommer oftare hos personer med hj\u00e4rtsvikt och v\u00e4tskestas i lungorna.&lt;\/p&gt;\"><strong>lunginflammation<\/strong><\/a>, eftersom andningsproblem kan f\u00f6rv\u00e4rra hj\u00e4rtsvikt. Det finns s\u00e4kra vacciner idag som kan ge immunitet mot influensa och lunginflammation.<\/p>\n<p>Det finns s\u00e4kra vacciner idag som kan ge immunitet mot influensa och <a class=\"addtooltip\" title=\"&lt;div id='ToolTipTextWrap'&gt;lunginflammation&lt;\/div&gt;&lt;p&gt; En inflammation i lungorna som ofta orsakas av en infektion. [Lunginflammation] f\u00f6rekommer oftare hos personer med hj\u00e4rtsvikt och v\u00e4tskestas i lungorna.&lt;\/p&gt;\"><strong>lunginflammation<\/strong><\/a>. Du b\u00f6r diskutera om du ska ta dessa vacciner eller inte med din l\u00e4kare eller sjuksk\u00f6terska. De kan ge mer detaljerade r\u00e5d.<\/p>\n<p>N\u00e4r du reser kommer din resebyr\u00e5 ge dig r\u00e5d om vaccinationer eller mediciner, till exempel malariatabletter, vilket kan vara ett krav p\u00e5 vissa resm\u00e5l.<\/p>\n<p>Om du tar <a class=\"addtooltip\" title=\"&lt;div id='ToolTipTextWrap\u2019&gt;Antikoagulantia&lt;\/div&gt;&lt;p&gt; L\u00e4kemedel som f\u00f6rhindrar blodproppar, i synnerhet i kransk\u00e4rlen.&lt;\/p&gt;\"><strong>antikoagulerande<\/strong><\/a> l\u00e4kemedel kan din l\u00e4kare eller sjuksk\u00f6terska ge r\u00e5d om ett annat vaccinationsprogram som kan beh\u00f6va startas tidigare \u00e4n det vanliga vaccinationsschemat.<\/p>\n<h2>COVID-19<\/h2>\n<p>Det finns s\u00e4kra och effektiva vaccin som ger ett starkt skydd mot allvarlig sjukdom, sjukhusinl\u00e4ggning och d\u00f6d till f\u00f6ljd av covid-19. \u202f\u202fMiljarder m\u00e4nniskor har vaccinerats mot covid-19. V\u00e4rldsh\u00e4lsoorganisationen (WHO) f\u00f6rordar starkt vaccination. De anser att det \u00e4r en av de viktigaste sakerna du kan g\u00f6ra f\u00f6r att skydda dig mot covid-19 och bidra till ett slut p\u00e5 pandemin. WHO rekommenderar l\u00e4nder att ha som m\u00e5ls\u00e4ttning att vaccinera minst 70% av befolkningen och prioritera vaccination av 100% av de mest utsatta grupperna, inklusive personer som \u00e4r \u00f6ver 60 \u00e5r och personer med underliggande h\u00e4lsotillst\u00e5nd.<\/p>\n<p>Ytterligare information finns <a href=\"https:\/\/www.heartfailurematters.org\/covid-19-virus-and-heart-failure-information-and-practical-tips\/\">h\u00e4r<\/a>.<\/p>\n","protected":false},"excerpt":{"rendered":"<p>Att ta hand om dig sj\u00e4lv n\u00e4r du har hj\u00e4rtsvikt handlar fr\u00e4mst om att h\u00e5lla dig s\u00e5 bra och s\u00e5 frisk som m\u00f6jligt. Ett s\u00e4tt att h\u00e5lla sig frisk \u00e4r att minimera risken att f\u00e5 luftv\u00e4gsinfektioner som influensa eller lunginflammation, eftersom andningsproblem kan f\u00f6rv\u00e4rra hj\u00e4rtsvikt. Det finns s\u00e4kra vacciner idag som kan ge immunitet mot [&hellip;]<\/p>\n","protected":false},"author":1,"featured_media":0,"parent":2721,"menu_order":0,"comment_status":"open","ping_status":"open","template":"","meta":{"_acf_changed":false,"footnotes":""},"categories":[],"tags":[],"class_list":["post-2463","page","type-page","status-publish","hentry"],"acf":[],"yoast_head":"<!-- This site is optimized with the Yoast SEO plugin v24.8.1 - https:\/\/yoast.com\/wordpress\/plugins\/seo\/ -->\n<title>Immuniseringar<\/title>\n<meta name=\"description\" content=\"Att ta hand om dig sj\u00e4lv n\u00e4r du har hj\u00e4rtsvikt handlar framf\u00f6rallt om att f\u00f6rbli frisk. L\u00e4s mer\" \/>\n<meta name=\"robots\" content=\"index, follow, max-snippet:-1, max-image-preview:large, max-video-preview:-1\" \/>\n<link rel=\"canonical\" href=\"https:\/\/www.heartfailurematters.org\/sv\/vad-du-sjalv-kan-gora\/vaccinationer\/\" \/>\n<meta property=\"og:locale\" content=\"sv_SE\" \/>\n<meta property=\"og:type\" content=\"article\" \/>\n<meta property=\"og:title\" content=\"Immuniseringar\" \/>\n<meta property=\"og:description\" content=\"Att ta hand om dig sj\u00e4lv n\u00e4r du har hj\u00e4rtsvikt handlar framf\u00f6rallt om att f\u00f6rbli frisk. L\u00e4s mer\" \/>\n<meta property=\"og:url\" content=\"https:\/\/www.heartfailurematters.org\/sv\/vad-du-sjalv-kan-gora\/vaccinationer\/\" \/>\n<meta property=\"og:site_name\" content=\"Heart Failure Matters\" \/>\n<meta property=\"article:publisher\" content=\"https:\/\/www.facebook.com\/heartfailurematters\" \/>\n<meta property=\"article:modified_time\" content=\"2026-02-10T13:33:22+00:00\" \/>\n<meta name=\"twitter:card\" content=\"summary_large_image\" \/>\n<meta name=\"twitter:label1\" content=\"Ber\u00e4knad l\u00e4stid\" \/>\n\t<meta name=\"twitter:data1\" content=\"1 minut\" \/>\n<script type=\"application\/ld+json\" class=\"yoast-schema-graph\">{\"@context\":\"https:\/\/schema.org\",\"@graph\":[{\"@type\":\"WebPage\",\"@id\":\"https:\/\/www.heartfailurematters.org\/sv\/vad-du-sjalv-kan-gora\/vaccinationer\/\",\"url\":\"https:\/\/www.heartfailurematters.org\/sv\/vad-du-sjalv-kan-gora\/vaccinationer\/\",\"name\":\"Immuniseringar\",\"isPartOf\":{\"@id\":\"https:\/\/www.heartfailurematters.org\/sv\/#website\"},\"datePublished\":\"2021-01-27T22:11:44+00:00\",\"dateModified\":\"2026-02-10T13:33:22+00:00\",\"description\":\"Att ta hand om dig sj\u00e4lv n\u00e4r du har hj\u00e4rtsvikt handlar framf\u00f6rallt om att f\u00f6rbli frisk. L\u00e4s mer\",\"breadcrumb\":{\"@id\":\"https:\/\/www.heartfailurematters.org\/sv\/vad-du-sjalv-kan-gora\/vaccinationer\/#breadcrumb\"},\"inLanguage\":\"sv-SE\",\"potentialAction\":[{\"@type\":\"ReadAction\",\"target\":[\"https:\/\/www.heartfailurematters.org\/sv\/vad-du-sjalv-kan-gora\/vaccinationer\/\"]}]},{\"@type\":\"BreadcrumbList\",\"@id\":\"https:\/\/www.heartfailurematters.org\/sv\/vad-du-sjalv-kan-gora\/vaccinationer\/#breadcrumb\",\"itemListElement\":[{\"@type\":\"ListItem\",\"position\":1,\"name\":\"Hem\",\"item\":\"https:\/\/www.heartfailurematters.org\/sv\/\"},{\"@type\":\"ListItem\",\"position\":2,\"name\":\"Vad du kan g\u00f6ra f\u00f6r att hantera din hj\u00e4rtsvikt\",\"item\":\"https:\/\/www.heartfailurematters.org\/sv\/vad-du-sjalv-kan-gora\/\"},{\"@type\":\"ListItem\",\"position\":3,\"name\":\"Immuniseringar\"}]},{\"@type\":\"WebSite\",\"@id\":\"https:\/\/www.heartfailurematters.org\/sv\/#website\",\"url\":\"https:\/\/www.heartfailurematters.org\/sv\/\",\"name\":\"Heart Failure Matters\",\"description\":\"Practical information for patients, families and caregivers.\",\"publisher\":{\"@id\":\"https:\/\/www.heartfailurematters.org\/sv\/#organization\"},\"potentialAction\":[{\"@type\":\"SearchAction\",\"target\":{\"@type\":\"EntryPoint\",\"urlTemplate\":\"https:\/\/www.heartfailurematters.org\/sv\/?s={search_term_string}\"},\"query-input\":{\"@type\":\"PropertyValueSpecification\",\"valueRequired\":true,\"valueName\":\"search_term_string\"}}],\"inLanguage\":\"sv-SE\"},{\"@type\":\"Organization\",\"@id\":\"https:\/\/www.heartfailurematters.org\/sv\/#organization\",\"name\":\"Heart Failure Matters\",\"url\":\"https:\/\/www.heartfailurematters.org\/sv\/\",\"logo\":{\"@type\":\"ImageObject\",\"inLanguage\":\"sv-SE\",\"@id\":\"https:\/\/www.heartfailurematters.org\/sv\/#\/schema\/logo\/image\/\",\"url\":\"https:\/\/cdn-endpoint-hfm.azureedge.net\/heartfailurematters\/2024\/07\/hfm-logo1.jpg\",\"contentUrl\":\"https:\/\/cdn-endpoint-hfm.azureedge.net\/heartfailurematters\/2024\/07\/hfm-logo1.jpg\",\"width\":1280,\"height\":720,\"caption\":\"Heart Failure Matters\"},\"image\":{\"@id\":\"https:\/\/www.heartfailurematters.org\/sv\/#\/schema\/logo\/image\/\"},\"sameAs\":[\"https:\/\/www.facebook.com\/heartfailurematters\"]}]}<\/script>\n<!-- \/ Yoast SEO plugin. -->","yoast_head_json":{"title":"Immuniseringar","description":"Att ta hand om dig sj\u00e4lv n\u00e4r du har hj\u00e4rtsvikt handlar framf\u00f6rallt om att f\u00f6rbli frisk. L\u00e4s mer","robots":{"index":"index","follow":"follow","max-snippet":"max-snippet:-1","max-image-preview":"max-image-preview:large","max-video-preview":"max-video-preview:-1"},"canonical":"https:\/\/www.heartfailurematters.org\/sv\/vad-du-sjalv-kan-gora\/vaccinationer\/","og_locale":"sv_SE","og_type":"article","og_title":"Immuniseringar","og_description":"Att ta hand om dig sj\u00e4lv n\u00e4r du har hj\u00e4rtsvikt handlar framf\u00f6rallt om att f\u00f6rbli frisk. L\u00e4s mer","og_url":"https:\/\/www.heartfailurematters.org\/sv\/vad-du-sjalv-kan-gora\/vaccinationer\/","og_site_name":"Heart Failure Matters","article_publisher":"https:\/\/www.facebook.com\/heartfailurematters","article_modified_time":"2026-02-10T13:33:22+00:00","twitter_card":"summary_large_image","twitter_misc":{"Ber\u00e4knad l\u00e4stid":"1 minut"},"schema":{"@context":"https:\/\/schema.org","@graph":[{"@type":"WebPage","@id":"https:\/\/www.heartfailurematters.org\/sv\/vad-du-sjalv-kan-gora\/vaccinationer\/","url":"https:\/\/www.heartfailurematters.org\/sv\/vad-du-sjalv-kan-gora\/vaccinationer\/","name":"Immuniseringar","isPartOf":{"@id":"https:\/\/www.heartfailurematters.org\/sv\/#website"},"datePublished":"2021-01-27T22:11:44+00:00","dateModified":"2026-02-10T13:33:22+00:00","description":"Att ta hand om dig sj\u00e4lv n\u00e4r du har hj\u00e4rtsvikt handlar framf\u00f6rallt om att f\u00f6rbli frisk. L\u00e4s mer","breadcrumb":{"@id":"https:\/\/www.heartfailurematters.org\/sv\/vad-du-sjalv-kan-gora\/vaccinationer\/#breadcrumb"},"inLanguage":"sv-SE","potentialAction":[{"@type":"ReadAction","target":["https:\/\/www.heartfailurematters.org\/sv\/vad-du-sjalv-kan-gora\/vaccinationer\/"]}]},{"@type":"BreadcrumbList","@id":"https:\/\/www.heartfailurematters.org\/sv\/vad-du-sjalv-kan-gora\/vaccinationer\/#breadcrumb","itemListElement":[{"@type":"ListItem","position":1,"name":"Hem","item":"https:\/\/www.heartfailurematters.org\/sv\/"},{"@type":"ListItem","position":2,"name":"Vad du kan g\u00f6ra f\u00f6r att hantera din hj\u00e4rtsvikt","item":"https:\/\/www.heartfailurematters.org\/sv\/vad-du-sjalv-kan-gora\/"},{"@type":"ListItem","position":3,"name":"Immuniseringar"}]},{"@type":"WebSite","@id":"https:\/\/www.heartfailurematters.org\/sv\/#website","url":"https:\/\/www.heartfailurematters.org\/sv\/","name":"Heart Failure Matters","description":"Practical information for patients, families and caregivers.","publisher":{"@id":"https:\/\/www.heartfailurematters.org\/sv\/#organization"},"potentialAction":[{"@type":"SearchAction","target":{"@type":"EntryPoint","urlTemplate":"https:\/\/www.heartfailurematters.org\/sv\/?s={search_term_string}"},"query-input":{"@type":"PropertyValueSpecification","valueRequired":true,"valueName":"search_term_string"}}],"inLanguage":"sv-SE"},{"@type":"Organization","@id":"https:\/\/www.heartfailurematters.org\/sv\/#organization","name":"Heart Failure Matters","url":"https:\/\/www.heartfailurematters.org\/sv\/","logo":{"@type":"ImageObject","inLanguage":"sv-SE","@id":"https:\/\/www.heartfailurematters.org\/sv\/#\/schema\/logo\/image\/","url":"https:\/\/cdn-endpoint-hfm.azureedge.net\/heartfailurematters\/2024\/07\/hfm-logo1.jpg","contentUrl":"https:\/\/cdn-endpoint-hfm.azureedge.net\/heartfailurematters\/2024\/07\/hfm-logo1.jpg","width":1280,"height":720,"caption":"Heart Failure Matters"},"image":{"@id":"https:\/\/www.heartfailurematters.org\/sv\/#\/schema\/logo\/image\/"},"sameAs":["https:\/\/www.facebook.com\/heartfailurematters"]}]}},"_links":{"self":[{"href":"https:\/\/www.heartfailurematters.org\/sv\/wp-json\/wp\/v2\/pages\/2463","targetHints":{"allow":["GET"]}}],"collection":[{"href":"https:\/\/www.heartfailurematters.org\/sv\/wp-json\/wp\/v2\/pages"}],"about":[{"href":"https:\/\/www.heartfailurematters.org\/sv\/wp-json\/wp\/v2\/types\/page"}],"author":[{"embeddable":true,"href":"https:\/\/www.heartfailurematters.org\/sv\/wp-json\/wp\/v2\/users\/1"}],"replies":[{"embeddable":true,"href":"https:\/\/www.heartfailurematters.org\/sv\/wp-json\/wp\/v2\/comments?post=2463"}],"version-history":[{"count":3,"href":"https:\/\/www.heartfailurematters.org\/sv\/wp-json\/wp\/v2\/pages\/2463\/revisions"}],"predecessor-version":[{"id":13979,"href":"https:\/\/www.heartfailurematters.org\/sv\/wp-json\/wp\/v2\/pages\/2463\/revisions\/13979"}],"up":[{"embeddable":true,"href":"https:\/\/www.heartfailurematters.org\/sv\/wp-json\/wp\/v2\/pages\/2721"}],"wp:attachment":[{"href":"https:\/\/www.heartfailurematters.org\/sv\/wp-json\/wp\/v2\/media?parent=2463"}],"wp:term":[{"taxonomy":"category","embeddable":true,"href":"https:\/\/www.heartfailurematters.org\/sv\/wp-json\/wp\/v2\/categories?post=2463"},{"taxonomy":"post_tag","embeddable":true,"href":"https:\/\/www.heartfailurematters.org\/sv\/wp-json\/wp\/v2\/tags?post=2463"}],"curies":[{"name":"wp","href":"https:\/\/api.w.org\/{rel}","templated":true}]}}