{"id":2459,"date":"2021-01-27T22:11:44","date_gmt":"2021-01-27T22:11:44","guid":{"rendered":"http:\/\/heartfailurematters.local:8888\/hosta\/"},"modified":"2022-01-19T14:51:01","modified_gmt":"2022-01-19T14:51:01","slug":"hosta","status":"publish","type":"page","link":"https:\/\/www.heartfailurematters.org\/sv\/varningstecken\/hosta\/","title":{"rendered":"Hosta"},"content":{"rendered":"<p>Du kanske upplever en ih\u00e5llande hosta eller pipande, v\u00e4sande andning (ett visslande ljud i lungorna eller anstr\u00e4ngd andning) p\u00e5 grund av din hj\u00e4rtsvikt. Pipandet liknar astma men har en annan orsak vid hj\u00e4rtsvikt.<\/p>\n<p>Ibland hostar personer med hj\u00e4rtsvikt upp slem, en tjock, tr\u00f6gflytande substans som kan ha inslag av blod. Detta intr\u00e4ffar ofta vid en lunginfektion (<a class=\"addtooltip\" title=\"Lunginflammation orsakas ofta av en infektion. Den f\u00f6rekommer oftare hos personer med hj\u00e4rtsvikt och v\u00e4tska i lungorna.\"><strong title=\"\">lunginflammation<\/strong><\/a>).<\/p>\n<p>Hosta eller pipande beror p\u00e5 <a class=\"addtooltip\" title=\"N\u00e4r det finns f\u00f6r mycket v\u00e4tska i blodet som cirkulerar runt i kroppen och blodet stockar sig och trycket stiger i blodk\u00e4rlen. V\u00e4tska l\u00e4cker ut i de omgivande v\u00e4vnaderna, d\u00e4r den samlas och leder till \u00f6dem.\"><strong>v\u00e4tskeansamling<\/strong><\/a> eller\u00a0<a class=\"addtooltip\" title=\"Ett \u00f6verskott av v\u00e4tska i en del av kroppen.\"><strong title=\"\">blodstockning<\/strong><\/a> i lungorna, vilket \u00f6kar anstr\u00e4ngningen att andas.<\/p>\n<p>Om du m\u00e4rker en f\u00f6rs\u00e4mring av hostan, eller v\u00e4sande eller rosslande som p\u00e5verkar din andning, kan det tyda p\u00e5 att din hj\u00e4rtsvikt har f\u00f6rs\u00e4mrats och du b\u00f6r d\u00e5 snarast kontakta din l\u00e4kare eller hj\u00e4rtsjuksk\u00f6terska.<\/p>\n<p>En torr, ih\u00e5llande hosta kan ocks\u00e5 vara en biverkan av vissa l\u00e4kemedel som anv\u00e4nds vid hj\u00e4rtsvikt.<\/p>\n","protected":false},"excerpt":{"rendered":"<p>Du kanske upplever en ih\u00e5llande hosta eller pipande, v\u00e4sande andning (ett visslande ljud i lungorna eller anstr\u00e4ngd andning) p\u00e5 grund av din hj\u00e4rtsvikt. Pipandet liknar astma men har en annan orsak vid hj\u00e4rtsvikt. Ibland hostar personer med hj\u00e4rtsvikt upp slem, en tjock, tr\u00f6gflytande substans som kan ha inslag av blod. Detta intr\u00e4ffar ofta vid en [&hellip;]<\/p>\n","protected":false},"author":1,"featured_media":11228,"parent":2870,"menu_order":7,"comment_status":"open","ping_status":"closed","template":"","meta":{"_acf_changed":false,"footnotes":""},"categories":[133],"tags":[],"class_list":["post-2459","page","type-page","status-publish","has-post-thumbnail","hentry","category-warning-signs-sv"],"acf":[],"yoast_head":"<!-- This site is optimized with the Yoast SEO plugin v24.8.1 - https:\/\/yoast.com\/wordpress\/plugins\/seo\/ -->\n<title>Hosta<\/title>\n<meta name=\"description\" content=\"Du kanske upplever en ih\u00e5llande hosta eller pipande, v\u00e4sande andning (ett visslande ljud i lungorna eller anstr\u00e4ngd andning) p\u00e5 grund av din hj\u00e4rtsvikt. H\u00e4r hittar du mer information\" \/>\n<meta name=\"robots\" content=\"index, follow, max-snippet:-1, max-image-preview:large, max-video-preview:-1\" \/>\n<link rel=\"canonical\" href=\"https:\/\/www.heartfailurematters.org\/sv\/varningstecken\/hosta\/\" \/>\n<meta property=\"og:locale\" content=\"sv_SE\" \/>\n<meta property=\"og:type\" content=\"article\" \/>\n<meta property=\"og:title\" content=\"Hosta\" \/>\n<meta property=\"og:description\" content=\"Du kanske upplever en ih\u00e5llande hosta eller pipande, v\u00e4sande andning (ett visslande ljud i lungorna eller anstr\u00e4ngd andning) p\u00e5 grund av din hj\u00e4rtsvikt. H\u00e4r hittar du mer information\" \/>\n<meta property=\"og:url\" content=\"https:\/\/www.heartfailurematters.org\/sv\/varningstecken\/hosta\/\" \/>\n<meta property=\"og:site_name\" content=\"Heart Failure Matters\" \/>\n<meta property=\"article:publisher\" content=\"https:\/\/www.facebook.com\/heartfailurematters\" \/>\n<meta property=\"article:modified_time\" content=\"2022-01-19T14:51:01+00:00\" \/>\n<meta property=\"og:image\" content=\"https:\/\/www.heartfailurematters.org\/wp-content\/uploads\/2022\/03\/shutterstock_1746408803-1-min.jpg?_t=1773222886\" \/>\n\t<meta property=\"og:image:width\" content=\"900\" \/>\n\t<meta property=\"og:image:height\" content=\"600\" \/>\n\t<meta property=\"og:image:type\" content=\"image\/jpeg\" \/>\n<meta name=\"twitter:card\" content=\"summary_large_image\" \/>\n<meta name=\"twitter:label1\" content=\"Ber\u00e4knad l\u00e4stid\" \/>\n\t<meta name=\"twitter:data1\" content=\"1 minut\" \/>\n<script type=\"application\/ld+json\" class=\"yoast-schema-graph\">{\"@context\":\"https:\/\/schema.org\",\"@graph\":[{\"@type\":\"WebPage\",\"@id\":\"https:\/\/www.heartfailurematters.org\/sv\/varningstecken\/hosta\/\",\"url\":\"https:\/\/www.heartfailurematters.org\/sv\/varningstecken\/hosta\/\",\"name\":\"Hosta\",\"isPartOf\":{\"@id\":\"https:\/\/www.heartfailurematters.org\/sv\/#website\"},\"primaryImageOfPage\":{\"@id\":\"https:\/\/www.heartfailurematters.org\/sv\/varningstecken\/hosta\/#primaryimage\"},\"image\":{\"@id\":\"https:\/\/www.heartfailurematters.org\/sv\/varningstecken\/hosta\/#primaryimage\"},\"thumbnailUrl\":\"https:\/\/www.heartfailurematters.org\/wp-content\/uploads\/2022\/03\/shutterstock_1746408803-1-min.jpg\",\"datePublished\":\"2021-01-27T22:11:44+00:00\",\"dateModified\":\"2022-01-19T14:51:01+00:00\",\"description\":\"Du kanske upplever en ih\u00e5llande hosta eller pipande, v\u00e4sande andning (ett visslande ljud i lungorna eller anstr\u00e4ngd andning) p\u00e5 grund av din hj\u00e4rtsvikt. H\u00e4r hittar du mer information\",\"breadcrumb\":{\"@id\":\"https:\/\/www.heartfailurematters.org\/sv\/varningstecken\/hosta\/#breadcrumb\"},\"inLanguage\":\"sv-SE\",\"potentialAction\":[{\"@type\":\"ReadAction\",\"target\":[\"https:\/\/www.heartfailurematters.org\/sv\/varningstecken\/hosta\/\"]}]},{\"@type\":\"ImageObject\",\"inLanguage\":\"sv-SE\",\"@id\":\"https:\/\/www.heartfailurematters.org\/sv\/varningstecken\/hosta\/#primaryimage\",\"url\":\"https:\/\/www.heartfailurematters.org\/wp-content\/uploads\/2022\/03\/shutterstock_1746408803-1-min.jpg\",\"contentUrl\":\"https:\/\/www.heartfailurematters.org\/wp-content\/uploads\/2022\/03\/shutterstock_1746408803-1-min.jpg\",\"width\":900,\"height\":600},{\"@type\":\"BreadcrumbList\",\"@id\":\"https:\/\/www.heartfailurematters.org\/sv\/varningstecken\/hosta\/#breadcrumb\",\"itemListElement\":[{\"@type\":\"ListItem\",\"position\":1,\"name\":\"Hem\",\"item\":\"https:\/\/www.heartfailurematters.org\/sv\/\"},{\"@type\":\"ListItem\",\"position\":2,\"name\":\"Varningstecken\",\"item\":\"https:\/\/www.heartfailurematters.org\/sv\/varningstecken\/\"},{\"@type\":\"ListItem\",\"position\":3,\"name\":\"Hosta\"}]},{\"@type\":\"WebSite\",\"@id\":\"https:\/\/www.heartfailurematters.org\/sv\/#website\",\"url\":\"https:\/\/www.heartfailurematters.org\/sv\/\",\"name\":\"Heart Failure Matters\",\"description\":\"Practical information for patients, families and caregivers.\",\"publisher\":{\"@id\":\"https:\/\/www.heartfailurematters.org\/sv\/#organization\"},\"potentialAction\":[{\"@type\":\"SearchAction\",\"target\":{\"@type\":\"EntryPoint\",\"urlTemplate\":\"https:\/\/www.heartfailurematters.org\/sv\/?s={search_term_string}\"},\"query-input\":{\"@type\":\"PropertyValueSpecification\",\"valueRequired\":true,\"valueName\":\"search_term_string\"}}],\"inLanguage\":\"sv-SE\"},{\"@type\":\"Organization\",\"@id\":\"https:\/\/www.heartfailurematters.org\/sv\/#organization\",\"name\":\"Heart Failure Matters\",\"url\":\"https:\/\/www.heartfailurematters.org\/sv\/\",\"logo\":{\"@type\":\"ImageObject\",\"inLanguage\":\"sv-SE\",\"@id\":\"https:\/\/www.heartfailurematters.org\/sv\/#\/schema\/logo\/image\/\",\"url\":\"https:\/\/cdn-endpoint-hfm.azureedge.net\/heartfailurematters\/2024\/07\/hfm-logo1.jpg\",\"contentUrl\":\"https:\/\/cdn-endpoint-hfm.azureedge.net\/heartfailurematters\/2024\/07\/hfm-logo1.jpg\",\"width\":1280,\"height\":720,\"caption\":\"Heart Failure Matters\"},\"image\":{\"@id\":\"https:\/\/www.heartfailurematters.org\/sv\/#\/schema\/logo\/image\/\"},\"sameAs\":[\"https:\/\/www.facebook.com\/heartfailurematters\"]}]}<\/script>\n<!-- \/ Yoast SEO plugin. -->","yoast_head_json":{"title":"Hosta","description":"Du kanske upplever en ih\u00e5llande hosta eller pipande, v\u00e4sande andning (ett visslande ljud i lungorna eller anstr\u00e4ngd andning) p\u00e5 grund av din hj\u00e4rtsvikt. H\u00e4r hittar du mer information","robots":{"index":"index","follow":"follow","max-snippet":"max-snippet:-1","max-image-preview":"max-image-preview:large","max-video-preview":"max-video-preview:-1"},"canonical":"https:\/\/www.heartfailurematters.org\/sv\/varningstecken\/hosta\/","og_locale":"sv_SE","og_type":"article","og_title":"Hosta","og_description":"Du kanske upplever en ih\u00e5llande hosta eller pipande, v\u00e4sande andning (ett visslande ljud i lungorna eller anstr\u00e4ngd andning) p\u00e5 grund av din hj\u00e4rtsvikt. H\u00e4r hittar du mer information","og_url":"https:\/\/www.heartfailurematters.org\/sv\/varningstecken\/hosta\/","og_site_name":"Heart Failure Matters","article_publisher":"https:\/\/www.facebook.com\/heartfailurematters","article_modified_time":"2022-01-19T14:51:01+00:00","og_image":[{"width":900,"height":600,"url":"https:\/\/www.heartfailurematters.org\/wp-content\/uploads\/2022\/03\/shutterstock_1746408803-1-min.jpg?_t=1773222886","type":"image\/jpeg"}],"twitter_card":"summary_large_image","twitter_misc":{"Ber\u00e4knad l\u00e4stid":"1 minut"},"schema":{"@context":"https:\/\/schema.org","@graph":[{"@type":"WebPage","@id":"https:\/\/www.heartfailurematters.org\/sv\/varningstecken\/hosta\/","url":"https:\/\/www.heartfailurematters.org\/sv\/varningstecken\/hosta\/","name":"Hosta","isPartOf":{"@id":"https:\/\/www.heartfailurematters.org\/sv\/#website"},"primaryImageOfPage":{"@id":"https:\/\/www.heartfailurematters.org\/sv\/varningstecken\/hosta\/#primaryimage"},"image":{"@id":"https:\/\/www.heartfailurematters.org\/sv\/varningstecken\/hosta\/#primaryimage"},"thumbnailUrl":"https:\/\/www.heartfailurematters.org\/wp-content\/uploads\/2022\/03\/shutterstock_1746408803-1-min.jpg","datePublished":"2021-01-27T22:11:44+00:00","dateModified":"2022-01-19T14:51:01+00:00","description":"Du kanske upplever en ih\u00e5llande hosta eller pipande, v\u00e4sande andning (ett visslande ljud i lungorna eller anstr\u00e4ngd andning) p\u00e5 grund av din hj\u00e4rtsvikt. H\u00e4r hittar du mer information","breadcrumb":{"@id":"https:\/\/www.heartfailurematters.org\/sv\/varningstecken\/hosta\/#breadcrumb"},"inLanguage":"sv-SE","potentialAction":[{"@type":"ReadAction","target":["https:\/\/www.heartfailurematters.org\/sv\/varningstecken\/hosta\/"]}]},{"@type":"ImageObject","inLanguage":"sv-SE","@id":"https:\/\/www.heartfailurematters.org\/sv\/varningstecken\/hosta\/#primaryimage","url":"https:\/\/www.heartfailurematters.org\/wp-content\/uploads\/2022\/03\/shutterstock_1746408803-1-min.jpg","contentUrl":"https:\/\/www.heartfailurematters.org\/wp-content\/uploads\/2022\/03\/shutterstock_1746408803-1-min.jpg","width":900,"height":600},{"@type":"BreadcrumbList","@id":"https:\/\/www.heartfailurematters.org\/sv\/varningstecken\/hosta\/#breadcrumb","itemListElement":[{"@type":"ListItem","position":1,"name":"Hem","item":"https:\/\/www.heartfailurematters.org\/sv\/"},{"@type":"ListItem","position":2,"name":"Varningstecken","item":"https:\/\/www.heartfailurematters.org\/sv\/varningstecken\/"},{"@type":"ListItem","position":3,"name":"Hosta"}]},{"@type":"WebSite","@id":"https:\/\/www.heartfailurematters.org\/sv\/#website","url":"https:\/\/www.heartfailurematters.org\/sv\/","name":"Heart Failure Matters","description":"Practical information for patients, families and caregivers.","publisher":{"@id":"https:\/\/www.heartfailurematters.org\/sv\/#organization"},"potentialAction":[{"@type":"SearchAction","target":{"@type":"EntryPoint","urlTemplate":"https:\/\/www.heartfailurematters.org\/sv\/?s={search_term_string}"},"query-input":{"@type":"PropertyValueSpecification","valueRequired":true,"valueName":"search_term_string"}}],"inLanguage":"sv-SE"},{"@type":"Organization","@id":"https:\/\/www.heartfailurematters.org\/sv\/#organization","name":"Heart Failure Matters","url":"https:\/\/www.heartfailurematters.org\/sv\/","logo":{"@type":"ImageObject","inLanguage":"sv-SE","@id":"https:\/\/www.heartfailurematters.org\/sv\/#\/schema\/logo\/image\/","url":"https:\/\/cdn-endpoint-hfm.azureedge.net\/heartfailurematters\/2024\/07\/hfm-logo1.jpg","contentUrl":"https:\/\/cdn-endpoint-hfm.azureedge.net\/heartfailurematters\/2024\/07\/hfm-logo1.jpg","width":1280,"height":720,"caption":"Heart Failure Matters"},"image":{"@id":"https:\/\/www.heartfailurematters.org\/sv\/#\/schema\/logo\/image\/"},"sameAs":["https:\/\/www.facebook.com\/heartfailurematters"]}]}},"_links":{"self":[{"href":"https:\/\/www.heartfailurematters.org\/sv\/wp-json\/wp\/v2\/pages\/2459","targetHints":{"allow":["GET"]}}],"collection":[{"href":"https:\/\/www.heartfailurematters.org\/sv\/wp-json\/wp\/v2\/pages"}],"about":[{"href":"https:\/\/www.heartfailurematters.org\/sv\/wp-json\/wp\/v2\/types\/page"}],"author":[{"embeddable":true,"href":"https:\/\/www.heartfailurematters.org\/sv\/wp-json\/wp\/v2\/users\/1"}],"replies":[{"embeddable":true,"href":"https:\/\/www.heartfailurematters.org\/sv\/wp-json\/wp\/v2\/comments?post=2459"}],"version-history":[{"count":3,"href":"https:\/\/www.heartfailurematters.org\/sv\/wp-json\/wp\/v2\/pages\/2459\/revisions"}],"predecessor-version":[{"id":10268,"href":"https:\/\/www.heartfailurematters.org\/sv\/wp-json\/wp\/v2\/pages\/2459\/revisions\/10268"}],"up":[{"embeddable":true,"href":"https:\/\/www.heartfailurematters.org\/sv\/wp-json\/wp\/v2\/pages\/2870"}],"wp:featuredmedia":[{"embeddable":true,"href":"https:\/\/www.heartfailurematters.org\/sv\/wp-json\/wp\/v2\/media\/11228"}],"wp:attachment":[{"href":"https:\/\/www.heartfailurematters.org\/sv\/wp-json\/wp\/v2\/media?parent=2459"}],"wp:term":[{"taxonomy":"category","embeddable":true,"href":"https:\/\/www.heartfailurematters.org\/sv\/wp-json\/wp\/v2\/categories?post=2459"},{"taxonomy":"post_tag","embeddable":true,"href":"https:\/\/www.heartfailurematters.org\/sv\/wp-json\/wp\/v2\/tags?post=2459"}],"curies":[{"name":"wp","href":"https:\/\/api.w.org\/{rel}","templated":true}]}}