{"id":2458,"date":"2021-01-27T22:11:44","date_gmt":"2021-01-27T22:11:44","guid":{"rendered":"http:\/\/heartfailurematters.local:8888\/hur-man-hanterar-lakemedel\/"},"modified":"2021-02-18T15:17:16","modified_gmt":"2021-02-18T15:17:16","slug":"hur-man-hanterar-lakemedel","status":"publish","type":"page","link":"https:\/\/www.heartfailurematters.org\/sv\/for-anhorigvardare\/hur-man-hanterar-lakemedel\/","title":{"rendered":"Hur man hanterar l\u00e4kemedel"},"content":{"rendered":"<p>Dina anh\u00f6riga tar f\u00f6rmodligen flera olika mediciner f\u00f6r att kontrollera sin hj\u00e4rtsvikt. Det \u00e4r viktigt att ta dem exakt enligt l\u00e4karens f\u00f6reskrifter.<\/p>\n<p>Du kan hj\u00e4lpa din n\u00e4rst\u00e5ende med hj\u00e4rtsvikt att h\u00e5lla reda p\u00e5 de mediciner som ska tas. Komplicerade rutiner kan f\u00f6renklas genom att skapa ett schema och f\u00f6lja en rutin. Du kan till exempel anv\u00e4nda en checklista med en <a href=\"\/wp-content\/uploads\/2021\/02\/Lakemedelstabell.pdf\">l\u00e4kemedelstabell<\/a>\u00a0eller anv\u00e4nda\u00a0<a href=\"https:\/\/www.heartfailurematters.org\/sv\/vad-din-lakare-eller-sjukskoterska-kan-gora\/vikten-av-att-ta-sina-mediciner\/\">doseringsaskar eller ett larmsystem<\/a>\u00a0f\u00f6r att effektivt hantera din anh\u00f6rigas mediciner.<\/p>\n<p><a href=\"https:\/\/www.heartfailurematters.org\/sv\/for-anhorigvardare\/enkla-saker-du-kan-gora-som-hjalper\/\">\u00c5terg\u00e5 till &#8221;Enkla saker du kan g\u00f6ra f\u00f6r att hj\u00e4lpa&#8221;<\/a><\/p>\n","protected":false},"excerpt":{"rendered":"<p>Dina anh\u00f6riga tar f\u00f6rmodligen flera olika mediciner f\u00f6r att kontrollera sin hj\u00e4rtsvikt. Det \u00e4r viktigt att ta dem exakt enligt l\u00e4karens f\u00f6reskrifter. Du kan hj\u00e4lpa din n\u00e4rst\u00e5ende med hj\u00e4rtsvikt att h\u00e5lla reda p\u00e5 de mediciner som ska tas. Komplicerade rutiner kan f\u00f6renklas genom att skapa ett schema och f\u00f6lja en rutin. Du kan till exempel [&hellip;]<\/p>\n","protected":false},"author":1,"featured_media":10874,"parent":2847,"menu_order":0,"comment_status":"open","ping_status":"open","template":"","meta":{"_acf_changed":false,"footnotes":""},"categories":[],"tags":[],"class_list":["post-2458","page","type-page","status-publish","has-post-thumbnail","hentry"],"acf":[],"yoast_head":"<!-- This site is optimized with the Yoast SEO plugin v24.8.1 - https:\/\/yoast.com\/wordpress\/plugins\/seo\/ -->\n<title>Hur man hanterar l\u00e4kemedel<\/title>\n<meta name=\"description\" content=\"Det \u00e4r mycket troligt att din n\u00e4rst\u00e5ende med hj\u00e4rtsvikt tar flera olika mediciner f\u00f6r att kontrollera sin hj\u00e4rtsvikt. Det \u00e4r viktigt att ta dem exakt enligt l\u00e4karens f\u00f6reskrifter.\" \/>\n<meta name=\"robots\" content=\"index, follow, max-snippet:-1, max-image-preview:large, max-video-preview:-1\" \/>\n<link rel=\"canonical\" href=\"https:\/\/www.heartfailurematters.org\/sv\/for-anhorigvardare\/hur-man-hanterar-lakemedel\/\" \/>\n<meta property=\"og:locale\" content=\"sv_SE\" \/>\n<meta property=\"og:type\" content=\"article\" \/>\n<meta property=\"og:title\" content=\"Hur man hanterar l\u00e4kemedel\" \/>\n<meta property=\"og:description\" content=\"Det \u00e4r mycket troligt att din n\u00e4rst\u00e5ende med hj\u00e4rtsvikt tar flera olika mediciner f\u00f6r att kontrollera sin hj\u00e4rtsvikt. Det \u00e4r viktigt att ta dem exakt enligt l\u00e4karens f\u00f6reskrifter.\" \/>\n<meta property=\"og:url\" content=\"https:\/\/www.heartfailurematters.org\/sv\/for-anhorigvardare\/hur-man-hanterar-lakemedel\/\" \/>\n<meta property=\"og:site_name\" content=\"Heart Failure Matters\" \/>\n<meta property=\"article:publisher\" content=\"https:\/\/www.facebook.com\/heartfailurematters\" \/>\n<meta property=\"article:modified_time\" content=\"2021-02-18T15:17:16+00:00\" \/>\n<meta property=\"og:image\" content=\"https:\/\/www.heartfailurematters.org\/wp-content\/uploads\/2022\/03\/shutterstock_441673426-1-min.jpg\" \/>\n\t<meta property=\"og:image:width\" content=\"900\" \/>\n\t<meta property=\"og:image:height\" content=\"596\" \/>\n\t<meta property=\"og:image:type\" content=\"image\/jpeg\" \/>\n<meta name=\"twitter:card\" content=\"summary_large_image\" \/>\n<meta name=\"twitter:label1\" content=\"Ber\u00e4knad l\u00e4stid\" \/>\n\t<meta name=\"twitter:data1\" content=\"1 minut\" \/>\n<script type=\"application\/ld+json\" class=\"yoast-schema-graph\">{\"@context\":\"https:\/\/schema.org\",\"@graph\":[{\"@type\":\"WebPage\",\"@id\":\"https:\/\/www.heartfailurematters.org\/sv\/for-anhorigvardare\/hur-man-hanterar-lakemedel\/\",\"url\":\"https:\/\/www.heartfailurematters.org\/sv\/for-anhorigvardare\/hur-man-hanterar-lakemedel\/\",\"name\":\"Hur man hanterar l\u00e4kemedel\",\"isPartOf\":{\"@id\":\"https:\/\/www.heartfailurematters.org\/sv\/#website\"},\"primaryImageOfPage\":{\"@id\":\"https:\/\/www.heartfailurematters.org\/sv\/for-anhorigvardare\/hur-man-hanterar-lakemedel\/#primaryimage\"},\"image\":{\"@id\":\"https:\/\/www.heartfailurematters.org\/sv\/for-anhorigvardare\/hur-man-hanterar-lakemedel\/#primaryimage\"},\"thumbnailUrl\":\"https:\/\/www.heartfailurematters.org\/wp-content\/uploads\/2022\/03\/shutterstock_441673426-1-min.jpg\",\"datePublished\":\"2021-01-27T22:11:44+00:00\",\"dateModified\":\"2021-02-18T15:17:16+00:00\",\"description\":\"Det \u00e4r mycket troligt att din n\u00e4rst\u00e5ende med hj\u00e4rtsvikt tar flera olika mediciner f\u00f6r att kontrollera sin hj\u00e4rtsvikt. Det \u00e4r viktigt att ta dem exakt enligt l\u00e4karens f\u00f6reskrifter.\",\"breadcrumb\":{\"@id\":\"https:\/\/www.heartfailurematters.org\/sv\/for-anhorigvardare\/hur-man-hanterar-lakemedel\/#breadcrumb\"},\"inLanguage\":\"sv-SE\",\"potentialAction\":[{\"@type\":\"ReadAction\",\"target\":[\"https:\/\/www.heartfailurematters.org\/sv\/for-anhorigvardare\/hur-man-hanterar-lakemedel\/\"]}]},{\"@type\":\"ImageObject\",\"inLanguage\":\"sv-SE\",\"@id\":\"https:\/\/www.heartfailurematters.org\/sv\/for-anhorigvardare\/hur-man-hanterar-lakemedel\/#primaryimage\",\"url\":\"https:\/\/www.heartfailurematters.org\/wp-content\/uploads\/2022\/03\/shutterstock_441673426-1-min.jpg\",\"contentUrl\":\"https:\/\/www.heartfailurematters.org\/wp-content\/uploads\/2022\/03\/shutterstock_441673426-1-min.jpg\",\"width\":900,\"height\":596},{\"@type\":\"BreadcrumbList\",\"@id\":\"https:\/\/www.heartfailurematters.org\/sv\/for-anhorigvardare\/hur-man-hanterar-lakemedel\/#breadcrumb\",\"itemListElement\":[{\"@type\":\"ListItem\",\"position\":1,\"name\":\"Hem\",\"item\":\"https:\/\/www.heartfailurematters.org\/sv\/\"},{\"@type\":\"ListItem\",\"position\":2,\"name\":\"F\u00f6r familj och anh\u00f6rigv\u00e5rdare\",\"item\":\"https:\/\/www.heartfailurematters.org\/sv\/for-anhorigvardare\/\"},{\"@type\":\"ListItem\",\"position\":3,\"name\":\"Hur man hanterar l\u00e4kemedel\"}]},{\"@type\":\"WebSite\",\"@id\":\"https:\/\/www.heartfailurematters.org\/sv\/#website\",\"url\":\"https:\/\/www.heartfailurematters.org\/sv\/\",\"name\":\"Heart Failure Matters\",\"description\":\"Practical information for patients, families and caregivers.\",\"publisher\":{\"@id\":\"https:\/\/www.heartfailurematters.org\/sv\/#organization\"},\"potentialAction\":[{\"@type\":\"SearchAction\",\"target\":{\"@type\":\"EntryPoint\",\"urlTemplate\":\"https:\/\/www.heartfailurematters.org\/sv\/?s={search_term_string}\"},\"query-input\":{\"@type\":\"PropertyValueSpecification\",\"valueRequired\":true,\"valueName\":\"search_term_string\"}}],\"inLanguage\":\"sv-SE\"},{\"@type\":\"Organization\",\"@id\":\"https:\/\/www.heartfailurematters.org\/sv\/#organization\",\"name\":\"Heart Failure Matters\",\"url\":\"https:\/\/www.heartfailurematters.org\/sv\/\",\"logo\":{\"@type\":\"ImageObject\",\"inLanguage\":\"sv-SE\",\"@id\":\"https:\/\/www.heartfailurematters.org\/sv\/#\/schema\/logo\/image\/\",\"url\":\"https:\/\/cdn-endpoint-hfm.azureedge.net\/heartfailurematters\/2024\/07\/hfm-logo1.jpg\",\"contentUrl\":\"https:\/\/cdn-endpoint-hfm.azureedge.net\/heartfailurematters\/2024\/07\/hfm-logo1.jpg\",\"width\":1280,\"height\":720,\"caption\":\"Heart Failure Matters\"},\"image\":{\"@id\":\"https:\/\/www.heartfailurematters.org\/sv\/#\/schema\/logo\/image\/\"},\"sameAs\":[\"https:\/\/www.facebook.com\/heartfailurematters\"]}]}<\/script>\n<!-- \/ Yoast SEO plugin. -->","yoast_head_json":{"title":"Hur man hanterar l\u00e4kemedel","description":"Det \u00e4r mycket troligt att din n\u00e4rst\u00e5ende med hj\u00e4rtsvikt tar flera olika mediciner f\u00f6r att kontrollera sin hj\u00e4rtsvikt. Det \u00e4r viktigt att ta dem exakt enligt l\u00e4karens f\u00f6reskrifter.","robots":{"index":"index","follow":"follow","max-snippet":"max-snippet:-1","max-image-preview":"max-image-preview:large","max-video-preview":"max-video-preview:-1"},"canonical":"https:\/\/www.heartfailurematters.org\/sv\/for-anhorigvardare\/hur-man-hanterar-lakemedel\/","og_locale":"sv_SE","og_type":"article","og_title":"Hur man hanterar l\u00e4kemedel","og_description":"Det \u00e4r mycket troligt att din n\u00e4rst\u00e5ende med hj\u00e4rtsvikt tar flera olika mediciner f\u00f6r att kontrollera sin hj\u00e4rtsvikt. Det \u00e4r viktigt att ta dem exakt enligt l\u00e4karens f\u00f6reskrifter.","og_url":"https:\/\/www.heartfailurematters.org\/sv\/for-anhorigvardare\/hur-man-hanterar-lakemedel\/","og_site_name":"Heart Failure Matters","article_publisher":"https:\/\/www.facebook.com\/heartfailurematters","article_modified_time":"2021-02-18T15:17:16+00:00","og_image":[{"width":900,"height":596,"url":"https:\/\/www.heartfailurematters.org\/wp-content\/uploads\/2022\/03\/shutterstock_441673426-1-min.jpg","type":"image\/jpeg"}],"twitter_card":"summary_large_image","twitter_misc":{"Ber\u00e4knad l\u00e4stid":"1 minut"},"schema":{"@context":"https:\/\/schema.org","@graph":[{"@type":"WebPage","@id":"https:\/\/www.heartfailurematters.org\/sv\/for-anhorigvardare\/hur-man-hanterar-lakemedel\/","url":"https:\/\/www.heartfailurematters.org\/sv\/for-anhorigvardare\/hur-man-hanterar-lakemedel\/","name":"Hur man hanterar l\u00e4kemedel","isPartOf":{"@id":"https:\/\/www.heartfailurematters.org\/sv\/#website"},"primaryImageOfPage":{"@id":"https:\/\/www.heartfailurematters.org\/sv\/for-anhorigvardare\/hur-man-hanterar-lakemedel\/#primaryimage"},"image":{"@id":"https:\/\/www.heartfailurematters.org\/sv\/for-anhorigvardare\/hur-man-hanterar-lakemedel\/#primaryimage"},"thumbnailUrl":"https:\/\/www.heartfailurematters.org\/wp-content\/uploads\/2022\/03\/shutterstock_441673426-1-min.jpg","datePublished":"2021-01-27T22:11:44+00:00","dateModified":"2021-02-18T15:17:16+00:00","description":"Det \u00e4r mycket troligt att din n\u00e4rst\u00e5ende med hj\u00e4rtsvikt tar flera olika mediciner f\u00f6r att kontrollera sin hj\u00e4rtsvikt. Det \u00e4r viktigt att ta dem exakt enligt l\u00e4karens f\u00f6reskrifter.","breadcrumb":{"@id":"https:\/\/www.heartfailurematters.org\/sv\/for-anhorigvardare\/hur-man-hanterar-lakemedel\/#breadcrumb"},"inLanguage":"sv-SE","potentialAction":[{"@type":"ReadAction","target":["https:\/\/www.heartfailurematters.org\/sv\/for-anhorigvardare\/hur-man-hanterar-lakemedel\/"]}]},{"@type":"ImageObject","inLanguage":"sv-SE","@id":"https:\/\/www.heartfailurematters.org\/sv\/for-anhorigvardare\/hur-man-hanterar-lakemedel\/#primaryimage","url":"https:\/\/www.heartfailurematters.org\/wp-content\/uploads\/2022\/03\/shutterstock_441673426-1-min.jpg","contentUrl":"https:\/\/www.heartfailurematters.org\/wp-content\/uploads\/2022\/03\/shutterstock_441673426-1-min.jpg","width":900,"height":596},{"@type":"BreadcrumbList","@id":"https:\/\/www.heartfailurematters.org\/sv\/for-anhorigvardare\/hur-man-hanterar-lakemedel\/#breadcrumb","itemListElement":[{"@type":"ListItem","position":1,"name":"Hem","item":"https:\/\/www.heartfailurematters.org\/sv\/"},{"@type":"ListItem","position":2,"name":"F\u00f6r familj och anh\u00f6rigv\u00e5rdare","item":"https:\/\/www.heartfailurematters.org\/sv\/for-anhorigvardare\/"},{"@type":"ListItem","position":3,"name":"Hur man hanterar l\u00e4kemedel"}]},{"@type":"WebSite","@id":"https:\/\/www.heartfailurematters.org\/sv\/#website","url":"https:\/\/www.heartfailurematters.org\/sv\/","name":"Heart Failure Matters","description":"Practical information for patients, families and caregivers.","publisher":{"@id":"https:\/\/www.heartfailurematters.org\/sv\/#organization"},"potentialAction":[{"@type":"SearchAction","target":{"@type":"EntryPoint","urlTemplate":"https:\/\/www.heartfailurematters.org\/sv\/?s={search_term_string}"},"query-input":{"@type":"PropertyValueSpecification","valueRequired":true,"valueName":"search_term_string"}}],"inLanguage":"sv-SE"},{"@type":"Organization","@id":"https:\/\/www.heartfailurematters.org\/sv\/#organization","name":"Heart Failure Matters","url":"https:\/\/www.heartfailurematters.org\/sv\/","logo":{"@type":"ImageObject","inLanguage":"sv-SE","@id":"https:\/\/www.heartfailurematters.org\/sv\/#\/schema\/logo\/image\/","url":"https:\/\/cdn-endpoint-hfm.azureedge.net\/heartfailurematters\/2024\/07\/hfm-logo1.jpg","contentUrl":"https:\/\/cdn-endpoint-hfm.azureedge.net\/heartfailurematters\/2024\/07\/hfm-logo1.jpg","width":1280,"height":720,"caption":"Heart Failure Matters"},"image":{"@id":"https:\/\/www.heartfailurematters.org\/sv\/#\/schema\/logo\/image\/"},"sameAs":["https:\/\/www.facebook.com\/heartfailurematters"]}]}},"_links":{"self":[{"href":"https:\/\/www.heartfailurematters.org\/sv\/wp-json\/wp\/v2\/pages\/2458","targetHints":{"allow":["GET"]}}],"collection":[{"href":"https:\/\/www.heartfailurematters.org\/sv\/wp-json\/wp\/v2\/pages"}],"about":[{"href":"https:\/\/www.heartfailurematters.org\/sv\/wp-json\/wp\/v2\/types\/page"}],"author":[{"embeddable":true,"href":"https:\/\/www.heartfailurematters.org\/sv\/wp-json\/wp\/v2\/users\/1"}],"replies":[{"embeddable":true,"href":"https:\/\/www.heartfailurematters.org\/sv\/wp-json\/wp\/v2\/comments?post=2458"}],"version-history":[{"count":2,"href":"https:\/\/www.heartfailurematters.org\/sv\/wp-json\/wp\/v2\/pages\/2458\/revisions"}],"predecessor-version":[{"id":7047,"href":"https:\/\/www.heartfailurematters.org\/sv\/wp-json\/wp\/v2\/pages\/2458\/revisions\/7047"}],"up":[{"embeddable":true,"href":"https:\/\/www.heartfailurematters.org\/sv\/wp-json\/wp\/v2\/pages\/2847"}],"wp:featuredmedia":[{"embeddable":true,"href":"https:\/\/www.heartfailurematters.org\/sv\/wp-json\/wp\/v2\/media\/10874"}],"wp:attachment":[{"href":"https:\/\/www.heartfailurematters.org\/sv\/wp-json\/wp\/v2\/media?parent=2458"}],"wp:term":[{"taxonomy":"category","embeddable":true,"href":"https:\/\/www.heartfailurematters.org\/sv\/wp-json\/wp\/v2\/categories?post=2458"},{"taxonomy":"post_tag","embeddable":true,"href":"https:\/\/www.heartfailurematters.org\/sv\/wp-json\/wp\/v2\/tags?post=2458"}],"curies":[{"name":"wp","href":"https:\/\/api.w.org\/{rel}","templated":true}]}}