{"id":2457,"date":"2021-01-27T22:11:44","date_gmt":"2021-01-27T22:11:44","guid":{"rendered":"http:\/\/heartfailurematters.local:8888\/stentning\/"},"modified":"2021-01-27T22:11:44","modified_gmt":"2021-01-27T22:11:44","slug":"stentning","status":"publish","type":"page","link":"https:\/\/www.heartfailurematters.org\/sv\/vad-din-lakare-eller-sjukskoterska-kan-gora\/stentning\/","title":{"rendered":"Stentning"},"content":{"rendered":"<h2>Varf&ouml;r g&ouml;r man en s&aring;dan?<\/h2>\n<p>Inom kardiologi &auml;r en <a class=\"addtooltip\" title=\"Ett r&ouml;r i metall eller plast som f&ouml;rs in i ett f&ouml;rtr&auml;ngt blodk&auml;rl f&ouml;r att h&aring;lla det &ouml;ppet.\"><strong>stent<\/strong><\/a> ett litet n&auml;tr&ouml;r tillverkat av konstgjorda material som fungerar som en slags byggnadsst&auml;llning, vilket h&aring;ller en art&auml;r, som har blivit blockerad, &ouml;ppen. Stentningen &ouml;kar sannolikheten f&ouml;r att din art&auml;r f&ouml;rblir utvidgad och &ouml;ppen efter en&nbsp;<a href=\"https:\/\/www.heartfailurematters.org\/sv\/vad-din-lakare-eller-sjukskoterska-kan-gora\/ballongvidgning-perkutan-koronarintervention-pci\/\">ballongvidgning (perkutan koronarintervention &ndash; PCI)<\/a>.<\/p>\n<h2>Vad inneb&auml;r det?<\/h2>\n<p>Ett fint, flexibelt, ih&aring;ligt r&ouml;r (<a class=\"addtooltip\" title=\"&lt;div id='ToolTipTextWrap'&gt;Kateter&lt;\/div&gt;&lt;p&gt; Ett tunt, flexibelt r&ouml;r som anv&auml;nds i m&aring;nga unders&ouml;kningar.&lt;\/p&gt;\"><strong>kateter<\/strong><\/a>) med en liten uppbl&aring;sbar ballong vid spetsen f&ouml;rs in ett blodk&auml;rl, antingen i ljumsken eller armen, och dirigeras mot hj&auml;rtat med r&ouml;ntgenunders&ouml;kning. N&auml;r den n&aring;r den f&ouml;rtr&auml;ngda eller blockerade delen, bl&aring;ses ballongen upp f&ouml;r att snabbt &ouml;ppna blodk&auml;rlet och &aring;terst&auml;lla blodfl&ouml;det. D&auml;refter f&ouml;rs stenten in. N&auml;r ballongen &auml;r t&ouml;md och har avl&auml;gsnats, &auml;r stenten kvar i art&auml;ren. Alla patienter beh&ouml;ver <a class=\"addtooltip\" title=\"L&auml;kemedel som f&ouml;rhindrar bildning eller tillv&auml;xt av blodproppar. Antikoagulantia (blodf&ouml;rtunningsmedel), trombocyth&auml;mmare och trombolytika &auml;r alla typer av antitrombosmedel.\"><strong>antitrombotiska l&auml;kemedel<\/strong><\/a> efter ingreppet f&ouml;r att f&ouml;rhindra blodproppar.<\/p>\n<h2>Fr&aring;gor att st&auml;lla till din l&auml;kare:<\/h2>\n<ul>\n<li>Vad finns det f&ouml;r risker med det h&auml;r ingreppet?<\/li>\n<li>M&aring;ste jag stanna p&aring; sjukhuset?<\/li>\n<li>Vad beh&ouml;ver jag g&ouml;ra f&ouml;r att f&ouml;rbereda mig f&ouml;r ingreppet?<\/li>\n<li>Kommer jag att f&aring; lokalbed&ouml;vning eller narkos?<\/li>\n<li>M&aring;ste jag ta n&aring;gra ytterligare mediciner efter ingreppet?<\/li>\n<\/ul>\n<p><a href=\"https:\/\/www.heartfailurematters.org\/sv\/vad-din-lakare-eller-sjukskoterska-kan-gora\/andra-undersokningar\/\" title=\"&Aring;terg&aring; till &quot;Andra ingrepp&quot;\">&Aring;terg&aring; till &#8221;Andra ingrepp&#8221;<\/a><\/p>\n","protected":false},"excerpt":{"rendered":"<p>Varf&ouml;r g&ouml;r man en s&aring;dan? Inom kardiologi &auml;r en stent ett litet n&auml;tr&ouml;r tillverkat av konstgjorda material som fungerar som en slags byggnadsst&auml;llning, vilket h&aring;ller en art&auml;r, som har blivit blockerad, &ouml;ppen. Stentningen &ouml;kar sannolikheten f&ouml;r att din art&auml;r f&ouml;rblir utvidgad och &ouml;ppen efter en&nbsp;ballongvidgning (perkutan koronarintervention &ndash; PCI). Vad inneb&auml;r det? Ett fint, flexibelt, [&hellip;]<\/p>\n","protected":false},"author":1,"featured_media":10692,"parent":2685,"menu_order":0,"comment_status":"open","ping_status":"open","template":"","meta":{"_acf_changed":false,"footnotes":""},"categories":[],"tags":[],"class_list":["post-2457","page","type-page","status-publish","has-post-thumbnail","hentry"],"acf":[],"yoast_head":"<!-- This site is optimized with the Yoast SEO plugin v24.8.1 - https:\/\/yoast.com\/wordpress\/plugins\/seo\/ -->\n<title>Stentning<\/title>\n<meta name=\"description\" content=\"En stent ett litet n\u00e4tr\u00f6r som fungerar som en slags byggnadsst\u00e4llning, vilket h\u00e5ller ett blodk\u00e4rl, som har blivit blockerad, \u00f6ppen. Ta reda p\u00e5 mer\" \/>\n<meta name=\"robots\" content=\"index, follow, max-snippet:-1, max-image-preview:large, max-video-preview:-1\" \/>\n<link rel=\"canonical\" href=\"https:\/\/www.heartfailurematters.org\/sv\/vad-din-lakare-eller-sjukskoterska-kan-gora\/stentning\/\" \/>\n<meta property=\"og:locale\" content=\"sv_SE\" \/>\n<meta property=\"og:type\" content=\"article\" \/>\n<meta property=\"og:title\" content=\"Stentning\" \/>\n<meta property=\"og:description\" content=\"En stent ett litet n\u00e4tr\u00f6r som fungerar som en slags byggnadsst\u00e4llning, vilket h\u00e5ller ett blodk\u00e4rl, som har blivit blockerad, \u00f6ppen. Ta reda p\u00e5 mer\" \/>\n<meta property=\"og:url\" content=\"https:\/\/www.heartfailurematters.org\/sv\/vad-din-lakare-eller-sjukskoterska-kan-gora\/stentning\/\" \/>\n<meta property=\"og:site_name\" content=\"Heart Failure Matters\" \/>\n<meta property=\"article:publisher\" content=\"https:\/\/www.facebook.com\/heartfailurematters\" \/>\n<meta property=\"og:image\" content=\"https:\/\/www.heartfailurematters.org\/wp-content\/uploads\/2022\/02\/shutterstock_26945083-1-min.jpg\" \/>\n\t<meta property=\"og:image:width\" content=\"900\" \/>\n\t<meta property=\"og:image:height\" content=\"600\" \/>\n\t<meta property=\"og:image:type\" content=\"image\/jpeg\" \/>\n<meta name=\"twitter:card\" content=\"summary_large_image\" \/>\n<meta name=\"twitter:label1\" content=\"Ber\u00e4knad l\u00e4stid\" \/>\n\t<meta name=\"twitter:data1\" content=\"1 minut\" \/>\n<script type=\"application\/ld+json\" class=\"yoast-schema-graph\">{\"@context\":\"https:\/\/schema.org\",\"@graph\":[{\"@type\":\"WebPage\",\"@id\":\"https:\/\/www.heartfailurematters.org\/sv\/vad-din-lakare-eller-sjukskoterska-kan-gora\/stentning\/\",\"url\":\"https:\/\/www.heartfailurematters.org\/sv\/vad-din-lakare-eller-sjukskoterska-kan-gora\/stentning\/\",\"name\":\"Stentning\",\"isPartOf\":{\"@id\":\"https:\/\/www.heartfailurematters.org\/sv\/#website\"},\"primaryImageOfPage\":{\"@id\":\"https:\/\/www.heartfailurematters.org\/sv\/vad-din-lakare-eller-sjukskoterska-kan-gora\/stentning\/#primaryimage\"},\"image\":{\"@id\":\"https:\/\/www.heartfailurematters.org\/sv\/vad-din-lakare-eller-sjukskoterska-kan-gora\/stentning\/#primaryimage\"},\"thumbnailUrl\":\"https:\/\/www.heartfailurematters.org\/wp-content\/uploads\/2022\/02\/shutterstock_26945083-1-min.jpg\",\"datePublished\":\"2021-01-27T22:11:44+00:00\",\"description\":\"En stent ett litet n\u00e4tr\u00f6r som fungerar som en slags byggnadsst\u00e4llning, vilket h\u00e5ller ett blodk\u00e4rl, som har blivit blockerad, \u00f6ppen. Ta reda p\u00e5 mer\",\"breadcrumb\":{\"@id\":\"https:\/\/www.heartfailurematters.org\/sv\/vad-din-lakare-eller-sjukskoterska-kan-gora\/stentning\/#breadcrumb\"},\"inLanguage\":\"sv-SE\",\"potentialAction\":[{\"@type\":\"ReadAction\",\"target\":[\"https:\/\/www.heartfailurematters.org\/sv\/vad-din-lakare-eller-sjukskoterska-kan-gora\/stentning\/\"]}]},{\"@type\":\"ImageObject\",\"inLanguage\":\"sv-SE\",\"@id\":\"https:\/\/www.heartfailurematters.org\/sv\/vad-din-lakare-eller-sjukskoterska-kan-gora\/stentning\/#primaryimage\",\"url\":\"https:\/\/www.heartfailurematters.org\/wp-content\/uploads\/2022\/02\/shutterstock_26945083-1-min.jpg\",\"contentUrl\":\"https:\/\/www.heartfailurematters.org\/wp-content\/uploads\/2022\/02\/shutterstock_26945083-1-min.jpg\",\"width\":900,\"height\":600},{\"@type\":\"BreadcrumbList\",\"@id\":\"https:\/\/www.heartfailurematters.org\/sv\/vad-din-lakare-eller-sjukskoterska-kan-gora\/stentning\/#breadcrumb\",\"itemListElement\":[{\"@type\":\"ListItem\",\"position\":1,\"name\":\"Hem\",\"item\":\"https:\/\/www.heartfailurematters.org\/sv\/\"},{\"@type\":\"ListItem\",\"position\":2,\"name\":\"Vad din l\u00e4kare kan g\u00f6ra\",\"item\":\"https:\/\/www.heartfailurematters.org\/sv\/vad-din-lakare-eller-sjukskoterska-kan-gora\/\"},{\"@type\":\"ListItem\",\"position\":3,\"name\":\"Stentning\"}]},{\"@type\":\"WebSite\",\"@id\":\"https:\/\/www.heartfailurematters.org\/sv\/#website\",\"url\":\"https:\/\/www.heartfailurematters.org\/sv\/\",\"name\":\"Heart Failure Matters\",\"description\":\"Practical information for patients, families and caregivers.\",\"publisher\":{\"@id\":\"https:\/\/www.heartfailurematters.org\/sv\/#organization\"},\"potentialAction\":[{\"@type\":\"SearchAction\",\"target\":{\"@type\":\"EntryPoint\",\"urlTemplate\":\"https:\/\/www.heartfailurematters.org\/sv\/?s={search_term_string}\"},\"query-input\":{\"@type\":\"PropertyValueSpecification\",\"valueRequired\":true,\"valueName\":\"search_term_string\"}}],\"inLanguage\":\"sv-SE\"},{\"@type\":\"Organization\",\"@id\":\"https:\/\/www.heartfailurematters.org\/sv\/#organization\",\"name\":\"Heart Failure Matters\",\"url\":\"https:\/\/www.heartfailurematters.org\/sv\/\",\"logo\":{\"@type\":\"ImageObject\",\"inLanguage\":\"sv-SE\",\"@id\":\"https:\/\/www.heartfailurematters.org\/sv\/#\/schema\/logo\/image\/\",\"url\":\"https:\/\/cdn-endpoint-hfm.azureedge.net\/heartfailurematters\/2024\/07\/hfm-logo1.jpg\",\"contentUrl\":\"https:\/\/cdn-endpoint-hfm.azureedge.net\/heartfailurematters\/2024\/07\/hfm-logo1.jpg\",\"width\":1280,\"height\":720,\"caption\":\"Heart Failure Matters\"},\"image\":{\"@id\":\"https:\/\/www.heartfailurematters.org\/sv\/#\/schema\/logo\/image\/\"},\"sameAs\":[\"https:\/\/www.facebook.com\/heartfailurematters\"]}]}<\/script>\n<!-- \/ Yoast SEO plugin. -->","yoast_head_json":{"title":"Stentning","description":"En stent ett litet n\u00e4tr\u00f6r som fungerar som en slags byggnadsst\u00e4llning, vilket h\u00e5ller ett blodk\u00e4rl, som har blivit blockerad, \u00f6ppen. Ta reda p\u00e5 mer","robots":{"index":"index","follow":"follow","max-snippet":"max-snippet:-1","max-image-preview":"max-image-preview:large","max-video-preview":"max-video-preview:-1"},"canonical":"https:\/\/www.heartfailurematters.org\/sv\/vad-din-lakare-eller-sjukskoterska-kan-gora\/stentning\/","og_locale":"sv_SE","og_type":"article","og_title":"Stentning","og_description":"En stent ett litet n\u00e4tr\u00f6r som fungerar som en slags byggnadsst\u00e4llning, vilket h\u00e5ller ett blodk\u00e4rl, som har blivit blockerad, \u00f6ppen. Ta reda p\u00e5 mer","og_url":"https:\/\/www.heartfailurematters.org\/sv\/vad-din-lakare-eller-sjukskoterska-kan-gora\/stentning\/","og_site_name":"Heart Failure Matters","article_publisher":"https:\/\/www.facebook.com\/heartfailurematters","og_image":[{"width":900,"height":600,"url":"https:\/\/www.heartfailurematters.org\/wp-content\/uploads\/2022\/02\/shutterstock_26945083-1-min.jpg","type":"image\/jpeg"}],"twitter_card":"summary_large_image","twitter_misc":{"Ber\u00e4knad l\u00e4stid":"1 minut"},"schema":{"@context":"https:\/\/schema.org","@graph":[{"@type":"WebPage","@id":"https:\/\/www.heartfailurematters.org\/sv\/vad-din-lakare-eller-sjukskoterska-kan-gora\/stentning\/","url":"https:\/\/www.heartfailurematters.org\/sv\/vad-din-lakare-eller-sjukskoterska-kan-gora\/stentning\/","name":"Stentning","isPartOf":{"@id":"https:\/\/www.heartfailurematters.org\/sv\/#website"},"primaryImageOfPage":{"@id":"https:\/\/www.heartfailurematters.org\/sv\/vad-din-lakare-eller-sjukskoterska-kan-gora\/stentning\/#primaryimage"},"image":{"@id":"https:\/\/www.heartfailurematters.org\/sv\/vad-din-lakare-eller-sjukskoterska-kan-gora\/stentning\/#primaryimage"},"thumbnailUrl":"https:\/\/www.heartfailurematters.org\/wp-content\/uploads\/2022\/02\/shutterstock_26945083-1-min.jpg","datePublished":"2021-01-27T22:11:44+00:00","description":"En stent ett litet n\u00e4tr\u00f6r som fungerar som en slags byggnadsst\u00e4llning, vilket h\u00e5ller ett blodk\u00e4rl, som har blivit blockerad, \u00f6ppen. Ta reda p\u00e5 mer","breadcrumb":{"@id":"https:\/\/www.heartfailurematters.org\/sv\/vad-din-lakare-eller-sjukskoterska-kan-gora\/stentning\/#breadcrumb"},"inLanguage":"sv-SE","potentialAction":[{"@type":"ReadAction","target":["https:\/\/www.heartfailurematters.org\/sv\/vad-din-lakare-eller-sjukskoterska-kan-gora\/stentning\/"]}]},{"@type":"ImageObject","inLanguage":"sv-SE","@id":"https:\/\/www.heartfailurematters.org\/sv\/vad-din-lakare-eller-sjukskoterska-kan-gora\/stentning\/#primaryimage","url":"https:\/\/www.heartfailurematters.org\/wp-content\/uploads\/2022\/02\/shutterstock_26945083-1-min.jpg","contentUrl":"https:\/\/www.heartfailurematters.org\/wp-content\/uploads\/2022\/02\/shutterstock_26945083-1-min.jpg","width":900,"height":600},{"@type":"BreadcrumbList","@id":"https:\/\/www.heartfailurematters.org\/sv\/vad-din-lakare-eller-sjukskoterska-kan-gora\/stentning\/#breadcrumb","itemListElement":[{"@type":"ListItem","position":1,"name":"Hem","item":"https:\/\/www.heartfailurematters.org\/sv\/"},{"@type":"ListItem","position":2,"name":"Vad din l\u00e4kare kan g\u00f6ra","item":"https:\/\/www.heartfailurematters.org\/sv\/vad-din-lakare-eller-sjukskoterska-kan-gora\/"},{"@type":"ListItem","position":3,"name":"Stentning"}]},{"@type":"WebSite","@id":"https:\/\/www.heartfailurematters.org\/sv\/#website","url":"https:\/\/www.heartfailurematters.org\/sv\/","name":"Heart Failure Matters","description":"Practical information for patients, families and caregivers.","publisher":{"@id":"https:\/\/www.heartfailurematters.org\/sv\/#organization"},"potentialAction":[{"@type":"SearchAction","target":{"@type":"EntryPoint","urlTemplate":"https:\/\/www.heartfailurematters.org\/sv\/?s={search_term_string}"},"query-input":{"@type":"PropertyValueSpecification","valueRequired":true,"valueName":"search_term_string"}}],"inLanguage":"sv-SE"},{"@type":"Organization","@id":"https:\/\/www.heartfailurematters.org\/sv\/#organization","name":"Heart Failure Matters","url":"https:\/\/www.heartfailurematters.org\/sv\/","logo":{"@type":"ImageObject","inLanguage":"sv-SE","@id":"https:\/\/www.heartfailurematters.org\/sv\/#\/schema\/logo\/image\/","url":"https:\/\/cdn-endpoint-hfm.azureedge.net\/heartfailurematters\/2024\/07\/hfm-logo1.jpg","contentUrl":"https:\/\/cdn-endpoint-hfm.azureedge.net\/heartfailurematters\/2024\/07\/hfm-logo1.jpg","width":1280,"height":720,"caption":"Heart Failure Matters"},"image":{"@id":"https:\/\/www.heartfailurematters.org\/sv\/#\/schema\/logo\/image\/"},"sameAs":["https:\/\/www.facebook.com\/heartfailurematters"]}]}},"_links":{"self":[{"href":"https:\/\/www.heartfailurematters.org\/sv\/wp-json\/wp\/v2\/pages\/2457","targetHints":{"allow":["GET"]}}],"collection":[{"href":"https:\/\/www.heartfailurematters.org\/sv\/wp-json\/wp\/v2\/pages"}],"about":[{"href":"https:\/\/www.heartfailurematters.org\/sv\/wp-json\/wp\/v2\/types\/page"}],"author":[{"embeddable":true,"href":"https:\/\/www.heartfailurematters.org\/sv\/wp-json\/wp\/v2\/users\/1"}],"replies":[{"embeddable":true,"href":"https:\/\/www.heartfailurematters.org\/sv\/wp-json\/wp\/v2\/comments?post=2457"}],"version-history":[{"count":0,"href":"https:\/\/www.heartfailurematters.org\/sv\/wp-json\/wp\/v2\/pages\/2457\/revisions"}],"up":[{"embeddable":true,"href":"https:\/\/www.heartfailurematters.org\/sv\/wp-json\/wp\/v2\/pages\/2685"}],"wp:featuredmedia":[{"embeddable":true,"href":"https:\/\/www.heartfailurematters.org\/sv\/wp-json\/wp\/v2\/media\/10692"}],"wp:attachment":[{"href":"https:\/\/www.heartfailurematters.org\/sv\/wp-json\/wp\/v2\/media?parent=2457"}],"wp:term":[{"taxonomy":"category","embeddable":true,"href":"https:\/\/www.heartfailurematters.org\/sv\/wp-json\/wp\/v2\/categories?post=2457"},{"taxonomy":"post_tag","embeddable":true,"href":"https:\/\/www.heartfailurematters.org\/sv\/wp-json\/wp\/v2\/tags?post=2457"}],"curies":[{"name":"wp","href":"https:\/\/api.w.org\/{rel}","templated":true}]}}