{"id":2455,"date":"2021-01-27T22:11:44","date_gmt":"2021-01-27T22:11:44","guid":{"rendered":"http:\/\/heartfailurematters.local:8888\/hur-du-mater-ditt-eget-blodtryck-och-hjartfrekvens-puls\/"},"modified":"2021-08-12T12:21:55","modified_gmt":"2021-08-12T11:21:55","slug":"hur-du-mater-ditt-eget-blodtryck-och-hjartfrekvens-puls","status":"publish","type":"page","link":"https:\/\/www.heartfailurematters.org\/sv\/orsaker-till-hjartsvikt-och-andra-vanliga-medicinska-tillstand\/hur-du-mater-ditt-eget-blodtryck-och-hjartfrekvens-puls\/","title":{"rendered":"Hur du m\u00e4ter ditt eget blodtryck och hj\u00e4rtfrekvens (puls)"},"content":{"rendered":"<p>Det kan h\u00e4nda att din l\u00e4kare r\u00e5der dig att regelbundet m\u00e4ta blodtryck och hj\u00e4rtfrekvens (puls) hemma, eller s\u00e5 kan du v\u00e4lja att g\u00f6ra det f\u00f6r att du sj\u00e4lv \u00e4r intresserad. Hursomhelst \u00e4r det viktigt att du l\u00e4r dig att g\u00f6ra en korrekt avl\u00e4sning.<\/p>\n<h2>Varf\u00f6r?<\/h2>\n<p>Genom att kontrollera ditt eget blodtryck och hj\u00e4rtfrekvens kan du f\u00e5 b\u00e4ttre kontroll \u00f6ver ditt tillst\u00e5nd och k\u00e4nna st\u00f6rre f\u00f6rtroende f\u00f6r den behandling du har f\u00e5tt. L\u00e4kare och sjuksk\u00f6terskor kommer att vara intresserade av att, med j\u00e4mna mellanrum, ta del av en daglig registrering av puls och blodtryck. Det ger information som kommer att hj\u00e4lpa din l\u00e4kare att finjustera din behandling.<\/p>\n<p>Men att m\u00e4ta blodtrycket hemma kan ocks\u00e5 g\u00f6ra dig mer orolig \u00f6ver ditt tillst\u00e5nd. Om s\u00e5 \u00e4r fallet, b\u00f6r du f\u00f6rs\u00f6ka att motst\u00e5 frestelsen att g\u00f6ra avl\u00e4sningar oftare \u00e4n din l\u00e4kare har rekommenderat. Din l\u00e4kare kommer att diskutera ditt nuvarande blodtryck och dina pulsv\u00e4rden med dig och f\u00f6rklara vilka v\u00e4rden som b\u00f6r uppn\u00e5s med hj\u00e4lp av din behandling.<\/p>\n<h2>Hur?<\/h2>\n<p>Blodtrycksm\u00e4tare \u00e4r s\u00e4llan tillg\u00e4ngliga kostnadsfritt. Men du kanske kan l\u00e5na en under en period. Din l\u00e4kare kommer att kunna rekommendera vilken typ av blodtrycksm\u00e4tare som du b\u00f6r k\u00f6pa och du b\u00f6r be l\u00e4karen eller sjuksk\u00f6terskan att kontrollera att den \u00e4r exakt, och att du kan anv\u00e4nda den, innan du b\u00f6rjar g\u00f6ra avl\u00e4sningar.<\/p>\n<p>Du kan m\u00e4ta din puls ganska enkelt hemma. Allt du beh\u00f6ver \u00e4r en klocka med sekundvisare eller ett digitalt stoppur. Hitta en lugn plats d\u00e4r du inte blir distraherad, s\u00e4tt dig ner och v\u00e4nta i minst 10 minuter (f\u00f6r att s\u00e4kerst\u00e4lla att du f\u00e5r vilopuls), r\u00e4kna pulsen genom att f\u00f6rsiktigt placera tv\u00e5 fingrar p\u00e5 insidan av din andra handled under tummen och r\u00e4kna hj\u00e4rtslagen i 30 sekunder (anv\u00e4nd inte tummen eftersom du kan k\u00e4nna dess egen puls). Sedan f\u00f6rdubblar du denna siffra f\u00f6r att f\u00e5 din vilopuls. Den b\u00f6r vanligtvis vara mellan 60 och 100 slag per minut.<\/p>\n","protected":false},"excerpt":{"rendered":"<p>Det kan h\u00e4nda att din l\u00e4kare r\u00e5der dig att regelbundet m\u00e4ta blodtryck och hj\u00e4rtfrekvens (puls) hemma, eller s\u00e5 kan du v\u00e4lja att g\u00f6ra det f\u00f6r att du sj\u00e4lv \u00e4r intresserad. Hursomhelst \u00e4r det viktigt att du l\u00e4r dig att g\u00f6ra en korrekt avl\u00e4sning. Varf\u00f6r? Genom att kontrollera ditt eget blodtryck och hj\u00e4rtfrekvens kan du f\u00e5 [&hellip;]<\/p>\n","protected":false},"author":1,"featured_media":0,"parent":8051,"menu_order":0,"comment_status":"open","ping_status":"open","template":"","meta":{"_acf_changed":false,"footnotes":""},"categories":[],"tags":[],"class_list":["post-2455","page","type-page","status-publish","hentry"],"acf":[],"yoast_head":"<!-- This site is optimized with the Yoast SEO plugin v24.8.1 - https:\/\/yoast.com\/wordpress\/plugins\/seo\/ -->\n<title>Hur du m\u00e4ter ditt eget blodtryck och hj\u00e4rtfrekvens (puls)<\/title>\n<meta name=\"description\" content=\"Det kan h\u00e4nda att din l\u00e4kare r\u00e5der dig att regelbundet m\u00e4ta blodtryck och hj\u00e4rtfrekvens (puls) hemma, eller s\u00e5 kan du v\u00e4lja att g\u00f6ra det f\u00f6r att du sj\u00e4lv \u00e4r intresserad.\" \/>\n<meta name=\"robots\" content=\"index, follow, max-snippet:-1, max-image-preview:large, max-video-preview:-1\" \/>\n<link rel=\"canonical\" href=\"https:\/\/www.heartfailurematters.org\/sv\/orsaker-till-hjartsvikt-och-andra-vanliga-medicinska-tillstand\/hur-du-mater-ditt-eget-blodtryck-och-hjartfrekvens-puls\/\" \/>\n<meta property=\"og:locale\" content=\"sv_SE\" \/>\n<meta property=\"og:type\" content=\"article\" \/>\n<meta property=\"og:title\" content=\"Hur du m\u00e4ter ditt eget blodtryck och hj\u00e4rtfrekvens (puls)\" \/>\n<meta property=\"og:description\" content=\"Det kan h\u00e4nda att din l\u00e4kare r\u00e5der dig att regelbundet m\u00e4ta blodtryck och hj\u00e4rtfrekvens (puls) hemma, eller s\u00e5 kan du v\u00e4lja att g\u00f6ra det f\u00f6r att du sj\u00e4lv \u00e4r intresserad.\" \/>\n<meta property=\"og:url\" content=\"https:\/\/www.heartfailurematters.org\/sv\/orsaker-till-hjartsvikt-och-andra-vanliga-medicinska-tillstand\/hur-du-mater-ditt-eget-blodtryck-och-hjartfrekvens-puls\/\" \/>\n<meta property=\"og:site_name\" content=\"Heart Failure Matters\" \/>\n<meta property=\"article:publisher\" content=\"https:\/\/www.facebook.com\/heartfailurematters\" \/>\n<meta property=\"article:modified_time\" content=\"2021-08-12T11:21:55+00:00\" \/>\n<meta name=\"twitter:card\" content=\"summary_large_image\" \/>\n<meta name=\"twitter:label1\" content=\"Ber\u00e4knad l\u00e4stid\" \/>\n\t<meta name=\"twitter:data1\" content=\"2 minuter\" \/>\n<script type=\"application\/ld+json\" class=\"yoast-schema-graph\">{\"@context\":\"https:\/\/schema.org\",\"@graph\":[{\"@type\":\"WebPage\",\"@id\":\"https:\/\/www.heartfailurematters.org\/sv\/orsaker-till-hjartsvikt-och-andra-vanliga-medicinska-tillstand\/hur-du-mater-ditt-eget-blodtryck-och-hjartfrekvens-puls\/\",\"url\":\"https:\/\/www.heartfailurematters.org\/sv\/orsaker-till-hjartsvikt-och-andra-vanliga-medicinska-tillstand\/hur-du-mater-ditt-eget-blodtryck-och-hjartfrekvens-puls\/\",\"name\":\"Hur du m\u00e4ter ditt eget blodtryck och hj\u00e4rtfrekvens (puls)\",\"isPartOf\":{\"@id\":\"https:\/\/www.heartfailurematters.org\/sv\/#website\"},\"datePublished\":\"2021-01-27T22:11:44+00:00\",\"dateModified\":\"2021-08-12T11:21:55+00:00\",\"description\":\"Det kan h\u00e4nda att din l\u00e4kare r\u00e5der dig att regelbundet m\u00e4ta blodtryck och hj\u00e4rtfrekvens (puls) hemma, eller s\u00e5 kan du v\u00e4lja att g\u00f6ra det f\u00f6r att du sj\u00e4lv \u00e4r intresserad.\",\"breadcrumb\":{\"@id\":\"https:\/\/www.heartfailurematters.org\/sv\/orsaker-till-hjartsvikt-och-andra-vanliga-medicinska-tillstand\/hur-du-mater-ditt-eget-blodtryck-och-hjartfrekvens-puls\/#breadcrumb\"},\"inLanguage\":\"sv-SE\",\"potentialAction\":[{\"@type\":\"ReadAction\",\"target\":[\"https:\/\/www.heartfailurematters.org\/sv\/orsaker-till-hjartsvikt-och-andra-vanliga-medicinska-tillstand\/hur-du-mater-ditt-eget-blodtryck-och-hjartfrekvens-puls\/\"]}]},{\"@type\":\"BreadcrumbList\",\"@id\":\"https:\/\/www.heartfailurematters.org\/sv\/orsaker-till-hjartsvikt-och-andra-vanliga-medicinska-tillstand\/hur-du-mater-ditt-eget-blodtryck-och-hjartfrekvens-puls\/#breadcrumb\",\"itemListElement\":[{\"@type\":\"ListItem\",\"position\":1,\"name\":\"Hem\",\"item\":\"https:\/\/www.heartfailurematters.org\/sv\/\"},{\"@type\":\"ListItem\",\"position\":2,\"name\":\"Orsaker till hj\u00e4rtsvikt och andra vanliga medicinska tillst\u00e5nd\",\"item\":\"https:\/\/www.heartfailurematters.org\/sv\/orsaker-till-hjartsvikt-och-andra-vanliga-medicinska-tillstand\/\"},{\"@type\":\"ListItem\",\"position\":3,\"name\":\"Hur du m\u00e4ter ditt eget blodtryck och hj\u00e4rtfrekvens (puls)\"}]},{\"@type\":\"WebSite\",\"@id\":\"https:\/\/www.heartfailurematters.org\/sv\/#website\",\"url\":\"https:\/\/www.heartfailurematters.org\/sv\/\",\"name\":\"Heart Failure Matters\",\"description\":\"Practical information for patients, families and caregivers.\",\"publisher\":{\"@id\":\"https:\/\/www.heartfailurematters.org\/sv\/#organization\"},\"potentialAction\":[{\"@type\":\"SearchAction\",\"target\":{\"@type\":\"EntryPoint\",\"urlTemplate\":\"https:\/\/www.heartfailurematters.org\/sv\/?s={search_term_string}\"},\"query-input\":{\"@type\":\"PropertyValueSpecification\",\"valueRequired\":true,\"valueName\":\"search_term_string\"}}],\"inLanguage\":\"sv-SE\"},{\"@type\":\"Organization\",\"@id\":\"https:\/\/www.heartfailurematters.org\/sv\/#organization\",\"name\":\"Heart Failure Matters\",\"url\":\"https:\/\/www.heartfailurematters.org\/sv\/\",\"logo\":{\"@type\":\"ImageObject\",\"inLanguage\":\"sv-SE\",\"@id\":\"https:\/\/www.heartfailurematters.org\/sv\/#\/schema\/logo\/image\/\",\"url\":\"https:\/\/cdn-endpoint-hfm.azureedge.net\/heartfailurematters\/2024\/07\/hfm-logo1.jpg\",\"contentUrl\":\"https:\/\/cdn-endpoint-hfm.azureedge.net\/heartfailurematters\/2024\/07\/hfm-logo1.jpg\",\"width\":1280,\"height\":720,\"caption\":\"Heart Failure Matters\"},\"image\":{\"@id\":\"https:\/\/www.heartfailurematters.org\/sv\/#\/schema\/logo\/image\/\"},\"sameAs\":[\"https:\/\/www.facebook.com\/heartfailurematters\"]}]}<\/script>\n<!-- \/ Yoast SEO plugin. -->","yoast_head_json":{"title":"Hur du m\u00e4ter ditt eget blodtryck och hj\u00e4rtfrekvens (puls)","description":"Det kan h\u00e4nda att din l\u00e4kare r\u00e5der dig att regelbundet m\u00e4ta blodtryck och hj\u00e4rtfrekvens (puls) hemma, eller s\u00e5 kan du v\u00e4lja att g\u00f6ra det f\u00f6r att du sj\u00e4lv \u00e4r intresserad.","robots":{"index":"index","follow":"follow","max-snippet":"max-snippet:-1","max-image-preview":"max-image-preview:large","max-video-preview":"max-video-preview:-1"},"canonical":"https:\/\/www.heartfailurematters.org\/sv\/orsaker-till-hjartsvikt-och-andra-vanliga-medicinska-tillstand\/hur-du-mater-ditt-eget-blodtryck-och-hjartfrekvens-puls\/","og_locale":"sv_SE","og_type":"article","og_title":"Hur du m\u00e4ter ditt eget blodtryck och hj\u00e4rtfrekvens (puls)","og_description":"Det kan h\u00e4nda att din l\u00e4kare r\u00e5der dig att regelbundet m\u00e4ta blodtryck och hj\u00e4rtfrekvens (puls) hemma, eller s\u00e5 kan du v\u00e4lja att g\u00f6ra det f\u00f6r att du sj\u00e4lv \u00e4r intresserad.","og_url":"https:\/\/www.heartfailurematters.org\/sv\/orsaker-till-hjartsvikt-och-andra-vanliga-medicinska-tillstand\/hur-du-mater-ditt-eget-blodtryck-och-hjartfrekvens-puls\/","og_site_name":"Heart Failure Matters","article_publisher":"https:\/\/www.facebook.com\/heartfailurematters","article_modified_time":"2021-08-12T11:21:55+00:00","twitter_card":"summary_large_image","twitter_misc":{"Ber\u00e4knad l\u00e4stid":"2 minuter"},"schema":{"@context":"https:\/\/schema.org","@graph":[{"@type":"WebPage","@id":"https:\/\/www.heartfailurematters.org\/sv\/orsaker-till-hjartsvikt-och-andra-vanliga-medicinska-tillstand\/hur-du-mater-ditt-eget-blodtryck-och-hjartfrekvens-puls\/","url":"https:\/\/www.heartfailurematters.org\/sv\/orsaker-till-hjartsvikt-och-andra-vanliga-medicinska-tillstand\/hur-du-mater-ditt-eget-blodtryck-och-hjartfrekvens-puls\/","name":"Hur du m\u00e4ter ditt eget blodtryck och hj\u00e4rtfrekvens (puls)","isPartOf":{"@id":"https:\/\/www.heartfailurematters.org\/sv\/#website"},"datePublished":"2021-01-27T22:11:44+00:00","dateModified":"2021-08-12T11:21:55+00:00","description":"Det kan h\u00e4nda att din l\u00e4kare r\u00e5der dig att regelbundet m\u00e4ta blodtryck och hj\u00e4rtfrekvens (puls) hemma, eller s\u00e5 kan du v\u00e4lja att g\u00f6ra det f\u00f6r att du sj\u00e4lv \u00e4r intresserad.","breadcrumb":{"@id":"https:\/\/www.heartfailurematters.org\/sv\/orsaker-till-hjartsvikt-och-andra-vanliga-medicinska-tillstand\/hur-du-mater-ditt-eget-blodtryck-och-hjartfrekvens-puls\/#breadcrumb"},"inLanguage":"sv-SE","potentialAction":[{"@type":"ReadAction","target":["https:\/\/www.heartfailurematters.org\/sv\/orsaker-till-hjartsvikt-och-andra-vanliga-medicinska-tillstand\/hur-du-mater-ditt-eget-blodtryck-och-hjartfrekvens-puls\/"]}]},{"@type":"BreadcrumbList","@id":"https:\/\/www.heartfailurematters.org\/sv\/orsaker-till-hjartsvikt-och-andra-vanliga-medicinska-tillstand\/hur-du-mater-ditt-eget-blodtryck-och-hjartfrekvens-puls\/#breadcrumb","itemListElement":[{"@type":"ListItem","position":1,"name":"Hem","item":"https:\/\/www.heartfailurematters.org\/sv\/"},{"@type":"ListItem","position":2,"name":"Orsaker till hj\u00e4rtsvikt och andra vanliga medicinska tillst\u00e5nd","item":"https:\/\/www.heartfailurematters.org\/sv\/orsaker-till-hjartsvikt-och-andra-vanliga-medicinska-tillstand\/"},{"@type":"ListItem","position":3,"name":"Hur du m\u00e4ter ditt eget blodtryck och hj\u00e4rtfrekvens (puls)"}]},{"@type":"WebSite","@id":"https:\/\/www.heartfailurematters.org\/sv\/#website","url":"https:\/\/www.heartfailurematters.org\/sv\/","name":"Heart Failure Matters","description":"Practical information for patients, families and caregivers.","publisher":{"@id":"https:\/\/www.heartfailurematters.org\/sv\/#organization"},"potentialAction":[{"@type":"SearchAction","target":{"@type":"EntryPoint","urlTemplate":"https:\/\/www.heartfailurematters.org\/sv\/?s={search_term_string}"},"query-input":{"@type":"PropertyValueSpecification","valueRequired":true,"valueName":"search_term_string"}}],"inLanguage":"sv-SE"},{"@type":"Organization","@id":"https:\/\/www.heartfailurematters.org\/sv\/#organization","name":"Heart Failure Matters","url":"https:\/\/www.heartfailurematters.org\/sv\/","logo":{"@type":"ImageObject","inLanguage":"sv-SE","@id":"https:\/\/www.heartfailurematters.org\/sv\/#\/schema\/logo\/image\/","url":"https:\/\/cdn-endpoint-hfm.azureedge.net\/heartfailurematters\/2024\/07\/hfm-logo1.jpg","contentUrl":"https:\/\/cdn-endpoint-hfm.azureedge.net\/heartfailurematters\/2024\/07\/hfm-logo1.jpg","width":1280,"height":720,"caption":"Heart Failure Matters"},"image":{"@id":"https:\/\/www.heartfailurematters.org\/sv\/#\/schema\/logo\/image\/"},"sameAs":["https:\/\/www.facebook.com\/heartfailurematters"]}]}},"_links":{"self":[{"href":"https:\/\/www.heartfailurematters.org\/sv\/wp-json\/wp\/v2\/pages\/2455","targetHints":{"allow":["GET"]}}],"collection":[{"href":"https:\/\/www.heartfailurematters.org\/sv\/wp-json\/wp\/v2\/pages"}],"about":[{"href":"https:\/\/www.heartfailurematters.org\/sv\/wp-json\/wp\/v2\/types\/page"}],"author":[{"embeddable":true,"href":"https:\/\/www.heartfailurematters.org\/sv\/wp-json\/wp\/v2\/users\/1"}],"replies":[{"embeddable":true,"href":"https:\/\/www.heartfailurematters.org\/sv\/wp-json\/wp\/v2\/comments?post=2455"}],"version-history":[{"count":2,"href":"https:\/\/www.heartfailurematters.org\/sv\/wp-json\/wp\/v2\/pages\/2455\/revisions"}],"predecessor-version":[{"id":9849,"href":"https:\/\/www.heartfailurematters.org\/sv\/wp-json\/wp\/v2\/pages\/2455\/revisions\/9849"}],"up":[{"embeddable":true,"href":"https:\/\/www.heartfailurematters.org\/sv\/wp-json\/wp\/v2\/pages\/8051"}],"wp:attachment":[{"href":"https:\/\/www.heartfailurematters.org\/sv\/wp-json\/wp\/v2\/media?parent=2455"}],"wp:term":[{"taxonomy":"category","embeddable":true,"href":"https:\/\/www.heartfailurematters.org\/sv\/wp-json\/wp\/v2\/categories?post=2455"},{"taxonomy":"post_tag","embeddable":true,"href":"https:\/\/www.heartfailurematters.org\/sv\/wp-json\/wp\/v2\/tags?post=2455"}],"curies":[{"name":"wp","href":"https:\/\/api.w.org\/{rel}","templated":true}]}}