{"id":2453,"date":"2021-01-27T22:11:44","date_gmt":"2021-01-27T22:11:44","guid":{"rendered":"http:\/\/heartfailurematters.local:8888\/njursjukdomar-nedsatt-njurfunktion\/"},"modified":"2026-02-10T13:33:23","modified_gmt":"2026-02-10T13:33:23","slug":"njursjukdomar-nedsatt-njurfunktion","status":"publish","type":"page","link":"https:\/\/www.heartfailurematters.org\/sv\/orsaker-till-hjartsvikt-och-andra-vanliga-medicinska-tillstand\/njursjukdomar-nedsatt-njurfunktion\/","title":{"rendered":"Kronisk njursjukdom"},"content":{"rendered":"<p>Njurarna \u00e4r tv\u00e5 b\u00f6nformade organ p\u00e5 ca 10\u201312 cm (lika stora som en knuten hand) som sitter p\u00e5 var sin sida om ryggraden under det nedersta revbensparet.<\/p>\n<p>Njurarna har tre uppgifter \u2013 de utg\u00f6r f\u00f6r det f\u00f6rsta kroppens reningsverk, f\u00f6r det andra kroppens filter och f\u00f6r det tredje kroppens kontrollstation.<\/p>\n<h2>Reningsverk<\/h2>\n<p>Njurarna arbetar dygnet runt f\u00f6r att rena blodet fr\u00e5n oh\u00e4lsosamma \u00e4mnen. Mer \u00e4n en liter blod str\u00f6mmar genom njurarna per minut och cirka 180 liter kroppsv\u00e4tska filtreras d\u00e4r varje dag. En frisk person kissar mellan en till tre liter per dag. Urin inneh\u00e5ller kroppens \u201dslaggprodukter\u201d, dvs. gifter, l\u00e4kemedelsrester och avfallsprodukter fr\u00e5n maten vi \u00e4ter. Om njurfunktionen st\u00f6rs kan niv\u00e5er av avfallsprodukter i kroppen ackumuleras och leda till en ansamling i blodet (uremi).<\/p>\n<h2>Filterpaket<\/h2>\n<p>I varje njure finns ungef\u00e4r en miljon sm\u00e5 urinproducerande enheter, s\u00e5 kallade nefroner. Varje nefron best\u00e5r av en blodk\u00e4rlscysta, glomerulus och en njurkanal, det s.k. tubulussystemet. Glomerulus \u00e4r ett mikroskopiskt \u201dfilterpaket\u201d vars uppgift \u00e4r att rena blodet fr\u00e5n avfallsprodukter. Tubulussystemet kan liknas vid \u201davloppsr\u00f6r\u201d d\u00e4r \u00f6verfl\u00f6dig v\u00e4tska och avfall som har filtrerats dr\u00e4neras bort. Varje nefron \u00e4r kopplad till st\u00f6rre njurkanaler. D\u00e4rifr\u00e5n f\u00f6rs urin till urinledarna och vidare till urinbl\u00e5san. Alla viktiga \u00e4mnen som ska finnas kvar i kroppen separeras under filtreringsprocessen och \u00e5terf\u00f6rs till blodet.<\/p>\n<h2>Kontrollstation<\/h2>\n<p>Njurarnas funktion \u00e4r att producera \u00e4mnen och reglera olika processer i kroppen. Njurarna ser till att cellerna fungerar genom att reglera graden av salt och syra i blodet och kontrollera hur mycket kroppen absorberar eller uts\u00f6ndrar av exempelvis v\u00e4tejoner, natrium och kalium.<\/p>\n<p>Njurarna producerar tv\u00e5 viktiga hormoner: erytropoietin, ett hormon som stimulerar produktionen av r\u00f6da blodkroppar i benm\u00e4rgen, och renin, som reglerar blodk\u00e4rlens motst\u00e5nd och storlek och d\u00e4rmed blodtrycket. Njurarna \u00e4r ocks\u00e5 viktiga f\u00f6r skelettets uppbyggnad. Det kalcium vi f\u00e5r genom maten kan bara tas upp i tarmen med hj\u00e4lp av D-vitamin, som bildas i huden n\u00e4r vi exponeras f\u00f6r solljus och aktiveras av njurarna.<\/p>\n<p>F\u00f6r att njurarna ska kunna uppr\u00e4tth\u00e5lla ett j\u00e4mnt blodfl\u00f6de kr\u00e4vs en regelbunden och tillr\u00e4cklig hj\u00e4rtrytm. D\u00e4rf\u00f6r rubbas ofta interaktionen mellan hj\u00e4rta och njure vid hj\u00e4rtsvikt. Hj\u00e4rtsvikt och kronisk njursjukdom samexisterar ofta och delar vanliga riskfaktorer n\u00e4r de utvecklas. En nedsatt njurfunktion \u00e4r f\u00f6renad med en \u00f6kad risk f\u00f6r ogynnsamma utfall. Att ha b\u00e5de hj\u00e4rt- och njursjukdom kan f\u00f6rv\u00e4rra prognosen och dessa patienter beh\u00f6ver noggrann uppf\u00f6ljning.<br \/>\nEftersom m\u00e5nga av medicinerna f\u00f6r hj\u00e4rtsvikt har viktiga direkta effekter p\u00e5 njurfunktionen \u00e4r det angel\u00e4get att du regelbundet f\u00e5r din njurfunktion kontrollerad (huvudsakligen genom laboratorieanalys) av din v\u00e5rdgivare under behandling av akut och kronisk hj\u00e4rtsvikt.<\/p>\n<p>Det finns ocks\u00e5 flera l\u00e4kemedel f\u00f6r njurdysfunktion som kan anv\u00e4ndas s\u00e4kert av hj\u00e4rtsviktspatienter eller som till och med har njurskyddande egenskaper. V\u00e4nligen r\u00e5dg\u00f6r med din l\u00e4kare.<\/p>\n<p><a href=\"https:\/\/www.heartfailurematters.org\/heart-failure-causes-and-other-common-medical-conditions\/other-common-medical-conditions-and-heart-failure\/\">\u00c5terg\u00e5 till Andra vanliga medicinska tillst\u00e5nd och hj\u00e4rtsvikt<\/a><\/p>\n<p>&nbsp;<\/p>\n<p>&nbsp;<\/p>\n","protected":false},"excerpt":{"rendered":"<p>Njurarna \u00e4r tv\u00e5 b\u00f6nformade organ p\u00e5 ca 10\u201312 cm (lika stora som en knuten hand) som sitter p\u00e5 var sin sida om ryggraden under det nedersta revbensparet. Njurarna har tre uppgifter \u2013 de utg\u00f6r f\u00f6r det f\u00f6rsta kroppens reningsverk, f\u00f6r det andra kroppens filter och f\u00f6r det tredje kroppens kontrollstation. Reningsverk Njurarna arbetar dygnet runt [&hellip;]<\/p>\n","protected":false},"author":1,"featured_media":10773,"parent":8051,"menu_order":12,"comment_status":"open","ping_status":"open","template":"","meta":{"_acf_changed":false,"footnotes":""},"categories":[],"tags":[],"class_list":["post-2453","page","type-page","status-publish","has-post-thumbnail","hentry"],"acf":[],"yoast_head":"<!-- This site is optimized with the Yoast SEO plugin v24.8.1 - https:\/\/yoast.com\/wordpress\/plugins\/seo\/ -->\n<title>Njursjukdomar\/nedsatt njurfunktion<\/title>\n<meta name=\"description\" content=\"Njurarna f\u00f6rs\u00f6ker kompensera f\u00f6r hj\u00e4rtsvikt genom att beh\u00e5lla salt och vatten och d\u00e4rigenom \u00f6ka cirkulerande blodvolym.\" \/>\n<meta name=\"robots\" content=\"index, follow, max-snippet:-1, max-image-preview:large, max-video-preview:-1\" \/>\n<link rel=\"canonical\" href=\"https:\/\/www.heartfailurematters.org\/sv\/orsaker-till-hjartsvikt-och-andra-vanliga-medicinska-tillstand\/njursjukdomar-nedsatt-njurfunktion\/\" \/>\n<meta property=\"og:locale\" content=\"sv_SE\" \/>\n<meta property=\"og:type\" content=\"article\" \/>\n<meta property=\"og:title\" content=\"Njursjukdomar\/nedsatt njurfunktion\" \/>\n<meta property=\"og:description\" content=\"Njurarna f\u00f6rs\u00f6ker kompensera f\u00f6r hj\u00e4rtsvikt genom att beh\u00e5lla salt och vatten och d\u00e4rigenom \u00f6ka cirkulerande blodvolym.\" \/>\n<meta property=\"og:url\" content=\"https:\/\/www.heartfailurematters.org\/sv\/orsaker-till-hjartsvikt-och-andra-vanliga-medicinska-tillstand\/njursjukdomar-nedsatt-njurfunktion\/\" \/>\n<meta property=\"og:site_name\" content=\"Heart Failure Matters\" \/>\n<meta property=\"article:publisher\" content=\"https:\/\/www.facebook.com\/heartfailurematters\" \/>\n<meta property=\"article:modified_time\" content=\"2026-02-10T13:33:23+00:00\" \/>\n<meta property=\"og:image\" content=\"https:\/\/www.heartfailurematters.org\/wp-content\/uploads\/2022\/03\/shutterstock_1988696597-1-min.jpg\" \/>\n\t<meta property=\"og:image:width\" content=\"900\" \/>\n\t<meta property=\"og:image:height\" content=\"600\" \/>\n\t<meta property=\"og:image:type\" content=\"image\/jpeg\" \/>\n<meta name=\"twitter:card\" content=\"summary_large_image\" \/>\n<meta name=\"twitter:label1\" content=\"Ber\u00e4knad l\u00e4stid\" \/>\n\t<meta name=\"twitter:data1\" content=\"3 minuter\" \/>\n<script type=\"application\/ld+json\" class=\"yoast-schema-graph\">{\"@context\":\"https:\/\/schema.org\",\"@graph\":[{\"@type\":\"WebPage\",\"@id\":\"https:\/\/www.heartfailurematters.org\/sv\/orsaker-till-hjartsvikt-och-andra-vanliga-medicinska-tillstand\/njursjukdomar-nedsatt-njurfunktion\/\",\"url\":\"https:\/\/www.heartfailurematters.org\/sv\/orsaker-till-hjartsvikt-och-andra-vanliga-medicinska-tillstand\/njursjukdomar-nedsatt-njurfunktion\/\",\"name\":\"Njursjukdomar\/nedsatt njurfunktion\",\"isPartOf\":{\"@id\":\"https:\/\/www.heartfailurematters.org\/sv\/#website\"},\"primaryImageOfPage\":{\"@id\":\"https:\/\/www.heartfailurematters.org\/sv\/orsaker-till-hjartsvikt-och-andra-vanliga-medicinska-tillstand\/njursjukdomar-nedsatt-njurfunktion\/#primaryimage\"},\"image\":{\"@id\":\"https:\/\/www.heartfailurematters.org\/sv\/orsaker-till-hjartsvikt-och-andra-vanliga-medicinska-tillstand\/njursjukdomar-nedsatt-njurfunktion\/#primaryimage\"},\"thumbnailUrl\":\"https:\/\/www.heartfailurematters.org\/wp-content\/uploads\/2022\/03\/shutterstock_1988696597-1-min.jpg\",\"datePublished\":\"2021-01-27T22:11:44+00:00\",\"dateModified\":\"2026-02-10T13:33:23+00:00\",\"description\":\"Njurarna f\u00f6rs\u00f6ker kompensera f\u00f6r hj\u00e4rtsvikt genom att beh\u00e5lla salt och vatten och d\u00e4rigenom \u00f6ka cirkulerande blodvolym.\",\"breadcrumb\":{\"@id\":\"https:\/\/www.heartfailurematters.org\/sv\/orsaker-till-hjartsvikt-och-andra-vanliga-medicinska-tillstand\/njursjukdomar-nedsatt-njurfunktion\/#breadcrumb\"},\"inLanguage\":\"sv-SE\",\"potentialAction\":[{\"@type\":\"ReadAction\",\"target\":[\"https:\/\/www.heartfailurematters.org\/sv\/orsaker-till-hjartsvikt-och-andra-vanliga-medicinska-tillstand\/njursjukdomar-nedsatt-njurfunktion\/\"]}]},{\"@type\":\"ImageObject\",\"inLanguage\":\"sv-SE\",\"@id\":\"https:\/\/www.heartfailurematters.org\/sv\/orsaker-till-hjartsvikt-och-andra-vanliga-medicinska-tillstand\/njursjukdomar-nedsatt-njurfunktion\/#primaryimage\",\"url\":\"https:\/\/www.heartfailurematters.org\/wp-content\/uploads\/2022\/03\/shutterstock_1988696597-1-min.jpg\",\"contentUrl\":\"https:\/\/www.heartfailurematters.org\/wp-content\/uploads\/2022\/03\/shutterstock_1988696597-1-min.jpg\",\"width\":900,\"height\":600},{\"@type\":\"BreadcrumbList\",\"@id\":\"https:\/\/www.heartfailurematters.org\/sv\/orsaker-till-hjartsvikt-och-andra-vanliga-medicinska-tillstand\/njursjukdomar-nedsatt-njurfunktion\/#breadcrumb\",\"itemListElement\":[{\"@type\":\"ListItem\",\"position\":1,\"name\":\"Hem\",\"item\":\"https:\/\/www.heartfailurematters.org\/sv\/\"},{\"@type\":\"ListItem\",\"position\":2,\"name\":\"Orsaker till hj\u00e4rtsvikt och andra vanliga medicinska tillst\u00e5nd\",\"item\":\"https:\/\/www.heartfailurematters.org\/sv\/orsaker-till-hjartsvikt-och-andra-vanliga-medicinska-tillstand\/\"},{\"@type\":\"ListItem\",\"position\":3,\"name\":\"Kronisk njursjukdom\"}]},{\"@type\":\"WebSite\",\"@id\":\"https:\/\/www.heartfailurematters.org\/sv\/#website\",\"url\":\"https:\/\/www.heartfailurematters.org\/sv\/\",\"name\":\"Heart Failure Matters\",\"description\":\"Practical information for patients, families and caregivers.\",\"publisher\":{\"@id\":\"https:\/\/www.heartfailurematters.org\/sv\/#organization\"},\"potentialAction\":[{\"@type\":\"SearchAction\",\"target\":{\"@type\":\"EntryPoint\",\"urlTemplate\":\"https:\/\/www.heartfailurematters.org\/sv\/?s={search_term_string}\"},\"query-input\":{\"@type\":\"PropertyValueSpecification\",\"valueRequired\":true,\"valueName\":\"search_term_string\"}}],\"inLanguage\":\"sv-SE\"},{\"@type\":\"Organization\",\"@id\":\"https:\/\/www.heartfailurematters.org\/sv\/#organization\",\"name\":\"Heart Failure Matters\",\"url\":\"https:\/\/www.heartfailurematters.org\/sv\/\",\"logo\":{\"@type\":\"ImageObject\",\"inLanguage\":\"sv-SE\",\"@id\":\"https:\/\/www.heartfailurematters.org\/sv\/#\/schema\/logo\/image\/\",\"url\":\"https:\/\/cdn-endpoint-hfm.azureedge.net\/heartfailurematters\/2024\/07\/hfm-logo1.jpg\",\"contentUrl\":\"https:\/\/cdn-endpoint-hfm.azureedge.net\/heartfailurematters\/2024\/07\/hfm-logo1.jpg\",\"width\":1280,\"height\":720,\"caption\":\"Heart Failure Matters\"},\"image\":{\"@id\":\"https:\/\/www.heartfailurematters.org\/sv\/#\/schema\/logo\/image\/\"},\"sameAs\":[\"https:\/\/www.facebook.com\/heartfailurematters\"]}]}<\/script>\n<!-- \/ Yoast SEO plugin. -->","yoast_head_json":{"title":"Njursjukdomar\/nedsatt njurfunktion","description":"Njurarna f\u00f6rs\u00f6ker kompensera f\u00f6r hj\u00e4rtsvikt genom att beh\u00e5lla salt och vatten och d\u00e4rigenom \u00f6ka cirkulerande blodvolym.","robots":{"index":"index","follow":"follow","max-snippet":"max-snippet:-1","max-image-preview":"max-image-preview:large","max-video-preview":"max-video-preview:-1"},"canonical":"https:\/\/www.heartfailurematters.org\/sv\/orsaker-till-hjartsvikt-och-andra-vanliga-medicinska-tillstand\/njursjukdomar-nedsatt-njurfunktion\/","og_locale":"sv_SE","og_type":"article","og_title":"Njursjukdomar\/nedsatt njurfunktion","og_description":"Njurarna f\u00f6rs\u00f6ker kompensera f\u00f6r hj\u00e4rtsvikt genom att beh\u00e5lla salt och vatten och d\u00e4rigenom \u00f6ka cirkulerande blodvolym.","og_url":"https:\/\/www.heartfailurematters.org\/sv\/orsaker-till-hjartsvikt-och-andra-vanliga-medicinska-tillstand\/njursjukdomar-nedsatt-njurfunktion\/","og_site_name":"Heart Failure Matters","article_publisher":"https:\/\/www.facebook.com\/heartfailurematters","article_modified_time":"2026-02-10T13:33:23+00:00","og_image":[{"width":900,"height":600,"url":"https:\/\/www.heartfailurematters.org\/wp-content\/uploads\/2022\/03\/shutterstock_1988696597-1-min.jpg","type":"image\/jpeg"}],"twitter_card":"summary_large_image","twitter_misc":{"Ber\u00e4knad l\u00e4stid":"3 minuter"},"schema":{"@context":"https:\/\/schema.org","@graph":[{"@type":"WebPage","@id":"https:\/\/www.heartfailurematters.org\/sv\/orsaker-till-hjartsvikt-och-andra-vanliga-medicinska-tillstand\/njursjukdomar-nedsatt-njurfunktion\/","url":"https:\/\/www.heartfailurematters.org\/sv\/orsaker-till-hjartsvikt-och-andra-vanliga-medicinska-tillstand\/njursjukdomar-nedsatt-njurfunktion\/","name":"Njursjukdomar\/nedsatt njurfunktion","isPartOf":{"@id":"https:\/\/www.heartfailurematters.org\/sv\/#website"},"primaryImageOfPage":{"@id":"https:\/\/www.heartfailurematters.org\/sv\/orsaker-till-hjartsvikt-och-andra-vanliga-medicinska-tillstand\/njursjukdomar-nedsatt-njurfunktion\/#primaryimage"},"image":{"@id":"https:\/\/www.heartfailurematters.org\/sv\/orsaker-till-hjartsvikt-och-andra-vanliga-medicinska-tillstand\/njursjukdomar-nedsatt-njurfunktion\/#primaryimage"},"thumbnailUrl":"https:\/\/www.heartfailurematters.org\/wp-content\/uploads\/2022\/03\/shutterstock_1988696597-1-min.jpg","datePublished":"2021-01-27T22:11:44+00:00","dateModified":"2026-02-10T13:33:23+00:00","description":"Njurarna f\u00f6rs\u00f6ker kompensera f\u00f6r hj\u00e4rtsvikt genom att beh\u00e5lla salt och vatten och d\u00e4rigenom \u00f6ka cirkulerande blodvolym.","breadcrumb":{"@id":"https:\/\/www.heartfailurematters.org\/sv\/orsaker-till-hjartsvikt-och-andra-vanliga-medicinska-tillstand\/njursjukdomar-nedsatt-njurfunktion\/#breadcrumb"},"inLanguage":"sv-SE","potentialAction":[{"@type":"ReadAction","target":["https:\/\/www.heartfailurematters.org\/sv\/orsaker-till-hjartsvikt-och-andra-vanliga-medicinska-tillstand\/njursjukdomar-nedsatt-njurfunktion\/"]}]},{"@type":"ImageObject","inLanguage":"sv-SE","@id":"https:\/\/www.heartfailurematters.org\/sv\/orsaker-till-hjartsvikt-och-andra-vanliga-medicinska-tillstand\/njursjukdomar-nedsatt-njurfunktion\/#primaryimage","url":"https:\/\/www.heartfailurematters.org\/wp-content\/uploads\/2022\/03\/shutterstock_1988696597-1-min.jpg","contentUrl":"https:\/\/www.heartfailurematters.org\/wp-content\/uploads\/2022\/03\/shutterstock_1988696597-1-min.jpg","width":900,"height":600},{"@type":"BreadcrumbList","@id":"https:\/\/www.heartfailurematters.org\/sv\/orsaker-till-hjartsvikt-och-andra-vanliga-medicinska-tillstand\/njursjukdomar-nedsatt-njurfunktion\/#breadcrumb","itemListElement":[{"@type":"ListItem","position":1,"name":"Hem","item":"https:\/\/www.heartfailurematters.org\/sv\/"},{"@type":"ListItem","position":2,"name":"Orsaker till hj\u00e4rtsvikt och andra vanliga medicinska tillst\u00e5nd","item":"https:\/\/www.heartfailurematters.org\/sv\/orsaker-till-hjartsvikt-och-andra-vanliga-medicinska-tillstand\/"},{"@type":"ListItem","position":3,"name":"Kronisk njursjukdom"}]},{"@type":"WebSite","@id":"https:\/\/www.heartfailurematters.org\/sv\/#website","url":"https:\/\/www.heartfailurematters.org\/sv\/","name":"Heart Failure Matters","description":"Practical information for patients, families and caregivers.","publisher":{"@id":"https:\/\/www.heartfailurematters.org\/sv\/#organization"},"potentialAction":[{"@type":"SearchAction","target":{"@type":"EntryPoint","urlTemplate":"https:\/\/www.heartfailurematters.org\/sv\/?s={search_term_string}"},"query-input":{"@type":"PropertyValueSpecification","valueRequired":true,"valueName":"search_term_string"}}],"inLanguage":"sv-SE"},{"@type":"Organization","@id":"https:\/\/www.heartfailurematters.org\/sv\/#organization","name":"Heart Failure Matters","url":"https:\/\/www.heartfailurematters.org\/sv\/","logo":{"@type":"ImageObject","inLanguage":"sv-SE","@id":"https:\/\/www.heartfailurematters.org\/sv\/#\/schema\/logo\/image\/","url":"https:\/\/cdn-endpoint-hfm.azureedge.net\/heartfailurematters\/2024\/07\/hfm-logo1.jpg","contentUrl":"https:\/\/cdn-endpoint-hfm.azureedge.net\/heartfailurematters\/2024\/07\/hfm-logo1.jpg","width":1280,"height":720,"caption":"Heart Failure Matters"},"image":{"@id":"https:\/\/www.heartfailurematters.org\/sv\/#\/schema\/logo\/image\/"},"sameAs":["https:\/\/www.facebook.com\/heartfailurematters"]}]}},"_links":{"self":[{"href":"https:\/\/www.heartfailurematters.org\/sv\/wp-json\/wp\/v2\/pages\/2453","targetHints":{"allow":["GET"]}}],"collection":[{"href":"https:\/\/www.heartfailurematters.org\/sv\/wp-json\/wp\/v2\/pages"}],"about":[{"href":"https:\/\/www.heartfailurematters.org\/sv\/wp-json\/wp\/v2\/types\/page"}],"author":[{"embeddable":true,"href":"https:\/\/www.heartfailurematters.org\/sv\/wp-json\/wp\/v2\/users\/1"}],"replies":[{"embeddable":true,"href":"https:\/\/www.heartfailurematters.org\/sv\/wp-json\/wp\/v2\/comments?post=2453"}],"version-history":[{"count":4,"href":"https:\/\/www.heartfailurematters.org\/sv\/wp-json\/wp\/v2\/pages\/2453\/revisions"}],"predecessor-version":[{"id":13980,"href":"https:\/\/www.heartfailurematters.org\/sv\/wp-json\/wp\/v2\/pages\/2453\/revisions\/13980"}],"up":[{"embeddable":true,"href":"https:\/\/www.heartfailurematters.org\/sv\/wp-json\/wp\/v2\/pages\/8051"}],"wp:featuredmedia":[{"embeddable":true,"href":"https:\/\/www.heartfailurematters.org\/sv\/wp-json\/wp\/v2\/media\/10773"}],"wp:attachment":[{"href":"https:\/\/www.heartfailurematters.org\/sv\/wp-json\/wp\/v2\/media?parent=2453"}],"wp:term":[{"taxonomy":"category","embeddable":true,"href":"https:\/\/www.heartfailurematters.org\/sv\/wp-json\/wp\/v2\/categories?post=2453"},{"taxonomy":"post_tag","embeddable":true,"href":"https:\/\/www.heartfailurematters.org\/sv\/wp-json\/wp\/v2\/tags?post=2453"}],"curies":[{"name":"wp","href":"https:\/\/api.w.org\/{rel}","templated":true}]}}