{"id":2451,"date":"2021-01-27T22:11:44","date_gmt":"2021-01-27T22:11:44","guid":{"rendered":"http:\/\/heartfailurematters.local:8888\/kateterablation-av-hjartrytmrubbningar-vid-hjartsvikt\/"},"modified":"2021-01-27T22:11:44","modified_gmt":"2021-01-27T22:11:44","slug":"kateterablation-av-hjartrytmrubbningar-vid-hjartsvikt","status":"publish","type":"page","link":"https:\/\/www.heartfailurematters.org\/sv\/vad-din-lakare-eller-sjukskoterska-kan-gora\/kateterablation-av-hjartrytmrubbningar-vid-hjartsvikt\/","title":{"rendered":"Kateterablation av hj\u00e4rtrytmrubbningar vid hj\u00e4rtsvikt"},"content":{"rendered":"<h2>Vad g\u00f6r den?<\/h2>\n<p>Episoder med hj\u00e4rtklappning (rytmrubbningar i hj\u00e4rtats h\u00e5lrummen) \u00e4r ganska vanligt i utvecklingen av kronisk hj\u00e4rtsvikt och \u00e4r ofta f\u00f6rknippat med en f\u00f6rs\u00e4mring av symtom som kan kr\u00e4va sjukhusv\u00e5rd. Den medicinska behandlingen f\u00f6r hj\u00e4rtsvikt minskar risken f\u00f6r s\u00e5dana komplikationer men misslyckas ofta med att eliminera dem. N\u00e4r risken f\u00f6r rytmrubbningar i h\u00e5lrummen \u00e4r h\u00f6g, kan en implanterbar hj\u00e4rtdefibrillator (ICD) opereras in f\u00f6r behandling av dessa allvarliga arytmier som kan leda till f\u00f6rs\u00e4mring av symtom eller pl\u00f6tslig d\u00f6d. Men en ICD minskar inte f\u00f6rekomsten av hj\u00e4rtrytmrubbningar och de s\u00e4rskilda l\u00e4kemedel som kan minska dessa rytmst\u00f6rningar kan vara kontraindicerade vid hj\u00e4rtsvikt.<\/p>\n<p>Kateterablation \u00e4r vid denna tidpunkt den mest effektiva terapin f\u00f6r att minska hj\u00e4rtrytmrubbningar. Vid hj\u00e4rtsvikt kan cellf\u00f6r\u00e4ndringar \u00e4ndra m\u00f6nstret f\u00f6r elektrisk aktivering. S\u00e5ledes kan vissa delar av hj\u00e4rtat aktiveras spontant (eller vara en del av en elektrisk slynga, \u00e5terintr\u00e4dessystem som kan vidmakth\u00e5lla och leda till ih\u00e5llande snabb puls. Kateterablation syftar till att skapa ytliga \u00e4rr med hj\u00e4lp av en radiofrekvenskateter eller frysapplikation med en kryoballong i hj\u00e4rtats elektriska ledningssystem f\u00f6r att eliminera det omr\u00e5de som utl\u00f6ser hj\u00e4rtrytmrubbningen. P\u00e5 liknande s\u00e4tt kan kateterablation vara effektivt vid eliminering eller minskning av frekvensen av f\u00f6rmaksflimmer.<\/p>\n<h2>Kateterablation anv\u00e4nds huvudsakligen av tv\u00e5 sk\u00e4l<\/h2>\n<ul>\n<li>F\u00f6r att minska episoder med hj\u00e4rtklappning som induceras av f\u00f6rmaks- (f\u00f6rmaksfladder, f\u00f6rmaksflimmer) eller kammarrytmrubbningar.<\/li>\n<li>F\u00f6r att minska risken f\u00f6r pl\u00f6tslig hj\u00e4rtd\u00f6d (kammartakykardi, ventrikelflimmer).<\/li>\n<\/ul>\n<p>Kateterablation har anv\u00e4nts i flera decennier och har visat sig minska hj\u00e4rtrytmrubbningar effektivt och f\u00f6rb\u00e4ttra hj\u00e4rtfunktionen i vissa fall. Tekniska f\u00f6rb\u00e4ttringar av kateterablation medger behandling av mer komplexa hj\u00e4rtrytmrubbningar i alla hj\u00e4rtats h\u00e5lrum.<\/p>\n<h2>Kateterablation best\u00e5r av tre delar<\/h2>\n<ul>\n<li>En diagnostisk kateter f\u00f6r att lokalisera de elektriska signalerna och kartl\u00e4gga ett ledningsm\u00f6nster.<\/li>\n<li>En ablationskateter f\u00f6r att generera \u00e4rr, med olika typer av energi (radiofrekvens, kryoterapi).<\/li>\n<li>System f\u00f6r att lokalisera kateterns position i hj\u00e4rtat (fluoroskopi eller tredimensionella system).<\/li>\n<\/ul>\n<h2>Hur g\u00e5r det till?<\/h2>\n<p>Katetern f\u00f6rs in till hj\u00e4rtat genom l\u00e5rbensvenen under lokalbed\u00f6vning. Den f\u00f6rsta delen av ingreppet best\u00e5r av att studera och lokalisera ursprunget till hj\u00e4rtrytmrubbningen. D\u00e4refter kr\u00e4ver kateterablationen narkos eller lugnande medel. Energi tillf\u00f6rs med flera till\u00e4mpningar f\u00f6r att skapa \u00e4rr i l\u00e4mpliga omr\u00e5den. Hur framg\u00e5ngsrikt ingreppet varit testas f\u00f6r att visa att den onormala elektriska \u00f6verf\u00f6ringen inte kan utl\u00f6sas igen, vilket anger att behandlingen \u00e4r slutf\u00f6rd.<\/p>\n<h2>Efter ingreppet<\/h2>\n<p>Efter ingreppet, kommer du att f\u00e5 stanna ett till tv\u00e5 dygn p\u00e5 en kardiologiavdelning f\u00f6r att \u00f6vervaka en eventuell \u00e5terkomst av hj\u00e4rtrytmrubbningen. Beroende p\u00e5 typ av hj\u00e4rtrytmrubbning och ingrepp kan du rekommenderas att vila n\u00e5gra dagar.<\/p>\n<p>S\u00e4llsynta, men m\u00f6jliga biverkningar kan omfatta: bl\u00f6dning, ett behov av hj\u00e4rtoperation, blodpropp, hj\u00e4rtrytmrubbningar eller atrioventrikul\u00e4r f\u00f6rtr\u00e4ngning som kr\u00e4ver en pacemaker.<\/p>\n<p>\u00c5terfall av arytmi kan observeras inom de f\u00f6rsta m\u00e5naderna p\u00e5 grund av vissa f\u00f6r\u00e4ndringar &nbsp;under l\u00e4kningsprocessen. Ingreppet med kateterablation kan utf\u00f6ras flera g\u00e5nger f\u00f6r att behandla \u00e5terfall eller om andra hj\u00e4rtrytmrubbningar utvecklas.<\/p>\n<p>Tala med din l\u00e4kare eller sjuksk\u00f6terska f\u00f6r mer information.<\/p>\n<p><a href=\"https:\/\/www.heartfailurematters.org\/sv\/vad-din-lakare-eller-sjukskoterska-kan-gora\/andra-undersokningar\/\">\u00c5terg\u00e5 till &#8221;Andra ingrepp&#8221;<\/a><\/p>\n","protected":false},"excerpt":{"rendered":"<p>Vad g\u00f6r den? Episoder med hj\u00e4rtklappning (rytmrubbningar i hj\u00e4rtats h\u00e5lrummen) \u00e4r ganska vanligt i utvecklingen av kronisk hj\u00e4rtsvikt och \u00e4r ofta f\u00f6rknippat med en f\u00f6rs\u00e4mring av symtom som kan kr\u00e4va sjukhusv\u00e5rd. Den medicinska behandlingen f\u00f6r hj\u00e4rtsvikt minskar risken f\u00f6r s\u00e5dana komplikationer men misslyckas ofta med att eliminera dem. N\u00e4r risken f\u00f6r rytmrubbningar i h\u00e5lrummen \u00e4r [&hellip;]<\/p>\n","protected":false},"author":1,"featured_media":10692,"parent":2685,"menu_order":0,"comment_status":"open","ping_status":"open","template":"","meta":{"_acf_changed":false,"footnotes":""},"categories":[],"tags":[],"class_list":["post-2451","page","type-page","status-publish","has-post-thumbnail","hentry"],"acf":[],"yoast_head":"<!-- This site is optimized with the Yoast SEO plugin v24.8.1 - https:\/\/yoast.com\/wordpress\/plugins\/seo\/ -->\n<title>Kateterablation av hj\u00e4rtrytmrubbningar vid hj\u00e4rtsvikt<\/title>\n<meta name=\"description\" content=\"Episoder med hj\u00e4rtklappning (supra-ventrikul\u00e4ra eller ventrikul\u00e4ra arytmier) \u00e4r ganska vanligt i utvecklingen av kronisk hj\u00e4rtsvikt och \u00e4r ofta f\u00f6rknippat med en f\u00f6rs\u00e4mring av symtom som kan kr\u00e4va sjukhusv\u00e5rd.\" \/>\n<meta name=\"robots\" content=\"index, follow, max-snippet:-1, max-image-preview:large, max-video-preview:-1\" \/>\n<link rel=\"canonical\" href=\"https:\/\/www.heartfailurematters.org\/sv\/vad-din-lakare-eller-sjukskoterska-kan-gora\/kateterablation-av-hjartrytmrubbningar-vid-hjartsvikt\/\" \/>\n<meta property=\"og:locale\" content=\"sv_SE\" \/>\n<meta property=\"og:type\" content=\"article\" \/>\n<meta property=\"og:title\" content=\"Kateterablation av hj\u00e4rtrytmrubbningar vid hj\u00e4rtsvikt\" \/>\n<meta property=\"og:description\" content=\"Episoder med hj\u00e4rtklappning (supra-ventrikul\u00e4ra eller ventrikul\u00e4ra arytmier) \u00e4r ganska vanligt i utvecklingen av kronisk hj\u00e4rtsvikt och \u00e4r ofta f\u00f6rknippat med en f\u00f6rs\u00e4mring av symtom som kan kr\u00e4va sjukhusv\u00e5rd.\" \/>\n<meta property=\"og:url\" content=\"https:\/\/www.heartfailurematters.org\/sv\/vad-din-lakare-eller-sjukskoterska-kan-gora\/kateterablation-av-hjartrytmrubbningar-vid-hjartsvikt\/\" \/>\n<meta property=\"og:site_name\" content=\"Heart Failure Matters\" \/>\n<meta property=\"article:publisher\" content=\"https:\/\/www.facebook.com\/heartfailurematters\" \/>\n<meta property=\"og:image\" content=\"https:\/\/www.heartfailurematters.org\/wp-content\/uploads\/2022\/02\/shutterstock_26945083-1-min.jpg?_t=1773224778\" \/>\n\t<meta property=\"og:image:width\" content=\"900\" \/>\n\t<meta property=\"og:image:height\" content=\"600\" \/>\n\t<meta property=\"og:image:type\" content=\"image\/jpeg\" \/>\n<meta name=\"twitter:card\" content=\"summary_large_image\" \/>\n<meta name=\"twitter:label1\" content=\"Ber\u00e4knad l\u00e4stid\" \/>\n\t<meta name=\"twitter:data1\" content=\"3 minuter\" \/>\n<script type=\"application\/ld+json\" class=\"yoast-schema-graph\">{\"@context\":\"https:\/\/schema.org\",\"@graph\":[{\"@type\":\"WebPage\",\"@id\":\"https:\/\/www.heartfailurematters.org\/sv\/vad-din-lakare-eller-sjukskoterska-kan-gora\/kateterablation-av-hjartrytmrubbningar-vid-hjartsvikt\/\",\"url\":\"https:\/\/www.heartfailurematters.org\/sv\/vad-din-lakare-eller-sjukskoterska-kan-gora\/kateterablation-av-hjartrytmrubbningar-vid-hjartsvikt\/\",\"name\":\"Kateterablation av hj\u00e4rtrytmrubbningar vid hj\u00e4rtsvikt\",\"isPartOf\":{\"@id\":\"https:\/\/www.heartfailurematters.org\/sv\/#website\"},\"primaryImageOfPage\":{\"@id\":\"https:\/\/www.heartfailurematters.org\/sv\/vad-din-lakare-eller-sjukskoterska-kan-gora\/kateterablation-av-hjartrytmrubbningar-vid-hjartsvikt\/#primaryimage\"},\"image\":{\"@id\":\"https:\/\/www.heartfailurematters.org\/sv\/vad-din-lakare-eller-sjukskoterska-kan-gora\/kateterablation-av-hjartrytmrubbningar-vid-hjartsvikt\/#primaryimage\"},\"thumbnailUrl\":\"https:\/\/www.heartfailurematters.org\/wp-content\/uploads\/2022\/02\/shutterstock_26945083-1-min.jpg\",\"datePublished\":\"2021-01-27T22:11:44+00:00\",\"description\":\"Episoder med hj\u00e4rtklappning (supra-ventrikul\u00e4ra eller ventrikul\u00e4ra arytmier) \u00e4r ganska vanligt i utvecklingen av kronisk hj\u00e4rtsvikt och \u00e4r ofta f\u00f6rknippat med en f\u00f6rs\u00e4mring av symtom som kan kr\u00e4va sjukhusv\u00e5rd.\",\"breadcrumb\":{\"@id\":\"https:\/\/www.heartfailurematters.org\/sv\/vad-din-lakare-eller-sjukskoterska-kan-gora\/kateterablation-av-hjartrytmrubbningar-vid-hjartsvikt\/#breadcrumb\"},\"inLanguage\":\"sv-SE\",\"potentialAction\":[{\"@type\":\"ReadAction\",\"target\":[\"https:\/\/www.heartfailurematters.org\/sv\/vad-din-lakare-eller-sjukskoterska-kan-gora\/kateterablation-av-hjartrytmrubbningar-vid-hjartsvikt\/\"]}]},{\"@type\":\"ImageObject\",\"inLanguage\":\"sv-SE\",\"@id\":\"https:\/\/www.heartfailurematters.org\/sv\/vad-din-lakare-eller-sjukskoterska-kan-gora\/kateterablation-av-hjartrytmrubbningar-vid-hjartsvikt\/#primaryimage\",\"url\":\"https:\/\/www.heartfailurematters.org\/wp-content\/uploads\/2022\/02\/shutterstock_26945083-1-min.jpg\",\"contentUrl\":\"https:\/\/www.heartfailurematters.org\/wp-content\/uploads\/2022\/02\/shutterstock_26945083-1-min.jpg\",\"width\":900,\"height\":600},{\"@type\":\"BreadcrumbList\",\"@id\":\"https:\/\/www.heartfailurematters.org\/sv\/vad-din-lakare-eller-sjukskoterska-kan-gora\/kateterablation-av-hjartrytmrubbningar-vid-hjartsvikt\/#breadcrumb\",\"itemListElement\":[{\"@type\":\"ListItem\",\"position\":1,\"name\":\"Hem\",\"item\":\"https:\/\/www.heartfailurematters.org\/sv\/\"},{\"@type\":\"ListItem\",\"position\":2,\"name\":\"Vad din l\u00e4kare kan g\u00f6ra\",\"item\":\"https:\/\/www.heartfailurematters.org\/sv\/vad-din-lakare-eller-sjukskoterska-kan-gora\/\"},{\"@type\":\"ListItem\",\"position\":3,\"name\":\"Kateterablation av hj\u00e4rtrytmrubbningar vid hj\u00e4rtsvikt\"}]},{\"@type\":\"WebSite\",\"@id\":\"https:\/\/www.heartfailurematters.org\/sv\/#website\",\"url\":\"https:\/\/www.heartfailurematters.org\/sv\/\",\"name\":\"Heart Failure Matters\",\"description\":\"Practical information for patients, families and caregivers.\",\"publisher\":{\"@id\":\"https:\/\/www.heartfailurematters.org\/sv\/#organization\"},\"potentialAction\":[{\"@type\":\"SearchAction\",\"target\":{\"@type\":\"EntryPoint\",\"urlTemplate\":\"https:\/\/www.heartfailurematters.org\/sv\/?s={search_term_string}\"},\"query-input\":{\"@type\":\"PropertyValueSpecification\",\"valueRequired\":true,\"valueName\":\"search_term_string\"}}],\"inLanguage\":\"sv-SE\"},{\"@type\":\"Organization\",\"@id\":\"https:\/\/www.heartfailurematters.org\/sv\/#organization\",\"name\":\"Heart Failure Matters\",\"url\":\"https:\/\/www.heartfailurematters.org\/sv\/\",\"logo\":{\"@type\":\"ImageObject\",\"inLanguage\":\"sv-SE\",\"@id\":\"https:\/\/www.heartfailurematters.org\/sv\/#\/schema\/logo\/image\/\",\"url\":\"https:\/\/cdn-endpoint-hfm.azureedge.net\/heartfailurematters\/2024\/07\/hfm-logo1.jpg\",\"contentUrl\":\"https:\/\/cdn-endpoint-hfm.azureedge.net\/heartfailurematters\/2024\/07\/hfm-logo1.jpg\",\"width\":1280,\"height\":720,\"caption\":\"Heart Failure Matters\"},\"image\":{\"@id\":\"https:\/\/www.heartfailurematters.org\/sv\/#\/schema\/logo\/image\/\"},\"sameAs\":[\"https:\/\/www.facebook.com\/heartfailurematters\"]}]}<\/script>\n<!-- \/ Yoast SEO plugin. -->","yoast_head_json":{"title":"Kateterablation av hj\u00e4rtrytmrubbningar vid hj\u00e4rtsvikt","description":"Episoder med hj\u00e4rtklappning (supra-ventrikul\u00e4ra eller ventrikul\u00e4ra arytmier) \u00e4r ganska vanligt i utvecklingen av kronisk hj\u00e4rtsvikt och \u00e4r ofta f\u00f6rknippat med en f\u00f6rs\u00e4mring av symtom som kan kr\u00e4va sjukhusv\u00e5rd.","robots":{"index":"index","follow":"follow","max-snippet":"max-snippet:-1","max-image-preview":"max-image-preview:large","max-video-preview":"max-video-preview:-1"},"canonical":"https:\/\/www.heartfailurematters.org\/sv\/vad-din-lakare-eller-sjukskoterska-kan-gora\/kateterablation-av-hjartrytmrubbningar-vid-hjartsvikt\/","og_locale":"sv_SE","og_type":"article","og_title":"Kateterablation av hj\u00e4rtrytmrubbningar vid hj\u00e4rtsvikt","og_description":"Episoder med hj\u00e4rtklappning (supra-ventrikul\u00e4ra eller ventrikul\u00e4ra arytmier) \u00e4r ganska vanligt i utvecklingen av kronisk hj\u00e4rtsvikt och \u00e4r ofta f\u00f6rknippat med en f\u00f6rs\u00e4mring av symtom som kan kr\u00e4va sjukhusv\u00e5rd.","og_url":"https:\/\/www.heartfailurematters.org\/sv\/vad-din-lakare-eller-sjukskoterska-kan-gora\/kateterablation-av-hjartrytmrubbningar-vid-hjartsvikt\/","og_site_name":"Heart Failure Matters","article_publisher":"https:\/\/www.facebook.com\/heartfailurematters","og_image":[{"width":900,"height":600,"url":"https:\/\/www.heartfailurematters.org\/wp-content\/uploads\/2022\/02\/shutterstock_26945083-1-min.jpg?_t=1773224778","type":"image\/jpeg"}],"twitter_card":"summary_large_image","twitter_misc":{"Ber\u00e4knad l\u00e4stid":"3 minuter"},"schema":{"@context":"https:\/\/schema.org","@graph":[{"@type":"WebPage","@id":"https:\/\/www.heartfailurematters.org\/sv\/vad-din-lakare-eller-sjukskoterska-kan-gora\/kateterablation-av-hjartrytmrubbningar-vid-hjartsvikt\/","url":"https:\/\/www.heartfailurematters.org\/sv\/vad-din-lakare-eller-sjukskoterska-kan-gora\/kateterablation-av-hjartrytmrubbningar-vid-hjartsvikt\/","name":"Kateterablation av hj\u00e4rtrytmrubbningar vid hj\u00e4rtsvikt","isPartOf":{"@id":"https:\/\/www.heartfailurematters.org\/sv\/#website"},"primaryImageOfPage":{"@id":"https:\/\/www.heartfailurematters.org\/sv\/vad-din-lakare-eller-sjukskoterska-kan-gora\/kateterablation-av-hjartrytmrubbningar-vid-hjartsvikt\/#primaryimage"},"image":{"@id":"https:\/\/www.heartfailurematters.org\/sv\/vad-din-lakare-eller-sjukskoterska-kan-gora\/kateterablation-av-hjartrytmrubbningar-vid-hjartsvikt\/#primaryimage"},"thumbnailUrl":"https:\/\/www.heartfailurematters.org\/wp-content\/uploads\/2022\/02\/shutterstock_26945083-1-min.jpg","datePublished":"2021-01-27T22:11:44+00:00","description":"Episoder med hj\u00e4rtklappning (supra-ventrikul\u00e4ra eller ventrikul\u00e4ra arytmier) \u00e4r ganska vanligt i utvecklingen av kronisk hj\u00e4rtsvikt och \u00e4r ofta f\u00f6rknippat med en f\u00f6rs\u00e4mring av symtom som kan kr\u00e4va sjukhusv\u00e5rd.","breadcrumb":{"@id":"https:\/\/www.heartfailurematters.org\/sv\/vad-din-lakare-eller-sjukskoterska-kan-gora\/kateterablation-av-hjartrytmrubbningar-vid-hjartsvikt\/#breadcrumb"},"inLanguage":"sv-SE","potentialAction":[{"@type":"ReadAction","target":["https:\/\/www.heartfailurematters.org\/sv\/vad-din-lakare-eller-sjukskoterska-kan-gora\/kateterablation-av-hjartrytmrubbningar-vid-hjartsvikt\/"]}]},{"@type":"ImageObject","inLanguage":"sv-SE","@id":"https:\/\/www.heartfailurematters.org\/sv\/vad-din-lakare-eller-sjukskoterska-kan-gora\/kateterablation-av-hjartrytmrubbningar-vid-hjartsvikt\/#primaryimage","url":"https:\/\/www.heartfailurematters.org\/wp-content\/uploads\/2022\/02\/shutterstock_26945083-1-min.jpg","contentUrl":"https:\/\/www.heartfailurematters.org\/wp-content\/uploads\/2022\/02\/shutterstock_26945083-1-min.jpg","width":900,"height":600},{"@type":"BreadcrumbList","@id":"https:\/\/www.heartfailurematters.org\/sv\/vad-din-lakare-eller-sjukskoterska-kan-gora\/kateterablation-av-hjartrytmrubbningar-vid-hjartsvikt\/#breadcrumb","itemListElement":[{"@type":"ListItem","position":1,"name":"Hem","item":"https:\/\/www.heartfailurematters.org\/sv\/"},{"@type":"ListItem","position":2,"name":"Vad din l\u00e4kare kan g\u00f6ra","item":"https:\/\/www.heartfailurematters.org\/sv\/vad-din-lakare-eller-sjukskoterska-kan-gora\/"},{"@type":"ListItem","position":3,"name":"Kateterablation av hj\u00e4rtrytmrubbningar vid hj\u00e4rtsvikt"}]},{"@type":"WebSite","@id":"https:\/\/www.heartfailurematters.org\/sv\/#website","url":"https:\/\/www.heartfailurematters.org\/sv\/","name":"Heart Failure Matters","description":"Practical information for patients, families and caregivers.","publisher":{"@id":"https:\/\/www.heartfailurematters.org\/sv\/#organization"},"potentialAction":[{"@type":"SearchAction","target":{"@type":"EntryPoint","urlTemplate":"https:\/\/www.heartfailurematters.org\/sv\/?s={search_term_string}"},"query-input":{"@type":"PropertyValueSpecification","valueRequired":true,"valueName":"search_term_string"}}],"inLanguage":"sv-SE"},{"@type":"Organization","@id":"https:\/\/www.heartfailurematters.org\/sv\/#organization","name":"Heart Failure Matters","url":"https:\/\/www.heartfailurematters.org\/sv\/","logo":{"@type":"ImageObject","inLanguage":"sv-SE","@id":"https:\/\/www.heartfailurematters.org\/sv\/#\/schema\/logo\/image\/","url":"https:\/\/cdn-endpoint-hfm.azureedge.net\/heartfailurematters\/2024\/07\/hfm-logo1.jpg","contentUrl":"https:\/\/cdn-endpoint-hfm.azureedge.net\/heartfailurematters\/2024\/07\/hfm-logo1.jpg","width":1280,"height":720,"caption":"Heart Failure Matters"},"image":{"@id":"https:\/\/www.heartfailurematters.org\/sv\/#\/schema\/logo\/image\/"},"sameAs":["https:\/\/www.facebook.com\/heartfailurematters"]}]}},"_links":{"self":[{"href":"https:\/\/www.heartfailurematters.org\/sv\/wp-json\/wp\/v2\/pages\/2451","targetHints":{"allow":["GET"]}}],"collection":[{"href":"https:\/\/www.heartfailurematters.org\/sv\/wp-json\/wp\/v2\/pages"}],"about":[{"href":"https:\/\/www.heartfailurematters.org\/sv\/wp-json\/wp\/v2\/types\/page"}],"author":[{"embeddable":true,"href":"https:\/\/www.heartfailurematters.org\/sv\/wp-json\/wp\/v2\/users\/1"}],"replies":[{"embeddable":true,"href":"https:\/\/www.heartfailurematters.org\/sv\/wp-json\/wp\/v2\/comments?post=2451"}],"version-history":[{"count":0,"href":"https:\/\/www.heartfailurematters.org\/sv\/wp-json\/wp\/v2\/pages\/2451\/revisions"}],"up":[{"embeddable":true,"href":"https:\/\/www.heartfailurematters.org\/sv\/wp-json\/wp\/v2\/pages\/2685"}],"wp:featuredmedia":[{"embeddable":true,"href":"https:\/\/www.heartfailurematters.org\/sv\/wp-json\/wp\/v2\/media\/10692"}],"wp:attachment":[{"href":"https:\/\/www.heartfailurematters.org\/sv\/wp-json\/wp\/v2\/media?parent=2451"}],"wp:term":[{"taxonomy":"category","embeddable":true,"href":"https:\/\/www.heartfailurematters.org\/sv\/wp-json\/wp\/v2\/categories?post=2451"},{"taxonomy":"post_tag","embeddable":true,"href":"https:\/\/www.heartfailurematters.org\/sv\/wp-json\/wp\/v2\/tags?post=2451"}],"curies":[{"name":"wp","href":"https:\/\/api.w.org\/{rel}","templated":true}]}}