{"id":2450,"date":"2021-01-27T22:12:16","date_gmt":"2021-01-27T22:12:16","guid":{"rendered":"http:\/\/heartfailurematters.local:8888\/tidigare-hjartinfarkter\/"},"modified":"2021-03-25T17:25:42","modified_gmt":"2021-03-25T17:25:42","slug":"tidigare-hjartinfarkter","status":"publish","type":"page","link":"https:\/\/www.heartfailurematters.org\/sv\/orsaker-till-hjartsvikt-och-andra-vanliga-medicinska-tillstand\/tidigare-hjartinfarkter\/","title":{"rendered":"Tidigare hj\u00e4rtinfarkter"},"content":{"rendered":"<p>Hj\u00e4rtinfarkt \u00e4r den vanligaste orsaken till hj\u00e4rtsvikt. Om du har haft en <a class=\"addtooltip\" title=\"&lt;div id='ToolTipTextWrap'&gt;Hj\u00e4rtinfarkt&lt;\/div&gt;&lt;p&gt; Skador som uppst\u00e5r i hj\u00e4rtmuskeln n\u00e4r ett kransk\u00e4rl blir blockerat och blodfl\u00f6det till en del av muskeln kraftigt reduceras eller stoppas.&lt;\/p&gt;\"><strong>hj\u00e4rtinfarkt<\/strong><\/a> har en av art\u00e4rerna som f\u00f6rser din hj\u00e4rtmuskel med blod blivit helt blockerad och blodtillf\u00f6rseln skurits av. Det inneb\u00e4r att syre och n\u00e4ring inte kan komma fram till cellerna i den delen av din hj\u00e4rtmuskel, vilket g\u00f6r att dessa celler d\u00f6r. Den kvarvarande friska hj\u00e4rtmuskeln m\u00e5ste sedan pumpa h\u00e5rdare f\u00f6r att kompensera f\u00f6rlusten, vilket \u00f6kar arbetsbelastningen p\u00e5 hj\u00e4rtat. Det kan leda till hj\u00e4rtsvikt (under flera m\u00e5nader eller \u00e5r).<\/p>\n<table border=\"1\" width=\"100%\" cellspacing=\"0\" cellpadding=\"0\">\n<tbody>\n<tr>\n<td style=\"width: 25%;\">\n<h2>Animation<\/h2>\n<\/td>\n<td style=\"text-align: left; vertical-align: middle; width: 75%;\"><\/td>\n<\/tr>\n<tr>\n<td style=\"width: 25%;\"><a class=\"lightview\" href=\"https:\/\/www.youtube.com\/embed\/poktRYW6aVc?hl=en_UK&amp;autoplay=1;&amp;version=3&amp;rel=0&amp;showinfo=0\" data-lightview-caption=\"Heart attacks are the most common cause of heart failure. If you have a heart attack, one of the arteries supplying your heart muscle itself has become completely blocked, cutting off the blood supply, and blocking the supply of oxygen and nourishment to that part of your heart muscle, causing it to die.\" data-lightview-title=\"How a heart attack can cause heart failure\" data-lightview-options=\"width: 620, height: 450\" data-lightview-type=\"iframe\" data-lightview-group=\"journey\"><img decoding=\"async\" src=\"https:\/\/www.heartfailurematters.org\/wp-content\/uploads\/2021\/03\/How-a-heart-attack-can-cause-heart-failure.jpg\" alt=\"Hur en hj\u00e4rtinfarkt kan orsaka hj\u00e4rtsvikt\" width=\"180\" height=\"130\" name=\"vgn_ext_templ_rewrite?vgnextoid=bc5f10fdbdcd1410VgnVCM1000004e03a8c0STFL&amp;vgnextmgmtpath=\/file_source\/vgn_ext_templ_rewrite\" \/><\/a><\/td>\n<td style=\"text-align: left; vertical-align: middle; width: 75%;\">Animation som f\u00f6rklarar hur en hj\u00e4rtinfarkt kan orsaka hj\u00e4rtsvikt<\/td>\n<\/tr>\n<\/tbody>\n<\/table>\n<p><a title=\"\u00c5terg\u00e5 till &quot;Vad orsakar hj\u00e4rtsvikt?&quot;\" href=\"https:\/\/www.heartfailurematters.org\/sv\/att-forsta-hjartsvikt\/vad-orsakar-hjartsvikt\/\">\u00c5terg\u00e5 till &#8221;Vad orsakar hj\u00e4rtsvikt&#8221;?<\/a><\/p>\n<p>&nbsp;<\/p>\n","protected":false},"excerpt":{"rendered":"<p>Hj\u00e4rtinfarkt \u00e4r den vanligaste orsaken till hj\u00e4rtsvikt. Om du har haft en hj\u00e4rtinfarkt har en av art\u00e4rerna som f\u00f6rser din hj\u00e4rtmuskel med blod blivit helt blockerad och blodtillf\u00f6rseln skurits av. Det inneb\u00e4r att syre och n\u00e4ring inte kan komma fram till cellerna i den delen av din hj\u00e4rtmuskel, vilket g\u00f6r att dessa celler d\u00f6r. Den [&hellip;]<\/p>\n","protected":false},"author":1,"featured_media":10569,"parent":8051,"menu_order":3,"comment_status":"open","ping_status":"open","template":"","meta":{"_acf_changed":false,"footnotes":""},"categories":[],"tags":[],"class_list":["post-2450","page","type-page","status-publish","has-post-thumbnail","hentry"],"acf":[],"yoast_head":"<!-- This site is optimized with the Yoast SEO plugin v24.8.1 - https:\/\/yoast.com\/wordpress\/plugins\/seo\/ -->\n<title>Tidigare hj\u00e4rtinfarkter<\/title>\n<meta name=\"description\" content=\"Hj\u00e4rtinfarkt \u00e4r den vanligaste orsaken till hj\u00e4rtsvikt. Om du har haft en hj\u00e4rtinfarkt har en av art\u00e4rerna som f\u00f6rser din hj\u00e4rtmuskel med blod, blivit helt blockerad, och skurit av blodtillf\u00f6rseln.\" \/>\n<meta name=\"robots\" content=\"index, follow, max-snippet:-1, max-image-preview:large, max-video-preview:-1\" \/>\n<link rel=\"canonical\" href=\"https:\/\/www.heartfailurematters.org\/sv\/orsaker-till-hjartsvikt-och-andra-vanliga-medicinska-tillstand\/tidigare-hjartinfarkter\/\" \/>\n<meta property=\"og:locale\" content=\"sv_SE\" \/>\n<meta property=\"og:type\" content=\"article\" \/>\n<meta property=\"og:title\" content=\"Tidigare hj\u00e4rtinfarkter\" \/>\n<meta property=\"og:description\" content=\"Hj\u00e4rtinfarkt \u00e4r den vanligaste orsaken till hj\u00e4rtsvikt. Om du har haft en hj\u00e4rtinfarkt har en av art\u00e4rerna som f\u00f6rser din hj\u00e4rtmuskel med blod, blivit helt blockerad, och skurit av blodtillf\u00f6rseln.\" \/>\n<meta property=\"og:url\" content=\"https:\/\/www.heartfailurematters.org\/sv\/orsaker-till-hjartsvikt-och-andra-vanliga-medicinska-tillstand\/tidigare-hjartinfarkter\/\" \/>\n<meta property=\"og:site_name\" content=\"Heart Failure Matters\" \/>\n<meta property=\"article:publisher\" content=\"https:\/\/www.facebook.com\/heartfailurematters\" \/>\n<meta property=\"article:modified_time\" content=\"2021-03-25T17:25:42+00:00\" \/>\n<meta property=\"og:image\" content=\"https:\/\/www.heartfailurematters.org\/wp-content\/uploads\/2022\/02\/shutterstock_1401929189-1-min.jpg\" \/>\n\t<meta property=\"og:image:width\" content=\"900\" \/>\n\t<meta property=\"og:image:height\" content=\"600\" \/>\n\t<meta property=\"og:image:type\" content=\"image\/jpeg\" \/>\n<meta name=\"twitter:card\" content=\"summary_large_image\" \/>\n<meta name=\"twitter:label1\" content=\"Ber\u00e4knad l\u00e4stid\" \/>\n\t<meta name=\"twitter:data1\" content=\"1 minut\" \/>\n<script type=\"application\/ld+json\" class=\"yoast-schema-graph\">{\"@context\":\"https:\/\/schema.org\",\"@graph\":[{\"@type\":\"WebPage\",\"@id\":\"https:\/\/www.heartfailurematters.org\/sv\/orsaker-till-hjartsvikt-och-andra-vanliga-medicinska-tillstand\/tidigare-hjartinfarkter\/\",\"url\":\"https:\/\/www.heartfailurematters.org\/sv\/orsaker-till-hjartsvikt-och-andra-vanliga-medicinska-tillstand\/tidigare-hjartinfarkter\/\",\"name\":\"Tidigare hj\u00e4rtinfarkter\",\"isPartOf\":{\"@id\":\"https:\/\/www.heartfailurematters.org\/sv\/#website\"},\"primaryImageOfPage\":{\"@id\":\"https:\/\/www.heartfailurematters.org\/sv\/orsaker-till-hjartsvikt-och-andra-vanliga-medicinska-tillstand\/tidigare-hjartinfarkter\/#primaryimage\"},\"image\":{\"@id\":\"https:\/\/www.heartfailurematters.org\/sv\/orsaker-till-hjartsvikt-och-andra-vanliga-medicinska-tillstand\/tidigare-hjartinfarkter\/#primaryimage\"},\"thumbnailUrl\":\"https:\/\/www.heartfailurematters.org\/wp-content\/uploads\/2022\/02\/shutterstock_1401929189-1-min.jpg\",\"datePublished\":\"2021-01-27T22:12:16+00:00\",\"dateModified\":\"2021-03-25T17:25:42+00:00\",\"description\":\"Hj\u00e4rtinfarkt \u00e4r den vanligaste orsaken till hj\u00e4rtsvikt. Om du har haft en hj\u00e4rtinfarkt har en av art\u00e4rerna som f\u00f6rser din hj\u00e4rtmuskel med blod, blivit helt blockerad, och skurit av blodtillf\u00f6rseln.\",\"breadcrumb\":{\"@id\":\"https:\/\/www.heartfailurematters.org\/sv\/orsaker-till-hjartsvikt-och-andra-vanliga-medicinska-tillstand\/tidigare-hjartinfarkter\/#breadcrumb\"},\"inLanguage\":\"sv-SE\",\"potentialAction\":[{\"@type\":\"ReadAction\",\"target\":[\"https:\/\/www.heartfailurematters.org\/sv\/orsaker-till-hjartsvikt-och-andra-vanliga-medicinska-tillstand\/tidigare-hjartinfarkter\/\"]}]},{\"@type\":\"ImageObject\",\"inLanguage\":\"sv-SE\",\"@id\":\"https:\/\/www.heartfailurematters.org\/sv\/orsaker-till-hjartsvikt-och-andra-vanliga-medicinska-tillstand\/tidigare-hjartinfarkter\/#primaryimage\",\"url\":\"https:\/\/www.heartfailurematters.org\/wp-content\/uploads\/2022\/02\/shutterstock_1401929189-1-min.jpg\",\"contentUrl\":\"https:\/\/www.heartfailurematters.org\/wp-content\/uploads\/2022\/02\/shutterstock_1401929189-1-min.jpg\",\"width\":900,\"height\":600},{\"@type\":\"BreadcrumbList\",\"@id\":\"https:\/\/www.heartfailurematters.org\/sv\/orsaker-till-hjartsvikt-och-andra-vanliga-medicinska-tillstand\/tidigare-hjartinfarkter\/#breadcrumb\",\"itemListElement\":[{\"@type\":\"ListItem\",\"position\":1,\"name\":\"Hem\",\"item\":\"https:\/\/www.heartfailurematters.org\/sv\/\"},{\"@type\":\"ListItem\",\"position\":2,\"name\":\"Orsaker till hj\u00e4rtsvikt och andra vanliga medicinska tillst\u00e5nd\",\"item\":\"https:\/\/www.heartfailurematters.org\/sv\/orsaker-till-hjartsvikt-och-andra-vanliga-medicinska-tillstand\/\"},{\"@type\":\"ListItem\",\"position\":3,\"name\":\"Tidigare hj\u00e4rtinfarkter\"}]},{\"@type\":\"WebSite\",\"@id\":\"https:\/\/www.heartfailurematters.org\/sv\/#website\",\"url\":\"https:\/\/www.heartfailurematters.org\/sv\/\",\"name\":\"Heart Failure Matters\",\"description\":\"Practical information for patients, families and caregivers.\",\"publisher\":{\"@id\":\"https:\/\/www.heartfailurematters.org\/sv\/#organization\"},\"potentialAction\":[{\"@type\":\"SearchAction\",\"target\":{\"@type\":\"EntryPoint\",\"urlTemplate\":\"https:\/\/www.heartfailurematters.org\/sv\/?s={search_term_string}\"},\"query-input\":{\"@type\":\"PropertyValueSpecification\",\"valueRequired\":true,\"valueName\":\"search_term_string\"}}],\"inLanguage\":\"sv-SE\"},{\"@type\":\"Organization\",\"@id\":\"https:\/\/www.heartfailurematters.org\/sv\/#organization\",\"name\":\"Heart Failure Matters\",\"url\":\"https:\/\/www.heartfailurematters.org\/sv\/\",\"logo\":{\"@type\":\"ImageObject\",\"inLanguage\":\"sv-SE\",\"@id\":\"https:\/\/www.heartfailurematters.org\/sv\/#\/schema\/logo\/image\/\",\"url\":\"https:\/\/cdn-endpoint-hfm.azureedge.net\/heartfailurematters\/2024\/07\/hfm-logo1.jpg\",\"contentUrl\":\"https:\/\/cdn-endpoint-hfm.azureedge.net\/heartfailurematters\/2024\/07\/hfm-logo1.jpg\",\"width\":1280,\"height\":720,\"caption\":\"Heart Failure Matters\"},\"image\":{\"@id\":\"https:\/\/www.heartfailurematters.org\/sv\/#\/schema\/logo\/image\/\"},\"sameAs\":[\"https:\/\/www.facebook.com\/heartfailurematters\"]}]}<\/script>\n<!-- \/ Yoast SEO plugin. -->","yoast_head_json":{"title":"Tidigare hj\u00e4rtinfarkter","description":"Hj\u00e4rtinfarkt \u00e4r den vanligaste orsaken till hj\u00e4rtsvikt. Om du har haft en hj\u00e4rtinfarkt har en av art\u00e4rerna som f\u00f6rser din hj\u00e4rtmuskel med blod, blivit helt blockerad, och skurit av blodtillf\u00f6rseln.","robots":{"index":"index","follow":"follow","max-snippet":"max-snippet:-1","max-image-preview":"max-image-preview:large","max-video-preview":"max-video-preview:-1"},"canonical":"https:\/\/www.heartfailurematters.org\/sv\/orsaker-till-hjartsvikt-och-andra-vanliga-medicinska-tillstand\/tidigare-hjartinfarkter\/","og_locale":"sv_SE","og_type":"article","og_title":"Tidigare hj\u00e4rtinfarkter","og_description":"Hj\u00e4rtinfarkt \u00e4r den vanligaste orsaken till hj\u00e4rtsvikt. Om du har haft en hj\u00e4rtinfarkt har en av art\u00e4rerna som f\u00f6rser din hj\u00e4rtmuskel med blod, blivit helt blockerad, och skurit av blodtillf\u00f6rseln.","og_url":"https:\/\/www.heartfailurematters.org\/sv\/orsaker-till-hjartsvikt-och-andra-vanliga-medicinska-tillstand\/tidigare-hjartinfarkter\/","og_site_name":"Heart Failure Matters","article_publisher":"https:\/\/www.facebook.com\/heartfailurematters","article_modified_time":"2021-03-25T17:25:42+00:00","og_image":[{"width":900,"height":600,"url":"https:\/\/www.heartfailurematters.org\/wp-content\/uploads\/2022\/02\/shutterstock_1401929189-1-min.jpg","type":"image\/jpeg"}],"twitter_card":"summary_large_image","twitter_misc":{"Ber\u00e4knad l\u00e4stid":"1 minut"},"schema":{"@context":"https:\/\/schema.org","@graph":[{"@type":"WebPage","@id":"https:\/\/www.heartfailurematters.org\/sv\/orsaker-till-hjartsvikt-och-andra-vanliga-medicinska-tillstand\/tidigare-hjartinfarkter\/","url":"https:\/\/www.heartfailurematters.org\/sv\/orsaker-till-hjartsvikt-och-andra-vanliga-medicinska-tillstand\/tidigare-hjartinfarkter\/","name":"Tidigare hj\u00e4rtinfarkter","isPartOf":{"@id":"https:\/\/www.heartfailurematters.org\/sv\/#website"},"primaryImageOfPage":{"@id":"https:\/\/www.heartfailurematters.org\/sv\/orsaker-till-hjartsvikt-och-andra-vanliga-medicinska-tillstand\/tidigare-hjartinfarkter\/#primaryimage"},"image":{"@id":"https:\/\/www.heartfailurematters.org\/sv\/orsaker-till-hjartsvikt-och-andra-vanliga-medicinska-tillstand\/tidigare-hjartinfarkter\/#primaryimage"},"thumbnailUrl":"https:\/\/www.heartfailurematters.org\/wp-content\/uploads\/2022\/02\/shutterstock_1401929189-1-min.jpg","datePublished":"2021-01-27T22:12:16+00:00","dateModified":"2021-03-25T17:25:42+00:00","description":"Hj\u00e4rtinfarkt \u00e4r den vanligaste orsaken till hj\u00e4rtsvikt. Om du har haft en hj\u00e4rtinfarkt har en av art\u00e4rerna som f\u00f6rser din hj\u00e4rtmuskel med blod, blivit helt blockerad, och skurit av blodtillf\u00f6rseln.","breadcrumb":{"@id":"https:\/\/www.heartfailurematters.org\/sv\/orsaker-till-hjartsvikt-och-andra-vanliga-medicinska-tillstand\/tidigare-hjartinfarkter\/#breadcrumb"},"inLanguage":"sv-SE","potentialAction":[{"@type":"ReadAction","target":["https:\/\/www.heartfailurematters.org\/sv\/orsaker-till-hjartsvikt-och-andra-vanliga-medicinska-tillstand\/tidigare-hjartinfarkter\/"]}]},{"@type":"ImageObject","inLanguage":"sv-SE","@id":"https:\/\/www.heartfailurematters.org\/sv\/orsaker-till-hjartsvikt-och-andra-vanliga-medicinska-tillstand\/tidigare-hjartinfarkter\/#primaryimage","url":"https:\/\/www.heartfailurematters.org\/wp-content\/uploads\/2022\/02\/shutterstock_1401929189-1-min.jpg","contentUrl":"https:\/\/www.heartfailurematters.org\/wp-content\/uploads\/2022\/02\/shutterstock_1401929189-1-min.jpg","width":900,"height":600},{"@type":"BreadcrumbList","@id":"https:\/\/www.heartfailurematters.org\/sv\/orsaker-till-hjartsvikt-och-andra-vanliga-medicinska-tillstand\/tidigare-hjartinfarkter\/#breadcrumb","itemListElement":[{"@type":"ListItem","position":1,"name":"Hem","item":"https:\/\/www.heartfailurematters.org\/sv\/"},{"@type":"ListItem","position":2,"name":"Orsaker till hj\u00e4rtsvikt och andra vanliga medicinska tillst\u00e5nd","item":"https:\/\/www.heartfailurematters.org\/sv\/orsaker-till-hjartsvikt-och-andra-vanliga-medicinska-tillstand\/"},{"@type":"ListItem","position":3,"name":"Tidigare hj\u00e4rtinfarkter"}]},{"@type":"WebSite","@id":"https:\/\/www.heartfailurematters.org\/sv\/#website","url":"https:\/\/www.heartfailurematters.org\/sv\/","name":"Heart Failure Matters","description":"Practical information for patients, families and caregivers.","publisher":{"@id":"https:\/\/www.heartfailurematters.org\/sv\/#organization"},"potentialAction":[{"@type":"SearchAction","target":{"@type":"EntryPoint","urlTemplate":"https:\/\/www.heartfailurematters.org\/sv\/?s={search_term_string}"},"query-input":{"@type":"PropertyValueSpecification","valueRequired":true,"valueName":"search_term_string"}}],"inLanguage":"sv-SE"},{"@type":"Organization","@id":"https:\/\/www.heartfailurematters.org\/sv\/#organization","name":"Heart Failure Matters","url":"https:\/\/www.heartfailurematters.org\/sv\/","logo":{"@type":"ImageObject","inLanguage":"sv-SE","@id":"https:\/\/www.heartfailurematters.org\/sv\/#\/schema\/logo\/image\/","url":"https:\/\/cdn-endpoint-hfm.azureedge.net\/heartfailurematters\/2024\/07\/hfm-logo1.jpg","contentUrl":"https:\/\/cdn-endpoint-hfm.azureedge.net\/heartfailurematters\/2024\/07\/hfm-logo1.jpg","width":1280,"height":720,"caption":"Heart Failure Matters"},"image":{"@id":"https:\/\/www.heartfailurematters.org\/sv\/#\/schema\/logo\/image\/"},"sameAs":["https:\/\/www.facebook.com\/heartfailurematters"]}]}},"_links":{"self":[{"href":"https:\/\/www.heartfailurematters.org\/sv\/wp-json\/wp\/v2\/pages\/2450","targetHints":{"allow":["GET"]}}],"collection":[{"href":"https:\/\/www.heartfailurematters.org\/sv\/wp-json\/wp\/v2\/pages"}],"about":[{"href":"https:\/\/www.heartfailurematters.org\/sv\/wp-json\/wp\/v2\/types\/page"}],"author":[{"embeddable":true,"href":"https:\/\/www.heartfailurematters.org\/sv\/wp-json\/wp\/v2\/users\/1"}],"replies":[{"embeddable":true,"href":"https:\/\/www.heartfailurematters.org\/sv\/wp-json\/wp\/v2\/comments?post=2450"}],"version-history":[{"count":2,"href":"https:\/\/www.heartfailurematters.org\/sv\/wp-json\/wp\/v2\/pages\/2450\/revisions"}],"predecessor-version":[{"id":7553,"href":"https:\/\/www.heartfailurematters.org\/sv\/wp-json\/wp\/v2\/pages\/2450\/revisions\/7553"}],"up":[{"embeddable":true,"href":"https:\/\/www.heartfailurematters.org\/sv\/wp-json\/wp\/v2\/pages\/8051"}],"wp:featuredmedia":[{"embeddable":true,"href":"https:\/\/www.heartfailurematters.org\/sv\/wp-json\/wp\/v2\/media\/10569"}],"wp:attachment":[{"href":"https:\/\/www.heartfailurematters.org\/sv\/wp-json\/wp\/v2\/media?parent=2450"}],"wp:term":[{"taxonomy":"category","embeddable":true,"href":"https:\/\/www.heartfailurematters.org\/sv\/wp-json\/wp\/v2\/categories?post=2450"},{"taxonomy":"post_tag","embeddable":true,"href":"https:\/\/www.heartfailurematters.org\/sv\/wp-json\/wp\/v2\/tags?post=2450"}],"curies":[{"name":"wp","href":"https:\/\/api.w.org\/{rel}","templated":true}]}}