{"id":2447,"date":"2021-01-27T22:11:44","date_gmt":"2021-01-27T22:11:44","guid":{"rendered":"http:\/\/heartfailurematters.local:8888\/andra-forslag\/"},"modified":"2021-01-27T22:11:44","modified_gmt":"2021-01-27T22:11:44","slug":"andra-forslag","status":"publish","type":"page","link":"https:\/\/www.heartfailurematters.org\/sv\/for-anhorigvardare\/andra-forslag\/","title":{"rendered":"Andra f\u00f6rslag"},"content":{"rendered":"<p>H\u00e4r \u00e4r n\u00e5gra andra f\u00f6rslag som du kan fundera p\u00e5:<\/p>\n<ul>\n<li>Engagera familjen och n\u00e4ra v\u00e4nner. F\u00f6r att hantera hj\u00e4rtsvikt effektivt kr\u00e4vs ofta att flera hj\u00e4lps \u00e5t. Du kan f\u00f6resl\u00e5 aktiva utflykter med familj och v\u00e4nner som anpassas efter hur mycket din anh\u00f6riga klarar av att g\u00f6ra. Eller s\u00e5 kan ni laga h\u00e4lsosam mat tillsammans.<\/li>\n<li>Uppmuntra andra familjemedlemmar att g\u00f6ra f\u00f6r\u00e4ndringar nu f\u00f6r att minska den egna risken f\u00f6r hj\u00e4rtsjukdom eller hj\u00e4rtsvikt i framtiden. Din n\u00e4rst\u00e5ende med hj\u00e4rtsvikt beh\u00f6ver kanske inte k\u00e4nna sig s\u00e5 ensam eller isolerad.<\/li>\n<li>Var inte s\u00e5 \u00f6verbeskyddande mot din n\u00e4rst\u00e5ende med hj\u00e4rtsvikt att du g\u00f6r allting f\u00f6r personen. \u00c4ven om personer med hj\u00e4rtsvikt kan ha vissa fysiska begr\u00e4nsningar beh\u00f6ver de h\u00e5lla sig aktiva och motionera m\u00e5ttligt. Om allting g\u00f6rs f\u00f6r dem kan de k\u00e4nna det som om deras oberoende har tagits ifr\u00e5n dem eller att de \u00e4r en b\u00f6rda.<\/li>\n<\/ul>\n<p>Utforska webbplatsen tillsammans. Det kommer att hj\u00e4lpa er b\u00e5da tv\u00e5, samtidigt som det ger en m\u00f6jlighet att diskutera olika aspekter av tillst\u00e5ndet.<\/p>\n<p><a href=\"\/sv\/vardare\/att-forsta-din-roll\/\"\" title=\"\u00c5terg\u00e5 till &quot;Att f\u00f6rst\u00e5 din roll&quot;\">\u00c5terg\u00e5 till &#8221;Att f\u00f6rst\u00e5 din roll&#8221;<\/a><\/p>\n","protected":false},"excerpt":{"rendered":"<p>H\u00e4r \u00e4r n\u00e5gra andra f\u00f6rslag som du kan fundera p\u00e5: Engagera familjen och n\u00e4ra v\u00e4nner. F\u00f6r att hantera hj\u00e4rtsvikt effektivt kr\u00e4vs ofta att flera hj\u00e4lps \u00e5t. Du kan f\u00f6resl\u00e5 aktiva utflykter med familj och v\u00e4nner som anpassas efter hur mycket din anh\u00f6riga klarar av att g\u00f6ra. Eller s\u00e5 kan ni laga h\u00e4lsosam mat tillsammans. Uppmuntra [&hellip;]<\/p>\n","protected":false},"author":1,"featured_media":11149,"parent":2847,"menu_order":0,"comment_status":"open","ping_status":"open","template":"","meta":{"_acf_changed":false,"footnotes":""},"categories":[],"tags":[],"class_list":["post-2447","page","type-page","status-publish","has-post-thumbnail","hentry"],"acf":[],"yoast_head":"<!-- This site is optimized with the Yoast SEO plugin v24.8.1 - https:\/\/yoast.com\/wordpress\/plugins\/seo\/ -->\n<title>Andra f\u00f6rslag<\/title>\n<meta name=\"description\" content=\"F\u00f6r att hantera hj\u00e4rtsvikt effektivt kr\u00e4vs ofta att flera hj\u00e4lps \u00e5t. H\u00e4r f\u00f6ljer n\u00e5gra f\u00f6rslag p\u00e5 sjukv\u00e5rdspersonal med kunskaper om hj\u00e4rtsvikt som kan hj\u00e4lpa familjemedlemmar att g\u00f6ra f\u00f6r\u00e4ndringar nu och minska deras egen risk f\u00f6r hj\u00e4rtsvikt i framtiden.\" \/>\n<meta name=\"robots\" content=\"index, follow, max-snippet:-1, max-image-preview:large, max-video-preview:-1\" \/>\n<link rel=\"canonical\" href=\"https:\/\/www.heartfailurematters.org\/sv\/for-anhorigvardare\/andra-forslag\/\" \/>\n<meta property=\"og:locale\" content=\"sv_SE\" \/>\n<meta property=\"og:type\" content=\"article\" \/>\n<meta property=\"og:title\" content=\"Andra f\u00f6rslag\" \/>\n<meta property=\"og:description\" content=\"F\u00f6r att hantera hj\u00e4rtsvikt effektivt kr\u00e4vs ofta att flera hj\u00e4lps \u00e5t. H\u00e4r f\u00f6ljer n\u00e5gra f\u00f6rslag p\u00e5 sjukv\u00e5rdspersonal med kunskaper om hj\u00e4rtsvikt som kan hj\u00e4lpa familjemedlemmar att g\u00f6ra f\u00f6r\u00e4ndringar nu och minska deras egen risk f\u00f6r hj\u00e4rtsvikt i framtiden.\" \/>\n<meta property=\"og:url\" content=\"https:\/\/www.heartfailurematters.org\/sv\/for-anhorigvardare\/andra-forslag\/\" \/>\n<meta property=\"og:site_name\" content=\"Heart Failure Matters\" \/>\n<meta property=\"article:publisher\" content=\"https:\/\/www.facebook.com\/heartfailurematters\" \/>\n<meta property=\"og:image\" content=\"https:\/\/www.heartfailurematters.org\/wp-content\/uploads\/2022\/03\/shutterstock_326634329-1-min.jpg\" \/>\n\t<meta property=\"og:image:width\" content=\"900\" \/>\n\t<meta property=\"og:image:height\" content=\"600\" \/>\n\t<meta property=\"og:image:type\" content=\"image\/jpeg\" \/>\n<meta name=\"twitter:card\" content=\"summary_large_image\" \/>\n<meta name=\"twitter:label1\" content=\"Ber\u00e4knad l\u00e4stid\" \/>\n\t<meta name=\"twitter:data1\" content=\"1 minut\" \/>\n<script type=\"application\/ld+json\" class=\"yoast-schema-graph\">{\"@context\":\"https:\/\/schema.org\",\"@graph\":[{\"@type\":\"WebPage\",\"@id\":\"https:\/\/www.heartfailurematters.org\/sv\/for-anhorigvardare\/andra-forslag\/\",\"url\":\"https:\/\/www.heartfailurematters.org\/sv\/for-anhorigvardare\/andra-forslag\/\",\"name\":\"Andra f\u00f6rslag\",\"isPartOf\":{\"@id\":\"https:\/\/www.heartfailurematters.org\/sv\/#website\"},\"primaryImageOfPage\":{\"@id\":\"https:\/\/www.heartfailurematters.org\/sv\/for-anhorigvardare\/andra-forslag\/#primaryimage\"},\"image\":{\"@id\":\"https:\/\/www.heartfailurematters.org\/sv\/for-anhorigvardare\/andra-forslag\/#primaryimage\"},\"thumbnailUrl\":\"https:\/\/www.heartfailurematters.org\/wp-content\/uploads\/2022\/03\/shutterstock_326634329-1-min.jpg\",\"datePublished\":\"2021-01-27T22:11:44+00:00\",\"description\":\"F\u00f6r att hantera hj\u00e4rtsvikt effektivt kr\u00e4vs ofta att flera hj\u00e4lps \u00e5t. H\u00e4r f\u00f6ljer n\u00e5gra f\u00f6rslag p\u00e5 sjukv\u00e5rdspersonal med kunskaper om hj\u00e4rtsvikt som kan hj\u00e4lpa familjemedlemmar att g\u00f6ra f\u00f6r\u00e4ndringar nu och minska deras egen risk f\u00f6r hj\u00e4rtsvikt i framtiden.\",\"breadcrumb\":{\"@id\":\"https:\/\/www.heartfailurematters.org\/sv\/for-anhorigvardare\/andra-forslag\/#breadcrumb\"},\"inLanguage\":\"sv-SE\",\"potentialAction\":[{\"@type\":\"ReadAction\",\"target\":[\"https:\/\/www.heartfailurematters.org\/sv\/for-anhorigvardare\/andra-forslag\/\"]}]},{\"@type\":\"ImageObject\",\"inLanguage\":\"sv-SE\",\"@id\":\"https:\/\/www.heartfailurematters.org\/sv\/for-anhorigvardare\/andra-forslag\/#primaryimage\",\"url\":\"https:\/\/www.heartfailurematters.org\/wp-content\/uploads\/2022\/03\/shutterstock_326634329-1-min.jpg\",\"contentUrl\":\"https:\/\/www.heartfailurematters.org\/wp-content\/uploads\/2022\/03\/shutterstock_326634329-1-min.jpg\",\"width\":900,\"height\":600},{\"@type\":\"BreadcrumbList\",\"@id\":\"https:\/\/www.heartfailurematters.org\/sv\/for-anhorigvardare\/andra-forslag\/#breadcrumb\",\"itemListElement\":[{\"@type\":\"ListItem\",\"position\":1,\"name\":\"Hem\",\"item\":\"https:\/\/www.heartfailurematters.org\/sv\/\"},{\"@type\":\"ListItem\",\"position\":2,\"name\":\"F\u00f6r familj och anh\u00f6rigv\u00e5rdare\",\"item\":\"https:\/\/www.heartfailurematters.org\/sv\/for-anhorigvardare\/\"},{\"@type\":\"ListItem\",\"position\":3,\"name\":\"Andra f\u00f6rslag\"}]},{\"@type\":\"WebSite\",\"@id\":\"https:\/\/www.heartfailurematters.org\/sv\/#website\",\"url\":\"https:\/\/www.heartfailurematters.org\/sv\/\",\"name\":\"Heart Failure Matters\",\"description\":\"Practical information for patients, families and caregivers.\",\"publisher\":{\"@id\":\"https:\/\/www.heartfailurematters.org\/sv\/#organization\"},\"potentialAction\":[{\"@type\":\"SearchAction\",\"target\":{\"@type\":\"EntryPoint\",\"urlTemplate\":\"https:\/\/www.heartfailurematters.org\/sv\/?s={search_term_string}\"},\"query-input\":{\"@type\":\"PropertyValueSpecification\",\"valueRequired\":true,\"valueName\":\"search_term_string\"}}],\"inLanguage\":\"sv-SE\"},{\"@type\":\"Organization\",\"@id\":\"https:\/\/www.heartfailurematters.org\/sv\/#organization\",\"name\":\"Heart Failure Matters\",\"url\":\"https:\/\/www.heartfailurematters.org\/sv\/\",\"logo\":{\"@type\":\"ImageObject\",\"inLanguage\":\"sv-SE\",\"@id\":\"https:\/\/www.heartfailurematters.org\/sv\/#\/schema\/logo\/image\/\",\"url\":\"https:\/\/cdn-endpoint-hfm.azureedge.net\/heartfailurematters\/2024\/07\/hfm-logo1.jpg\",\"contentUrl\":\"https:\/\/cdn-endpoint-hfm.azureedge.net\/heartfailurematters\/2024\/07\/hfm-logo1.jpg\",\"width\":1280,\"height\":720,\"caption\":\"Heart Failure Matters\"},\"image\":{\"@id\":\"https:\/\/www.heartfailurematters.org\/sv\/#\/schema\/logo\/image\/\"},\"sameAs\":[\"https:\/\/www.facebook.com\/heartfailurematters\"]}]}<\/script>\n<!-- \/ Yoast SEO plugin. -->","yoast_head_json":{"title":"Andra f\u00f6rslag","description":"F\u00f6r att hantera hj\u00e4rtsvikt effektivt kr\u00e4vs ofta att flera hj\u00e4lps \u00e5t. H\u00e4r f\u00f6ljer n\u00e5gra f\u00f6rslag p\u00e5 sjukv\u00e5rdspersonal med kunskaper om hj\u00e4rtsvikt som kan hj\u00e4lpa familjemedlemmar att g\u00f6ra f\u00f6r\u00e4ndringar nu och minska deras egen risk f\u00f6r hj\u00e4rtsvikt i framtiden.","robots":{"index":"index","follow":"follow","max-snippet":"max-snippet:-1","max-image-preview":"max-image-preview:large","max-video-preview":"max-video-preview:-1"},"canonical":"https:\/\/www.heartfailurematters.org\/sv\/for-anhorigvardare\/andra-forslag\/","og_locale":"sv_SE","og_type":"article","og_title":"Andra f\u00f6rslag","og_description":"F\u00f6r att hantera hj\u00e4rtsvikt effektivt kr\u00e4vs ofta att flera hj\u00e4lps \u00e5t. H\u00e4r f\u00f6ljer n\u00e5gra f\u00f6rslag p\u00e5 sjukv\u00e5rdspersonal med kunskaper om hj\u00e4rtsvikt som kan hj\u00e4lpa familjemedlemmar att g\u00f6ra f\u00f6r\u00e4ndringar nu och minska deras egen risk f\u00f6r hj\u00e4rtsvikt i framtiden.","og_url":"https:\/\/www.heartfailurematters.org\/sv\/for-anhorigvardare\/andra-forslag\/","og_site_name":"Heart Failure Matters","article_publisher":"https:\/\/www.facebook.com\/heartfailurematters","og_image":[{"width":900,"height":600,"url":"https:\/\/www.heartfailurematters.org\/wp-content\/uploads\/2022\/03\/shutterstock_326634329-1-min.jpg","type":"image\/jpeg"}],"twitter_card":"summary_large_image","twitter_misc":{"Ber\u00e4knad l\u00e4stid":"1 minut"},"schema":{"@context":"https:\/\/schema.org","@graph":[{"@type":"WebPage","@id":"https:\/\/www.heartfailurematters.org\/sv\/for-anhorigvardare\/andra-forslag\/","url":"https:\/\/www.heartfailurematters.org\/sv\/for-anhorigvardare\/andra-forslag\/","name":"Andra f\u00f6rslag","isPartOf":{"@id":"https:\/\/www.heartfailurematters.org\/sv\/#website"},"primaryImageOfPage":{"@id":"https:\/\/www.heartfailurematters.org\/sv\/for-anhorigvardare\/andra-forslag\/#primaryimage"},"image":{"@id":"https:\/\/www.heartfailurematters.org\/sv\/for-anhorigvardare\/andra-forslag\/#primaryimage"},"thumbnailUrl":"https:\/\/www.heartfailurematters.org\/wp-content\/uploads\/2022\/03\/shutterstock_326634329-1-min.jpg","datePublished":"2021-01-27T22:11:44+00:00","description":"F\u00f6r att hantera hj\u00e4rtsvikt effektivt kr\u00e4vs ofta att flera hj\u00e4lps \u00e5t. H\u00e4r f\u00f6ljer n\u00e5gra f\u00f6rslag p\u00e5 sjukv\u00e5rdspersonal med kunskaper om hj\u00e4rtsvikt som kan hj\u00e4lpa familjemedlemmar att g\u00f6ra f\u00f6r\u00e4ndringar nu och minska deras egen risk f\u00f6r hj\u00e4rtsvikt i framtiden.","breadcrumb":{"@id":"https:\/\/www.heartfailurematters.org\/sv\/for-anhorigvardare\/andra-forslag\/#breadcrumb"},"inLanguage":"sv-SE","potentialAction":[{"@type":"ReadAction","target":["https:\/\/www.heartfailurematters.org\/sv\/for-anhorigvardare\/andra-forslag\/"]}]},{"@type":"ImageObject","inLanguage":"sv-SE","@id":"https:\/\/www.heartfailurematters.org\/sv\/for-anhorigvardare\/andra-forslag\/#primaryimage","url":"https:\/\/www.heartfailurematters.org\/wp-content\/uploads\/2022\/03\/shutterstock_326634329-1-min.jpg","contentUrl":"https:\/\/www.heartfailurematters.org\/wp-content\/uploads\/2022\/03\/shutterstock_326634329-1-min.jpg","width":900,"height":600},{"@type":"BreadcrumbList","@id":"https:\/\/www.heartfailurematters.org\/sv\/for-anhorigvardare\/andra-forslag\/#breadcrumb","itemListElement":[{"@type":"ListItem","position":1,"name":"Hem","item":"https:\/\/www.heartfailurematters.org\/sv\/"},{"@type":"ListItem","position":2,"name":"F\u00f6r familj och anh\u00f6rigv\u00e5rdare","item":"https:\/\/www.heartfailurematters.org\/sv\/for-anhorigvardare\/"},{"@type":"ListItem","position":3,"name":"Andra f\u00f6rslag"}]},{"@type":"WebSite","@id":"https:\/\/www.heartfailurematters.org\/sv\/#website","url":"https:\/\/www.heartfailurematters.org\/sv\/","name":"Heart Failure Matters","description":"Practical information for patients, families and caregivers.","publisher":{"@id":"https:\/\/www.heartfailurematters.org\/sv\/#organization"},"potentialAction":[{"@type":"SearchAction","target":{"@type":"EntryPoint","urlTemplate":"https:\/\/www.heartfailurematters.org\/sv\/?s={search_term_string}"},"query-input":{"@type":"PropertyValueSpecification","valueRequired":true,"valueName":"search_term_string"}}],"inLanguage":"sv-SE"},{"@type":"Organization","@id":"https:\/\/www.heartfailurematters.org\/sv\/#organization","name":"Heart Failure Matters","url":"https:\/\/www.heartfailurematters.org\/sv\/","logo":{"@type":"ImageObject","inLanguage":"sv-SE","@id":"https:\/\/www.heartfailurematters.org\/sv\/#\/schema\/logo\/image\/","url":"https:\/\/cdn-endpoint-hfm.azureedge.net\/heartfailurematters\/2024\/07\/hfm-logo1.jpg","contentUrl":"https:\/\/cdn-endpoint-hfm.azureedge.net\/heartfailurematters\/2024\/07\/hfm-logo1.jpg","width":1280,"height":720,"caption":"Heart Failure Matters"},"image":{"@id":"https:\/\/www.heartfailurematters.org\/sv\/#\/schema\/logo\/image\/"},"sameAs":["https:\/\/www.facebook.com\/heartfailurematters"]}]}},"_links":{"self":[{"href":"https:\/\/www.heartfailurematters.org\/sv\/wp-json\/wp\/v2\/pages\/2447","targetHints":{"allow":["GET"]}}],"collection":[{"href":"https:\/\/www.heartfailurematters.org\/sv\/wp-json\/wp\/v2\/pages"}],"about":[{"href":"https:\/\/www.heartfailurematters.org\/sv\/wp-json\/wp\/v2\/types\/page"}],"author":[{"embeddable":true,"href":"https:\/\/www.heartfailurematters.org\/sv\/wp-json\/wp\/v2\/users\/1"}],"replies":[{"embeddable":true,"href":"https:\/\/www.heartfailurematters.org\/sv\/wp-json\/wp\/v2\/comments?post=2447"}],"version-history":[{"count":0,"href":"https:\/\/www.heartfailurematters.org\/sv\/wp-json\/wp\/v2\/pages\/2447\/revisions"}],"up":[{"embeddable":true,"href":"https:\/\/www.heartfailurematters.org\/sv\/wp-json\/wp\/v2\/pages\/2847"}],"wp:featuredmedia":[{"embeddable":true,"href":"https:\/\/www.heartfailurematters.org\/sv\/wp-json\/wp\/v2\/media\/11149"}],"wp:attachment":[{"href":"https:\/\/www.heartfailurematters.org\/sv\/wp-json\/wp\/v2\/media?parent=2447"}],"wp:term":[{"taxonomy":"category","embeddable":true,"href":"https:\/\/www.heartfailurematters.org\/sv\/wp-json\/wp\/v2\/categories?post=2447"},{"taxonomy":"post_tag","embeddable":true,"href":"https:\/\/www.heartfailurematters.org\/sv\/wp-json\/wp\/v2\/tags?post=2447"}],"curies":[{"name":"wp","href":"https:\/\/api.w.org\/{rel}","templated":true}]}}