{"id":2444,"date":"2021-01-27T22:11:39","date_gmt":"2021-01-27T22:11:39","guid":{"rendered":"http:\/\/heartfailurematters.local:8888\/anpassa-kosten-salt\/"},"modified":"2021-01-27T22:11:39","modified_gmt":"2021-01-27T22:11:39","slug":"anpassa-kosten-salt","status":"publish","type":"page","link":"https:\/\/www.heartfailurematters.org\/sv\/vad-du-sjalv-kan-gora\/anpassa-kosten-salt\/","title":{"rendered":"Anpassa kosten: Salt"},"content":{"rendered":"<p>Att minska saltintaget kan vara viktigt f\u00f6r m\u00e4nniskor med hj\u00e4rtsvikt. Din kropp beh\u00f6ver faktiskt salt f\u00f6r att fungera, men det kr\u00e4vs mycket lite och de flesta livsmedel inneh\u00e5ller salt naturligt.<\/p>\n<h2>Varf\u00f6r?<\/h2>\n<p>Hj\u00e4rtsvikt f\u00e5r din kropp att inneh\u00e5lla extra salt och vatten, vilket har till f\u00f6ljd att v\u00e4tska ansamlas i kroppen. Denna extra v\u00e4tska orsakar svullnad i anklarna, f\u00f6tterna eller mage och vikt\u00f6kning. Det kan ocks\u00e5 orsaka <a class=\"addtooltip\" title=\"&lt;div id='ToolTipTextWrap'&gt;Blodstockning&lt;\/div&gt;&lt;p&gt; Ett \u00f6verskott av v\u00e4tska i en del av kroppen.&lt;\/p&gt;\"><strong>blodstockning<\/strong><\/a> i lungorna och g\u00f6ra dig andf\u00e5dd. Hj\u00e4rtat m\u00e5ste arbeta h\u00e5rdare p\u00e5 grund av den extra v\u00e4tska som \u00f6kar blodvolymen som ditt hj\u00e4rta m\u00e5ste pumpa runt i kroppen.<\/p>\n<p>Salt g\u00f6r dig ocks\u00e5 t\u00f6rstig. Om du \u00e4ter mycket salt mat, kan du d\u00e4rf\u00f6r vilja dricka mer.<\/p>\n<ul>\n<li><a href=\"https:\/\/www.heartfailurematters.org\/sv\/vad-du-sjalv-kan-gora\/anpassa-kosten-vatska\/\">F\u00f6r tips om hur du minskar den m\u00e4ngd du dricker, klicka h\u00e4r.<\/a><\/li>\n<\/ul>\n<h2>Hur?<\/h2>\n<ul>\n<li>F\u00f6rs\u00f6k att \u00e4ta mer frukt och gr\u00f6nsaker (i m\u00f6jligaste m\u00e5n f\u00e4rska), k\u00f6tters\u00e4ttningsprodukter (som sojaprotein), obearbetade livsmedel, magra mejeriprodukter, flerom\u00e4ttade fetter (t.ex. olivolja), spannm\u00e5l och fisk.<\/li>\n<li>F\u00f6rs\u00f6k att tills\u00e4tta \u00f6rter, kryddor eller fruktsaft (citron\/lime) till din m\u00e5ltid f\u00f6r att f\u00e5 mer smak.<\/li>\n<li>Ta bort saltkaret fr\u00e5n bordet s\u00e5 att du inte frestas att salta p\u00e5 maten.<\/li>\n<li>Undvik processade livsmedel som inneh\u00e5ller mycket salt, t.ex. f\u00e4rdigmat, konserverade gr\u00f6nsaker, ost, charkuteriprodukter (p\u00e5l\u00e4gg, korv, skinka), f\u00f6rpackade spannm\u00e5l, br\u00f6d, ketchup, tomatjuice och smaktillsatser (soja och Worcestershires\u00e5ser).<\/li>\n<li>Kontrollera alltid livsmedelsetiketter, salt kan finnas d\u00e4r man inte f\u00f6rv\u00e4ntar sig det, till exempel i kolsyrade l\u00e4skedrycker eller glass.<\/li>\n<li>Kontrollera alltid p\u00e5 livsmedelsetiketten om produkten inneh\u00e5ller salt.<\/li>\n<li>Var f\u00f6rsiktig med vad du \u00e4ter n\u00e4r du g\u00e5r p\u00e5 restaurang.<\/li>\n<\/ul>\n<p>Du kanske uppt\u00e4cker att \u00e4ven om du inte har n\u00e5gra symtom p\u00e5 blodstockning eller tar <a class=\"addtooltip\" title=\"&lt;div id='ToolTipTextWrap'&gt;Diuretika&lt;\/div&gt;&lt;p&gt; En grupp av l\u00e4kemedel som p\u00e5verkar njurarna att producera mer urin, vilket minskar kvarh\u00e5llande av v\u00e4tska och blodstockning.&lt;\/p&gt;\"><strong>urindrivande medel<\/strong><\/a>, kan en minskning av salt f\u00e5 dig att m\u00e5 b\u00e4ttre. Det f\u00e5r ocks\u00e5 behandlingen att fungera b\u00e4ttre. En saltfattig kost har visat sig spela en viktig roll i att f\u00f6rebygga hj\u00e4rtsjukdomar, s\u00e5 det kan h\u00e4nda att familjemedlemmar och v\u00e4nner, som delar dina m\u00e5ltider\/matink\u00f6p, ocks\u00e5 kan dra nytta av att sk\u00e4ra ner p\u00e5 saltintaget.<\/p>\n<p>&nbsp;<\/p>\n<p><a href=\"https:\/\/www.heartfailurematters.org\/sv\/vad-du-sjalv-kan-gora\/anpassa-kosten\/\">\u00c5terg\u00e5 till &#8221;Anpassa kosten&#8221;<\/a><\/p>\n<p>&nbsp;<\/p>\n<p>&nbsp;<\/p>\n","protected":false},"excerpt":{"rendered":"<p>Att minska saltintaget kan vara viktigt f\u00f6r m\u00e4nniskor med hj\u00e4rtsvikt. Din kropp beh\u00f6ver faktiskt salt f\u00f6r att fungera, men det kr\u00e4vs mycket lite och de flesta livsmedel inneh\u00e5ller salt naturligt. Varf\u00f6r? Hj\u00e4rtsvikt f\u00e5r din kropp att inneh\u00e5lla extra salt och vatten, vilket har till f\u00f6ljd att v\u00e4tska ansamlas i kroppen. Denna extra v\u00e4tska orsakar svullnad [&hellip;]<\/p>\n","protected":false},"author":1,"featured_media":11012,"parent":2721,"menu_order":0,"comment_status":"open","ping_status":"open","template":"","meta":{"_acf_changed":false,"footnotes":""},"categories":[],"tags":[],"class_list":["post-2444","page","type-page","status-publish","has-post-thumbnail","hentry"],"acf":[],"yoast_head":"<!-- This site is optimized with the Yoast SEO plugin v24.8.1 - https:\/\/yoast.com\/wordpress\/plugins\/seo\/ -->\n<title>Anpassa kosten vid hj\u00e4rtsvikt: Salt<\/title>\n<meta name=\"description\" content=\"Din kropp beh\u00f6ver bara lite salt f\u00f6r att fungera \u2013 att minska saltintaget \u00e4r s\u00e4rskilt viktigt om du lider av hj\u00e4rtsvikt. Ta reda p\u00e5 varf\u00f6r och hur\" \/>\n<meta name=\"robots\" content=\"index, follow, max-snippet:-1, max-image-preview:large, max-video-preview:-1\" \/>\n<link rel=\"canonical\" href=\"https:\/\/www.heartfailurematters.org\/sv\/vad-du-sjalv-kan-gora\/anpassa-kosten-salt\/\" \/>\n<meta property=\"og:locale\" content=\"sv_SE\" \/>\n<meta property=\"og:type\" content=\"article\" \/>\n<meta property=\"og:title\" content=\"Anpassa kosten vid hj\u00e4rtsvikt: Salt\" \/>\n<meta property=\"og:description\" content=\"Din kropp beh\u00f6ver bara lite salt f\u00f6r att fungera \u2013 att minska saltintaget \u00e4r s\u00e4rskilt viktigt om du lider av hj\u00e4rtsvikt. Ta reda p\u00e5 varf\u00f6r och hur\" \/>\n<meta property=\"og:url\" content=\"https:\/\/www.heartfailurematters.org\/sv\/vad-du-sjalv-kan-gora\/anpassa-kosten-salt\/\" \/>\n<meta property=\"og:site_name\" content=\"Heart Failure Matters\" \/>\n<meta property=\"article:publisher\" content=\"https:\/\/www.facebook.com\/heartfailurematters\" \/>\n<meta property=\"og:image\" content=\"https:\/\/www.heartfailurematters.org\/wp-content\/uploads\/2022\/03\/shutterstock_408588928-1-min.jpg\" \/>\n\t<meta property=\"og:image:width\" content=\"900\" \/>\n\t<meta property=\"og:image:height\" content=\"600\" \/>\n\t<meta property=\"og:image:type\" content=\"image\/jpeg\" \/>\n<meta name=\"twitter:card\" content=\"summary_large_image\" \/>\n<meta name=\"twitter:label1\" content=\"Ber\u00e4knad l\u00e4stid\" \/>\n\t<meta name=\"twitter:data1\" content=\"2 minuter\" \/>\n<script type=\"application\/ld+json\" class=\"yoast-schema-graph\">{\"@context\":\"https:\/\/schema.org\",\"@graph\":[{\"@type\":\"WebPage\",\"@id\":\"https:\/\/www.heartfailurematters.org\/sv\/vad-du-sjalv-kan-gora\/anpassa-kosten-salt\/\",\"url\":\"https:\/\/www.heartfailurematters.org\/sv\/vad-du-sjalv-kan-gora\/anpassa-kosten-salt\/\",\"name\":\"Anpassa kosten vid hj\u00e4rtsvikt: Salt\",\"isPartOf\":{\"@id\":\"https:\/\/www.heartfailurematters.org\/sv\/#website\"},\"primaryImageOfPage\":{\"@id\":\"https:\/\/www.heartfailurematters.org\/sv\/vad-du-sjalv-kan-gora\/anpassa-kosten-salt\/#primaryimage\"},\"image\":{\"@id\":\"https:\/\/www.heartfailurematters.org\/sv\/vad-du-sjalv-kan-gora\/anpassa-kosten-salt\/#primaryimage\"},\"thumbnailUrl\":\"https:\/\/www.heartfailurematters.org\/wp-content\/uploads\/2022\/03\/shutterstock_408588928-1-min.jpg\",\"datePublished\":\"2021-01-27T22:11:39+00:00\",\"description\":\"Din kropp beh\u00f6ver bara lite salt f\u00f6r att fungera \u2013 att minska saltintaget \u00e4r s\u00e4rskilt viktigt om du lider av hj\u00e4rtsvikt. Ta reda p\u00e5 varf\u00f6r och hur\",\"breadcrumb\":{\"@id\":\"https:\/\/www.heartfailurematters.org\/sv\/vad-du-sjalv-kan-gora\/anpassa-kosten-salt\/#breadcrumb\"},\"inLanguage\":\"sv-SE\",\"potentialAction\":[{\"@type\":\"ReadAction\",\"target\":[\"https:\/\/www.heartfailurematters.org\/sv\/vad-du-sjalv-kan-gora\/anpassa-kosten-salt\/\"]}]},{\"@type\":\"ImageObject\",\"inLanguage\":\"sv-SE\",\"@id\":\"https:\/\/www.heartfailurematters.org\/sv\/vad-du-sjalv-kan-gora\/anpassa-kosten-salt\/#primaryimage\",\"url\":\"https:\/\/www.heartfailurematters.org\/wp-content\/uploads\/2022\/03\/shutterstock_408588928-1-min.jpg\",\"contentUrl\":\"https:\/\/www.heartfailurematters.org\/wp-content\/uploads\/2022\/03\/shutterstock_408588928-1-min.jpg\",\"width\":900,\"height\":600},{\"@type\":\"BreadcrumbList\",\"@id\":\"https:\/\/www.heartfailurematters.org\/sv\/vad-du-sjalv-kan-gora\/anpassa-kosten-salt\/#breadcrumb\",\"itemListElement\":[{\"@type\":\"ListItem\",\"position\":1,\"name\":\"Hem\",\"item\":\"https:\/\/www.heartfailurematters.org\/sv\/\"},{\"@type\":\"ListItem\",\"position\":2,\"name\":\"Vad du kan g\u00f6ra f\u00f6r att hantera din hj\u00e4rtsvikt\",\"item\":\"https:\/\/www.heartfailurematters.org\/sv\/vad-du-sjalv-kan-gora\/\"},{\"@type\":\"ListItem\",\"position\":3,\"name\":\"Anpassa kosten: Salt\"}]},{\"@type\":\"WebSite\",\"@id\":\"https:\/\/www.heartfailurematters.org\/sv\/#website\",\"url\":\"https:\/\/www.heartfailurematters.org\/sv\/\",\"name\":\"Heart Failure Matters\",\"description\":\"Practical information for patients, families and caregivers.\",\"publisher\":{\"@id\":\"https:\/\/www.heartfailurematters.org\/sv\/#organization\"},\"potentialAction\":[{\"@type\":\"SearchAction\",\"target\":{\"@type\":\"EntryPoint\",\"urlTemplate\":\"https:\/\/www.heartfailurematters.org\/sv\/?s={search_term_string}\"},\"query-input\":{\"@type\":\"PropertyValueSpecification\",\"valueRequired\":true,\"valueName\":\"search_term_string\"}}],\"inLanguage\":\"sv-SE\"},{\"@type\":\"Organization\",\"@id\":\"https:\/\/www.heartfailurematters.org\/sv\/#organization\",\"name\":\"Heart Failure Matters\",\"url\":\"https:\/\/www.heartfailurematters.org\/sv\/\",\"logo\":{\"@type\":\"ImageObject\",\"inLanguage\":\"sv-SE\",\"@id\":\"https:\/\/www.heartfailurematters.org\/sv\/#\/schema\/logo\/image\/\",\"url\":\"https:\/\/cdn-endpoint-hfm.azureedge.net\/heartfailurematters\/2024\/07\/hfm-logo1.jpg\",\"contentUrl\":\"https:\/\/cdn-endpoint-hfm.azureedge.net\/heartfailurematters\/2024\/07\/hfm-logo1.jpg\",\"width\":1280,\"height\":720,\"caption\":\"Heart Failure Matters\"},\"image\":{\"@id\":\"https:\/\/www.heartfailurematters.org\/sv\/#\/schema\/logo\/image\/\"},\"sameAs\":[\"https:\/\/www.facebook.com\/heartfailurematters\"]}]}<\/script>\n<!-- \/ Yoast SEO plugin. -->","yoast_head_json":{"title":"Anpassa kosten vid hj\u00e4rtsvikt: Salt","description":"Din kropp beh\u00f6ver bara lite salt f\u00f6r att fungera \u2013 att minska saltintaget \u00e4r s\u00e4rskilt viktigt om du lider av hj\u00e4rtsvikt. Ta reda p\u00e5 varf\u00f6r och hur","robots":{"index":"index","follow":"follow","max-snippet":"max-snippet:-1","max-image-preview":"max-image-preview:large","max-video-preview":"max-video-preview:-1"},"canonical":"https:\/\/www.heartfailurematters.org\/sv\/vad-du-sjalv-kan-gora\/anpassa-kosten-salt\/","og_locale":"sv_SE","og_type":"article","og_title":"Anpassa kosten vid hj\u00e4rtsvikt: Salt","og_description":"Din kropp beh\u00f6ver bara lite salt f\u00f6r att fungera \u2013 att minska saltintaget \u00e4r s\u00e4rskilt viktigt om du lider av hj\u00e4rtsvikt. Ta reda p\u00e5 varf\u00f6r och hur","og_url":"https:\/\/www.heartfailurematters.org\/sv\/vad-du-sjalv-kan-gora\/anpassa-kosten-salt\/","og_site_name":"Heart Failure Matters","article_publisher":"https:\/\/www.facebook.com\/heartfailurematters","og_image":[{"width":900,"height":600,"url":"https:\/\/www.heartfailurematters.org\/wp-content\/uploads\/2022\/03\/shutterstock_408588928-1-min.jpg","type":"image\/jpeg"}],"twitter_card":"summary_large_image","twitter_misc":{"Ber\u00e4knad l\u00e4stid":"2 minuter"},"schema":{"@context":"https:\/\/schema.org","@graph":[{"@type":"WebPage","@id":"https:\/\/www.heartfailurematters.org\/sv\/vad-du-sjalv-kan-gora\/anpassa-kosten-salt\/","url":"https:\/\/www.heartfailurematters.org\/sv\/vad-du-sjalv-kan-gora\/anpassa-kosten-salt\/","name":"Anpassa kosten vid hj\u00e4rtsvikt: Salt","isPartOf":{"@id":"https:\/\/www.heartfailurematters.org\/sv\/#website"},"primaryImageOfPage":{"@id":"https:\/\/www.heartfailurematters.org\/sv\/vad-du-sjalv-kan-gora\/anpassa-kosten-salt\/#primaryimage"},"image":{"@id":"https:\/\/www.heartfailurematters.org\/sv\/vad-du-sjalv-kan-gora\/anpassa-kosten-salt\/#primaryimage"},"thumbnailUrl":"https:\/\/www.heartfailurematters.org\/wp-content\/uploads\/2022\/03\/shutterstock_408588928-1-min.jpg","datePublished":"2021-01-27T22:11:39+00:00","description":"Din kropp beh\u00f6ver bara lite salt f\u00f6r att fungera \u2013 att minska saltintaget \u00e4r s\u00e4rskilt viktigt om du lider av hj\u00e4rtsvikt. Ta reda p\u00e5 varf\u00f6r och hur","breadcrumb":{"@id":"https:\/\/www.heartfailurematters.org\/sv\/vad-du-sjalv-kan-gora\/anpassa-kosten-salt\/#breadcrumb"},"inLanguage":"sv-SE","potentialAction":[{"@type":"ReadAction","target":["https:\/\/www.heartfailurematters.org\/sv\/vad-du-sjalv-kan-gora\/anpassa-kosten-salt\/"]}]},{"@type":"ImageObject","inLanguage":"sv-SE","@id":"https:\/\/www.heartfailurematters.org\/sv\/vad-du-sjalv-kan-gora\/anpassa-kosten-salt\/#primaryimage","url":"https:\/\/www.heartfailurematters.org\/wp-content\/uploads\/2022\/03\/shutterstock_408588928-1-min.jpg","contentUrl":"https:\/\/www.heartfailurematters.org\/wp-content\/uploads\/2022\/03\/shutterstock_408588928-1-min.jpg","width":900,"height":600},{"@type":"BreadcrumbList","@id":"https:\/\/www.heartfailurematters.org\/sv\/vad-du-sjalv-kan-gora\/anpassa-kosten-salt\/#breadcrumb","itemListElement":[{"@type":"ListItem","position":1,"name":"Hem","item":"https:\/\/www.heartfailurematters.org\/sv\/"},{"@type":"ListItem","position":2,"name":"Vad du kan g\u00f6ra f\u00f6r att hantera din hj\u00e4rtsvikt","item":"https:\/\/www.heartfailurematters.org\/sv\/vad-du-sjalv-kan-gora\/"},{"@type":"ListItem","position":3,"name":"Anpassa kosten: Salt"}]},{"@type":"WebSite","@id":"https:\/\/www.heartfailurematters.org\/sv\/#website","url":"https:\/\/www.heartfailurematters.org\/sv\/","name":"Heart Failure Matters","description":"Practical information for patients, families and caregivers.","publisher":{"@id":"https:\/\/www.heartfailurematters.org\/sv\/#organization"},"potentialAction":[{"@type":"SearchAction","target":{"@type":"EntryPoint","urlTemplate":"https:\/\/www.heartfailurematters.org\/sv\/?s={search_term_string}"},"query-input":{"@type":"PropertyValueSpecification","valueRequired":true,"valueName":"search_term_string"}}],"inLanguage":"sv-SE"},{"@type":"Organization","@id":"https:\/\/www.heartfailurematters.org\/sv\/#organization","name":"Heart Failure Matters","url":"https:\/\/www.heartfailurematters.org\/sv\/","logo":{"@type":"ImageObject","inLanguage":"sv-SE","@id":"https:\/\/www.heartfailurematters.org\/sv\/#\/schema\/logo\/image\/","url":"https:\/\/cdn-endpoint-hfm.azureedge.net\/heartfailurematters\/2024\/07\/hfm-logo1.jpg","contentUrl":"https:\/\/cdn-endpoint-hfm.azureedge.net\/heartfailurematters\/2024\/07\/hfm-logo1.jpg","width":1280,"height":720,"caption":"Heart Failure Matters"},"image":{"@id":"https:\/\/www.heartfailurematters.org\/sv\/#\/schema\/logo\/image\/"},"sameAs":["https:\/\/www.facebook.com\/heartfailurematters"]}]}},"_links":{"self":[{"href":"https:\/\/www.heartfailurematters.org\/sv\/wp-json\/wp\/v2\/pages\/2444","targetHints":{"allow":["GET"]}}],"collection":[{"href":"https:\/\/www.heartfailurematters.org\/sv\/wp-json\/wp\/v2\/pages"}],"about":[{"href":"https:\/\/www.heartfailurematters.org\/sv\/wp-json\/wp\/v2\/types\/page"}],"author":[{"embeddable":true,"href":"https:\/\/www.heartfailurematters.org\/sv\/wp-json\/wp\/v2\/users\/1"}],"replies":[{"embeddable":true,"href":"https:\/\/www.heartfailurematters.org\/sv\/wp-json\/wp\/v2\/comments?post=2444"}],"version-history":[{"count":0,"href":"https:\/\/www.heartfailurematters.org\/sv\/wp-json\/wp\/v2\/pages\/2444\/revisions"}],"up":[{"embeddable":true,"href":"https:\/\/www.heartfailurematters.org\/sv\/wp-json\/wp\/v2\/pages\/2721"}],"wp:featuredmedia":[{"embeddable":true,"href":"https:\/\/www.heartfailurematters.org\/sv\/wp-json\/wp\/v2\/media\/11012"}],"wp:attachment":[{"href":"https:\/\/www.heartfailurematters.org\/sv\/wp-json\/wp\/v2\/media?parent=2444"}],"wp:term":[{"taxonomy":"category","embeddable":true,"href":"https:\/\/www.heartfailurematters.org\/sv\/wp-json\/wp\/v2\/categories?post=2444"},{"taxonomy":"post_tag","embeddable":true,"href":"https:\/\/www.heartfailurematters.org\/sv\/wp-json\/wp\/v2\/tags?post=2444"}],"curies":[{"name":"wp","href":"https:\/\/api.w.org\/{rel}","templated":true}]}}