{"id":2443,"date":"2021-01-27T22:11:39","date_gmt":"2021-01-27T22:11:39","guid":{"rendered":"http:\/\/heartfailurematters.local:8888\/medicinering-under-semestern\/"},"modified":"2021-01-27T22:11:39","modified_gmt":"2021-01-27T22:11:39","slug":"medicinering-under-semestern","status":"publish","type":"page","link":"https:\/\/www.heartfailurematters.org\/sv\/att-leva-med-hjartsvikt\/medicinering-under-semestern\/","title":{"rendered":"Medicinering under semestern"},"content":{"rendered":"<p>Det &auml;r mycket viktigt att du kommer ih&aring;g att ta med alla dina mediciner p&aring; semestern och att du tar med tillr&auml;ckligt f&ouml;r hela din vistelse, plus tv&aring; extra dagar i h&auml;ndelse av flygf&ouml;rseningar\/inst&auml;llda flyg. Det &auml;r en god id&eacute; att ta med en aktuell <a href=\"\/wp-content\/uploads\/2021\/02\/Lakemedelstabell.pdf\">lista &ouml;ver alla medicinerna<\/a>&nbsp;ifall du skulle f&ouml;rlora dem. F&ouml;rvara listan och medicinerna p&aring; olika st&auml;llen och se till att den listar b&aring;de det&nbsp;<a class=\"addtooltip\" title=\"Det vetenskapliga namnet p&aring; den aktiva substansen i l&auml;kemedlet.\" href=\"https:\/\/www.heartfailurematters.org\/sv\/att-leva-med-hjartsvikt\/medicinering-under-semestern\/\" debughref=\"#\"><strong title=\"\">generiska<\/strong><\/a> (vetenskapliga) namnet och&nbsp;<a class=\"addtooltip\" title=\"Det namn som ett l&auml;kemedel f&aring;r av l&auml;kemedelsf&ouml;retaget som tillverkar det. L&auml;kare kan ordinera antingen varum&auml;rket eller det generiska (vetenskapliga) namnet.\" href=\"https:\/\/www.heartfailurematters.org\/sv\/att-leva-med-hjartsvikt\/medicinering-under-semestern\/\" debughref=\"#\"><strong title=\"\">varum&auml;rkesnamnet<\/strong><\/a>&nbsp; f&ouml;r varje medicin, eftersom varum&auml;rkesnamnet kan variera i olika l&auml;nder.<\/p>\n<p>L&auml;gg medicinen i handbagaget ifall ditt bagage skulle f&ouml;rsvinna eller f&ouml;rsenas. Om du &auml;r orolig att det kan uppst&aring; problem b&ouml;r du kontrollera med flygbolaget innan du flyger och ta reda p&aring; deras regler<strong>.<\/strong> Medan du &auml;r p&aring; semester kanske du avviker fr&aring;n din normala dagliga rutin, vilket kan g&ouml;ra att du missar en dos av l&auml;kemedlet. Du ska inte oroa dig i on&ouml;dan &ouml;ver detta, men f&ouml;rs&ouml;k att &aring;terg&aring; till ditt behandlingsprogram s&aring; fort som m&ouml;jligt. Ta INTE en dubbel dos av n&aring;gon medicin f&ouml;r att kompensera en missad dos eftersom det kan vara mer skadligt &auml;n att missa en dos. N&auml;r du reser &ouml;ver flera tidszoner b&ouml;r du ta dina mediciner efter ankomsten vid lokal tid.<\/p>\n<p><a title=\"\" href=\"https:\/\/www.heartfailurematters.org\/sv\/att-leva-med-hjartsvikt\/resor\/\">&Aring;terg&aring; till &#8221;Att resa&#8221;<\/a><\/p>\n","protected":false},"excerpt":{"rendered":"<p>Det &auml;r mycket viktigt att du kommer ih&aring;g att ta med alla dina mediciner p&aring; semestern och att du tar med tillr&auml;ckligt f&ouml;r hela din vistelse, plus tv&aring; extra dagar i h&auml;ndelse av flygf&ouml;rseningar\/inst&auml;llda flyg. Det &auml;r en god id&eacute; att ta med en aktuell lista &ouml;ver alla medicinerna&nbsp;ifall du skulle f&ouml;rlora dem. F&ouml;rvara listan [&hellip;]<\/p>\n","protected":false},"author":1,"featured_media":10874,"parent":2818,"menu_order":0,"comment_status":"open","ping_status":"open","template":"","meta":{"_acf_changed":false,"footnotes":""},"categories":[],"tags":[],"class_list":["post-2443","page","type-page","status-publish","has-post-thumbnail","hentry"],"acf":[],"yoast_head":"<!-- This site is optimized with the Yoast SEO plugin v24.8.1 - https:\/\/yoast.com\/wordpress\/plugins\/seo\/ -->\n<title>Medicinering under semestern<\/title>\n<meta name=\"description\" content=\"Det \u00e4r mycket viktigt att du kommer ih\u00e5g att ta med alla dina mediciner p\u00e5 semestern och att du tar med tillr\u00e4ckligt f\u00f6r hela din vistelse, plus tv\u00e5 extra dagar i h\u00e4ndelse av flygf\u00f6rseningar\/inst\u00e4llda flyg.\" \/>\n<meta name=\"robots\" content=\"index, follow, max-snippet:-1, max-image-preview:large, max-video-preview:-1\" \/>\n<link rel=\"canonical\" href=\"https:\/\/www.heartfailurematters.org\/sv\/att-leva-med-hjartsvikt\/medicinering-under-semestern\/\" \/>\n<meta property=\"og:locale\" content=\"sv_SE\" \/>\n<meta property=\"og:type\" content=\"article\" \/>\n<meta property=\"og:title\" content=\"Medicinering under semestern\" \/>\n<meta property=\"og:description\" content=\"Det \u00e4r mycket viktigt att du kommer ih\u00e5g att ta med alla dina mediciner p\u00e5 semestern och att du tar med tillr\u00e4ckligt f\u00f6r hela din vistelse, plus tv\u00e5 extra dagar i h\u00e4ndelse av flygf\u00f6rseningar\/inst\u00e4llda flyg.\" \/>\n<meta property=\"og:url\" content=\"https:\/\/www.heartfailurematters.org\/sv\/att-leva-med-hjartsvikt\/medicinering-under-semestern\/\" \/>\n<meta property=\"og:site_name\" content=\"Heart Failure Matters\" \/>\n<meta property=\"article:publisher\" content=\"https:\/\/www.facebook.com\/heartfailurematters\" \/>\n<meta property=\"og:image\" content=\"https:\/\/www.heartfailurematters.org\/wp-content\/uploads\/2022\/03\/shutterstock_441673426-1-min.jpg\" \/>\n\t<meta property=\"og:image:width\" content=\"900\" \/>\n\t<meta property=\"og:image:height\" content=\"596\" \/>\n\t<meta property=\"og:image:type\" content=\"image\/jpeg\" \/>\n<meta name=\"twitter:card\" content=\"summary_large_image\" \/>\n<meta name=\"twitter:label1\" content=\"Ber\u00e4knad l\u00e4stid\" \/>\n\t<meta name=\"twitter:data1\" content=\"1 minut\" \/>\n<script type=\"application\/ld+json\" class=\"yoast-schema-graph\">{\"@context\":\"https:\/\/schema.org\",\"@graph\":[{\"@type\":\"WebPage\",\"@id\":\"https:\/\/www.heartfailurematters.org\/sv\/att-leva-med-hjartsvikt\/medicinering-under-semestern\/\",\"url\":\"https:\/\/www.heartfailurematters.org\/sv\/att-leva-med-hjartsvikt\/medicinering-under-semestern\/\",\"name\":\"Medicinering under semestern\",\"isPartOf\":{\"@id\":\"https:\/\/www.heartfailurematters.org\/sv\/#website\"},\"primaryImageOfPage\":{\"@id\":\"https:\/\/www.heartfailurematters.org\/sv\/att-leva-med-hjartsvikt\/medicinering-under-semestern\/#primaryimage\"},\"image\":{\"@id\":\"https:\/\/www.heartfailurematters.org\/sv\/att-leva-med-hjartsvikt\/medicinering-under-semestern\/#primaryimage\"},\"thumbnailUrl\":\"https:\/\/www.heartfailurematters.org\/wp-content\/uploads\/2022\/03\/shutterstock_441673426-1-min.jpg\",\"datePublished\":\"2021-01-27T22:11:39+00:00\",\"description\":\"Det \u00e4r mycket viktigt att du kommer ih\u00e5g att ta med alla dina mediciner p\u00e5 semestern och att du tar med tillr\u00e4ckligt f\u00f6r hela din vistelse, plus tv\u00e5 extra dagar i h\u00e4ndelse av flygf\u00f6rseningar\/inst\u00e4llda flyg.\",\"breadcrumb\":{\"@id\":\"https:\/\/www.heartfailurematters.org\/sv\/att-leva-med-hjartsvikt\/medicinering-under-semestern\/#breadcrumb\"},\"inLanguage\":\"sv-SE\",\"potentialAction\":[{\"@type\":\"ReadAction\",\"target\":[\"https:\/\/www.heartfailurematters.org\/sv\/att-leva-med-hjartsvikt\/medicinering-under-semestern\/\"]}]},{\"@type\":\"ImageObject\",\"inLanguage\":\"sv-SE\",\"@id\":\"https:\/\/www.heartfailurematters.org\/sv\/att-leva-med-hjartsvikt\/medicinering-under-semestern\/#primaryimage\",\"url\":\"https:\/\/www.heartfailurematters.org\/wp-content\/uploads\/2022\/03\/shutterstock_441673426-1-min.jpg\",\"contentUrl\":\"https:\/\/www.heartfailurematters.org\/wp-content\/uploads\/2022\/03\/shutterstock_441673426-1-min.jpg\",\"width\":900,\"height\":596},{\"@type\":\"BreadcrumbList\",\"@id\":\"https:\/\/www.heartfailurematters.org\/sv\/att-leva-med-hjartsvikt\/medicinering-under-semestern\/#breadcrumb\",\"itemListElement\":[{\"@type\":\"ListItem\",\"position\":1,\"name\":\"Hem\",\"item\":\"https:\/\/www.heartfailurematters.org\/sv\/\"},{\"@type\":\"ListItem\",\"position\":2,\"name\":\"Att leva med hj\u00e4rtsvikt\",\"item\":\"https:\/\/www.heartfailurematters.org\/sv\/att-leva-med-hjartsvikt\/\"},{\"@type\":\"ListItem\",\"position\":3,\"name\":\"Medicinering under semestern\"}]},{\"@type\":\"WebSite\",\"@id\":\"https:\/\/www.heartfailurematters.org\/sv\/#website\",\"url\":\"https:\/\/www.heartfailurematters.org\/sv\/\",\"name\":\"Heart Failure Matters\",\"description\":\"Practical information for patients, families and caregivers.\",\"publisher\":{\"@id\":\"https:\/\/www.heartfailurematters.org\/sv\/#organization\"},\"potentialAction\":[{\"@type\":\"SearchAction\",\"target\":{\"@type\":\"EntryPoint\",\"urlTemplate\":\"https:\/\/www.heartfailurematters.org\/sv\/?s={search_term_string}\"},\"query-input\":{\"@type\":\"PropertyValueSpecification\",\"valueRequired\":true,\"valueName\":\"search_term_string\"}}],\"inLanguage\":\"sv-SE\"},{\"@type\":\"Organization\",\"@id\":\"https:\/\/www.heartfailurematters.org\/sv\/#organization\",\"name\":\"Heart Failure Matters\",\"url\":\"https:\/\/www.heartfailurematters.org\/sv\/\",\"logo\":{\"@type\":\"ImageObject\",\"inLanguage\":\"sv-SE\",\"@id\":\"https:\/\/www.heartfailurematters.org\/sv\/#\/schema\/logo\/image\/\",\"url\":\"https:\/\/cdn-endpoint-hfm.azureedge.net\/heartfailurematters\/2024\/07\/hfm-logo1.jpg\",\"contentUrl\":\"https:\/\/cdn-endpoint-hfm.azureedge.net\/heartfailurematters\/2024\/07\/hfm-logo1.jpg\",\"width\":1280,\"height\":720,\"caption\":\"Heart Failure Matters\"},\"image\":{\"@id\":\"https:\/\/www.heartfailurematters.org\/sv\/#\/schema\/logo\/image\/\"},\"sameAs\":[\"https:\/\/www.facebook.com\/heartfailurematters\"]}]}<\/script>\n<!-- \/ Yoast SEO plugin. -->","yoast_head_json":{"title":"Medicinering under semestern","description":"Det \u00e4r mycket viktigt att du kommer ih\u00e5g att ta med alla dina mediciner p\u00e5 semestern och att du tar med tillr\u00e4ckligt f\u00f6r hela din vistelse, plus tv\u00e5 extra dagar i h\u00e4ndelse av flygf\u00f6rseningar\/inst\u00e4llda flyg.","robots":{"index":"index","follow":"follow","max-snippet":"max-snippet:-1","max-image-preview":"max-image-preview:large","max-video-preview":"max-video-preview:-1"},"canonical":"https:\/\/www.heartfailurematters.org\/sv\/att-leva-med-hjartsvikt\/medicinering-under-semestern\/","og_locale":"sv_SE","og_type":"article","og_title":"Medicinering under semestern","og_description":"Det \u00e4r mycket viktigt att du kommer ih\u00e5g att ta med alla dina mediciner p\u00e5 semestern och att du tar med tillr\u00e4ckligt f\u00f6r hela din vistelse, plus tv\u00e5 extra dagar i h\u00e4ndelse av flygf\u00f6rseningar\/inst\u00e4llda flyg.","og_url":"https:\/\/www.heartfailurematters.org\/sv\/att-leva-med-hjartsvikt\/medicinering-under-semestern\/","og_site_name":"Heart Failure Matters","article_publisher":"https:\/\/www.facebook.com\/heartfailurematters","og_image":[{"width":900,"height":596,"url":"https:\/\/www.heartfailurematters.org\/wp-content\/uploads\/2022\/03\/shutterstock_441673426-1-min.jpg","type":"image\/jpeg"}],"twitter_card":"summary_large_image","twitter_misc":{"Ber\u00e4knad l\u00e4stid":"1 minut"},"schema":{"@context":"https:\/\/schema.org","@graph":[{"@type":"WebPage","@id":"https:\/\/www.heartfailurematters.org\/sv\/att-leva-med-hjartsvikt\/medicinering-under-semestern\/","url":"https:\/\/www.heartfailurematters.org\/sv\/att-leva-med-hjartsvikt\/medicinering-under-semestern\/","name":"Medicinering under semestern","isPartOf":{"@id":"https:\/\/www.heartfailurematters.org\/sv\/#website"},"primaryImageOfPage":{"@id":"https:\/\/www.heartfailurematters.org\/sv\/att-leva-med-hjartsvikt\/medicinering-under-semestern\/#primaryimage"},"image":{"@id":"https:\/\/www.heartfailurematters.org\/sv\/att-leva-med-hjartsvikt\/medicinering-under-semestern\/#primaryimage"},"thumbnailUrl":"https:\/\/www.heartfailurematters.org\/wp-content\/uploads\/2022\/03\/shutterstock_441673426-1-min.jpg","datePublished":"2021-01-27T22:11:39+00:00","description":"Det \u00e4r mycket viktigt att du kommer ih\u00e5g att ta med alla dina mediciner p\u00e5 semestern och att du tar med tillr\u00e4ckligt f\u00f6r hela din vistelse, plus tv\u00e5 extra dagar i h\u00e4ndelse av flygf\u00f6rseningar\/inst\u00e4llda flyg.","breadcrumb":{"@id":"https:\/\/www.heartfailurematters.org\/sv\/att-leva-med-hjartsvikt\/medicinering-under-semestern\/#breadcrumb"},"inLanguage":"sv-SE","potentialAction":[{"@type":"ReadAction","target":["https:\/\/www.heartfailurematters.org\/sv\/att-leva-med-hjartsvikt\/medicinering-under-semestern\/"]}]},{"@type":"ImageObject","inLanguage":"sv-SE","@id":"https:\/\/www.heartfailurematters.org\/sv\/att-leva-med-hjartsvikt\/medicinering-under-semestern\/#primaryimage","url":"https:\/\/www.heartfailurematters.org\/wp-content\/uploads\/2022\/03\/shutterstock_441673426-1-min.jpg","contentUrl":"https:\/\/www.heartfailurematters.org\/wp-content\/uploads\/2022\/03\/shutterstock_441673426-1-min.jpg","width":900,"height":596},{"@type":"BreadcrumbList","@id":"https:\/\/www.heartfailurematters.org\/sv\/att-leva-med-hjartsvikt\/medicinering-under-semestern\/#breadcrumb","itemListElement":[{"@type":"ListItem","position":1,"name":"Hem","item":"https:\/\/www.heartfailurematters.org\/sv\/"},{"@type":"ListItem","position":2,"name":"Att leva med hj\u00e4rtsvikt","item":"https:\/\/www.heartfailurematters.org\/sv\/att-leva-med-hjartsvikt\/"},{"@type":"ListItem","position":3,"name":"Medicinering under semestern"}]},{"@type":"WebSite","@id":"https:\/\/www.heartfailurematters.org\/sv\/#website","url":"https:\/\/www.heartfailurematters.org\/sv\/","name":"Heart Failure Matters","description":"Practical information for patients, families and caregivers.","publisher":{"@id":"https:\/\/www.heartfailurematters.org\/sv\/#organization"},"potentialAction":[{"@type":"SearchAction","target":{"@type":"EntryPoint","urlTemplate":"https:\/\/www.heartfailurematters.org\/sv\/?s={search_term_string}"},"query-input":{"@type":"PropertyValueSpecification","valueRequired":true,"valueName":"search_term_string"}}],"inLanguage":"sv-SE"},{"@type":"Organization","@id":"https:\/\/www.heartfailurematters.org\/sv\/#organization","name":"Heart Failure Matters","url":"https:\/\/www.heartfailurematters.org\/sv\/","logo":{"@type":"ImageObject","inLanguage":"sv-SE","@id":"https:\/\/www.heartfailurematters.org\/sv\/#\/schema\/logo\/image\/","url":"https:\/\/cdn-endpoint-hfm.azureedge.net\/heartfailurematters\/2024\/07\/hfm-logo1.jpg","contentUrl":"https:\/\/cdn-endpoint-hfm.azureedge.net\/heartfailurematters\/2024\/07\/hfm-logo1.jpg","width":1280,"height":720,"caption":"Heart Failure Matters"},"image":{"@id":"https:\/\/www.heartfailurematters.org\/sv\/#\/schema\/logo\/image\/"},"sameAs":["https:\/\/www.facebook.com\/heartfailurematters"]}]}},"_links":{"self":[{"href":"https:\/\/www.heartfailurematters.org\/sv\/wp-json\/wp\/v2\/pages\/2443","targetHints":{"allow":["GET"]}}],"collection":[{"href":"https:\/\/www.heartfailurematters.org\/sv\/wp-json\/wp\/v2\/pages"}],"about":[{"href":"https:\/\/www.heartfailurematters.org\/sv\/wp-json\/wp\/v2\/types\/page"}],"author":[{"embeddable":true,"href":"https:\/\/www.heartfailurematters.org\/sv\/wp-json\/wp\/v2\/users\/1"}],"replies":[{"embeddable":true,"href":"https:\/\/www.heartfailurematters.org\/sv\/wp-json\/wp\/v2\/comments?post=2443"}],"version-history":[{"count":0,"href":"https:\/\/www.heartfailurematters.org\/sv\/wp-json\/wp\/v2\/pages\/2443\/revisions"}],"up":[{"embeddable":true,"href":"https:\/\/www.heartfailurematters.org\/sv\/wp-json\/wp\/v2\/pages\/2818"}],"wp:featuredmedia":[{"embeddable":true,"href":"https:\/\/www.heartfailurematters.org\/sv\/wp-json\/wp\/v2\/media\/10874"}],"wp:attachment":[{"href":"https:\/\/www.heartfailurematters.org\/sv\/wp-json\/wp\/v2\/media?parent=2443"}],"wp:term":[{"taxonomy":"category","embeddable":true,"href":"https:\/\/www.heartfailurematters.org\/sv\/wp-json\/wp\/v2\/categories?post=2443"},{"taxonomy":"post_tag","embeddable":true,"href":"https:\/\/www.heartfailurematters.org\/sv\/wp-json\/wp\/v2\/tags?post=2443"}],"curies":[{"name":"wp","href":"https:\/\/api.w.org\/{rel}","templated":true}]}}