{"id":2438,"date":"2021-01-27T22:11:39","date_gmt":"2021-01-27T22:11:39","guid":{"rendered":"http:\/\/heartfailurematters.local:8888\/blodprover\/"},"modified":"2026-02-10T13:33:21","modified_gmt":"2026-02-10T13:33:21","slug":"blodprover","status":"publish","type":"page","link":"https:\/\/www.heartfailurematters.org\/sv\/att-forsta-hjartsvikt\/blodprover\/","title":{"rendered":"Blodprover"},"content":{"rendered":"<p>Blodprover kan vara anv\u00e4ndbara f\u00f6r att leta efter tecken p\u00e5 hj\u00e4rtsvikt och m\u00f6jliga orsaker, utl\u00f6sande faktorer eller komplikationer p\u00e5 grund av hj\u00e4rtsvikt.<\/p>\n<h2>Natriuretisk peptid (BNP, NT-proBNP):<\/h2>\n<p>Hj\u00e4rtat uts\u00f6ndrar hormoner, s\u00e5 kallade natriuretiska peptider, n\u00e4r hj\u00e4rtmuskeln str\u00e4cks p\u00e5 grund av tryck eller v\u00e4tska. Dessa hormoner har en l\u00e4tt v\u00e4tske- och saltuts\u00f6ndrande effekt, vilket \u00e4r f\u00f6rdelaktigt f\u00f6r patienter med hj\u00e4rtsvikt. Tv\u00e5 typer av natriuretiska peptider, BNP och NT-proBNP, kan m\u00e4tas rutinm\u00e4ssigt genom ett enkelt blodprov som tas av din husl\u00e4kare eller kardiolog. Hos patienter med hj\u00e4rtsvikt ses en f\u00f6rh\u00f6jd niv\u00e5 av natriuretisk peptid och niv\u00e5erna \u00f6kar i takt med att patientens hj\u00e4rtsvikt f\u00f6r\u00e4ndras. Att m\u00e4ta BNP hos hj\u00e4rtsviktspatienter underl\u00e4ttar d\u00e4rf\u00f6r b\u00e5de vid diagnostisering och beslut om behandling. BNP och NT-proBNP \u00f6kar \u00e4ven vid andra tillst\u00e5nd s\u00e5som njursjukdom och \u00e4r l\u00e4gre hos personer med fetma. Ett normalt BNP hos en person som inte behandlas f\u00f6r hj\u00e4rtsvikt tyder p\u00e5 att det troligen finns andra orsaker till symtomen, dvs. det \u00e4r mycket osannolikt att diagnosen \u00e4r hj\u00e4rtsvikt. Det inneb\u00e4r att testet ocks\u00e5 \u00e4r ett mycket anv\u00e4ndbart hj\u00e4lpmedel vid screening f\u00f6r hj\u00e4rtsvikt.<\/p>\n<h2>Andra blodprover:<\/h2>\n<p>Vid misst\u00e4nkt hj\u00e4rtsvikt finns det flera blodprover som kan tas. Det finns ingen fastst\u00e4lld lista \u00f6ver blodprover som b\u00f6r tas f\u00f6r alla patienter med hj\u00e4rtsvikt. Antalet laboratorietester som kr\u00e4vs beror p\u00e5 faktorer som \u00e5lder, symtomens sv\u00e5righetsgrad och k\u00e4nda samsjukligheter s\u00e5som <strong>diabetes<\/strong>, anemi och nedsatt njurfunktion. Efter diagnostisering med hj\u00e4rtsvikt kan blodprover tas f\u00f6r att kontrollera om andra organ kan vara p\u00e5verkade. S\u00e5dana blodprover kan p\u00e5visa eventuell elektrolytobalans, diabetes, problem med lever eller njurar, sk\u00f6ldk\u00f6rtelfunktion, anemi, j\u00e4rnbrist och \u00f6kade niv\u00e5er av natriuretiska peptider. Vissa av dessa blodprover kan beh\u00f6va tas regelbundet f\u00f6r att \u00f6vervaka patientens framsteg.<\/p>\n<p><a href=\"https:\/\/www.heartfailurematters.org\/understanding-heart-failure\/common-tests-for-heart-failure\/\">\u00c5terg\u00e5 till &#8221;Vanliga hj\u00e4rtsviktstester&#8221;<\/a><\/p>\n","protected":false},"excerpt":{"rendered":"<p>Blodprover kan vara anv\u00e4ndbara f\u00f6r att leta efter tecken p\u00e5 hj\u00e4rtsvikt och m\u00f6jliga orsaker, utl\u00f6sande faktorer eller komplikationer p\u00e5 grund av hj\u00e4rtsvikt. Natriuretisk peptid (BNP, NT-proBNP): Hj\u00e4rtat uts\u00f6ndrar hormoner, s\u00e5 kallade natriuretiska peptider, n\u00e4r hj\u00e4rtmuskeln str\u00e4cks p\u00e5 grund av tryck eller v\u00e4tska. Dessa hormoner har en l\u00e4tt v\u00e4tske- och saltuts\u00f6ndrande effekt, vilket \u00e4r f\u00f6rdelaktigt f\u00f6r [&hellip;]<\/p>\n","protected":false},"author":1,"featured_media":10632,"parent":2421,"menu_order":0,"comment_status":"open","ping_status":"open","template":"","meta":{"_acf_changed":false,"footnotes":""},"categories":[],"tags":[],"class_list":["post-2438","page","type-page","status-publish","has-post-thumbnail","hentry"],"acf":[],"yoast_head":"<!-- This site is optimized with the Yoast SEO plugin v24.8.1 - https:\/\/yoast.com\/wordpress\/plugins\/seo\/ -->\n<title>Blodprov f\u00f6r hj\u00e4rtsviktspatienter<\/title>\n<meta name=\"description\" content=\"Blodprover \u00e4r anv\u00e4ndbara vid hj\u00e4rtsviktsdiagnos f\u00f6r att hitta m\u00f6jliga orsaker eller utl\u00f6sande faktorer. H\u00f6ga niv\u00e5er av BNP har t.ex. kopplats till hj\u00e4rtsvikt.\" \/>\n<meta name=\"robots\" content=\"index, follow, max-snippet:-1, max-image-preview:large, max-video-preview:-1\" \/>\n<link rel=\"canonical\" href=\"https:\/\/www.heartfailurematters.org\/sv\/att-forsta-hjartsvikt\/blodprover\/\" \/>\n<meta property=\"og:locale\" content=\"sv_SE\" \/>\n<meta property=\"og:type\" content=\"article\" \/>\n<meta property=\"og:title\" content=\"Blodprov f\u00f6r hj\u00e4rtsviktspatienter\" \/>\n<meta property=\"og:description\" content=\"Blodprover \u00e4r anv\u00e4ndbara vid hj\u00e4rtsviktsdiagnos f\u00f6r att hitta m\u00f6jliga orsaker eller utl\u00f6sande faktorer. H\u00f6ga niv\u00e5er av BNP har t.ex. kopplats till hj\u00e4rtsvikt.\" \/>\n<meta property=\"og:url\" content=\"https:\/\/www.heartfailurematters.org\/sv\/att-forsta-hjartsvikt\/blodprover\/\" \/>\n<meta property=\"og:site_name\" content=\"Heart Failure Matters\" \/>\n<meta property=\"article:publisher\" content=\"https:\/\/www.facebook.com\/heartfailurematters\" \/>\n<meta property=\"article:modified_time\" content=\"2026-02-10T13:33:21+00:00\" \/>\n<meta property=\"og:image\" content=\"https:\/\/www.heartfailurematters.org\/wp-content\/uploads\/2022\/02\/shutterstock_1114244621-1-min.jpg\" \/>\n\t<meta property=\"og:image:width\" content=\"900\" \/>\n\t<meta property=\"og:image:height\" content=\"596\" \/>\n\t<meta property=\"og:image:type\" content=\"image\/jpeg\" \/>\n<meta name=\"twitter:card\" content=\"summary_large_image\" \/>\n<meta name=\"twitter:label1\" content=\"Ber\u00e4knad l\u00e4stid\" \/>\n\t<meta name=\"twitter:data1\" content=\"2 minuter\" \/>\n<script type=\"application\/ld+json\" class=\"yoast-schema-graph\">{\"@context\":\"https:\/\/schema.org\",\"@graph\":[{\"@type\":\"WebPage\",\"@id\":\"https:\/\/www.heartfailurematters.org\/sv\/att-forsta-hjartsvikt\/blodprover\/\",\"url\":\"https:\/\/www.heartfailurematters.org\/sv\/att-forsta-hjartsvikt\/blodprover\/\",\"name\":\"Blodprov f\u00f6r hj\u00e4rtsviktspatienter\",\"isPartOf\":{\"@id\":\"https:\/\/www.heartfailurematters.org\/sv\/#website\"},\"primaryImageOfPage\":{\"@id\":\"https:\/\/www.heartfailurematters.org\/sv\/att-forsta-hjartsvikt\/blodprover\/#primaryimage\"},\"image\":{\"@id\":\"https:\/\/www.heartfailurematters.org\/sv\/att-forsta-hjartsvikt\/blodprover\/#primaryimage\"},\"thumbnailUrl\":\"https:\/\/www.heartfailurematters.org\/wp-content\/uploads\/2022\/02\/shutterstock_1114244621-1-min.jpg\",\"datePublished\":\"2021-01-27T22:11:39+00:00\",\"dateModified\":\"2026-02-10T13:33:21+00:00\",\"description\":\"Blodprover \u00e4r anv\u00e4ndbara vid hj\u00e4rtsviktsdiagnos f\u00f6r att hitta m\u00f6jliga orsaker eller utl\u00f6sande faktorer. H\u00f6ga niv\u00e5er av BNP har t.ex. kopplats till hj\u00e4rtsvikt.\",\"breadcrumb\":{\"@id\":\"https:\/\/www.heartfailurematters.org\/sv\/att-forsta-hjartsvikt\/blodprover\/#breadcrumb\"},\"inLanguage\":\"sv-SE\",\"potentialAction\":[{\"@type\":\"ReadAction\",\"target\":[\"https:\/\/www.heartfailurematters.org\/sv\/att-forsta-hjartsvikt\/blodprover\/\"]}]},{\"@type\":\"ImageObject\",\"inLanguage\":\"sv-SE\",\"@id\":\"https:\/\/www.heartfailurematters.org\/sv\/att-forsta-hjartsvikt\/blodprover\/#primaryimage\",\"url\":\"https:\/\/www.heartfailurematters.org\/wp-content\/uploads\/2022\/02\/shutterstock_1114244621-1-min.jpg\",\"contentUrl\":\"https:\/\/www.heartfailurematters.org\/wp-content\/uploads\/2022\/02\/shutterstock_1114244621-1-min.jpg\",\"width\":900,\"height\":596},{\"@type\":\"BreadcrumbList\",\"@id\":\"https:\/\/www.heartfailurematters.org\/sv\/att-forsta-hjartsvikt\/blodprover\/#breadcrumb\",\"itemListElement\":[{\"@type\":\"ListItem\",\"position\":1,\"name\":\"Hem\",\"item\":\"https:\/\/www.heartfailurematters.org\/sv\/\"},{\"@type\":\"ListItem\",\"position\":2,\"name\":\"Att f\u00f6rst\u00e5 hj\u00e4rtsvikt\",\"item\":\"https:\/\/www.heartfailurematters.org\/sv\/att-forsta-hjartsvikt\/\"},{\"@type\":\"ListItem\",\"position\":3,\"name\":\"Blodprover\"}]},{\"@type\":\"WebSite\",\"@id\":\"https:\/\/www.heartfailurematters.org\/sv\/#website\",\"url\":\"https:\/\/www.heartfailurematters.org\/sv\/\",\"name\":\"Heart Failure Matters\",\"description\":\"Practical information for patients, families and caregivers.\",\"publisher\":{\"@id\":\"https:\/\/www.heartfailurematters.org\/sv\/#organization\"},\"potentialAction\":[{\"@type\":\"SearchAction\",\"target\":{\"@type\":\"EntryPoint\",\"urlTemplate\":\"https:\/\/www.heartfailurematters.org\/sv\/?s={search_term_string}\"},\"query-input\":{\"@type\":\"PropertyValueSpecification\",\"valueRequired\":true,\"valueName\":\"search_term_string\"}}],\"inLanguage\":\"sv-SE\"},{\"@type\":\"Organization\",\"@id\":\"https:\/\/www.heartfailurematters.org\/sv\/#organization\",\"name\":\"Heart Failure Matters\",\"url\":\"https:\/\/www.heartfailurematters.org\/sv\/\",\"logo\":{\"@type\":\"ImageObject\",\"inLanguage\":\"sv-SE\",\"@id\":\"https:\/\/www.heartfailurematters.org\/sv\/#\/schema\/logo\/image\/\",\"url\":\"https:\/\/cdn-endpoint-hfm.azureedge.net\/heartfailurematters\/2024\/07\/hfm-logo1.jpg\",\"contentUrl\":\"https:\/\/cdn-endpoint-hfm.azureedge.net\/heartfailurematters\/2024\/07\/hfm-logo1.jpg\",\"width\":1280,\"height\":720,\"caption\":\"Heart Failure Matters\"},\"image\":{\"@id\":\"https:\/\/www.heartfailurematters.org\/sv\/#\/schema\/logo\/image\/\"},\"sameAs\":[\"https:\/\/www.facebook.com\/heartfailurematters\"]}]}<\/script>\n<!-- \/ Yoast SEO plugin. -->","yoast_head_json":{"title":"Blodprov f\u00f6r hj\u00e4rtsviktspatienter","description":"Blodprover \u00e4r anv\u00e4ndbara vid hj\u00e4rtsviktsdiagnos f\u00f6r att hitta m\u00f6jliga orsaker eller utl\u00f6sande faktorer. H\u00f6ga niv\u00e5er av BNP har t.ex. kopplats till hj\u00e4rtsvikt.","robots":{"index":"index","follow":"follow","max-snippet":"max-snippet:-1","max-image-preview":"max-image-preview:large","max-video-preview":"max-video-preview:-1"},"canonical":"https:\/\/www.heartfailurematters.org\/sv\/att-forsta-hjartsvikt\/blodprover\/","og_locale":"sv_SE","og_type":"article","og_title":"Blodprov f\u00f6r hj\u00e4rtsviktspatienter","og_description":"Blodprover \u00e4r anv\u00e4ndbara vid hj\u00e4rtsviktsdiagnos f\u00f6r att hitta m\u00f6jliga orsaker eller utl\u00f6sande faktorer. H\u00f6ga niv\u00e5er av BNP har t.ex. kopplats till hj\u00e4rtsvikt.","og_url":"https:\/\/www.heartfailurematters.org\/sv\/att-forsta-hjartsvikt\/blodprover\/","og_site_name":"Heart Failure Matters","article_publisher":"https:\/\/www.facebook.com\/heartfailurematters","article_modified_time":"2026-02-10T13:33:21+00:00","og_image":[{"width":900,"height":596,"url":"https:\/\/www.heartfailurematters.org\/wp-content\/uploads\/2022\/02\/shutterstock_1114244621-1-min.jpg","type":"image\/jpeg"}],"twitter_card":"summary_large_image","twitter_misc":{"Ber\u00e4knad l\u00e4stid":"2 minuter"},"schema":{"@context":"https:\/\/schema.org","@graph":[{"@type":"WebPage","@id":"https:\/\/www.heartfailurematters.org\/sv\/att-forsta-hjartsvikt\/blodprover\/","url":"https:\/\/www.heartfailurematters.org\/sv\/att-forsta-hjartsvikt\/blodprover\/","name":"Blodprov f\u00f6r hj\u00e4rtsviktspatienter","isPartOf":{"@id":"https:\/\/www.heartfailurematters.org\/sv\/#website"},"primaryImageOfPage":{"@id":"https:\/\/www.heartfailurematters.org\/sv\/att-forsta-hjartsvikt\/blodprover\/#primaryimage"},"image":{"@id":"https:\/\/www.heartfailurematters.org\/sv\/att-forsta-hjartsvikt\/blodprover\/#primaryimage"},"thumbnailUrl":"https:\/\/www.heartfailurematters.org\/wp-content\/uploads\/2022\/02\/shutterstock_1114244621-1-min.jpg","datePublished":"2021-01-27T22:11:39+00:00","dateModified":"2026-02-10T13:33:21+00:00","description":"Blodprover \u00e4r anv\u00e4ndbara vid hj\u00e4rtsviktsdiagnos f\u00f6r att hitta m\u00f6jliga orsaker eller utl\u00f6sande faktorer. H\u00f6ga niv\u00e5er av BNP har t.ex. kopplats till hj\u00e4rtsvikt.","breadcrumb":{"@id":"https:\/\/www.heartfailurematters.org\/sv\/att-forsta-hjartsvikt\/blodprover\/#breadcrumb"},"inLanguage":"sv-SE","potentialAction":[{"@type":"ReadAction","target":["https:\/\/www.heartfailurematters.org\/sv\/att-forsta-hjartsvikt\/blodprover\/"]}]},{"@type":"ImageObject","inLanguage":"sv-SE","@id":"https:\/\/www.heartfailurematters.org\/sv\/att-forsta-hjartsvikt\/blodprover\/#primaryimage","url":"https:\/\/www.heartfailurematters.org\/wp-content\/uploads\/2022\/02\/shutterstock_1114244621-1-min.jpg","contentUrl":"https:\/\/www.heartfailurematters.org\/wp-content\/uploads\/2022\/02\/shutterstock_1114244621-1-min.jpg","width":900,"height":596},{"@type":"BreadcrumbList","@id":"https:\/\/www.heartfailurematters.org\/sv\/att-forsta-hjartsvikt\/blodprover\/#breadcrumb","itemListElement":[{"@type":"ListItem","position":1,"name":"Hem","item":"https:\/\/www.heartfailurematters.org\/sv\/"},{"@type":"ListItem","position":2,"name":"Att f\u00f6rst\u00e5 hj\u00e4rtsvikt","item":"https:\/\/www.heartfailurematters.org\/sv\/att-forsta-hjartsvikt\/"},{"@type":"ListItem","position":3,"name":"Blodprover"}]},{"@type":"WebSite","@id":"https:\/\/www.heartfailurematters.org\/sv\/#website","url":"https:\/\/www.heartfailurematters.org\/sv\/","name":"Heart Failure Matters","description":"Practical information for patients, families and caregivers.","publisher":{"@id":"https:\/\/www.heartfailurematters.org\/sv\/#organization"},"potentialAction":[{"@type":"SearchAction","target":{"@type":"EntryPoint","urlTemplate":"https:\/\/www.heartfailurematters.org\/sv\/?s={search_term_string}"},"query-input":{"@type":"PropertyValueSpecification","valueRequired":true,"valueName":"search_term_string"}}],"inLanguage":"sv-SE"},{"@type":"Organization","@id":"https:\/\/www.heartfailurematters.org\/sv\/#organization","name":"Heart Failure Matters","url":"https:\/\/www.heartfailurematters.org\/sv\/","logo":{"@type":"ImageObject","inLanguage":"sv-SE","@id":"https:\/\/www.heartfailurematters.org\/sv\/#\/schema\/logo\/image\/","url":"https:\/\/cdn-endpoint-hfm.azureedge.net\/heartfailurematters\/2024\/07\/hfm-logo1.jpg","contentUrl":"https:\/\/cdn-endpoint-hfm.azureedge.net\/heartfailurematters\/2024\/07\/hfm-logo1.jpg","width":1280,"height":720,"caption":"Heart Failure Matters"},"image":{"@id":"https:\/\/www.heartfailurematters.org\/sv\/#\/schema\/logo\/image\/"},"sameAs":["https:\/\/www.facebook.com\/heartfailurematters"]}]}},"_links":{"self":[{"href":"https:\/\/www.heartfailurematters.org\/sv\/wp-json\/wp\/v2\/pages\/2438","targetHints":{"allow":["GET"]}}],"collection":[{"href":"https:\/\/www.heartfailurematters.org\/sv\/wp-json\/wp\/v2\/pages"}],"about":[{"href":"https:\/\/www.heartfailurematters.org\/sv\/wp-json\/wp\/v2\/types\/page"}],"author":[{"embeddable":true,"href":"https:\/\/www.heartfailurematters.org\/sv\/wp-json\/wp\/v2\/users\/1"}],"replies":[{"embeddable":true,"href":"https:\/\/www.heartfailurematters.org\/sv\/wp-json\/wp\/v2\/comments?post=2438"}],"version-history":[{"count":2,"href":"https:\/\/www.heartfailurematters.org\/sv\/wp-json\/wp\/v2\/pages\/2438\/revisions"}],"predecessor-version":[{"id":13903,"href":"https:\/\/www.heartfailurematters.org\/sv\/wp-json\/wp\/v2\/pages\/2438\/revisions\/13903"}],"up":[{"embeddable":true,"href":"https:\/\/www.heartfailurematters.org\/sv\/wp-json\/wp\/v2\/pages\/2421"}],"wp:featuredmedia":[{"embeddable":true,"href":"https:\/\/www.heartfailurematters.org\/sv\/wp-json\/wp\/v2\/media\/10632"}],"wp:attachment":[{"href":"https:\/\/www.heartfailurematters.org\/sv\/wp-json\/wp\/v2\/media?parent=2438"}],"wp:term":[{"taxonomy":"category","embeddable":true,"href":"https:\/\/www.heartfailurematters.org\/sv\/wp-json\/wp\/v2\/categories?post=2438"},{"taxonomy":"post_tag","embeddable":true,"href":"https:\/\/www.heartfailurematters.org\/sv\/wp-json\/wp\/v2\/tags?post=2438"}],"curies":[{"name":"wp","href":"https:\/\/api.w.org\/{rel}","templated":true}]}}