{"id":2437,"date":"2021-01-27T22:11:39","date_gmt":"2021-01-27T22:11:39","guid":{"rendered":"http:\/\/heartfailurematters.local:8888\/aldosteronreceptorantagonister-eller-mineralkortikoidreceptorantagonister-mra\/"},"modified":"2026-02-10T13:33:19","modified_gmt":"2026-02-10T13:33:19","slug":"aldosteronreceptorantagonister-eller-mineralkortikoidreceptorantagonister-mra","status":"publish","type":"page","link":"https:\/\/www.heartfailurematters.org\/sv\/vad-din-lakare-eller-sjukskoterska-kan-gora\/aldosteronreceptorantagonister-eller-mineralkortikoidreceptorantagonister-mra\/","title":{"rendered":"Aldosteronreceptorantagonister eller mineralkortikoidreceptorantagonister (MRA)"},"content":{"rendered":"<h2>Vad de g\u00f6r<\/h2>\n<p><a class=\"addtooltip\" title=\"&lt;div id='ToolTipTextWrap'&gt;aldosteronreceptorantagonister&lt;\/div&gt;&lt;p&gt;En klass l\u00e4kemedel som anv\u00e4nds f\u00f6r att s\u00e4nka blodtrycket, minska v\u00e4tskestas och skydda hj\u00e4rtat.&lt;\/p&gt;\"><strong>Aldosteronreceptorantagonister<\/strong><\/a>, \u00e4ven kallade mineralkortikoidreceptorantagonister (MRA), blockerar effekterna av ett <a class=\"addtooltip\" title=\"&lt;div id='ToolTipTextWrap'&gt;hormoner&lt;\/div&gt;&lt;p&gt; \u00c4mnen som sl\u00e4pps ut i blodet fr\u00e5n olika k\u00f6rtlar i kroppen och som reglerar viktiga funktioner.&lt;\/p&gt;\"><strong>hormon<\/strong><\/a> som produceras naturligt i <a class=\"addtooltip\" title=\"&lt;div id='ToolTipTextWrap'&gt;binjurarna&lt;\/div&gt;&lt;p&gt;K\u00f6rtlar som sitter ovanf\u00f6r njurarna och uts\u00f6ndrar hormoner som kontrollerar puls, blodtryck, njurfunktion, kroppens tillgodog\u00f6rande av f\u00f6da och andra vitala funktioner.&lt;\/p&gt;\"><strong>binjurarna<\/strong><\/a>, vilket kan f\u00f6rv\u00e4rra din hj\u00e4rtsvikt. Aldosteron eller mineralkortikoidreceptorantagonister p\u00e5verkar balansen mellan vatten och salt som g\u00e5r in i urinen och \u00e4r svagt <a class=\"addtooltip\" title=\"&lt;div id='ToolTipTextWrap'&gt;diuretika&lt;\/div&gt;&lt;p&gt;En klass l\u00e4kemedel som g\u00f6r att njurarna producerar mer urin, vilket minskar v\u00e4tskeretention och v\u00e4tskestas.&lt;\/p&gt;\"><strong>urindrivande<\/strong><\/a>. De s\u00e4nker blodtrycket, minskar <a class=\"addtooltip\" title=\"&lt;div id='ToolTipTextWrap'&gt;v\u00e4tskestas&lt;\/div&gt;&lt;p&gt; Ett \u00f6verskott av v\u00e4tska i en del av kroppen.&lt;\/p&gt;\"><strong>blodstockning<\/strong><\/a> och skyddar p\u00e5 s\u00e5 s\u00e4tt hj\u00e4rtat.<\/p>\n<p>Aldosteronreceptorantagonister har visat sig vara s\u00e4rskilt effektiva vid l\u00e5ngt framskriden hj\u00e4rtsvikt och tas ofta tillsammans med andra hj\u00e4rtsviktsl\u00e4kemedel.<\/p>\n<h2>Vilka \u00e4r de f\u00f6rv\u00e4ntade f\u00f6rdelarna?<\/h2>\n<p>Aldosteronreceptorantagonister eller MRA har visat sig minska antalet hj\u00e4rtsviktsrelaterade sjukhusvistelser, \u00f6ka livsl\u00e4ngden och f\u00f6rb\u00e4ttra ork och livskvalitet.<\/p>\n<h2>Biverkningar<\/h2>\n<p>Dessa l\u00e4kemedel kan ibland p\u00e5verka njurfunktionen och kan ocks\u00e5 h\u00f6ja<a class=\"addtooltip\" title=\"&lt;div id='ToolTipTextWrap'&gt;kalium&lt;\/div&gt;&lt;p&gt;Ett v\u00e4sentligt mineral\u00e4mne som kroppen beh\u00f6ver f\u00f6r normal cellfunktion. Diuretika kan leda till minskad kaliumhalt.&lt;\/p&gt;\"><strong>kaliumniv\u00e5erna<\/strong><\/a>. Detta \u00e4r speciellt viktigt f\u00f6r patienter som ocks\u00e5 anv\u00e4nder <a class=\"addtooltip\" title=\"&lt;div id='ToolTipTextWrap'&gt;ACE-h\u00e4mmare &lt;\/div&gt;&lt;p&gt; En klass l\u00e4kemedel som h\u00e4mmar produktionen av angiotensin II och s\u00e4nker blodtrycket.&lt;\/p&gt;\"><strong>ACE-h\u00e4mmare<\/strong><\/a> eller <a class=\"addtooltip\" title=\"&lt;div id='ToolTipTextWrap'&gt;angiotensinreceptorblockerare (ARB)&lt;\/div&gt;&lt;p&gt; En klass l\u00e4kemedel som blockerar effekterna av angiotensin II och s\u00e4nker blodtrycket.&lt;\/p&gt;\"><strong>ARB<\/strong><\/a>. Din l\u00e4kare kommer att kontrollera detta genom regelbundna blodprover.<\/p>\n<p>I vissa s\u00e4llsynta fall, kan aldosteronreceptorantagonister orsaka br\u00f6stf\u00f6rstoring eller \u00f6mhet, speciellt hos m\u00e4n. Nyare l\u00e4kemedel har inte denna effekt.<\/p>\n<h2>\u00c4ven k\u00e4nd som:<\/h2>\n<ul>\n<li><strong>Spironolacton<br \/>\n<\/strong>(Spironolakton\u00ae, Spironolactone\u00ae, Aldactone\u00ae)<\/li>\n<li><strong>Eplerenon<br \/>\n<\/strong>(Inspra\u00ae, Eplerenon\u00ae, Eplerenone\u00ae)<\/li>\n<li><strong>Kombinationspreparat<br \/>\n<\/strong>(Aldactide\u00ae, Lasilactone\u00ae)<\/li>\n<li><strong>Finerenon<\/strong><br \/>\n(Kerendia\u00ae, Firialta\u00ae)<\/li>\n<\/ul>\n<p><a href=\"https:\/\/www.heartfailurematters.org\/what-your-doctor-can-do\/heart-failure-medicines\/\">\u00c5terg\u00e5 till Hj\u00e4rtsviktsl\u00e4kemedel<\/a><\/p>\n<p>&nbsp;<\/p>\n<h2\/>\n","protected":false},"excerpt":{"rendered":"<p>Vad de g\u00f6r Aldosteronreceptorantagonister, \u00e4ven kallade mineralkortikoidreceptorantagonister (MRA), blockerar effekterna av ett hormon som produceras naturligt i binjurarna, vilket kan f\u00f6rv\u00e4rra din hj\u00e4rtsvikt. Aldosteron eller mineralkortikoidreceptorantagonister p\u00e5verkar balansen mellan vatten och salt som g\u00e5r in i urinen och \u00e4r svagt urindrivande. De s\u00e4nker blodtrycket, minskar blodstockning och skyddar p\u00e5 s\u00e5 s\u00e4tt hj\u00e4rtat. Aldosteronreceptorantagonister har visat [&hellip;]<\/p>\n","protected":false},"author":1,"featured_media":10874,"parent":2685,"menu_order":0,"comment_status":"open","ping_status":"open","template":"","meta":{"_acf_changed":false,"footnotes":""},"categories":[],"tags":[],"class_list":["post-2437","page","type-page","status-publish","has-post-thumbnail","hentry"],"acf":[],"yoast_head":"<!-- This site is optimized with the Yoast SEO plugin v24.8.1 - https:\/\/yoast.com\/wordpress\/plugins\/seo\/ -->\n<title>Aldosteronreceptorantagonister (MRA)<\/title>\n<meta name=\"description\" content=\"Aldosteronreceptorantagonister \u2013 Uppt\u00e4ck vad de \u00e4r, vad de \u00e5stadkommer och eventuella biverkningar hos personer som lider av hj\u00e4rtsvikt\" \/>\n<meta name=\"robots\" content=\"index, follow, max-snippet:-1, max-image-preview:large, max-video-preview:-1\" \/>\n<link rel=\"canonical\" href=\"https:\/\/www.heartfailurematters.org\/sv\/vad-din-lakare-eller-sjukskoterska-kan-gora\/aldosteronreceptorantagonister-eller-mineralkortikoidreceptorantagonister-mra\/\" \/>\n<meta property=\"og:locale\" content=\"sv_SE\" \/>\n<meta property=\"og:type\" content=\"article\" \/>\n<meta property=\"og:title\" content=\"Aldosteronreceptorantagonister (MRA)\" \/>\n<meta property=\"og:description\" content=\"Aldosteronreceptorantagonister \u2013 Uppt\u00e4ck vad de \u00e4r, vad de \u00e5stadkommer och eventuella biverkningar hos personer som lider av hj\u00e4rtsvikt\" \/>\n<meta property=\"og:url\" content=\"https:\/\/www.heartfailurematters.org\/sv\/vad-din-lakare-eller-sjukskoterska-kan-gora\/aldosteronreceptorantagonister-eller-mineralkortikoidreceptorantagonister-mra\/\" \/>\n<meta property=\"og:site_name\" content=\"Heart Failure Matters\" \/>\n<meta property=\"article:publisher\" content=\"https:\/\/www.facebook.com\/heartfailurematters\" \/>\n<meta property=\"article:modified_time\" content=\"2026-02-10T13:33:19+00:00\" \/>\n<meta property=\"og:image\" content=\"https:\/\/www.heartfailurematters.org\/wp-content\/uploads\/2022\/03\/shutterstock_441673426-1-min.jpg\" \/>\n\t<meta property=\"og:image:width\" content=\"900\" \/>\n\t<meta property=\"og:image:height\" content=\"596\" \/>\n\t<meta property=\"og:image:type\" content=\"image\/jpeg\" \/>\n<meta name=\"twitter:card\" content=\"summary_large_image\" \/>\n<meta name=\"twitter:label1\" content=\"Ber\u00e4knad l\u00e4stid\" \/>\n\t<meta name=\"twitter:data1\" content=\"1 minut\" \/>\n<script type=\"application\/ld+json\" class=\"yoast-schema-graph\">{\"@context\":\"https:\/\/schema.org\",\"@graph\":[{\"@type\":\"WebPage\",\"@id\":\"https:\/\/www.heartfailurematters.org\/sv\/vad-din-lakare-eller-sjukskoterska-kan-gora\/aldosteronreceptorantagonister-eller-mineralkortikoidreceptorantagonister-mra\/\",\"url\":\"https:\/\/www.heartfailurematters.org\/sv\/vad-din-lakare-eller-sjukskoterska-kan-gora\/aldosteronreceptorantagonister-eller-mineralkortikoidreceptorantagonister-mra\/\",\"name\":\"Aldosteronreceptorantagonister (MRA)\",\"isPartOf\":{\"@id\":\"https:\/\/www.heartfailurematters.org\/sv\/#website\"},\"primaryImageOfPage\":{\"@id\":\"https:\/\/www.heartfailurematters.org\/sv\/vad-din-lakare-eller-sjukskoterska-kan-gora\/aldosteronreceptorantagonister-eller-mineralkortikoidreceptorantagonister-mra\/#primaryimage\"},\"image\":{\"@id\":\"https:\/\/www.heartfailurematters.org\/sv\/vad-din-lakare-eller-sjukskoterska-kan-gora\/aldosteronreceptorantagonister-eller-mineralkortikoidreceptorantagonister-mra\/#primaryimage\"},\"thumbnailUrl\":\"https:\/\/www.heartfailurematters.org\/wp-content\/uploads\/2022\/03\/shutterstock_441673426-1-min.jpg\",\"datePublished\":\"2021-01-27T22:11:39+00:00\",\"dateModified\":\"2026-02-10T13:33:19+00:00\",\"description\":\"Aldosteronreceptorantagonister \u2013 Uppt\u00e4ck vad de \u00e4r, vad de \u00e5stadkommer och eventuella biverkningar hos personer som lider av hj\u00e4rtsvikt\",\"breadcrumb\":{\"@id\":\"https:\/\/www.heartfailurematters.org\/sv\/vad-din-lakare-eller-sjukskoterska-kan-gora\/aldosteronreceptorantagonister-eller-mineralkortikoidreceptorantagonister-mra\/#breadcrumb\"},\"inLanguage\":\"sv-SE\",\"potentialAction\":[{\"@type\":\"ReadAction\",\"target\":[\"https:\/\/www.heartfailurematters.org\/sv\/vad-din-lakare-eller-sjukskoterska-kan-gora\/aldosteronreceptorantagonister-eller-mineralkortikoidreceptorantagonister-mra\/\"]}]},{\"@type\":\"ImageObject\",\"inLanguage\":\"sv-SE\",\"@id\":\"https:\/\/www.heartfailurematters.org\/sv\/vad-din-lakare-eller-sjukskoterska-kan-gora\/aldosteronreceptorantagonister-eller-mineralkortikoidreceptorantagonister-mra\/#primaryimage\",\"url\":\"https:\/\/www.heartfailurematters.org\/wp-content\/uploads\/2022\/03\/shutterstock_441673426-1-min.jpg\",\"contentUrl\":\"https:\/\/www.heartfailurematters.org\/wp-content\/uploads\/2022\/03\/shutterstock_441673426-1-min.jpg\",\"width\":900,\"height\":596},{\"@type\":\"BreadcrumbList\",\"@id\":\"https:\/\/www.heartfailurematters.org\/sv\/vad-din-lakare-eller-sjukskoterska-kan-gora\/aldosteronreceptorantagonister-eller-mineralkortikoidreceptorantagonister-mra\/#breadcrumb\",\"itemListElement\":[{\"@type\":\"ListItem\",\"position\":1,\"name\":\"Hem\",\"item\":\"https:\/\/www.heartfailurematters.org\/sv\/\"},{\"@type\":\"ListItem\",\"position\":2,\"name\":\"Vad din l\u00e4kare kan g\u00f6ra\",\"item\":\"https:\/\/www.heartfailurematters.org\/sv\/vad-din-lakare-eller-sjukskoterska-kan-gora\/\"},{\"@type\":\"ListItem\",\"position\":3,\"name\":\"Aldosteronreceptorantagonister eller mineralkortikoidreceptorantagonister (MRA)\"}]},{\"@type\":\"WebSite\",\"@id\":\"https:\/\/www.heartfailurematters.org\/sv\/#website\",\"url\":\"https:\/\/www.heartfailurematters.org\/sv\/\",\"name\":\"Heart Failure Matters\",\"description\":\"Practical information for patients, families and caregivers.\",\"publisher\":{\"@id\":\"https:\/\/www.heartfailurematters.org\/sv\/#organization\"},\"potentialAction\":[{\"@type\":\"SearchAction\",\"target\":{\"@type\":\"EntryPoint\",\"urlTemplate\":\"https:\/\/www.heartfailurematters.org\/sv\/?s={search_term_string}\"},\"query-input\":{\"@type\":\"PropertyValueSpecification\",\"valueRequired\":true,\"valueName\":\"search_term_string\"}}],\"inLanguage\":\"sv-SE\"},{\"@type\":\"Organization\",\"@id\":\"https:\/\/www.heartfailurematters.org\/sv\/#organization\",\"name\":\"Heart Failure Matters\",\"url\":\"https:\/\/www.heartfailurematters.org\/sv\/\",\"logo\":{\"@type\":\"ImageObject\",\"inLanguage\":\"sv-SE\",\"@id\":\"https:\/\/www.heartfailurematters.org\/sv\/#\/schema\/logo\/image\/\",\"url\":\"https:\/\/cdn-endpoint-hfm.azureedge.net\/heartfailurematters\/2024\/07\/hfm-logo1.jpg\",\"contentUrl\":\"https:\/\/cdn-endpoint-hfm.azureedge.net\/heartfailurematters\/2024\/07\/hfm-logo1.jpg\",\"width\":1280,\"height\":720,\"caption\":\"Heart Failure Matters\"},\"image\":{\"@id\":\"https:\/\/www.heartfailurematters.org\/sv\/#\/schema\/logo\/image\/\"},\"sameAs\":[\"https:\/\/www.facebook.com\/heartfailurematters\"]}]}<\/script>\n<!-- \/ Yoast SEO plugin. -->","yoast_head_json":{"title":"Aldosteronreceptorantagonister (MRA)","description":"Aldosteronreceptorantagonister \u2013 Uppt\u00e4ck vad de \u00e4r, vad de \u00e5stadkommer och eventuella biverkningar hos personer som lider av hj\u00e4rtsvikt","robots":{"index":"index","follow":"follow","max-snippet":"max-snippet:-1","max-image-preview":"max-image-preview:large","max-video-preview":"max-video-preview:-1"},"canonical":"https:\/\/www.heartfailurematters.org\/sv\/vad-din-lakare-eller-sjukskoterska-kan-gora\/aldosteronreceptorantagonister-eller-mineralkortikoidreceptorantagonister-mra\/","og_locale":"sv_SE","og_type":"article","og_title":"Aldosteronreceptorantagonister (MRA)","og_description":"Aldosteronreceptorantagonister \u2013 Uppt\u00e4ck vad de \u00e4r, vad de \u00e5stadkommer och eventuella biverkningar hos personer som lider av hj\u00e4rtsvikt","og_url":"https:\/\/www.heartfailurematters.org\/sv\/vad-din-lakare-eller-sjukskoterska-kan-gora\/aldosteronreceptorantagonister-eller-mineralkortikoidreceptorantagonister-mra\/","og_site_name":"Heart Failure Matters","article_publisher":"https:\/\/www.facebook.com\/heartfailurematters","article_modified_time":"2026-02-10T13:33:19+00:00","og_image":[{"width":900,"height":596,"url":"https:\/\/www.heartfailurematters.org\/wp-content\/uploads\/2022\/03\/shutterstock_441673426-1-min.jpg","type":"image\/jpeg"}],"twitter_card":"summary_large_image","twitter_misc":{"Ber\u00e4knad l\u00e4stid":"1 minut"},"schema":{"@context":"https:\/\/schema.org","@graph":[{"@type":"WebPage","@id":"https:\/\/www.heartfailurematters.org\/sv\/vad-din-lakare-eller-sjukskoterska-kan-gora\/aldosteronreceptorantagonister-eller-mineralkortikoidreceptorantagonister-mra\/","url":"https:\/\/www.heartfailurematters.org\/sv\/vad-din-lakare-eller-sjukskoterska-kan-gora\/aldosteronreceptorantagonister-eller-mineralkortikoidreceptorantagonister-mra\/","name":"Aldosteronreceptorantagonister (MRA)","isPartOf":{"@id":"https:\/\/www.heartfailurematters.org\/sv\/#website"},"primaryImageOfPage":{"@id":"https:\/\/www.heartfailurematters.org\/sv\/vad-din-lakare-eller-sjukskoterska-kan-gora\/aldosteronreceptorantagonister-eller-mineralkortikoidreceptorantagonister-mra\/#primaryimage"},"image":{"@id":"https:\/\/www.heartfailurematters.org\/sv\/vad-din-lakare-eller-sjukskoterska-kan-gora\/aldosteronreceptorantagonister-eller-mineralkortikoidreceptorantagonister-mra\/#primaryimage"},"thumbnailUrl":"https:\/\/www.heartfailurematters.org\/wp-content\/uploads\/2022\/03\/shutterstock_441673426-1-min.jpg","datePublished":"2021-01-27T22:11:39+00:00","dateModified":"2026-02-10T13:33:19+00:00","description":"Aldosteronreceptorantagonister \u2013 Uppt\u00e4ck vad de \u00e4r, vad de \u00e5stadkommer och eventuella biverkningar hos personer som lider av hj\u00e4rtsvikt","breadcrumb":{"@id":"https:\/\/www.heartfailurematters.org\/sv\/vad-din-lakare-eller-sjukskoterska-kan-gora\/aldosteronreceptorantagonister-eller-mineralkortikoidreceptorantagonister-mra\/#breadcrumb"},"inLanguage":"sv-SE","potentialAction":[{"@type":"ReadAction","target":["https:\/\/www.heartfailurematters.org\/sv\/vad-din-lakare-eller-sjukskoterska-kan-gora\/aldosteronreceptorantagonister-eller-mineralkortikoidreceptorantagonister-mra\/"]}]},{"@type":"ImageObject","inLanguage":"sv-SE","@id":"https:\/\/www.heartfailurematters.org\/sv\/vad-din-lakare-eller-sjukskoterska-kan-gora\/aldosteronreceptorantagonister-eller-mineralkortikoidreceptorantagonister-mra\/#primaryimage","url":"https:\/\/www.heartfailurematters.org\/wp-content\/uploads\/2022\/03\/shutterstock_441673426-1-min.jpg","contentUrl":"https:\/\/www.heartfailurematters.org\/wp-content\/uploads\/2022\/03\/shutterstock_441673426-1-min.jpg","width":900,"height":596},{"@type":"BreadcrumbList","@id":"https:\/\/www.heartfailurematters.org\/sv\/vad-din-lakare-eller-sjukskoterska-kan-gora\/aldosteronreceptorantagonister-eller-mineralkortikoidreceptorantagonister-mra\/#breadcrumb","itemListElement":[{"@type":"ListItem","position":1,"name":"Hem","item":"https:\/\/www.heartfailurematters.org\/sv\/"},{"@type":"ListItem","position":2,"name":"Vad din l\u00e4kare kan g\u00f6ra","item":"https:\/\/www.heartfailurematters.org\/sv\/vad-din-lakare-eller-sjukskoterska-kan-gora\/"},{"@type":"ListItem","position":3,"name":"Aldosteronreceptorantagonister eller mineralkortikoidreceptorantagonister (MRA)"}]},{"@type":"WebSite","@id":"https:\/\/www.heartfailurematters.org\/sv\/#website","url":"https:\/\/www.heartfailurematters.org\/sv\/","name":"Heart Failure Matters","description":"Practical information for patients, families and caregivers.","publisher":{"@id":"https:\/\/www.heartfailurematters.org\/sv\/#organization"},"potentialAction":[{"@type":"SearchAction","target":{"@type":"EntryPoint","urlTemplate":"https:\/\/www.heartfailurematters.org\/sv\/?s={search_term_string}"},"query-input":{"@type":"PropertyValueSpecification","valueRequired":true,"valueName":"search_term_string"}}],"inLanguage":"sv-SE"},{"@type":"Organization","@id":"https:\/\/www.heartfailurematters.org\/sv\/#organization","name":"Heart Failure Matters","url":"https:\/\/www.heartfailurematters.org\/sv\/","logo":{"@type":"ImageObject","inLanguage":"sv-SE","@id":"https:\/\/www.heartfailurematters.org\/sv\/#\/schema\/logo\/image\/","url":"https:\/\/cdn-endpoint-hfm.azureedge.net\/heartfailurematters\/2024\/07\/hfm-logo1.jpg","contentUrl":"https:\/\/cdn-endpoint-hfm.azureedge.net\/heartfailurematters\/2024\/07\/hfm-logo1.jpg","width":1280,"height":720,"caption":"Heart Failure Matters"},"image":{"@id":"https:\/\/www.heartfailurematters.org\/sv\/#\/schema\/logo\/image\/"},"sameAs":["https:\/\/www.facebook.com\/heartfailurematters"]}]}},"_links":{"self":[{"href":"https:\/\/www.heartfailurematters.org\/sv\/wp-json\/wp\/v2\/pages\/2437","targetHints":{"allow":["GET"]}}],"collection":[{"href":"https:\/\/www.heartfailurematters.org\/sv\/wp-json\/wp\/v2\/pages"}],"about":[{"href":"https:\/\/www.heartfailurematters.org\/sv\/wp-json\/wp\/v2\/types\/page"}],"author":[{"embeddable":true,"href":"https:\/\/www.heartfailurematters.org\/sv\/wp-json\/wp\/v2\/users\/1"}],"replies":[{"embeddable":true,"href":"https:\/\/www.heartfailurematters.org\/sv\/wp-json\/wp\/v2\/comments?post=2437"}],"version-history":[{"count":2,"href":"https:\/\/www.heartfailurematters.org\/sv\/wp-json\/wp\/v2\/pages\/2437\/revisions"}],"predecessor-version":[{"id":13973,"href":"https:\/\/www.heartfailurematters.org\/sv\/wp-json\/wp\/v2\/pages\/2437\/revisions\/13973"}],"up":[{"embeddable":true,"href":"https:\/\/www.heartfailurematters.org\/sv\/wp-json\/wp\/v2\/pages\/2685"}],"wp:featuredmedia":[{"embeddable":true,"href":"https:\/\/www.heartfailurematters.org\/sv\/wp-json\/wp\/v2\/media\/10874"}],"wp:attachment":[{"href":"https:\/\/www.heartfailurematters.org\/sv\/wp-json\/wp\/v2\/media?parent=2437"}],"wp:term":[{"taxonomy":"category","embeddable":true,"href":"https:\/\/www.heartfailurematters.org\/sv\/wp-json\/wp\/v2\/categories?post=2437"},{"taxonomy":"post_tag","embeddable":true,"href":"https:\/\/www.heartfailurematters.org\/sv\/wp-json\/wp\/v2\/tags?post=2437"}],"curies":[{"name":"wp","href":"https:\/\/api.w.org\/{rel}","templated":true}]}}