{"id":2435,"date":"2021-01-27T22:11:39","date_gmt":"2021-01-27T22:11:39","guid":{"rendered":"http:\/\/heartfailurematters.local:8888\/diskussioner-med-din-familj-och-eller-vardare\/"},"modified":"2021-01-27T22:11:39","modified_gmt":"2021-01-27T22:11:39","slug":"diskussioner-med-din-familj-och-eller-vardare","status":"publish","type":"page","link":"https:\/\/www.heartfailurematters.org\/sv\/att-leva-med-hjartsvikt\/diskussioner-med-din-familj-och-eller-vardare\/","title":{"rendered":"Diskussioner med din familj och\/eller v\u00e5rdare"},"content":{"rendered":"<p>\u00c4ven om det kan vara sv\u00e5rt att prata om d\u00f6d och d\u00f6ende med familj och v\u00e4nner kommer alla antagligen att k\u00e4nna sig b\u00e4ttre till mods om de k\u00e4nner till dina \u00f6nskem\u00e5l.<\/p>\n<p>Eftersom familj och v\u00e4nner kan vara r\u00e4dda f\u00f6r att prata om detta \u00e4mne, kan du beh\u00f6va ta upp \u00e4mnet f\u00f6rst. Nedan f\u00f6ljer n\u00e5gra f\u00f6rslag om hur man startar ett samtal om detta ofta k\u00e4nsliga \u00e4mne:<\/p>\n<ul>\n<li>Jag skulle vilja tala om den hj\u00e4lp vi beh\u00f6ver om min hj\u00e4rtsvikt blir v\u00e4rre.<\/li>\n<li>L\u00e5t oss prata om vad vi kan g\u00f6ra f\u00f6r att g\u00f6ra mitt liv l\u00e4ttare, om min hj\u00e4rtsvikt f\u00f6rv\u00e4rras.<\/li>\n<li>Vi b\u00f6r titta p\u00e5 vilken typ av st\u00f6d som finns att f\u00e5 n\u00e4r jag inte l\u00e4ngre kan ta hand om mig sj\u00e4lv.<\/li>\n<li>Jag skulle vilja tala om vad ni b\u00f6r g\u00f6ra i h\u00e4ndelse av en n\u00f6dsituation p\u00e5 grund av min hj\u00e4rtsvikt.<\/li>\n<\/ul>\n<p><a href=\"\/sv\/att-leva-med-hjartsvikt\/planera-infor-livets-slutskede\/\"\" title=\"\u00c5terg\u00e5 till &quot;Planera f\u00f6r livets slutskede&quot;\">\u00c5terg\u00e5 till &#8221;Planera f\u00f6r livets slutskede&#8221;<\/a><\/p>\n","protected":false},"excerpt":{"rendered":"<p>\u00c4ven om det kan vara sv\u00e5rt att prata om d\u00f6d och d\u00f6ende med familj och v\u00e4nner kommer alla antagligen att k\u00e4nna sig b\u00e4ttre till mods om de k\u00e4nner till dina \u00f6nskem\u00e5l. Eftersom familj och v\u00e4nner kan vara r\u00e4dda f\u00f6r att prata om detta \u00e4mne, kan du beh\u00f6va ta upp \u00e4mnet f\u00f6rst. Nedan f\u00f6ljer n\u00e5gra f\u00f6rslag [&hellip;]<\/p>\n","protected":false},"author":1,"featured_media":11149,"parent":2818,"menu_order":0,"comment_status":"open","ping_status":"open","template":"","meta":{"_acf_changed":false,"footnotes":""},"categories":[],"tags":[],"class_list":["post-2435","page","type-page","status-publish","has-post-thumbnail","hentry"],"acf":[],"yoast_head":"<!-- This site is optimized with the Yoast SEO plugin v24.8.1 - https:\/\/yoast.com\/wordpress\/plugins\/seo\/ -->\n<title>Diskussioner med din familj och\/eller v\u00e5rdare<\/title>\n<meta name=\"description\" content=\"\u00c4ven om det kan vara sv\u00e5rt att prata om d\u00f6d och d\u00f6ende med familj och v\u00e4nner kommer alla antagligen att k\u00e4nna sig b\u00e4ttre till mods om de k\u00e4nner till dina \u00f6nskem\u00e5l.\" \/>\n<meta name=\"robots\" content=\"index, follow, max-snippet:-1, max-image-preview:large, max-video-preview:-1\" \/>\n<link rel=\"canonical\" href=\"https:\/\/www.heartfailurematters.org\/sv\/att-leva-med-hjartsvikt\/diskussioner-med-din-familj-och-eller-vardare\/\" \/>\n<meta property=\"og:locale\" content=\"sv_SE\" \/>\n<meta property=\"og:type\" content=\"article\" \/>\n<meta property=\"og:title\" content=\"Diskussioner med din familj och\/eller v\u00e5rdare\" \/>\n<meta property=\"og:description\" content=\"\u00c4ven om det kan vara sv\u00e5rt att prata om d\u00f6d och d\u00f6ende med familj och v\u00e4nner kommer alla antagligen att k\u00e4nna sig b\u00e4ttre till mods om de k\u00e4nner till dina \u00f6nskem\u00e5l.\" \/>\n<meta property=\"og:url\" content=\"https:\/\/www.heartfailurematters.org\/sv\/att-leva-med-hjartsvikt\/diskussioner-med-din-familj-och-eller-vardare\/\" \/>\n<meta property=\"og:site_name\" content=\"Heart Failure Matters\" \/>\n<meta property=\"article:publisher\" content=\"https:\/\/www.facebook.com\/heartfailurematters\" \/>\n<meta property=\"og:image\" content=\"https:\/\/www.heartfailurematters.org\/wp-content\/uploads\/2022\/03\/shutterstock_326634329-1-min.jpg\" \/>\n\t<meta property=\"og:image:width\" content=\"900\" \/>\n\t<meta property=\"og:image:height\" content=\"600\" \/>\n\t<meta property=\"og:image:type\" content=\"image\/jpeg\" \/>\n<meta name=\"twitter:card\" content=\"summary_large_image\" \/>\n<meta name=\"twitter:label1\" content=\"Ber\u00e4knad l\u00e4stid\" \/>\n\t<meta name=\"twitter:data1\" content=\"1 minut\" \/>\n<script type=\"application\/ld+json\" class=\"yoast-schema-graph\">{\"@context\":\"https:\/\/schema.org\",\"@graph\":[{\"@type\":\"WebPage\",\"@id\":\"https:\/\/www.heartfailurematters.org\/sv\/att-leva-med-hjartsvikt\/diskussioner-med-din-familj-och-eller-vardare\/\",\"url\":\"https:\/\/www.heartfailurematters.org\/sv\/att-leva-med-hjartsvikt\/diskussioner-med-din-familj-och-eller-vardare\/\",\"name\":\"Diskussioner med din familj och\/eller v\u00e5rdare\",\"isPartOf\":{\"@id\":\"https:\/\/www.heartfailurematters.org\/sv\/#website\"},\"primaryImageOfPage\":{\"@id\":\"https:\/\/www.heartfailurematters.org\/sv\/att-leva-med-hjartsvikt\/diskussioner-med-din-familj-och-eller-vardare\/#primaryimage\"},\"image\":{\"@id\":\"https:\/\/www.heartfailurematters.org\/sv\/att-leva-med-hjartsvikt\/diskussioner-med-din-familj-och-eller-vardare\/#primaryimage\"},\"thumbnailUrl\":\"https:\/\/www.heartfailurematters.org\/wp-content\/uploads\/2022\/03\/shutterstock_326634329-1-min.jpg\",\"datePublished\":\"2021-01-27T22:11:39+00:00\",\"description\":\"\u00c4ven om det kan vara sv\u00e5rt att prata om d\u00f6d och d\u00f6ende med familj och v\u00e4nner kommer alla antagligen att k\u00e4nna sig b\u00e4ttre till mods om de k\u00e4nner till dina \u00f6nskem\u00e5l.\",\"breadcrumb\":{\"@id\":\"https:\/\/www.heartfailurematters.org\/sv\/att-leva-med-hjartsvikt\/diskussioner-med-din-familj-och-eller-vardare\/#breadcrumb\"},\"inLanguage\":\"sv-SE\",\"potentialAction\":[{\"@type\":\"ReadAction\",\"target\":[\"https:\/\/www.heartfailurematters.org\/sv\/att-leva-med-hjartsvikt\/diskussioner-med-din-familj-och-eller-vardare\/\"]}]},{\"@type\":\"ImageObject\",\"inLanguage\":\"sv-SE\",\"@id\":\"https:\/\/www.heartfailurematters.org\/sv\/att-leva-med-hjartsvikt\/diskussioner-med-din-familj-och-eller-vardare\/#primaryimage\",\"url\":\"https:\/\/www.heartfailurematters.org\/wp-content\/uploads\/2022\/03\/shutterstock_326634329-1-min.jpg\",\"contentUrl\":\"https:\/\/www.heartfailurematters.org\/wp-content\/uploads\/2022\/03\/shutterstock_326634329-1-min.jpg\",\"width\":900,\"height\":600},{\"@type\":\"BreadcrumbList\",\"@id\":\"https:\/\/www.heartfailurematters.org\/sv\/att-leva-med-hjartsvikt\/diskussioner-med-din-familj-och-eller-vardare\/#breadcrumb\",\"itemListElement\":[{\"@type\":\"ListItem\",\"position\":1,\"name\":\"Hem\",\"item\":\"https:\/\/www.heartfailurematters.org\/sv\/\"},{\"@type\":\"ListItem\",\"position\":2,\"name\":\"Att leva med hj\u00e4rtsvikt\",\"item\":\"https:\/\/www.heartfailurematters.org\/sv\/att-leva-med-hjartsvikt\/\"},{\"@type\":\"ListItem\",\"position\":3,\"name\":\"Diskussioner med din familj och\/eller v\u00e5rdare\"}]},{\"@type\":\"WebSite\",\"@id\":\"https:\/\/www.heartfailurematters.org\/sv\/#website\",\"url\":\"https:\/\/www.heartfailurematters.org\/sv\/\",\"name\":\"Heart Failure Matters\",\"description\":\"Practical information for patients, families and caregivers.\",\"publisher\":{\"@id\":\"https:\/\/www.heartfailurematters.org\/sv\/#organization\"},\"potentialAction\":[{\"@type\":\"SearchAction\",\"target\":{\"@type\":\"EntryPoint\",\"urlTemplate\":\"https:\/\/www.heartfailurematters.org\/sv\/?s={search_term_string}\"},\"query-input\":{\"@type\":\"PropertyValueSpecification\",\"valueRequired\":true,\"valueName\":\"search_term_string\"}}],\"inLanguage\":\"sv-SE\"},{\"@type\":\"Organization\",\"@id\":\"https:\/\/www.heartfailurematters.org\/sv\/#organization\",\"name\":\"Heart Failure Matters\",\"url\":\"https:\/\/www.heartfailurematters.org\/sv\/\",\"logo\":{\"@type\":\"ImageObject\",\"inLanguage\":\"sv-SE\",\"@id\":\"https:\/\/www.heartfailurematters.org\/sv\/#\/schema\/logo\/image\/\",\"url\":\"https:\/\/cdn-endpoint-hfm.azureedge.net\/heartfailurematters\/2024\/07\/hfm-logo1.jpg\",\"contentUrl\":\"https:\/\/cdn-endpoint-hfm.azureedge.net\/heartfailurematters\/2024\/07\/hfm-logo1.jpg\",\"width\":1280,\"height\":720,\"caption\":\"Heart Failure Matters\"},\"image\":{\"@id\":\"https:\/\/www.heartfailurematters.org\/sv\/#\/schema\/logo\/image\/\"},\"sameAs\":[\"https:\/\/www.facebook.com\/heartfailurematters\"]}]}<\/script>\n<!-- \/ Yoast SEO plugin. -->","yoast_head_json":{"title":"Diskussioner med din familj och\/eller v\u00e5rdare","description":"\u00c4ven om det kan vara sv\u00e5rt att prata om d\u00f6d och d\u00f6ende med familj och v\u00e4nner kommer alla antagligen att k\u00e4nna sig b\u00e4ttre till mods om de k\u00e4nner till dina \u00f6nskem\u00e5l.","robots":{"index":"index","follow":"follow","max-snippet":"max-snippet:-1","max-image-preview":"max-image-preview:large","max-video-preview":"max-video-preview:-1"},"canonical":"https:\/\/www.heartfailurematters.org\/sv\/att-leva-med-hjartsvikt\/diskussioner-med-din-familj-och-eller-vardare\/","og_locale":"sv_SE","og_type":"article","og_title":"Diskussioner med din familj och\/eller v\u00e5rdare","og_description":"\u00c4ven om det kan vara sv\u00e5rt att prata om d\u00f6d och d\u00f6ende med familj och v\u00e4nner kommer alla antagligen att k\u00e4nna sig b\u00e4ttre till mods om de k\u00e4nner till dina \u00f6nskem\u00e5l.","og_url":"https:\/\/www.heartfailurematters.org\/sv\/att-leva-med-hjartsvikt\/diskussioner-med-din-familj-och-eller-vardare\/","og_site_name":"Heart Failure Matters","article_publisher":"https:\/\/www.facebook.com\/heartfailurematters","og_image":[{"width":900,"height":600,"url":"https:\/\/www.heartfailurematters.org\/wp-content\/uploads\/2022\/03\/shutterstock_326634329-1-min.jpg","type":"image\/jpeg"}],"twitter_card":"summary_large_image","twitter_misc":{"Ber\u00e4knad l\u00e4stid":"1 minut"},"schema":{"@context":"https:\/\/schema.org","@graph":[{"@type":"WebPage","@id":"https:\/\/www.heartfailurematters.org\/sv\/att-leva-med-hjartsvikt\/diskussioner-med-din-familj-och-eller-vardare\/","url":"https:\/\/www.heartfailurematters.org\/sv\/att-leva-med-hjartsvikt\/diskussioner-med-din-familj-och-eller-vardare\/","name":"Diskussioner med din familj och\/eller v\u00e5rdare","isPartOf":{"@id":"https:\/\/www.heartfailurematters.org\/sv\/#website"},"primaryImageOfPage":{"@id":"https:\/\/www.heartfailurematters.org\/sv\/att-leva-med-hjartsvikt\/diskussioner-med-din-familj-och-eller-vardare\/#primaryimage"},"image":{"@id":"https:\/\/www.heartfailurematters.org\/sv\/att-leva-med-hjartsvikt\/diskussioner-med-din-familj-och-eller-vardare\/#primaryimage"},"thumbnailUrl":"https:\/\/www.heartfailurematters.org\/wp-content\/uploads\/2022\/03\/shutterstock_326634329-1-min.jpg","datePublished":"2021-01-27T22:11:39+00:00","description":"\u00c4ven om det kan vara sv\u00e5rt att prata om d\u00f6d och d\u00f6ende med familj och v\u00e4nner kommer alla antagligen att k\u00e4nna sig b\u00e4ttre till mods om de k\u00e4nner till dina \u00f6nskem\u00e5l.","breadcrumb":{"@id":"https:\/\/www.heartfailurematters.org\/sv\/att-leva-med-hjartsvikt\/diskussioner-med-din-familj-och-eller-vardare\/#breadcrumb"},"inLanguage":"sv-SE","potentialAction":[{"@type":"ReadAction","target":["https:\/\/www.heartfailurematters.org\/sv\/att-leva-med-hjartsvikt\/diskussioner-med-din-familj-och-eller-vardare\/"]}]},{"@type":"ImageObject","inLanguage":"sv-SE","@id":"https:\/\/www.heartfailurematters.org\/sv\/att-leva-med-hjartsvikt\/diskussioner-med-din-familj-och-eller-vardare\/#primaryimage","url":"https:\/\/www.heartfailurematters.org\/wp-content\/uploads\/2022\/03\/shutterstock_326634329-1-min.jpg","contentUrl":"https:\/\/www.heartfailurematters.org\/wp-content\/uploads\/2022\/03\/shutterstock_326634329-1-min.jpg","width":900,"height":600},{"@type":"BreadcrumbList","@id":"https:\/\/www.heartfailurematters.org\/sv\/att-leva-med-hjartsvikt\/diskussioner-med-din-familj-och-eller-vardare\/#breadcrumb","itemListElement":[{"@type":"ListItem","position":1,"name":"Hem","item":"https:\/\/www.heartfailurematters.org\/sv\/"},{"@type":"ListItem","position":2,"name":"Att leva med hj\u00e4rtsvikt","item":"https:\/\/www.heartfailurematters.org\/sv\/att-leva-med-hjartsvikt\/"},{"@type":"ListItem","position":3,"name":"Diskussioner med din familj och\/eller v\u00e5rdare"}]},{"@type":"WebSite","@id":"https:\/\/www.heartfailurematters.org\/sv\/#website","url":"https:\/\/www.heartfailurematters.org\/sv\/","name":"Heart Failure Matters","description":"Practical information for patients, families and caregivers.","publisher":{"@id":"https:\/\/www.heartfailurematters.org\/sv\/#organization"},"potentialAction":[{"@type":"SearchAction","target":{"@type":"EntryPoint","urlTemplate":"https:\/\/www.heartfailurematters.org\/sv\/?s={search_term_string}"},"query-input":{"@type":"PropertyValueSpecification","valueRequired":true,"valueName":"search_term_string"}}],"inLanguage":"sv-SE"},{"@type":"Organization","@id":"https:\/\/www.heartfailurematters.org\/sv\/#organization","name":"Heart Failure Matters","url":"https:\/\/www.heartfailurematters.org\/sv\/","logo":{"@type":"ImageObject","inLanguage":"sv-SE","@id":"https:\/\/www.heartfailurematters.org\/sv\/#\/schema\/logo\/image\/","url":"https:\/\/cdn-endpoint-hfm.azureedge.net\/heartfailurematters\/2024\/07\/hfm-logo1.jpg","contentUrl":"https:\/\/cdn-endpoint-hfm.azureedge.net\/heartfailurematters\/2024\/07\/hfm-logo1.jpg","width":1280,"height":720,"caption":"Heart Failure Matters"},"image":{"@id":"https:\/\/www.heartfailurematters.org\/sv\/#\/schema\/logo\/image\/"},"sameAs":["https:\/\/www.facebook.com\/heartfailurematters"]}]}},"_links":{"self":[{"href":"https:\/\/www.heartfailurematters.org\/sv\/wp-json\/wp\/v2\/pages\/2435","targetHints":{"allow":["GET"]}}],"collection":[{"href":"https:\/\/www.heartfailurematters.org\/sv\/wp-json\/wp\/v2\/pages"}],"about":[{"href":"https:\/\/www.heartfailurematters.org\/sv\/wp-json\/wp\/v2\/types\/page"}],"author":[{"embeddable":true,"href":"https:\/\/www.heartfailurematters.org\/sv\/wp-json\/wp\/v2\/users\/1"}],"replies":[{"embeddable":true,"href":"https:\/\/www.heartfailurematters.org\/sv\/wp-json\/wp\/v2\/comments?post=2435"}],"version-history":[{"count":0,"href":"https:\/\/www.heartfailurematters.org\/sv\/wp-json\/wp\/v2\/pages\/2435\/revisions"}],"up":[{"embeddable":true,"href":"https:\/\/www.heartfailurematters.org\/sv\/wp-json\/wp\/v2\/pages\/2818"}],"wp:featuredmedia":[{"embeddable":true,"href":"https:\/\/www.heartfailurematters.org\/sv\/wp-json\/wp\/v2\/media\/11149"}],"wp:attachment":[{"href":"https:\/\/www.heartfailurematters.org\/sv\/wp-json\/wp\/v2\/media?parent=2435"}],"wp:term":[{"taxonomy":"category","embeddable":true,"href":"https:\/\/www.heartfailurematters.org\/sv\/wp-json\/wp\/v2\/categories?post=2435"},{"taxonomy":"post_tag","embeddable":true,"href":"https:\/\/www.heartfailurematters.org\/sv\/wp-json\/wp\/v2\/tags?post=2435"}],"curies":[{"name":"wp","href":"https:\/\/api.w.org\/{rel}","templated":true}]}}