{"id":2424,"date":"2021-01-27T22:11:33","date_gmt":"2021-01-27T22:11:33","guid":{"rendered":"http:\/\/heartfailurematters.local:8888\/bypassoperation-i-hjartats-kranskarl\/"},"modified":"2021-01-27T22:11:33","modified_gmt":"2021-01-27T22:11:33","slug":"bypassoperation-i-hjartats-kranskarl","status":"publish","type":"page","link":"https:\/\/www.heartfailurematters.org\/sv\/vad-din-lakare-eller-sjukskoterska-kan-gora\/bypassoperation-i-hjartats-kranskarl\/","title":{"rendered":"Bypassoperation i hj\u00e4rtats kransk\u00e4rl"},"content":{"rendered":"<h2>Varf&ouml;r g&ouml;r man en s&aring;dan?<\/h2>\n<p>Om ett av dina <a title=\"&lt;div id='ToolTipTextWrap'&gt;Kransk&auml;rl&lt;\/div&gt;&lt;p&gt;Blodk&auml;rl som f&ouml;rser hj&auml;rtmuskeln med blod.&lt;\/p&gt;\" class=\"addtooltip\" href=\"#\"><strong>kransk&auml;rl<\/strong><\/a> som f&ouml;rser hj&auml;rtmuskeln med blod &auml;r blockerat av (<a title=\"&lt;div id='ToolTipTextWrap'&gt;Plack&lt;\/div&gt;&lt;p&gt;Ansamling av kolesterol, fettf&ouml;reningar, kalcium och blodpropps&auml;mnen i v&auml;ggen i en art&auml;r.&lt;\/p&gt;\" class=\"addtooltip\" href=\"#\"><strong>ett kolesterolplack<\/strong><\/a>), kan blodet inte fl&ouml;da som det ska och det kan leda till <a title=\"&lt;div id='ToolTipTextWrap'&gt;Angina (k&auml;rlkramp)&lt;\/div&gt;&lt;p&gt;Sm&auml;rta eller obehagsk&auml;nslor i br&ouml;stet p&aring; grund av minskad blodtillf&ouml;rsel till en del av hj&auml;rtmuskeln. Det orsakas oftast av kransk&auml;rlssjukdomar.&lt;\/p&gt;\" class=\"addtooltip\" href=\"#\"><strong>angina (k&auml;rlkramp)<\/strong><\/a> eller en <a title=\"&lt;div id='ToolTipTextWrap'&gt;Hj&auml;rtinfarkt&lt;\/div&gt;&lt;p&gt;Skador som uppst&aring;r i hj&auml;rtmuskeln n&auml;r ett kransk&auml;rl blir blockerat och blodfl&ouml;det till en del av muskeln kraftigt reduceras eller stoppas.&lt;\/p&gt;\" class=\"addtooltip\" href=\"#\"><strong>hj&auml;rtinfarkt<\/strong><\/a>. Om det intr&auml;ffar kan det leda till utvecklandet av hj&auml;rtsvikt. En <a title=\"&lt;div id='ToolTipTextWrap'&gt;Bypassoperation i hj&auml;rtats kransk&auml;rl&lt;\/div&gt;&lt;p&gt;Ett kirurgiskt ingrepp f&ouml;r att omdirigera blodfl&ouml;det runt en f&ouml;rtr&auml;ngning i en kransart&auml;r. Ett blodk&auml;rl tas fr&aring;n benet eller br&ouml;stv&auml;ggen och ympas p&aring; den sjuka art&auml;ren ovanf&ouml;r och under f&ouml;rtr&auml;ngningen.&lt;\/p&gt;\" class=\"addtooltip\" href=\"#\"><strong>bypassoperation i hj&auml;rtats kransk&auml;rl<\/strong><\/a> omdirigeringar blodtillf&ouml;rseln runt den blockerade delen av art&auml;ren, s&aring; att hj&auml;rtat kan fungera normalt igen.<\/p>\n<h2>Vad inneb&auml;r det?<\/h2>\n<p>Under operationen kommer du att vara ansluten till en hj&auml;rt-lungmaskin som f&ouml;rser hj&auml;rnan och kroppen med blod, medan kirurger avl&auml;gsnar friska blodk&auml;rl fr&aring;n en annan del av kroppen, s&aring;som ben eller br&ouml;stkorgen, och kirurgiskt f&auml;ster dessa transplantat i det f&ouml;rtr&auml;ngda k&auml;rlet\/k&auml;rlen s&aring; att blodet avleds runt den f&ouml;rtr&auml;ngda delen.<\/p>\n<p>Ingreppet tar vanligtvis cirka tre timmar, men det kan ocks&aring; ta l&auml;ngre tid beroende p&aring; hur m&aring;nga transplantat som beh&ouml;ver g&ouml;ras.<\/p>\n<h2>Fr&aring;gor att st&auml;lla till din l&auml;kare:<\/h2>\n<ul>\n<li>Vad finns det f&ouml;r risker med den h&auml;r operationen?<\/li>\n<li>Kommer jag att beh&ouml;va g&ouml;ra en <a title=\"&lt;div id='ToolTipTextWrap'&gt;Angiografi&lt;\/div&gt;&lt;p&gt;Ett test som g&ouml;rs genom att injicera ett kontrastmedel som syns p&aring; r&ouml;ntgenbilder, s&aring; att f&ouml;rtr&auml;ngningar i kransk&auml;rlen kan uppt&auml;ckas.&lt;\/p&gt;\" class=\"addtooltip\" href=\"#\"><strong>kransk&auml;rlsr&ouml;ntgen<\/strong><\/a> f&ouml;re operationen?<\/li>\n<li>B&ouml;r jag f&ouml;lja n&aring;gon speciell diet efter min bypassoperation i hj&auml;rtats kransk&auml;rl?<\/li>\n<li>Hur l&aring;ng tid tar det att &aring;terh&auml;mta sig?<\/li>\n<li>Vilken typ av &auml;rr kommer att bli kvar?<\/li>\n<li>Vilken niv&aring; av fysisk aktivitet ska jag l&auml;gga mig p&aring; efter operationen?<\/li>\n<li>Vilka l&auml;kemedel m&aring;ste jag ta efter operationen?<\/li>\n<\/ul>\n<p><a href=\"https:\/\/www.heartfailurematters.org\/sv\/vad-din-lakare-eller-sjukskoterska-kan-gora\/kirurgi\/\">&Aring;terg&aring; till &#8221;Kirurgi&#8221;<\/a><\/p>\n","protected":false},"excerpt":{"rendered":"<p>Varf&ouml;r g&ouml;r man en s&aring;dan? Om ett av dina kransk&auml;rl som f&ouml;rser hj&auml;rtmuskeln med blod &auml;r blockerat av (ett kolesterolplack), kan blodet inte fl&ouml;da som det ska och det kan leda till angina (k&auml;rlkramp) eller en hj&auml;rtinfarkt. Om det intr&auml;ffar kan det leda till utvecklandet av hj&auml;rtsvikt. En bypassoperation i hj&auml;rtats kransk&auml;rl omdirigeringar blodtillf&ouml;rseln runt [&hellip;]<\/p>\n","protected":false},"author":1,"featured_media":10939,"parent":2685,"menu_order":0,"comment_status":"open","ping_status":"open","template":"","meta":{"_acf_changed":false,"footnotes":""},"categories":[],"tags":[],"class_list":["post-2424","page","type-page","status-publish","has-post-thumbnail","hentry"],"acf":[],"yoast_head":"<!-- This site is optimized with the Yoast SEO plugin v24.8.1 - https:\/\/yoast.com\/wordpress\/plugins\/seo\/ -->\n<title>Bypassoperation i hj\u00e4rtats kransk\u00e4rl<\/title>\n<meta name=\"description\" content=\"En bypassoperation i hj\u00e4rtats kransk\u00e4rl omdirigerar blodtillf\u00f6rseln runt den blockerade delen av art\u00e4ren, s\u00e5 att hj\u00e4rtat kan fungera normalt.\" \/>\n<meta name=\"robots\" content=\"index, follow, max-snippet:-1, max-image-preview:large, max-video-preview:-1\" \/>\n<link rel=\"canonical\" href=\"https:\/\/www.heartfailurematters.org\/sv\/vad-din-lakare-eller-sjukskoterska-kan-gora\/bypassoperation-i-hjartats-kranskarl\/\" \/>\n<meta property=\"og:locale\" content=\"sv_SE\" \/>\n<meta property=\"og:type\" content=\"article\" \/>\n<meta property=\"og:title\" content=\"Bypassoperation i hj\u00e4rtats kransk\u00e4rl\" \/>\n<meta property=\"og:description\" content=\"En bypassoperation i hj\u00e4rtats kransk\u00e4rl omdirigerar blodtillf\u00f6rseln runt den blockerade delen av art\u00e4ren, s\u00e5 att hj\u00e4rtat kan fungera normalt.\" \/>\n<meta property=\"og:url\" content=\"https:\/\/www.heartfailurematters.org\/sv\/vad-din-lakare-eller-sjukskoterska-kan-gora\/bypassoperation-i-hjartats-kranskarl\/\" \/>\n<meta property=\"og:site_name\" content=\"Heart Failure Matters\" \/>\n<meta property=\"article:publisher\" content=\"https:\/\/www.facebook.com\/heartfailurematters\" \/>\n<meta property=\"og:image\" content=\"https:\/\/www.heartfailurematters.org\/wp-content\/uploads\/2022\/03\/shutterstock_2073525971-1-min.jpg\" \/>\n\t<meta property=\"og:image:width\" content=\"900\" \/>\n\t<meta property=\"og:image:height\" content=\"559\" \/>\n\t<meta property=\"og:image:type\" content=\"image\/jpeg\" \/>\n<meta name=\"twitter:card\" content=\"summary_large_image\" \/>\n<meta name=\"twitter:label1\" content=\"Ber\u00e4knad l\u00e4stid\" \/>\n\t<meta name=\"twitter:data1\" content=\"2 minuter\" \/>\n<script type=\"application\/ld+json\" class=\"yoast-schema-graph\">{\"@context\":\"https:\/\/schema.org\",\"@graph\":[{\"@type\":\"WebPage\",\"@id\":\"https:\/\/www.heartfailurematters.org\/sv\/vad-din-lakare-eller-sjukskoterska-kan-gora\/bypassoperation-i-hjartats-kranskarl\/\",\"url\":\"https:\/\/www.heartfailurematters.org\/sv\/vad-din-lakare-eller-sjukskoterska-kan-gora\/bypassoperation-i-hjartats-kranskarl\/\",\"name\":\"Bypassoperation i hj\u00e4rtats kransk\u00e4rl\",\"isPartOf\":{\"@id\":\"https:\/\/www.heartfailurematters.org\/sv\/#website\"},\"primaryImageOfPage\":{\"@id\":\"https:\/\/www.heartfailurematters.org\/sv\/vad-din-lakare-eller-sjukskoterska-kan-gora\/bypassoperation-i-hjartats-kranskarl\/#primaryimage\"},\"image\":{\"@id\":\"https:\/\/www.heartfailurematters.org\/sv\/vad-din-lakare-eller-sjukskoterska-kan-gora\/bypassoperation-i-hjartats-kranskarl\/#primaryimage\"},\"thumbnailUrl\":\"https:\/\/www.heartfailurematters.org\/wp-content\/uploads\/2022\/03\/shutterstock_2073525971-1-min.jpg\",\"datePublished\":\"2021-01-27T22:11:33+00:00\",\"description\":\"En bypassoperation i hj\u00e4rtats kransk\u00e4rl omdirigerar blodtillf\u00f6rseln runt den blockerade delen av art\u00e4ren, s\u00e5 att hj\u00e4rtat kan fungera normalt.\",\"breadcrumb\":{\"@id\":\"https:\/\/www.heartfailurematters.org\/sv\/vad-din-lakare-eller-sjukskoterska-kan-gora\/bypassoperation-i-hjartats-kranskarl\/#breadcrumb\"},\"inLanguage\":\"sv-SE\",\"potentialAction\":[{\"@type\":\"ReadAction\",\"target\":[\"https:\/\/www.heartfailurematters.org\/sv\/vad-din-lakare-eller-sjukskoterska-kan-gora\/bypassoperation-i-hjartats-kranskarl\/\"]}]},{\"@type\":\"ImageObject\",\"inLanguage\":\"sv-SE\",\"@id\":\"https:\/\/www.heartfailurematters.org\/sv\/vad-din-lakare-eller-sjukskoterska-kan-gora\/bypassoperation-i-hjartats-kranskarl\/#primaryimage\",\"url\":\"https:\/\/www.heartfailurematters.org\/wp-content\/uploads\/2022\/03\/shutterstock_2073525971-1-min.jpg\",\"contentUrl\":\"https:\/\/www.heartfailurematters.org\/wp-content\/uploads\/2022\/03\/shutterstock_2073525971-1-min.jpg\",\"width\":900,\"height\":559},{\"@type\":\"BreadcrumbList\",\"@id\":\"https:\/\/www.heartfailurematters.org\/sv\/vad-din-lakare-eller-sjukskoterska-kan-gora\/bypassoperation-i-hjartats-kranskarl\/#breadcrumb\",\"itemListElement\":[{\"@type\":\"ListItem\",\"position\":1,\"name\":\"Hem\",\"item\":\"https:\/\/www.heartfailurematters.org\/sv\/\"},{\"@type\":\"ListItem\",\"position\":2,\"name\":\"Vad din l\u00e4kare kan g\u00f6ra\",\"item\":\"https:\/\/www.heartfailurematters.org\/sv\/vad-din-lakare-eller-sjukskoterska-kan-gora\/\"},{\"@type\":\"ListItem\",\"position\":3,\"name\":\"Bypassoperation i hj\u00e4rtats kransk\u00e4rl\"}]},{\"@type\":\"WebSite\",\"@id\":\"https:\/\/www.heartfailurematters.org\/sv\/#website\",\"url\":\"https:\/\/www.heartfailurematters.org\/sv\/\",\"name\":\"Heart Failure Matters\",\"description\":\"Practical information for patients, families and caregivers.\",\"publisher\":{\"@id\":\"https:\/\/www.heartfailurematters.org\/sv\/#organization\"},\"potentialAction\":[{\"@type\":\"SearchAction\",\"target\":{\"@type\":\"EntryPoint\",\"urlTemplate\":\"https:\/\/www.heartfailurematters.org\/sv\/?s={search_term_string}\"},\"query-input\":{\"@type\":\"PropertyValueSpecification\",\"valueRequired\":true,\"valueName\":\"search_term_string\"}}],\"inLanguage\":\"sv-SE\"},{\"@type\":\"Organization\",\"@id\":\"https:\/\/www.heartfailurematters.org\/sv\/#organization\",\"name\":\"Heart Failure Matters\",\"url\":\"https:\/\/www.heartfailurematters.org\/sv\/\",\"logo\":{\"@type\":\"ImageObject\",\"inLanguage\":\"sv-SE\",\"@id\":\"https:\/\/www.heartfailurematters.org\/sv\/#\/schema\/logo\/image\/\",\"url\":\"https:\/\/cdn-endpoint-hfm.azureedge.net\/heartfailurematters\/2024\/07\/hfm-logo1.jpg\",\"contentUrl\":\"https:\/\/cdn-endpoint-hfm.azureedge.net\/heartfailurematters\/2024\/07\/hfm-logo1.jpg\",\"width\":1280,\"height\":720,\"caption\":\"Heart Failure Matters\"},\"image\":{\"@id\":\"https:\/\/www.heartfailurematters.org\/sv\/#\/schema\/logo\/image\/\"},\"sameAs\":[\"https:\/\/www.facebook.com\/heartfailurematters\"]}]}<\/script>\n<!-- \/ Yoast SEO plugin. -->","yoast_head_json":{"title":"Bypassoperation i hj\u00e4rtats kransk\u00e4rl","description":"En bypassoperation i hj\u00e4rtats kransk\u00e4rl omdirigerar blodtillf\u00f6rseln runt den blockerade delen av art\u00e4ren, s\u00e5 att hj\u00e4rtat kan fungera normalt.","robots":{"index":"index","follow":"follow","max-snippet":"max-snippet:-1","max-image-preview":"max-image-preview:large","max-video-preview":"max-video-preview:-1"},"canonical":"https:\/\/www.heartfailurematters.org\/sv\/vad-din-lakare-eller-sjukskoterska-kan-gora\/bypassoperation-i-hjartats-kranskarl\/","og_locale":"sv_SE","og_type":"article","og_title":"Bypassoperation i hj\u00e4rtats kransk\u00e4rl","og_description":"En bypassoperation i hj\u00e4rtats kransk\u00e4rl omdirigerar blodtillf\u00f6rseln runt den blockerade delen av art\u00e4ren, s\u00e5 att hj\u00e4rtat kan fungera normalt.","og_url":"https:\/\/www.heartfailurematters.org\/sv\/vad-din-lakare-eller-sjukskoterska-kan-gora\/bypassoperation-i-hjartats-kranskarl\/","og_site_name":"Heart Failure Matters","article_publisher":"https:\/\/www.facebook.com\/heartfailurematters","og_image":[{"width":900,"height":559,"url":"https:\/\/www.heartfailurematters.org\/wp-content\/uploads\/2022\/03\/shutterstock_2073525971-1-min.jpg","type":"image\/jpeg"}],"twitter_card":"summary_large_image","twitter_misc":{"Ber\u00e4knad l\u00e4stid":"2 minuter"},"schema":{"@context":"https:\/\/schema.org","@graph":[{"@type":"WebPage","@id":"https:\/\/www.heartfailurematters.org\/sv\/vad-din-lakare-eller-sjukskoterska-kan-gora\/bypassoperation-i-hjartats-kranskarl\/","url":"https:\/\/www.heartfailurematters.org\/sv\/vad-din-lakare-eller-sjukskoterska-kan-gora\/bypassoperation-i-hjartats-kranskarl\/","name":"Bypassoperation i hj\u00e4rtats kransk\u00e4rl","isPartOf":{"@id":"https:\/\/www.heartfailurematters.org\/sv\/#website"},"primaryImageOfPage":{"@id":"https:\/\/www.heartfailurematters.org\/sv\/vad-din-lakare-eller-sjukskoterska-kan-gora\/bypassoperation-i-hjartats-kranskarl\/#primaryimage"},"image":{"@id":"https:\/\/www.heartfailurematters.org\/sv\/vad-din-lakare-eller-sjukskoterska-kan-gora\/bypassoperation-i-hjartats-kranskarl\/#primaryimage"},"thumbnailUrl":"https:\/\/www.heartfailurematters.org\/wp-content\/uploads\/2022\/03\/shutterstock_2073525971-1-min.jpg","datePublished":"2021-01-27T22:11:33+00:00","description":"En bypassoperation i hj\u00e4rtats kransk\u00e4rl omdirigerar blodtillf\u00f6rseln runt den blockerade delen av art\u00e4ren, s\u00e5 att hj\u00e4rtat kan fungera normalt.","breadcrumb":{"@id":"https:\/\/www.heartfailurematters.org\/sv\/vad-din-lakare-eller-sjukskoterska-kan-gora\/bypassoperation-i-hjartats-kranskarl\/#breadcrumb"},"inLanguage":"sv-SE","potentialAction":[{"@type":"ReadAction","target":["https:\/\/www.heartfailurematters.org\/sv\/vad-din-lakare-eller-sjukskoterska-kan-gora\/bypassoperation-i-hjartats-kranskarl\/"]}]},{"@type":"ImageObject","inLanguage":"sv-SE","@id":"https:\/\/www.heartfailurematters.org\/sv\/vad-din-lakare-eller-sjukskoterska-kan-gora\/bypassoperation-i-hjartats-kranskarl\/#primaryimage","url":"https:\/\/www.heartfailurematters.org\/wp-content\/uploads\/2022\/03\/shutterstock_2073525971-1-min.jpg","contentUrl":"https:\/\/www.heartfailurematters.org\/wp-content\/uploads\/2022\/03\/shutterstock_2073525971-1-min.jpg","width":900,"height":559},{"@type":"BreadcrumbList","@id":"https:\/\/www.heartfailurematters.org\/sv\/vad-din-lakare-eller-sjukskoterska-kan-gora\/bypassoperation-i-hjartats-kranskarl\/#breadcrumb","itemListElement":[{"@type":"ListItem","position":1,"name":"Hem","item":"https:\/\/www.heartfailurematters.org\/sv\/"},{"@type":"ListItem","position":2,"name":"Vad din l\u00e4kare kan g\u00f6ra","item":"https:\/\/www.heartfailurematters.org\/sv\/vad-din-lakare-eller-sjukskoterska-kan-gora\/"},{"@type":"ListItem","position":3,"name":"Bypassoperation i hj\u00e4rtats kransk\u00e4rl"}]},{"@type":"WebSite","@id":"https:\/\/www.heartfailurematters.org\/sv\/#website","url":"https:\/\/www.heartfailurematters.org\/sv\/","name":"Heart Failure Matters","description":"Practical information for patients, families and caregivers.","publisher":{"@id":"https:\/\/www.heartfailurematters.org\/sv\/#organization"},"potentialAction":[{"@type":"SearchAction","target":{"@type":"EntryPoint","urlTemplate":"https:\/\/www.heartfailurematters.org\/sv\/?s={search_term_string}"},"query-input":{"@type":"PropertyValueSpecification","valueRequired":true,"valueName":"search_term_string"}}],"inLanguage":"sv-SE"},{"@type":"Organization","@id":"https:\/\/www.heartfailurematters.org\/sv\/#organization","name":"Heart Failure Matters","url":"https:\/\/www.heartfailurematters.org\/sv\/","logo":{"@type":"ImageObject","inLanguage":"sv-SE","@id":"https:\/\/www.heartfailurematters.org\/sv\/#\/schema\/logo\/image\/","url":"https:\/\/cdn-endpoint-hfm.azureedge.net\/heartfailurematters\/2024\/07\/hfm-logo1.jpg","contentUrl":"https:\/\/cdn-endpoint-hfm.azureedge.net\/heartfailurematters\/2024\/07\/hfm-logo1.jpg","width":1280,"height":720,"caption":"Heart Failure Matters"},"image":{"@id":"https:\/\/www.heartfailurematters.org\/sv\/#\/schema\/logo\/image\/"},"sameAs":["https:\/\/www.facebook.com\/heartfailurematters"]}]}},"_links":{"self":[{"href":"https:\/\/www.heartfailurematters.org\/sv\/wp-json\/wp\/v2\/pages\/2424","targetHints":{"allow":["GET"]}}],"collection":[{"href":"https:\/\/www.heartfailurematters.org\/sv\/wp-json\/wp\/v2\/pages"}],"about":[{"href":"https:\/\/www.heartfailurematters.org\/sv\/wp-json\/wp\/v2\/types\/page"}],"author":[{"embeddable":true,"href":"https:\/\/www.heartfailurematters.org\/sv\/wp-json\/wp\/v2\/users\/1"}],"replies":[{"embeddable":true,"href":"https:\/\/www.heartfailurematters.org\/sv\/wp-json\/wp\/v2\/comments?post=2424"}],"version-history":[{"count":0,"href":"https:\/\/www.heartfailurematters.org\/sv\/wp-json\/wp\/v2\/pages\/2424\/revisions"}],"up":[{"embeddable":true,"href":"https:\/\/www.heartfailurematters.org\/sv\/wp-json\/wp\/v2\/pages\/2685"}],"wp:featuredmedia":[{"embeddable":true,"href":"https:\/\/www.heartfailurematters.org\/sv\/wp-json\/wp\/v2\/media\/10939"}],"wp:attachment":[{"href":"https:\/\/www.heartfailurematters.org\/sv\/wp-json\/wp\/v2\/media?parent=2424"}],"wp:term":[{"taxonomy":"category","embeddable":true,"href":"https:\/\/www.heartfailurematters.org\/sv\/wp-json\/wp\/v2\/categories?post=2424"},{"taxonomy":"post_tag","embeddable":true,"href":"https:\/\/www.heartfailurematters.org\/sv\/wp-json\/wp\/v2\/tags?post=2424"}],"curies":[{"name":"wp","href":"https:\/\/api.w.org\/{rel}","templated":true}]}}