{"id":2423,"date":"2021-01-27T22:11:33","date_gmt":"2021-01-27T22:11:33","guid":{"rendered":"http:\/\/heartfailurematters.local:8888\/att-ge-kanslomassigt-stod\/"},"modified":"2021-01-27T22:11:33","modified_gmt":"2021-01-27T22:11:33","slug":"att-ge-kanslomassigt-stod","status":"publish","type":"page","link":"https:\/\/www.heartfailurematters.org\/sv\/for-anhorigvardare\/att-ge-kanslomassigt-stod\/","title":{"rendered":"Att ge k\u00e4nslom\u00e4ssigt st\u00f6d"},"content":{"rendered":"<p>F\u00f6rutom att ge din n\u00e4rst\u00e5ende med hj\u00e4rtsvikt praktiskt st\u00f6d i att hantera sin hj\u00e4rtsvikt, \u00e4r det ocks\u00e5 oerh\u00f6rt viktigt med k\u00e4nslom\u00e4ssigt st\u00f6d eftersom hon eller han kommer att g\u00e5 igenom m\u00e5nga olika och sv\u00e5ra k\u00e4nslor. Som anh\u00f6rig st\u00f6dperson kan du ge k\u00e4nslom\u00e4ssigt st\u00f6d genom att:<\/p>\n<ul>\n<li>Lugna din n\u00e4rst\u00e5ende med hj\u00e4rtsvikt med att f\u00f6r\u00e4ndring tar tid. Det \u00e4r naturligt f\u00f6r m\u00e4nniskor att uppleva det som sv\u00e5rt att \u00e4ndra livsl\u00e5nga vanor. Din n\u00e4rst\u00e5ende med hj\u00e4rtsvikt kommer att uppskatta om du f\u00f6rs\u00f6ker att lyssna p\u00e5 deras oro och vara positiv, \u00e4ven om de inte genast b\u00f6rjar f\u00f6lja l\u00e4karens rekommendationer helt och h\u00e5llet. Erbjud uppmuntran och ber\u00f6m vid nya vanor och framsteg, och var inte d\u00f6mande om personen ibland \u00e5terg\u00e5r till gamla vanor. Var st\u00f6djande och hj\u00e4lp personen att komma p\u00e5 r\u00e4tt sp\u00e5r igen.<\/li>\n<li>F\u00f6resl\u00e5 att din n\u00e4rst\u00e5ende med hj\u00e4rtsvikt g\u00e5r med i en st\u00f6dgrupp f\u00f6r personer med hj\u00e4rtsvikt, d\u00e4r de kan f\u00e5 st\u00f6d fr\u00e5n m\u00e4nniskor i en liknande situation eller be att f\u00e5 kontakt med en kurator. Kanske vill du f\u00f6lja med till m\u00f6tet, men erfarenheten visar att det troligen \u00e4r b\u00e4ttre om det \u00e4r personens eget beslut att g\u00e5 dit.<\/li>\n<\/ul>\n<p>Ha f\u00f6rst\u00e5else f\u00f6r att det till en b\u00f6rjan kan bli mindre fysisk intimitet mellan er medan l\u00e4get stabiliserar sig. Diagnosen hj\u00e4rtsvikt inneb\u00e4r ofta att den&nbsp;<a title=\"\" href=\"https:\/\/www.heartfailurematters.org\/sv\/vad-du-sjalv-kan-gora\/sex-och-hjartsvikt\/\"\">sexuella aktiviteten<\/a> upph\u00f6r eller begr\u00e4nsas tills tillst\u00e5ndet \u00e4r under kontroll.<\/p>\n<p><a title=\"\" href=\"https:\/\/www.heartfailurematters.org\/sv\/for-anhorigvardare\/att-forsta-din-roll\/\"\">\u00c5terg\u00e5 till &#8221;Att f\u00f6rst\u00e5 din roll&#8221;<\/a><\/p>\n","protected":false},"excerpt":{"rendered":"<p>F\u00f6rutom att ge din n\u00e4rst\u00e5ende med hj\u00e4rtsvikt praktiskt st\u00f6d i att hantera sin hj\u00e4rtsvikt, \u00e4r det ocks\u00e5 oerh\u00f6rt viktigt med k\u00e4nslom\u00e4ssigt st\u00f6d eftersom hon eller han kommer att g\u00e5 igenom m\u00e5nga olika och sv\u00e5ra k\u00e4nslor. Som anh\u00f6rig st\u00f6dperson kan du ge k\u00e4nslom\u00e4ssigt st\u00f6d genom att: Lugna din n\u00e4rst\u00e5ende med hj\u00e4rtsvikt med att f\u00f6r\u00e4ndring tar tid. [&hellip;]<\/p>\n","protected":false},"author":1,"featured_media":11149,"parent":2847,"menu_order":0,"comment_status":"open","ping_status":"open","template":"","meta":{"_acf_changed":false,"footnotes":""},"categories":[],"tags":[],"class_list":["post-2423","page","type-page","status-publish","has-post-thumbnail","hentry"],"acf":[],"yoast_head":"<!-- This site is optimized with the Yoast SEO plugin v24.8.1 - https:\/\/yoast.com\/wordpress\/plugins\/seo\/ -->\n<title>Att ge k\u00e4nslom\u00e4ssigt st\u00f6d<\/title>\n<meta name=\"description\" content=\"F\u00f6rutom att ge din n\u00e4rst\u00e5ende med hj\u00e4rtsvikt praktiskt st\u00f6d i att hantera sin hj\u00e4rtsvikt, \u00e4r det ocks\u00e5 oerh\u00f6rt viktigt med k\u00e4nslom\u00e4ssigt st\u00f6d eftersom hon eller han kommer att g\u00e5 igenom m\u00e5nga olika och sv\u00e5ra k\u00e4nslor.\" \/>\n<meta name=\"robots\" content=\"index, follow, max-snippet:-1, max-image-preview:large, max-video-preview:-1\" \/>\n<link rel=\"canonical\" href=\"https:\/\/www.heartfailurematters.org\/sv\/for-anhorigvardare\/att-ge-kanslomassigt-stod\/\" \/>\n<meta property=\"og:locale\" content=\"sv_SE\" \/>\n<meta property=\"og:type\" content=\"article\" \/>\n<meta property=\"og:title\" content=\"Att ge k\u00e4nslom\u00e4ssigt st\u00f6d\" \/>\n<meta property=\"og:description\" content=\"F\u00f6rutom att ge din n\u00e4rst\u00e5ende med hj\u00e4rtsvikt praktiskt st\u00f6d i att hantera sin hj\u00e4rtsvikt, \u00e4r det ocks\u00e5 oerh\u00f6rt viktigt med k\u00e4nslom\u00e4ssigt st\u00f6d eftersom hon eller han kommer att g\u00e5 igenom m\u00e5nga olika och sv\u00e5ra k\u00e4nslor.\" \/>\n<meta property=\"og:url\" content=\"https:\/\/www.heartfailurematters.org\/sv\/for-anhorigvardare\/att-ge-kanslomassigt-stod\/\" \/>\n<meta property=\"og:site_name\" content=\"Heart Failure Matters\" \/>\n<meta property=\"article:publisher\" content=\"https:\/\/www.facebook.com\/heartfailurematters\" \/>\n<meta property=\"og:image\" content=\"https:\/\/www.heartfailurematters.org\/wp-content\/uploads\/2022\/03\/shutterstock_326634329-1-min.jpg\" \/>\n\t<meta property=\"og:image:width\" content=\"900\" \/>\n\t<meta property=\"og:image:height\" content=\"600\" \/>\n\t<meta property=\"og:image:type\" content=\"image\/jpeg\" \/>\n<meta name=\"twitter:card\" content=\"summary_large_image\" \/>\n<meta name=\"twitter:label1\" content=\"Ber\u00e4knad l\u00e4stid\" \/>\n\t<meta name=\"twitter:data1\" content=\"1 minut\" \/>\n<script type=\"application\/ld+json\" class=\"yoast-schema-graph\">{\"@context\":\"https:\/\/schema.org\",\"@graph\":[{\"@type\":\"WebPage\",\"@id\":\"https:\/\/www.heartfailurematters.org\/sv\/for-anhorigvardare\/att-ge-kanslomassigt-stod\/\",\"url\":\"https:\/\/www.heartfailurematters.org\/sv\/for-anhorigvardare\/att-ge-kanslomassigt-stod\/\",\"name\":\"Att ge k\u00e4nslom\u00e4ssigt st\u00f6d\",\"isPartOf\":{\"@id\":\"https:\/\/www.heartfailurematters.org\/sv\/#website\"},\"primaryImageOfPage\":{\"@id\":\"https:\/\/www.heartfailurematters.org\/sv\/for-anhorigvardare\/att-ge-kanslomassigt-stod\/#primaryimage\"},\"image\":{\"@id\":\"https:\/\/www.heartfailurematters.org\/sv\/for-anhorigvardare\/att-ge-kanslomassigt-stod\/#primaryimage\"},\"thumbnailUrl\":\"https:\/\/www.heartfailurematters.org\/wp-content\/uploads\/2022\/03\/shutterstock_326634329-1-min.jpg\",\"datePublished\":\"2021-01-27T22:11:33+00:00\",\"description\":\"F\u00f6rutom att ge din n\u00e4rst\u00e5ende med hj\u00e4rtsvikt praktiskt st\u00f6d i att hantera sin hj\u00e4rtsvikt, \u00e4r det ocks\u00e5 oerh\u00f6rt viktigt med k\u00e4nslom\u00e4ssigt st\u00f6d eftersom hon eller han kommer att g\u00e5 igenom m\u00e5nga olika och sv\u00e5ra k\u00e4nslor.\",\"breadcrumb\":{\"@id\":\"https:\/\/www.heartfailurematters.org\/sv\/for-anhorigvardare\/att-ge-kanslomassigt-stod\/#breadcrumb\"},\"inLanguage\":\"sv-SE\",\"potentialAction\":[{\"@type\":\"ReadAction\",\"target\":[\"https:\/\/www.heartfailurematters.org\/sv\/for-anhorigvardare\/att-ge-kanslomassigt-stod\/\"]}]},{\"@type\":\"ImageObject\",\"inLanguage\":\"sv-SE\",\"@id\":\"https:\/\/www.heartfailurematters.org\/sv\/for-anhorigvardare\/att-ge-kanslomassigt-stod\/#primaryimage\",\"url\":\"https:\/\/www.heartfailurematters.org\/wp-content\/uploads\/2022\/03\/shutterstock_326634329-1-min.jpg\",\"contentUrl\":\"https:\/\/www.heartfailurematters.org\/wp-content\/uploads\/2022\/03\/shutterstock_326634329-1-min.jpg\",\"width\":900,\"height\":600},{\"@type\":\"BreadcrumbList\",\"@id\":\"https:\/\/www.heartfailurematters.org\/sv\/for-anhorigvardare\/att-ge-kanslomassigt-stod\/#breadcrumb\",\"itemListElement\":[{\"@type\":\"ListItem\",\"position\":1,\"name\":\"Hem\",\"item\":\"https:\/\/www.heartfailurematters.org\/sv\/\"},{\"@type\":\"ListItem\",\"position\":2,\"name\":\"F\u00f6r familj och anh\u00f6rigv\u00e5rdare\",\"item\":\"https:\/\/www.heartfailurematters.org\/sv\/for-anhorigvardare\/\"},{\"@type\":\"ListItem\",\"position\":3,\"name\":\"Att ge k\u00e4nslom\u00e4ssigt st\u00f6d\"}]},{\"@type\":\"WebSite\",\"@id\":\"https:\/\/www.heartfailurematters.org\/sv\/#website\",\"url\":\"https:\/\/www.heartfailurematters.org\/sv\/\",\"name\":\"Heart Failure Matters\",\"description\":\"Practical information for patients, families and caregivers.\",\"publisher\":{\"@id\":\"https:\/\/www.heartfailurematters.org\/sv\/#organization\"},\"potentialAction\":[{\"@type\":\"SearchAction\",\"target\":{\"@type\":\"EntryPoint\",\"urlTemplate\":\"https:\/\/www.heartfailurematters.org\/sv\/?s={search_term_string}\"},\"query-input\":{\"@type\":\"PropertyValueSpecification\",\"valueRequired\":true,\"valueName\":\"search_term_string\"}}],\"inLanguage\":\"sv-SE\"},{\"@type\":\"Organization\",\"@id\":\"https:\/\/www.heartfailurematters.org\/sv\/#organization\",\"name\":\"Heart Failure Matters\",\"url\":\"https:\/\/www.heartfailurematters.org\/sv\/\",\"logo\":{\"@type\":\"ImageObject\",\"inLanguage\":\"sv-SE\",\"@id\":\"https:\/\/www.heartfailurematters.org\/sv\/#\/schema\/logo\/image\/\",\"url\":\"https:\/\/cdn-endpoint-hfm.azureedge.net\/heartfailurematters\/2024\/07\/hfm-logo1.jpg\",\"contentUrl\":\"https:\/\/cdn-endpoint-hfm.azureedge.net\/heartfailurematters\/2024\/07\/hfm-logo1.jpg\",\"width\":1280,\"height\":720,\"caption\":\"Heart Failure Matters\"},\"image\":{\"@id\":\"https:\/\/www.heartfailurematters.org\/sv\/#\/schema\/logo\/image\/\"},\"sameAs\":[\"https:\/\/www.facebook.com\/heartfailurematters\"]}]}<\/script>\n<!-- \/ Yoast SEO plugin. -->","yoast_head_json":{"title":"Att ge k\u00e4nslom\u00e4ssigt st\u00f6d","description":"F\u00f6rutom att ge din n\u00e4rst\u00e5ende med hj\u00e4rtsvikt praktiskt st\u00f6d i att hantera sin hj\u00e4rtsvikt, \u00e4r det ocks\u00e5 oerh\u00f6rt viktigt med k\u00e4nslom\u00e4ssigt st\u00f6d eftersom hon eller han kommer att g\u00e5 igenom m\u00e5nga olika och sv\u00e5ra k\u00e4nslor.","robots":{"index":"index","follow":"follow","max-snippet":"max-snippet:-1","max-image-preview":"max-image-preview:large","max-video-preview":"max-video-preview:-1"},"canonical":"https:\/\/www.heartfailurematters.org\/sv\/for-anhorigvardare\/att-ge-kanslomassigt-stod\/","og_locale":"sv_SE","og_type":"article","og_title":"Att ge k\u00e4nslom\u00e4ssigt st\u00f6d","og_description":"F\u00f6rutom att ge din n\u00e4rst\u00e5ende med hj\u00e4rtsvikt praktiskt st\u00f6d i att hantera sin hj\u00e4rtsvikt, \u00e4r det ocks\u00e5 oerh\u00f6rt viktigt med k\u00e4nslom\u00e4ssigt st\u00f6d eftersom hon eller han kommer att g\u00e5 igenom m\u00e5nga olika och sv\u00e5ra k\u00e4nslor.","og_url":"https:\/\/www.heartfailurematters.org\/sv\/for-anhorigvardare\/att-ge-kanslomassigt-stod\/","og_site_name":"Heart Failure Matters","article_publisher":"https:\/\/www.facebook.com\/heartfailurematters","og_image":[{"width":900,"height":600,"url":"https:\/\/www.heartfailurematters.org\/wp-content\/uploads\/2022\/03\/shutterstock_326634329-1-min.jpg","type":"image\/jpeg"}],"twitter_card":"summary_large_image","twitter_misc":{"Ber\u00e4knad l\u00e4stid":"1 minut"},"schema":{"@context":"https:\/\/schema.org","@graph":[{"@type":"WebPage","@id":"https:\/\/www.heartfailurematters.org\/sv\/for-anhorigvardare\/att-ge-kanslomassigt-stod\/","url":"https:\/\/www.heartfailurematters.org\/sv\/for-anhorigvardare\/att-ge-kanslomassigt-stod\/","name":"Att ge k\u00e4nslom\u00e4ssigt st\u00f6d","isPartOf":{"@id":"https:\/\/www.heartfailurematters.org\/sv\/#website"},"primaryImageOfPage":{"@id":"https:\/\/www.heartfailurematters.org\/sv\/for-anhorigvardare\/att-ge-kanslomassigt-stod\/#primaryimage"},"image":{"@id":"https:\/\/www.heartfailurematters.org\/sv\/for-anhorigvardare\/att-ge-kanslomassigt-stod\/#primaryimage"},"thumbnailUrl":"https:\/\/www.heartfailurematters.org\/wp-content\/uploads\/2022\/03\/shutterstock_326634329-1-min.jpg","datePublished":"2021-01-27T22:11:33+00:00","description":"F\u00f6rutom att ge din n\u00e4rst\u00e5ende med hj\u00e4rtsvikt praktiskt st\u00f6d i att hantera sin hj\u00e4rtsvikt, \u00e4r det ocks\u00e5 oerh\u00f6rt viktigt med k\u00e4nslom\u00e4ssigt st\u00f6d eftersom hon eller han kommer att g\u00e5 igenom m\u00e5nga olika och sv\u00e5ra k\u00e4nslor.","breadcrumb":{"@id":"https:\/\/www.heartfailurematters.org\/sv\/for-anhorigvardare\/att-ge-kanslomassigt-stod\/#breadcrumb"},"inLanguage":"sv-SE","potentialAction":[{"@type":"ReadAction","target":["https:\/\/www.heartfailurematters.org\/sv\/for-anhorigvardare\/att-ge-kanslomassigt-stod\/"]}]},{"@type":"ImageObject","inLanguage":"sv-SE","@id":"https:\/\/www.heartfailurematters.org\/sv\/for-anhorigvardare\/att-ge-kanslomassigt-stod\/#primaryimage","url":"https:\/\/www.heartfailurematters.org\/wp-content\/uploads\/2022\/03\/shutterstock_326634329-1-min.jpg","contentUrl":"https:\/\/www.heartfailurematters.org\/wp-content\/uploads\/2022\/03\/shutterstock_326634329-1-min.jpg","width":900,"height":600},{"@type":"BreadcrumbList","@id":"https:\/\/www.heartfailurematters.org\/sv\/for-anhorigvardare\/att-ge-kanslomassigt-stod\/#breadcrumb","itemListElement":[{"@type":"ListItem","position":1,"name":"Hem","item":"https:\/\/www.heartfailurematters.org\/sv\/"},{"@type":"ListItem","position":2,"name":"F\u00f6r familj och anh\u00f6rigv\u00e5rdare","item":"https:\/\/www.heartfailurematters.org\/sv\/for-anhorigvardare\/"},{"@type":"ListItem","position":3,"name":"Att ge k\u00e4nslom\u00e4ssigt st\u00f6d"}]},{"@type":"WebSite","@id":"https:\/\/www.heartfailurematters.org\/sv\/#website","url":"https:\/\/www.heartfailurematters.org\/sv\/","name":"Heart Failure Matters","description":"Practical information for patients, families and caregivers.","publisher":{"@id":"https:\/\/www.heartfailurematters.org\/sv\/#organization"},"potentialAction":[{"@type":"SearchAction","target":{"@type":"EntryPoint","urlTemplate":"https:\/\/www.heartfailurematters.org\/sv\/?s={search_term_string}"},"query-input":{"@type":"PropertyValueSpecification","valueRequired":true,"valueName":"search_term_string"}}],"inLanguage":"sv-SE"},{"@type":"Organization","@id":"https:\/\/www.heartfailurematters.org\/sv\/#organization","name":"Heart Failure Matters","url":"https:\/\/www.heartfailurematters.org\/sv\/","logo":{"@type":"ImageObject","inLanguage":"sv-SE","@id":"https:\/\/www.heartfailurematters.org\/sv\/#\/schema\/logo\/image\/","url":"https:\/\/cdn-endpoint-hfm.azureedge.net\/heartfailurematters\/2024\/07\/hfm-logo1.jpg","contentUrl":"https:\/\/cdn-endpoint-hfm.azureedge.net\/heartfailurematters\/2024\/07\/hfm-logo1.jpg","width":1280,"height":720,"caption":"Heart Failure Matters"},"image":{"@id":"https:\/\/www.heartfailurematters.org\/sv\/#\/schema\/logo\/image\/"},"sameAs":["https:\/\/www.facebook.com\/heartfailurematters"]}]}},"_links":{"self":[{"href":"https:\/\/www.heartfailurematters.org\/sv\/wp-json\/wp\/v2\/pages\/2423","targetHints":{"allow":["GET"]}}],"collection":[{"href":"https:\/\/www.heartfailurematters.org\/sv\/wp-json\/wp\/v2\/pages"}],"about":[{"href":"https:\/\/www.heartfailurematters.org\/sv\/wp-json\/wp\/v2\/types\/page"}],"author":[{"embeddable":true,"href":"https:\/\/www.heartfailurematters.org\/sv\/wp-json\/wp\/v2\/users\/1"}],"replies":[{"embeddable":true,"href":"https:\/\/www.heartfailurematters.org\/sv\/wp-json\/wp\/v2\/comments?post=2423"}],"version-history":[{"count":0,"href":"https:\/\/www.heartfailurematters.org\/sv\/wp-json\/wp\/v2\/pages\/2423\/revisions"}],"up":[{"embeddable":true,"href":"https:\/\/www.heartfailurematters.org\/sv\/wp-json\/wp\/v2\/pages\/2847"}],"wp:featuredmedia":[{"embeddable":true,"href":"https:\/\/www.heartfailurematters.org\/sv\/wp-json\/wp\/v2\/media\/11149"}],"wp:attachment":[{"href":"https:\/\/www.heartfailurematters.org\/sv\/wp-json\/wp\/v2\/media?parent=2423"}],"wp:term":[{"taxonomy":"category","embeddable":true,"href":"https:\/\/www.heartfailurematters.org\/sv\/wp-json\/wp\/v2\/categories?post=2423"},{"taxonomy":"post_tag","embeddable":true,"href":"https:\/\/www.heartfailurematters.org\/sv\/wp-json\/wp\/v2\/tags?post=2423"}],"curies":[{"name":"wp","href":"https:\/\/api.w.org\/{rel}","templated":true}]}}