{"id":2420,"date":"2021-01-27T22:11:33","date_gmt":"2021-01-27T22:11:33","guid":{"rendered":"http:\/\/heartfailurematters.local:8888\/om-min-hjartsvikt\/"},"modified":"2021-02-18T14:28:42","modified_gmt":"2021-02-18T14:28:42","slug":"om-min-hjartsvikt","status":"publish","type":"page","link":"https:\/\/www.heartfailurematters.org\/sv\/fraga-din-lakare\/om-min-hjartsvikt\/","title":{"rendered":"Om &#8221;Min hj\u00e4rtsvikt&#8221;"},"content":{"rendered":"<p>F\u00f6r allm\u00e4n information om hj\u00e4rtsvikt, g\u00e5 till avsnittet <a href=\"\/sv\/att-forsta-hjartsvikt\/inledning\/\">Att f\u00f6rst\u00e5 hj\u00e4rtsvikt<\/a>\u00a0p\u00e5 denna webbplats. Men om du vill ha mer information speciellt om din hj\u00e4rtsvikt kan fr\u00e5gorna nedan hj\u00e4lpa dig att diskutera ditt tillst\u00e5nd med din l\u00e4kare eller sjuksk\u00f6terska.<\/p>\n<p><strong>Vad har orsakat min hj\u00e4rtsvikt?<\/strong><\/p>\n<p>Det finns olika orsaker till hj\u00e4rtsvikt, s\u00e5 det kan vara bra att fr\u00e5ga din l\u00e4kare vad som orsakat din hj\u00e4rtsvikt. Du ska inte vara r\u00e4dd f\u00f6r att st\u00e4lla f\u00f6r m\u00e5nga fr\u00e5gor, eftersom det \u00e4r viktigt att du f\u00f6rst\u00e5r vad som orsakat din hj\u00e4rtsvikt. Din l\u00e4kare kanske kan ber\u00e4tta f\u00f6r dig om det finns n\u00e5got som kan g\u00f6ras f\u00f6r att behandla orsaken till din hj\u00e4rtsvikt.<\/p>\n<p><strong>Kommer hj\u00e4rtsvikten att p\u00e5verka n\u00e5got av mina andra sjukdomstillst\u00e5nd?<\/strong><\/p>\n<p>M\u00e5nga m\u00e4nniskor med hj\u00e4rtsvikt har \u00e4ven andra sjukdomstillst\u00e5nd. Det \u00e4r viktigt att hantera alla andra sjukdomstillst\u00e5nd effektivt. Om kontrollen \u00f6ver dessa \u00e4r d\u00e5lig, kan de f\u00f6rv\u00e4rra din hj\u00e4rtsvikt. Din l\u00e4kare eller sjuksk\u00f6terska kan diskutera dina sjukdomar med dig och rekommendera vad du kan g\u00f6ra f\u00f6r att hantera dem p\u00e5 b\u00e4sta s\u00e4tt.<\/p>\n<p><strong>Kommer min hj\u00e4rtsvikt att p\u00e5verka hur l\u00e4nge jag lever?<\/strong><\/p>\n<p>Hj\u00e4rtsvikt \u00e4r ett allvarligt, kroniskt tillst\u00e5nd som gradvis kan bli v\u00e4rre med tiden. S\u00e5 sm\u00e5ningom kan det f\u00f6rkorta ditt liv. F\u00f6rloppet vid hj\u00e4rtsvikt \u00e4r of\u00f6ruts\u00e4gbart och olika f\u00f6r varje person. I m\u00e5nga fall h\u00e5ller sig symptomen p\u00e5 en stabil niv\u00e5 under en ganska l\u00e5ng tid (m\u00e5nader eller \u00e5r) utan att f\u00f6rs\u00e4mras. Livsstilsjusteringar och behandling med l\u00e4kemedel och apparater t.ex. hj\u00e4rtsviktspacemaker, hj\u00e4rtdefibrillator eller hj\u00e4rtpump kan ofta stabilisera symtomen och f\u00f6rl\u00e4nga \u00f6verlevnaden. Ditt v\u00e5rdteam kommer att samarbeta med dig f\u00f6r att hantera din hj\u00e4rtsvikt, lindra symtom, f\u00f6rb\u00e4ttra prognosen och f\u00f6rl\u00e4nga livet. Det \u00e4r m\u00f6jligt att leva ett bra liv med hj\u00e4rtsvikt, genom att samarbeta med din l\u00e4kare och sjuksk\u00f6terska och sj\u00e4lv hantera sin livssituation effektivt.<\/p>\n<p><strong>Vilken behandling beh\u00f6ver jag?<\/strong><\/p>\n<p>Din l\u00e4kare f\u00f6rklarar orsaken till din hj\u00e4rtsvikt och rekommenderar sedan <span style=\"text-decoration: line-through;\">en<\/span> l\u00e4mplig behandling. Detta kan kr\u00e4va livsstilsf\u00f6r\u00e4ndringar, mediciner, pacemaker, implanterbar hj\u00e4rtdefibrillator, hj\u00e4rtpump eller kirurgi. Din l\u00e4kare kan rekommendera ytterligare unders\u00f6kningar f\u00f6r att bed\u00f6ma omfattningen av din hj\u00e4rtsvikt innan beslut om r\u00e4tt behandling fattas.<\/p>\n<p><strong>Jag m\u00e5r b\u00e4ttre med min medicinering. Hur vet jag om jag beh\u00f6ver en operation eller pacemaker, implanterbar hj\u00e4rtdefibrillator eller hj\u00e4rtpump?<\/strong><\/p>\n<p>Om du beh\u00f6ver en operation eller pacemaker, implanterbar defibrillator eller hj\u00e4rtpump beror p\u00e5 symtomens typ, orsak och sv\u00e5righetsgrad. Dina symtom, tillsammans med EKG och ekokardiografi (ultraljud), kommer vanligen att fastst\u00e4lla behovet av en pacemaker, implanterbar hj\u00e4rtdefibrillator eller hj\u00e4rtpump. Din hj\u00e4rtspecialist kommer att informera dig om det kr\u00e4vs operation eller en pacemaker, implanterbar hj\u00e4rtdefibrillator eller hj\u00e4rtpump och diskutera eventuella ytterligare unders\u00f6kningar som kan beh\u00f6vas.<\/p>\n","protected":false},"excerpt":{"rendered":"<p>F\u00f6r allm\u00e4n information om hj\u00e4rtsvikt, g\u00e5 till avsnittet Att f\u00f6rst\u00e5 hj\u00e4rtsvikt\u00a0p\u00e5 denna webbplats. Men om du vill ha mer information speciellt om din hj\u00e4rtsvikt kan fr\u00e5gorna nedan hj\u00e4lpa dig att diskutera ditt tillst\u00e5nd med din l\u00e4kare eller sjuksk\u00f6terska. Vad har orsakat min hj\u00e4rtsvikt? Det finns olika orsaker till hj\u00e4rtsvikt, s\u00e5 det kan vara bra att [&hellip;]<\/p>\n","protected":false},"author":1,"featured_media":0,"parent":2767,"menu_order":0,"comment_status":"open","ping_status":"open","template":"","meta":{"_acf_changed":false,"footnotes":""},"categories":[],"tags":[],"class_list":["post-2420","page","type-page","status-publish","hentry"],"acf":[],"yoast_head":"<!-- This site is optimized with the Yoast SEO plugin v24.8.1 - https:\/\/yoast.com\/wordpress\/plugins\/seo\/ -->\n<title>Om &quot;Min hj\u00e4rtsvikt&quot;<\/title>\n<meta name=\"description\" content=\"Om du vill ha mer information specifikt om din hj\u00e4rtsvikt, kan fr\u00e5gorna nedan hj\u00e4lpa dig att diskutera detta med din l\u00e4kare eller sjuksk\u00f6terska.\" \/>\n<meta name=\"robots\" content=\"index, follow, max-snippet:-1, max-image-preview:large, max-video-preview:-1\" \/>\n<link rel=\"canonical\" href=\"https:\/\/www.heartfailurematters.org\/sv\/fraga-din-lakare\/om-min-hjartsvikt\/\" \/>\n<meta property=\"og:locale\" content=\"sv_SE\" \/>\n<meta property=\"og:type\" content=\"article\" \/>\n<meta property=\"og:title\" content=\"Om &quot;Min hj\u00e4rtsvikt&quot;\" \/>\n<meta property=\"og:description\" content=\"Om du vill ha mer information specifikt om din hj\u00e4rtsvikt, kan fr\u00e5gorna nedan hj\u00e4lpa dig att diskutera detta med din l\u00e4kare eller sjuksk\u00f6terska.\" \/>\n<meta property=\"og:url\" content=\"https:\/\/www.heartfailurematters.org\/sv\/fraga-din-lakare\/om-min-hjartsvikt\/\" \/>\n<meta property=\"og:site_name\" content=\"Heart Failure Matters\" \/>\n<meta property=\"article:publisher\" content=\"https:\/\/www.facebook.com\/heartfailurematters\" \/>\n<meta property=\"article:modified_time\" content=\"2021-02-18T14:28:42+00:00\" \/>\n<meta name=\"twitter:card\" content=\"summary_large_image\" \/>\n<meta name=\"twitter:label1\" content=\"Ber\u00e4knad l\u00e4stid\" \/>\n\t<meta name=\"twitter:data1\" content=\"2 minuter\" \/>\n<script type=\"application\/ld+json\" class=\"yoast-schema-graph\">{\"@context\":\"https:\/\/schema.org\",\"@graph\":[{\"@type\":\"WebPage\",\"@id\":\"https:\/\/www.heartfailurematters.org\/sv\/fraga-din-lakare\/om-min-hjartsvikt\/\",\"url\":\"https:\/\/www.heartfailurematters.org\/sv\/fraga-din-lakare\/om-min-hjartsvikt\/\",\"name\":\"Om \\\"Min hj\u00e4rtsvikt\\\"\",\"isPartOf\":{\"@id\":\"https:\/\/www.heartfailurematters.org\/sv\/#website\"},\"datePublished\":\"2021-01-27T22:11:33+00:00\",\"dateModified\":\"2021-02-18T14:28:42+00:00\",\"description\":\"Om du vill ha mer information specifikt om din hj\u00e4rtsvikt, kan fr\u00e5gorna nedan hj\u00e4lpa dig att diskutera detta med din l\u00e4kare eller sjuksk\u00f6terska.\",\"breadcrumb\":{\"@id\":\"https:\/\/www.heartfailurematters.org\/sv\/fraga-din-lakare\/om-min-hjartsvikt\/#breadcrumb\"},\"inLanguage\":\"sv-SE\",\"potentialAction\":[{\"@type\":\"ReadAction\",\"target\":[\"https:\/\/www.heartfailurematters.org\/sv\/fraga-din-lakare\/om-min-hjartsvikt\/\"]}]},{\"@type\":\"BreadcrumbList\",\"@id\":\"https:\/\/www.heartfailurematters.org\/sv\/fraga-din-lakare\/om-min-hjartsvikt\/#breadcrumb\",\"itemListElement\":[{\"@type\":\"ListItem\",\"position\":1,\"name\":\"Hem\",\"item\":\"https:\/\/www.heartfailurematters.org\/sv\/\"},{\"@type\":\"ListItem\",\"position\":2,\"name\":\"Fr\u00e5ga din l\u00e4kare\",\"item\":\"https:\/\/www.heartfailurematters.org\/sv\/fraga-din-lakare\/\"},{\"@type\":\"ListItem\",\"position\":3,\"name\":\"Om &#8220;Min hj\u00e4rtsvikt&#8221;\"}]},{\"@type\":\"WebSite\",\"@id\":\"https:\/\/www.heartfailurematters.org\/sv\/#website\",\"url\":\"https:\/\/www.heartfailurematters.org\/sv\/\",\"name\":\"Heart Failure Matters\",\"description\":\"Practical information for patients, families and caregivers.\",\"publisher\":{\"@id\":\"https:\/\/www.heartfailurematters.org\/sv\/#organization\"},\"potentialAction\":[{\"@type\":\"SearchAction\",\"target\":{\"@type\":\"EntryPoint\",\"urlTemplate\":\"https:\/\/www.heartfailurematters.org\/sv\/?s={search_term_string}\"},\"query-input\":{\"@type\":\"PropertyValueSpecification\",\"valueRequired\":true,\"valueName\":\"search_term_string\"}}],\"inLanguage\":\"sv-SE\"},{\"@type\":\"Organization\",\"@id\":\"https:\/\/www.heartfailurematters.org\/sv\/#organization\",\"name\":\"Heart Failure Matters\",\"url\":\"https:\/\/www.heartfailurematters.org\/sv\/\",\"logo\":{\"@type\":\"ImageObject\",\"inLanguage\":\"sv-SE\",\"@id\":\"https:\/\/www.heartfailurematters.org\/sv\/#\/schema\/logo\/image\/\",\"url\":\"https:\/\/cdn-endpoint-hfm.azureedge.net\/heartfailurematters\/2024\/07\/hfm-logo1.jpg\",\"contentUrl\":\"https:\/\/cdn-endpoint-hfm.azureedge.net\/heartfailurematters\/2024\/07\/hfm-logo1.jpg\",\"width\":1280,\"height\":720,\"caption\":\"Heart Failure Matters\"},\"image\":{\"@id\":\"https:\/\/www.heartfailurematters.org\/sv\/#\/schema\/logo\/image\/\"},\"sameAs\":[\"https:\/\/www.facebook.com\/heartfailurematters\"]}]}<\/script>\n<!-- \/ Yoast SEO plugin. -->","yoast_head_json":{"title":"Om \"Min hj\u00e4rtsvikt\"","description":"Om du vill ha mer information specifikt om din hj\u00e4rtsvikt, kan fr\u00e5gorna nedan hj\u00e4lpa dig att diskutera detta med din l\u00e4kare eller sjuksk\u00f6terska.","robots":{"index":"index","follow":"follow","max-snippet":"max-snippet:-1","max-image-preview":"max-image-preview:large","max-video-preview":"max-video-preview:-1"},"canonical":"https:\/\/www.heartfailurematters.org\/sv\/fraga-din-lakare\/om-min-hjartsvikt\/","og_locale":"sv_SE","og_type":"article","og_title":"Om \"Min hj\u00e4rtsvikt\"","og_description":"Om du vill ha mer information specifikt om din hj\u00e4rtsvikt, kan fr\u00e5gorna nedan hj\u00e4lpa dig att diskutera detta med din l\u00e4kare eller sjuksk\u00f6terska.","og_url":"https:\/\/www.heartfailurematters.org\/sv\/fraga-din-lakare\/om-min-hjartsvikt\/","og_site_name":"Heart Failure Matters","article_publisher":"https:\/\/www.facebook.com\/heartfailurematters","article_modified_time":"2021-02-18T14:28:42+00:00","twitter_card":"summary_large_image","twitter_misc":{"Ber\u00e4knad l\u00e4stid":"2 minuter"},"schema":{"@context":"https:\/\/schema.org","@graph":[{"@type":"WebPage","@id":"https:\/\/www.heartfailurematters.org\/sv\/fraga-din-lakare\/om-min-hjartsvikt\/","url":"https:\/\/www.heartfailurematters.org\/sv\/fraga-din-lakare\/om-min-hjartsvikt\/","name":"Om \"Min hj\u00e4rtsvikt\"","isPartOf":{"@id":"https:\/\/www.heartfailurematters.org\/sv\/#website"},"datePublished":"2021-01-27T22:11:33+00:00","dateModified":"2021-02-18T14:28:42+00:00","description":"Om du vill ha mer information specifikt om din hj\u00e4rtsvikt, kan fr\u00e5gorna nedan hj\u00e4lpa dig att diskutera detta med din l\u00e4kare eller sjuksk\u00f6terska.","breadcrumb":{"@id":"https:\/\/www.heartfailurematters.org\/sv\/fraga-din-lakare\/om-min-hjartsvikt\/#breadcrumb"},"inLanguage":"sv-SE","potentialAction":[{"@type":"ReadAction","target":["https:\/\/www.heartfailurematters.org\/sv\/fraga-din-lakare\/om-min-hjartsvikt\/"]}]},{"@type":"BreadcrumbList","@id":"https:\/\/www.heartfailurematters.org\/sv\/fraga-din-lakare\/om-min-hjartsvikt\/#breadcrumb","itemListElement":[{"@type":"ListItem","position":1,"name":"Hem","item":"https:\/\/www.heartfailurematters.org\/sv\/"},{"@type":"ListItem","position":2,"name":"Fr\u00e5ga din l\u00e4kare","item":"https:\/\/www.heartfailurematters.org\/sv\/fraga-din-lakare\/"},{"@type":"ListItem","position":3,"name":"Om &#8220;Min hj\u00e4rtsvikt&#8221;"}]},{"@type":"WebSite","@id":"https:\/\/www.heartfailurematters.org\/sv\/#website","url":"https:\/\/www.heartfailurematters.org\/sv\/","name":"Heart Failure Matters","description":"Practical information for patients, families and caregivers.","publisher":{"@id":"https:\/\/www.heartfailurematters.org\/sv\/#organization"},"potentialAction":[{"@type":"SearchAction","target":{"@type":"EntryPoint","urlTemplate":"https:\/\/www.heartfailurematters.org\/sv\/?s={search_term_string}"},"query-input":{"@type":"PropertyValueSpecification","valueRequired":true,"valueName":"search_term_string"}}],"inLanguage":"sv-SE"},{"@type":"Organization","@id":"https:\/\/www.heartfailurematters.org\/sv\/#organization","name":"Heart Failure Matters","url":"https:\/\/www.heartfailurematters.org\/sv\/","logo":{"@type":"ImageObject","inLanguage":"sv-SE","@id":"https:\/\/www.heartfailurematters.org\/sv\/#\/schema\/logo\/image\/","url":"https:\/\/cdn-endpoint-hfm.azureedge.net\/heartfailurematters\/2024\/07\/hfm-logo1.jpg","contentUrl":"https:\/\/cdn-endpoint-hfm.azureedge.net\/heartfailurematters\/2024\/07\/hfm-logo1.jpg","width":1280,"height":720,"caption":"Heart Failure Matters"},"image":{"@id":"https:\/\/www.heartfailurematters.org\/sv\/#\/schema\/logo\/image\/"},"sameAs":["https:\/\/www.facebook.com\/heartfailurematters"]}]}},"_links":{"self":[{"href":"https:\/\/www.heartfailurematters.org\/sv\/wp-json\/wp\/v2\/pages\/2420","targetHints":{"allow":["GET"]}}],"collection":[{"href":"https:\/\/www.heartfailurematters.org\/sv\/wp-json\/wp\/v2\/pages"}],"about":[{"href":"https:\/\/www.heartfailurematters.org\/sv\/wp-json\/wp\/v2\/types\/page"}],"author":[{"embeddable":true,"href":"https:\/\/www.heartfailurematters.org\/sv\/wp-json\/wp\/v2\/users\/1"}],"replies":[{"embeddable":true,"href":"https:\/\/www.heartfailurematters.org\/sv\/wp-json\/wp\/v2\/comments?post=2420"}],"version-history":[{"count":1,"href":"https:\/\/www.heartfailurematters.org\/sv\/wp-json\/wp\/v2\/pages\/2420\/revisions"}],"predecessor-version":[{"id":7007,"href":"https:\/\/www.heartfailurematters.org\/sv\/wp-json\/wp\/v2\/pages\/2420\/revisions\/7007"}],"up":[{"embeddable":true,"href":"https:\/\/www.heartfailurematters.org\/sv\/wp-json\/wp\/v2\/pages\/2767"}],"wp:attachment":[{"href":"https:\/\/www.heartfailurematters.org\/sv\/wp-json\/wp\/v2\/media?parent=2420"}],"wp:term":[{"taxonomy":"category","embeddable":true,"href":"https:\/\/www.heartfailurematters.org\/sv\/wp-json\/wp\/v2\/categories?post=2420"},{"taxonomy":"post_tag","embeddable":true,"href":"https:\/\/www.heartfailurematters.org\/sv\/wp-json\/wp\/v2\/tags?post=2420"}],"curies":[{"name":"wp","href":"https:\/\/api.w.org\/{rel}","templated":true}]}}