{"id":2416,"date":"2021-01-27T22:11:33","date_gmt":"2021-01-27T22:11:33","guid":{"rendered":"http:\/\/heartfailurematters.local:8888\/syfte-och-anvandarvillkor\/"},"modified":"2024-07-30T14:21:37","modified_gmt":"2024-07-30T13:21:37","slug":"syfte-och-anvandarvillkor","status":"publish","type":"page","link":"https:\/\/www.heartfailurematters.org\/sv\/syfte-och-anvandarvillkor\/","title":{"rendered":"Syfte och anv\u00e4ndarvillkor"},"content":{"rendered":"<p><strong><span style=\"text-decoration: underline;\">Syftet med denna webbplats:<\/span> <\/strong><\/p>\n<ul>\n<li><strong>Att f\u00f6rb\u00e4ttra livskvaliteten och h\u00e4lsan f\u00f6r patienter med hj\u00e4rtsvikt <\/strong><\/li>\n<li><strong>Att hj\u00e4lpa patienter, deras familjer och v\u00e5rdare att f\u00e5 en b\u00e4ttre f\u00f6rst\u00e5else f\u00f6r tillst\u00e5ndet hj\u00e4rtsvikt<\/strong><\/li>\n<\/ul>\n<p>Alla rekommendationer p\u00e5 denna sida \u00e4r i enlighet med de europeiska riktlinjerna (<a title=\"Praktiska riktlinjer f\u00f6r akut och kronisk hj\u00e4rtsvikt fr\u00e5n European Society of Cardiology\" href=\"https:\/\/www.escardio.org\/Guidelines\/Clinical-Practice-Guidelines\/Acute-and-Chronic-Heart-Failure\" target=\"_blank\" rel=\"noopener\">se European Society of Cardiology praktiska riktlinjer vid hj\u00e4rtsvikt h\u00e4r<\/a>)<\/p>\n<p><strong>1. Anv\u00e4ndarvillkor<\/strong><\/p>\n<p>Webbplatsen <em>heartfailurematters.org<\/em> har utvecklats under ledning av Heart Failure Association of the European Society of Cardiology (HFA of the ESC). Heart Failure Association of the ESC \u00e4r en registrerad avdelning av European Society of Cardiology (ESC). Tillg\u00e5ng till och anv\u00e4ndning av denna webbplats tillhandah\u00e5lls av ESC enligt f\u00f6ljande anv\u00e4ndarvillkor:<\/p>\n<p>1. <strong>Genom att anv\u00e4nda denna webbplats<\/strong> accepterar du dessa anv\u00e4ndarvillkor fr\u00e5n datumet f\u00f6r f\u00f6rsta anv\u00e4ndningen av webbplatsen.<\/p>\n<p>2. ESC f\u00f6rbeh\u00e5ller sig r\u00e4tten att \u00e4ndra dessa anv\u00e4ndarvillkor n\u00e4r som helst genom att publicera \u00e4ndringarna p\u00e5 n\u00e4tet. Genom att forts\u00e4tta att anv\u00e4nda denna webbplats efter det att \u00e4ndringar har inf\u00f6rts, accepterar du avtalet med \u00e4ndringar.<\/p>\n<p>3. Du samtycker till att endast anv\u00e4nda denna webbplats f\u00f6r lagliga syften och p\u00e5 ett s\u00e4tt som inte g\u00f6r intr\u00e5ng p\u00e5 r\u00e4ttigheter eller begr\u00e4nsar eller f\u00f6rhindrar anv\u00e4ndningen och nyttan av webbplatsen av n\u00e5gon tredje part.<\/p>\n<p><strong>2. Friskrivningsklausul<\/strong><\/p>\n<p>1. ESC ansvarar under inga omst\u00e4ndigheter f\u00f6r anv\u00e4ndaren eller n\u00e5gon annan f\u00f6r n\u00e5got beslut eller \u00e5tg\u00e4rd som vidtagits i tilltro p\u00e5 den information som finns i eller tillhandah\u00e5lls genom denna webbplats, och inte heller f\u00f6r n\u00e5gra tillf\u00e4lliga, indirekta, speciella eller h\u00e4rav f\u00f6ljande skador.<\/p>\n<p>2. Informationen p\u00e5 denna webbplats \u00e4r avsedd att komplettera det st\u00f6d och den v\u00e5rd som ges av kvalificerad sjukv\u00e5rdspersonal. Denna webbplats \u00e4r inte avsedd som ers\u00e4ttning f\u00f6r professionell medicinsk r\u00e5dgivning eller medicinsk v\u00e5rd. All medicinsk behandling (eller avbrytande av behandling) b\u00f6r ske efter inr\u00e5dan av l\u00e4kare eller sjuksk\u00f6terska. All information p\u00e5 webbplatsen tillhandah\u00e5lls endast i utbildningssyfte.<\/p>\n<p>3. \u00c4ven om ESC har vidtagit alla f\u00f6rsiktighets\u00e5tg\u00e4rder f\u00f6r att sammanst\u00e4lla denna webbplats, har man inte m\u00f6jlighet att ta del av alla uppgifter f\u00f6r att avg\u00f6ra sanningsenlighet, noggrannhet, tillf\u00f6rlitlighet, fullst\u00e4ndighet eller relevans d\u00e4rav. ESC kommer inte under n\u00e5gra omst\u00e4ndigheter att ansvara f\u00f6r n\u00e5gra skador, inklusive, utan begr\u00e4nsning, indirekta skador eller f\u00f6ljdskador, eller skador eller utebliven vinst som uppst\u00e5r genom anv\u00e4ndning eller i samband med s\u00e5dan anv\u00e4ndning eller f\u00f6rlust av anv\u00e4ndning av webbplatsen, vare sig i en avtalssituation eller vid f\u00f6rsumlighet.<\/p>\n<p>4. ESC eller dess personal eller medarbetare p\u00e5 webbplatsen, kommer inte under n\u00e5gra omst\u00e4ndigheter att vara ansvarig inf\u00f6r dig, som webbplatsbes\u00f6kare eller n\u00e5gon annan fysisk eller juridisk person, f\u00f6r beslut som fattats eller som n\u00e5gon agerat p\u00e5, till f\u00f6ljd av tilltro till information som finns p\u00e5 webbplatsen. Du samtycker till att varken ESC, personal eller medarbetare p\u00e5 webbplatsen, b\u00e4r n\u00e5got ansvar f\u00f6r eventuella skador (inklusive, utan begr\u00e4nsning, direkta, indirekta, tillf\u00e4lliga, s\u00e4rskilda skador eller f\u00f6ljdskador), eller f\u00f6rlust av data eller vinst, \u00e4ven om HFA ESC eller n\u00e5gon personal, medarbetare eller webbplats har underr\u00e4ttats om m\u00f6jligheten av en s\u00e5dan f\u00f6rlust.<\/p>\n<p>5. ESC garanterar inte att de tekniska funktionerna i det material som finns p\u00e5 denna webbplats kommer att vara ost\u00f6rda eller felfria, att fel kommer att korrigeras eller att denna webbplats eller servern som g\u00f6r den tillg\u00e4nglig \u00e4r fri fr\u00e5n virus eller buggar eller att materialet \u00e4r helt funktionsdugligt, korrekt och tillf\u00f6rlitligt.<\/p>\n<p><strong>3. Begr\u00e4nsningar i upphovsr\u00e4tt<\/strong><\/p>\n<p>1. Webbplatsen <em>heartfailurematters.org<\/em> \u00e4gs av European Society of Cardiology (ESC). Kommersiellt bruk eller offentligg\u00f6rande av alla eller n\u00e5gon post som visas \u00e4r str\u00e4ngt f\u00f6rbjudet utan skriftligt tillst\u00e5nd fr\u00e5n ESC.<\/p>\n<p>Dokument p\u00e5 denna webbplats f\u00e5r kopieras f\u00f6r personligt, icke-kommersiellt bruk under f\u00f6ruts\u00e4ttning att upphovsr\u00e4tts- och k\u00e4llindikationer ocks\u00e5 kopieras, inga \u00e4ndringar g\u00f6rs och dokumentet kopieras helt. Vissa dokument och foton har emellertid publicerats p\u00e5 denna webbplats med tillst\u00e5nd av de ber\u00f6rda upphovsr\u00e4ttsinnehavarna (som inte \u00e4r ESC). Alla r\u00e4ttigheter \u00e4r begr\u00e4nsade f\u00f6r dessa dokument och tillst\u00e5nd att kopiera dem m\u00e5ste beg\u00e4ras fr\u00e5n upphovsr\u00e4ttsinnehavaren (k\u00e4llorna anges inom dessa dokument\/bilder).<\/p>\n<p>2. All icke godk\u00e4nd anv\u00e4ndning kan leda till att \u00e5tg\u00e4rder vidtas av ESC f\u00f6r att kr\u00e4va avl\u00e4gsnande av ber\u00f6rt material fr\u00e5n visning\/distribution samt eventuella r\u00e4ttsliga \u00e5tg\u00e4rder.<\/p>\n<p>3. Webbplatsen inneh\u00e5ller l\u00e4nkar till webbplatser som drivs av andra parter \u00e4n ESC. S\u00e5dana l\u00e4nkar \u00e4r endast avsedda som ett hj\u00e4lpmedel f\u00f6r anv\u00e4ndarna. ESC kontrollerar inte dessa webbplatser och ansvarar inte f\u00f6r inneh\u00e5llet p\u00e5 dem. ESC:s integration av l\u00e4nkar till s\u00e5dana webbplatser inneb\u00e4r inte n\u00e5got godk\u00e4nnande av materialet p\u00e5 s\u00e5dana webbplatser eller n\u00e5gon koppling till deras operat\u00f6rer. Anv\u00e4ndaren \u00e4r ensam ansvarig f\u00f6r utv\u00e4rdering av riktigheten och fullst\u00e4ndigheten i information som finns p\u00e5 tredje parts webbplatser, och \u00e4ven v\u00e4rde och skick av varor och tj\u00e4nster som erbjuds av s\u00e5dana webbplatser.<\/p>\n<p>Om dessa anv\u00e4ndarvillkor inte accepteras i sin helhet, m\u00e5ste anv\u00e4ndningen av denna webbplats avslutas omedelbart.<\/p>\n","protected":false},"excerpt":{"rendered":"<p>Syftet med denna webbplats: Att f\u00f6rb\u00e4ttra livskvaliteten och h\u00e4lsan f\u00f6r patienter med hj\u00e4rtsvikt Att hj\u00e4lpa patienter, deras familjer och v\u00e5rdare att f\u00e5 en b\u00e4ttre f\u00f6rst\u00e5else f\u00f6r tillst\u00e5ndet hj\u00e4rtsvikt Alla rekommendationer p\u00e5 denna sida \u00e4r i enlighet med de europeiska riktlinjerna (se European Society of Cardiology praktiska riktlinjer vid hj\u00e4rtsvikt h\u00e4r) 1. Anv\u00e4ndarvillkor Webbplatsen heartfailurematters.org har [&hellip;]<\/p>\n","protected":false},"author":1,"featured_media":0,"parent":0,"menu_order":0,"comment_status":"open","ping_status":"open","template":"","meta":{"_acf_changed":false,"footnotes":""},"categories":[],"tags":[],"class_list":["post-2416","page","type-page","status-publish","hentry"],"acf":[],"yoast_head":"<!-- This site is optimized with the Yoast SEO plugin v24.8.1 - https:\/\/yoast.com\/wordpress\/plugins\/seo\/ -->\n<title>Syfte och anv\u00e4ndarvillkor<\/title>\n<meta name=\"description\" content=\"Syftet med denna webbplats \u00e4r att hj\u00e4lpa patienter, deras familjer och v\u00e5rdare att f\u00e5 en b\u00e4ttre f\u00f6rst\u00e5else av tillst\u00e5ndet hj\u00e4rtsvikt.\" \/>\n<meta name=\"robots\" content=\"index, follow, max-snippet:-1, max-image-preview:large, max-video-preview:-1\" \/>\n<link rel=\"canonical\" href=\"https:\/\/www.heartfailurematters.org\/sv\/syfte-och-anvandarvillkor\/\" \/>\n<meta property=\"og:locale\" content=\"sv_SE\" \/>\n<meta property=\"og:type\" content=\"article\" \/>\n<meta property=\"og:title\" content=\"Syfte och anv\u00e4ndarvillkor\" \/>\n<meta property=\"og:description\" content=\"Syftet med denna webbplats \u00e4r att hj\u00e4lpa patienter, deras familjer och v\u00e5rdare att f\u00e5 en b\u00e4ttre f\u00f6rst\u00e5else av tillst\u00e5ndet hj\u00e4rtsvikt.\" \/>\n<meta property=\"og:url\" content=\"https:\/\/www.heartfailurematters.org\/sv\/syfte-och-anvandarvillkor\/\" \/>\n<meta property=\"og:site_name\" content=\"Heart Failure Matters\" \/>\n<meta property=\"article:publisher\" content=\"https:\/\/www.facebook.com\/heartfailurematters\" \/>\n<meta property=\"article:modified_time\" content=\"2024-07-30T13:21:37+00:00\" \/>\n<meta name=\"twitter:card\" content=\"summary_large_image\" \/>\n<meta name=\"twitter:label1\" content=\"Ber\u00e4knad l\u00e4stid\" \/>\n\t<meta name=\"twitter:data1\" content=\"4 minuter\" \/>\n<script type=\"application\/ld+json\" class=\"yoast-schema-graph\">{\"@context\":\"https:\/\/schema.org\",\"@graph\":[{\"@type\":\"WebPage\",\"@id\":\"https:\/\/www.heartfailurematters.org\/sv\/syfte-och-anvandarvillkor\/\",\"url\":\"https:\/\/www.heartfailurematters.org\/sv\/syfte-och-anvandarvillkor\/\",\"name\":\"Syfte och anv\u00e4ndarvillkor\",\"isPartOf\":{\"@id\":\"https:\/\/www.heartfailurematters.org\/sv\/#website\"},\"datePublished\":\"2021-01-27T22:11:33+00:00\",\"dateModified\":\"2024-07-30T13:21:37+00:00\",\"description\":\"Syftet med denna webbplats \u00e4r att hj\u00e4lpa patienter, deras familjer och v\u00e5rdare att f\u00e5 en b\u00e4ttre f\u00f6rst\u00e5else av tillst\u00e5ndet hj\u00e4rtsvikt.\",\"breadcrumb\":{\"@id\":\"https:\/\/www.heartfailurematters.org\/sv\/syfte-och-anvandarvillkor\/#breadcrumb\"},\"inLanguage\":\"sv-SE\",\"potentialAction\":[{\"@type\":\"ReadAction\",\"target\":[\"https:\/\/www.heartfailurematters.org\/sv\/syfte-och-anvandarvillkor\/\"]}]},{\"@type\":\"BreadcrumbList\",\"@id\":\"https:\/\/www.heartfailurematters.org\/sv\/syfte-och-anvandarvillkor\/#breadcrumb\",\"itemListElement\":[{\"@type\":\"ListItem\",\"position\":1,\"name\":\"Hem\",\"item\":\"https:\/\/www.heartfailurematters.org\/sv\/\"},{\"@type\":\"ListItem\",\"position\":2,\"name\":\"Syfte och anv\u00e4ndarvillkor\"}]},{\"@type\":\"WebSite\",\"@id\":\"https:\/\/www.heartfailurematters.org\/sv\/#website\",\"url\":\"https:\/\/www.heartfailurematters.org\/sv\/\",\"name\":\"Heart Failure Matters\",\"description\":\"Practical information for patients, families and caregivers.\",\"publisher\":{\"@id\":\"https:\/\/www.heartfailurematters.org\/sv\/#organization\"},\"potentialAction\":[{\"@type\":\"SearchAction\",\"target\":{\"@type\":\"EntryPoint\",\"urlTemplate\":\"https:\/\/www.heartfailurematters.org\/sv\/?s={search_term_string}\"},\"query-input\":{\"@type\":\"PropertyValueSpecification\",\"valueRequired\":true,\"valueName\":\"search_term_string\"}}],\"inLanguage\":\"sv-SE\"},{\"@type\":\"Organization\",\"@id\":\"https:\/\/www.heartfailurematters.org\/sv\/#organization\",\"name\":\"Heart Failure Matters\",\"url\":\"https:\/\/www.heartfailurematters.org\/sv\/\",\"logo\":{\"@type\":\"ImageObject\",\"inLanguage\":\"sv-SE\",\"@id\":\"https:\/\/www.heartfailurematters.org\/sv\/#\/schema\/logo\/image\/\",\"url\":\"https:\/\/cdn-endpoint-hfm.azureedge.net\/heartfailurematters\/2024\/07\/hfm-logo1.jpg\",\"contentUrl\":\"https:\/\/cdn-endpoint-hfm.azureedge.net\/heartfailurematters\/2024\/07\/hfm-logo1.jpg\",\"width\":1280,\"height\":720,\"caption\":\"Heart Failure Matters\"},\"image\":{\"@id\":\"https:\/\/www.heartfailurematters.org\/sv\/#\/schema\/logo\/image\/\"},\"sameAs\":[\"https:\/\/www.facebook.com\/heartfailurematters\"]}]}<\/script>\n<!-- \/ Yoast SEO plugin. -->","yoast_head_json":{"title":"Syfte och anv\u00e4ndarvillkor","description":"Syftet med denna webbplats \u00e4r att hj\u00e4lpa patienter, deras familjer och v\u00e5rdare att f\u00e5 en b\u00e4ttre f\u00f6rst\u00e5else av tillst\u00e5ndet hj\u00e4rtsvikt.","robots":{"index":"index","follow":"follow","max-snippet":"max-snippet:-1","max-image-preview":"max-image-preview:large","max-video-preview":"max-video-preview:-1"},"canonical":"https:\/\/www.heartfailurematters.org\/sv\/syfte-och-anvandarvillkor\/","og_locale":"sv_SE","og_type":"article","og_title":"Syfte och anv\u00e4ndarvillkor","og_description":"Syftet med denna webbplats \u00e4r att hj\u00e4lpa patienter, deras familjer och v\u00e5rdare att f\u00e5 en b\u00e4ttre f\u00f6rst\u00e5else av tillst\u00e5ndet hj\u00e4rtsvikt.","og_url":"https:\/\/www.heartfailurematters.org\/sv\/syfte-och-anvandarvillkor\/","og_site_name":"Heart Failure Matters","article_publisher":"https:\/\/www.facebook.com\/heartfailurematters","article_modified_time":"2024-07-30T13:21:37+00:00","twitter_card":"summary_large_image","twitter_misc":{"Ber\u00e4knad l\u00e4stid":"4 minuter"},"schema":{"@context":"https:\/\/schema.org","@graph":[{"@type":"WebPage","@id":"https:\/\/www.heartfailurematters.org\/sv\/syfte-och-anvandarvillkor\/","url":"https:\/\/www.heartfailurematters.org\/sv\/syfte-och-anvandarvillkor\/","name":"Syfte och anv\u00e4ndarvillkor","isPartOf":{"@id":"https:\/\/www.heartfailurematters.org\/sv\/#website"},"datePublished":"2021-01-27T22:11:33+00:00","dateModified":"2024-07-30T13:21:37+00:00","description":"Syftet med denna webbplats \u00e4r att hj\u00e4lpa patienter, deras familjer och v\u00e5rdare att f\u00e5 en b\u00e4ttre f\u00f6rst\u00e5else av tillst\u00e5ndet hj\u00e4rtsvikt.","breadcrumb":{"@id":"https:\/\/www.heartfailurematters.org\/sv\/syfte-och-anvandarvillkor\/#breadcrumb"},"inLanguage":"sv-SE","potentialAction":[{"@type":"ReadAction","target":["https:\/\/www.heartfailurematters.org\/sv\/syfte-och-anvandarvillkor\/"]}]},{"@type":"BreadcrumbList","@id":"https:\/\/www.heartfailurematters.org\/sv\/syfte-och-anvandarvillkor\/#breadcrumb","itemListElement":[{"@type":"ListItem","position":1,"name":"Hem","item":"https:\/\/www.heartfailurematters.org\/sv\/"},{"@type":"ListItem","position":2,"name":"Syfte och anv\u00e4ndarvillkor"}]},{"@type":"WebSite","@id":"https:\/\/www.heartfailurematters.org\/sv\/#website","url":"https:\/\/www.heartfailurematters.org\/sv\/","name":"Heart Failure Matters","description":"Practical information for patients, families and caregivers.","publisher":{"@id":"https:\/\/www.heartfailurematters.org\/sv\/#organization"},"potentialAction":[{"@type":"SearchAction","target":{"@type":"EntryPoint","urlTemplate":"https:\/\/www.heartfailurematters.org\/sv\/?s={search_term_string}"},"query-input":{"@type":"PropertyValueSpecification","valueRequired":true,"valueName":"search_term_string"}}],"inLanguage":"sv-SE"},{"@type":"Organization","@id":"https:\/\/www.heartfailurematters.org\/sv\/#organization","name":"Heart Failure Matters","url":"https:\/\/www.heartfailurematters.org\/sv\/","logo":{"@type":"ImageObject","inLanguage":"sv-SE","@id":"https:\/\/www.heartfailurematters.org\/sv\/#\/schema\/logo\/image\/","url":"https:\/\/cdn-endpoint-hfm.azureedge.net\/heartfailurematters\/2024\/07\/hfm-logo1.jpg","contentUrl":"https:\/\/cdn-endpoint-hfm.azureedge.net\/heartfailurematters\/2024\/07\/hfm-logo1.jpg","width":1280,"height":720,"caption":"Heart Failure Matters"},"image":{"@id":"https:\/\/www.heartfailurematters.org\/sv\/#\/schema\/logo\/image\/"},"sameAs":["https:\/\/www.facebook.com\/heartfailurematters"]}]}},"_links":{"self":[{"href":"https:\/\/www.heartfailurematters.org\/sv\/wp-json\/wp\/v2\/pages\/2416","targetHints":{"allow":["GET"]}}],"collection":[{"href":"https:\/\/www.heartfailurematters.org\/sv\/wp-json\/wp\/v2\/pages"}],"about":[{"href":"https:\/\/www.heartfailurematters.org\/sv\/wp-json\/wp\/v2\/types\/page"}],"author":[{"embeddable":true,"href":"https:\/\/www.heartfailurematters.org\/sv\/wp-json\/wp\/v2\/users\/1"}],"replies":[{"embeddable":true,"href":"https:\/\/www.heartfailurematters.org\/sv\/wp-json\/wp\/v2\/comments?post=2416"}],"version-history":[{"count":1,"href":"https:\/\/www.heartfailurematters.org\/sv\/wp-json\/wp\/v2\/pages\/2416\/revisions"}],"predecessor-version":[{"id":13507,"href":"https:\/\/www.heartfailurematters.org\/sv\/wp-json\/wp\/v2\/pages\/2416\/revisions\/13507"}],"wp:attachment":[{"href":"https:\/\/www.heartfailurematters.org\/sv\/wp-json\/wp\/v2\/media?parent=2416"}],"wp:term":[{"taxonomy":"category","embeddable":true,"href":"https:\/\/www.heartfailurematters.org\/sv\/wp-json\/wp\/v2\/categories?post=2416"},{"taxonomy":"post_tag","embeddable":true,"href":"https:\/\/www.heartfailurematters.org\/sv\/wp-json\/wp\/v2\/tags?post=2416"}],"curies":[{"name":"wp","href":"https:\/\/api.w.org\/{rel}","templated":true}]}}