{"id":2414,"date":"2021-01-27T22:11:33","date_gmt":"2021-01-27T22:11:33","guid":{"rendered":"http:\/\/heartfailurematters.local:8888\/inledning\/"},"modified":"2022-02-24T15:55:36","modified_gmt":"2022-02-24T15:55:36","slug":"inledning","status":"publish","type":"page","link":"https:\/\/www.heartfailurematters.org\/sv\/att-forsta-hjartsvikt\/inledning\/","title":{"rendered":"Inledning"},"content":{"rendered":"<p>Om du eller n\u00e5gon n\u00e4rst\u00e5ende har f\u00e5tt veta av din l\u00e4kare att du har hj\u00e4rtsvikt \u00e4r det f\u00f6rst\u00e5eligt att k\u00e4nna sig r\u00e4dd eller f\u00f6rvirrad. Hj\u00e4rtsvikt \u00e4r ett vanligt, men allvarligt tillst\u00e5nd som oftast inte g\u00e5r att bota. Men genom att f\u00f6rst\u00e5 ditt tillst\u00e5nd, f\u00f6lja behandlingsplanen enligt din l\u00e4kares rekommendationer och genom att g\u00f6ra enkla livsstilsf\u00f6r\u00e4ndringar, kan du leva l\u00e4ngre, m\u00e5 b\u00e4ttre och g\u00f6ra mer.<\/p>\n<p>Detta avsnitt f\u00f6rklarar vad som h\u00e4nder inuti kroppen hos n\u00e5gon med hj\u00e4rtsvikt, hur det kan orsakas och vilka medicinska unders\u00f6kningar din l\u00e4kare kan rekommendera.<\/p>\n","protected":false},"excerpt":{"rendered":"<p>Om du eller n\u00e5gon n\u00e4rst\u00e5ende har f\u00e5tt veta av din l\u00e4kare att du har hj\u00e4rtsvikt \u00e4r det f\u00f6rst\u00e5eligt att k\u00e4nna sig r\u00e4dd eller f\u00f6rvirrad. Hj\u00e4rtsvikt \u00e4r ett vanligt, men allvarligt tillst\u00e5nd som oftast inte g\u00e5r att bota. Men genom att f\u00f6rst\u00e5 ditt tillst\u00e5nd, f\u00f6lja behandlingsplanen enligt din l\u00e4kares rekommendationer och genom att g\u00f6ra enkla livsstilsf\u00f6r\u00e4ndringar, [&hellip;]<\/p>\n","protected":false},"author":1,"featured_media":10543,"parent":2421,"menu_order":1,"comment_status":"open","ping_status":"closed","template":"","meta":{"_acf_changed":false,"footnotes":""},"categories":[124],"tags":[],"class_list":["post-2414","page","type-page","status-publish","has-post-thumbnail","hentry","category-understanding-heart-failure-sv"],"acf":[],"yoast_head":"<!-- This site is optimized with the Yoast SEO plugin v24.8.1 - https:\/\/yoast.com\/wordpress\/plugins\/seo\/ -->\n<title>Introduktion till hj\u00e4rtsviktInledning<\/title>\n<meta name=\"description\" content=\"Inledningen av avsnittet f\u00f6rklarar vad hj\u00e4rtsvikt \u00e4r, dess orsaker och symtom.\" \/>\n<meta name=\"robots\" content=\"index, follow, max-snippet:-1, max-image-preview:large, max-video-preview:-1\" \/>\n<link rel=\"canonical\" href=\"https:\/\/www.heartfailurematters.org\/sv\/att-forsta-hjartsvikt\/inledning\/\" \/>\n<meta property=\"og:locale\" content=\"sv_SE\" \/>\n<meta property=\"og:type\" content=\"article\" \/>\n<meta property=\"og:title\" content=\"Introduktion till hj\u00e4rtsviktInledning\" \/>\n<meta property=\"og:description\" content=\"Inledningen av avsnittet f\u00f6rklarar vad hj\u00e4rtsvikt \u00e4r, dess orsaker och symtom.\" \/>\n<meta property=\"og:url\" content=\"https:\/\/www.heartfailurematters.org\/sv\/att-forsta-hjartsvikt\/inledning\/\" \/>\n<meta property=\"og:site_name\" content=\"Heart Failure Matters\" \/>\n<meta property=\"article:publisher\" content=\"https:\/\/www.facebook.com\/heartfailurematters\" \/>\n<meta property=\"article:modified_time\" content=\"2022-02-24T15:55:36+00:00\" \/>\n<meta property=\"og:image\" content=\"https:\/\/www.heartfailurematters.org\/wp-content\/uploads\/2022\/02\/shutterstock_258402434-1-min.jpg\" \/>\n\t<meta property=\"og:image:width\" content=\"900\" \/>\n\t<meta property=\"og:image:height\" content=\"475\" \/>\n\t<meta property=\"og:image:type\" content=\"image\/jpeg\" \/>\n<meta name=\"twitter:card\" content=\"summary_large_image\" \/>\n<meta name=\"twitter:label1\" content=\"Ber\u00e4knad l\u00e4stid\" \/>\n\t<meta name=\"twitter:data1\" content=\"1 minut\" \/>\n<script type=\"application\/ld+json\" class=\"yoast-schema-graph\">{\"@context\":\"https:\/\/schema.org\",\"@graph\":[{\"@type\":\"WebPage\",\"@id\":\"https:\/\/www.heartfailurematters.org\/sv\/att-forsta-hjartsvikt\/inledning\/\",\"url\":\"https:\/\/www.heartfailurematters.org\/sv\/att-forsta-hjartsvikt\/inledning\/\",\"name\":\"Introduktion till hj\u00e4rtsviktInledning\",\"isPartOf\":{\"@id\":\"https:\/\/www.heartfailurematters.org\/sv\/#website\"},\"primaryImageOfPage\":{\"@id\":\"https:\/\/www.heartfailurematters.org\/sv\/att-forsta-hjartsvikt\/inledning\/#primaryimage\"},\"image\":{\"@id\":\"https:\/\/www.heartfailurematters.org\/sv\/att-forsta-hjartsvikt\/inledning\/#primaryimage\"},\"thumbnailUrl\":\"https:\/\/www.heartfailurematters.org\/wp-content\/uploads\/2022\/02\/shutterstock_258402434-1-min.jpg\",\"datePublished\":\"2021-01-27T22:11:33+00:00\",\"dateModified\":\"2022-02-24T15:55:36+00:00\",\"description\":\"Inledningen av avsnittet f\u00f6rklarar vad hj\u00e4rtsvikt \u00e4r, dess orsaker och symtom.\",\"breadcrumb\":{\"@id\":\"https:\/\/www.heartfailurematters.org\/sv\/att-forsta-hjartsvikt\/inledning\/#breadcrumb\"},\"inLanguage\":\"sv-SE\",\"potentialAction\":[{\"@type\":\"ReadAction\",\"target\":[\"https:\/\/www.heartfailurematters.org\/sv\/att-forsta-hjartsvikt\/inledning\/\"]}]},{\"@type\":\"ImageObject\",\"inLanguage\":\"sv-SE\",\"@id\":\"https:\/\/www.heartfailurematters.org\/sv\/att-forsta-hjartsvikt\/inledning\/#primaryimage\",\"url\":\"https:\/\/www.heartfailurematters.org\/wp-content\/uploads\/2022\/02\/shutterstock_258402434-1-min.jpg\",\"contentUrl\":\"https:\/\/www.heartfailurematters.org\/wp-content\/uploads\/2022\/02\/shutterstock_258402434-1-min.jpg\",\"width\":900,\"height\":475},{\"@type\":\"BreadcrumbList\",\"@id\":\"https:\/\/www.heartfailurematters.org\/sv\/att-forsta-hjartsvikt\/inledning\/#breadcrumb\",\"itemListElement\":[{\"@type\":\"ListItem\",\"position\":1,\"name\":\"Hem\",\"item\":\"https:\/\/www.heartfailurematters.org\/sv\/\"},{\"@type\":\"ListItem\",\"position\":2,\"name\":\"Att f\u00f6rst\u00e5 hj\u00e4rtsvikt\",\"item\":\"https:\/\/www.heartfailurematters.org\/sv\/att-forsta-hjartsvikt\/\"},{\"@type\":\"ListItem\",\"position\":3,\"name\":\"Inledning\"}]},{\"@type\":\"WebSite\",\"@id\":\"https:\/\/www.heartfailurematters.org\/sv\/#website\",\"url\":\"https:\/\/www.heartfailurematters.org\/sv\/\",\"name\":\"Heart Failure Matters\",\"description\":\"Practical information for patients, families and caregivers.\",\"publisher\":{\"@id\":\"https:\/\/www.heartfailurematters.org\/sv\/#organization\"},\"potentialAction\":[{\"@type\":\"SearchAction\",\"target\":{\"@type\":\"EntryPoint\",\"urlTemplate\":\"https:\/\/www.heartfailurematters.org\/sv\/?s={search_term_string}\"},\"query-input\":{\"@type\":\"PropertyValueSpecification\",\"valueRequired\":true,\"valueName\":\"search_term_string\"}}],\"inLanguage\":\"sv-SE\"},{\"@type\":\"Organization\",\"@id\":\"https:\/\/www.heartfailurematters.org\/sv\/#organization\",\"name\":\"Heart Failure Matters\",\"url\":\"https:\/\/www.heartfailurematters.org\/sv\/\",\"logo\":{\"@type\":\"ImageObject\",\"inLanguage\":\"sv-SE\",\"@id\":\"https:\/\/www.heartfailurematters.org\/sv\/#\/schema\/logo\/image\/\",\"url\":\"https:\/\/cdn-endpoint-hfm.azureedge.net\/heartfailurematters\/2024\/07\/hfm-logo1.jpg\",\"contentUrl\":\"https:\/\/cdn-endpoint-hfm.azureedge.net\/heartfailurematters\/2024\/07\/hfm-logo1.jpg\",\"width\":1280,\"height\":720,\"caption\":\"Heart Failure Matters\"},\"image\":{\"@id\":\"https:\/\/www.heartfailurematters.org\/sv\/#\/schema\/logo\/image\/\"},\"sameAs\":[\"https:\/\/www.facebook.com\/heartfailurematters\"]}]}<\/script>\n<!-- \/ Yoast SEO plugin. -->","yoast_head_json":{"title":"Introduktion till hj\u00e4rtsviktInledning","description":"Inledningen av avsnittet f\u00f6rklarar vad hj\u00e4rtsvikt \u00e4r, dess orsaker och symtom.","robots":{"index":"index","follow":"follow","max-snippet":"max-snippet:-1","max-image-preview":"max-image-preview:large","max-video-preview":"max-video-preview:-1"},"canonical":"https:\/\/www.heartfailurematters.org\/sv\/att-forsta-hjartsvikt\/inledning\/","og_locale":"sv_SE","og_type":"article","og_title":"Introduktion till hj\u00e4rtsviktInledning","og_description":"Inledningen av avsnittet f\u00f6rklarar vad hj\u00e4rtsvikt \u00e4r, dess orsaker och symtom.","og_url":"https:\/\/www.heartfailurematters.org\/sv\/att-forsta-hjartsvikt\/inledning\/","og_site_name":"Heart Failure Matters","article_publisher":"https:\/\/www.facebook.com\/heartfailurematters","article_modified_time":"2022-02-24T15:55:36+00:00","og_image":[{"width":900,"height":475,"url":"https:\/\/www.heartfailurematters.org\/wp-content\/uploads\/2022\/02\/shutterstock_258402434-1-min.jpg","type":"image\/jpeg"}],"twitter_card":"summary_large_image","twitter_misc":{"Ber\u00e4knad l\u00e4stid":"1 minut"},"schema":{"@context":"https:\/\/schema.org","@graph":[{"@type":"WebPage","@id":"https:\/\/www.heartfailurematters.org\/sv\/att-forsta-hjartsvikt\/inledning\/","url":"https:\/\/www.heartfailurematters.org\/sv\/att-forsta-hjartsvikt\/inledning\/","name":"Introduktion till hj\u00e4rtsviktInledning","isPartOf":{"@id":"https:\/\/www.heartfailurematters.org\/sv\/#website"},"primaryImageOfPage":{"@id":"https:\/\/www.heartfailurematters.org\/sv\/att-forsta-hjartsvikt\/inledning\/#primaryimage"},"image":{"@id":"https:\/\/www.heartfailurematters.org\/sv\/att-forsta-hjartsvikt\/inledning\/#primaryimage"},"thumbnailUrl":"https:\/\/www.heartfailurematters.org\/wp-content\/uploads\/2022\/02\/shutterstock_258402434-1-min.jpg","datePublished":"2021-01-27T22:11:33+00:00","dateModified":"2022-02-24T15:55:36+00:00","description":"Inledningen av avsnittet f\u00f6rklarar vad hj\u00e4rtsvikt \u00e4r, dess orsaker och symtom.","breadcrumb":{"@id":"https:\/\/www.heartfailurematters.org\/sv\/att-forsta-hjartsvikt\/inledning\/#breadcrumb"},"inLanguage":"sv-SE","potentialAction":[{"@type":"ReadAction","target":["https:\/\/www.heartfailurematters.org\/sv\/att-forsta-hjartsvikt\/inledning\/"]}]},{"@type":"ImageObject","inLanguage":"sv-SE","@id":"https:\/\/www.heartfailurematters.org\/sv\/att-forsta-hjartsvikt\/inledning\/#primaryimage","url":"https:\/\/www.heartfailurematters.org\/wp-content\/uploads\/2022\/02\/shutterstock_258402434-1-min.jpg","contentUrl":"https:\/\/www.heartfailurematters.org\/wp-content\/uploads\/2022\/02\/shutterstock_258402434-1-min.jpg","width":900,"height":475},{"@type":"BreadcrumbList","@id":"https:\/\/www.heartfailurematters.org\/sv\/att-forsta-hjartsvikt\/inledning\/#breadcrumb","itemListElement":[{"@type":"ListItem","position":1,"name":"Hem","item":"https:\/\/www.heartfailurematters.org\/sv\/"},{"@type":"ListItem","position":2,"name":"Att f\u00f6rst\u00e5 hj\u00e4rtsvikt","item":"https:\/\/www.heartfailurematters.org\/sv\/att-forsta-hjartsvikt\/"},{"@type":"ListItem","position":3,"name":"Inledning"}]},{"@type":"WebSite","@id":"https:\/\/www.heartfailurematters.org\/sv\/#website","url":"https:\/\/www.heartfailurematters.org\/sv\/","name":"Heart Failure Matters","description":"Practical information for patients, families and caregivers.","publisher":{"@id":"https:\/\/www.heartfailurematters.org\/sv\/#organization"},"potentialAction":[{"@type":"SearchAction","target":{"@type":"EntryPoint","urlTemplate":"https:\/\/www.heartfailurematters.org\/sv\/?s={search_term_string}"},"query-input":{"@type":"PropertyValueSpecification","valueRequired":true,"valueName":"search_term_string"}}],"inLanguage":"sv-SE"},{"@type":"Organization","@id":"https:\/\/www.heartfailurematters.org\/sv\/#organization","name":"Heart Failure Matters","url":"https:\/\/www.heartfailurematters.org\/sv\/","logo":{"@type":"ImageObject","inLanguage":"sv-SE","@id":"https:\/\/www.heartfailurematters.org\/sv\/#\/schema\/logo\/image\/","url":"https:\/\/cdn-endpoint-hfm.azureedge.net\/heartfailurematters\/2024\/07\/hfm-logo1.jpg","contentUrl":"https:\/\/cdn-endpoint-hfm.azureedge.net\/heartfailurematters\/2024\/07\/hfm-logo1.jpg","width":1280,"height":720,"caption":"Heart Failure Matters"},"image":{"@id":"https:\/\/www.heartfailurematters.org\/sv\/#\/schema\/logo\/image\/"},"sameAs":["https:\/\/www.facebook.com\/heartfailurematters"]}]}},"_links":{"self":[{"href":"https:\/\/www.heartfailurematters.org\/sv\/wp-json\/wp\/v2\/pages\/2414","targetHints":{"allow":["GET"]}}],"collection":[{"href":"https:\/\/www.heartfailurematters.org\/sv\/wp-json\/wp\/v2\/pages"}],"about":[{"href":"https:\/\/www.heartfailurematters.org\/sv\/wp-json\/wp\/v2\/types\/page"}],"author":[{"embeddable":true,"href":"https:\/\/www.heartfailurematters.org\/sv\/wp-json\/wp\/v2\/users\/1"}],"replies":[{"embeddable":true,"href":"https:\/\/www.heartfailurematters.org\/sv\/wp-json\/wp\/v2\/comments?post=2414"}],"version-history":[{"count":1,"href":"https:\/\/www.heartfailurematters.org\/sv\/wp-json\/wp\/v2\/pages\/2414\/revisions"}],"predecessor-version":[{"id":9898,"href":"https:\/\/www.heartfailurematters.org\/sv\/wp-json\/wp\/v2\/pages\/2414\/revisions\/9898"}],"up":[{"embeddable":true,"href":"https:\/\/www.heartfailurematters.org\/sv\/wp-json\/wp\/v2\/pages\/2421"}],"wp:featuredmedia":[{"embeddable":true,"href":"https:\/\/www.heartfailurematters.org\/sv\/wp-json\/wp\/v2\/media\/10543"}],"wp:attachment":[{"href":"https:\/\/www.heartfailurematters.org\/sv\/wp-json\/wp\/v2\/media?parent=2414"}],"wp:term":[{"taxonomy":"category","embeddable":true,"href":"https:\/\/www.heartfailurematters.org\/sv\/wp-json\/wp\/v2\/categories?post=2414"},{"taxonomy":"post_tag","embeddable":true,"href":"https:\/\/www.heartfailurematters.org\/sv\/wp-json\/wp\/v2\/tags?post=2414"}],"curies":[{"name":"wp","href":"https:\/\/api.w.org\/{rel}","templated":true}]}}