{"id":2412,"date":"2021-01-27T22:11:33","date_gmt":"2021-01-27T22:11:33","guid":{"rendered":"http:\/\/heartfailurematters.local:8888\/vanliga-hjartsviktsundersokningar\/"},"modified":"2021-07-19T11:13:49","modified_gmt":"2021-07-19T10:13:49","slug":"vanliga-hjartsviktsundersokningar","status":"publish","type":"page","link":"https:\/\/www.heartfailurematters.org\/sv\/att-forsta-hjartsvikt\/vanliga-hjartsviktsundersokningar\/","title":{"rendered":"Vanliga hj\u00e4rtsviktsunders\u00f6kningar?"},"content":{"rendered":"<p><img decoding=\"async\" class=\"size-full wp-image-6301 alignleft\" src=\"https:\/\/cdn-endpoint-hfm.azureedge.net\/heartfailurematters\/2021\/02\/Common-tests.jpg\" alt=\"\" width=\"211\" height=\"206\" \/>Om du misst\u00e4nker att du har symtom p\u00e5 hj\u00e4rtsvikt b\u00f6r du tala med din l\u00e4kare (oftast din prim\u00e4rv\u00e5rdsl\u00e4kare).<\/p>\n<p>Din l\u00e4kare kommer sannolikt att utf\u00f6ra en grundlig kroppsunders\u00f6kning samt st\u00e4lla fr\u00e5gor om symtom, sjukdomshistoria och din livsstil. Det \u00e4r viktigt att du svarar p\u00e5 fr\u00e5gorna s\u00e5 \u00e4rligt och noggrant som m\u00f6jligt s\u00e5 att l\u00e4karen kan st\u00e4lla en korrekt diagnos och tillsammans med dig hitta den b\u00e4sta behandlingen.<\/p>\n<p>Om din l\u00e4kare misst\u00e4nker att du har hj\u00e4rtsvikt kommer han eller hon f\u00f6rmodligen att f\u00f6resl\u00e5 att du f\u00e5r genomg\u00e5 vissa unders\u00f6kningar. Dessa unders\u00f6kningar kommer att visa om ditt hj\u00e4rta fungerar som det ska och, om det inte g\u00f6r det, vad som \u00e4r problemet.<\/p>\n<p>I det h\u00e4r avsnitt f\u00f6rklaras de unders\u00f6kningar som din l\u00e4kare kanske vill att du ska g\u00f6ra och vad testerna kan visa. Klicka p\u00e5 n\u00e5got av unders\u00f6kningarna f\u00f6r mer information.<\/p>\n<p>De vanligaste unders\u00f6kningarna \u00e4r:<\/p>\n<ul>\n<li><a title=\"Medicinsk historik och fysisk unders\u00f6kning\" href=\"https:\/\/www.heartfailurematters.org\/sv\/att-forsta-hjartsvikt\/medicinsk-historik-och-fysisk-undersokning\/\">Medicinsk historik och fysisk unders\u00f6kning<\/a><\/li>\n<li><a title=\"Elektrokardiogram (EKG)\" href=\"https:\/\/www.heartfailurematters.org\/sv\/att-forsta-hjartsvikt\/elektrokardiogram-ekg\/\">Elektrokardiogram (EKG)<\/a><\/li>\n<li><a title=\"Blodprover\" href=\"https:\/\/www.heartfailurematters.org\/sv\/att-forsta-hjartsvikt\/blodprover\/\">Blodprover<\/a><\/li>\n<li><a title=\"Lungr\u00f6ntgen\" href=\"https:\/\/www.heartfailurematters.org\/sv\/att-forsta-hjartsvikt\/lungrontgen\/\">Lungr\u00f6ntgen<\/a><\/li>\n<li><a href=\"https:\/\/www.heartfailurematters.org\/sv\/att-forsta-hjartsvikt\/ekokardiogram\/\">Ekokardiogram<\/a><\/li>\n<\/ul>\n<p>Det finns ytterligare unders\u00f6kningar som kan ge mer information om din hj\u00e4rtsvikt eller identifiera orsaken till den. H\u00e4r ing\u00e5r:<\/p>\n<ul>\n<li><a title=\"Lungfunktionstester\" href=\"https:\/\/www.heartfailurematters.org\/sv\/att-forsta-hjartsvikt\/lungfunktionstester\/\">Lungfunktionstester<\/a><\/li>\n<li><a title=\"Arbetsprov\" href=\"https:\/\/www.heartfailurematters.org\/sv\/att-forsta-hjartsvikt\/arbetsprov\/\">Arbetsprov<\/a><\/li>\n<li><a title=\"Magnetisk resonanstomografi av hj\u00e4rtat\" href=\"https:\/\/www.heartfailurematters.org\/sv\/att-forsta-hjartsvikt\/magnetisk-resonanstomografi-av-hjartat\/\">Magnetresonanstomografi av hj\u00e4rtat (MRI)<\/a><\/li>\n<li><a title=\"Hj\u00e4rtkateterisering och angiografi\" href=\"https:\/\/www.heartfailurematters.org\/sv\/att-forsta-hjartsvikt\/hjartkateterisering-och-angiografi\/\">Hj\u00e4rtkateterisering och angiografi<\/a><\/li>\n<li><a title=\"Nukle\u00e4rmedicinska bildtekniker\" href=\"https:\/\/www.heartfailurematters.org\/sv\/att-forsta-hjartsvikt\/nuklearmedicinska-metoder\/\">Nukle\u00e4rmedicinska bildtekniker<\/a><\/li>\n<li><a title=\"Datortomografi med skiktr\u00f6ntgen (Multi-slice computer tomography \u2013 MSCT)\" href=\"https:\/\/www.heartfailurematters.org\/sv\/att-forsta-hjartsvikt\/datortomografi-med-skiktrontgen-multi-slice-computer-tomography-msct\/\">Datortomografi med skiktr\u00f6ntgen (Multi-slice computer tomography \u2013 MSCT)<\/a><\/li>\n<\/ul>\n<p>Eftersom symtomen som presenteras f\u00f6r l\u00e4karen kan variera mycket mellan olika patienter, kanske du bara beh\u00f6ver g\u00f6ra n\u00e5gra f\u00e5 av dessa tester och det \u00e4r mycket osannolikt att du beh\u00f6ver g\u00f6ra alla. Om du har n\u00e5gra fr\u00e5gor om dina tester b\u00f6r du ta upp dem med din l\u00e4kare.<\/p>\n","protected":false},"excerpt":{"rendered":"<p>Om du misst\u00e4nker att du har symtom p\u00e5 hj\u00e4rtsvikt b\u00f6r du tala med din l\u00e4kare (oftast din prim\u00e4rv\u00e5rdsl\u00e4kare). Din l\u00e4kare kommer sannolikt att utf\u00f6ra en grundlig kroppsunders\u00f6kning samt st\u00e4lla fr\u00e5gor om symtom, sjukdomshistoria och din livsstil. Det \u00e4r viktigt att du svarar p\u00e5 fr\u00e5gorna s\u00e5 \u00e4rligt och noggrant som m\u00f6jligt s\u00e5 att l\u00e4karen kan st\u00e4lla [&hellip;]<\/p>\n","protected":false},"author":1,"featured_media":10611,"parent":2421,"menu_order":6,"comment_status":"open","ping_status":"closed","template":"","meta":{"_acf_changed":false,"footnotes":""},"categories":[124],"tags":[],"class_list":["post-2412","page","type-page","status-publish","has-post-thumbnail","hentry","category-understanding-heart-failure-sv"],"acf":[],"yoast_head":"<!-- This site is optimized with the Yoast SEO plugin v24.8.1 - https:\/\/yoast.com\/wordpress\/plugins\/seo\/ -->\n<title>Vanliga hj\u00e4rtsviktsunders\u00f6kningar<\/title>\n<meta name=\"description\" content=\"Det h\u00e4r avsnittet f\u00f6rklarar de prov och tester som din l\u00e4kare kan vilja att du ska g\u00f6ra och vad de kan visa. Klicka p\u00e5 n\u00e5got av unders\u00f6kningar f\u00f6r mer information\" \/>\n<meta name=\"robots\" content=\"index, follow, max-snippet:-1, max-image-preview:large, max-video-preview:-1\" \/>\n<link rel=\"canonical\" href=\"https:\/\/www.heartfailurematters.org\/sv\/att-forsta-hjartsvikt\/vanliga-hjartsviktsundersokningar\/\" \/>\n<meta property=\"og:locale\" content=\"sv_SE\" \/>\n<meta property=\"og:type\" content=\"article\" \/>\n<meta property=\"og:title\" content=\"Vanliga hj\u00e4rtsviktsunders\u00f6kningar\" \/>\n<meta property=\"og:description\" content=\"Det h\u00e4r avsnittet f\u00f6rklarar de prov och tester som din l\u00e4kare kan vilja att du ska g\u00f6ra och vad de kan visa. Klicka p\u00e5 n\u00e5got av unders\u00f6kningar f\u00f6r mer information\" \/>\n<meta property=\"og:url\" content=\"https:\/\/www.heartfailurematters.org\/sv\/att-forsta-hjartsvikt\/vanliga-hjartsviktsundersokningar\/\" \/>\n<meta property=\"og:site_name\" content=\"Heart Failure Matters\" \/>\n<meta property=\"article:publisher\" content=\"https:\/\/www.facebook.com\/heartfailurematters\" \/>\n<meta property=\"article:modified_time\" content=\"2021-07-19T10:13:49+00:00\" \/>\n<meta property=\"og:image\" content=\"https:\/\/www.heartfailurematters.org\/wp-content\/uploads\/2022\/02\/shutterstock_1507886318-1-min.jpg?_t=1773221060\" \/>\n\t<meta property=\"og:image:width\" content=\"900\" \/>\n\t<meta property=\"og:image:height\" content=\"600\" \/>\n\t<meta property=\"og:image:type\" content=\"image\/jpeg\" \/>\n<meta name=\"twitter:card\" content=\"summary_large_image\" \/>\n<meta name=\"twitter:label1\" content=\"Ber\u00e4knad l\u00e4stid\" \/>\n\t<meta name=\"twitter:data1\" content=\"2 minuter\" \/>\n<script type=\"application\/ld+json\" class=\"yoast-schema-graph\">{\"@context\":\"https:\/\/schema.org\",\"@graph\":[{\"@type\":\"WebPage\",\"@id\":\"https:\/\/www.heartfailurematters.org\/sv\/att-forsta-hjartsvikt\/vanliga-hjartsviktsundersokningar\/\",\"url\":\"https:\/\/www.heartfailurematters.org\/sv\/att-forsta-hjartsvikt\/vanliga-hjartsviktsundersokningar\/\",\"name\":\"Vanliga hj\u00e4rtsviktsunders\u00f6kningar\",\"isPartOf\":{\"@id\":\"https:\/\/www.heartfailurematters.org\/sv\/#website\"},\"primaryImageOfPage\":{\"@id\":\"https:\/\/www.heartfailurematters.org\/sv\/att-forsta-hjartsvikt\/vanliga-hjartsviktsundersokningar\/#primaryimage\"},\"image\":{\"@id\":\"https:\/\/www.heartfailurematters.org\/sv\/att-forsta-hjartsvikt\/vanliga-hjartsviktsundersokningar\/#primaryimage\"},\"thumbnailUrl\":\"https:\/\/www.heartfailurematters.org\/wp-content\/uploads\/2022\/02\/shutterstock_1507886318-1-min.jpg\",\"datePublished\":\"2021-01-27T22:11:33+00:00\",\"dateModified\":\"2021-07-19T10:13:49+00:00\",\"description\":\"Det h\u00e4r avsnittet f\u00f6rklarar de prov och tester som din l\u00e4kare kan vilja att du ska g\u00f6ra och vad de kan visa. Klicka p\u00e5 n\u00e5got av unders\u00f6kningar f\u00f6r mer information\",\"breadcrumb\":{\"@id\":\"https:\/\/www.heartfailurematters.org\/sv\/att-forsta-hjartsvikt\/vanliga-hjartsviktsundersokningar\/#breadcrumb\"},\"inLanguage\":\"sv-SE\",\"potentialAction\":[{\"@type\":\"ReadAction\",\"target\":[\"https:\/\/www.heartfailurematters.org\/sv\/att-forsta-hjartsvikt\/vanliga-hjartsviktsundersokningar\/\"]}]},{\"@type\":\"ImageObject\",\"inLanguage\":\"sv-SE\",\"@id\":\"https:\/\/www.heartfailurematters.org\/sv\/att-forsta-hjartsvikt\/vanliga-hjartsviktsundersokningar\/#primaryimage\",\"url\":\"https:\/\/www.heartfailurematters.org\/wp-content\/uploads\/2022\/02\/shutterstock_1507886318-1-min.jpg\",\"contentUrl\":\"https:\/\/www.heartfailurematters.org\/wp-content\/uploads\/2022\/02\/shutterstock_1507886318-1-min.jpg\",\"width\":900,\"height\":600},{\"@type\":\"BreadcrumbList\",\"@id\":\"https:\/\/www.heartfailurematters.org\/sv\/att-forsta-hjartsvikt\/vanliga-hjartsviktsundersokningar\/#breadcrumb\",\"itemListElement\":[{\"@type\":\"ListItem\",\"position\":1,\"name\":\"Hem\",\"item\":\"https:\/\/www.heartfailurematters.org\/sv\/\"},{\"@type\":\"ListItem\",\"position\":2,\"name\":\"Att f\u00f6rst\u00e5 hj\u00e4rtsvikt\",\"item\":\"https:\/\/www.heartfailurematters.org\/sv\/att-forsta-hjartsvikt\/\"},{\"@type\":\"ListItem\",\"position\":3,\"name\":\"Vanliga hj\u00e4rtsviktsunders\u00f6kningar?\"}]},{\"@type\":\"WebSite\",\"@id\":\"https:\/\/www.heartfailurematters.org\/sv\/#website\",\"url\":\"https:\/\/www.heartfailurematters.org\/sv\/\",\"name\":\"Heart Failure Matters\",\"description\":\"Practical information for patients, families and caregivers.\",\"publisher\":{\"@id\":\"https:\/\/www.heartfailurematters.org\/sv\/#organization\"},\"potentialAction\":[{\"@type\":\"SearchAction\",\"target\":{\"@type\":\"EntryPoint\",\"urlTemplate\":\"https:\/\/www.heartfailurematters.org\/sv\/?s={search_term_string}\"},\"query-input\":{\"@type\":\"PropertyValueSpecification\",\"valueRequired\":true,\"valueName\":\"search_term_string\"}}],\"inLanguage\":\"sv-SE\"},{\"@type\":\"Organization\",\"@id\":\"https:\/\/www.heartfailurematters.org\/sv\/#organization\",\"name\":\"Heart Failure Matters\",\"url\":\"https:\/\/www.heartfailurematters.org\/sv\/\",\"logo\":{\"@type\":\"ImageObject\",\"inLanguage\":\"sv-SE\",\"@id\":\"https:\/\/www.heartfailurematters.org\/sv\/#\/schema\/logo\/image\/\",\"url\":\"https:\/\/cdn-endpoint-hfm.azureedge.net\/heartfailurematters\/2024\/07\/hfm-logo1.jpg\",\"contentUrl\":\"https:\/\/cdn-endpoint-hfm.azureedge.net\/heartfailurematters\/2024\/07\/hfm-logo1.jpg\",\"width\":1280,\"height\":720,\"caption\":\"Heart Failure Matters\"},\"image\":{\"@id\":\"https:\/\/www.heartfailurematters.org\/sv\/#\/schema\/logo\/image\/\"},\"sameAs\":[\"https:\/\/www.facebook.com\/heartfailurematters\"]}]}<\/script>\n<!-- \/ Yoast SEO plugin. -->","yoast_head_json":{"title":"Vanliga hj\u00e4rtsviktsunders\u00f6kningar","description":"Det h\u00e4r avsnittet f\u00f6rklarar de prov och tester som din l\u00e4kare kan vilja att du ska g\u00f6ra och vad de kan visa. Klicka p\u00e5 n\u00e5got av unders\u00f6kningar f\u00f6r mer information","robots":{"index":"index","follow":"follow","max-snippet":"max-snippet:-1","max-image-preview":"max-image-preview:large","max-video-preview":"max-video-preview:-1"},"canonical":"https:\/\/www.heartfailurematters.org\/sv\/att-forsta-hjartsvikt\/vanliga-hjartsviktsundersokningar\/","og_locale":"sv_SE","og_type":"article","og_title":"Vanliga hj\u00e4rtsviktsunders\u00f6kningar","og_description":"Det h\u00e4r avsnittet f\u00f6rklarar de prov och tester som din l\u00e4kare kan vilja att du ska g\u00f6ra och vad de kan visa. Klicka p\u00e5 n\u00e5got av unders\u00f6kningar f\u00f6r mer information","og_url":"https:\/\/www.heartfailurematters.org\/sv\/att-forsta-hjartsvikt\/vanliga-hjartsviktsundersokningar\/","og_site_name":"Heart Failure Matters","article_publisher":"https:\/\/www.facebook.com\/heartfailurematters","article_modified_time":"2021-07-19T10:13:49+00:00","og_image":[{"width":900,"height":600,"url":"https:\/\/www.heartfailurematters.org\/wp-content\/uploads\/2022\/02\/shutterstock_1507886318-1-min.jpg?_t=1773221060","type":"image\/jpeg"}],"twitter_card":"summary_large_image","twitter_misc":{"Ber\u00e4knad l\u00e4stid":"2 minuter"},"schema":{"@context":"https:\/\/schema.org","@graph":[{"@type":"WebPage","@id":"https:\/\/www.heartfailurematters.org\/sv\/att-forsta-hjartsvikt\/vanliga-hjartsviktsundersokningar\/","url":"https:\/\/www.heartfailurematters.org\/sv\/att-forsta-hjartsvikt\/vanliga-hjartsviktsundersokningar\/","name":"Vanliga hj\u00e4rtsviktsunders\u00f6kningar","isPartOf":{"@id":"https:\/\/www.heartfailurematters.org\/sv\/#website"},"primaryImageOfPage":{"@id":"https:\/\/www.heartfailurematters.org\/sv\/att-forsta-hjartsvikt\/vanliga-hjartsviktsundersokningar\/#primaryimage"},"image":{"@id":"https:\/\/www.heartfailurematters.org\/sv\/att-forsta-hjartsvikt\/vanliga-hjartsviktsundersokningar\/#primaryimage"},"thumbnailUrl":"https:\/\/www.heartfailurematters.org\/wp-content\/uploads\/2022\/02\/shutterstock_1507886318-1-min.jpg","datePublished":"2021-01-27T22:11:33+00:00","dateModified":"2021-07-19T10:13:49+00:00","description":"Det h\u00e4r avsnittet f\u00f6rklarar de prov och tester som din l\u00e4kare kan vilja att du ska g\u00f6ra och vad de kan visa. Klicka p\u00e5 n\u00e5got av unders\u00f6kningar f\u00f6r mer information","breadcrumb":{"@id":"https:\/\/www.heartfailurematters.org\/sv\/att-forsta-hjartsvikt\/vanliga-hjartsviktsundersokningar\/#breadcrumb"},"inLanguage":"sv-SE","potentialAction":[{"@type":"ReadAction","target":["https:\/\/www.heartfailurematters.org\/sv\/att-forsta-hjartsvikt\/vanliga-hjartsviktsundersokningar\/"]}]},{"@type":"ImageObject","inLanguage":"sv-SE","@id":"https:\/\/www.heartfailurematters.org\/sv\/att-forsta-hjartsvikt\/vanliga-hjartsviktsundersokningar\/#primaryimage","url":"https:\/\/www.heartfailurematters.org\/wp-content\/uploads\/2022\/02\/shutterstock_1507886318-1-min.jpg","contentUrl":"https:\/\/www.heartfailurematters.org\/wp-content\/uploads\/2022\/02\/shutterstock_1507886318-1-min.jpg","width":900,"height":600},{"@type":"BreadcrumbList","@id":"https:\/\/www.heartfailurematters.org\/sv\/att-forsta-hjartsvikt\/vanliga-hjartsviktsundersokningar\/#breadcrumb","itemListElement":[{"@type":"ListItem","position":1,"name":"Hem","item":"https:\/\/www.heartfailurematters.org\/sv\/"},{"@type":"ListItem","position":2,"name":"Att f\u00f6rst\u00e5 hj\u00e4rtsvikt","item":"https:\/\/www.heartfailurematters.org\/sv\/att-forsta-hjartsvikt\/"},{"@type":"ListItem","position":3,"name":"Vanliga hj\u00e4rtsviktsunders\u00f6kningar?"}]},{"@type":"WebSite","@id":"https:\/\/www.heartfailurematters.org\/sv\/#website","url":"https:\/\/www.heartfailurematters.org\/sv\/","name":"Heart Failure Matters","description":"Practical information for patients, families and caregivers.","publisher":{"@id":"https:\/\/www.heartfailurematters.org\/sv\/#organization"},"potentialAction":[{"@type":"SearchAction","target":{"@type":"EntryPoint","urlTemplate":"https:\/\/www.heartfailurematters.org\/sv\/?s={search_term_string}"},"query-input":{"@type":"PropertyValueSpecification","valueRequired":true,"valueName":"search_term_string"}}],"inLanguage":"sv-SE"},{"@type":"Organization","@id":"https:\/\/www.heartfailurematters.org\/sv\/#organization","name":"Heart Failure Matters","url":"https:\/\/www.heartfailurematters.org\/sv\/","logo":{"@type":"ImageObject","inLanguage":"sv-SE","@id":"https:\/\/www.heartfailurematters.org\/sv\/#\/schema\/logo\/image\/","url":"https:\/\/cdn-endpoint-hfm.azureedge.net\/heartfailurematters\/2024\/07\/hfm-logo1.jpg","contentUrl":"https:\/\/cdn-endpoint-hfm.azureedge.net\/heartfailurematters\/2024\/07\/hfm-logo1.jpg","width":1280,"height":720,"caption":"Heart Failure Matters"},"image":{"@id":"https:\/\/www.heartfailurematters.org\/sv\/#\/schema\/logo\/image\/"},"sameAs":["https:\/\/www.facebook.com\/heartfailurematters"]}]}},"_links":{"self":[{"href":"https:\/\/www.heartfailurematters.org\/sv\/wp-json\/wp\/v2\/pages\/2412","targetHints":{"allow":["GET"]}}],"collection":[{"href":"https:\/\/www.heartfailurematters.org\/sv\/wp-json\/wp\/v2\/pages"}],"about":[{"href":"https:\/\/www.heartfailurematters.org\/sv\/wp-json\/wp\/v2\/types\/page"}],"author":[{"embeddable":true,"href":"https:\/\/www.heartfailurematters.org\/sv\/wp-json\/wp\/v2\/users\/1"}],"replies":[{"embeddable":true,"href":"https:\/\/www.heartfailurematters.org\/sv\/wp-json\/wp\/v2\/comments?post=2412"}],"version-history":[{"count":2,"href":"https:\/\/www.heartfailurematters.org\/sv\/wp-json\/wp\/v2\/pages\/2412\/revisions"}],"predecessor-version":[{"id":9521,"href":"https:\/\/www.heartfailurematters.org\/sv\/wp-json\/wp\/v2\/pages\/2412\/revisions\/9521"}],"up":[{"embeddable":true,"href":"https:\/\/www.heartfailurematters.org\/sv\/wp-json\/wp\/v2\/pages\/2421"}],"wp:featuredmedia":[{"embeddable":true,"href":"https:\/\/www.heartfailurematters.org\/sv\/wp-json\/wp\/v2\/media\/10611"}],"wp:attachment":[{"href":"https:\/\/www.heartfailurematters.org\/sv\/wp-json\/wp\/v2\/media?parent=2412"}],"wp:term":[{"taxonomy":"category","embeddable":true,"href":"https:\/\/www.heartfailurematters.org\/sv\/wp-json\/wp\/v2\/categories?post=2412"},{"taxonomy":"post_tag","embeddable":true,"href":"https:\/\/www.heartfailurematters.org\/sv\/wp-json\/wp\/v2\/tags?post=2412"}],"curies":[{"name":"wp","href":"https:\/\/api.w.org\/{rel}","templated":true}]}}