{"id":2411,"date":"2021-01-27T22:11:33","date_gmt":"2021-01-27T22:11:33","guid":{"rendered":"http:\/\/heartfailurematters.local:8888\/ace-hammare\/"},"modified":"2026-02-10T13:33:22","modified_gmt":"2026-02-10T13:33:22","slug":"ace-hammare","status":"publish","type":"page","link":"https:\/\/www.heartfailurematters.org\/sv\/vad-din-lakare-eller-sjukskoterska-kan-gora\/ace-hammare\/","title":{"rendered":"ACE-h\u00e4mmare (angiotensinkonverterande enzym)"},"content":{"rendered":"<h2>Hur de fungerar<\/h2>\n<p><strong> ACE-h\u00e4mmare<\/strong> blockerar effekterna av angiotensin II, ett <strong>hormon<\/strong> som produceras i njurarna. P\u00e5 s\u00e5 s\u00e4tt f\u00e5r ACE-h\u00e4mmare blodk\u00e4rlen att slappna av och s\u00e4nker blodtrycket. D\u00e4rmed s\u00e4nks hj\u00e4rtats arbetsbelastning.<\/p>\n<h2>Vilka \u00e4r de f\u00f6rv\u00e4ntade f\u00f6rdelarna?<\/h2>\n<p>ACE-h\u00e4mmare minskar antalet hj\u00e4rtsviktsrelaterade sjukhusvistelser, f\u00f6rl\u00e4nger livet och f\u00f6rb\u00e4ttrar ork och livskvalitet.<\/p>\n<h2>Biverkningar<\/h2>\n<ul>\n<li>Eftersom ACE-h\u00e4mmare kan p\u00e5verka ditt blodtryck b\u00f6r du sj\u00e4lv \u00f6vervaka det regelbundet.<\/li>\n<li>Dina <strong>kaliumniv\u00e5er<\/strong> kan \u00f6ka och njurfunktionen kan p\u00e5verkas. Din l\u00e4kare kommer d\u00e4rf\u00f6r att kontrollera att ditt kalium ligger inom ett s\u00e4kert intervall med hj\u00e4lp av <a href=\"https:\/\/www.heartfailurematters.org\/understanding-heart-failure\/blood-tests\/\" target=\"_blank\" rel=\"noopener\">blodprover<\/a>.<\/li>\n<li>En del personer f\u00e5r torrhosta n\u00e4r de tar ACE-h\u00e4mmare. Om du f\u00e5r torrhosta kan din l\u00e4kare s\u00e4nka dosen eller byta till ett annat l\u00e4kemedel.<\/li>\n<li>Mindre vanligt \u00e4r att man upplever smakf\u00f6r\u00e4ndringar.<\/li>\n<li>En s\u00e4llsynt biverkning \u00e4r att personer som tar ACE-h\u00e4mmare f\u00e5r hudutslag.<\/li>\n<li>Svullna l\u00e4ppar eller svullen hals \u00e4r en mycket s\u00e4llsynt biverkning. Men det \u00e4r ett allvarligt symtom! S\u00f6k genast v\u00e5rd om detta intr\u00e4ffar!<\/li>\n<\/ul>\n<h2>Tips<\/h2>\n<p>Din l\u00e4kare kan r\u00e5da dig att ta den f\u00f6rsta dosen ACE-h\u00e4mmare innan du g\u00e5r till s\u00e4ngs f\u00f6r att f\u00f6rs\u00f6ka f\u00f6rebygga yrsel. Om du k\u00e4nner dig yr p\u00e5 morgonen, prova att r\u00f6ra f\u00f6tterna fram och tillbaka ett tiotal g\u00e5nger innan du st\u00e4ller dig upp. Du kan ocks\u00e5 dingla med benen \u00f6ver s\u00e4ngkanten innan du s\u00e4tter dig upp och sedan sitta p\u00e5 s\u00e4ngkanten i en minut innan du st\u00e4ller dig upp. Undvik att st\u00e4lla dig upp f\u00f6r snabbt, b\u00e5de fr\u00e5n ett sittande l\u00e4ge eller n\u00e4r du b\u00f6jer dig ner, eftersom det kan g\u00f6ra dig yr. Ta den tid du beh\u00f6ver och l\u00e5t kroppen anpassa sig!<\/p>\n<h2>ACE-h\u00e4mmare mot hj\u00e4rtsvikt<\/h2>\n<p>Internationella behandlingsriktlinjer rekommenderar f\u00f6rst och fr\u00e4mst vissa ACE-h\u00e4mmare.<\/p>\n<p>De anges nedan i bokstavsordning:<\/p>\n<ul>\n<li>Kaptopril<\/li>\n<li>Enalapril<\/li>\n<li>Lisinopril<\/li>\n<li>Ramipril<\/li>\n<li>Trandolapril<\/li>\n<\/ul>\n<p>&nbsp;<\/p>\n<table border=\"1\" width=\"100%\" cellspacing=\"0\" cellpadding=\"0\">\n<tbody>\n<tr>\n<td style=\"width: 25%;\">\n<h2>Animering<\/h2>\n<\/td>\n<td style=\"width: 75%; vertical-align: middle; text-align: left;\"\/>\n<\/tr>\n<tr>\n<td style=\"width: 25%;\"><a class=\"lightview\" href=\"https:\/\/www.youtube.com\/embed\/lx_ReyaK408?hl=en_UK&amp;autoplay=1;&amp;version=3&amp;rel=0&amp;showinfo=0\" data-lightview-caption=\"The animation above shows how ACE (Angiotensin converting enzyme) inhibitors can help you by causing your blood vessels to relax and thus lower your blood pressure. This means your heart doesn't have to work so hard to squeeze your blood around your body.\" data-lightview-title=\"How ACE inhibitors work in heart failure\" data-lightview-options=\"width: 535, height: 400\" data-lightview-type=\"iframe\" data-lightview-group=\"journey\"><img decoding=\"async\" class=\"alignleft size-full wp-image-5071\" src=\"https:\/\/cdn-endpoint-hfm.azureedge.net\/heartfailurematters\/2021\/02\/07-animation.jpg\" alt=\"\" width=\"180\" height=\"130\"\/><\/a><\/td>\n<td style=\"width: 75%; vertical-align: middle; text-align: left;\">Animation som f\u00f6rklarar hur ACE-h\u00e4mmare verkar vid hj\u00e4rtsvikt<\/td>\n<\/tr>\n<\/tbody>\n<\/table>\n<p><a href=\"https:\/\/www.heartfailurematters.org\/what-your-doctor-can-do\/heart-failure-medicines\/\" shape=\"rect\">\u00c5terg\u00e5 till Hj\u00e4rtsviktsl\u00e4kemedel<\/a><\/p>\n<p>&nbsp;<\/p>\n","protected":false},"excerpt":{"rendered":"<p>Hur de fungerar ACE-h\u00e4mmare blockerar effekterna av angiotensin II, ett hormon som produceras i njurarna. P\u00e5 s\u00e5 s\u00e4tt f\u00e5r ACE-h\u00e4mmare blodk\u00e4rlen att slappna av och s\u00e4nker blodtrycket. D\u00e4rmed s\u00e4nks hj\u00e4rtats arbetsbelastning. Vilka \u00e4r de f\u00f6rv\u00e4ntade f\u00f6rdelarna? ACE-h\u00e4mmare minskar antalet hj\u00e4rtsviktsrelaterade sjukhusvistelser, f\u00f6rl\u00e4nger livet och f\u00f6rb\u00e4ttrar ork och livskvalitet. Biverkningar Eftersom ACE-h\u00e4mmare kan p\u00e5verka ditt blodtryck [&hellip;]<\/p>\n","protected":false},"author":1,"featured_media":10874,"parent":2685,"menu_order":0,"comment_status":"open","ping_status":"open","template":"","meta":{"_acf_changed":false,"footnotes":""},"categories":[],"tags":[],"class_list":["post-2411","page","type-page","status-publish","has-post-thumbnail","hentry"],"acf":[],"yoast_head":"<!-- This site is optimized with the Yoast SEO plugin v24.8.1 - https:\/\/yoast.com\/wordpress\/plugins\/seo\/ -->\n<title>ACE-h\u00e4mmare<\/title>\n<meta name=\"description\" content=\"Genom att blockera effekten av angiotensin II f\u00e5r ACE-h\u00e4mmare dina blodk\u00e4rl att slappna av - s\u00e4nker ditt blodtryck - men det kan finnas vissa biverkningar\" \/>\n<meta name=\"robots\" content=\"index, follow, max-snippet:-1, max-image-preview:large, max-video-preview:-1\" \/>\n<link rel=\"canonical\" href=\"https:\/\/www.heartfailurematters.org\/sv\/vad-din-lakare-eller-sjukskoterska-kan-gora\/ace-hammare\/\" \/>\n<meta property=\"og:locale\" content=\"sv_SE\" \/>\n<meta property=\"og:type\" content=\"article\" \/>\n<meta property=\"og:title\" content=\"ACE-h\u00e4mmare\" \/>\n<meta property=\"og:description\" content=\"Genom att blockera effekten av angiotensin II f\u00e5r ACE-h\u00e4mmare dina blodk\u00e4rl att slappna av - s\u00e4nker ditt blodtryck - men det kan finnas vissa biverkningar\" \/>\n<meta property=\"og:url\" content=\"https:\/\/www.heartfailurematters.org\/sv\/vad-din-lakare-eller-sjukskoterska-kan-gora\/ace-hammare\/\" \/>\n<meta property=\"og:site_name\" content=\"Heart Failure Matters\" \/>\n<meta property=\"article:publisher\" content=\"https:\/\/www.facebook.com\/heartfailurematters\" \/>\n<meta property=\"article:modified_time\" content=\"2026-02-10T13:33:22+00:00\" \/>\n<meta property=\"og:image\" content=\"https:\/\/www.heartfailurematters.org\/wp-content\/uploads\/2022\/03\/shutterstock_441673426-1-min.jpg\" \/>\n\t<meta property=\"og:image:width\" content=\"900\" \/>\n\t<meta property=\"og:image:height\" content=\"596\" \/>\n\t<meta property=\"og:image:type\" content=\"image\/jpeg\" \/>\n<meta name=\"twitter:card\" content=\"summary_large_image\" \/>\n<meta name=\"twitter:label1\" content=\"Ber\u00e4knad l\u00e4stid\" \/>\n\t<meta name=\"twitter:data1\" content=\"2 minuter\" \/>\n<script type=\"application\/ld+json\" class=\"yoast-schema-graph\">{\"@context\":\"https:\/\/schema.org\",\"@graph\":[{\"@type\":\"WebPage\",\"@id\":\"https:\/\/www.heartfailurematters.org\/sv\/vad-din-lakare-eller-sjukskoterska-kan-gora\/ace-hammare\/\",\"url\":\"https:\/\/www.heartfailurematters.org\/sv\/vad-din-lakare-eller-sjukskoterska-kan-gora\/ace-hammare\/\",\"name\":\"ACE-h\u00e4mmare\",\"isPartOf\":{\"@id\":\"https:\/\/www.heartfailurematters.org\/sv\/#website\"},\"primaryImageOfPage\":{\"@id\":\"https:\/\/www.heartfailurematters.org\/sv\/vad-din-lakare-eller-sjukskoterska-kan-gora\/ace-hammare\/#primaryimage\"},\"image\":{\"@id\":\"https:\/\/www.heartfailurematters.org\/sv\/vad-din-lakare-eller-sjukskoterska-kan-gora\/ace-hammare\/#primaryimage\"},\"thumbnailUrl\":\"https:\/\/www.heartfailurematters.org\/wp-content\/uploads\/2022\/03\/shutterstock_441673426-1-min.jpg\",\"datePublished\":\"2021-01-27T22:11:33+00:00\",\"dateModified\":\"2026-02-10T13:33:22+00:00\",\"description\":\"Genom att blockera effekten av angiotensin II f\u00e5r ACE-h\u00e4mmare dina blodk\u00e4rl att slappna av - s\u00e4nker ditt blodtryck - men det kan finnas vissa biverkningar\",\"breadcrumb\":{\"@id\":\"https:\/\/www.heartfailurematters.org\/sv\/vad-din-lakare-eller-sjukskoterska-kan-gora\/ace-hammare\/#breadcrumb\"},\"inLanguage\":\"sv-SE\",\"potentialAction\":[{\"@type\":\"ReadAction\",\"target\":[\"https:\/\/www.heartfailurematters.org\/sv\/vad-din-lakare-eller-sjukskoterska-kan-gora\/ace-hammare\/\"]}]},{\"@type\":\"ImageObject\",\"inLanguage\":\"sv-SE\",\"@id\":\"https:\/\/www.heartfailurematters.org\/sv\/vad-din-lakare-eller-sjukskoterska-kan-gora\/ace-hammare\/#primaryimage\",\"url\":\"https:\/\/www.heartfailurematters.org\/wp-content\/uploads\/2022\/03\/shutterstock_441673426-1-min.jpg\",\"contentUrl\":\"https:\/\/www.heartfailurematters.org\/wp-content\/uploads\/2022\/03\/shutterstock_441673426-1-min.jpg\",\"width\":900,\"height\":596},{\"@type\":\"BreadcrumbList\",\"@id\":\"https:\/\/www.heartfailurematters.org\/sv\/vad-din-lakare-eller-sjukskoterska-kan-gora\/ace-hammare\/#breadcrumb\",\"itemListElement\":[{\"@type\":\"ListItem\",\"position\":1,\"name\":\"Hem\",\"item\":\"https:\/\/www.heartfailurematters.org\/sv\/\"},{\"@type\":\"ListItem\",\"position\":2,\"name\":\"Vad din l\u00e4kare kan g\u00f6ra\",\"item\":\"https:\/\/www.heartfailurematters.org\/sv\/vad-din-lakare-eller-sjukskoterska-kan-gora\/\"},{\"@type\":\"ListItem\",\"position\":3,\"name\":\"ACE-h\u00e4mmare (angiotensinkonverterande enzym)\"}]},{\"@type\":\"WebSite\",\"@id\":\"https:\/\/www.heartfailurematters.org\/sv\/#website\",\"url\":\"https:\/\/www.heartfailurematters.org\/sv\/\",\"name\":\"Heart Failure Matters\",\"description\":\"Practical information for patients, families and caregivers.\",\"publisher\":{\"@id\":\"https:\/\/www.heartfailurematters.org\/sv\/#organization\"},\"potentialAction\":[{\"@type\":\"SearchAction\",\"target\":{\"@type\":\"EntryPoint\",\"urlTemplate\":\"https:\/\/www.heartfailurematters.org\/sv\/?s={search_term_string}\"},\"query-input\":{\"@type\":\"PropertyValueSpecification\",\"valueRequired\":true,\"valueName\":\"search_term_string\"}}],\"inLanguage\":\"sv-SE\"},{\"@type\":\"Organization\",\"@id\":\"https:\/\/www.heartfailurematters.org\/sv\/#organization\",\"name\":\"Heart Failure Matters\",\"url\":\"https:\/\/www.heartfailurematters.org\/sv\/\",\"logo\":{\"@type\":\"ImageObject\",\"inLanguage\":\"sv-SE\",\"@id\":\"https:\/\/www.heartfailurematters.org\/sv\/#\/schema\/logo\/image\/\",\"url\":\"https:\/\/cdn-endpoint-hfm.azureedge.net\/heartfailurematters\/2024\/07\/hfm-logo1.jpg\",\"contentUrl\":\"https:\/\/cdn-endpoint-hfm.azureedge.net\/heartfailurematters\/2024\/07\/hfm-logo1.jpg\",\"width\":1280,\"height\":720,\"caption\":\"Heart Failure Matters\"},\"image\":{\"@id\":\"https:\/\/www.heartfailurematters.org\/sv\/#\/schema\/logo\/image\/\"},\"sameAs\":[\"https:\/\/www.facebook.com\/heartfailurematters\"]}]}<\/script>\n<!-- \/ Yoast SEO plugin. -->","yoast_head_json":{"title":"ACE-h\u00e4mmare","description":"Genom att blockera effekten av angiotensin II f\u00e5r ACE-h\u00e4mmare dina blodk\u00e4rl att slappna av - s\u00e4nker ditt blodtryck - men det kan finnas vissa biverkningar","robots":{"index":"index","follow":"follow","max-snippet":"max-snippet:-1","max-image-preview":"max-image-preview:large","max-video-preview":"max-video-preview:-1"},"canonical":"https:\/\/www.heartfailurematters.org\/sv\/vad-din-lakare-eller-sjukskoterska-kan-gora\/ace-hammare\/","og_locale":"sv_SE","og_type":"article","og_title":"ACE-h\u00e4mmare","og_description":"Genom att blockera effekten av angiotensin II f\u00e5r ACE-h\u00e4mmare dina blodk\u00e4rl att slappna av - s\u00e4nker ditt blodtryck - men det kan finnas vissa biverkningar","og_url":"https:\/\/www.heartfailurematters.org\/sv\/vad-din-lakare-eller-sjukskoterska-kan-gora\/ace-hammare\/","og_site_name":"Heart Failure Matters","article_publisher":"https:\/\/www.facebook.com\/heartfailurematters","article_modified_time":"2026-02-10T13:33:22+00:00","og_image":[{"width":900,"height":596,"url":"https:\/\/www.heartfailurematters.org\/wp-content\/uploads\/2022\/03\/shutterstock_441673426-1-min.jpg","type":"image\/jpeg"}],"twitter_card":"summary_large_image","twitter_misc":{"Ber\u00e4knad l\u00e4stid":"2 minuter"},"schema":{"@context":"https:\/\/schema.org","@graph":[{"@type":"WebPage","@id":"https:\/\/www.heartfailurematters.org\/sv\/vad-din-lakare-eller-sjukskoterska-kan-gora\/ace-hammare\/","url":"https:\/\/www.heartfailurematters.org\/sv\/vad-din-lakare-eller-sjukskoterska-kan-gora\/ace-hammare\/","name":"ACE-h\u00e4mmare","isPartOf":{"@id":"https:\/\/www.heartfailurematters.org\/sv\/#website"},"primaryImageOfPage":{"@id":"https:\/\/www.heartfailurematters.org\/sv\/vad-din-lakare-eller-sjukskoterska-kan-gora\/ace-hammare\/#primaryimage"},"image":{"@id":"https:\/\/www.heartfailurematters.org\/sv\/vad-din-lakare-eller-sjukskoterska-kan-gora\/ace-hammare\/#primaryimage"},"thumbnailUrl":"https:\/\/www.heartfailurematters.org\/wp-content\/uploads\/2022\/03\/shutterstock_441673426-1-min.jpg","datePublished":"2021-01-27T22:11:33+00:00","dateModified":"2026-02-10T13:33:22+00:00","description":"Genom att blockera effekten av angiotensin II f\u00e5r ACE-h\u00e4mmare dina blodk\u00e4rl att slappna av - s\u00e4nker ditt blodtryck - men det kan finnas vissa biverkningar","breadcrumb":{"@id":"https:\/\/www.heartfailurematters.org\/sv\/vad-din-lakare-eller-sjukskoterska-kan-gora\/ace-hammare\/#breadcrumb"},"inLanguage":"sv-SE","potentialAction":[{"@type":"ReadAction","target":["https:\/\/www.heartfailurematters.org\/sv\/vad-din-lakare-eller-sjukskoterska-kan-gora\/ace-hammare\/"]}]},{"@type":"ImageObject","inLanguage":"sv-SE","@id":"https:\/\/www.heartfailurematters.org\/sv\/vad-din-lakare-eller-sjukskoterska-kan-gora\/ace-hammare\/#primaryimage","url":"https:\/\/www.heartfailurematters.org\/wp-content\/uploads\/2022\/03\/shutterstock_441673426-1-min.jpg","contentUrl":"https:\/\/www.heartfailurematters.org\/wp-content\/uploads\/2022\/03\/shutterstock_441673426-1-min.jpg","width":900,"height":596},{"@type":"BreadcrumbList","@id":"https:\/\/www.heartfailurematters.org\/sv\/vad-din-lakare-eller-sjukskoterska-kan-gora\/ace-hammare\/#breadcrumb","itemListElement":[{"@type":"ListItem","position":1,"name":"Hem","item":"https:\/\/www.heartfailurematters.org\/sv\/"},{"@type":"ListItem","position":2,"name":"Vad din l\u00e4kare kan g\u00f6ra","item":"https:\/\/www.heartfailurematters.org\/sv\/vad-din-lakare-eller-sjukskoterska-kan-gora\/"},{"@type":"ListItem","position":3,"name":"ACE-h\u00e4mmare (angiotensinkonverterande enzym)"}]},{"@type":"WebSite","@id":"https:\/\/www.heartfailurematters.org\/sv\/#website","url":"https:\/\/www.heartfailurematters.org\/sv\/","name":"Heart Failure Matters","description":"Practical information for patients, families and caregivers.","publisher":{"@id":"https:\/\/www.heartfailurematters.org\/sv\/#organization"},"potentialAction":[{"@type":"SearchAction","target":{"@type":"EntryPoint","urlTemplate":"https:\/\/www.heartfailurematters.org\/sv\/?s={search_term_string}"},"query-input":{"@type":"PropertyValueSpecification","valueRequired":true,"valueName":"search_term_string"}}],"inLanguage":"sv-SE"},{"@type":"Organization","@id":"https:\/\/www.heartfailurematters.org\/sv\/#organization","name":"Heart Failure Matters","url":"https:\/\/www.heartfailurematters.org\/sv\/","logo":{"@type":"ImageObject","inLanguage":"sv-SE","@id":"https:\/\/www.heartfailurematters.org\/sv\/#\/schema\/logo\/image\/","url":"https:\/\/cdn-endpoint-hfm.azureedge.net\/heartfailurematters\/2024\/07\/hfm-logo1.jpg","contentUrl":"https:\/\/cdn-endpoint-hfm.azureedge.net\/heartfailurematters\/2024\/07\/hfm-logo1.jpg","width":1280,"height":720,"caption":"Heart Failure Matters"},"image":{"@id":"https:\/\/www.heartfailurematters.org\/sv\/#\/schema\/logo\/image\/"},"sameAs":["https:\/\/www.facebook.com\/heartfailurematters"]}]}},"_links":{"self":[{"href":"https:\/\/www.heartfailurematters.org\/sv\/wp-json\/wp\/v2\/pages\/2411","targetHints":{"allow":["GET"]}}],"collection":[{"href":"https:\/\/www.heartfailurematters.org\/sv\/wp-json\/wp\/v2\/pages"}],"about":[{"href":"https:\/\/www.heartfailurematters.org\/sv\/wp-json\/wp\/v2\/types\/page"}],"author":[{"embeddable":true,"href":"https:\/\/www.heartfailurematters.org\/sv\/wp-json\/wp\/v2\/users\/1"}],"replies":[{"embeddable":true,"href":"https:\/\/www.heartfailurematters.org\/sv\/wp-json\/wp\/v2\/comments?post=2411"}],"version-history":[{"count":3,"href":"https:\/\/www.heartfailurematters.org\/sv\/wp-json\/wp\/v2\/pages\/2411\/revisions"}],"predecessor-version":[{"id":13978,"href":"https:\/\/www.heartfailurematters.org\/sv\/wp-json\/wp\/v2\/pages\/2411\/revisions\/13978"}],"up":[{"embeddable":true,"href":"https:\/\/www.heartfailurematters.org\/sv\/wp-json\/wp\/v2\/pages\/2685"}],"wp:featuredmedia":[{"embeddable":true,"href":"https:\/\/www.heartfailurematters.org\/sv\/wp-json\/wp\/v2\/media\/10874"}],"wp:attachment":[{"href":"https:\/\/www.heartfailurematters.org\/sv\/wp-json\/wp\/v2\/media?parent=2411"}],"wp:term":[{"taxonomy":"category","embeddable":true,"href":"https:\/\/www.heartfailurematters.org\/sv\/wp-json\/wp\/v2\/categories?post=2411"},{"taxonomy":"post_tag","embeddable":true,"href":"https:\/\/www.heartfailurematters.org\/sv\/wp-json\/wp\/v2\/tags?post=2411"}],"curies":[{"name":"wp","href":"https:\/\/api.w.org\/{rel}","templated":true}]}}